{"id":14370,"date":"2023-02-07T18:18:28","date_gmt":"2023-02-07T10:18:28","guid":{"rendered":"https:\/\/www.agriculture-machine.com\/?page_id=14370"},"modified":"2023-02-08T11:48:07","modified_gmt":"2023-02-08T03:48:07","slug":"about-us","status":"publish","type":"page","link":"https:\/\/www.agriculture-machine.com\/vi\/about-us\/","title":{"rendered":"V\u1ec1 ch\u00fang t\u00f4i"},"content":{"rendered":"<div class=\"wp-block-media-text alignwide is-stacked-on-mobile\" style=\"grid-template-columns:42% auto\"><figure class=\"wp-block-media-text__media\"><img loading=\"lazy\" decoding=\"async\" width=\"720\" height=\"540\" src=\"https:\/\/www.agriculture-machine.com\/wp-content\/uploads\/2023\/02\/Taizy-factory-.webp\" alt=\"\" class=\"wp-image-14374 size-full\"\/><\/figure><div class=\"wp-block-media-text__content\"> <div class=\"wp-block-columns is-layout-flex wp-container-core-columns-is-layout-9d6595d7 wp-block-columns-is-layout-flex\"> <div class=\"wp-block-column is-layout-flow wp-block-column-is-layout-flow\" style=\"flex-basis:100%\"> <p class=\"translation-block\"><strong>Taizy<\/strong> l\u00e0 m\u1ed9t nh\u00e0 s\u1ea3n xu\u1ea5t m\u00e1y m\u00f3c t\u1eadp trung v\u00e0o m\u00e1y m\u00f3c n\u00f4ng nghi\u1ec7p. \u0110\u1ec3 c\u00f3 th\u1ec3 li\u00ean t\u1ee5c \u0111\u1ed5i m\u1edbi v\u00e0 ph\u00e1t tri\u1ec3n, ch\u00fang t\u00f4i ch\u00fa \u00fd \u0111\u1ebfn \u0111\u1ed5i m\u1edbi c\u00f4ng ngh\u1ec7 v\u00e0 s\u00e1ng t\u1ea1o. \u0110i\u1ec1u n\u00e0y \u0111\u00e3 t\u1ea1o ra c\u00e1c s\u1ea3n ph\u1ea9m \u0111\u00e1p \u1ee9ng nhu c\u1ea7u c\u1ee7a kh\u00e1ch h\u00e0ng ng\u00e0y c\u00e0ng m\u1edbi v\u00e0 l\u00e0m cho cu\u1ed9c s\u1ed1ng h\u00e0ng ng\u00e0y c\u1ee7a h\u1ecd ti\u1ec7n l\u1ee3i h\u01a1n. Ch\u00fang t\u00f4i c\u00f3 m\u1ed9t nh\u00e0 m\u00e1y r\u1ed9ng h\u01a1n 30.000 m\u00e9t vu\u00f4ng. Trong nh\u00e0 m\u00e1y, ch\u00fang t\u00f4i c\u00f3 c\u00e1c ph\u00f2ng R&amp;D, gi\u00e1m s\u00e1t, s\u1ea3n xu\u1ea5t v\u00e0 \u0111\u00f3ng g\u00f3i chuy\u00ean d\u1ee5ng. Nguy\u00ean li\u1ec7u d\u00f9ng trong s\u1ea3n xu\u1ea5t s\u1ea3n ph\u1ea9m c\u1ee7a ch\u00fang t\u00f4i l\u00e0 ch\u1ea5t l\u01b0\u1ee3ng cao v\u00e0 ti\u00eau chu\u1ea9n. M\u1ecdi b\u01b0\u1edbc c\u1ee7a qu\u00e1 tr\u00ecnh \u0111\u01b0\u1ee3c theo d\u00f5i v\u00e0 ki\u1ec3m tra nghi\u00eam ng\u1eb7t. Do \u0111\u00f3, thi\u1ebft b\u1ecb \u0111\u01b0\u1ee3c s\u1ea3n xu\u1ea5t c\u00f3 ch\u1ea5t l\u01b0\u1ee3ng t\u1ed1t, b\u1ec1n, v\u00e0 l\u00e2u d\u00e0i.<\/p> <\/div> <\/div> <\/div><\/div>    <h2 class=\"wp-block-heading\">Xu\u1ea5t kh\u1ea9u c\u1ee7a Taizy<\/h2>    <div class=\"wp-block-media-text alignwide has-media-on-the-right is-stacked-on-mobile\"><div class=\"wp-block-media-text__content\"> <p class=\"translation-block\">V\u1edbi s\u1ef1 ph\u00e1t tri\u1ec3n li\u00ean t\u1ee5c, ch\u00fang t\u00f4i \u0111\u00e3 kh\u1edfi x\u01b0\u1edbng m\u1ed9t doanh nghi\u1ec7p th\u01b0\u01a1ng m\u1ea1i n\u01b0\u1edbc ngo\u00e0i. Hi\u1ec7n t\u1ea1i ch\u00fang t\u00f4i c\u00f3 h\u01a1n 15 n\u0103m kinh nghi\u1ec7m xu\u1ea5t kh\u1ea9u. Ch\u00fang t\u00f4i c\u00f3 th\u1ec3 g\u1ee3i \u00fd m\u00e1y ph\u00f9 h\u1ee3p, cung c\u1ea5p nhi\u1ec1u ph\u01b0\u01a1ng th\u1ee9c thanh to\u00e1n, c\u00f3 h\u1ec7 th\u1ed1ng logistics ho\u00e0n ch\u1ec9nh v\u00e0 d\u1ecbch v\u1ee5 sau b\u00e1n h\u00e0ng ch\u00edn ch\u1eafn. M\u00e1y m\u00f3c n\u00f4ng nghi\u1ec7p c\u1ee7a ch\u00fang t\u00f4i hi\u1ec7n \u0111\u00e3 \u0111\u01b0\u1ee3c xu\u1ea5t kh\u1ea9u \u0111\u1ebfn nhi\u1ec1u n\u01b0\u1edbc nh\u01b0 <strong>Ch\u00e2u Phi, \u0110\u00f4ng Nam \u00c1, v\u00e0 Nam M\u1ef9,<\/strong> nh\u01b0 Nigeria, Ghana, Peru, Indonesia, Zambia, Canada, Senegal, Guatemala, Peru, Zimbabwe, Morocco, Botswana, Zimbabwe, Uganda, Algeria, v\u00e0 Hoa K\u1ef3, Botswana, Zimbabwe, Uganda, Algeria, Cameroon, v.v.<\/p> <\/div><figure class=\"wp-block-media-text__media\"><img loading=\"lazy\" decoding=\"async\" width=\"720\" height=\"540\" src=\"https:\/\/www.agriculture-machine.com\/wp-content\/uploads\/2023\/02\/Taizy-customers-1.webp\" alt=\"\" class=\"wp-image-14386 size-full\"\/><\/figure><\/div>    <h2 class=\"wp-block-heading\">S\u1ea3n ph\u1ea9m c\u1ee7a Taizy<\/h2>    <p class=\"translation-block\">Ph\u1ea1m vi s\u1ea3n ph\u1ea9m c\u1ee7a Taizy bao g\u1ed3m <strong>m\u00e1y nghi\u1ec1n h\u1ea1t<\/strong>, <strong>m\u00e1y xay thresher<\/strong>, <strong>m\u1ea7m gi\u1ed1ng<\/strong>, <strong>m\u00e1y g\u1eb7t<\/strong>, <strong>m\u00e1y \u00e9p baler<\/strong>, <strong>m\u00e1y gieo seeds<\/strong>, <strong>m\u00e1y xay l\u00faa<\/strong>, <strong>m\u00e1y g\u1ecdt x grain<\/strong>, <strong>m\u00e1y s\u1ea5y<\/strong>, v.v. Trong nh\u1eefng n\u0103m g\u1ea7n \u0111\u00e2y, c\u00e1c s\u1ea3n ph\u1ea9m c\u1ee7a ch\u00fang t\u00f4i \u0111\u00e3 tr\u1edf n\u00ean r\u1ea5t ph\u1ed5 bi\u1ebfn. Trong nh\u1eefng n\u0103m g\u1ea7n \u0111\u00e2y, nh\u1eefng s\u1ea3n ph\u1ea9m n\u00e0y \u0111\u00e3 r\u1ea5t ph\u1ed5 bi\u1ebfn v\u1edbi kh\u00e1ch h\u00e0ng c\u1ee7a ch\u00fang t\u00f4i \u1edf ch\u00e2u Phi v\u00e0 \u0110\u00f4ng Nam \u00c1, \u0111\u1eb7c bi\u1ec7t l\u00e0<br><strong>Nigeria, Kenya, Nam Phi, Ghana, Congo, Ethiopia, Namibia, Morocco, Botswana, Zimbabwe, Uganda, Algeria v\u00e0 Cameroon.<\/strong><\/p>    <figure class=\"wp-block-image size-full\"><img loading=\"lazy\" decoding=\"async\" width=\"720\" height=\"540\" src=\"https:\/\/www.agriculture-machine.com\/wp-content\/uploads\/2023\/02\/Taizys-products-.webp\" alt=\"S\u1ea3n ph\u1ea9m c\u1ee7a Taizy\" class=\"wp-image-14376\" title=\"S\u1ea3n ph\u1ea9m c\u1ee7a Taizy\"\/><figcaption class=\"wp-element-caption\">S\u1ea3n ph\u1ea9m c\u1ee7a Taizy<\/figcaption><\/figure>    <h2 class=\"wp-block-heading\">D\u1ecbch v\u1ee5 c\u1ee7a Taizy<\/h2>    <p>K\u1ec3 t\u1eeb khi xu\u1ea5t kh\u1ea9u c\u1ee7a ch\u00fang t\u00f4i b\u1eaft \u0111\u1ea7u, ch\u00fang t\u00f4i \u0111\u00e3 nh\u1eadn \u0111\u01b0\u1ee3c l\u1eddi khen t\u1eeb kh\u00e1ch h\u00e0ng v\u1ec1 d\u1ecbch v\u1ee5 c\u1ee7a ch\u00fang t\u00f4i. H\u1ecd n\u00f3i h\u1ecd c\u1ea3m th\u1ea5y tho\u1ea3i m\u00e1i khi mua h\u00e0ng t\u1eeb ch\u00fang t\u00f4i. Nh\u1eefng y\u1ebfu t\u1ed1 ch\u00ednh c\u1ee7a d\u1ecbch v\u1ee5 c\u1ee7a ch\u00fang t\u00f4i \u0111\u01b0\u1ee3c li\u1ec7t k\u00ea d\u01b0\u1edbi \u0111\u00e2y.<\/p>    <ol class=\"wp-block-list\"> <li><strong>Tr\u01b0\u1edbc b\u00e1n h\u00e0ng.<\/strong> Ch\u00fang t\u00f4i s\u1ebd cung c\u1ea5p cho kh\u00e1ch h\u00e0ng \u1ea3nh ch\u1ee5p, th\u00f4ng s\u1ed1 v\u00e0 video v\u1ec1 s\u1ea3n ph\u1ea9m c\u1ee7a ch\u00fang t\u00f4i. Gi\u00fap kh\u00e1ch h\u00e0ng hi\u1ec3u r\u00f5 m\u00e1y m\u00f3c c\u1ee7a ch\u00fang t\u00f4i. C\u00f9ng l\u00fac \u0111\u00f3, ch\u00fang t\u00f4i s\u1ebd tr\u1ea3 l\u1eddi m\u1ecdi th\u1eafc m\u1eafc c\u1ee7a kh\u00e1ch h\u00e0ng m\u1ed9t c\u00e1ch k\u1ecbp th\u1eddi.<\/li>    <li><strong>Trung gian gi\u1eefa b\u00e1n h\u00e0ng.<\/strong> Ch\u00fang t\u00f4i s\u1ebd gi\u1edbi thi\u1ec7u gi\u1ea3i ph\u00e1p m\u00e1y ph\u00f9 h\u1ee3p d\u1ef1a tr\u00ean t\u00ecnh h\u00ecnh c\u1ee5 th\u1ec3 c\u1ee7a kh\u00e1ch h\u00e0ng. Ch\u00fang t\u00f4i gi\u1ea3i \u0111\u00e1p m\u1ecdi th\u1eafc m\u1eafc v\u1ec1 m\u00e1y, v\u00ed d\u1ee5 nh\u01b0 \u0111i\u1ec7n \u00e1p, th\u1eddi gian c\u1ea7n thi\u1ebft \u0111\u1ec3 l\u00e0m m\u00e1y, ph\u01b0\u01a1ng ph\u00e1p s\u1eed d\u1ee5ng, l\u1eafp \u0111\u1eb7t v\u00e0 v\u1eadn h\u00e0nh, v.v. <strong>V\u1ec1 c\u00e1c ph\u01b0\u01a1ng th\u1ee9c thanh to\u00e1n,<\/strong> ch\u00fang t\u00f4i h\u1ed7 tr\u1ee3 Pay Pal, T\/T, Western Union, Money Gram, L\/C, Pay Pal, ti\u1ec1n m\u1eb7t, v.v. Ch\u00fang t\u00f4i c\u0169ng c\u00f3 th\u1ec3 cung c\u1ea5p li\u00ean k\u1ebft thanh to\u00e1n tr\u1ef1c ti\u1ebfp \u0111\u1ebfn Alibaba, n\u01a1i kh\u00e1ch h\u00e0ng c\u00f3 th\u1ec3 thanh to\u00e1n tr\u1ef1c ti\u1ebfp. \u0110\u00e2y l\u00e0 m\u1ed9t c\u00e1ch thanh to\u00e1n an to\u00e0n v\u00e0 nhanh ch\u00f3ng.<\/li> <\/ol>    <ol class=\"wp-block-list\" start=\"3\"> <li><strong>D\u1ecbch v\u1ee5 sau b\u00e1n h\u00e0ng.<\/strong> Ch\u00fang t\u00f4i s\u1ebd cung c\u1ea5p c\u00e1c ph\u01b0\u01a1ng th\u1ee9c v\u1eadn chuy\u1ec3n ph\u00f9 h\u1ee3p v\u1edbi nhu c\u1ea7u c\u1ee7a kh\u00e1ch h\u00e0ng. Kh\u00e1ch h\u00e0ng c\u0169ng c\u00f3 th\u1ec3 ki\u1ec3m tra tr\u1ea1ng th\u00e1i v\u1eadn chuy\u1ec3n c\u1ee7a m\u00e1y m\u00f3c theo th\u1eddi gian th\u1ef1c.<br>Ch\u00fang t\u00f4i c\u0169ng cung c\u1ea5p m\u1ed9t <strong>d\u1ecbch v\u1ee5 sau b\u00e1n h\u00e0ng m\u1ed9t n\u0103m:<\/strong> Sau khi \u0111\u1eb7t h\u00e0ng, ch\u00fang t\u00f4i s\u1ebd cung c\u1ea5p d\u1ecbch v\u1ee5 h\u01b0\u1edbng d\u1eabn tr\u1ef1c tuy\u1ebfn tr\u1ecdn \u0111\u1eddi. C\u00e1c s\u1ef1 c\u1ed1 kh\u00e1c ph\u00e1t sinh do l\u1ed7i v\u1eadn h\u00e0nh, l\u1ed7i con ng\u01b0\u1eddi, v.v s\u1ebd do kh\u00e1ch h\u00e0ng ch\u1ecbu tr\u00e1ch nhi\u1ec7m. C\u00e1c s\u1ef1 c\u1ed1 kh\u00e1c do l\u1ed7i v\u1eadn h\u00e0nh, l\u1ed7i con ng\u01b0\u1eddi, v.v s\u1ebd do kh\u00e1ch h\u00e0ng ch\u1ecbu tr\u00e1ch nhi\u1ec7m.<\/li> <\/ol>    <figure class=\"wp-block-image size-full\"><img loading=\"lazy\" decoding=\"async\" width=\"720\" height=\"540\" src=\"https:\/\/www.agriculture-machine.com\/wp-content\/uploads\/2023\/02\/Taizys-service-.webp\" alt=\"D\u1ecbch v\u1ee5 c\u1ee7a Taizy\" class=\"wp-image-14377\" title=\"D\u1ecbch v\u1ee5 c\u1ee7a Taizy\"\/><figcaption class=\"wp-element-caption\">D\u1ecbch v\u1ee5 c\u1ee7a Taizy<\/figcaption><\/figure>    <h2 class=\"wp-block-heading\">Ch\u1ee9ng ch\u1ec9 v\u00e0 danh hi\u1ec7u c\u1ee7a Taizy<\/h2>    <p>Nh\u1edd ch\u1ea5t l\u01b0\u1ee3ng t\u1ed1t c\u1ee7a m\u00e1y v\u00e0 s\u1ef1 \u1ee7ng h\u1ed9 c\u1ee7a nhi\u1ec1u kh\u00e1ch h\u00e0ng, ch\u00fang t\u00f4i nh\u1eadn \u0111\u01b0\u1ee3c nhi\u1ec1u gi\u1ea3i th\u01b0\u1edfng v\u00e0 ch\u1ee9ng ch\u1ec9. Trong t\u01b0\u01a1ng lai, ch\u00fang t\u00f4i s\u1ebd ti\u1ebfp t\u1ee5c \u0111\u1ed5i m\u1edbi v\u00e0 ph\u00e1t tri\u1ec3n c\u00f9ng kh\u00e1ch h\u00e0ng, v\u00e0 cam k\u1ebft s\u1ea3n xu\u1ea5t nh\u1eefng s\u1ea3n ph\u1ea9m th\u1eadm ch\u00ed c\u00f2n t\u1ed1t h\u01a1n. Ch\u00fang t\u00f4i hoan ngh\u00eanh kh\u00e1ch h\u00e0ng h\u1ecfi v\u1ec1 s\u1ea3n ph\u1ea9m c\u1ee7a ch\u00fang t\u00f4i b\u1ea5t c\u1ee9 l\u00fac n\u00e0o v\u00e0 \u1edf b\u1ea5t k\u1ef3 \u0111\u00e2u!<\/p>    <figure class=\"wp-block-image size-full\"><img loading=\"lazy\" decoding=\"async\" width=\"720\" height=\"540\" src=\"https:\/\/www.agriculture-machine.com\/wp-content\/uploads\/2023\/02\/Taizys-certificates-and-honors-.webp\" alt=\"Ch\u1ee9ng ch\u1ec9 v\u00e0 danh hi\u1ec7u c\u1ee7a Taizy\" class=\"wp-image-14378\" title=\"Ch\u1ee9ng ch\u1ec9 v\u00e0 danh hi\u1ec7u c\u1ee7a Taizy\"\/><figcaption class=\"wp-element-caption\">Ch\u1ee9ng ch\u1ec9 v\u00e0 danh hi\u1ec7u c\u1ee7a Taizy<\/figcaption><\/figure>","protected":false},"excerpt":{"rendered":"<p>Taizy&#8217;s export business With continuous development, we have launched a foreign trade business. By now we have over 15 years of export experience. We can recommend the right machine, offer a variety of payment methods, have a perfect logistics system, and mature after-sales service. Our agricultural machinery has now been exported to many countries such [&hellip;]<\/p>\n","protected":false},"author":1,"featured_media":0,"parent":0,"menu_order":0,"comment_status":"closed","ping_status":"closed","template":"","meta":{"footnotes":""},"class_list":["post-14370","page","type-page","status-publish","hentry"],"_links":{"self":[{"href":"https:\/\/www.agriculture-machine.com\/vi\/wp-json\/wp\/v2\/pages\/14370","targetHints":{"allow":["GET"]}}],"collection":[{"href":"https:\/\/www.agriculture-machine.com\/vi\/wp-json\/wp\/v2\/pages"}],"about":[{"href":"https:\/\/www.agriculture-machine.com\/vi\/wp-json\/wp\/v2\/types\/page"}],"author":[{"embeddable":true,"href":"https:\/\/www.agriculture-machine.com\/vi\/wp-json\/wp\/v2\/users\/1"}],"replies":[{"embeddable":true,"href":"https:\/\/www.agriculture-machine.com\/vi\/wp-json\/wp\/v2\/comments?post=14370"}],"version-history":[{"count":0,"href":"https:\/\/www.agriculture-machine.com\/vi\/wp-json\/wp\/v2\/pages\/14370\/revisions"}],"wp:attachment":[{"href":"https:\/\/www.agriculture-machine.com\/vi\/wp-json\/wp\/v2\/media?parent=14370"}],"curies":[{"name":"wp","href":"https:\/\/api.w.org\/{rel}","templated":true}]}}