{"id":14679,"date":"2023-05-29T16:57:09","date_gmt":"2023-05-29T08:57:09","guid":{"rendered":"https:\/\/www.agriculture-machine.com\/?page_id=14679"},"modified":"2023-05-29T17:52:28","modified_gmt":"2023-05-29T09:52:28","slug":"corporate-culture","status":"publish","type":"page","link":"https:\/\/www.agriculture-machine.com\/vi\/corporate-culture\/","title":{"rendered":"V\u0103n h\u00f3a doanh nghi\u1ec7p"},"content":{"rendered":"<p class=\"translation-block\"><strong>V\u0103n h\u00f3a doanh nghi\u1ec7p c\u1ee7a Taizy: \u0110\u1ec3 M\u00e1y m\u00f3c Trung Qu\u1ed1c thay \u0111\u1ed5i m\u1ecdi ng\u00f3c ng\u00e1ch c\u1ee7a th\u1ebf gi\u1edbi!<\/strong><\/p>    <p>V\u0103n h\u00f3a doanh nghi\u1ec7p c\u1ee7a ch\u00fang t\u00f4i d\u1ef1a tr\u00ean c\u00e1c y\u1ebfu t\u1ed1 c\u1ed1t l\u00f5i sau \u0111\u00e2y, nh\u1eb1m h\u01b0\u1edbng d\u1eabn n\u1ed7 l\u1ef1c t\u1eadp th\u1ec3 c\u1ee7a nh\u00e2n vi\u00ean trong vi\u1ec7c \u0111\u1ea1t \u0111\u01b0\u1ee3c s\u1ee9 m\u1ec7nh v\u00e0 t\u1ea7m nh\u00ecn c\u1ee7a ch\u00fang t\u00f4i.<\/p>    <p class=\"translation-block\"><strong>S\u1ee9 m\u1ec7nh doanh nghi\u1ec7p:<\/strong> Trao quy\u1ec1n cho M\u00e1y m\u00f3c Trung Qu\u1ed1c \u0111\u1ec3 bi\u1ebfn m\u1ecdi ng\u00f3c ng\u00e1ch c\u1ee7a th\u1ebf gi\u1edbi<\/p>    <p>L\u00e0 m\u1ed9t c\u00f4ng ty s\u1ea3n xu\u1ea5t m\u00e1y m\u00f3c, s\u1ee9 m\u1ec7nh c\u1ee7a ch\u00fang t\u00f4i l\u00e0 l\u00e0m cho c\u00e1c m\u00e1y m\u00f3c Trung Qu\u1ed1c \u0111\u00f3ng vai tr\u00f2, mang l\u1ea1i s\u1ef1 thay \u0111\u1ed5i v\u00e0 \u1ea3nh h\u01b0\u1edfng \u0111\u1ebfn m\u1ecdi ng\u00f3c ng\u00e1ch c\u1ee7a th\u1ebf gi\u1edbi th\u00f4ng qua \u0111\u1ed5i m\u1edbi v\u00e0 c\u00e1c s\u1ea3n ph\u1ea9m ch\u1ea5t l\u01b0\u1ee3ng cao. Ch\u00fang t\u00f4i cam k\u1ebft cung c\u1ea5p c\u00e1c gi\u1ea3i ph\u00e1p m\u00e1y m\u00f3c ti\u00ean ti\u1ebfn, \u0111\u00e1ng tin c\u1eady v\u00e0 hi\u1ec7u qu\u1ea3 \u0111\u1ec3 t\u1ea1o ra gi\u00e1 tr\u1ecb cho kh\u00e1ch h\u00e0ng c\u1ee7a m\u00ecnh.<\/p>    <p class=\"translation-block\"><strong>T\u1ea7m nh\u00ecn doanh nghi\u1ec7p:<\/strong> N\u00e2ng cao gi\u00e1 tr\u1ecb cho kh\u00e1ch h\u00e0ng, Th\u00fac \u0111\u1ea9y s\u1ef1 ph\u00e1t tri\u1ec3n c\u1ee7a nh\u00e2n vi\u00ean!<\/p>    <p>T\u1ea7m nh\u00ecn c\u1ee7a ch\u00fang t\u00f4i l\u00e0 tr\u1edf th\u00e0nh \u0111\u1ed1i t\u00e1c \u0111\u00e1ng tin c\u1eady cho kh\u00e1ch h\u00e0ng, li\u00ean t\u1ee5c cung c\u1ea5p gi\u00e1 tr\u1ecb th\u00f4ng qua c\u00e1c s\u1ea3n ph\u1ea9m v\u00e0 d\u1ecbch v\u1ee5 xu\u1ea5t s\u1eafc. \u0110\u1ed3ng th\u1eddi, ch\u00fang t\u00f4i cam k\u1ebft t\u1ea1o ra m\u1ed9t m\u00f4i tr\u01b0\u1eddng cho nh\u00e2n vi\u00ean c\u1ee7a m\u00ecnh c\u00f3 c\u01a1 h\u1ed9i ph\u00e1t tri\u1ec3n, th\u1eed th\u00e1ch v\u00e0 n\u1ec1n t\u1ea3ng cho s\u1ef1 ph\u00e1t tri\u1ec3n c\u00e1 nh\u00e2n v\u00e0 chuy\u00ean nghi\u1ec7p.<\/p>    <p class=\"translation-block\"><strong>Gi\u00e1 tr\u1ecb c\u1ee7a Taizy:<\/strong> Trung th\u1ef1c, Bi\u1ebft \u01a1n, V\u1ecb tha, N\u0103ng l\u01b0\u1ee3ng t\u00edch c\u1ef1c, Ch\u1ea5p nh\u1eadn Thay \u0111\u1ed5i, Tinh th\u1ea7n \u0110\u1ed9i nh\u00f3m<\/p>    <figure class=\"wp-block-image size-full\"><img loading=\"lazy\" decoding=\"async\" width=\"720\" height=\"540\" src=\"https:\/\/www.agriculture-machine.com\/wp-content\/uploads\/2023\/05\/Corporate-culture-.webp\" alt=\"\" class=\"wp-image-14688\" srcset=\"https:\/\/www.agriculture-machine.com\/wp-content\/uploads\/2023\/05\/Corporate-culture-.webp 720w, https:\/\/www.agriculture-machine.com\/wp-content\/uploads\/2023\/05\/Corporate-culture--360x270.webp 360w, https:\/\/www.agriculture-machine.com\/wp-content\/uploads\/2023\/05\/Corporate-culture--240x180.webp 240w\" sizes=\"auto, (max-width: 720px) 100vw, 720px\" \/><\/figure>    <p>Trong v\u0103n h\u00f3a doanh nghi\u1ec7p c\u1ee7a ch\u00fang t\u00f4i, ch\u00fang t\u00f4i tu\u00e2n th\u1ee7 c\u00e1c Gi\u00e1 tr\u1ecb Taizy sau \u0111\u00e2y nh\u01b0 nh\u1eefng nguy\u00ean t\u1eafc h\u01b0\u1edbng d\u1eabn v\u00e0 hi\u1ec7n th\u00e2n c\u1ee7a tinh th\u1ea7n ch\u00fang t\u00f4i:<\/p>    <p class=\"translation-block\"><strong>Ch\u00ednh tr\u1ef1c:<\/strong> Ch\u00fang t\u00f4i x\u00e2y d\u1ef1ng c\u00e1c m\u1ed1i quan h\u1ec7 d\u1ef1a tr\u00ean l\u00f2ng tin v\u1edbi kh\u00e1ch h\u00e0ng, \u0111\u1ed1i t\u00e1c v\u00e0 nh\u00e2n vi\u00ean, d\u1ef1a tr\u00ean t\u00ednh ch\u00ednh tr\u1ef1c. Ch\u00fang t\u00f4i duy tr\u00ec c\u00e1c nguy\u00ean t\u1eafc trung th\u1ef1c, ch\u00ednh tr\u1ef1c v\u00e0 c\u00f4ng b\u1eb1ng, lu\u00f4n gi\u1eef l\u1eddi h\u1ee9a c\u1ee7a m\u00ecnh.<\/p>    <p class=\"translation-block\"><strong>Bi\u1ebft \u01a1n:<\/strong> Ch\u00fang t\u00f4i th\u1ec3 hi\u1ec7n l\u00f2ng bi\u1ebft \u01a1n \u0111\u1ed1i v\u1edbi s\u1ef1 h\u1ed7 tr\u1ee3 v\u00e0 tin t\u01b0\u1edfng c\u1ee7a kh\u00e1ch h\u00e0ng, s\u1ef1 c\u1ed1ng hi\u1ebfn c\u1ee7a nh\u00e2n vi\u00ean, v\u00e0 s\u1ef1 gi\u00fap \u0111\u1ee1 t\u1eeb c\u00e1c \u0111\u1ed1i t\u00e1c c\u1ee7a ch\u00fang t\u00f4i. Ch\u00fang t\u00f4i tr\u00e2n tr\u1ecdng c\u00e1c m\u1ed1i quan h\u1ec7 h\u1ee3p t\u00e1c v\u00e0 \u0111\u00e1nh gi\u00e1 cao nh\u1eefng \u0111\u00f3ng g\u00f3p c\u1ee7a ng\u01b0\u1eddi kh\u00e1c.<\/p>    <p class=\"translation-block\"><strong>V\u1ecb tha:<\/strong> Ch\u00fang t\u00f4i nh\u1ea5n m\u1ea1nh v\u1ecb tha, quan t\u00e2m \u0111\u1ebfn nhu c\u1ea7u v\u00e0 l\u1ee3i \u00edch c\u1ee7a ng\u01b0\u1eddi kh\u00e1c, v\u00e0 xem \u0111\u00f3 l\u00e0 tr\u00e1ch nhi\u1ec7m c\u1ee7a ch\u00fang t\u00f4i \u0111\u1ec3 ph\u1ee5c v\u1ee5 h\u1ecd. Ch\u00fang t\u00f4i khuy\u1ebfn kh\u00edch nh\u00e2n vi\u00ean gi\u00fap \u0111\u1ee1 v\u00e0 h\u1ed7 tr\u1ee3 l\u1eabn nhau, h\u01b0\u1edbng t\u1edbi th\u00e0nh c\u00f4ng c\u1ee7a \u0111\u1ed9i nh\u00f3m.<\/p>    <p class=\"translation-block\"><strong>N\u0103ng l\u01b0\u1ee3ng t\u00edch c\u1ef1c:<\/strong> Ch\u00fang t\u00f4i t\u00edch c\u1ef1c th\u00fac \u0111\u1ea9y n\u0103ng l\u01b0\u1ee3ng t\u00edch c\u1ef1c, khuy\u1ebfn kh\u00edch nh\u00e2n vi\u00ean duy tr\u00ec th\u00e1i \u0111\u1ed9 l\u1ea1c quan khi \u0111\u1ed1i m\u1eb7t v\u1edbi th\u1eed th\u00e1ch v\u00e0 kh\u00f3 kh\u0103n. Ch\u00fang t\u00f4i tin r\u1eb1ng t\u01b0 duy t\u00edch c\u1ef1c c\u00f3 th\u1ec3 truy\u1ec1n c\u1ea3m h\u1ee9ng \u0111\u1ed5i m\u1edbi v\u00e0 th\u00fac \u0111\u1ea9y s\u1ef1 thay \u0111\u1ed5i.<\/p>    <p class=\"translation-block\"><strong>Ch\u1ea5p nh\u1eadn Thay \u0111\u1ed5i:<\/strong> Ch\u00fang t\u00f4i ch\u1ea5p nh\u1eadn thay \u0111\u1ed5i, nh\u1eadn th\u1ee9c r\u00f5 t\u00ednh t\u1ea5t y\u1ebfu c\u1ee7a n\u00f3, v\u00e0 li\u00ean t\u1ee5c c\u1ed1 g\u1eafng c\u1ea3i ti\u1ebfn v\u00e0 \u0111\u1ed5i m\u1edbi. Ch\u00fang t\u00f4i khuy\u1ebfn kh\u00edch nh\u00e2n vi\u00ean th\u00edch nghi v\u1edbi s\u1ef1 thay \u0111\u1ed5i v\u00e0 d\u0169ng c\u1ea3m \u0111\u00f3n nh\u1eadn nh\u1eefng th\u1eed th\u00e1ch m\u1edbi.<\/p>    <p class=\"translation-block\"><strong>Tinh th\u1ea7n \u0110\u1ed9i nh\u00f3m:<\/strong> Ch\u00fang t\u00f4i \u1ee7ng h\u1ed9 tinh th\u1ea7n \u0111\u1ed9i nh\u00f3m, th\u00fac \u0111\u1ea9y h\u1ee3p t\u00e1c, giao ti\u1ebfp v\u00e0 c\u1ed9ng t\u00e1c gi\u1eefa c\u00e1c nh\u00e2n vi\u00ean. Ch\u00fang t\u00f4i tin v\u00e0o s\u1ee9c m\u1ea1nh c\u1ee7a s\u1ef1 \u0111o\u00e0n k\u1ebft v\u00e0 l\u00e0m vi\u1ec7c c\u00f9ng nhau \u0111\u1ec3 theo \u0111u\u1ed5i s\u1ef1 xu\u1ea5t s\u1eafc.<\/p>    <p>Th\u00f4ng qua v\u0103n h\u00f3a doanh nghi\u1ec7p nh\u01b0 v\u1eady, ch\u00fang t\u00f4i tin r\u1eb1ng m\u00ecnh c\u00f3 th\u1ec3 \u0111\u1ea1t \u0111\u01b0\u1ee3c s\u1ee9 m\u1ec7nh v\u00e0 t\u1ea7m nh\u00ecn, tr\u1edf th\u00e0nh m\u1ed9t c\u00f4ng ty c\u00f3 \u1ea3nh h\u01b0\u1edfng.<\/p>    <figure class=\"wp-block-image size-full\"><img loading=\"lazy\" decoding=\"async\" width=\"720\" height=\"540\" src=\"https:\/\/www.agriculture-machine.com\/wp-content\/uploads\/2023\/05\/Corporate-culture1-.webp\" alt=\"\" class=\"wp-image-14690\" srcset=\"https:\/\/www.agriculture-machine.com\/wp-content\/uploads\/2023\/05\/Corporate-culture1-.webp 720w, https:\/\/www.agriculture-machine.com\/wp-content\/uploads\/2023\/05\/Corporate-culture1--360x270.webp 360w, https:\/\/www.agriculture-machine.com\/wp-content\/uploads\/2023\/05\/Corporate-culture1--240x180.webp 240w\" sizes=\"auto, (max-width: 720px) 100vw, 720px\" \/><\/figure>","protected":false},"excerpt":{"rendered":"<p>Taizy&#8217;s Corporate Culture: Let Chinese Machines Change Every Corner of the World! Our corporate culture is built upon the following core elements, aiming to guide our employees&#8217; collective efforts in achieving our mission and vision. Corporate Mission: Empowering Chinese Machines to Transform Every Corner of the World As a machine manufacturing company, our mission is [&hellip;]<\/p>\n","protected":false},"author":1,"featured_media":0,"parent":0,"menu_order":0,"comment_status":"closed","ping_status":"closed","template":"","meta":{"footnotes":""},"class_list":["post-14679","page","type-page","status-publish","hentry"],"_links":{"self":[{"href":"https:\/\/www.agriculture-machine.com\/vi\/wp-json\/wp\/v2\/pages\/14679","targetHints":{"allow":["GET"]}}],"collection":[{"href":"https:\/\/www.agriculture-machine.com\/vi\/wp-json\/wp\/v2\/pages"}],"about":[{"href":"https:\/\/www.agriculture-machine.com\/vi\/wp-json\/wp\/v2\/types\/page"}],"author":[{"embeddable":true,"href":"https:\/\/www.agriculture-machine.com\/vi\/wp-json\/wp\/v2\/users\/1"}],"replies":[{"embeddable":true,"href":"https:\/\/www.agriculture-machine.com\/vi\/wp-json\/wp\/v2\/comments?post=14679"}],"version-history":[{"count":0,"href":"https:\/\/www.agriculture-machine.com\/vi\/wp-json\/wp\/v2\/pages\/14679\/revisions"}],"wp:attachment":[{"href":"https:\/\/www.agriculture-machine.com\/vi\/wp-json\/wp\/v2\/media?parent=14679"}],"curies":[{"name":"wp","href":"https:\/\/api.w.org\/{rel}","templated":true}]}}