{"id":14683,"date":"2023-05-29T16:56:18","date_gmt":"2023-05-29T08:56:18","guid":{"rendered":"https:\/\/www.agriculture-machine.com\/?page_id=14683"},"modified":"2023-05-29T17:51:22","modified_gmt":"2023-05-29T09:51:22","slug":"global-customer","status":"publish","type":"page","link":"https:\/\/www.agriculture-machine.com\/vi\/global-customer\/","title":{"rendered":"Kh\u00e1ch h\u00e0ng to\u00e0n c\u1ea7u"},"content":{"rendered":"<p>K\u1ec3 t\u1eeb khi th\u00e0nh l\u1eadp Taizy, ch\u00fang t\u00f4i \u0111\u00e3 tham gia ho\u1ea1t \u0111\u1ed9ng xu\u1ea5t kh\u1ea9u, ph\u1ee5c v\u1ee5 kh\u00e1ch h\u00e0ng tr\u00ean to\u00e0n th\u1ebf gi\u1edbi. Sau nhi\u1ec1u n\u0103m ph\u00e1t tri\u1ec3n, kh\u00e1ch h\u00e0ng c\u1ee7a ch\u00fang t\u00f4i \u0111\u00e3 lan r\u1ed9ng \u0111\u1ebfn nhi\u1ec1u qu\u1ed1c gia. V\u00ed d\u1ee5 Nigeria, Ghana, Tanzania, Peru, Philippines, Nam Phi, Angola, B\u1ed3 \u0110\u00e0o Nha, Ma-r\u1ed1c, v.v. Ch\u00fang t\u00f4i \u0111\u00e3 nh\u1eadn \u0111\u01b0\u1ee3c s\u1ef1 \u1ee7ng h\u1ed9 t\u1eeb kh\u00e1ch h\u00e0ng \u1edf nhi\u1ec1u n\u01b0\u1edbc nh\u1edd c\u00e1c ph\u1ea9m ch\u1ea5t sau:<\/p>    <figure class=\"wp-block-image size-full\"><img loading=\"lazy\" decoding=\"async\" width=\"720\" height=\"540\" src=\"https:\/\/www.agriculture-machine.com\/wp-content\/uploads\/2023\/05\/global-customer-.webp\" alt=\"\" class=\"wp-image-14692\" srcset=\"https:\/\/www.agriculture-machine.com\/wp-content\/uploads\/2023\/05\/global-customer-.webp 720w, https:\/\/www.agriculture-machine.com\/wp-content\/uploads\/2023\/05\/global-customer--360x270.webp 360w, https:\/\/www.agriculture-machine.com\/wp-content\/uploads\/2023\/05\/global-customer--240x180.webp 240w\" sizes=\"auto, (max-width: 720px) 100vw, 720px\" \/><\/figure>    <p class=\"translation-block\"><strong>Kinh nghi\u1ec7m xu\u1ea5t kh\u1ea9u d\u00e0y d\u1eb7n:<\/strong> V\u1edbi nhi\u1ec1u n\u0103m kinh nghi\u1ec7m xu\u1ea5t kh\u1ea9u, ch\u00fang t\u00f4i t\u00edch l\u0169y \u0111\u01b0\u1ee3c ngu\u1ed3n ki\u1ebfn th\u1ee9c v\u00e0 chuy\u00ean m\u00f4n \u0111\u1ec3 gi\u00fap kh\u00e1ch h\u00e0ng gi\u1ea3i quy\u1ebft c\u00e1c v\u1ea5n \u0111\u1ec1 xu\u1ea5t kh\u1ea9u kh\u00e1c nhau. Ch\u00fang t\u00f4i hi\u1ec3u nh\u1eefng ph\u1ee9c t\u1ea1p v\u00e0 th\u00e1ch th\u1ee9c c\u1ee7a qu\u00e1 tr\u00ecnh xu\u1ea5t kh\u1ea9u v\u00e0 cam k\u1ebft cung c\u1ea5p h\u1ed7 tr\u1ee3 v\u00e0 h\u01b0\u1edbng d\u1eabn to\u00e0n di\u1ec7n.<\/p>    <p class=\"translation-block\"><strong>d\u1ecbch v\u1ee5 t\u00f9y ch\u1ec9nh:<\/strong> M\u1ed9t trong nh\u1eefng \u0111i\u1ec3m m\u1ea1nh c\u1ed1t l\u00f5i c\u1ee7a Taizy l\u00e0 kh\u1ea3 n\u0103ng \u0111\u1ec1 xu\u1ea5t thi\u1ebft b\u1ecb ph\u00f9 h\u1ee3p v\u00e0 cung c\u1ea5p gi\u1ea3i ph\u00e1p chuy\u00ean nghi\u1ec7p \u0111\u1ec3 \u0111\u00e1p \u1ee9ng nhu c\u1ea7u \u0111\u1ed9c \u0111\u00e1o c\u1ee7a kh\u00e1ch h\u00e0ng. B\u00ean c\u1ea1nh \u0111\u00f3, ch\u00fang t\u00f4i c\u0169ng c\u00f3 th\u1ec3 t\u1ea1o ra c\u00e1c thi\u1ebft b\u1ecb \u0111\u1ed9c \u0111\u00e1o \u0111\u1ec3 ph\u00f9 h\u1ee3p v\u1edbi nhu c\u1ea7u c\u1ee7a kh\u00e1ch h\u00e0ng v\u00e0 gi\u00fap h\u1ecd kh\u1edfi \u0111\u1ea7u kinh doanh thu\u1eadn l\u1ee3i.<\/p>    <p class=\"translation-block\"><strong>D\u00f2ng s\u1ea3n ph\u1ea9m \u0111a d\u1ea1ng:<\/strong> Ch\u00fang t\u00f4i cung c\u1ea5p gi\u1ea3i ph\u00e1p t\u1ed1t nh\u1ea5t v\u00e0 d\u1ecbch v\u1ee5 mua h\u00e0ng m\u1ed9t c\u1eeda tr\u00ean nhi\u1ec1u lo\u1ea1i m\u00e1y n\u00f4ng nghi\u1ec7p. Ch\u00fang t\u00f4i cung c\u1ea5p cho \u0111\u1ea1i l\u00fd b\u00e1n bu\u00f4n, nh\u00e0 ph\u00e2n ph\u1ed1i v\u00e0 \u0111\u1ea1i di\u1ec7n b\u00e1n h\u00e0ng \u0111\u1ec3 h\u1ed7 tr\u1ee3 kinh doanh \u0111\u1ecba ph\u01b0\u01a1ng c\u1ee7a h\u1ecd. Ch\u00fang t\u00f4i c\u00f3 kinh nghi\u1ec7m phong ph\u00fa trong vi\u1ec7c th\u1ef1c hi\u1ec7n c\u00e1c D\u1ef1 \u00e1n Th\u1ea7u cho NG\u00d4, FAO, UNDP v\u00e0 mua s\u1eafm c\u1ee7a Ch\u00ednh ph\u1ee7.<\/p>    <p class=\"translation-block\"><strong>Thi\u1ebft b\u1ecb ch\u1ea5t l\u01b0\u1ee3ng cao:<\/strong> T\u1ea1i Taizy, ch\u1ea5t l\u01b0\u1ee3ng l\u00e0 \u01b0u ti\u00ean h\u00e0ng \u0111\u1ea7u. Ch\u00fang t\u00f4i tu\u00e2n th\u1ee7 c\u00e1c ti\u00eau chu\u1ea9n nghi\u00eam ng\u1eb7t v\u00e0 bi\u1ec7n ph\u00e1p ki\u1ec3m so\u00e1t ch\u1ea5t l\u01b0\u1ee3ng \u0111\u1ec3 \u0111\u1ea3m b\u1ea3o thi\u1ebft b\u1ecb c\u1ee7a ch\u00fang t\u00f4i \u0111\u00e1p \u1ee9ng v\u00e0 v\u01b0\u1ee3t qua tr\u00ecnh \u0111\u1ed9 chu\u1ea9n qu\u1ed1c t\u1ebf. Ch\u00fang t\u00f4i t\u1ef1 h\u00e0o v\u1ec1 \u0111\u1ed9 b\u1ec1n, \u0111\u1ed9 tin c\u1eady v\u00e0 hi\u1ec7u su\u1ea5t c\u1ee7a s\u1ea3n ph\u1ea9m.<\/p>    <p>B\u1ea1n \u0111\u01b0\u1ee3c ch\u00e0o \u0111\u00f3n duy\u1ec7t trang web c\u1ee7a ch\u00fang t\u00f4i, thi\u1ebft b\u1ecb c\u1ee7a ch\u00fang t\u00f4i c\u00f3 h\u1ea7u h\u1ebft nh\u1eefng g\u00ec b\u1ea1n c\u1ea7n cho lao \u0111\u1ed9ng n\u00f4ng nghi\u1ec7p. Ch\u00fang t\u00f4i c\u00f3 th\u1ec3 cung c\u1ea5p m\u1ed9t lo\u1ea1t thi\u1ebft b\u1ecb v\u00e0 gi\u1ea3i ph\u00e1p, h\u00e3y tho\u1ea3i m\u00e1i h\u1ecfi v\u1ec1 thi\u1ebft b\u1ecb n\u00f4ng nghi\u1ec7p c\u1ee7a ch\u00fang t\u00f4i, \u0111\u1ed9i ng\u0169 chuy\u00ean gia c\u1ee7a ch\u00fang t\u00f4i \u1edf \u0111\u00e2y \u0111\u1ec3 gi\u00fap \u0111\u1ee1 b\u1ea1n.<\/p>    <figure class=\"wp-block-image size-full\"><img loading=\"lazy\" decoding=\"async\" width=\"720\" height=\"540\" src=\"https:\/\/www.agriculture-machine.com\/wp-content\/uploads\/2023\/05\/Global-customer-2.webp\" alt=\"\" class=\"wp-image-14694\" srcset=\"https:\/\/www.agriculture-machine.com\/wp-content\/uploads\/2023\/05\/Global-customer-2.webp 720w, https:\/\/www.agriculture-machine.com\/wp-content\/uploads\/2023\/05\/Global-customer-2-360x270.webp 360w, https:\/\/www.agriculture-machine.com\/wp-content\/uploads\/2023\/05\/Global-customer-2-240x180.webp 240w\" sizes=\"auto, (max-width: 720px) 100vw, 720px\" \/><\/figure>","protected":false},"excerpt":{"rendered":"<p>Since the establishment of Taizy, we have been in the export business, serving customers worldwide. After years of development, our customers have spread to many countries. For example Nigeria, Ghana, Tanzania, Peru, Philippines, South Africa, Angola, Portugal, Morocco, etc We have won the support of customers in many countries due to the following qualities: Rich [&hellip;]<\/p>\n","protected":false},"author":1,"featured_media":0,"parent":0,"menu_order":0,"comment_status":"closed","ping_status":"closed","template":"","meta":{"footnotes":""},"class_list":["post-14683","page","type-page","status-publish","hentry"],"_links":{"self":[{"href":"https:\/\/www.agriculture-machine.com\/vi\/wp-json\/wp\/v2\/pages\/14683","targetHints":{"allow":["GET"]}}],"collection":[{"href":"https:\/\/www.agriculture-machine.com\/vi\/wp-json\/wp\/v2\/pages"}],"about":[{"href":"https:\/\/www.agriculture-machine.com\/vi\/wp-json\/wp\/v2\/types\/page"}],"author":[{"embeddable":true,"href":"https:\/\/www.agriculture-machine.com\/vi\/wp-json\/wp\/v2\/users\/1"}],"replies":[{"embeddable":true,"href":"https:\/\/www.agriculture-machine.com\/vi\/wp-json\/wp\/v2\/comments?post=14683"}],"version-history":[{"count":0,"href":"https:\/\/www.agriculture-machine.com\/vi\/wp-json\/wp\/v2\/pages\/14683\/revisions"}],"wp:attachment":[{"href":"https:\/\/www.agriculture-machine.com\/vi\/wp-json\/wp\/v2\/media?parent=14683"}],"curies":[{"name":"wp","href":"https:\/\/api.w.org\/{rel}","templated":true}]}}