{"id":10078,"date":"2021-04-22T15:14:47","date_gmt":"2021-04-22T07:14:47","guid":{"rendered":"https:\/\/www.agriculture-machine.com\/?p=10078"},"modified":"2024-09-18T16:16:09","modified_gmt":"2024-09-18T08:16:09","slug":"thresher-machine-5td-50-for-rice-wheat-bean-corn-sorghum-millet","status":"publish","type":"product","link":"https:\/\/www.agriculture-machine.com\/vi\/thresher-machine-5td-50-for-rice-wheat-bean-corn-sorghum-millet\/","title":{"rendered":"M\u00e1y \u0111\u1eadp 5TD-50 cho g\u1ea1o, l\u00faa m\u00ec, \u0111\u1eadu, ng\u00f4, k\u00ea"},"content":{"rendered":"<p>M\u00e1y TD series l\u00e0 m\u00e1y tu\u1ed1t m\u1edbi nh\u1ea5t c\u1ee7a ch\u00fang t\u00f4i. Hi\u1ec7n t\u1ea1i, ch\u00fang t\u00f4i c\u00f3 5TD-50, 5TD-70, 5TD-90, 5TD-125, 5TD-1000. B\u00e0i vi\u1ebft n\u00e0y ch\u1ee7 y\u1ebfu chia s\u1ebb v\u1edbi b\u1ea1n m\u00e1y tu\u1ed1t 5TD-50.<\/p> <h2>M\u00e1y tu\u1ed1t n\u00e0y c\u00f3 th\u1ec3 x\u1eed l\u00fd nh\u1eefng lo\u1ea1i c\u00e2y tr\u1ed3ng n\u00e0o?<\/h2> <p>M\u00e1y tu\u1ed1t n\u00e0y c\u00f3 th\u1ec3 \u0111\u01b0\u1ee3c s\u1eed d\u1ee5ng \u0111\u1ec3 tu\u1ed1t \u0111\u1eadu n\u00e0nh, ng\u00f4, l\u00faa, l\u00faa m\u00ec, quinoa, c\u1ea3i d\u1ea7u, sorghum, millet, v.v. B\u1ea1n kh\u00f4ng c\u1ea7n ph\u1ea3i thay \u0111\u1ed5i l\u01b0\u1edbi, ch\u1ec9 c\u1ea7n \u0111i\u1ec1u ch\u1ec9nh kho\u1ea3ng c\u00e1ch con l\u0103n khi b\u1ea1n tu\u1ed1t c\u00e1c lo\u1ea1i c\u00e2y tr\u1ed3ng kh\u00e1c nhau.<\/p> <figure id=\"attachment_10082\" aria-describedby=\"caption-attachment-10082\" style=\"width: 720px\" class=\"wp-caption alignnone\"><img loading=\"lazy\" decoding=\"async\" class=\"size-full wp-image-10082\" src=\"https:\/\/www.agriculture-machine.com\/wp-content\/uploads\/2021\/04\/5-TD-thresher-for-rice-wheat-corn-beans-rape-sorghum.jpg\" alt=\"m\u00e1y tu\u1ed1t 5-TD cho l\u00faa l\u00faa m\u00ec ng\u00f4 \u0111\u1eadu c\u1ea3i \u0111\u01b0\u1eddng sorghum\" width=\"720\" height=\"540\" srcset=\"https:\/\/www.agriculture-machine.com\/wp-content\/uploads\/2021\/04\/5-TD-thresher-for-rice-wheat-corn-beans-rape-sorghum.jpg 720w, https:\/\/www.agriculture-machine.com\/wp-content\/uploads\/2021\/04\/5-TD-thresher-for-rice-wheat-corn-beans-rape-sorghum-360x270.jpg 360w, https:\/\/www.agriculture-machine.com\/wp-content\/uploads\/2021\/04\/5-TD-thresher-for-rice-wheat-corn-beans-rape-sorghum-240x180.jpg 240w\" sizes=\"auto, (max-width: 720px) 100vw, 720px\" \/><figcaption id=\"caption-attachment-10082\" class=\"wp-caption-text\">m\u00e1y tu\u1ed1t 5-TD cho l\u00faa l\u00faa m\u00ec ng\u00f4 \u0111\u1eadu c\u1ea3i \u0111\u01b0\u1eddng sorghum<\/figcaption><\/figure> <h2>Nh\u1eefng l\u1ee3i th\u1ebf c\u1ee7a m\u00e1y tu\u1ed1t l\u00faa m\u00ec l\u00e0 g\u00ec?<\/h2> <p>M\u00e1y tu\u1ed1t l\u00faa m\u00ec c\u00f3 hi\u1ec7u su\u1ea5t s\u1ea3n xu\u1ea5t cao, tu\u1ed1t s\u1ea1ch, kh\u00f4ng b\u1ecb h\u01b0 h\u1ea1i v\u00e0 h\u00e0m l\u01b0\u1ee3ng t\u1ea1p ch\u1ea5t th\u1ea5p. N\u00f3 \u0111\u01b0\u1ee3c s\u1ea3n xu\u1ea5t v\u1edbi c\u00f4ng ngh\u1ec7 ti\u00ean ti\u1ebfn v\u00e0 c\u00f3 ch\u1ea5t l\u01b0\u1ee3ng xu\u1ea5t s\u1eafc. M\u00e1y tu\u1ed1t m\u1edbi \u0111\u00e3 c\u00f3 m\u1eb7t tr\u00ean th\u1ecb tr\u01b0\u1eddng v\u00e0 \u0111\u00e3 nh\u1eadn \u0111\u01b0\u1ee3c nhi\u1ec1u \u0111\u01a1n h\u00e0ng trong n\u01b0\u1edbc v\u00e0 qu\u1ed1c t\u1ebf, \u0111\u1eb7c bi\u1ec7t t\u1eeb Nigeria, Ghana v\u00e0 Kenya. S\u1ea3n ph\u1ea9m n\u00e0y t\u00edch h\u1ee3p c\u00e1c ch\u1ee9c n\u0103ng tu\u1ed1t, t\u00e1ch v\u00e0 l\u00e0m s\u1ea1ch.<\/p> <h2>Chi ti\u1ebft c\u1ea5u tr\u00fac c\u1ee7a m\u00e1y tu\u1ed1t \u0111\u1eadu<\/h2> <p>M\u00e1y tu\u1ed1t 5TD-50 ch\u1ee7 y\u1ebfu bao g\u1ed3m c\u1ed5ng c\u1ea5p li\u1ec7u, c\u1eeda ra t\u1ea1p ch\u1ea5t, c\u1eeda ra h\u1ea1t s\u1ea1ch, qu\u1ea1t, c\u1ea5u tr\u00fac ngu\u1ed3n, b\u00e1nh r\u0103ng b\u00ean trong, con l\u0103n, v.v. M\u00e1y ch\u1ec9 c\u00f3 m\u1ed9t qu\u1ea1t nh\u01b0ng c\u00f3 th\u1ec3 \u0111\u1ea1t \u0111\u01b0\u1ee3c vi\u1ec7c lo\u1ea1i b\u1ecf t\u1ea1p ch\u1ea5t th\u1ee9 hai. V\u00ec v\u1eady, h\u1ea1t r\u1ea5t s\u1ea1ch sau khi tu\u1ed1t.<\/p> <div id='gallery-1' class='gallery galleryid-10078 gallery-columns-2 gallery-size-full'><figure class='gallery-item'> \t\t\t<div class='gallery-icon landscape'> \t\t\t\t<a href='https:\/\/www.agriculture-machine.com\/wp-content\/uploads\/2021\/04\/structure-details-of-5TD-50-thresher-machine.jpg'><img loading=\"lazy\" decoding=\"async\" width=\"720\" height=\"540\" src=\"https:\/\/www.agriculture-machine.com\/wp-content\/uploads\/2021\/04\/structure-details-of-5TD-50-thresher-machine.jpg\" class=\"attachment-full size-full\" alt=\"chi ti\u1ebft c\u1ea5u tr\u00fac c\u1ee7a m\u00e1y tu\u1ed1t 5TD-50\" aria-describedby=\"gallery-1-10083\" srcset=\"https:\/\/www.agriculture-machine.com\/wp-content\/uploads\/2021\/04\/structure-details-of-5TD-50-thresher-machine.jpg 720w, https:\/\/www.agriculture-machine.com\/wp-content\/uploads\/2021\/04\/structure-details-of-5TD-50-thresher-machine-360x270.jpg 360w, https:\/\/www.agriculture-machine.com\/wp-content\/uploads\/2021\/04\/structure-details-of-5TD-50-thresher-machine-240x180.jpg 240w\" sizes=\"auto, (max-width: 720px) 100vw, 720px\" \/><\/a> \t\t\t<\/div> \t\t\t\t<figcaption class='wp-caption-text gallery-caption' id='gallery-1-10083'> \t\t\t\tchi ti\u1ebft c\u1ea5u tr\u00fac c\u1ee7a m\u00e1y tu\u1ed1t 5TD-50 \t\t\t\t<\/figcaption><\/figure><figure class='gallery-item'> \t\t\t<div class='gallery-icon landscape'> \t\t\t\t<a href='https:\/\/www.agriculture-machine.com\/wp-content\/uploads\/2021\/04\/structure-of-5TD-50-thresher-machine.jpg'><img loading=\"lazy\" decoding=\"async\" width=\"720\" height=\"540\" src=\"https:\/\/www.agriculture-machine.com\/wp-content\/uploads\/2021\/04\/structure-of-5TD-50-thresher-machine.jpg\" class=\"attachment-full size-full\" alt=\"c\u1ea5u tr\u00fac c\u1ee7a m\u00e1y tu\u1ed1t 5TD-50\" aria-describedby=\"gallery-1-10084\" srcset=\"https:\/\/www.agriculture-machine.com\/wp-content\/uploads\/2021\/04\/structure-of-5TD-50-thresher-machine.jpg 720w, https:\/\/www.agriculture-machine.com\/wp-content\/uploads\/2021\/04\/structure-of-5TD-50-thresher-machine-360x270.jpg 360w, https:\/\/www.agriculture-machine.com\/wp-content\/uploads\/2021\/04\/structure-of-5TD-50-thresher-machine-240x180.jpg 240w\" sizes=\"auto, (max-width: 720px) 100vw, 720px\" \/><\/a> \t\t\t<\/div> \t\t\t\t<figcaption class='wp-caption-text gallery-caption' id='gallery-1-10084'> \t\t\t\tc\u1ea5u tr\u00fac c\u1ee7a m\u00e1y tu\u1ed1t 5TD-50 \t\t\t\t<\/figcaption><\/figure> \t\t<\/div>  <h2>Lo\u1ea1i n\u0103ng l\u01b0\u1ee3ng n\u00e0o c\u00f3 th\u1ec3 \u0111\u01b0\u1ee3c trang b\u1ecb?<\/h2> <p>M\u00e1y tu\u1ed1t 5TD-50 c\u00f3 th\u1ec3 trang b\u1ecb \u0111\u1ed9ng c\u01a1, \u0111\u1ed9ng c\u01a1 diesel, \u0111\u1ed9ng c\u01a1 x\u0103ng. 6-8 m\u00e3 l\u1ef1c (diesel) \u0111\u1ed9ng c\u01a1 x\u0103ng ho\u1eb7c 2.2-3kw \u0111\u1ed9ng c\u01a1.<\/p> <div id='gallery-2' class='gallery galleryid-10078 gallery-columns-2 gallery-size-full'><figure class='gallery-item'> \t\t\t<div class='gallery-icon landscape'> \t\t\t\t<a href='https:\/\/www.agriculture-machine.com\/wp-content\/uploads\/2021\/04\/5.jpg'><img loading=\"lazy\" decoding=\"async\" width=\"720\" height=\"540\" src=\"https:\/\/www.agriculture-machine.com\/wp-content\/uploads\/2021\/04\/5.jpg\" class=\"attachment-full size-full\" alt=\"M\u00e1y tu\u1ed1t \u0111\u1ed9ng c\u01a1 x\u0103ng\" aria-describedby=\"gallery-2-10086\" srcset=\"https:\/\/www.agriculture-machine.com\/wp-content\/uploads\/2021\/04\/5.jpg 720w, https:\/\/www.agriculture-machine.com\/wp-content\/uploads\/2021\/04\/5-360x270.jpg 360w, https:\/\/www.agriculture-machine.com\/wp-content\/uploads\/2021\/04\/5-240x180.jpg 240w\" sizes=\"auto, (max-width: 720px) 100vw, 720px\" \/><\/a> \t\t\t<\/div> \t\t\t\t<figcaption class='wp-caption-text gallery-caption' id='gallery-2-10086'> \t\t\t\tM\u00e1y tu\u1ed1t \u0111\u1ed9ng c\u01a1 x\u0103ng \t\t\t\t<\/figcaption><\/figure><figure class='gallery-item'> \t\t\t<div class='gallery-icon landscape'> \t\t\t\t<a href='https:\/\/www.agriculture-machine.com\/wp-content\/uploads\/2021\/04\/4.jpg'><img loading=\"lazy\" decoding=\"async\" width=\"720\" height=\"540\" src=\"https:\/\/www.agriculture-machine.com\/wp-content\/uploads\/2021\/04\/4.jpg\" class=\"attachment-full size-full\" alt=\"M\u00e1y tu\u1ed1t lo\u1ea1i \u0111\u1ed9ng c\u01a1\" aria-describedby=\"gallery-2-10085\" srcset=\"https:\/\/www.agriculture-machine.com\/wp-content\/uploads\/2021\/04\/4.jpg 720w, https:\/\/www.agriculture-machine.com\/wp-content\/uploads\/2021\/04\/4-360x270.jpg 360w, https:\/\/www.agriculture-machine.com\/wp-content\/uploads\/2021\/04\/4-240x180.jpg 240w\" sizes=\"auto, (max-width: 720px) 100vw, 720px\" \/><\/a> \t\t\t<\/div> \t\t\t\t<figcaption class='wp-caption-text gallery-caption' id='gallery-2-10085'> \t\t\t\tM\u00e1y tu\u1ed1t lo\u1ea1i \u0111\u1ed9ng c\u01a1 \t\t\t\t<\/figcaption><\/figure> \t\t<\/div>  <h2>Nh\u1eefng \u0111i\u1ec3m n\u1ed5i b\u1eadt c\u1ee7a m\u00e1y tu\u1ed1t n\u00e0y l\u00e0 g\u00ec?<\/h2> <p class=\"translation-block\">Is this machine different from the previous rice and wheat thresher?<br \/> Yes, of course.<br \/> Difference 1: This thresher does not need to change the screen when you threshing different grains, so the operation is very simple. The <a href=\"https:\/\/www.agriculture-machine.com\/vi\/wheat-thresher-for-sale-sorghum-rice-thresher-beans-millet-threshing-machine\/\">other rice and wheat thresher<\/a> needs to change the screen when threshing different grains.<br \/> Difference 2: This 5TD-50 thresher is more customizable. It can equip PTO, big tires, traction frame, etc. It can be customized according to your requirements.<br \/> Difference 3: The output of the 5TD-50 thresher is higher. The output of this TD-50 thresher is 500-800kg per hour, while the output of the previous rice and wheat thresher is 400-500Kg.<br \/> Difference 4: In addition to threshing other grains, this newest thresher can also thresh corn. But <a href=\"https:\/\/www.agriculture-machine.com\/vi\/wheat-thresher-for-sale-sorghum-rice-thresher-beans-millet-threshing-machine\/\">the old thresher can thresh rice and wheat better<\/a>. You can choose the machine according to the grain you want to thresh.<\/p> <div id='gallery-3' class='gallery galleryid-10078 gallery-columns-2 gallery-size-full'><figure class='gallery-item'> \t\t\t<div class='gallery-icon landscape'> \t\t\t\t<a href='https:\/\/www.agriculture-machine.com\/wp-content\/uploads\/2021\/04\/6.jpg'><img loading=\"lazy\" decoding=\"async\" width=\"720\" height=\"540\" src=\"https:\/\/www.agriculture-machine.com\/wp-content\/uploads\/2021\/04\/6.jpg\" class=\"attachment-full size-full\" alt=\"m\u00e1y tu\u1ed1t 5TD-50\" aria-describedby=\"gallery-3-10087\" srcset=\"https:\/\/www.agriculture-machine.com\/wp-content\/uploads\/2021\/04\/6.jpg 720w, https:\/\/www.agriculture-machine.com\/wp-content\/uploads\/2021\/04\/6-360x270.jpg 360w, https:\/\/www.agriculture-machine.com\/wp-content\/uploads\/2021\/04\/6-240x180.jpg 240w\" sizes=\"auto, (max-width: 720px) 100vw, 720px\" \/><\/a> \t\t\t<\/div> \t\t\t\t<figcaption class='wp-caption-text gallery-caption' id='gallery-3-10087'> \t\t\t\tm\u00e1y tu\u1ed1t 5TD-50 \t\t\t\t<\/figcaption><\/figure><figure class='gallery-item'> \t\t\t<div class='gallery-icon landscape'> \t\t\t\t<a href='https:\/\/www.agriculture-machine.com\/wp-content\/uploads\/2021\/04\/wheat-thresher-13.jpg'><img loading=\"lazy\" decoding=\"async\" width=\"600\" height=\"500\" src=\"https:\/\/www.agriculture-machine.com\/wp-content\/uploads\/2021\/04\/wheat-thresher-13.jpg\" class=\"attachment-full size-full\" alt=\"m\u00e1y tu\u1ed1t l\u00faa m\u00ec\" aria-describedby=\"gallery-3-10088\" srcset=\"https:\/\/www.agriculture-machine.com\/wp-content\/uploads\/2021\/04\/wheat-thresher-13.jpg 600w, https:\/\/www.agriculture-machine.com\/wp-content\/uploads\/2021\/04\/wheat-thresher-13-324x270.jpg 324w\" sizes=\"auto, (max-width: 600px) 100vw, 600px\" \/><\/a> \t\t\t<\/div> \t\t\t\t<figcaption class='wp-caption-text gallery-caption' id='gallery-3-10088'> \t\t\t\tm\u00e1y tu\u1ed1t l\u00faa m\u00ec \t\t\t\t<\/figcaption><\/figure> \t\t<\/div>  <h2>Tr\u01b0\u1eddng h\u1ee3p kh\u00e1ch h\u00e0ng<\/h2> <p>L\u00f4 m\u00e1y tu\u1ed1t \u0111a ch\u1ee9c n\u0103ng 5TD-50 m\u1edbi nh\u1ea5t \u0111\u00e3 \u0111\u01b0\u1ee3c b\u00e1n cho Nigeria, ch\u00fang \u0111\u01b0\u1ee3c s\u1eed d\u1ee5ng \u0111\u1ec3 tu\u1ed1t l\u00faa v\u00e0 ng\u00f4. Kh\u00e1ch h\u00e0ng n\u00e0y \u0111\u00e3 \u0111\u1eb7t 5 b\u1ed9 m\u00e1y tu\u1ed1t t\u1ed5ng c\u1ed9ng. V\u00ec \u0111\u00e2y l\u00e0 m\u00e1y m\u1edbi ra m\u1eaft, ch\u00fang t\u00f4i c\u00f3 nhi\u1ec1u h\u00e0ng trong kho, v\u00e0 ch\u00fang t\u00f4i s\u1ebd giao h\u00e0ng cho kh\u00e1ch h\u00e0ng trong v\u00e0i ng\u00e0y.<\/p> <div id='gallery-4' class='gallery galleryid-10078 gallery-columns-2 gallery-size-full'><figure class='gallery-item'> \t\t\t<div class='gallery-icon landscape'> \t\t\t\t<a href='https:\/\/www.agriculture-machine.com\/wp-content\/uploads\/2021\/04\/5TD-50-thresher-machine-in-stock.jpg'><img loading=\"lazy\" decoding=\"async\" width=\"720\" height=\"540\" src=\"https:\/\/www.agriculture-machine.com\/wp-content\/uploads\/2021\/04\/5TD-50-thresher-machine-in-stock.jpg\" class=\"attachment-full size-full\" alt=\"M\u00e1y tu\u1ed1t 5TD-50 c\u00f3 s\u1eb5n trong kho\" aria-describedby=\"gallery-4-10090\" srcset=\"https:\/\/www.agriculture-machine.com\/wp-content\/uploads\/2021\/04\/5TD-50-thresher-machine-in-stock.jpg 720w, https:\/\/www.agriculture-machine.com\/wp-content\/uploads\/2021\/04\/5TD-50-thresher-machine-in-stock-360x270.jpg 360w, https:\/\/www.agriculture-machine.com\/wp-content\/uploads\/2021\/04\/5TD-50-thresher-machine-in-stock-240x180.jpg 240w\" sizes=\"auto, (max-width: 720px) 100vw, 720px\" \/><\/a> \t\t\t<\/div> \t\t\t\t<figcaption class='wp-caption-text gallery-caption' id='gallery-4-10090'> \t\t\t\tM\u00e1y tu\u1ed1t 5TD-50 c\u00f3 s\u1eb5n trong kho \t\t\t\t<\/figcaption><\/figure><figure class='gallery-item'> \t\t\t<div class='gallery-icon landscape'> \t\t\t\t<a href='https:\/\/www.agriculture-machine.com\/wp-content\/uploads\/2021\/04\/5TD-50-thresher-in-stock.jpg'><img loading=\"lazy\" decoding=\"async\" width=\"720\" height=\"540\" src=\"https:\/\/www.agriculture-machine.com\/wp-content\/uploads\/2021\/04\/5TD-50-thresher-in-stock.jpg\" class=\"attachment-full size-full\" alt=\"M\u00e1y tu\u1ed1t 5TD-50 c\u00f3 s\u1eb5n trong kho\" aria-describedby=\"gallery-4-10089\" srcset=\"https:\/\/www.agriculture-machine.com\/wp-content\/uploads\/2021\/04\/5TD-50-thresher-in-stock.jpg 720w, https:\/\/www.agriculture-machine.com\/wp-content\/uploads\/2021\/04\/5TD-50-thresher-in-stock-360x270.jpg 360w, https:\/\/www.agriculture-machine.com\/wp-content\/uploads\/2021\/04\/5TD-50-thresher-in-stock-240x180.jpg 240w\" sizes=\"auto, (max-width: 720px) 100vw, 720px\" \/><\/a> \t\t\t<\/div> \t\t\t\t<figcaption class='wp-caption-text gallery-caption' id='gallery-4-10089'> \t\t\t\tM\u00e1y tu\u1ed1t 5TD-50 c\u00f3 s\u1eb5n trong kho \t\t\t\t<\/figcaption><\/figure><figure class='gallery-item'> \t\t\t<div class='gallery-icon landscape'> \t\t\t\t<a href='https:\/\/www.agriculture-machine.com\/wp-content\/uploads\/2021\/04\/7.jpg'><img loading=\"lazy\" decoding=\"async\" width=\"720\" height=\"540\" src=\"https:\/\/www.agriculture-machine.com\/wp-content\/uploads\/2021\/04\/7.jpg\" class=\"attachment-full size-full\" alt=\"m\u00e1y tu\u1ed1t b\u00e1n\" aria-describedby=\"gallery-4-10092\" srcset=\"https:\/\/www.agriculture-machine.com\/wp-content\/uploads\/2021\/04\/7.jpg 720w, https:\/\/www.agriculture-machine.com\/wp-content\/uploads\/2021\/04\/7-360x270.jpg 360w, https:\/\/www.agriculture-machine.com\/wp-content\/uploads\/2021\/04\/7-240x180.jpg 240w\" sizes=\"auto, (max-width: 720px) 100vw, 720px\" \/><\/a> \t\t\t<\/div> \t\t\t\t<figcaption class='wp-caption-text gallery-caption' id='gallery-4-10092'> \t\t\t\tm\u00e1y tu\u1ed1t b\u00e1n \t\t\t\t<\/figcaption><\/figure><figure class='gallery-item'> \t\t\t<div class='gallery-icon landscape'> \t\t\t\t<a href='https:\/\/www.agriculture-machine.com\/wp-content\/uploads\/2021\/04\/packing-and-shipping-of-5TD-50-thresher-machine.jpg'><img loading=\"lazy\" decoding=\"async\" width=\"720\" height=\"540\" src=\"https:\/\/www.agriculture-machine.com\/wp-content\/uploads\/2021\/04\/packing-and-shipping-of-5TD-50-thresher-machine.jpg\" class=\"attachment-full size-full\" alt=\"\u0111\u00f3ng g\u00f3i v\u00e0 v\u1eadn chuy\u1ec3n m\u00e1y tu\u1ed1t 5TD-50\" aria-describedby=\"gallery-4-10091\" srcset=\"https:\/\/www.agriculture-machine.com\/wp-content\/uploads\/2021\/04\/packing-and-shipping-of-5TD-50-thresher-machine.jpg 720w, https:\/\/www.agriculture-machine.com\/wp-content\/uploads\/2021\/04\/packing-and-shipping-of-5TD-50-thresher-machine-360x270.jpg 360w, https:\/\/www.agriculture-machine.com\/wp-content\/uploads\/2021\/04\/packing-and-shipping-of-5TD-50-thresher-machine-240x180.jpg 240w\" sizes=\"auto, (max-width: 720px) 100vw, 720px\" \/><\/a> \t\t\t<\/div> \t\t\t\t<figcaption class='wp-caption-text gallery-caption' id='gallery-4-10091'> \t\t\t\t\u0111\u00f3ng g\u00f3i v\u00e0 v\u1eadn chuy\u1ec3n m\u00e1y tu\u1ed1t 5TD-50 \t\t\t\t<\/figcaption><\/figure> \t\t<\/div>","protected":false},"excerpt":{"rendered":"<p>The TD series machine is our latest thresher. At present, we have 5TD-50, 5TD-70, 5TD-90, 5TD-125, 5TD-1000. This article mainly shares with you the thresher machine 5TD-50 . What crops can this thresher process? This thresher machine\u00a0can be used for threshing soybean, corn, rice, wheat, quinoa, rape, sorghum, millet, etc. You do not need to [&hellip;]<\/p>\n","protected":false},"author":1,"featured_media":10093,"parent":0,"comment_status":"closed","ping_status":"closed","template":"","tags":[489,491,796,135,2614,158],"product-type":[872],"class_list":["post-10078","product","type-product","status-publish","has-post-thumbnail","hentry","tag-bean","tag-corn","tag-rice","tag-sorghum","tag-thresher","tag-wheat","product-type-thresher-sheller"],"_links":{"self":[{"href":"https:\/\/www.agriculture-machine.com\/vi\/wp-json\/wp\/v2\/product\/10078","targetHints":{"allow":["GET"]}}],"collection":[{"href":"https:\/\/www.agriculture-machine.com\/vi\/wp-json\/wp\/v2\/product"}],"about":[{"href":"https:\/\/www.agriculture-machine.com\/vi\/wp-json\/wp\/v2\/types\/product"}],"author":[{"embeddable":true,"href":"https:\/\/www.agriculture-machine.com\/vi\/wp-json\/wp\/v2\/users\/1"}],"replies":[{"embeddable":true,"href":"https:\/\/www.agriculture-machine.com\/vi\/wp-json\/wp\/v2\/comments?post=10078"}],"wp:featuredmedia":[{"embeddable":true,"href":"https:\/\/www.agriculture-machine.com\/vi\/wp-json\/wp\/v2\/media\/10093"}],"wp:attachment":[{"href":"https:\/\/www.agriculture-machine.com\/vi\/wp-json\/wp\/v2\/media?parent=10078"}],"wp:term":[{"taxonomy":"post_tag","embeddable":true,"href":"https:\/\/www.agriculture-machine.com\/vi\/wp-json\/wp\/v2\/tags?post=10078"},{"taxonomy":"product-type","embeddable":true,"href":"https:\/\/www.agriculture-machine.com\/vi\/wp-json\/wp\/v2\/product-type?post=10078"}],"curies":[{"name":"wp","href":"https:\/\/api.w.org\/{rel}","templated":true}]}}