{"id":10097,"date":"2021-04-22T16:59:16","date_gmt":"2021-04-22T08:59:16","guid":{"rendered":"https:\/\/www.agriculture-machine.com\/?p=10097"},"modified":"2024-09-18T16:15:17","modified_gmt":"2024-09-18T08:15:17","slug":"thresher-5td-70-for-rice-wheat-bean-sorghum-millet-pearl-millet","status":"publish","type":"product","link":"https:\/\/www.agriculture-machine.com\/vi\/thresher-5td-70-for-rice-wheat-bean-sorghum-millet-pearl-millet\/","title":{"rendered":"M\u00e1y xay 5TD-70 cho l\u00faa, ng\u00f4, \u0111\u1eadu, m\u00eda"},"content":{"rendered":"<p class=\"translation-block\">This article will show you the thresher 5TD-70, which is also a multifunctional thresher machine. The difference from the <a href=\"https:\/\/www.agriculture-machine.com\/vi\/walk-behind-rice-transplanter-rice-planting-machine\/\">5TD-50 thresher machine<\/a> is that 5TD-70 thresher can&#8217;t thresh corn. The structure is bigger than 5TD-50 thresher, so it is a medium-sized thresher machine. Let&#8217;s take a look at the 5TD-70 thresher machine.<\/p> <h2>M\u00e1y xay 5TD-70 c\u00f3 th\u1ec3 x\u1eed l\u00fd nh\u1eefng lo\u1ea1i c\u00e2y tr\u1ed3ng n\u00e0o?<\/h2> <p>M\u00e1y xay n\u00e0y c\u00f3 th\u1ec3 xay \u0111\u1eadu broad, \u0111\u1eadu n\u00e0nh, m\u1ea1ch nha, pearl millet, l\u00faa, l\u00faa m\u00ec, chickpea, sorghum, pearl millet, chickpea, v.v. B\u1ea1n c\u00f3 th\u1ec3 li\u00ean h\u1ec7 v\u1edbi ch\u00fang t\u00f4i n\u1ebfu mu\u1ed1n b\u1ea5t k\u1ef3 lo\u1ea1i ng\u0169 c\u1ed1c n\u00e0o. Ch\u00fang t\u00f4i s\u1ebd ph\u00f9 h\u1ee3p m\u00e1y xay ph\u00f9 h\u1ee3p nh\u1ea5t cho b\u1ea1n.<\/p> <figure id=\"attachment_10099\" aria-describedby=\"caption-attachment-10099\" style=\"width: 720px\" class=\"wp-caption alignnone\"><img loading=\"lazy\" decoding=\"async\" class=\"size-full wp-image-10099\" src=\"https:\/\/www.agriculture-machine.com\/wp-content\/uploads\/2021\/04\/thresher-for-rice-wheat-sorghum-bean-millet.jpg\" alt=\"m\u00e1y xay cho l\u00faa, l\u00faa m\u00ec, m\u1ea1ch nha, \u0111\u1eadu, millet\" width=\"720\" height=\"540\" srcset=\"https:\/\/www.agriculture-machine.com\/wp-content\/uploads\/2021\/04\/thresher-for-rice-wheat-sorghum-bean-millet.jpg 720w, https:\/\/www.agriculture-machine.com\/wp-content\/uploads\/2021\/04\/thresher-for-rice-wheat-sorghum-bean-millet-360x270.jpg 360w, https:\/\/www.agriculture-machine.com\/wp-content\/uploads\/2021\/04\/thresher-for-rice-wheat-sorghum-bean-millet-240x180.jpg 240w\" sizes=\"auto, (max-width: 720px) 100vw, 720px\" \/><figcaption id=\"caption-attachment-10099\" class=\"wp-caption-text\">m\u00e1y xay cho l\u00faa, l\u00faa m\u00ec, m\u1ea1ch nha, \u0111\u1eadu, millet<\/figcaption><\/figure> <h2>Hi\u1ec3n th\u1ecb m\u00e1y xay 5TD-50<\/h2> <p>M\u00e1y xay \u0111a ch\u1ee9c n\u0103ng n\u00e0y c\u00f3 th\u1ec3 \u0111\u01b0\u1ee3c s\u01a1n theo nhi\u1ec1u m\u00e0u kh\u00e1c nhau t\u00f9y theo nhu c\u1ea7u c\u1ee7a kh\u00e1ch h\u00e0ng. Ngo\u00e0i ra, b\u00e1nh xe l\u1edbn, khung k\u00e9o v\u00e0 khung chassis c\u00f3 th\u1ec3 t\u00f9y ch\u1ec9nh theo tractor. M\u00e1y xay c\u00f3 hai qu\u1ea1t, v\u00e0 h\u1ea1t sau khi xay r\u1ea5t s\u1ea1ch. M\u00e1y xay ch\u1ec9 c\u00f3 th\u1ec3 trang b\u1ecb \u0111\u1ed9ng c\u01a1 \u0111i\u1ec7n ho\u1eb7c \u0111\u1ed9ng c\u01a1 diesel.<\/p> <div id='gallery-1' class='gallery galleryid-10097 gallery-columns-3 gallery-size-full'><figure class='gallery-item'> \t\t\t<div class='gallery-icon landscape'> \t\t\t\t<a href='https:\/\/www.agriculture-machine.com\/wp-content\/uploads\/2021\/04\/Big-tire-thresher-machine.jpg'><img loading=\"lazy\" decoding=\"async\" width=\"720\" height=\"540\" src=\"https:\/\/www.agriculture-machine.com\/wp-content\/uploads\/2021\/04\/Big-tire-thresher-machine.jpg\" class=\"attachment-full size-full\" alt=\"M\u00e1y xay b\u00e1nh xe l\u1edbn\" aria-describedby=\"gallery-1-10100\" srcset=\"https:\/\/www.agriculture-machine.com\/wp-content\/uploads\/2021\/04\/Big-tire-thresher-machine.jpg 720w, https:\/\/www.agriculture-machine.com\/wp-content\/uploads\/2021\/04\/Big-tire-thresher-machine-360x270.jpg 360w, https:\/\/www.agriculture-machine.com\/wp-content\/uploads\/2021\/04\/Big-tire-thresher-machine-240x180.jpg 240w\" sizes=\"auto, (max-width: 720px) 100vw, 720px\" \/><\/a> \t\t\t<\/div> \t\t\t\t<figcaption class='wp-caption-text gallery-caption' id='gallery-1-10100'> \t\t\t\tM\u00e1y xay b\u00e1nh xe l\u1edbn \t\t\t\t<\/figcaption><\/figure><figure class='gallery-item'> \t\t\t<div class='gallery-icon landscape'> \t\t\t\t<a href='https:\/\/www.agriculture-machine.com\/wp-content\/uploads\/2021\/04\/Big-tire-thresher.jpg'><img loading=\"lazy\" decoding=\"async\" width=\"720\" height=\"540\" src=\"https:\/\/www.agriculture-machine.com\/wp-content\/uploads\/2021\/04\/Big-tire-thresher.jpg\" class=\"attachment-full size-full\" alt=\"M\u00e1y xay b\u00e1nh xe l\u1edbn\" aria-describedby=\"gallery-1-10101\" srcset=\"https:\/\/www.agriculture-machine.com\/wp-content\/uploads\/2021\/04\/Big-tire-thresher.jpg 720w, https:\/\/www.agriculture-machine.com\/wp-content\/uploads\/2021\/04\/Big-tire-thresher-360x270.jpg 360w, https:\/\/www.agriculture-machine.com\/wp-content\/uploads\/2021\/04\/Big-tire-thresher-240x180.jpg 240w\" sizes=\"auto, (max-width: 720px) 100vw, 720px\" \/><\/a> \t\t\t<\/div> \t\t\t\t<figcaption class='wp-caption-text gallery-caption' id='gallery-1-10101'> \t\t\t\tM\u00e1y xay b\u00e1nh xe l\u1edbn \t\t\t\t<\/figcaption><\/figure><figure class='gallery-item'> \t\t\t<div class='gallery-icon landscape'> \t\t\t\t<a href='https:\/\/www.agriculture-machine.com\/wp-content\/uploads\/2021\/04\/Diesel-engine-thresher-machine-5TD-70.jpg'><img loading=\"lazy\" decoding=\"async\" width=\"720\" height=\"540\" src=\"https:\/\/www.agriculture-machine.com\/wp-content\/uploads\/2021\/04\/Diesel-engine-thresher-machine-5TD-70.jpg\" class=\"attachment-full size-full\" alt=\"M\u00e1y xay ch\u1ea1y d\u1ea7u diesel 5TD-70\" aria-describedby=\"gallery-1-10102\" srcset=\"https:\/\/www.agriculture-machine.com\/wp-content\/uploads\/2021\/04\/Diesel-engine-thresher-machine-5TD-70.jpg 720w, https:\/\/www.agriculture-machine.com\/wp-content\/uploads\/2021\/04\/Diesel-engine-thresher-machine-5TD-70-360x270.jpg 360w, https:\/\/www.agriculture-machine.com\/wp-content\/uploads\/2021\/04\/Diesel-engine-thresher-machine-5TD-70-240x180.jpg 240w\" sizes=\"auto, (max-width: 720px) 100vw, 720px\" \/><\/a> \t\t\t<\/div> \t\t\t\t<figcaption class='wp-caption-text gallery-caption' id='gallery-1-10102'> \t\t\t\tM\u00e1y xay ch\u1ea1y d\u1ea7u diesel 5TD-70 \t\t\t\t<\/figcaption><\/figure> \t\t<\/div>  <h2>B\u1ea1n c\u1ea7n bi\u1ebft g\u00ec khi s\u1eed d\u1ee5ng m\u00e1y xay 5TD-70?<\/h2> <ol> <li>B\u1ea1n c\u1ea7n thay m\u00e0n h\u00ecnh khi xay c\u00e1c lo\u1ea1i c\u00e2y tr\u1ed3ng kh\u00e1c nhau.<\/li> <li>T\u1ed1c \u0111\u1ed9 quay c\u1ee7a tr\u1ee5c c\u00e1n kh\u00e1c nhau khi xay l\u00faa v\u00e0 \u0111\u1eadu n\u00e0nh.<\/li> <li>N\u0103ng su\u1ea5t xay l\u00faa v\u00e0 l\u00faa m\u00ec l\u00e0 600-1000kg\/h. N\u0103ng su\u1ea5t xay \u0111\u1eadu n\u00e0nh v\u00e0 m\u1ea1ch nha l\u00e0 400-800kg\/h.<\/li> <\/ol> <h2>Tr\u01b0\u1eddng h\u1ee3p kh\u00e1ch h\u00e0ng<\/h2> <p>M\u1ed9t kh\u00e1ch h\u00e0ng ng\u01b0\u1eddi Zambia \u0111\u00e3 \u0111\u1eb7t h\u00e0ng m\u00e1y xay 5TD-70 v\u1edbi 40 t\u1ee7 cao t\u1eeb ch\u00fang t\u00f4i, d\u00f9ng \u0111\u1ec3 xay l\u00faa, l\u00faa m\u00ec v\u00e0 \u0111\u1eadu n\u00e0nh. Ch\u00fang t\u00f4i \u0111\u00e3 c\u1ea5u h\u00ecnh ba lo\u1ea1i m\u00e0n h\u00ecnh cho kh\u00e1ch h\u00e0ng. Ch\u00fang l\u00e0 c\u00e1c m\u1eabu \u0111\u1ed9ng c\u01a1, m\u1ed9t s\u1ed1 l\u00e0 m\u1eabu diesel. M\u1ee5c ti\u00eau c\u1ee7a ch\u00fang t\u00f4i l\u00e0 \u0111\u00e1p \u1ee9ng t\u1ea5t c\u1ea3 c\u00e1c nhu c\u1ea7u c\u1ee7a kh\u00e1ch h\u00e0ng. N\u1ebfu b\u1ea1n c\u1ea7n b\u1ea5t k\u1ef3 m\u00e1y m\u00f3c n\u00f4ng nghi\u1ec7p n\u00e0o, b\u1ea1n c\u00f3 th\u1ec3 li\u00ean h\u1ec7 v\u1edbi ch\u00fang t\u00f4i.<\/p> <div id='gallery-2' class='gallery galleryid-10097 gallery-columns-2 gallery-size-full'><figure class='gallery-item'> \t\t\t<div class='gallery-icon landscape'> \t\t\t\t<a href='https:\/\/www.agriculture-machine.com\/wp-content\/uploads\/2021\/04\/packing.jpg'><img loading=\"lazy\" decoding=\"async\" width=\"720\" height=\"540\" src=\"https:\/\/www.agriculture-machine.com\/wp-content\/uploads\/2021\/04\/packing.jpg\" class=\"attachment-full size-full\" alt=\"\u0111\u00f3ng g\u00f3i\" aria-describedby=\"gallery-2-10103\" srcset=\"https:\/\/www.agriculture-machine.com\/wp-content\/uploads\/2021\/04\/packing.jpg 720w, https:\/\/www.agriculture-machine.com\/wp-content\/uploads\/2021\/04\/packing-360x270.jpg 360w, https:\/\/www.agriculture-machine.com\/wp-content\/uploads\/2021\/04\/packing-240x180.jpg 240w\" sizes=\"auto, (max-width: 720px) 100vw, 720px\" \/><\/a> \t\t\t<\/div> \t\t\t\t<figcaption class='wp-caption-text gallery-caption' id='gallery-2-10103'> \t\t\t\t\u0111\u00f3ng g\u00f3i \t\t\t\t<\/figcaption><\/figure><figure class='gallery-item'> \t\t\t<div class='gallery-icon landscape'> \t\t\t\t<a href='https:\/\/www.agriculture-machine.com\/wp-content\/uploads\/2021\/04\/shipping.jpg'><img loading=\"lazy\" decoding=\"async\" width=\"720\" height=\"540\" src=\"https:\/\/www.agriculture-machine.com\/wp-content\/uploads\/2021\/04\/shipping.jpg\" class=\"attachment-full size-full\" alt=\"v\u1eadn chuy\u1ec3n\" aria-describedby=\"gallery-2-10104\" srcset=\"https:\/\/www.agriculture-machine.com\/wp-content\/uploads\/2021\/04\/shipping.jpg 720w, https:\/\/www.agriculture-machine.com\/wp-content\/uploads\/2021\/04\/shipping-360x270.jpg 360w, https:\/\/www.agriculture-machine.com\/wp-content\/uploads\/2021\/04\/shipping-240x180.jpg 240w\" sizes=\"auto, (max-width: 720px) 100vw, 720px\" \/><\/a> \t\t\t<\/div> \t\t\t\t<figcaption class='wp-caption-text gallery-caption' id='gallery-2-10104'> \t\t\t\tv\u1eadn chuy\u1ec3n \t\t\t\t<\/figcaption><\/figure> \t\t<\/div>  <h2>Th\u00f4ng s\u1ed1 k\u1ef9 thu\u1eadt<\/h2> <table> <tbody> <tr> <td width=\"534\">M\u1eabu<\/td> <td width=\"632\">5TD-70<\/td> <\/tr> <tr> <td>C\u00f4ng su\u1ea5t<\/td> <td>\u0110\u1ed9ng c\u01a1 7.5kw, 380v ho\u1eb7c \u0111\u1ed9ng c\u01a1 diesel 12-15 hp<\/td> <\/tr> <tr> <td>Tr\u1ecdng l\u01b0\u1ee3ng m\u00e1y<\/td> <td>230kg<\/td> <\/tr> <tr> <td>T\u1ed1c \u0111\u1ed9 tr\u1ee5c ch\u00ednh<\/td> <td>1200v\/ph\u00fat<\/td> <\/tr> <tr> <td>K\u00edch th\u01b0\u1edbc m\u00e1y<\/td> <td>1340*2030*1380mm<\/td> <\/tr> <tr> <td>K\u00edch th\u01b0\u1edbc \u0111\u00f3ng g\u00f3i<\/td> <td>1050*850*1300mm<\/td> <\/tr> <tr> <td>Qu\u1ea1t \u0111\u00f4i<\/td> <td>2500v\/ph\u00fat<\/td> <\/tr> <tr> <td>S\u1ea3n l\u01b0\u1ee3ng<\/td> <td>600\u20141000kg\/h (l\u00faa v\u00e0 l\u00faa m\u00ec)<\/p> <p>400&#8211;800kg\/h(bean sorghum)<\/td> <\/tr> <\/tbody> <\/table>","protected":false},"excerpt":{"rendered":"<p>This article will show you the thresher 5TD-70, which is also a multifunctional thresher machine. The difference from the 5TD-50 thresher machine is that 5TD-70 thresher can&#8217;t thresh corn. The structure is bigger than 5TD-50 thresher, so it is a medium-sized thresher machine. Let&#8217;s take a look at the 5TD-70 thresher machine. What crops does [&hellip;]<\/p>\n","protected":false},"author":1,"featured_media":10098,"parent":0,"comment_status":"closed","ping_status":"closed","template":"","tags":[796,135,2614,158],"product-type":[872],"class_list":["post-10097","product","type-product","status-publish","has-post-thumbnail","hentry","tag-rice","tag-sorghum","tag-thresher","tag-wheat","product-type-thresher-sheller"],"_links":{"self":[{"href":"https:\/\/www.agriculture-machine.com\/vi\/wp-json\/wp\/v2\/product\/10097","targetHints":{"allow":["GET"]}}],"collection":[{"href":"https:\/\/www.agriculture-machine.com\/vi\/wp-json\/wp\/v2\/product"}],"about":[{"href":"https:\/\/www.agriculture-machine.com\/vi\/wp-json\/wp\/v2\/types\/product"}],"author":[{"embeddable":true,"href":"https:\/\/www.agriculture-machine.com\/vi\/wp-json\/wp\/v2\/users\/1"}],"replies":[{"embeddable":true,"href":"https:\/\/www.agriculture-machine.com\/vi\/wp-json\/wp\/v2\/comments?post=10097"}],"wp:featuredmedia":[{"embeddable":true,"href":"https:\/\/www.agriculture-machine.com\/vi\/wp-json\/wp\/v2\/media\/10098"}],"wp:attachment":[{"href":"https:\/\/www.agriculture-machine.com\/vi\/wp-json\/wp\/v2\/media?parent=10097"}],"wp:term":[{"taxonomy":"post_tag","embeddable":true,"href":"https:\/\/www.agriculture-machine.com\/vi\/wp-json\/wp\/v2\/tags?post=10097"},{"taxonomy":"product-type","embeddable":true,"href":"https:\/\/www.agriculture-machine.com\/vi\/wp-json\/wp\/v2\/product-type?post=10097"}],"curies":[{"name":"wp","href":"https:\/\/api.w.org\/{rel}","templated":true}]}}