{"id":10112,"date":"2021-04-23T11:38:08","date_gmt":"2021-04-23T03:38:08","guid":{"rendered":"https:\/\/www.agriculture-machine.com\/?p=10112"},"modified":"2024-09-18T16:16:29","modified_gmt":"2024-09-18T08:16:29","slug":"thresher-machine-5td-90-for-rice-wheat-beans-millet-sorghum","status":"publish","type":"product","link":"https:\/\/www.agriculture-machine.com\/vi\/thresher-machine-5td-90-for-rice-wheat-beans-millet-sorghum\/","title":{"rendered":"M\u00e1y xay x\u00e1t 5TD-90 cho g\u1ea1o, l\u00faa m\u00ec, \u0111\u1eadu, millet, s\u1eafn"},"content":{"rendered":"<p class=\"translation-block\">M\u00e1y t\u00e1ch 5TD-90 l\u00e0 phi\u00ean b\u1ea3n n\u00e2ng c\u1ea5p c\u1ee7a <a href=\"https:\/\/www.agriculture-machine.com\/vi\/thresher-machine-5td-50-for-rice-wheat-bean-corn-sorghum-millet\/\">m\u00e1y t\u00e1ch 5TD-50<\/a> v\u00e0 <a href=\"https:\/\/www.agriculture-machine.com\/vi\/thresher-5td-70-for-rice-wheat-bean-sorghum-millet-pearl-millet\/\">m\u00e1y t\u00e1ch 5TD-70<\/a>. C\u00f4ng su\u1ea5t c\u1ee7a n\u00f3 cao h\u01a1n. N\u00f3 c\u0169ng l\u00e0 m\u1ed9t m\u00e1y t\u00e1ch \u0111a ch\u1ee9c n\u0103ng, c\u00f3 th\u1ec3 t\u00e1ch nhi\u1ec1u lo\u1ea1i h\u1ea1t. N\u00f3 s\u1eed d\u1ee5ng \u0111\u1ed9ng c\u01a1 \u0111i\u1ec7n m\u1ed9t pha 7.5kw ho\u1eb7c \u0111\u1ed9ng c\u01a1 diesel 12 m\u00e3 l\u1ef1c l\u00e0m ngu\u1ed3n n\u0103ng l\u01b0\u1ee3ng.<\/p> <h2>C\u00e1c lo\u1ea1i c\u00e2y tr\u1ed3ng n\u00e0o m\u00e1y t\u00e1ch l\u00faa 5TD-90 c\u00f3 th\u1ec3 x\u1eed l\u00fd?<\/h2> <p>M\u00e1y t\u00e1ch l\u00faa 5TD-90 d\u00f9ng \u0111\u1ec3 t\u00e1ch g\u1ea1o, l\u00faa m\u00ec, \u0111\u1eadu, k\u00ea, m\u1ec5, h\u1ea1t c\u1ecf m\u1ea7n tr\u1ea7u, \u0111\u1eadu n\u00e0nh, \u0111\u1eadu chickpea, \u0111\u1eadu broad, v.v. B\u1ea1n ch\u1ec9 c\u1ea7n thay m\u00e0n h\u00ecnh khi t\u00e1ch c\u00e1c lo\u1ea1i c\u00e2y tr\u1ed3ng kh\u00e1c nhau. D\u1ec5 v\u1eadn h\u00e0nh, gi\u00fap gi\u1ea3m b\u1edbt c\u00f4ng vi\u1ec7c th\u1ee7 c\u00f4ng n\u1eb7ng nh\u1ecdc c\u1ee7a n\u00f4ng d\u00e2n.<\/p> <figure id=\"attachment_10114\" aria-describedby=\"caption-attachment-10114\" style=\"width: 720px\" class=\"wp-caption alignnone\"><img loading=\"lazy\" decoding=\"async\" class=\"size-full wp-image-10114\" src=\"https:\/\/www.agriculture-machine.com\/wp-content\/uploads\/2021\/04\/thresher-machine-5TD-90-for-rice-corn-wheat-bean.jpg\" alt=\"M\u00e1y t\u00e1ch 5TD-90 cho g\u1ea1o \" width=\"720\" height=\"540\" srcset=\"https:\/\/www.agriculture-machine.com\/wp-content\/uploads\/2021\/04\/thresher-machine-5TD-90-for-rice-corn-wheat-bean.jpg 720w, https:\/\/www.agriculture-machine.com\/wp-content\/uploads\/2021\/04\/thresher-machine-5TD-90-for-rice-corn-wheat-bean-360x270.jpg 360w, https:\/\/www.agriculture-machine.com\/wp-content\/uploads\/2021\/04\/thresher-machine-5TD-90-for-rice-corn-wheat-bean-240x180.jpg 240w\" sizes=\"auto, (max-width: 720px) 100vw, 720px\" \/><figcaption id=\"caption-attachment-10114\" class=\"wp-caption-text\">M\u00e1y t\u00e1ch 5TD-90 cho g\u1ea1o<\/figcaption><\/figure> <h2>Nh\u1eefng \u01b0u \u0111i\u1ec3m c\u1ee7a m\u00e1y t\u00e1ch l\u00faa 5TD-90 l\u00e0 g\u00ec?<\/h2> <p>M\u00e1y t\u00e1ch l\u00faa n\u00e0y c\u00f3 hai qu\u1ea1t, v\u00ec v\u1eady sau khi t\u00e1ch h\u1ea1t r\u1ea5t s\u1ea1ch. M\u00e1y t\u00e1ch l\u00faa c\u00f2n c\u00f3 th\u1ec3 trang b\u1ecb b\u00e1nh xe l\u1edbn v\u00e0 khung d\u1ec5 d\u00e0ng k\u1ebft n\u1ed1i v\u1edbi m\u00e1y k\u00e9o. V\u00ec v\u1eady, d\u1ec5 di chuy\u1ec3n v\u00e0 c\u00f3 th\u1ec3 \u0111i tr\u00ean m\u1ecdi lo\u1ea1i \u0111\u1ea5t. T\u1ef7 l\u1ec7 v\u1ee1 c\u1ee7a g\u1ea1o ho\u1eb7c l\u00faa m\u00ec ch\u1ec9 l\u00e0 0.1%. M\u1ed9t s\u1ed1 g\u1ea1o ra t\u1eeb m\u00e1y 5TD-90 b\u1ecb v\u1ee1.<\/p> <div id='gallery-1' class='gallery galleryid-10112 gallery-columns-2 gallery-size-full'><figure class='gallery-item'> \t\t\t<div class='gallery-icon landscape'> \t\t\t\t<a href='https:\/\/www.agriculture-machine.com\/wp-content\/uploads\/2021\/04\/thresher-machine-1.jpg'><img loading=\"lazy\" decoding=\"async\" width=\"720\" height=\"540\" src=\"https:\/\/www.agriculture-machine.com\/wp-content\/uploads\/2021\/04\/thresher-machine-1.jpg\" class=\"attachment-full size-full\" alt=\"M\u00e1y t\u00e1ch\" aria-describedby=\"gallery-1-10118\" srcset=\"https:\/\/www.agriculture-machine.com\/wp-content\/uploads\/2021\/04\/thresher-machine-1.jpg 720w, https:\/\/www.agriculture-machine.com\/wp-content\/uploads\/2021\/04\/thresher-machine-1-360x270.jpg 360w, https:\/\/www.agriculture-machine.com\/wp-content\/uploads\/2021\/04\/thresher-machine-1-240x180.jpg 240w\" sizes=\"auto, (max-width: 720px) 100vw, 720px\" \/><\/a> \t\t\t<\/div> \t\t\t\t<figcaption class='wp-caption-text gallery-caption' id='gallery-1-10118'> \t\t\t\tM\u00e1y t\u00e1ch \t\t\t\t<\/figcaption><\/figure><figure class='gallery-item'> \t\t\t<div class='gallery-icon landscape'> \t\t\t\t<a href='https:\/\/www.agriculture-machine.com\/wp-content\/uploads\/2021\/04\/grain-thresher-machine.jpg'><img loading=\"lazy\" decoding=\"async\" width=\"720\" height=\"540\" src=\"https:\/\/www.agriculture-machine.com\/wp-content\/uploads\/2021\/04\/grain-thresher-machine.jpg\" class=\"attachment-full size-full\" alt=\"M\u00e1y t\u00e1ch h\u1ea1t\" aria-describedby=\"gallery-1-10115\" srcset=\"https:\/\/www.agriculture-machine.com\/wp-content\/uploads\/2021\/04\/grain-thresher-machine.jpg 720w, https:\/\/www.agriculture-machine.com\/wp-content\/uploads\/2021\/04\/grain-thresher-machine-360x270.jpg 360w, https:\/\/www.agriculture-machine.com\/wp-content\/uploads\/2021\/04\/grain-thresher-machine-240x180.jpg 240w\" sizes=\"auto, (max-width: 720px) 100vw, 720px\" \/><\/a> \t\t\t<\/div> \t\t\t\t<figcaption class='wp-caption-text gallery-caption' id='gallery-1-10115'> \t\t\t\tM\u00e1y t\u00e1ch h\u1ea1t \t\t\t\t<\/figcaption><\/figure><figure class='gallery-item'> \t\t\t<div class='gallery-icon landscape'> \t\t\t\t<a href='https:\/\/www.agriculture-machine.com\/wp-content\/uploads\/2021\/04\/in-stock.jpg'><img loading=\"lazy\" decoding=\"async\" width=\"720\" height=\"422\" src=\"https:\/\/www.agriculture-machine.com\/wp-content\/uploads\/2021\/04\/in-stock.jpg\" class=\"attachment-full size-full\" alt=\"C\u00f3 s\u1eb5n trong kho\" aria-describedby=\"gallery-1-10116\" srcset=\"https:\/\/www.agriculture-machine.com\/wp-content\/uploads\/2021\/04\/in-stock.jpg 720w, https:\/\/www.agriculture-machine.com\/wp-content\/uploads\/2021\/04\/in-stock-360x211.jpg 360w\" sizes=\"auto, (max-width: 720px) 100vw, 720px\" \/><\/a> \t\t\t<\/div> \t\t\t\t<figcaption class='wp-caption-text gallery-caption' id='gallery-1-10116'> \t\t\t\tC\u00f3 s\u1eb5n trong kho \t\t\t\t<\/figcaption><\/figure><figure class='gallery-item'> \t\t\t<div class='gallery-icon landscape'> \t\t\t\t<a href='https:\/\/www.agriculture-machine.com\/wp-content\/uploads\/2021\/04\/thresher-machine-in-stock.jpg'><img loading=\"lazy\" decoding=\"async\" width=\"720\" height=\"422\" src=\"https:\/\/www.agriculture-machine.com\/wp-content\/uploads\/2021\/04\/thresher-machine-in-stock.jpg\" class=\"attachment-full size-full\" alt=\"M\u00e1y t\u00e1ch c\u00f3 s\u1eb5n trong kho\" aria-describedby=\"gallery-1-10117\" srcset=\"https:\/\/www.agriculture-machine.com\/wp-content\/uploads\/2021\/04\/thresher-machine-in-stock.jpg 720w, https:\/\/www.agriculture-machine.com\/wp-content\/uploads\/2021\/04\/thresher-machine-in-stock-360x211.jpg 360w\" sizes=\"auto, (max-width: 720px) 100vw, 720px\" \/><\/a> \t\t\t<\/div> \t\t\t\t<figcaption class='wp-caption-text gallery-caption' id='gallery-1-10117'> \t\t\t\tM\u00e1y t\u00e1ch c\u00f3 s\u1eb5n trong kho \t\t\t\t<\/figcaption><\/figure> \t\t<\/div>  <h2>C\u1ea5u tr\u00fac c\u1ee7a m\u00e1y t\u00e1ch h\u1ea1t<\/h2> <p>C\u1ea5u tr\u00fac c\u1ee7a m\u00e1y t\u00e1ch h\u1ea1t n\u00e0y \u0111\u01a1n gi\u1ea3n, d\u1ec5 v\u1eadn h\u00e0nh v\u00e0 b\u1ea3o tr\u00ec. N\u1eafp c\u1ee7a m\u00e1y t\u00e1ch h\u1ea1t c\u00f3 th\u1ec3 d\u1ec5 d\u00e0ng m\u1edf ra \u0111\u1ec3 ki\u1ec3m tra v\u00e0 l\u00e0m s\u1ea1ch. M\u00e1y t\u00e1ch h\u1ea1t n\u00e0y c\u00f3 th\u1ec3 ho\u1ea1t \u0111\u1ed9ng b\u00ecnh th\u01b0\u1eddng d\u01b0\u1edbi \u0111i\u1ec1u ki\u1ec7n t\u1ea3i \u0111\u1ea7y v\u00e0 c\u00f3 hi\u1ec7u su\u1ea5t s\u1ea3n xu\u1ea5t cao, ti\u00eau th\u1ee5 n\u0103ng l\u01b0\u1ee3ng th\u1ea5p.<\/p> <div id='gallery-2' class='gallery galleryid-10112 gallery-columns-2 gallery-size-full'><figure class='gallery-item'> \t\t\t<div class='gallery-icon landscape'> \t\t\t\t<a href='https:\/\/www.agriculture-machine.com\/wp-content\/uploads\/2021\/04\/structure-details-of-thresher-machine-5TD-90.jpg'><img loading=\"lazy\" decoding=\"async\" width=\"720\" height=\"540\" src=\"https:\/\/www.agriculture-machine.com\/wp-content\/uploads\/2021\/04\/structure-details-of-thresher-machine-5TD-90.jpg\" class=\"attachment-full size-full\" alt=\"Chi ti\u1ebft c\u1ea5u tr\u00fac c\u1ee7a m\u00e1y t\u00e1ch 5TD-90\" aria-describedby=\"gallery-2-10119\" srcset=\"https:\/\/www.agriculture-machine.com\/wp-content\/uploads\/2021\/04\/structure-details-of-thresher-machine-5TD-90.jpg 720w, https:\/\/www.agriculture-machine.com\/wp-content\/uploads\/2021\/04\/structure-details-of-thresher-machine-5TD-90-360x270.jpg 360w, https:\/\/www.agriculture-machine.com\/wp-content\/uploads\/2021\/04\/structure-details-of-thresher-machine-5TD-90-240x180.jpg 240w\" sizes=\"auto, (max-width: 720px) 100vw, 720px\" \/><\/a> \t\t\t<\/div> \t\t\t\t<figcaption class='wp-caption-text gallery-caption' id='gallery-2-10119'> \t\t\t\tChi ti\u1ebft c\u1ea5u tr\u00fac c\u1ee7a m\u00e1y t\u00e1ch 5TD-90 \t\t\t\t<\/figcaption><\/figure><figure class='gallery-item'> \t\t\t<div class='gallery-icon landscape'> \t\t\t\t<a href='https:\/\/www.agriculture-machine.com\/wp-content\/uploads\/2021\/04\/structure-of-thresher-machine.jpg'><img loading=\"lazy\" decoding=\"async\" width=\"720\" height=\"540\" src=\"https:\/\/www.agriculture-machine.com\/wp-content\/uploads\/2021\/04\/structure-of-thresher-machine.jpg\" class=\"attachment-full size-full\" alt=\"C\u1ea5u tr\u00fac c\u1ee7a m\u00e1y t\u00e1ch\" aria-describedby=\"gallery-2-10120\" srcset=\"https:\/\/www.agriculture-machine.com\/wp-content\/uploads\/2021\/04\/structure-of-thresher-machine.jpg 720w, https:\/\/www.agriculture-machine.com\/wp-content\/uploads\/2021\/04\/structure-of-thresher-machine-360x270.jpg 360w, https:\/\/www.agriculture-machine.com\/wp-content\/uploads\/2021\/04\/structure-of-thresher-machine-240x180.jpg 240w\" sizes=\"auto, (max-width: 720px) 100vw, 720px\" \/><\/a> \t\t\t<\/div> \t\t\t\t<figcaption class='wp-caption-text gallery-caption' id='gallery-2-10120'> \t\t\t\tC\u1ea5u tr\u00fac c\u1ee7a m\u00e1y t\u00e1ch \t\t\t\t<\/figcaption><\/figure> \t\t<\/div>  <h2>Th\u00f4ng s\u1ed1 k\u1ef9 thu\u1eadt<\/h2> <table> <tbody> <tr> <td>T\u1ed1c \u0111\u1ed9 quay c\u1ee7a tr\u1ee5c t\u00e1ch<\/td> <td>900-1040 r\/ph\u00fat<\/td> <\/tr> <tr> <td>\u00a0\u00a0\u00a0\u00a0\u00a0C\u00f4ng su\u1ea5t<\/td> <td>\u0110\u1ed9ng c\u01a1 7.5kw ho\u1eb7c \u0111\u1ed9ng c\u01a1 diesel 12-15HP<\/td> <\/tr> <tr> <td>Ph\u01b0\u01a1ng ph\u00e1p l\u00e0m s\u1ea1ch<\/td> <td>L\u01b0\u1edbi rung, qu\u1ea1t l\u1edbn<\/td> <\/tr> <tr> <td>T\u1ea7n s\u1ed1 rung<\/td> <td>340<\/td> <\/tr> <tr> <td>T\u1ed1c \u0111\u1ed9 quay qu\u1ea1t<\/td> <td>1040 -1100r\/ph\u00fat<\/td> <\/tr> <tr> <td>\u0110\u01b0\u1eddng k\u00ednh qu\u1ea1t<\/td> <td>D=480mm<\/td> <\/tr> <tr> <td>\u00b7<\/p> <p>\u0110\u01b0\u1eddng k\u00ednh tr\u1ed1ng x chi\u1ec1u d\u00e0i<\/p> <p>\u00b7<\/td> <td>D=520mm; L=900mm<\/td> <\/tr> <tr> <td>Dung t\u00edch<\/td> <td>800-1200 Kg\/h<\/td> <\/tr> <tr> <td>\u00a0\u00a0\u00a0\u00a0\u00a0\u00a0Tr\u1ecdng l\u01b0\u1ee3ng<\/td> <td>260 Kg<\/td> <\/tr> <tr> <td>T\u1ef7 l\u1ec7 v\u1ee1 h\u1ea1t (%)<\/td> <td>\u22640.5<\/td> <\/tr> <tr> <td>T\u1ef7 l\u1ec7 t\u00e1ch (%)<\/td> <td>\u226599<\/td> <\/tr> <tr> <td>T\u1ef7 l\u1ec7 th\u1ea5t tho\u00e1t (%)<\/td> <td>\u22641.0<\/td> <\/tr> <tr> <td>K\u00edch th\u01b0\u1edbc<\/td> <td>310*170*140cm<\/td> <\/tr> <\/tbody> <\/table>","protected":false},"excerpt":{"rendered":"<p>Thresher machine 5TD-90 is an upgraded version of 5TD-50 thresher machine and 5TD-70 thresher machine. Its output is higher. It is also a multi-functional thresher machine, which can thresher a variety of grains. It use 7.5kw single phase electric motor or 12 hp diesel engine as power. What crops do the 5TD-90 wheat thresher can [&hellip;]<\/p>\n","protected":false},"author":1,"featured_media":10113,"parent":0,"comment_status":"closed","ping_status":"closed","template":"","tags":[36,94,796,135,2614,158],"product-type":[872],"class_list":["post-10112","product","type-product","status-publish","has-post-thumbnail","hentry","tag-beans","tag-millet","tag-rice","tag-sorghum","tag-thresher","tag-wheat","product-type-thresher-sheller"],"_links":{"self":[{"href":"https:\/\/www.agriculture-machine.com\/vi\/wp-json\/wp\/v2\/product\/10112","targetHints":{"allow":["GET"]}}],"collection":[{"href":"https:\/\/www.agriculture-machine.com\/vi\/wp-json\/wp\/v2\/product"}],"about":[{"href":"https:\/\/www.agriculture-machine.com\/vi\/wp-json\/wp\/v2\/types\/product"}],"author":[{"embeddable":true,"href":"https:\/\/www.agriculture-machine.com\/vi\/wp-json\/wp\/v2\/users\/1"}],"replies":[{"embeddable":true,"href":"https:\/\/www.agriculture-machine.com\/vi\/wp-json\/wp\/v2\/comments?post=10112"}],"wp:featuredmedia":[{"embeddable":true,"href":"https:\/\/www.agriculture-machine.com\/vi\/wp-json\/wp\/v2\/media\/10113"}],"wp:attachment":[{"href":"https:\/\/www.agriculture-machine.com\/vi\/wp-json\/wp\/v2\/media?parent=10112"}],"wp:term":[{"taxonomy":"post_tag","embeddable":true,"href":"https:\/\/www.agriculture-machine.com\/vi\/wp-json\/wp\/v2\/tags?post=10112"},{"taxonomy":"product-type","embeddable":true,"href":"https:\/\/www.agriculture-machine.com\/vi\/wp-json\/wp\/v2\/product-type?post=10112"}],"curies":[{"name":"wp","href":"https:\/\/api.w.org\/{rel}","templated":true}]}}