{"id":10136,"date":"2021-04-26T16:16:15","date_gmt":"2021-04-26T08:16:15","guid":{"rendered":"https:\/\/www.agriculture-machine.com\/?p=10136"},"modified":"2024-09-18T16:15:45","modified_gmt":"2024-09-18T08:15:45","slug":"thresher-machine-5td-125-for-beans-rice-wheat-corn-sorghum","status":"publish","type":"product","link":"https:\/\/www.agriculture-machine.com\/vi\/thresher-machine-5td-125-for-beans-rice-wheat-corn-sorghum\/","title":{"rendered":"M\u00e1y \u0111\u1eadp 5TD-125 cho \u0111\u1eadu, g\u1ea1o, l\u00faa m\u00ec, ng\u00f4, k\u00ea"},"content":{"rendered":"<h2>M\u00e1y xay 5TD-125 c\u00f3 th\u1ec3 x\u1eed l\u00fd c\u00e1c lo\u1ea1i c\u00e2y tr\u1ed3ng n\u00e0o?<\/h2> <p>M\u1eabu m\u00e1y xay n\u00e0y ch\u1ee7 y\u1ebfu d\u00f9ng \u0111\u1ec3 xay c\u00e1c lo\u1ea1i c\u00e2y tr\u1ed3ng nh\u01b0 l\u00faa m\u00ec, ng\u00f4, \u0111\u1eadu n\u00e0nh, l\u00faa m\u1ea1ch, g\u1ea1o, s\u1eafn, m\u1ea1ch nha, m\u1ea1ch nha ng\u1ecdc trai v\u00e0 c\u00e1c lo\u1ea1i c\u00e2y tr\u1ed3ng kh\u00e1c. N\u00f3 c\u00f3 c\u1ea5u tr\u00fac \u0111\u01a1n gi\u1ea3n, d\u1ec5 v\u1eadn h\u00e0nh v\u00e0 hi\u1ec7u qu\u1ea3 cao.<\/p> <figure id=\"attachment_10138\" aria-describedby=\"caption-attachment-10138\" style=\"width: 720px\" class=\"wp-caption alignnone\"><img loading=\"lazy\" decoding=\"async\" class=\"size-full wp-image-10138\" src=\"https:\/\/www.agriculture-machine.com\/wp-content\/uploads\/2021\/04\/5TD-125-thresher-machine-for-wheat-rice-sorghum-bean-millet.jpg\" alt=\"M\u00e1y xay 5TD-125 cho l\u00faa m\u00ec, l\u00faa, s\u1eafn, \u0111\u1eadu, m\u1ea1ch nha\" width=\"720\" height=\"540\" srcset=\"https:\/\/www.agriculture-machine.com\/wp-content\/uploads\/2021\/04\/5TD-125-thresher-machine-for-wheat-rice-sorghum-bean-millet.jpg 720w, https:\/\/www.agriculture-machine.com\/wp-content\/uploads\/2021\/04\/5TD-125-thresher-machine-for-wheat-rice-sorghum-bean-millet-360x270.jpg 360w, https:\/\/www.agriculture-machine.com\/wp-content\/uploads\/2021\/04\/5TD-125-thresher-machine-for-wheat-rice-sorghum-bean-millet-240x180.jpg 240w\" sizes=\"auto, (max-width: 720px) 100vw, 720px\" \/><figcaption id=\"caption-attachment-10138\" class=\"wp-caption-text\">M\u00e1y xay 5TD-125 cho l\u00faa m\u00ec, l\u00faa, s\u1eafn, \u0111\u1eadu, m\u1ea1ch nha<\/figcaption><\/figure> <h2>C\u00e1c y\u00eau c\u1ea7u \u0111\u1ed1i v\u1edbi c\u00e2y tr\u1ed3ng khi xay x\u00e1t l\u00e0 g\u00ec?<\/h2> <p>Nh\u01b0 \u0111\u00e3 \u0111\u1ec1 c\u1eadp \u1edf tr\u00ean, m\u00e1y xay n\u00e0y c\u00f3 th\u1ec3 t\u00e1ch ra t\u1eeb nhi\u1ec1u lo\u1ea1i c\u00e2y tr\u1ed3ng. \u1ede \u0111\u00e2y ch\u00fang t\u00f4i l\u1ea5y g\u1ea1o, l\u00faa m\u00ec v\u00e0 s\u1eafn l\u00e0m v\u00ed d\u1ee5 \u0111\u1ec3 minh h\u1ecda nhu c\u1ea7u v\u1ec1 c\u00e2y tr\u1ed3ng khi s\u1eed d\u1ee5ng m\u00e1y.<br \/> L\u00faa m\u00ec<br \/> \u0110\u1ed9 \u1ea9m c\u1ee7a l\u00faa m\u00ec l\u00e0 15-20%.<br \/> \u0110\u1ed9 \u1ea9m th\u00e2n c\u00e2y: 10-25%.<br \/> T\u1ef7 l\u1ec7 c\u1ecf tr\u00ean h\u1ea1t: 0.8-1.2<br \/> G\u1ea1o<br \/> \u0110\u1ed9 \u1ea9m c\u1ee7a g\u1ea1o l\u00e0 15-28%.<br \/> T\u1ef7 l\u1ec7 c\u1ecf tr\u00ean h\u1ea1t l\u00e0 1.0-2.4<\/p> <div id='gallery-1' class='gallery galleryid-10136 gallery-columns-3 gallery-size-full'><figure class='gallery-item'> \t\t\t<div class='gallery-icon landscape'> \t\t\t\t<a href='https:\/\/www.agriculture-machine.com\/wp-content\/uploads\/2021\/04\/5TD-125-thresher-machine-for-wheat.jpg'><img loading=\"lazy\" decoding=\"async\" width=\"720\" height=\"540\" src=\"https:\/\/www.agriculture-machine.com\/wp-content\/uploads\/2021\/04\/5TD-125-thresher-machine-for-wheat.jpg\" class=\"attachment-full size-full\" alt=\"M\u00e1y xay 5TD-125 cho l\u00faa m\u00ec\" aria-describedby=\"gallery-1-10141\" srcset=\"https:\/\/www.agriculture-machine.com\/wp-content\/uploads\/2021\/04\/5TD-125-thresher-machine-for-wheat.jpg 720w, https:\/\/www.agriculture-machine.com\/wp-content\/uploads\/2021\/04\/5TD-125-thresher-machine-for-wheat-360x270.jpg 360w, https:\/\/www.agriculture-machine.com\/wp-content\/uploads\/2021\/04\/5TD-125-thresher-machine-for-wheat-240x180.jpg 240w\" sizes=\"auto, (max-width: 720px) 100vw, 720px\" \/><\/a> \t\t\t<\/div> \t\t\t\t<figcaption class='wp-caption-text gallery-caption' id='gallery-1-10141'> \t\t\t\tM\u00e1y xay 5TD-125 cho l\u00faa m\u00ec \t\t\t\t<\/figcaption><\/figure><figure class='gallery-item'> \t\t\t<div class='gallery-icon landscape'> \t\t\t\t<a href='https:\/\/www.agriculture-machine.com\/wp-content\/uploads\/2021\/04\/5TD-125-thresher-machine-for-sorghum.jpg'><img loading=\"lazy\" decoding=\"async\" width=\"720\" height=\"540\" src=\"https:\/\/www.agriculture-machine.com\/wp-content\/uploads\/2021\/04\/5TD-125-thresher-machine-for-sorghum.jpg\" class=\"attachment-full size-full\" alt=\"M\u00e1y xay 5TD-125 cho s\u1eafn\" aria-describedby=\"gallery-1-10140\" srcset=\"https:\/\/www.agriculture-machine.com\/wp-content\/uploads\/2021\/04\/5TD-125-thresher-machine-for-sorghum.jpg 720w, https:\/\/www.agriculture-machine.com\/wp-content\/uploads\/2021\/04\/5TD-125-thresher-machine-for-sorghum-360x270.jpg 360w, https:\/\/www.agriculture-machine.com\/wp-content\/uploads\/2021\/04\/5TD-125-thresher-machine-for-sorghum-240x180.jpg 240w\" sizes=\"auto, (max-width: 720px) 100vw, 720px\" \/><\/a> \t\t\t<\/div> \t\t\t\t<figcaption class='wp-caption-text gallery-caption' id='gallery-1-10140'> \t\t\t\tM\u00e1y xay 5TD-125 cho s\u1eafn \t\t\t\t<\/figcaption><\/figure><figure class='gallery-item'> \t\t\t<div class='gallery-icon landscape'> \t\t\t\t<a href='https:\/\/www.agriculture-machine.com\/wp-content\/uploads\/2021\/04\/5TD-125-thresher-machine-for-rice.jpg'><img loading=\"lazy\" decoding=\"async\" width=\"720\" height=\"540\" src=\"https:\/\/www.agriculture-machine.com\/wp-content\/uploads\/2021\/04\/5TD-125-thresher-machine-for-rice.jpg\" class=\"attachment-full size-full\" alt=\"M\u00e1y xay 5TD-125 cho g\u1ea1o\" aria-describedby=\"gallery-1-10139\" srcset=\"https:\/\/www.agriculture-machine.com\/wp-content\/uploads\/2021\/04\/5TD-125-thresher-machine-for-rice.jpg 720w, https:\/\/www.agriculture-machine.com\/wp-content\/uploads\/2021\/04\/5TD-125-thresher-machine-for-rice-360x270.jpg 360w, https:\/\/www.agriculture-machine.com\/wp-content\/uploads\/2021\/04\/5TD-125-thresher-machine-for-rice-240x180.jpg 240w\" sizes=\"auto, (max-width: 720px) 100vw, 720px\" \/><\/a> \t\t\t<\/div> \t\t\t\t<figcaption class='wp-caption-text gallery-caption' id='gallery-1-10139'> \t\t\t\tM\u00e1y xay 5TD-125 cho g\u1ea1o \t\t\t\t<\/figcaption><\/figure> \t\t<\/div>  <h2>Nguy\u00ean l\u00fd ho\u1ea1t \u0111\u1ed9ng c\u1ee7a m\u00e1y xay l\u00e0 g\u00ec?<\/h2> <p>C\u00e1c lo\u1ea1i c\u00e2y tr\u1ed3ng \u0111\u01b0\u1ee3c cho li\u00ean t\u1ee5c v\u00e0 \u0111\u1ec1u \u0111\u1eb7n trong qu\u00e1 tr\u00ecnh l\u00e0m vi\u1ec7c. C\u00e1c lo\u1ea1i c\u00e2y tr\u1ed3ng c\u00f3 ma s\u00e1t, \u00e9p, va \u0111\u1eadp v\u00e0 rung l\u1eafc gi\u1eefa gi\u00e1 \u0111\u1ee1 tr\u00ean tr\u1ed1ng v\u00e0 b\u1ed9 ph\u1eadn m\u00e0n h\u00ecnh, \u0111\u1ec3 t\u00e1ch h\u1ea1t kh\u1ecfi th\u00e2n c\u00e2y, sau \u0111\u00f3 ch\u1ea3y ra kh\u1ecfi m\u00e0n h\u00ecnh. Th\u00e2n c\u00e2y b\u1ecb v\u1ee9t b\u1ecf d\u01b0\u1edbi t\u00e1c d\u1ee5ng ly t\u00e2m \u0111\u1ec3 ho\u00e0n th\u00e0nh qu\u00e1 tr\u00ecnh xay x\u00e1t.<\/p> <h2>Chi ti\u1ebft c\u1ea5u tr\u00fac m\u00e1y xay 5TD-125<\/h2> <p>Lo\u1ea1i m\u00e1y xay n\u00e0y ch\u1ee7 y\u1ebfu c\u00f3 c\u1eeda c\u1ea5p li\u1ec7u, ph\u1ea7n xay, qu\u1ea1t, m\u00e0n h\u00ecnh, c\u1eeda x\u1ea3, c\u1eeda tho\u00e1t t\u1ea1p ch\u1ea5t, pto, gi\u00e1 \u0111\u1ee1, l\u1ed1p xe, v.v.<\/p> <div id='gallery-2' class='gallery galleryid-10136 gallery-columns-2 gallery-size-full'><figure class='gallery-item'> \t\t\t<div class='gallery-icon landscape'> \t\t\t\t<a href='https:\/\/www.agriculture-machine.com\/wp-content\/uploads\/2021\/04\/structure-details1.jpg'><img loading=\"lazy\" decoding=\"async\" width=\"720\" height=\"540\" src=\"https:\/\/www.agriculture-machine.com\/wp-content\/uploads\/2021\/04\/structure-details1.jpg\" class=\"attachment-full size-full\" alt=\"Chi ti\u1ebft c\u1ea5u tr\u00fac1\" aria-describedby=\"gallery-2-10142\" srcset=\"https:\/\/www.agriculture-machine.com\/wp-content\/uploads\/2021\/04\/structure-details1.jpg 720w, https:\/\/www.agriculture-machine.com\/wp-content\/uploads\/2021\/04\/structure-details1-360x270.jpg 360w, https:\/\/www.agriculture-machine.com\/wp-content\/uploads\/2021\/04\/structure-details1-240x180.jpg 240w\" sizes=\"auto, (max-width: 720px) 100vw, 720px\" \/><\/a> \t\t\t<\/div> \t\t\t\t<figcaption class='wp-caption-text gallery-caption' id='gallery-2-10142'> \t\t\t\tChi ti\u1ebft c\u1ea5u tr\u00fac1 \t\t\t\t<\/figcaption><\/figure><figure class='gallery-item'> \t\t\t<div class='gallery-icon landscape'> \t\t\t\t<a href='https:\/\/www.agriculture-machine.com\/wp-content\/uploads\/2021\/04\/structure-details2.jpg'><img loading=\"lazy\" decoding=\"async\" width=\"720\" height=\"540\" src=\"https:\/\/www.agriculture-machine.com\/wp-content\/uploads\/2021\/04\/structure-details2.jpg\" class=\"attachment-full size-full\" alt=\"chi ti\u1ebft c\u1ea5u tr\u00fac2\" aria-describedby=\"gallery-2-10143\" srcset=\"https:\/\/www.agriculture-machine.com\/wp-content\/uploads\/2021\/04\/structure-details2.jpg 720w, https:\/\/www.agriculture-machine.com\/wp-content\/uploads\/2021\/04\/structure-details2-360x270.jpg 360w, https:\/\/www.agriculture-machine.com\/wp-content\/uploads\/2021\/04\/structure-details2-240x180.jpg 240w\" sizes=\"auto, (max-width: 720px) 100vw, 720px\" \/><\/a> \t\t\t<\/div> \t\t\t\t<figcaption class='wp-caption-text gallery-caption' id='gallery-2-10143'> \t\t\t\tchi ti\u1ebft c\u1ea5u tr\u00fac2 \t\t\t\t<\/figcaption><\/figure> \t\t<\/div>  <h2>Ph\u1ea3n h\u1ed3i c\u1ee7a kh\u00e1ch h\u00e0ng v\u1ec1 m\u00e1y xay<\/h2> <p>T\u1eeb h\u00ecnh \u1ea3nh, ch\u00fang ta c\u00f3 th\u1ec3 th\u1ea5y r\u1eb1ng m\u00e1y r\u1ea5t hi\u1ec7u qu\u1ea3 v\u00e0 m\u1ecdi ng\u01b0\u1eddi kh\u00f4ng c\u1ea7n l\u00e0m vi\u1ec7c qu\u00e1 v\u1ea5t v\u1ea3. Th\u00f4ng th\u01b0\u1eddng m\u1ed9t ho\u1eb7c hai ng\u01b0\u1eddi c\u00f3 th\u1ec3 ho\u00e0n th\u00e0nh vi\u1ec7c xay x\u00e1t.<br \/> M\u1ed9t trong c\u00e1c k\u1ecbch b\u1ea3n s\u1eed d\u1ee5ng l\u00e0 kh\u00e1ch h\u00e0ng Nigeria xay l\u00faa, v\u00e0 m\u1ed9t l\u00e0 kh\u00e1ch h\u00e0ng Canada xay l\u00faa m\u00ec. Ch\u00fang ta c\u00f3 th\u1ec3 th\u1ea5y r\u1eb1ng hi\u1ec7u qu\u1ea3 xay x\u00e1t to\u00e0n b\u1ed9 r\u1ea5t t\u1ed1t, v\u00e0 n\u0103ng su\u1ea5t l\u00e0m vi\u1ec7c c\u0169ng r\u1ea5t cao.<\/p> <div id='gallery-3' class='gallery galleryid-10136 gallery-columns-2 gallery-size-full'><figure class='gallery-item'> \t\t\t<div class='gallery-icon landscape'> \t\t\t\t<a href='https:\/\/www.agriculture-machine.com\/wp-content\/uploads\/2021\/04\/thresher-machine-for-rice-in-Nigeria.jpg'><img loading=\"lazy\" decoding=\"async\" width=\"720\" height=\"540\" src=\"https:\/\/www.agriculture-machine.com\/wp-content\/uploads\/2021\/04\/thresher-machine-for-rice-in-Nigeria.jpg\" class=\"attachment-full size-full\" alt=\"M\u00e1y xay l\u00faa \u1edf Nigeria\" aria-describedby=\"gallery-3-10144\" srcset=\"https:\/\/www.agriculture-machine.com\/wp-content\/uploads\/2021\/04\/thresher-machine-for-rice-in-Nigeria.jpg 720w, https:\/\/www.agriculture-machine.com\/wp-content\/uploads\/2021\/04\/thresher-machine-for-rice-in-Nigeria-360x270.jpg 360w, https:\/\/www.agriculture-machine.com\/wp-content\/uploads\/2021\/04\/thresher-machine-for-rice-in-Nigeria-240x180.jpg 240w\" sizes=\"auto, (max-width: 720px) 100vw, 720px\" \/><\/a> \t\t\t<\/div> \t\t\t\t<figcaption class='wp-caption-text gallery-caption' id='gallery-3-10144'> \t\t\t\tM\u00e1y xay l\u00faa \u1edf Nigeria \t\t\t\t<\/figcaption><\/figure><figure class='gallery-item'> \t\t\t<div class='gallery-icon landscape'> \t\t\t\t<a href='https:\/\/www.agriculture-machine.com\/wp-content\/uploads\/2021\/04\/thresher-machine-for-wheat-in-Canada.jpg'><img loading=\"lazy\" decoding=\"async\" width=\"720\" height=\"540\" src=\"https:\/\/www.agriculture-machine.com\/wp-content\/uploads\/2021\/04\/thresher-machine-for-wheat-in-Canada.jpg\" class=\"attachment-full size-full\" alt=\"M\u00e1y xay l\u00faa m\u00ec \u1edf Canada\" aria-describedby=\"gallery-3-10145\" srcset=\"https:\/\/www.agriculture-machine.com\/wp-content\/uploads\/2021\/04\/thresher-machine-for-wheat-in-Canada.jpg 720w, https:\/\/www.agriculture-machine.com\/wp-content\/uploads\/2021\/04\/thresher-machine-for-wheat-in-Canada-360x270.jpg 360w, https:\/\/www.agriculture-machine.com\/wp-content\/uploads\/2021\/04\/thresher-machine-for-wheat-in-Canada-240x180.jpg 240w\" sizes=\"auto, (max-width: 720px) 100vw, 720px\" \/><\/a> \t\t\t<\/div> \t\t\t\t<figcaption class='wp-caption-text gallery-caption' id='gallery-3-10145'> \t\t\t\tM\u00e1y xay l\u00faa m\u00ec \u1edf Canada \t\t\t\t<\/figcaption><\/figure> \t\t<\/div>  <h2>\u0110\u00f3ng g\u00f3i v\u00e0 v\u1eadn chuy\u1ec3n<\/h2> <p>\u0110\u00e2y l\u00e0 c\u1ea3nh kh\u00e1ch h\u00e0ng Nigeria v\u00e0 Canada \u0111\u1eb7t h\u00e0ng m\u00e1y c\u1ee7a ch\u00fang t\u00f4i, v\u00e0 ch\u00fang t\u00f4i \u0111\u00f3ng g\u00f3i v\u00e0 v\u1eadn chuy\u1ec3n ch\u00fang. Kh\u00e1ch h\u00e0ng \u0111\u1eb7t h\u00e0ng t\u1eeb ch\u00fang t\u00f4i, xin h\u00e3y y\u00ean t\u00e2m, ch\u00fang t\u00f4i s\u1ebd \u0111\u00f3ng g\u00f3i c\u1ea9n th\u1eadn t\u1eebng m\u00e1y \u0111\u1ec3 b\u1ea1n nh\u1eadn \u0111\u01b0\u1ee3c m\u1ed9t m\u00e1y ho\u00e0n ch\u1ec9nh. B\u1ea1n c\u00f3 th\u1ec3 li\u00ean h\u1ec7 v\u1edbi ch\u00fang t\u00f4i n\u1ebfu c\u1ea7n b\u1ea5t k\u1ef3 m\u00e1y m\u00f3c n\u00f4ng nghi\u1ec7p n\u00e0o.<\/p> <div id='gallery-4' class='gallery galleryid-10136 gallery-columns-2 gallery-size-full'><figure class='gallery-item'> \t\t\t<div class='gallery-icon landscape'> \t\t\t\t<a href='https:\/\/www.agriculture-machine.com\/wp-content\/uploads\/2021\/04\/shipping-1.jpg'><img loading=\"lazy\" decoding=\"async\" width=\"720\" height=\"540\" src=\"https:\/\/www.agriculture-machine.com\/wp-content\/uploads\/2021\/04\/shipping-1.jpg\" class=\"attachment-full size-full\" alt=\"v\u1eadn chuy\u1ec3n\" aria-describedby=\"gallery-4-10148\" srcset=\"https:\/\/www.agriculture-machine.com\/wp-content\/uploads\/2021\/04\/shipping-1.jpg 720w, https:\/\/www.agriculture-machine.com\/wp-content\/uploads\/2021\/04\/shipping-1-360x270.jpg 360w, https:\/\/www.agriculture-machine.com\/wp-content\/uploads\/2021\/04\/shipping-1-240x180.jpg 240w\" sizes=\"auto, (max-width: 720px) 100vw, 720px\" \/><\/a> \t\t\t<\/div> \t\t\t\t<figcaption class='wp-caption-text gallery-caption' id='gallery-4-10148'> \t\t\t\tv\u1eadn chuy\u1ec3n \t\t\t\t<\/figcaption><\/figure><figure class='gallery-item'> \t\t\t<div class='gallery-icon landscape'> \t\t\t\t<a href='https:\/\/www.agriculture-machine.com\/wp-content\/uploads\/2021\/04\/packing1.jpg'><img loading=\"lazy\" decoding=\"async\" width=\"720\" height=\"540\" src=\"https:\/\/www.agriculture-machine.com\/wp-content\/uploads\/2021\/04\/packing1.jpg\" class=\"attachment-full size-full\" alt=\"\u0111\u00f3ng g\u00f3i1\" aria-describedby=\"gallery-4-10146\" srcset=\"https:\/\/www.agriculture-machine.com\/wp-content\/uploads\/2021\/04\/packing1.jpg 720w, https:\/\/www.agriculture-machine.com\/wp-content\/uploads\/2021\/04\/packing1-360x270.jpg 360w, https:\/\/www.agriculture-machine.com\/wp-content\/uploads\/2021\/04\/packing1-240x180.jpg 240w\" sizes=\"auto, (max-width: 720px) 100vw, 720px\" \/><\/a> \t\t\t<\/div> \t\t\t\t<figcaption class='wp-caption-text gallery-caption' id='gallery-4-10146'> \t\t\t\t\u0111\u00f3ng g\u00f3i1 \t\t\t\t<\/figcaption><\/figure><figure class='gallery-item'> \t\t\t<div class='gallery-icon landscape'> \t\t\t\t<a href='https:\/\/www.agriculture-machine.com\/wp-content\/uploads\/2021\/04\/packing2.jpg'><img loading=\"lazy\" decoding=\"async\" width=\"720\" height=\"352\" src=\"https:\/\/www.agriculture-machine.com\/wp-content\/uploads\/2021\/04\/packing2.jpg\" class=\"attachment-full size-full\" alt=\"\u0111\u00f3ng g\u00f3i2\" aria-describedby=\"gallery-4-10147\" srcset=\"https:\/\/www.agriculture-machine.com\/wp-content\/uploads\/2021\/04\/packing2.jpg 720w, https:\/\/www.agriculture-machine.com\/wp-content\/uploads\/2021\/04\/packing2-360x176.jpg 360w\" sizes=\"auto, (max-width: 720px) 100vw, 720px\" \/><\/a> \t\t\t<\/div> \t\t\t\t<figcaption class='wp-caption-text gallery-caption' id='gallery-4-10147'> \t\t\t\t\u0111\u00f3ng g\u00f3i2 \t\t\t\t<\/figcaption><\/figure><figure class='gallery-item'> \t\t\t<div class='gallery-icon landscape'> \t\t\t\t<a href='https:\/\/www.agriculture-machine.com\/wp-content\/uploads\/2021\/04\/shipping2.jpg'><img loading=\"lazy\" decoding=\"async\" width=\"720\" height=\"391\" src=\"https:\/\/www.agriculture-machine.com\/wp-content\/uploads\/2021\/04\/shipping2.jpg\" class=\"attachment-full size-full\" alt=\"\" aria-describedby=\"gallery-4-10149\" srcset=\"https:\/\/www.agriculture-machine.com\/wp-content\/uploads\/2021\/04\/shipping2.jpg 720w, https:\/\/www.agriculture-machine.com\/wp-content\/uploads\/2021\/04\/shipping2-360x196.jpg 360w\" sizes=\"auto, (max-width: 720px) 100vw, 720px\" \/><\/a> \t\t\t<\/div> \t\t\t\t<figcaption class='wp-caption-text gallery-caption' id='gallery-4-10149'> \t\t\t\tv\u1eadn chuy\u1ec3n2 \t\t\t\t<\/figcaption><\/figure> \t\t<\/div>  <h2>Th\u00f4ng s\u1ed1 k\u1ef9 thu\u1eadt<\/h2> <table style=\"border-collapse: collapse; width: 381.02pt;\" border=\"0\" width=\"762\" cellspacing=\"0\" cellpadding=\"0\"> <tbody> <tr style=\"height: 14.00pt;\"> <td style=\"height: 14.00pt; width: 100.50pt;\" width=\"201\" height=\"28\">M\u1eabu<\/td> <td style=\"width: 280.50pt;\" width=\"561\">5TD-125<\/td> <\/tr> <tr style=\"height: 14.00pt;\"> <td style=\"height: 14.00pt;\" height=\"28\">N\u0103ng su\u1ea5t<\/td> <td>1000-1500kg\/h(wheat and rice),600&#8211;800kg\/h(beans)<\/td> <\/tr> <tr style=\"height: 14.00pt;\"> <td style=\"height: 14.00pt;\" height=\"28\">C\u00f4ng su\u1ea5t ph\u00f9 h\u1ee3p<\/td> <td>\u0110\u1ed9ng c\u01a1 diesel 22 m\u00e3 l\u1ef1c ho\u1eb7c \u0111\u1ed9ng c\u01a1 11-13kw<\/td> <\/tr> <tr style=\"height: 14.00pt;\"> <td style=\"height: 14.00pt;\" height=\"28\">Tr\u1ecdng l\u01b0\u1ee3ng m\u00e1y<\/td> <td>420kg<\/td> <\/tr> <tr style=\"height: 14.00pt;\"> <td style=\"height: 14.00pt;\" height=\"28\">T\u1ed1c \u0111\u1ed9 tr\u1ee5c ch\u00ednh<\/td> <td>1050 r\/ph\u00fat, 550 r\/ph\u00fat (xay \u0111\u1eadu)<\/td> <\/tr> <tr style=\"height: 14.00pt;\"> <td style=\"height: 14.00pt;\" height=\"28\">T\u0103ng t\u1ed1c qu\u1ea1t \u0111\u00f4i<\/td> <td>2500 r\/ph\u00fat<\/td> <\/tr> <tr style=\"height: 14.00pt;\"> <td style=\"height: 14.00pt;\" height=\"28\">K\u00edch th\u01b0\u1edbc m\u00e1y<\/td> <td>2500*1770*1550mm<\/td> <\/tr> <tr style=\"height: 14.00pt;\"> <td style=\"height: 14.00pt;\" height=\"28\">K\u00edch th\u01b0\u1edbc \u0111\u00f3ng g\u00f3i<\/td> <td>1600*1200*1500mm<\/td> <\/tr> <\/tbody> <\/table>","protected":false},"excerpt":{"rendered":"<p>What crops do the 5TD-125 thresher machine can process? This model thresher machine is mainly used for the threshing of wheat, corn, soybeans, barley, rice, sorghum, millet, pearl millet and other crops. It is simple in structure, and it is convenient to operate. It has high efficiency. What are the requirements for crops when threshing? [&hellip;]<\/p>\n","protected":false},"author":1,"featured_media":10137,"parent":0,"comment_status":"closed","ping_status":"closed","template":"","tags":[491,796,135,2614,158],"product-type":[872],"class_list":["post-10136","product","type-product","status-publish","has-post-thumbnail","hentry","tag-corn","tag-rice","tag-sorghum","tag-thresher","tag-wheat","product-type-thresher-sheller"],"_links":{"self":[{"href":"https:\/\/www.agriculture-machine.com\/vi\/wp-json\/wp\/v2\/product\/10136","targetHints":{"allow":["GET"]}}],"collection":[{"href":"https:\/\/www.agriculture-machine.com\/vi\/wp-json\/wp\/v2\/product"}],"about":[{"href":"https:\/\/www.agriculture-machine.com\/vi\/wp-json\/wp\/v2\/types\/product"}],"author":[{"embeddable":true,"href":"https:\/\/www.agriculture-machine.com\/vi\/wp-json\/wp\/v2\/users\/1"}],"replies":[{"embeddable":true,"href":"https:\/\/www.agriculture-machine.com\/vi\/wp-json\/wp\/v2\/comments?post=10136"}],"wp:featuredmedia":[{"embeddable":true,"href":"https:\/\/www.agriculture-machine.com\/vi\/wp-json\/wp\/v2\/media\/10137"}],"wp:attachment":[{"href":"https:\/\/www.agriculture-machine.com\/vi\/wp-json\/wp\/v2\/media?parent=10136"}],"wp:term":[{"taxonomy":"post_tag","embeddable":true,"href":"https:\/\/www.agriculture-machine.com\/vi\/wp-json\/wp\/v2\/tags?post=10136"},{"taxonomy":"product-type","embeddable":true,"href":"https:\/\/www.agriculture-machine.com\/vi\/wp-json\/wp\/v2\/product-type?post=10136"}],"curies":[{"name":"wp","href":"https:\/\/api.w.org\/{rel}","templated":true}]}}