{"id":10256,"date":"2021-05-07T15:02:07","date_gmt":"2021-05-07T07:02:07","guid":{"rendered":"https:\/\/www.agriculture-machine.com\/?p=10256"},"modified":"2024-09-18T16:07:18","modified_gmt":"2024-09-18T08:07:18","slug":"multifunctional-thresher-5t-1000-for-rice-corn-wheat-sorghum","status":"publish","type":"product","link":"https:\/\/www.agriculture-machine.com\/vi\/multifunctional-thresher-5t-1000-for-rice-corn-wheat-sorghum\/","title":{"rendered":"M\u00e1y xay \u0111a ch\u1ee9c n\u0103ng 5T-1000 cho g\u1ea1o, ng\u00f4, l\u00faa m\u00ec, th\u1ea1ch cao"},"content":{"rendered":"<h2>C\u00e1c lo\u1ea1i c\u00e2y tr\u1ed3ng n\u00e0o m\u00e1y xay x\u00e1t \u0111a ch\u1ee9c n\u0103ng 5T-1000 c\u00f3 th\u1ec3 x\u1eed l\u00fd?<\/h2> <p>M\u00e1y xay x\u00e1t 5T-1000 \u0111a ch\u1ee9c n\u0103ng. N\u00f3 c\u00f3 th\u1ec3 xay x\u00e1t \u0111\u1eadu broad, \u0111\u1eadu n\u00e0nh, sorghum, ng\u00f4, g\u1ea1o, l\u00faa m\u00ec, millet, pearl millet, \u0111\u1eadu chickpea, v.v. Khi xay x\u00e1t c\u00e1c lo\u1ea1i c\u00e2y tr\u1ed3ng kh\u00e1c nhau, c\u1ea7n thay th\u1ebf m\u00e0n h\u00ecnh c\u00f3 k\u00edch th\u01b0\u1edbc kh\u00e1c nhau. V\u1edbi c\u00e1c m\u00e0n h\u00ecnh kh\u00e1c nhau cho c\u00e1c lo\u1ea1i c\u00e2y tr\u1ed3ng kh\u00e1c nhau, hi\u1ec7u qu\u1ea3 xay x\u00e1t s\u1ebd t\u1ed1t h\u01a1n.<\/p> <figure id=\"attachment_10262\" aria-describedby=\"caption-attachment-10262\" style=\"width: 720px\" class=\"wp-caption alignnone\"><img loading=\"lazy\" decoding=\"async\" class=\"size-full wp-image-10262\" src=\"https:\/\/www.agriculture-machine.com\/wp-content\/uploads\/2021\/05\/multifunctional-thresher-for-rice-wheat-corn-sorghum-millet.jpg\" alt=\"m\u00e1y xay x\u00e1t \u0111a ch\u1ee9c n\u0103ng cho g\u1ea1o, l\u00faa m\u00ec, ng\u00f4, sorghum, millet\" width=\"720\" height=\"540\" srcset=\"https:\/\/www.agriculture-machine.com\/wp-content\/uploads\/2021\/05\/multifunctional-thresher-for-rice-wheat-corn-sorghum-millet.jpg 720w, https:\/\/www.agriculture-machine.com\/wp-content\/uploads\/2021\/05\/multifunctional-thresher-for-rice-wheat-corn-sorghum-millet-360x270.jpg 360w, https:\/\/www.agriculture-machine.com\/wp-content\/uploads\/2021\/05\/multifunctional-thresher-for-rice-wheat-corn-sorghum-millet-240x180.jpg 240w\" sizes=\"auto, (max-width: 720px) 100vw, 720px\" \/><figcaption id=\"caption-attachment-10262\" class=\"wp-caption-text\">m\u00e1y xay x\u00e1t \u0111a ch\u1ee9c n\u0103ng cho g\u1ea1o, l\u00faa m\u00ec, ng\u00f4, sorghum, millet<\/figcaption><\/figure> <h2>C\u1ea5u tr\u00fac m\u00e1y xay x\u00e1t \u0111a ch\u1ee9c n\u0103ng 5T-1000<\/h2> <p>Lo\u1ea1i m\u00e1y xay x\u00e1t n\u00e0y ch\u1ee7 y\u1ebfu c\u00f3 c\u1eeda n\u1ea1p, ph\u1ea7n xay x\u00e1t, ph\u1ea7n gi\u1eef, l\u1ed1p l\u1edbn, qu\u1ea1t \u0111\u00f4i, c\u1eeda x\u1ea3, PTO.<br \/> L\u1ea5y l\u00faa l\u00e0m v\u00ed d\u1ee5, cho \u0103n th\u1ee7 c\u00f4ng, b\u1ecf g\u1ea1o v\u00e0o c\u1eeda n\u1ea1p, qu\u00e1 tr\u00ecnh xay x\u00e1t ho\u00e0n t\u1ea5t \u1edf ph\u1ea7n xay x\u00e1t, sau \u0111\u00f3 b\u1ee5i v\u00e0 t\u1ea1p ch\u1ea5t ho\u1eb7c v\u1ecf tr\u1ea5u \u0111\u01b0\u1ee3c th\u1ed5i ra b\u1eb1ng qu\u1ea1t \u0111\u00f4i. Ti\u1ebfp theo, g\u1ea1o \u0111\u00e3 xay x\u00e1t ra kh\u1ecfi c\u1eeda x\u1ea3. V\u00ec m\u00e1y c\u00f3 hai qu\u1ea1t, g\u1ea1o sau khi xay x\u00e1t r\u1ea5t s\u1ea1ch s\u1ebd.<\/p> <figure id=\"attachment_10268\" aria-describedby=\"caption-attachment-10268\" style=\"width: 720px\" class=\"wp-caption alignnone\"><img loading=\"lazy\" decoding=\"async\" class=\"size-full wp-image-10268\" src=\"https:\/\/www.agriculture-machine.com\/wp-content\/uploads\/2021\/05\/multifunctional-thresher-structure.jpg\" alt=\"C\u1ea5u tr\u00fac m\u00e1y xay x\u00e1t \u0111a ch\u1ee9c n\u0103ng\" width=\"720\" height=\"540\" srcset=\"https:\/\/www.agriculture-machine.com\/wp-content\/uploads\/2021\/05\/multifunctional-thresher-structure.jpg 720w, https:\/\/www.agriculture-machine.com\/wp-content\/uploads\/2021\/05\/multifunctional-thresher-structure-360x270.jpg 360w, https:\/\/www.agriculture-machine.com\/wp-content\/uploads\/2021\/05\/multifunctional-thresher-structure-240x180.jpg 240w\" sizes=\"auto, (max-width: 720px) 100vw, 720px\" \/><figcaption id=\"caption-attachment-10268\" class=\"wp-caption-text\">C\u1ea5u tr\u00fac m\u00e1y xay x\u00e1t \u0111a ch\u1ee9c n\u0103ng<\/figcaption><\/figure> <h2>Hi\u1ec3n th\u1ecb m\u00e1y<\/h2> <p>M\u00e1y xay x\u00e1t c\u00f4ng su\u1ea5t l\u1edbn c\u00f3 3 lo\u1ea1i: lo\u1ea1i c\u01a1 b\u1ea3n, lo\u1ea1i b\u00e1nh xe l\u1edbn v\u00e0 lo\u1ea1i truy\u1ec1n \u0111\u1ed9ng PTO. D\u1ec5 d\u00e0ng di chuy\u1ec3n v\u00e0 l\u00e0m vi\u1ec7c t\u1ea1i n\u00f4ng tr\u1ea1i cho kh\u00e1ch h\u00e0ng. Ngo\u00e0i ra, n\u00f3 c\u00f3 ba ch\u1ebf \u0111\u1ed9 c\u00f4ng su\u1ea5t: \u0111\u1ed9ng c\u01a1 diesel, m\u00e1y k\u00e9o v\u00e0 \u0111\u1ed9ng c\u01a1 \u0111i\u1ec7n. Chi\u1ec1u cao c\u1ee7a m\u00e1y kh\u00f4ng c\u00f3 l\u1ed1p l\u00e0 1900 cm, chi\u1ec1u r\u1ed9ng l\u00e0 150 cm, v\u00e0 chi\u1ec1u d\u00e0i bao g\u1ed3m c\u1ea3 gi\u00e1 \u0111\u1ee1 l\u00e0 340 cm. M\u00e1y xay x\u00e1t lo\u1ea1i \u0111\u1ed9ng c\u01a1 diesel \u0111\u01b0\u1ee3c h\u00e0n v\u1edbi khung diesel \u0111\u1ec3 l\u00e0m cho m\u00e1y \u1ed5n \u0111\u1ecbnh h\u01a1n trong qu\u00e1 tr\u00ecnh l\u00e0m vi\u1ec7c. Ch\u00fang t\u00f4i \u0111\u00e3 h\u00e0n khung k\u00e9o cho m\u00e1y k\u00e9o, gi\u00fap m\u00e1y di chuy\u1ec3n d\u1ec5 d\u00e0ng h\u01a1n m\u00e0 kh\u00f4ng b\u1ecb h\u1ea1n ch\u1ebf b\u1edfi \u0111\u1ecba h\u00ecnh. Ngo\u00e0i ra, m\u1ed7i m\u00e1y \u0111\u1ec1u c\u00f3 gi\u00e1 \u0111\u1ee1.<\/p> <div id='gallery-1' class='gallery galleryid-10256 gallery-columns-2 gallery-size-full'><figure class='gallery-item'> \t\t\t<div class='gallery-icon landscape'> \t\t\t\t<a href='https:\/\/www.agriculture-machine.com\/wp-content\/uploads\/2021\/05\/thresher-machine.jpg'><img loading=\"lazy\" decoding=\"async\" width=\"720\" height=\"540\" src=\"https:\/\/www.agriculture-machine.com\/wp-content\/uploads\/2021\/05\/thresher-machine.jpg\" class=\"attachment-full size-full\" alt=\"m\u00e1y xay x\u00e1t \u0111a ch\u1ee9c n\u0103ng\" aria-describedby=\"gallery-1-10267\" srcset=\"https:\/\/www.agriculture-machine.com\/wp-content\/uploads\/2021\/05\/thresher-machine.jpg 720w, https:\/\/www.agriculture-machine.com\/wp-content\/uploads\/2021\/05\/thresher-machine-360x270.jpg 360w, https:\/\/www.agriculture-machine.com\/wp-content\/uploads\/2021\/05\/thresher-machine-240x180.jpg 240w\" sizes=\"auto, (max-width: 720px) 100vw, 720px\" \/><\/a> \t\t\t<\/div> \t\t\t\t<figcaption class='wp-caption-text gallery-caption' id='gallery-1-10267'> \t\t\t\tM\u00e1y xay x\u00e1t cho l\u00faa m\u00ec, ng\u00f4, \u0111\u1eadu n\u00e0nh, l\u00faa m\u1ea1ch, g\u1ea1o, th\u00f3c, millet, pearl millet v\u00e0 c\u00e1c lo\u1ea1i c\u00e2y tr\u1ed3ng kh\u00e1c \t\t\t\t<\/figcaption><\/figure><figure class='gallery-item'> \t\t\t<div class='gallery-icon landscape'> \t\t\t\t<a href='https:\/\/www.agriculture-machine.com\/wp-content\/uploads\/2021\/05\/2.jpg'><img loading=\"lazy\" decoding=\"async\" width=\"720\" height=\"441\" src=\"https:\/\/www.agriculture-machine.com\/wp-content\/uploads\/2021\/05\/2.jpg\" class=\"attachment-full size-full\" alt=\"m\u00e1y xay x\u00e1t \u0111a ch\u1ee9c n\u0103ng\" aria-describedby=\"gallery-1-10264\" srcset=\"https:\/\/www.agriculture-machine.com\/wp-content\/uploads\/2021\/05\/2.jpg 720w, https:\/\/www.agriculture-machine.com\/wp-content\/uploads\/2021\/05\/2-360x221.jpg 360w\" sizes=\"auto, (max-width: 720px) 100vw, 720px\" \/><\/a> \t\t\t<\/div> \t\t\t\t<figcaption class='wp-caption-text gallery-caption' id='gallery-1-10264'> \t\t\t\tM\u00e1y xay x\u00e1t cho l\u00faa m\u00ec, ng\u00f4, \u0111\u1eadu n\u00e0nh, l\u00faa m\u1ea1ch, g\u1ea1o, th\u00f3c, millet, pearl millet v\u00e0 c\u00e1c lo\u1ea1i c\u00e2y tr\u1ed3ng kh\u00e1c \t\t\t\t<\/figcaption><\/figure><figure class='gallery-item'> \t\t\t<div class='gallery-icon landscape'> \t\t\t\t<a href='https:\/\/www.agriculture-machine.com\/wp-content\/uploads\/2021\/05\/3.jpg'><img loading=\"lazy\" decoding=\"async\" width=\"720\" height=\"495\" src=\"https:\/\/www.agriculture-machine.com\/wp-content\/uploads\/2021\/05\/3.jpg\" class=\"attachment-full size-full\" alt=\"m\u00e1y xay x\u00e1t \u0111a ch\u1ee9c n\u0103ng\" aria-describedby=\"gallery-1-10265\" srcset=\"https:\/\/www.agriculture-machine.com\/wp-content\/uploads\/2021\/05\/3.jpg 720w, https:\/\/www.agriculture-machine.com\/wp-content\/uploads\/2021\/05\/3-360x248.jpg 360w\" sizes=\"auto, (max-width: 720px) 100vw, 720px\" \/><\/a> \t\t\t<\/div> \t\t\t\t<figcaption class='wp-caption-text gallery-caption' id='gallery-1-10265'> \t\t\t\tM\u00e1y xay x\u00e1t cho l\u00faa m\u00ec, ng\u00f4, \u0111\u1eadu n\u00e0nh, l\u00faa m\u1ea1ch, g\u1ea1o, th\u00f3c, millet, pearl millet v\u00e0 c\u00e1c lo\u1ea1i c\u00e2y tr\u1ed3ng kh\u00e1c \t\t\t\t<\/figcaption><\/figure><figure class='gallery-item'> \t\t\t<div class='gallery-icon landscape'> \t\t\t\t<a href='https:\/\/www.agriculture-machine.com\/wp-content\/uploads\/2021\/05\/4.jpg'><img loading=\"lazy\" decoding=\"async\" width=\"720\" height=\"494\" src=\"https:\/\/www.agriculture-machine.com\/wp-content\/uploads\/2021\/05\/4.jpg\" class=\"attachment-full size-full\" alt=\"m\u00e1y xay x\u00e1t \u0111a ch\u1ee9c n\u0103ng\" aria-describedby=\"gallery-1-10266\" srcset=\"https:\/\/www.agriculture-machine.com\/wp-content\/uploads\/2021\/05\/4.jpg 720w, https:\/\/www.agriculture-machine.com\/wp-content\/uploads\/2021\/05\/4-360x247.jpg 360w\" sizes=\"auto, (max-width: 720px) 100vw, 720px\" \/><\/a> \t\t\t<\/div> \t\t\t\t<figcaption class='wp-caption-text gallery-caption' id='gallery-1-10266'> \t\t\t\tm\u00e1y xay x\u00e1t \u0111a ch\u1ee9c n\u0103ng  \t\t\t\t<\/figcaption><\/figure> \t\t<\/div>  <h2>\u0110\u00f3ng g\u00f3i v\u00e0 v\u1eadn chuy\u1ec3n<\/h2> <p>Hi\u1ec7n t\u1ea1i, m\u00e1y xay x\u00e1t c\u1ee7a ch\u00fang t\u00f4i \u0111\u00e3 \u0111\u01b0\u1ee3c b\u00e1n sang Nigeria, Botswana, Uganda, Hoa K\u1ef3, Bangladesh, v.v. Ch\u00fang t\u00f4i s\u1ebd \u0111\u00f3ng g\u00f3i m\u00e1y tr\u01b0\u1edbc khi v\u1eadn chuy\u1ec3n, m\u1ed9t s\u1ed1 trong khung s\u1eaft ho\u1eb7c h\u1ed9p g\u1ed7.<\/p> <div id='gallery-2' class='gallery galleryid-10256 gallery-columns-3 gallery-size-full'><figure class='gallery-item'> \t\t\t<div class='gallery-icon landscape'> \t\t\t\t<a href='https:\/\/www.agriculture-machine.com\/wp-content\/uploads\/2021\/05\/packing.jpg'><img loading=\"lazy\" decoding=\"async\" width=\"720\" height=\"498\" src=\"https:\/\/www.agriculture-machine.com\/wp-content\/uploads\/2021\/05\/packing.jpg\" class=\"attachment-full size-full\" alt=\"\" aria-describedby=\"gallery-2-10271\" srcset=\"https:\/\/www.agriculture-machine.com\/wp-content\/uploads\/2021\/05\/packing.jpg 720w, https:\/\/www.agriculture-machine.com\/wp-content\/uploads\/2021\/05\/packing-360x249.jpg 360w\" sizes=\"auto, (max-width: 720px) 100vw, 720px\" \/><\/a> \t\t\t<\/div> \t\t\t\t<figcaption class='wp-caption-text gallery-caption' id='gallery-2-10271'> \t\t\t\t\u0111\u00f3ng g\u00f3i \t\t\t\t<\/figcaption><\/figure><figure class='gallery-item'> \t\t\t<div class='gallery-icon landscape'> \t\t\t\t<a href='https:\/\/www.agriculture-machine.com\/wp-content\/uploads\/2021\/05\/multifunctional-thresher-packing.jpg'><img loading=\"lazy\" decoding=\"async\" width=\"720\" height=\"404\" src=\"https:\/\/www.agriculture-machine.com\/wp-content\/uploads\/2021\/05\/multifunctional-thresher-packing.jpg\" class=\"attachment-full size-full\" alt=\"Bao b\u00ec m\u00e1y xay x\u00e1t \u0111a ch\u1ee9c n\u0103ng\" aria-describedby=\"gallery-2-10270\" srcset=\"https:\/\/www.agriculture-machine.com\/wp-content\/uploads\/2021\/05\/multifunctional-thresher-packing.jpg 720w, https:\/\/www.agriculture-machine.com\/wp-content\/uploads\/2021\/05\/multifunctional-thresher-packing-360x202.jpg 360w\" sizes=\"auto, (max-width: 720px) 100vw, 720px\" \/><\/a> \t\t\t<\/div> \t\t\t\t<figcaption class='wp-caption-text gallery-caption' id='gallery-2-10270'> \t\t\t\tBao b\u00ec m\u00e1y xay x\u00e1t \u0111a ch\u1ee9c n\u0103ng \t\t\t\t<\/figcaption><\/figure><figure class='gallery-item'> \t\t\t<div class='gallery-icon landscape'> \t\t\t\t<a href='https:\/\/www.agriculture-machine.com\/wp-content\/uploads\/2021\/05\/multifunctional-shipping.jpg'><img loading=\"lazy\" decoding=\"async\" width=\"720\" height=\"540\" src=\"https:\/\/www.agriculture-machine.com\/wp-content\/uploads\/2021\/05\/multifunctional-shipping.jpg\" class=\"attachment-full size-full\" alt=\"V\u1eadn chuy\u1ec3n m\u00e1y xay x\u00e1t \u0111a ch\u1ee9c n\u0103ng\" aria-describedby=\"gallery-2-10269\" srcset=\"https:\/\/www.agriculture-machine.com\/wp-content\/uploads\/2021\/05\/multifunctional-shipping.jpg 720w, https:\/\/www.agriculture-machine.com\/wp-content\/uploads\/2021\/05\/multifunctional-shipping-360x270.jpg 360w, https:\/\/www.agriculture-machine.com\/wp-content\/uploads\/2021\/05\/multifunctional-shipping-240x180.jpg 240w\" sizes=\"auto, (max-width: 720px) 100vw, 720px\" \/><\/a> \t\t\t<\/div> \t\t\t\t<figcaption class='wp-caption-text gallery-caption' id='gallery-2-10269'> \t\t\t\tV\u1eadn chuy\u1ec3n m\u00e1y xay x\u00e1t \u0111a ch\u1ee9c n\u0103ng \t\t\t\t<\/figcaption><\/figure> \t\t<\/div>  <h2>Th\u00f4ng s\u1ed1 k\u1ef9 thu\u1eadt<\/h2> <table> <tbody> <tr> <td width=\"284\">M\u1eabu<\/td> <td width=\"284\">5T-1000<\/td> <\/tr> <tr> <td width=\"284\">Dung t\u00edch<\/td> <td width=\"284\">2000-4000kg\/h cho ng\u00f4, 1000-2000kg\/h cho millet<\/td> <\/tr> <tr> <td width=\"284\">T\u1ef7 l\u1ec7 t\u00e1ch v\u1ecf<\/td> <td width=\"284\">99%<\/td> <\/tr> <tr> <td width=\"284\">C\u00f4ng su\u1ea5t<\/td> <td width=\"284\">\u0110\u1ed9ng c\u01a1 \u0111i\u1ec7n 7.5kw ho\u1eb7c \u0111\u1ed9ng c\u01a1 diesel 12hp<\/td> <\/tr> <tr> <td width=\"284\">K\u00edch th\u01b0\u1edbc<\/td> <td width=\"284\">3400*2100*1980mm<\/td> <\/tr> <tr> <td width=\"284\">Tr\u1ecdng l\u01b0\u1ee3ng<\/td> <td width=\"284\">700kg<\/td> <\/tr> <\/tbody> <\/table> <p>&nbsp;<\/p>","protected":false},"excerpt":{"rendered":"<p>What crops do the 5T-1000 multifunctional thresher can process? The 5T-1000 thresher machine is multifunctional. It can thresh broad bean, soybean, sorghum, corn, rice, wheat, millet, pearl millet, chickpea, etc. When threshing different crops, it is necessary to replace screens of different sizes. With different screens for different crops, the threshing effect is better. 5T-1000 [&hellip;]<\/p>\n","protected":false},"author":1,"featured_media":10261,"parent":0,"comment_status":"closed","ping_status":"closed","template":"","tags":[2614],"product-type":[872],"class_list":["post-10256","product","type-product","status-publish","has-post-thumbnail","hentry","tag-thresher","product-type-thresher-sheller"],"_links":{"self":[{"href":"https:\/\/www.agriculture-machine.com\/vi\/wp-json\/wp\/v2\/product\/10256","targetHints":{"allow":["GET"]}}],"collection":[{"href":"https:\/\/www.agriculture-machine.com\/vi\/wp-json\/wp\/v2\/product"}],"about":[{"href":"https:\/\/www.agriculture-machine.com\/vi\/wp-json\/wp\/v2\/types\/product"}],"author":[{"embeddable":true,"href":"https:\/\/www.agriculture-machine.com\/vi\/wp-json\/wp\/v2\/users\/1"}],"replies":[{"embeddable":true,"href":"https:\/\/www.agriculture-machine.com\/vi\/wp-json\/wp\/v2\/comments?post=10256"}],"wp:featuredmedia":[{"embeddable":true,"href":"https:\/\/www.agriculture-machine.com\/vi\/wp-json\/wp\/v2\/media\/10261"}],"wp:attachment":[{"href":"https:\/\/www.agriculture-machine.com\/vi\/wp-json\/wp\/v2\/media?parent=10256"}],"wp:term":[{"taxonomy":"post_tag","embeddable":true,"href":"https:\/\/www.agriculture-machine.com\/vi\/wp-json\/wp\/v2\/tags?post=10256"},{"taxonomy":"product-type","embeddable":true,"href":"https:\/\/www.agriculture-machine.com\/vi\/wp-json\/wp\/v2\/product-type?post=10256"}],"curies":[{"name":"wp","href":"https:\/\/api.w.org\/{rel}","templated":true}]}}