{"id":10273,"date":"2021-05-07T18:46:54","date_gmt":"2021-05-07T10:46:54","guid":{"rendered":"https:\/\/www.agriculture-machine.com\/?p=10273"},"modified":"2024-09-23T11:37:01","modified_gmt":"2024-09-23T03:37:01","slug":"corn-thresher-maize-thresher-corn-sheller-5tym-650","status":"publish","type":"product","link":"https:\/\/www.agriculture-machine.com\/vi\/corn-thresher-maize-thresher-corn-sheller-5tym-650\/","title":{"rendered":"M\u00e1y xay ng\u00f4 | M\u00e1y xay h\u1ea1t ng\u00f4 | M\u00e1y b\u00f3c v\u1ecf ng\u00f4 5TYM-650"},"content":{"rendered":"<p>\u0110\u00e2y l\u00e0 lo\u1ea1i m\u00e1y xay ng\u00f4 m\u1edbi. C\u1ea5u tr\u00fac b\u00ean trong s\u1eed d\u1ee5ng r\u0103ng xay, c\u00f3 hi\u1ec7u qu\u1ea3 xay t\u1ed1t h\u01a1n. Lo\u1ea1i m\u00e1y xay ng\u00f4 m\u1edbi l\u00e0 m\u00e1y chuy\u00ean d\u1ee5ng \u0111\u1ec3 xay ng\u00f4. M\u00e1y c\u00f3 th\u1ec3 l\u1eafp b\u00e1nh xe l\u1edbn, gi\u00fap xay ng\u00f4 hi\u1ec7u qu\u1ea3 cao, t\u1ef7 l\u1ec7 l\u00e0m s\u1ea1ch cao, v\u00e0 r\u1ea5t ti\u1ec7n l\u1ee3i khi s\u1eed d\u1ee5ng.<\/p> <figure id=\"attachment_10281\" aria-describedby=\"caption-attachment-10281\" style=\"width: 720px\" class=\"wp-caption alignnone\"><img loading=\"lazy\" decoding=\"async\" class=\"size-full wp-image-10281\" src=\"https:\/\/www.agriculture-machine.com\/wp-content\/uploads\/2021\/05\/The-internal-structure-of-the-corn-thresher.jpg\" alt=\"C\u1ea5u tr\u00fac b\u00ean trong c\u1ee7a m\u00e1y xay ng\u00f4\" width=\"720\" height=\"540\" srcset=\"https:\/\/www.agriculture-machine.com\/wp-content\/uploads\/2021\/05\/The-internal-structure-of-the-corn-thresher.jpg 720w, https:\/\/www.agriculture-machine.com\/wp-content\/uploads\/2021\/05\/The-internal-structure-of-the-corn-thresher-360x270.jpg 360w, https:\/\/www.agriculture-machine.com\/wp-content\/uploads\/2021\/05\/The-internal-structure-of-the-corn-thresher-240x180.jpg 240w\" sizes=\"auto, (max-width: 720px) 100vw, 720px\" \/><figcaption id=\"caption-attachment-10281\" class=\"wp-caption-text\">C\u1ea5u tr\u00fac b\u00ean trong c\u1ee7a m\u00e1y xay ng\u00f4<\/figcaption><\/figure> <h2>Lo\u1ea1i ngu\u1ed3n n\u0103ng l\u01b0\u1ee3ng n\u00e0o m\u00e1y c\u00f3 th\u1ec3 trang b\u1ecb<\/h2> <p>M\u00e1y xay ng\u00f4 c\u1ee7a ch\u00fang t\u00f4i c\u00f3 th\u1ec3 trang b\u1ecb \u0111\u1ed9ng c\u01a1 \u0111i\u1ec7n, \u0111\u1ed9ng c\u01a1 diesel, \u0111\u1ed9ng c\u01a1 x\u0103ng l\u00e0m ngu\u1ed3n n\u0103ng l\u01b0\u1ee3ng. Ngo\u00e0i ra, ch\u00fang t\u00f4i c\u00f3 th\u1ec3 t\u00f9y ch\u1ec9nh l\u1ed1p l\u1edbn, gi\u00e1 \u0111\u1ee1, khung k\u00e9o. N\u1ebfu \u0111\u1ecba h\u00ecnh b\u1eb1ng ph\u1eb3ng, b\u1ea1n c\u00f3 th\u1ec3 ch\u1ecdn m\u00e1y xay ng\u00f4 trang b\u1ecb l\u1ed1p nh\u1ecf. N\u1ebfu \u0111\u1ecba h\u00ecnh g\u1ed3 gh\u1ec1, b\u1ea1n c\u00f3 th\u1ec3 ch\u1ecdn m\u00e1y xay ng\u00f4 trang b\u1ecb l\u1ed1p l\u1edbn ho\u1eb7c c\u00f3 gi\u00e1 \u0111\u1ee1, \u0111\u1ec3 m\u00e1y c\u00f3 th\u1ec3 di chuy\u1ec3n tr\u01a1n tru d\u00f9 \u0111\u1ecba h\u00ecnh b\u1eb1ng ph\u1eb3ng hay g\u1ed3 gh\u1ec1.<br \/> Ngo\u00e0i ra, n\u1ebfu thu\u1eadn ti\u1ec7n cho b\u1ea1n s\u1eed d\u1ee5ng \u0111i\u1ec7n, b\u1ea1n c\u00f3 th\u1ec3 ch\u1ecdn m\u00e1y xay ng\u00f4 c\u00f3 lo\u1ea1i \u0111\u1ed9ng c\u01a1. N\u1ebfu kh\u00f4ng ti\u1ec7n d\u00f9ng \u0111i\u1ec7n, b\u1ea1n c\u00f3 th\u1ec3 ch\u1ecdn m\u00e1y xay ng\u00f4 c\u00f3 \u0111\u1ed9ng c\u01a1 x\u0103ng ho\u1eb7c diesel. \u0110i\u1ec1u quan tr\u1ecdng l\u00e0 m\u00e1y xay ng\u00f4 n\u00e0y c\u00f2n c\u00f3 th\u1ec3 k\u1ebft n\u1ed1i v\u1edbi m\u00e1y k\u00e9o \u0111i b\u1ed9 v\u00e0 ho\u1ea1t \u0111\u1ed9ng tr\u1ef1c ti\u1ebfp tr\u00ean \u0111\u1ed3ng ru\u1ed9ng. N\u1ebfu b\u1ea1n tr\u1ed3ng ng\u00f4, th\u00ec b\u1ea1n c\u00f3 th\u1ec3 ch\u1ecdn lo\u1ea1i m\u00e1y n\u00e0y.<\/p> <div id='gallery-1' class='gallery galleryid-10273 gallery-columns-3 gallery-size-full'><figure class='gallery-item'> \t\t\t<div class='gallery-icon landscape'> \t\t\t\t<a href='https:\/\/www.agriculture-machine.com\/wp-content\/uploads\/2021\/05\/maize-threshing-.jpg'><img loading=\"lazy\" decoding=\"async\" width=\"720\" height=\"526\" src=\"https:\/\/www.agriculture-machine.com\/wp-content\/uploads\/2021\/05\/maize-threshing-.jpg\" class=\"attachment-full size-full\" alt=\"xay ng\u00f4\" aria-describedby=\"gallery-1-10278\" srcset=\"https:\/\/www.agriculture-machine.com\/wp-content\/uploads\/2021\/05\/maize-threshing-.jpg 720w, https:\/\/www.agriculture-machine.com\/wp-content\/uploads\/2021\/05\/maize-threshing--360x263.jpg 360w\" sizes=\"auto, (max-width: 720px) 100vw, 720px\" \/><\/a> \t\t\t<\/div> \t\t\t\t<figcaption class='wp-caption-text gallery-caption' id='gallery-1-10278'> \t\t\t\txay ng\u00f4 \t\t\t\t<\/figcaption><\/figure><figure class='gallery-item'> \t\t\t<div class='gallery-icon landscape'> \t\t\t\t<a href='https:\/\/www.agriculture-machine.com\/wp-content\/uploads\/2021\/05\/maize-thresher.jpg'><img loading=\"lazy\" decoding=\"async\" width=\"720\" height=\"540\" src=\"https:\/\/www.agriculture-machine.com\/wp-content\/uploads\/2021\/05\/maize-thresher.jpg\" class=\"attachment-full size-full\" alt=\"xay ng\u00f4\" aria-describedby=\"gallery-1-10277\" srcset=\"https:\/\/www.agriculture-machine.com\/wp-content\/uploads\/2021\/05\/maize-thresher.jpg 720w, https:\/\/www.agriculture-machine.com\/wp-content\/uploads\/2021\/05\/maize-thresher-360x270.jpg 360w, https:\/\/www.agriculture-machine.com\/wp-content\/uploads\/2021\/05\/maize-thresher-240x180.jpg 240w\" sizes=\"auto, (max-width: 720px) 100vw, 720px\" \/><\/a> \t\t\t<\/div> \t\t\t\t<figcaption class='wp-caption-text gallery-caption' id='gallery-1-10277'> \t\t\t\txay ng\u00f4 \t\t\t\t<\/figcaption><\/figure><figure class='gallery-item'> \t\t\t<div class='gallery-icon landscape'> \t\t\t\t<a href='https:\/\/www.agriculture-machine.com\/wp-content\/uploads\/2021\/05\/Diesel-engine-model.jpg'><img loading=\"lazy\" decoding=\"async\" width=\"720\" height=\"528\" src=\"https:\/\/www.agriculture-machine.com\/wp-content\/uploads\/2021\/05\/Diesel-engine-model.jpg\" class=\"attachment-full size-full\" alt=\"M\u1eabu \u0111\u1ed9ng c\u01a1 diesel\" aria-describedby=\"gallery-1-10276\" srcset=\"https:\/\/www.agriculture-machine.com\/wp-content\/uploads\/2021\/05\/Diesel-engine-model.jpg 720w, https:\/\/www.agriculture-machine.com\/wp-content\/uploads\/2021\/05\/Diesel-engine-model-360x264.jpg 360w\" sizes=\"auto, (max-width: 720px) 100vw, 720px\" \/><\/a> \t\t\t<\/div> \t\t\t\t<figcaption class='wp-caption-text gallery-caption' id='gallery-1-10276'> \t\t\t\tM\u1eabu \u0111\u1ed9ng c\u01a1 diesel \t\t\t\t<\/figcaption><\/figure> \t\t<\/div>  <h2>\u01afu \u0111i\u1ec3m c\u1ee7a m\u00e1y xay ng\u00f4<\/h2> <ul> <li>T\u1ef7 l\u1ec7 t\u00e1ch ra \u0111\u1ea1t 98%.<\/li> <li>S\u1ea3n l\u01b0\u1ee3ng theo gi\u1edd c\u00f3 th\u1ec3 \u0111\u1ea1t 2 t\u1ea5n.<\/li> <li>T\u00f9y ch\u1ec9nh m\u1ea1nh m\u1ebd.<\/li> <li>L\u1ef1a ch\u1ecdn nhi\u1ec1u ch\u1ebf \u0111\u1ed9 ngu\u1ed3n n\u0103ng l\u01b0\u1ee3ng.<\/li> <li>C\u1ea5u tr\u00fac b\u00ean trong \u0111\u1ed9c \u0111\u00e1o (phun r\u0103ng).<\/li> <li>Sau khi xay, l\u00f5i ng\u00f4 (b\u1eafp) kh\u00f4ng \u1ea3nh h\u01b0\u1edfng \u0111\u1ebfn vi\u1ec7c s\u1eed d\u1ee5ng sau n\u00e0y.<\/li> <\/ul> <figure id=\"attachment_10279\" aria-describedby=\"caption-attachment-10279\" style=\"width: 720px\" class=\"wp-caption alignnone\"><img loading=\"lazy\" decoding=\"async\" class=\"size-full wp-image-10279\" src=\"https:\/\/www.agriculture-machine.com\/wp-content\/uploads\/2021\/05\/corn-maize.jpg\" alt=\"ng\u00f4-ng\u00f4\" width=\"720\" height=\"540\" srcset=\"https:\/\/www.agriculture-machine.com\/wp-content\/uploads\/2021\/05\/corn-maize.jpg 720w, https:\/\/www.agriculture-machine.com\/wp-content\/uploads\/2021\/05\/corn-maize-360x270.jpg 360w, https:\/\/www.agriculture-machine.com\/wp-content\/uploads\/2021\/05\/corn-maize-240x180.jpg 240w\" sizes=\"auto, (max-width: 720px) 100vw, 720px\" \/><figcaption id=\"caption-attachment-10279\" class=\"wp-caption-text\">ng\u00f4-ng\u00f4<\/figcaption><\/figure> <h2>C\u1ea5u tr\u00fac c\u1ee7a m\u00e1y xay ng\u00f4 5TYM-650<\/h2> <p>M\u00e1y xay ng\u00f4 n\u00e0y c\u00f3 c\u1eeda n\u1ea1p, l\u1ed1p l\u1edbn, gi\u00e1 \u0111\u1ee1, c\u1eeda ra, ngu\u1ed3n \u0111i\u1ec7n, khung k\u00e9o.<\/p> <figure id=\"attachment_10282\" aria-describedby=\"caption-attachment-10282\" style=\"width: 720px\" class=\"wp-caption alignnone\"><img loading=\"lazy\" decoding=\"async\" class=\"size-full wp-image-10282\" src=\"https:\/\/www.agriculture-machine.com\/wp-content\/uploads\/2021\/05\/the-structure-of-5TYM-650-maize-thresher.jpg\" alt=\"C\u1ea5u tr\u00fac c\u1ee7a m\u00e1y xay ng\u00f4 5TYM-650\" width=\"720\" height=\"540\" srcset=\"https:\/\/www.agriculture-machine.com\/wp-content\/uploads\/2021\/05\/the-structure-of-5TYM-650-maize-thresher.jpg 720w, https:\/\/www.agriculture-machine.com\/wp-content\/uploads\/2021\/05\/the-structure-of-5TYM-650-maize-thresher-360x270.jpg 360w, https:\/\/www.agriculture-machine.com\/wp-content\/uploads\/2021\/05\/the-structure-of-5TYM-650-maize-thresher-240x180.jpg 240w\" sizes=\"auto, (max-width: 720px) 100vw, 720px\" \/><figcaption id=\"caption-attachment-10282\" class=\"wp-caption-text\">C\u1ea5u tr\u00fac c\u1ee7a m\u00e1y xay ng\u00f4 5TYM-650<\/figcaption><\/figure> <h2>Th\u00f4ng s\u1ed1 k\u1ef9 thu\u1eadt<\/h2> <table> <tbody> <tr> <td width=\"284\">M\u1eabu<\/td> <td width=\"284\">5TYM-650<\/td> <\/tr> <tr> <td width=\"284\">Tr\u1ecdng l\u01b0\u1ee3ng<\/td> <td width=\"284\">50kg<\/td> <\/tr> <tr> <td width=\"284\">C\u00f4ng su\u1ea5t ph\u00f9 h\u1ee3p<\/td> <td width=\"284\">2.2-3kw ho\u1eb7c 5-8hp<\/td> <\/tr> <tr> <td width=\"284\">K\u00edch th\u01b0\u1edbc<\/td> <td width=\"284\">900*600*920<\/td> <\/tr> <tr> <td width=\"284\">N\u0103ng su\u1ea5t<\/td> <td width=\"284\">1-2t\/h<\/td> <\/tr> <tr> <td width=\"284\">T\u1ef7 l\u1ec7 l\u00e0m s\u1ea1ch<\/td> <td width=\"284\">99%<\/td> <\/tr> <\/tbody> <\/table>","protected":false},"excerpt":{"rendered":"<p>This is a new type of maize thresher. The internal structure adopts threshing teeth, which has a better threshing effect. The new type of corn thresher is a professional machine for threshing maize. The machine can be equipped with large wheels, which can thresh corn with high efficiency, high cleaning rate, and it is convenient [&hellip;]<\/p>\n","protected":false},"author":1,"featured_media":10275,"parent":0,"comment_status":"closed","ping_status":"closed","template":"","tags":[2614],"product-type":[872],"class_list":["post-10273","product","type-product","status-publish","has-post-thumbnail","hentry","tag-thresher","product-type-thresher-sheller"],"_links":{"self":[{"href":"https:\/\/www.agriculture-machine.com\/vi\/wp-json\/wp\/v2\/product\/10273","targetHints":{"allow":["GET"]}}],"collection":[{"href":"https:\/\/www.agriculture-machine.com\/vi\/wp-json\/wp\/v2\/product"}],"about":[{"href":"https:\/\/www.agriculture-machine.com\/vi\/wp-json\/wp\/v2\/types\/product"}],"author":[{"embeddable":true,"href":"https:\/\/www.agriculture-machine.com\/vi\/wp-json\/wp\/v2\/users\/1"}],"replies":[{"embeddable":true,"href":"https:\/\/www.agriculture-machine.com\/vi\/wp-json\/wp\/v2\/comments?post=10273"}],"wp:featuredmedia":[{"embeddable":true,"href":"https:\/\/www.agriculture-machine.com\/vi\/wp-json\/wp\/v2\/media\/10275"}],"wp:attachment":[{"href":"https:\/\/www.agriculture-machine.com\/vi\/wp-json\/wp\/v2\/media?parent=10273"}],"wp:term":[{"taxonomy":"post_tag","embeddable":true,"href":"https:\/\/www.agriculture-machine.com\/vi\/wp-json\/wp\/v2\/tags?post=10273"},{"taxonomy":"product-type","embeddable":true,"href":"https:\/\/www.agriculture-machine.com\/vi\/wp-json\/wp\/v2\/product-type?post=10273"}],"curies":[{"name":"wp","href":"https:\/\/api.w.org\/{rel}","templated":true}]}}