{"id":10313,"date":"2021-05-10T14:15:10","date_gmt":"2021-05-10T06:15:10","guid":{"rendered":"https:\/\/www.agriculture-machine.com\/?p=10313"},"modified":"2024-09-18T16:06:34","modified_gmt":"2024-09-18T08:06:34","slug":"maize-thresher-machine-wheel-corn-thresher-corn-sheller-5tym-850","status":"publish","type":"product","link":"https:\/\/www.agriculture-machine.com\/vi\/maize-thresher-machine-wheel-corn-thresher-corn-sheller-5tym-850\/","title":{"rendered":"M\u00e1y \u0111\u1eadp ng\u00f4 | m\u00e1y \u0111\u1eadp ng\u00f4 5TYM-850"},"content":{"rendered":"<p>M\u00e1y t\u00e1ch ng\u00f4 b\u00e1nh xe 5TYM-850 \u0111\u01b0\u1ee3c s\u1eed d\u1ee5ng r\u1ed9ng r\u00e3i trong ch\u0103n nu\u00f4i, n\u00f4ng tr\u1ea1i v\u00e0 h\u1ed9 gia \u0111\u00ecnh.<\/p> <h2>Ch\u1ee9c n\u0103ng v\u00e0 \u1ee9ng d\u1ee5ng<\/h2> <p>M\u00e1y t\u00e1ch ng\u00f4 5TYM-850 ch\u1ee7 y\u1ebfu d\u00f9ng \u0111\u1ec3 g\u1ecdt v\u1ecf v\u00e0 t\u00e1ch ng\u00f4. M\u00e1y t\u00e1ch n\u00e0y c\u00f3 th\u1ec3 nhanh ch\u00f3ng t\u00e1ch h\u1ea1t ng\u00f4 kh\u1ecfi b\u1eafp ng\u00f4 v\u00e0 c\u00f3 \u0111\u1eb7c \u0111i\u1ec3m hi\u1ec7u su\u1ea5t l\u00e0m vi\u1ec7c cao v\u00e0 t\u1ef7 l\u1ec7 nghi\u1ec1n th\u1ea5p. M\u00e1y t\u00e1ch c\u00f3 th\u1ec3 \u0111\u01b0\u1ee3c trang b\u1ecb \u0111\u1ed9ng c\u01a1 diesel, \u0111\u1ed9ng c\u01a1, v\u00e0 PTO m\u00e1y k\u00e9o \u0111\u1ec3 v\u1eadn h\u00e0nh. B\u1ea1n c\u00f3 th\u1ec3 l\u1ef1a ch\u1ecdn t\u00f9y theo nhu c\u1ea7u. \u0110\u1ed3ng th\u1eddi, n\u00f3 c\u00f3 th\u1ec3 \u0111\u01b0\u1ee3c trang b\u1ecb l\u1ed1p v\u00e0 khung h\u1ed7 tr\u1ee3 \u0111\u1ec3 d\u1ec5 v\u1eadn chuy\u1ec3n.<\/p> <figure id=\"attachment_10319\" aria-describedby=\"caption-attachment-10319\" style=\"width: 720px\" class=\"wp-caption alignnone\"><img loading=\"lazy\" decoding=\"async\" class=\"size-full wp-image-10319\" src=\"https:\/\/www.agriculture-machine.com\/wp-content\/uploads\/2021\/05\/corn-thresher-1.jpg\" alt=\"m\u00e1y t\u00e1ch ng\u00f4-corn-thresher\" width=\"720\" height=\"540\" srcset=\"https:\/\/www.agriculture-machine.com\/wp-content\/uploads\/2021\/05\/corn-thresher-1.jpg 720w, https:\/\/www.agriculture-machine.com\/wp-content\/uploads\/2021\/05\/corn-thresher-1-360x270.jpg 360w, https:\/\/www.agriculture-machine.com\/wp-content\/uploads\/2021\/05\/corn-thresher-1-240x180.jpg 240w\" sizes=\"auto, (max-width: 720px) 100vw, 720px\" \/><figcaption id=\"caption-attachment-10319\" class=\"wp-caption-text\">m\u00e1y t\u00e1ch ng\u00f4-corn-thresher<\/figcaption><\/figure> <h2>C\u1ea5u tr\u00fac c\u1ee7a m\u00e1y t\u00e1ch 5TYM-850 thresher<\/h2> <p>M\u00e1y t\u00e1ch ng\u00f4 c\u00f3 inlet, qu\u1ea1t v\u00e0 hai ng\u1ecf cho ng\u00f4 b\u1eafp v\u00e0 ng\u00f4 b\u1eafp, \u0111\u1ebf, l\u1ed1p l\u1edbn, gi\u00e1 \u0111\u1ee1 v\u00e0 khung k\u00e9o c\u1ee7a m\u00e1y k\u00e9o.<\/p> <p>&nbsp;<\/p> <p>&nbsp;<\/p> <figure id=\"attachment_10320\" aria-describedby=\"caption-attachment-10320\" style=\"width: 720px\" class=\"wp-caption alignnone\"><img loading=\"lazy\" decoding=\"async\" class=\"size-full wp-image-10320\" src=\"https:\/\/www.agriculture-machine.com\/wp-content\/uploads\/2021\/05\/structure-maize-thresher-850.jpg\" alt=\"tructure-maize-thresher-850\" width=\"720\" height=\"540\" srcset=\"https:\/\/www.agriculture-machine.com\/wp-content\/uploads\/2021\/05\/structure-maize-thresher-850.jpg 720w, https:\/\/www.agriculture-machine.com\/wp-content\/uploads\/2021\/05\/structure-maize-thresher-850-360x270.jpg 360w, https:\/\/www.agriculture-machine.com\/wp-content\/uploads\/2021\/05\/structure-maize-thresher-850-240x180.jpg 240w\" sizes=\"auto, (max-width: 720px) 100vw, 720px\" \/><figcaption id=\"caption-attachment-10320\" class=\"wp-caption-text\">tructure-maize-thresher-850<\/figcaption><\/figure> <p>Chi ti\u1ebft c\u1ea5u tr\u00fac chi ti\u1ebft (Details structure display)<\/p> <p>PTO, khung k\u00e9o m\u00e1y k\u00e9o, m\u00e0n h\u00ecnh, c\u01a1 ch\u1ebf n\u00e9m, d\u00e2y \u0111ai.<\/p> <div id='gallery-1' class='gallery galleryid-10313 gallery-columns-2 gallery-size-full'><figure class='gallery-item'> \t\t\t<div class='gallery-icon landscape'> \t\t\t\t<a href='https:\/\/www.agriculture-machine.com\/wp-content\/uploads\/2021\/05\/structure-details.jpg'><img loading=\"lazy\" decoding=\"async\" width=\"720\" height=\"540\" src=\"https:\/\/www.agriculture-machine.com\/wp-content\/uploads\/2021\/05\/structure-details.jpg\" class=\"attachment-full size-full\" alt=\"\" aria-describedby=\"gallery-1-10322\" srcset=\"https:\/\/www.agriculture-machine.com\/wp-content\/uploads\/2021\/05\/structure-details.jpg 720w, https:\/\/www.agriculture-machine.com\/wp-content\/uploads\/2021\/05\/structure-details-360x270.jpg 360w, https:\/\/www.agriculture-machine.com\/wp-content\/uploads\/2021\/05\/structure-details-240x180.jpg 240w\" sizes=\"auto, (max-width: 720px) 100vw, 720px\" \/><\/a> \t\t\t<\/div> \t\t\t\t<figcaption class='wp-caption-text gallery-caption' id='gallery-1-10322'> \t\t\t\tchi ti\u1ebft c\u1ea5u tr\u00fac (structure-details) \t\t\t\t<\/figcaption><\/figure><figure class='gallery-item'> \t\t\t<div class='gallery-icon landscape'> \t\t\t\t<a href='https:\/\/www.agriculture-machine.com\/wp-content\/uploads\/2021\/05\/structure-detail.jpg'><img loading=\"lazy\" decoding=\"async\" width=\"720\" height=\"540\" src=\"https:\/\/www.agriculture-machine.com\/wp-content\/uploads\/2021\/05\/structure-detail.jpg\" class=\"attachment-full size-full\" alt=\"structure-detail\" aria-describedby=\"gallery-1-10321\" srcset=\"https:\/\/www.agriculture-machine.com\/wp-content\/uploads\/2021\/05\/structure-detail.jpg 720w, https:\/\/www.agriculture-machine.com\/wp-content\/uploads\/2021\/05\/structure-detail-360x270.jpg 360w, https:\/\/www.agriculture-machine.com\/wp-content\/uploads\/2021\/05\/structure-detail-240x180.jpg 240w\" sizes=\"auto, (max-width: 720px) 100vw, 720px\" \/><\/a> \t\t\t<\/div> \t\t\t\t<figcaption class='wp-caption-text gallery-caption' id='gallery-1-10321'> \t\t\t\tstructure-detail \t\t\t\t<\/figcaption><\/figure> \t\t<\/div>  <h2>Kh\u00e1c bi\u1ec7t gi\u1eefa m\u00e1y t\u00e1ch 850 v\u00e0 m\u00e1y t\u00e1ch 650<\/h2> <ol> <li>S\u1ea3n l\u01b0\u1ee3ng c\u1ee7a m\u00e1y t\u00e1ch ng\u00f4 850 l\u1edbn h\u01a1n so v\u1edbi c\u1ee7a m\u00e1y t\u00e1ch ng\u00f4 650. <a href=\"https:\/\/www.agriculture-machine.com\/vi\/corn-thresher-maize-thresher-corn-sheller-5tym-650\/\">M\u00e1y t\u00e1ch ng\u00f4 650<\/a>. S\u1ea3n l\u01b0\u1ee3ng m\u1ed7i gi\u1edd c\u1ee7a m\u00e1y t\u00e1ch 850 l\u00e0 4-6t, v\u00e0 s\u1ea3n l\u01b0\u1ee3ng m\u1ed7i gi\u1edd c\u1ee7a m\u00e1y t\u00e1ch 650 l\u00e0 1-2t.<\/li> <li>M\u00e1y t\u00e1ch ng\u00f4 850 c\u00f3 th\u00eam m\u1ed9t qu\u1ea1t so v\u1edbi m\u00e1y t\u00e1ch ng\u00f4 650, do \u0111\u00f3 ng\u00f4 sau khi t\u00e1ch s\u1ea1ch h\u01a1n.<\/li> <li>M\u00e1y t\u00e1ch ng\u00f4 850 l\u1edbn h\u01a1n k\u00edch th\u01b0\u1edbc so v\u1edbi m\u00e1y t\u00e1ch ng\u00f4 650.<br \/> B\u1ea1n c\u00f3 th\u1ec3 ch\u1ecdn m\u00e1y t\u00e1ch ng\u00f4 850 ho\u1eb7c 650 t\u00f9y theo nhu c\u1ea7u.<\/li> <\/ol> <h2>Ng\u00f4 t\u00e1ch nh\u01b0 th\u1ebf n\u00e0o? (How is the corn thresher work?)<\/h2> <p><iframe loading=\"lazy\" title=\"m\u00e1y xay x\u01a1 ng\u00f4\" width=\"500\" height=\"281\" src=\"https:\/\/www.youtube.com\/embed\/spbXao261AY?feature=oembed\" frameborder=\"0\" allow=\"accelerometer; autoplay; clipboard-write; encrypted-media; gyroscope; picture-in-picture; web-share\" referrerpolicy=\"strict-origin-when-cross-origin\" allowfullscreen><\/iframe><\/p> <h2>Gi\u00e1 c\u1ee7a m\u00e1y xay x\u00e1t l\u00e0 bao nhi\u00eau?<\/h2> <p>Kh\u00e1ch h\u00e0ng \u0111\u0103ng k\u00fd tr\u00ean website c\u1ee7a ch\u00fang t\u00f4i bi\u1ebft r\u1eb1ng m\u00e1y t\u00e1ch ng\u00f4 c\u1ee7a ch\u00fang t\u00f4i \u0111\u00e3 li\u00ean t\u1ee5c \u0111\u01b0\u1ee3c c\u1eadp nh\u1eadt. Ch\u00fang t\u00f4i c\u00f3 c\u00e1c lo\u1ea1i m\u00e1y t\u00e1ch ng\u00f4 kh\u00e1c nhau, bao g\u1ed3m m\u00e1y t\u00e1ch ng\u00f4 c\u00f3 hi\u1ec7u su\u1ea5t l\u1edbn, nh\u1ecf, \u0111a d\u1ee5ng, v\u00e0 m\u00e1y t\u00e1ch ng\u00f4 c\u00f3 l\u1ed1p l\u1edbn d\u00e0nh cho ch\u00e2u Phi. N\u1ebfu b\u1ea1n mu\u1ed1n c\u00f3 gi\u00e1 chi ti\u1ebft h\u01a1n, b\u1ea1n c\u00f3 th\u1ec3 li\u00ean h\u1ec7 v\u1edbi ch\u00fang t\u00f4i v\u00e0 cho bi\u1ebft m\u00f4 h\u00ecnh m\u00e1y t\u00e1ch ng\u00f4 b\u1ea1n mu\u1ed1n.<\/p> <h2>Th\u00f4ng s\u1ed1 k\u1ef9 thu\u1eadt<\/h2> <table> <tbody> <tr> <td width=\"284\">M\u1eabu<\/td> <td width=\"284\">5TYM-850<\/td> <\/tr> <tr> <td width=\"284\">Dung t\u00edch<\/td> <td width=\"284\">4-6t\/h<\/td> <\/tr> <tr> <td width=\"284\">T\u1ef7 l\u1ec7 t\u00e1ch v\u1ecf<\/td> <td width=\"284\">99%<\/td> <\/tr> <tr> <td width=\"284\">C\u00f4ng su\u1ea5t<\/td> <td width=\"284\">5.5-7.5 kw ho\u1eb7c 12-18HP ho\u1eb7c PTO<\/td> <\/tr> <tr> <td width=\"284\">K\u00edch th\u01b0\u1edbc<\/td> <td width=\"284\">1270x720x1000mm<\/td> <\/tr> <tr> <td width=\"284\">Tr\u1ecdng l\u01b0\u1ee3ng<\/td> <td width=\"284\">120 kg<\/td> <\/tr> <\/tbody> <\/table>","protected":false},"excerpt":{"rendered":"<p>5TYM-850 wheel maize thresher machine is widely used in animal husbandry, farms, and households. Function and application The 5TYM-850 corn thresher is mainly used for corn peeling and threshing. This thresher can quickly separate the corn kernels from the corn cobs and has the characteristics of high work efficiency and low crushing rate. The thresher [&hellip;]<\/p>\n","protected":false},"author":1,"featured_media":10318,"parent":0,"comment_status":"closed","ping_status":"closed","template":"","tags":[491,2619],"product-type":[872],"class_list":["post-10313","product","type-product","status-publish","has-post-thumbnail","hentry","tag-corn","tag-sheller","product-type-thresher-sheller"],"_links":{"self":[{"href":"https:\/\/www.agriculture-machine.com\/vi\/wp-json\/wp\/v2\/product\/10313","targetHints":{"allow":["GET"]}}],"collection":[{"href":"https:\/\/www.agriculture-machine.com\/vi\/wp-json\/wp\/v2\/product"}],"about":[{"href":"https:\/\/www.agriculture-machine.com\/vi\/wp-json\/wp\/v2\/types\/product"}],"author":[{"embeddable":true,"href":"https:\/\/www.agriculture-machine.com\/vi\/wp-json\/wp\/v2\/users\/1"}],"replies":[{"embeddable":true,"href":"https:\/\/www.agriculture-machine.com\/vi\/wp-json\/wp\/v2\/comments?post=10313"}],"wp:featuredmedia":[{"embeddable":true,"href":"https:\/\/www.agriculture-machine.com\/vi\/wp-json\/wp\/v2\/media\/10318"}],"wp:attachment":[{"href":"https:\/\/www.agriculture-machine.com\/vi\/wp-json\/wp\/v2\/media?parent=10313"}],"wp:term":[{"taxonomy":"post_tag","embeddable":true,"href":"https:\/\/www.agriculture-machine.com\/vi\/wp-json\/wp\/v2\/tags?post=10313"},{"taxonomy":"product-type","embeddable":true,"href":"https:\/\/www.agriculture-machine.com\/vi\/wp-json\/wp\/v2\/product-type?post=10313"}],"curies":[{"name":"wp","href":"https:\/\/api.w.org\/{rel}","templated":true}]}}