{"id":10328,"date":"2021-05-10T16:41:47","date_gmt":"2021-05-10T08:41:47","guid":{"rendered":"https:\/\/www.agriculture-machine.com\/?p=10328"},"modified":"2024-09-18T16:07:43","modified_gmt":"2024-09-18T08:07:43","slug":"multifunctional-thresher-mt-860-for-corn-wheat-sorghum-rice","status":"publish","type":"product","link":"https:\/\/www.agriculture-machine.com\/vi\/multifunctional-thresher-mt-860-for-corn-wheat-sorghum-rice\/","title":{"rendered":"M\u00e1y xay \u0111a ch\u1ee9c n\u0103ng MT-860 cho ng\u00f4, l\u00faa m\u00ec, th\u1ea1ch cao, g\u1ea1o"},"content":{"rendered":"<p class=\"translation-block\">M\u00e1y xay x\u00e1t \u0111a ch\u1ee9c n\u0103ng n\u00e0y<a href=\"https:\/\/www.agriculture-machine.com\/vi\/multifunctional-thresher-for-maize-beans-sorghum-millet\/\"> l\u00e0 m\u1ed9t m\u00e1y xay x\u00e1t gia \u0111\u00ecnh nh\u1ecf<\/a>. \u0110\u1eb7c \u0111i\u1ec3m n\u1ed5i b\u1eadt l\u00e0 c\u00f3 hai \u1ed1ng d\u1eabn kh\u00ed, v\u00ec v\u1eady b\u1ea5t k\u1ec3 lo\u1ea1i h\u1ea1t n\u00e0o \u0111\u01b0\u1ee3c xay, \u0111\u1ec1u r\u1ea5t s\u1ea1ch s\u1ebd.<\/p> <h2>\u1ee8ng d\u1ee5ng<\/h2> <p>M\u00e1y xay x\u00e1t \u0111a ch\u1ee9c n\u0103ng n\u00e0y c\u00f3 th\u1ec3 xay x\u00e1t ng\u00f4, l\u00faa m\u00ec, m\u00eda, \u0111\u1eadu, k\u00ea, g\u1ea1o, k\u00ea h\u1ea1t, v.v.<\/p> <figure id=\"attachment_10331\" aria-describedby=\"caption-attachment-10331\" style=\"width: 720px\" class=\"wp-caption alignnone\"><img loading=\"lazy\" decoding=\"async\" class=\"size-full wp-image-10331\" src=\"https:\/\/www.agriculture-machine.com\/wp-content\/uploads\/2021\/05\/application-of-Multifunctional-thresher-MT-860.jpg\" alt=\"\u1ee9ng d\u1ee5ng c\u1ee7a M\u00e1y xay x\u00e1t \u0111a ch\u1ee9c n\u0103ng MT-860\" width=\"720\" height=\"540\" srcset=\"https:\/\/www.agriculture-machine.com\/wp-content\/uploads\/2021\/05\/application-of-Multifunctional-thresher-MT-860.jpg 720w, https:\/\/www.agriculture-machine.com\/wp-content\/uploads\/2021\/05\/application-of-Multifunctional-thresher-MT-860-360x270.jpg 360w, https:\/\/www.agriculture-machine.com\/wp-content\/uploads\/2021\/05\/application-of-Multifunctional-thresher-MT-860-240x180.jpg 240w\" sizes=\"auto, (max-width: 720px) 100vw, 720px\" \/><figcaption id=\"caption-attachment-10331\" class=\"wp-caption-text\">\u1ee9ng d\u1ee5ng c\u1ee7a M\u00e1y xay x\u00e1t \u0111a ch\u1ee9c n\u0103ng MT-860<\/figcaption><\/figure> <h2>\u01afu \u0111i\u1ec3m c\u1ee7a m\u00e1y xay x\u00e1t \u0111a ch\u1ee9c n\u0103ng<\/h2> <ol> <li>\u1ed0ng d\u1eabn kh\u00ed v\u00e0 ch\u1ee9c n\u0103ng s\u00e0ng l\u1ecdc do m\u00e1y thi\u1ebft k\u1ebf s\u1ebd lo\u1ea1i b\u1ecf tr\u1ef1c ti\u1ebfp t\u1ea1p ch\u1ea5t kh\u1ecfi h\u1ea1t xay.<\/li> <li>S\u1eed d\u1ee5ng r\u1ed9ng r\u00e3i, m\u00e1y xay x\u00e1t c\u00f3 th\u1ec3 xay x\u00e1t nhi\u1ec1u lo\u1ea1i c\u00e2y tr\u1ed3ng<\/li> <li>L\u1ed7 c\u1ea5p li\u1ec7u m\u1edf r\u1ed9ng v\u00e0 g\u00f3c nghi\u00eang cao gi\u00fap c\u1ea5p li\u1ec7u nhanh h\u01a1n v\u00e0 m\u01b0\u1ee3t h\u01a1n.<\/li> <li>Th\u00e2n m\u00e1y d\u00e0i h\u01a1n, b\u00faa n\u00e9m cao c\u1ea5p b\u1ed1n tr\u1ee5c, n\u0103ng su\u1ea5t xay x\u00e1t cao h\u01a1n.<\/li> <li>Ph\u1ea7n xu\u1ea5t kh\u1ea9u r\u01a1m \u0111\u01b0\u1ee3c s\u00e0ng l\u1ecdc l\u1ea1i. N\u1ebfu c\u00f3 h\u1ea1t ra, n\u00f3 s\u1ebd r\u01a1i tr\u1ef1c ti\u1ebfp.<\/li> <li>Sau khi xay x\u00e1t, h\u1ea1t \u0111\u01b0\u1ee3c s\u00e0ng l\u1ecdc tr\u1ef1c ti\u1ebfp, v\u00e0 h\u1ea1t \u0111\u01b0\u1ee3c th\u1ea3i ra s\u1ea1ch s\u1ebd. Ti\u1ebft ki\u1ec7m c\u00f4ng s\u1ee9c.<\/li> <li>Ch\u1ee9c n\u0103ng \u0111i\u1ec1u ch\u1ec9nh c\u00f4ng su\u1ea5t gi\u00f3, c\u00e1c lo\u1ea1i c\u00e2y tr\u1ed3ng kh\u00e1c nhau c\u00f3 t\u1ef7 l\u1ec7 kh\u00e1c nhau, v\u00e0 chi\u1ec1u cao c\u1ee7a \u1ed1ng th\u1ed5i kh\u00ed c\u00f3 th\u1ec3 \u0111i\u1ec1u ch\u1ec9nh theo nhu c\u1ea7u th\u1ef1c t\u1ebf \u0111\u1ec3 \u0111i\u1ec1u ch\u1ec9nh c\u00f4ng su\u1ea5t gi\u00f3.<\/li> <\/ol> <h2>C\u1ea5u tr\u00fac c\u1ee7a m\u00e1y xay x\u00e1t \u0111a ch\u1ee9c n\u0103ng<\/h2> <figure id=\"attachment_10332\" aria-describedby=\"caption-attachment-10332\" style=\"width: 720px\" class=\"wp-caption alignnone\"><img loading=\"lazy\" decoding=\"async\" class=\"size-full wp-image-10332\" src=\"https:\/\/www.agriculture-machine.com\/wp-content\/uploads\/2021\/05\/structure-Multifunctional-thresher-MT-860.jpg\" alt=\"C\u1ea5u tr\u00fac c\u1ee7a m\u00e1y xay x\u00e1t \u0111a ch\u1ee9c n\u0103ng MT-860\" width=\"720\" height=\"540\" srcset=\"https:\/\/www.agriculture-machine.com\/wp-content\/uploads\/2021\/05\/structure-Multifunctional-thresher-MT-860.jpg 720w, https:\/\/www.agriculture-machine.com\/wp-content\/uploads\/2021\/05\/structure-Multifunctional-thresher-MT-860-360x270.jpg 360w, https:\/\/www.agriculture-machine.com\/wp-content\/uploads\/2021\/05\/structure-Multifunctional-thresher-MT-860-240x180.jpg 240w\" sizes=\"auto, (max-width: 720px) 100vw, 720px\" \/><figcaption id=\"caption-attachment-10332\" class=\"wp-caption-text\">C\u1ea5u tr\u00fac c\u1ee7a m\u00e1y xay x\u00e1t \u0111a ch\u1ee9c n\u0103ng MT-860<\/figcaption><\/figure> <h2>S\u1ef1 kh\u00e1c bi\u1ec7t gi\u1eefa hai lo\u1ea1i m\u00e1y xay x\u00e1t \u0111a ch\u1ee9c n\u0103ng<\/h2> <p>Ch\u00fang t\u00f4i \u0111\u00e3 c\u00f3 m\u1ed9t m\u00e1y xay x\u00e1t \u0111a ch\u1ee9c n\u0103ng tr\u01b0\u1edbc \u0111\u00e2y, ch\u1ec9 c\u00f3 m\u1ed9t \u1ed1ng d\u1eabn kh\u00ed, nh\u01b0ng m\u00e1y xay x\u00e1t \u0111a ch\u1ee9c n\u0103ng ng\u00e0y h\u00f4m nay c\u00f3 hai \u1ed1ng d\u1eabn kh\u00ed, v\u00ec v\u1eady so s\u00e1nh, vi\u1ec7c xay x\u00e1t c\u1ee7a m\u00e1y sau s\u1ea1ch h\u01a1n.<br \/> Ngo\u00e0i ra, m\u00e1y xay x\u00e1t n\u00e0y c\u00f2n c\u00f3 th\u1ec3 trang b\u1ecb l\u1ed1p l\u1edbn, gi\u00e1 \u0111\u1ee1 l\u1edbn, khung k\u00e9o c\u1ee7a m\u00e1y k\u00e9o, v.v. Vi\u1ec7c xay x\u00e1t c\u00e1c lo\u1ea1i c\u00e2y tr\u1ed3ng kh\u00e1c nhau \u0111\u00f2i h\u1ecfi ph\u1ea3i thay th\u1ebf m\u00e0n h\u00ecnh li\u00ean t\u1ee5c.<\/p> <h3>L\u00e0m th\u1ebf n\u00e0o \u0111\u1ec3 ch\u1ecdn gi\u1eefa hai lo\u1ea1i m\u00e1y xay x\u00e1t<\/h3> <p>B\u1ea1n c\u00f3 th\u1ec3 so s\u00e1nh hai m\u00e1y xay x\u00e1t \u0111a ch\u1ee9c n\u0103ng n\u00e0y v\u00e0 ch\u1ecdn m\u1ed9t d\u1ef1a tr\u00ean ch\u1ee9c n\u0103ng, n\u0103ng su\u1ea5t, c\u1ea5u tr\u00fac v\u00e0 ng\u00e2n s\u00e1ch.<\/p> <div id='gallery-1' class='gallery galleryid-10328 gallery-columns-2 gallery-size-full'><figure class='gallery-item'> \t\t\t<div class='gallery-icon landscape'> \t\t\t\t<a href='https:\/\/www.agriculture-machine.com\/wp-content\/uploads\/2021\/05\/Multifunctional-thresher-machine.jpg'><img loading=\"lazy\" decoding=\"async\" width=\"720\" height=\"540\" src=\"https:\/\/www.agriculture-machine.com\/wp-content\/uploads\/2021\/05\/Multifunctional-thresher-machine.jpg\" class=\"attachment-full size-full\" alt=\"M\u00e1y xay x\u00e1t \u0111a ch\u1ee9c n\u0103ng\" aria-describedby=\"gallery-1-10333\" srcset=\"https:\/\/www.agriculture-machine.com\/wp-content\/uploads\/2021\/05\/Multifunctional-thresher-machine.jpg 720w, https:\/\/www.agriculture-machine.com\/wp-content\/uploads\/2021\/05\/Multifunctional-thresher-machine-360x270.jpg 360w, https:\/\/www.agriculture-machine.com\/wp-content\/uploads\/2021\/05\/Multifunctional-thresher-machine-240x180.jpg 240w\" sizes=\"auto, (max-width: 720px) 100vw, 720px\" \/><\/a> \t\t\t<\/div> \t\t\t\t<figcaption class='wp-caption-text gallery-caption' id='gallery-1-10333'> \t\t\t\tM\u00e1y xay x\u00e1t \u0111a ch\u1ee9c n\u0103ng \t\t\t\t<\/figcaption><\/figure><figure class='gallery-item'> \t\t\t<div class='gallery-icon landscape'> \t\t\t\t<a href='https:\/\/www.agriculture-machine.com\/wp-content\/uploads\/2021\/05\/Multifunctional-thresher-MT-860-1.jpg'><img loading=\"lazy\" decoding=\"async\" width=\"720\" height=\"540\" src=\"https:\/\/www.agriculture-machine.com\/wp-content\/uploads\/2021\/05\/Multifunctional-thresher-MT-860-1.jpg\" class=\"attachment-full size-full\" alt=\"\" aria-describedby=\"gallery-1-10334\" srcset=\"https:\/\/www.agriculture-machine.com\/wp-content\/uploads\/2021\/05\/Multifunctional-thresher-MT-860-1.jpg 720w, https:\/\/www.agriculture-machine.com\/wp-content\/uploads\/2021\/05\/Multifunctional-thresher-MT-860-1-360x270.jpg 360w, https:\/\/www.agriculture-machine.com\/wp-content\/uploads\/2021\/05\/Multifunctional-thresher-MT-860-1-240x180.jpg 240w\" sizes=\"auto, (max-width: 720px) 100vw, 720px\" \/><\/a> \t\t\t<\/div> \t\t\t\t<figcaption class='wp-caption-text gallery-caption' id='gallery-1-10334'> \t\t\t\tM\u00e1y xay x\u00e1t \u0111a ch\u1ee9c n\u0103ng-MT-860 \t\t\t\t<\/figcaption><\/figure> \t\t<\/div>  <h2>Gi\u00e1 c\u1ee7a m\u00e1y xay x\u00e1t l\u00e0 bao nhi\u00eau?<\/h2> <p>Nh\u01b0 \u0111\u00e3 \u0111\u1ec1 c\u1eadp tr\u01b0\u1edbc \u0111\u00f3 trong b\u00e0i vi\u1ebft, ch\u00fang t\u00f4i \u0111\u00e3 c\u00f3 m\u1ed9t m\u00e1y xay x\u00e1t \u0111a ch\u1ee9c n\u0103ng tr\u01b0\u1edbc \u0111\u00e2y, v\u00ec v\u1eady gi\u00e1 c\u1ee7a hai lo\u1ea1i m\u00e1y xay x\u00e1t \u0111a ch\u1ee9c n\u0103ng n\u00e0y ch\u1eafc ch\u1eafn kh\u00e1c nhau. N\u1ebfu b\u1ea1n mu\u1ed1n c\u00f3 b\u00e1o gi\u00e1 ch\u00ednh x\u00e1c, vui l\u00f2ng cho ch\u00fang t\u00f4i bi\u1ebft b\u1ea1n c\u1ea7n lo\u1ea1i m\u00e1y xay x\u00e1t \u0111a ch\u1ee9c n\u0103ng n\u00e0o.<\/p> <h2>Video l\u00e0m vi\u1ec7c c\u1ee7a m\u00e1y xay x\u00e1t \u0111a ch\u1ee9c n\u0103ng<\/h2> <p><iframe loading=\"lazy\" title=\"b\u1ea1n s\u1ebd kh\u00f4ng h\u1ed1i ti\u1ebfc khi mua - m\u00e1y t\u00e1ch v\u1ecf ng\u00f4, m\u00e1y t\u00e1ch h\u1ea1t ng\u00f4, \u0111\u1eadu, sorghum, m\u00e1y x\u00e1t ng\u00f4\" width=\"500\" height=\"281\" src=\"https:\/\/www.youtube.com\/embed\/GR28h0y-wcc?feature=oembed\" frameborder=\"0\" allow=\"accelerometer; autoplay; clipboard-write; encrypted-media; gyroscope; picture-in-picture; web-share\" referrerpolicy=\"strict-origin-when-cross-origin\" allowfullscreen><\/iframe><\/p> <h2>Th\u00f4ng s\u1ed1 k\u1ef9 thu\u1eadt<\/h2> <table width=\"388\"> <tbody> <tr> <td width=\"178\">M\u1eabu<\/td> <td width=\"210\">MT-860<\/td> <\/tr> <tr> <td width=\"178\">Dung t\u00edch<\/td> <td>1-1.5T\/h<\/td> <\/tr> <tr> <td width=\"178\">\u0110\u1ed9ng c\u01a1<\/td> <td>\u0111\u1ed9ng c\u01a1 x\u0103ng<\/td> <\/tr> <tr> <td>Tr\u1ecdng l\u01b0\u1ee3ng<\/td> <td>112kg<\/td> <\/tr> <tr> <td>K\u00edch th\u01b0\u1edbc<\/td> <td>1150*860*1160mm<\/td> <\/tr> <\/tbody> <\/table>","protected":false},"excerpt":{"rendered":"<p>This multifunctional thresher is a small household thresher. The unique feature is that there are two air ducts, so no matter what grain is threshed, it is very clean. Application This multifunctional thresher can thresh corn, wheat, sorghum, beans, millet, rice, pearl millet, etc. Advantages of the multifunctional thresher The air duct and screening function [&hellip;]<\/p>\n","protected":false},"author":1,"featured_media":10330,"parent":0,"comment_status":"closed","ping_status":"closed","template":"","tags":[2614],"product-type":[872],"class_list":["post-10328","product","type-product","status-publish","has-post-thumbnail","hentry","tag-thresher","product-type-thresher-sheller"],"_links":{"self":[{"href":"https:\/\/www.agriculture-machine.com\/vi\/wp-json\/wp\/v2\/product\/10328","targetHints":{"allow":["GET"]}}],"collection":[{"href":"https:\/\/www.agriculture-machine.com\/vi\/wp-json\/wp\/v2\/product"}],"about":[{"href":"https:\/\/www.agriculture-machine.com\/vi\/wp-json\/wp\/v2\/types\/product"}],"author":[{"embeddable":true,"href":"https:\/\/www.agriculture-machine.com\/vi\/wp-json\/wp\/v2\/users\/1"}],"replies":[{"embeddable":true,"href":"https:\/\/www.agriculture-machine.com\/vi\/wp-json\/wp\/v2\/comments?post=10328"}],"wp:featuredmedia":[{"embeddable":true,"href":"https:\/\/www.agriculture-machine.com\/vi\/wp-json\/wp\/v2\/media\/10330"}],"wp:attachment":[{"href":"https:\/\/www.agriculture-machine.com\/vi\/wp-json\/wp\/v2\/media?parent=10328"}],"wp:term":[{"taxonomy":"post_tag","embeddable":true,"href":"https:\/\/www.agriculture-machine.com\/vi\/wp-json\/wp\/v2\/tags?post=10328"},{"taxonomy":"product-type","embeddable":true,"href":"https:\/\/www.agriculture-machine.com\/vi\/wp-json\/wp\/v2\/product-type?post=10328"}],"curies":[{"name":"wp","href":"https:\/\/api.w.org\/{rel}","templated":true}]}}