{"id":10381,"date":"2021-05-14T17:07:42","date_gmt":"2021-05-14T09:07:42","guid":{"rendered":"https:\/\/www.agriculture-machine.com\/?p=10381"},"modified":"2024-09-18T15:51:42","modified_gmt":"2024-09-18T07:51:42","slug":"cocoa-pod-breaker-cocoa-pod-splitter-cocoa-pod-opener","status":"publish","type":"product","link":"https:\/\/www.agriculture-machine.com\/vi\/cocoa-pod-breaker-cocoa-pod-splitter-cocoa-pod-opener\/","title":{"rendered":"m\u00e1y ph\u00e1 v\u1ecf pod ca cao | m\u00e1y t\u00e1ch pod ca cao | m\u00e1y m\u1edf pod ca cao"},"content":{"rendered":"<p class=\"translation-block\"><strong>M\u00e1y b\u1ebb qu\u1ea3 ca cao<\/strong> l\u00e0 thi\u1ebft b\u1ecb ch\u1ebf bi\u1ebfn ng\u0169 c\u1ed1c. N\u00f3 ch\u1ee7 y\u1ebfu \u0111\u01b0\u1ee3c s\u1eed d\u1ee5ng \u0111\u1ec3 c\u1eaft c\u00e1c qu\u1ea3 ca cao t\u01b0\u01a1i v\u00e0 s\u00e0ng l\u1ecdc h\u1ea1t ca cao. <\/p>    <p>M\u00e1y t\u00e1ch qu\u1ea3 ca cao l\u00e0 m\u1ed9t m\u00e1y m\u1edbi \u0111\u01b0\u1ee3c ph\u00e1t tri\u1ec3n. N\u00f3 ti\u1ebft ki\u1ec7m chi ph\u00ed lao \u0111\u1ed9ng \u1edf m\u1ee9c \u0111\u1ed9 l\u1edbn, v\u00e0 c\u0169ng c\u1ea3i thi\u1ec7n hi\u1ec7u qu\u1ea3 c\u00f4ng vi\u1ec7c, v\u00e0 gi\u1ea3m t\u1ef7 l\u1ec7 h\u01b0 h\u1ea1i c\u1ee7a h\u1ea1t ca cao. N\u00f3 ph\u00f9 h\u1ee3p cho c\u00e1c \u0111\u1ed3n \u0111i\u1ec1n ca cao v\u00e0 c\u00e1c trang tr\u1ea1i l\u1edbn.<\/p>    <figure class=\"wp-block-embed is-type-video is-provider-youtube wp-block-embed-youtube wp-embed-aspect-16-9 wp-has-aspect-ratio\"><div class=\"wp-block-embed__wrapper\"> <iframe loading=\"lazy\" title=\"C\u00e1ch m\u1edf qu\u1ea3 ca cao b\u1eb1ng c\u00e1ch s\u1eed d\u1ee5ng m\u00e1y b\u1ebb qu\u1ea3 ca cao? m\u00e1y b\u1ebb qu\u1ea3 ca cao | m\u00e1y t\u00e1ch qu\u1ea3 ca cao\" width=\"500\" height=\"281\" src=\"https:\/\/www.youtube.com\/embed\/fzDi_NHatYo?start=8&#038;feature=oembed\" frameborder=\"0\" allow=\"accelerometer; autoplay; clipboard-write; encrypted-media; gyroscope; picture-in-picture; web-share\" referrerpolicy=\"strict-origin-when-cross-origin\" allowfullscreen><\/iframe> <\/div><figcaption class=\"wp-element-caption\">video l\u00e0m vi\u1ec7c c\u1ee7a m\u00e1y ch\u1ebf bi\u1ebfn ca cao<\/figcaption><\/figure>    <h2 class=\"wp-block-heading\">Th\u00e0nh ph\u1ea7n c\u1ee7a m\u00e1y b\u1ebb qu\u1ea3 ca cao l\u00e0 g\u00ec?<\/h2>    <p>M\u00e1y t\u00e1ch qu\u1ea3 ca cao ch\u1ee7 y\u1ebfu bao g\u1ed3m m\u1ed9t m\u00e1y n\u00e2ng, m\u1ed9t m\u00e1y c\u1eaft, m\u1ed9t v\u1ecf, v\u00e0 m\u1ed9t m\u00e1y s\u00e0ng h\u1ea1t ca cao. <\/p>    <p>M\u00e1y n\u00e2ng v\u00e0 m\u00e1y c\u1eaft ch\u1ee7 y\u1ebfu \u0111\u01b0\u1ee3c s\u1eed d\u1ee5ng \u0111\u1ec3 c\u1eaft c\u00e1c qu\u1ea3 ca cao t\u01b0\u01a1i th\u00e0nh hai n\u1eeda. V\u1ecf v\u00e0 m\u00e1y s\u00e0ng h\u1ea1t ca cao ch\u1ee7 y\u1ebfu \u0111\u01b0\u1ee3c s\u1eed d\u1ee5ng \u0111\u1ec3 t\u00e1ch qu\u1ea3 ca cao v\u00e0 h\u1ea1t ca cao qua m\u1ed9t c\u00e1i s\u00e0ng.<\/p>    <h2 class=\"wp-block-heading\">C\u00e1ch s\u1eed d\u1ee5ng m\u00e1y t\u00e1ch qu\u1ea3 ca cao?<\/h2>    <p>Vi\u1ec7c v\u1eadn h\u00e0nh m\u00e1y m\u1edf qu\u1ea3 ca cao c\u1ee7a ch\u00fang t\u00f4i r\u1ea5t \u0111\u01a1n gi\u1ea3n v\u00e0 kh\u00f4ng y\u00eau c\u1ea7u tr\u00ecnh \u0111\u1ed9 k\u1ef9 thu\u1eadt cao. To\u00e0n b\u1ed9 quy tr\u00ecnh v\u1eadn h\u00e0nh c\u00f3 th\u1ec3 \u0111\u01b0\u1ee3c ho\u00e0n th\u00e0nh ch\u1ec9 b\u1edfi m\u1ed9t ng\u01b0\u1eddi.<br>1. Ng\u01b0\u1eddi v\u1eadn h\u00e0nh ch\u1ec9 c\u1ea7n \u0111\u1ee9ng tr\u01b0\u1edbc m\u00e1y t\u00e1ch qu\u1ea3 ca cao v\u00e0 \u0111\u1eb7t t\u1eebng h\u1ea1t ca cao l\u00ean b\u0103ng t\u1ea3i.<br>2. To\u00e0n b\u1ed9 h\u1ea1t ca cao \u0111\u01b0\u1ee3c v\u1eadn chuy\u1ec3n \u0111\u1ebfn m\u00e1y c\u1eaft qua thang m\u00e1y.<br>3. M\u00e1y c\u1eaft s\u1eed d\u1ee5ng dao c\u1eaft \u0111\u1ec3 chia h\u1ea1t ca cao th\u00e0nh hai n\u1eeda, v\u00e0 c\u00e1c qu\u1ea3 ca cao \u0111\u00e3 c\u1eaft v\u00e0o m\u00e1y s\u00e0ng h\u1ea1t ca cao. H\u1ea1t ca cao v\u00e0 v\u1ecf h\u1ea1t \u0111\u01b0\u1ee3c t\u00e1ch ra trong m\u00e1y s\u00e0ng h\u1ea1t ca cao v\u00e0 ch\u1ea3y ra qua c\u00e1c l\u1ed1i ra kh\u00e1c nhau.<\/p>    <figure class=\"wp-block-gallery has-nested-images columns-2 is-cropped wp-block-gallery-2 is-layout-flex wp-block-gallery-is-layout-flex\"> <figure class=\"wp-block-image size-large\"><a href=\"https:\/\/www.agriculture-machine.com\/wp-content\/uploads\/2021\/05\/cocoa-bean-pod-opening-machine.jpg\"><img loading=\"lazy\" decoding=\"async\" width=\"720\" height=\"406\" data-id=\"10385\" src=\"https:\/\/www.agriculture-machine.com\/wp-content\/uploads\/2021\/05\/cocoa-bean-pod-opening-machine.jpg\" alt=\"m\u00e1y m\u1edf qu\u1ea3 h\u1ea1t ca cao\" class=\"wp-image-10385\" srcset=\"https:\/\/www.agriculture-machine.com\/wp-content\/uploads\/2021\/05\/cocoa-bean-pod-opening-machine.jpg 720w, https:\/\/www.agriculture-machine.com\/wp-content\/uploads\/2021\/05\/cocoa-bean-pod-opening-machine-360x203.jpg 360w\" sizes=\"auto, (max-width: 720px) 100vw, 720px\" \/><\/a><figcaption class=\"wp-element-caption\">m\u00e1y m\u1edf qu\u1ea3 h\u1ea1t ca cao<\/figcaption><\/figure>    <figure class=\"wp-block-image size-large\"><a href=\"https:\/\/www.agriculture-machine.com\/wp-content\/uploads\/2021\/05\/cocoa-bean-pod-opener.jpg\"><img loading=\"lazy\" decoding=\"async\" width=\"720\" height=\"407\" data-id=\"10384\" src=\"https:\/\/www.agriculture-machine.com\/wp-content\/uploads\/2021\/05\/cocoa-bean-pod-opener.jpg\" alt=\"m\u00e1y m\u1edf qu\u1ea3 h\u1ea1t ca cao\" class=\"wp-image-10384\" srcset=\"https:\/\/www.agriculture-machine.com\/wp-content\/uploads\/2021\/05\/cocoa-bean-pod-opener.jpg 720w, https:\/\/www.agriculture-machine.com\/wp-content\/uploads\/2021\/05\/cocoa-bean-pod-opener-360x204.jpg 360w\" sizes=\"auto, (max-width: 720px) 100vw, 720px\" \/><\/a><figcaption class=\"wp-element-caption\">m\u00e1y m\u1edf qu\u1ea3 h\u1ea1t ca cao<\/figcaption><\/figure>    <figure class=\"wp-block-image size-large\"><a href=\"https:\/\/www.agriculture-machine.com\/wp-content\/uploads\/2021\/05\/cocoa-pod-breaker-machine.jpg\"><img loading=\"lazy\" decoding=\"async\" width=\"720\" height=\"407\" data-id=\"10387\" src=\"https:\/\/www.agriculture-machine.com\/wp-content\/uploads\/2021\/05\/cocoa-pod-breaker-machine.jpg\" alt=\"m\u00e1y b\u1ebb qu\u1ea3 ca cao\" class=\"wp-image-10387\" srcset=\"https:\/\/www.agriculture-machine.com\/wp-content\/uploads\/2021\/05\/cocoa-pod-breaker-machine.jpg 720w, https:\/\/www.agriculture-machine.com\/wp-content\/uploads\/2021\/05\/cocoa-pod-breaker-machine-360x204.jpg 360w\" sizes=\"auto, (max-width: 720px) 100vw, 720px\" \/><\/a><figcaption class=\"wp-element-caption\">m\u00e1y b\u1ebb qu\u1ea3 ca cao<\/figcaption><\/figure>    <figure class=\"wp-block-image size-large\"><a href=\"https:\/\/www.agriculture-machine.com\/wp-content\/uploads\/2021\/05\/cocoa-bean-pod-splitter.jpg\"><img loading=\"lazy\" decoding=\"async\" width=\"720\" height=\"407\" data-id=\"10386\" src=\"https:\/\/www.agriculture-machine.com\/wp-content\/uploads\/2021\/05\/cocoa-bean-pod-splitter.jpg\" alt=\"m\u00e1y t\u00e1ch qu\u1ea3 h\u1ea1t ca cao\" class=\"wp-image-10386\" srcset=\"https:\/\/www.agriculture-machine.com\/wp-content\/uploads\/2021\/05\/cocoa-bean-pod-splitter.jpg 720w, https:\/\/www.agriculture-machine.com\/wp-content\/uploads\/2021\/05\/cocoa-bean-pod-splitter-360x204.jpg 360w\" sizes=\"auto, (max-width: 720px) 100vw, 720px\" \/><\/a><figcaption class=\"wp-element-caption\">m\u00e1y t\u00e1ch qu\u1ea3 h\u1ea1t ca cao<\/figcaption><\/figure> <\/figure>    <h2 class=\"wp-block-heading\">Nh\u1eefng l\u1ee3i \u00edch c\u1ee7a m\u00e1y t\u00e1ch h\u1ea1t ca cao t\u1ef1 \u0111\u1ed9ng l\u00e0 g\u00ec?<\/h2>    <ol class=\"wp-block-list\"> <li>M\u00e1y b\u1ebb qu\u1ea3 ca cao c\u00f3 c\u1ea5u tr\u00fac \u0111\u01a1n gi\u1ea3n v\u00e0 d\u1ec5 v\u1eadn h\u00e0nh.<\/li>    <li>Ch\u1ea5t li\u1ec7u ch\u00ednh l\u00e0 th\u00e9p kh\u00f4ng g\u1ec9 v\u00e0 th\u00e9p carbon, d\u1ec5 d\u00e0ng v\u1ec7 sinh.<\/li>    <li>M\u00e1y t\u00e1ch h\u1ea1t ca cao t\u1ef1 \u0111\u1ed9ng c\u1ee7a ch\u00fang t\u00f4i hi\u1ec7u qu\u1ea3 h\u01a1n so v\u1edbi vi\u1ec7c m\u1edf qu\u1ea3 b\u1eb1ng tay v\u00e0 c\u00f3 th\u1ec3 t\u00e1ch 98% h\u1ea1t ca cao.<\/li>    <li>S\u1ea3n l\u01b0\u1ee3ng c\u1ee7a m\u00e1y b\u1ebb qu\u1ea3 ca cao l\u1edbn<\/li>    <li>So v\u1edbi vi\u1ec7c b\u1ebb qu\u1ea3 ca cao b\u1eb1ng tay, m\u00e1y b\u1ebb qu\u1ea3 ca cao ti\u1ebft ki\u1ec7m lao \u0111\u1ed9ng.<\/li> <\/ol>    <figure class=\"wp-block-gallery has-nested-images columns-1 is-cropped wp-block-gallery-3 is-layout-flex wp-block-gallery-is-layout-flex\"> <figure class=\"wp-block-image aligncenter size-large\"><a href=\"https:\/\/www.agriculture-machine.com\/wp-content\/uploads\/2021\/05\/screening.jpg\"><img loading=\"lazy\" decoding=\"async\" width=\"720\" height=\"364\" data-id=\"10391\" src=\"https:\/\/www.agriculture-machine.com\/wp-content\/uploads\/2021\/05\/screening.jpg\" alt=\"s\u00e0ng l\u1ecdc\" class=\"wp-image-10391\" srcset=\"https:\/\/www.agriculture-machine.com\/wp-content\/uploads\/2021\/05\/screening.jpg 720w, https:\/\/www.agriculture-machine.com\/wp-content\/uploads\/2021\/05\/screening-360x182.jpg 360w\" sizes=\"auto, (max-width: 720px) 100vw, 720px\" \/><\/a><figcaption class=\"wp-element-caption\">s\u00e0ng l\u1ecdc<\/figcaption><\/figure>    <figure class=\"wp-block-image aligncenter size-large\"><a href=\"https:\/\/www.agriculture-machine.com\/wp-content\/uploads\/2021\/05\/display-of-cocoa-bean-splitter-1.jpg\"><img loading=\"lazy\" decoding=\"async\" width=\"720\" height=\"367\" data-id=\"10390\" src=\"https:\/\/www.agriculture-machine.com\/wp-content\/uploads\/2021\/05\/display-of-cocoa-bean-splitter-1.jpg\" alt=\"hi\u1ec3n th\u1ecb\" class=\"wp-image-10390\" srcset=\"https:\/\/www.agriculture-machine.com\/wp-content\/uploads\/2021\/05\/display-of-cocoa-bean-splitter-1.jpg 720w, https:\/\/www.agriculture-machine.com\/wp-content\/uploads\/2021\/05\/display-of-cocoa-bean-splitter-1-360x184.jpg 360w\" sizes=\"auto, (max-width: 720px) 100vw, 720px\" \/><\/a><figcaption class=\"wp-element-caption\">hi\u1ec3n th\u1ecb <\/figcaption><\/figure>    <figure class=\"wp-block-image aligncenter size-large\"><a href=\"https:\/\/www.agriculture-machine.com\/wp-content\/uploads\/2021\/05\/display-of-cocoa-bean-splitter.jpg\"><img loading=\"lazy\" decoding=\"async\" width=\"720\" height=\"365\" data-id=\"10389\" src=\"https:\/\/www.agriculture-machine.com\/wp-content\/uploads\/2021\/05\/display-of-cocoa-bean-splitter.jpg\" alt=\"hi\u1ec3n th\u1ecb m\u00e1y t\u00e1ch h\u1ea1t ca cao\" class=\"wp-image-10389\" srcset=\"https:\/\/www.agriculture-machine.com\/wp-content\/uploads\/2021\/05\/display-of-cocoa-bean-splitter.jpg 720w, https:\/\/www.agriculture-machine.com\/wp-content\/uploads\/2021\/05\/display-of-cocoa-bean-splitter-360x183.jpg 360w\" sizes=\"auto, (max-width: 720px) 100vw, 720px\" \/><\/a><figcaption class=\"wp-element-caption\">hi\u1ec3n th\u1ecb m\u00e1y t\u00e1ch h\u1ea1t ca cao<\/figcaption><\/figure> <\/figure>    <h2 class=\"wp-block-heading\">Gi\u00e1 c\u1ee7a m\u00e1y m\u1edf qu\u1ea3 ca cao l\u00e0 bao nhi\u00eau?<\/h2>    <p>Do c\u00e1c m\u1eabu m\u00e1y m\u1edf qu\u1ea3 ca cao kh\u00e1c nhau, gi\u00e1 c\u1ea3 c\u0169ng kh\u00e1c nhau. N\u1ebfu b\u1ea1n mu\u1ed1n bi\u1ebft th\u00eam th\u00f4ng tin v\u1ec1 gi\u00e1 c\u1ea3, vui l\u00f2ng li\u00ean h\u1ec7 v\u1edbi ch\u00fang t\u00f4i.<\/p>    <h2 class=\"wp-block-heading\">C\u00e1ch ch\u1ecdn m\u00e1y t\u00e1ch qu\u1ea3 ca cao<\/h2>    <p>M\u00e1y b\u1ebb qu\u1ea3 ca cao c\u00f3 hai lo\u1ea1i: l\u1edbn HT-SF800 v\u00e0 nh\u1ecf HT-SF400. N\u1ebfu b\u1ea1n tr\u1ed3ng nhi\u1ec1u c\u00e2y ca cao, ch\u00fang t\u00f4i khuy\u00ean b\u1ea1n n\u00ean ch\u1ecdn m\u00e1y b\u1ebb qu\u1ea3 ca cao l\u1edbn. M\u1eabu m\u00e1y n\u00e0y c\u00f3 th\u1ec3 gi\u00fap b\u1ea1n ho\u00e0n th\u00e0nh c\u00f4ng vi\u1ec7c nhanh h\u01a1n. Nh\u01b0ng n\u1ebfu s\u1ea3n l\u01b0\u1ee3ng c\u1ee7a b\u1ea1n kh\u00f4ng cao, th\u00ec b\u1ea1n c\u00f3 th\u1ec3 ch\u1ecdn m\u00e1y nh\u1ecf. B\u1eb1ng c\u00e1ch n\u00e0y, l\u00e3ng ph\u00ed t\u00e0i nguy\u00ean c\u00f3 th\u1ec3 \u0111\u01b0\u1ee3c tr\u00e1nh v\u00e0 chi ph\u00ed c\u00f3 th\u1ec3 \u0111\u01b0\u1ee3c ti\u1ebft ki\u1ec7m.<\/p>    <figure class=\"wp-block-image aligncenter size-full wp-image-10388\"><img loading=\"lazy\" decoding=\"async\" width=\"720\" height=\"507\" src=\"https:\/\/www.agriculture-machine.com\/wp-content\/uploads\/2021\/05\/cocoa-pod-breaking-machine.jpg\" alt=\"m\u00e1y b\u1ebb qu\u1ea3 ca cao\" class=\"wp-image-10388\" srcset=\"https:\/\/www.agriculture-machine.com\/wp-content\/uploads\/2021\/05\/cocoa-pod-breaking-machine.jpg 720w, https:\/\/www.agriculture-machine.com\/wp-content\/uploads\/2021\/05\/cocoa-pod-breaking-machine-360x254.jpg 360w\" sizes=\"auto, (max-width: 720px) 100vw, 720px\" \/><figcaption class=\"wp-element-caption\">m\u00e1y b\u1ebb qu\u1ea3 ca cao<\/figcaption><\/figure>    <h2 class=\"wp-block-heading\">Nh\u1eefng qu\u1ed1c gia n\u00e0o \u0111\u01b0\u1ee3c xu\u1ea5t kh\u1ea9u?<\/h2>    <p>M\u00e1y b\u1ebb h\u1ea1t ca cao t\u1ef1 \u0111\u1ed9ng c\u1ee7a ch\u00fang t\u00f4i ch\u1ee7 y\u1ebfu \u0111\u01b0\u1ee3c xu\u1ea5t kh\u1ea9u sang Trung v\u00e0 Nam M\u1ef9, T\u00e2y Phi, v\u00e0 \u0110\u00f4ng Nam \u00c1, bao g\u1ed3m Ai C\u1eadp, Th\u1ed5 Nh\u0129 K\u1ef3, Hoa K\u1ef3, \u00dd, \u0110\u1ee9c, Philippines, Peru, Pakistan, Mexico, T\u00e2y Ban Nha, Kenya, H\u00e0n Qu\u1ed1c, UAE, Algeria, Romania, Nam Phi, Ukraine, Nigeria, Tajikistan, Malaysia, Morocco, v.v. <\/p>    <p>Nh\u1eefng m\u00e1y n\u00e0y mang l\u1ea1i nhi\u1ec1u ti\u1ec7n l\u1ee3i cho ng\u01b0\u1eddi d\u00f9ng v\u00e0 r\u1ea5t ph\u1ed5 bi\u1ebfn \u1edf nh\u1eefng qu\u1ed1c gia v\u00e0 khu v\u1ef1c n\u00e0y. M\u1ed9t kh\u00e1ch h\u00e0ng c\u0169ng \u0111\u00e3 g\u1eedi cho ch\u00fang t\u00f4i m\u1ed9t video v\u1ec1 vi\u1ec7c anh \u1ea5y s\u1eed d\u1ee5ng m\u00e1y b\u1ebb qu\u1ea3 ca cao.<\/p>    <h2 class=\"wp-block-heading\">Th\u00f4ng s\u1ed1 k\u1ef9 thu\u1eadt m\u00e1y<\/h2>    <figure class=\"wp-block-table is-style-stripes\"><table><tbody><tr><td>M\u1eabu<\/td><td colspan=\"2\">KKFQ-800 M\u00e1y t\u00e1ch h\u1ea1t ca cao<\/td><td colspan=\"2\">KKFQ-800 M\u00e1y t\u00e1ch h\u1ea1t ca cao<\/td><\/tr><tr><td>T\u00ean<\/td><td>H\u1ec7 th\u1ed1ng b\u0103ng t\u1ea3i v\u00e0 c\u1eaft<\/td><td>H\u1ec7 th\u1ed1ng t\u00e1ch<\/td><td>H\u1ec7 th\u1ed1ng b\u0103ng t\u1ea3i v\u00e0 c\u1eaft<\/td><td>H\u1ec7 th\u1ed1ng t\u00e1ch<\/td><\/tr><tr><td>Dung t\u00edch<\/td><td colspan=\"2\">300-400kg\/h<\/td><td colspan=\"2\">800kg\/h<\/td><\/tr><tr><td>C\u00f4ng su\u1ea5t<\/td><td>0.75kw<\/td><td>1.1kw<\/td><td>0.75kw<\/td><td>1.1kw<\/td><\/tr><tr><td>K\u00edch th\u01b0\u1edbc<\/td><td>1600*600*1900mm<\/td><td>2000*1300*1700mm<\/td><td>1600*600*1600mm<\/td><td>3000*1300*2000mm<\/td><\/tr><tr><td>Tr\u1ecdng l\u01b0\u1ee3ng<\/td><td>150kg<\/td><td>180kg<\/td><td>150kg<\/td><td>230kg<\/td><\/tr><tr><td>Ch\u1ea5t li\u1ec7u<\/td><td>Th\u00e9p kh\u00f4ng g\u1ec9<\/td><td>Inox<\/td><td>Th\u00e9p kh\u00f4ng g\u1ec9<\/td><td>Inox<\/td><\/tr><\/tbody><\/table><figcaption class=\"wp-element-caption\">d\u1eef li\u1ec7u k\u1ef9 thu\u1eadt m\u00e1y m\u1edf qu\u1ea3 h\u1ea1t ca cao<\/figcaption><\/figure>    <h2 class=\"wp-block-heading\">Li\u00ean h\u1ec7 v\u1edbi ch\u00fang t\u00f4i b\u1ea5t c\u1ee9 l\u00fac n\u00e0o<\/h2>    <p>Ch\u00fang t\u00f4i ch\u00e2n th\u00e0nh ch\u00e0o \u0111\u00f3n t\u1ea5t c\u1ea3 kh\u00e1ch h\u00e0ng t\u00edch c\u1ef1c tham kh\u1ea3o v\u00e0 th\u1ea3o lu\u1eadn v\u1ec1 c\u00e1c \u1ee9ng d\u1ee5ng v\u00e0 l\u1ee3i \u00edch c\u1ee7a m\u00e1y m\u1edf qu\u1ea3 h\u1ea1t ca cao. D\u00f9 b\u1ea1n l\u00e0 m\u1ed9t nh\u00e0 s\u1ea3n xu\u1ea5t s\u00f4 c\u00f4 la l\u1edbn hay m\u1ed9t nh\u00e0 m\u00e1y ch\u1ebf bi\u1ebfn h\u1ea1t ca cao quy m\u00f4 nh\u1ecf, ch\u00fang t\u00f4i cam k\u1ebft cung c\u1ea5p cho b\u1ea1n nh\u1eefng gi\u1ea3i ph\u00e1p chuy\u00ean nghi\u1ec7p nh\u1ea5t!<\/p>","protected":false},"excerpt":{"rendered":"<p>M\u00e1y b\u1ebb qu\u1ea3 ca cao ch\u1ec9 c\u1ea7n m\u1ed9t ng\u01b0\u1eddi v\u1eadn h\u00e0nh, v\u00e0 c\u00f4ng su\u1ea5t c\u00f3 th\u1ec3 \u0111\u1ea1t 800kg\/h. N\u00f3 \u0111\u01b0\u1ee3c l\u00e0m b\u1eb1ng th\u00e9p kh\u00f4ng g\u1ec9, v\u00e0 ch\u1ea5t l\u01b0\u1ee3ng cao.<\/p>","protected":false},"author":1,"featured_media":10383,"parent":0,"comment_status":"closed","ping_status":"closed","template":"","tags":[2612],"product-type":[904],"class_list":["post-10381","product","type-product","status-publish","has-post-thumbnail","hentry","tag-cocoa","product-type-cocao-beans-dehuller-machine"],"_links":{"self":[{"href":"https:\/\/www.agriculture-machine.com\/vi\/wp-json\/wp\/v2\/product\/10381","targetHints":{"allow":["GET"]}}],"collection":[{"href":"https:\/\/www.agriculture-machine.com\/vi\/wp-json\/wp\/v2\/product"}],"about":[{"href":"https:\/\/www.agriculture-machine.com\/vi\/wp-json\/wp\/v2\/types\/product"}],"author":[{"embeddable":true,"href":"https:\/\/www.agriculture-machine.com\/vi\/wp-json\/wp\/v2\/users\/1"}],"replies":[{"embeddable":true,"href":"https:\/\/www.agriculture-machine.com\/vi\/wp-json\/wp\/v2\/comments?post=10381"}],"wp:featuredmedia":[{"embeddable":true,"href":"https:\/\/www.agriculture-machine.com\/vi\/wp-json\/wp\/v2\/media\/10383"}],"wp:attachment":[{"href":"https:\/\/www.agriculture-machine.com\/vi\/wp-json\/wp\/v2\/media?parent=10381"}],"wp:term":[{"taxonomy":"post_tag","embeddable":true,"href":"https:\/\/www.agriculture-machine.com\/vi\/wp-json\/wp\/v2\/tags?post=10381"},{"taxonomy":"product-type","embeddable":true,"href":"https:\/\/www.agriculture-machine.com\/vi\/wp-json\/wp\/v2\/product-type?post=10381"}],"curies":[{"name":"wp","href":"https:\/\/api.w.org\/{rel}","templated":true}]}}