{"id":10441,"date":"2021-05-19T16:47:31","date_gmt":"2021-05-19T08:47:31","guid":{"rendered":"https:\/\/www.agriculture-machine.com\/?p=10441"},"modified":"2024-09-23T11:15:12","modified_gmt":"2024-09-23T03:15:12","slug":"cocoa-bean-peeling-machine-roasted-cocoa-peeling-machine","status":"publish","type":"product","link":"https:\/\/www.agriculture-machine.com\/vi\/cocoa-bean-peeling-machine-roasted-cocoa-peeling-machine\/","title":{"rendered":"M\u00e1y b\u00f3c v\u1ecf \u0111\u1eadu cacao | m\u00e1y b\u00f3c v\u1ecf cacao rang"},"content":{"rendered":"<p class=\"translation-block\"><strong>M\u00e1y b\u00f3c h\u1ea1t ca cao<\/strong> l\u00e0 m\u1ed9t m\u00e1y th\u01b0\u1eddng \u0111\u01b0\u1ee3c d\u00f9ng \u0111\u1ec3 x\u1eed l\u00fd h\u1ea1t ca cao. Sau khi m\u1edf pod, h\u1ea1t ca cao c\u1ea7n \u0111\u01b0\u1ee3c b\u00f3c v\u1ecf. Hi\u1ec7u qu\u1ea3 b\u00f3c v\u1ecf t\u1ed1t nh\u1ea5t l\u00e0 rang h\u1ea1t ca cao tr\u01b0\u1edbc \u0111\u1ec3 ch\u1ea5t l\u01b0\u1ee3ng h\u1ea1t ca cao \u0111\u00e3 b\u00f3c cao.<\/p>    <h2 class=\"wp-block-heading\">Qu\u00e1 tr\u00ecnh l\u00e0m vi\u1ec7c c\u1ee7a m\u00e1y b\u00f3c v\u1ecf h\u1ea1t ca cao<\/h2>    <p>Khi s\u1eed d\u1ee5ng m\u00e1y n\u00e0y, b\u1ea1n ch\u1ec9 c\u1ea7n \u0111\u1ed5 h\u1ea1t ca cao ho\u1eb7c \u0111\u1eadu ph\u1ed9ng v\u00e0o c\u1eeda c\u1ea5p, m\u00e1y s\u1ebd t\u1ef1 \u0111\u1ed9ng ho\u00e0n t\u1ea5t b\u00f3c v\u1ecf v\u00e0 s\u00e0ng l\u1ecdc.<\/p>    <figure class=\"wp-block-embed is-type-video is-provider-youtube wp-block-embed-youtube wp-embed-aspect-16-9 wp-has-aspect-ratio\"><div class=\"wp-block-embed__wrapper\"> <iframe loading=\"lazy\" title=\"Video ho\u1ea1t \u0111\u1ed9ng c\u1ee7a m\u00e1y b\u00f3c v\u1ecf h\u1ea1t ca cao t\u1ef1 \u0111\u1ed9ng m\u1edbi nh\u1ea5t 2021\/Video m\u00e1y b\u00f3c v\u1ecf h\u1ea1t ca cao.\" width=\"500\" height=\"281\" src=\"https:\/\/www.youtube.com\/embed\/EsiFnIqnjnA?feature=oembed\" frameborder=\"0\" allow=\"accelerometer; autoplay; clipboard-write; encrypted-media; gyroscope; picture-in-picture; web-share\" referrerpolicy=\"strict-origin-when-cross-origin\" allowfullscreen><\/iframe> <\/div><figcaption class=\"wp-element-caption\">Video l\u00e0m vi\u1ec7c c\u1ee7a m\u00e1y b\u00f3c v\u1ecf h\u1ea1t ca cao<\/figcaption><\/figure>    <h2 class=\"wp-block-heading\">L\u00e0m th\u1ebf n\u00e0o s\u00f4 c\u00f4 la \u0111\u01b0\u1ee3c l\u00e0m t\u1eeb h\u1ea1t ca cao?<\/h2>    <p>H\u1ea1t ca cao c\u00f3 th\u1ec3 l\u00e0m s\u00f4 c\u00f4 la qua n\u0103m b\u01b0\u1edbc.<\/p>    <ol class=\"wp-block-list\"> <li>M\u1edf pod<\/li>    <li>L\u00ean men<\/li>    <li>Ti\u1ebfp x\u00fac (n\u01b0\u1edbng)<\/li>    <li>B\u00f3c v\u1ecf<\/li>    <li>To\u00e0n nghi\u1ec1n<\/li> <\/ol>    <p class=\"translation-block\">Ph\u1ea7n opening pod c\u1ee7a cacao tr\u01b0\u1edbc \u0111\u00e3 \u0111\u01b0\u1ee3c \u0111\u1ec1 c\u1eadp \u1edf tr\u00ean, ch\u1ec9 d\u00f9ng m\u00e1y ph\u00e1 v\u1ecf pod ca cao. L\u00ean men v\u00e0 ph\u01a1i n\u1eafng kh\u00f4ng c\u1ea7n m\u00e1y. N\u1ebfu b\u1ea1n l\u00e0m quy m\u00f4 l\u1edbn, b\u1ea1n c\u00f3 th\u1ec3 mua m\u00e1y rang. H\u00f4m nay t\u00f4i mu\u1ed1n chia s\u1ebb v\u1edbi b\u1ea1n v\u1ec1 c\u00e1ch b\u00f3c v\u1ecf ca cao. L\u00e0m th\u1ebf n\u00e0o \u0111\u1ec3 b\u00f3c v\u1ecf ca cao?<\/p>    <h2 class=\"wp-block-heading\">L\u00e0m th\u1ebf n\u00e0o \u0111\u1ec3 b\u00f3c v\u1ecf h\u1ea1t ca cao?<\/h2>    <p>M\u00e1y b\u00f3c v\u1ecf h\u1ea1t ca cao l\u00e0 m\u1ed9t m\u00e1y c\u1ea7n thi\u1ebft \u0111\u1ec3 b\u00f3c v\u1ecf ca cao. Sau khi b\u1ecf h\u1ea1t ca cao rang v\u00e0o m\u00e1y b\u00f3c v\u1ecf ca cao, b\u1ea1n c\u00f3 th\u1ec3 l\u1ea5y \u0111\u01b0\u1ee3c h\u1ea1t ca cao s\u1ea1ch. H\u1ea1t ca cao \u0111\u00e3 b\u00f3c r\u1ea5t h\u1eefu \u00edch, nh\u01b0 l\u00e0m s\u00f4 c\u00f4 la, b\u1ed9t ca cao, n\u01b0\u1edbc ca cao, v.v. V\u00ec v\u1eady, m\u00e1y b\u00f3c v\u1ecf h\u1ea1t ca cao lu\u00f4n l\u00e0 m\u00e1y b\u00e1n ch\u1ea1y nh\u1ea5t c\u1ee7a ch\u00fang t\u00f4i.<\/p>    <h2 class=\"wp-block-heading\">\u1ee8ng d\u1ee5ng c\u1ee7a m\u00e1y b\u00f3c v\u1ecf ca cao rang<\/h2>    <p>M\u00e1y b\u00f3c v\u1ecf c\u1ee7a ch\u00fang t\u00f4i kh\u00f4ng ch\u1ec9 b\u00f3c v\u1ecf ca cao m\u00e0 c\u00f2n b\u00f3c v\u1ecf \u0111\u1eadu ph\u1ed9ng, t\u1ee9c l\u00e0 lo\u1ea1i b\u1ecf l\u1edbp v\u1ecf \u0111\u1ecf c\u1ee7a \u0111\u1eadu ph\u1ed9ng.<\/p>    <figure class=\"wp-block-image aligncenter size-full wp-image-10450\"><img loading=\"lazy\" decoding=\"async\" width=\"720\" height=\"540\" src=\"https:\/\/www.agriculture-machine.com\/wp-content\/uploads\/2021\/05\/application-of-cocoa-bean-peeler.jpg\" alt=\"\u1ee9ng d\u1ee5ng c\u1ee7a m\u00e1y b\u00f3c v\u1ecf h\u1ea1t ca cao\" class=\"wp-image-10450\" srcset=\"https:\/\/www.agriculture-machine.com\/wp-content\/uploads\/2021\/05\/application-of-cocoa-bean-peeler.jpg 720w, https:\/\/www.agriculture-machine.com\/wp-content\/uploads\/2021\/05\/application-of-cocoa-bean-peeler-360x270.jpg 360w, https:\/\/www.agriculture-machine.com\/wp-content\/uploads\/2021\/05\/application-of-cocoa-bean-peeler-240x180.jpg 240w\" sizes=\"auto, (max-width: 720px) 100vw, 720px\" \/><figcaption class=\"wp-element-caption\">\u1ee9ng d\u1ee5ng c\u1ee7a m\u00e1y b\u00f3c v\u1ecf h\u1ea1t ca cao<\/figcaption><\/figure>    <h2 class=\"wp-block-heading\">\u01afu \u0111i\u1ec3m c\u1ee7a m\u00e1y b\u00f3c v\u1ecf h\u1ea1t ca cao<\/h2>    <ol class=\"wp-block-list\"> <li>T\u1ed1c \u0111\u1ed9 b\u00f3c v\u1ecf tr\u00ean 98%<\/li>    <li>Nghi\u1ec1n v\u00e0 t\u00e1ch v\u1ecf hull ca cao v\u00e0 nh\u00e2n \u0111\u1eadu 2~3 kg m\u1ed7i ph\u00fat<\/li>    <li>Ho\u1ea1t \u0111\u1ed9ng r\u1ea5t \u0111\u01a1n gi\u1ea3n, \uac70\uc758 kh\u00f4ng c\u1ea7n thao t\u00e1c b\u1eb1ng tay.<\/li>    <li>M\u1ee9c \u0111\u1ed9 t\u1ef1 \u0111\u1ed9ng h\u00f3a cao, ch\u1ec9 c\u1ea7n ng\u01b0\u1eddi b\u1ecf nguy\u00ean li\u1ec7u v\u00e0o m\u00e1y, m\u00e1y s\u1ebd t\u1ef1 \u0111\u1ed9ng ho\u00e0n t\u1ea5t b\u00f3c v\u1ecf, t\u00e1ch v\u00e0 s\u00e0ng l\u1ecdc.<\/li> <\/ol>    <figure class=\"wp-block-gallery has-nested-images columns-2 is-cropped wp-block-gallery-2 is-layout-flex wp-block-gallery-is-layout-flex\"> <figure class=\"wp-block-image size-large\"><a href=\"https:\/\/www.agriculture-machine.com\/wp-content\/uploads\/2021\/05\/cocoa-bean-peeler-working.jpg\"><img loading=\"lazy\" decoding=\"async\" width=\"720\" height=\"540\" data-id=\"10444\" src=\"https:\/\/www.agriculture-machine.com\/wp-content\/uploads\/2021\/05\/cocoa-bean-peeler-working.jpg\" alt=\"M\u00e1y b\u00f3c v\u1ecf h\u1ea1t ca cao \u0111ang ho\u1ea1t \u0111\u1ed9ng\" class=\"wp-image-10444\" srcset=\"https:\/\/www.agriculture-machine.com\/wp-content\/uploads\/2021\/05\/cocoa-bean-peeler-working.jpg 720w, https:\/\/www.agriculture-machine.com\/wp-content\/uploads\/2021\/05\/cocoa-bean-peeler-working-360x270.jpg 360w, https:\/\/www.agriculture-machine.com\/wp-content\/uploads\/2021\/05\/cocoa-bean-peeler-working-240x180.jpg 240w\" sizes=\"auto, (max-width: 720px) 100vw, 720px\" \/><\/a><figcaption class=\"wp-element-caption\">M\u00e1y b\u00f3c v\u1ecf h\u1ea1t ca cao \u0111ang ho\u1ea1t \u0111\u1ed9ng<\/figcaption><\/figure>    <figure class=\"wp-block-image size-large\"><a href=\"https:\/\/www.agriculture-machine.com\/wp-content\/uploads\/2021\/05\/woking.jpg\"><img loading=\"lazy\" decoding=\"async\" width=\"720\" height=\"540\" data-id=\"10445\" src=\"https:\/\/www.agriculture-machine.com\/wp-content\/uploads\/2021\/05\/woking.jpg\" alt=\"l\u00e0m vi\u1ec7c\" class=\"wp-image-10445\" srcset=\"https:\/\/www.agriculture-machine.com\/wp-content\/uploads\/2021\/05\/woking.jpg 720w, https:\/\/www.agriculture-machine.com\/wp-content\/uploads\/2021\/05\/woking-360x270.jpg 360w, https:\/\/www.agriculture-machine.com\/wp-content\/uploads\/2021\/05\/woking-240x180.jpg 240w\" sizes=\"auto, (max-width: 720px) 100vw, 720px\" \/><\/a><figcaption class=\"wp-element-caption\">l\u00e0m vi\u1ec7c<\/figcaption><\/figure> <\/figure>    <h2 class=\"wp-block-heading\">C\u00e1c y\u00eau c\u1ea7u \u0111\u1ed1i v\u1edbi h\u1ea1t ca cao khi b\u00f3c v\u1ecf l\u00e0 g\u00ec?<\/h2>    <ol class=\"wp-block-list\"> <li>L\u00ean men l\u00e0 b\u1eaft bu\u1ed9c \u0111\u1ec3 t\u00e1ch pulp t\u1eeb h\u1ea1t ca cao. Kh\u00f4ng b\u00f3c v\u1ecf h\u1ea1t ca cao ngay sau khi m\u1edf pod.<\/li>    <li>Don&#8217;t get moldy. The way to avoid moldy is to dry and reduce the moisture from 70% to 7%.<\/li>    <li>H\u1ea1t ca cao c\u1ea7n \u0111\u01b0\u1ee3c rang, v\u00e0 v\u1ecf s\u1ebd t\u1eeb t\u1eeb bong ra trong qu\u00e1 tr\u00ecnh rang. \u0110i\u1ec1u n\u00e0y gi\u00fap b\u00f3c v\u1ecf h\u1ea1t ca cao. Trong qu\u00e1 tr\u00ecnh rang, h\u1ea1t cacao c\u0169ng h\u1ea5p th\u1ee5 nhi\u1ec7t, \u0111\u1ed3ng th\u1eddi c\u00e2n b\u1eb1ng h\u01b0\u01a1ng v\u1ecb v\u1ed1n c\u00f3 v\u00e0 h\u01b0\u01a1ng v\u1ecb sinh ra trong l\u00ean men, \u0111\u1ed9 \u0111\u1eafng \u0111\u01b0\u1ee3c gi\u1ea3m v\u00e0 h\u01b0\u01a1ng th\u01a1m do rang \u0111\u01b0\u1ee3c h\u1ea5p th\u1ee5.<\/li> <\/ol>    <h2 class=\"wp-block-heading\">Hi\u1ec3n th\u1ecb m\u00e1y<\/h2>    <figure class=\"wp-block-gallery has-nested-images columns-2 is-cropped wp-block-gallery-3 is-layout-flex wp-block-gallery-is-layout-flex\"> <figure class=\"wp-block-image size-large\"><a href=\"https:\/\/www.agriculture-machine.com\/wp-content\/uploads\/2021\/05\/cocoa-bean-peeler-1.jpg\"><img loading=\"lazy\" decoding=\"async\" width=\"720\" height=\"540\" data-id=\"10446\" src=\"https:\/\/www.agriculture-machine.com\/wp-content\/uploads\/2021\/05\/cocoa-bean-peeler-1.jpg\" alt=\"b\u00f3c v\u1ecf h\u1ea1t ca cao 1\" class=\"wp-image-10446\" srcset=\"https:\/\/www.agriculture-machine.com\/wp-content\/uploads\/2021\/05\/cocoa-bean-peeler-1.jpg 720w, https:\/\/www.agriculture-machine.com\/wp-content\/uploads\/2021\/05\/cocoa-bean-peeler-1-360x270.jpg 360w, https:\/\/www.agriculture-machine.com\/wp-content\/uploads\/2021\/05\/cocoa-bean-peeler-1-240x180.jpg 240w\" sizes=\"auto, (max-width: 720px) 100vw, 720px\" \/><\/a><figcaption class=\"wp-element-caption\">b\u00f3c v\u1ecf h\u1ea1t ca cao 1<\/figcaption><\/figure>    <figure class=\"wp-block-image size-large\"><a href=\"https:\/\/www.agriculture-machine.com\/wp-content\/uploads\/2021\/05\/cocoa-bean-peeler-2.jpg\"><img loading=\"lazy\" decoding=\"async\" width=\"720\" height=\"540\" data-id=\"10447\" src=\"https:\/\/www.agriculture-machine.com\/wp-content\/uploads\/2021\/05\/cocoa-bean-peeler-2.jpg\" alt=\"b\u00f3c v\u1ecf h\u1ea1t ca cao 2\" class=\"wp-image-10447\" srcset=\"https:\/\/www.agriculture-machine.com\/wp-content\/uploads\/2021\/05\/cocoa-bean-peeler-2.jpg 720w, https:\/\/www.agriculture-machine.com\/wp-content\/uploads\/2021\/05\/cocoa-bean-peeler-2-360x270.jpg 360w, https:\/\/www.agriculture-machine.com\/wp-content\/uploads\/2021\/05\/cocoa-bean-peeler-2-240x180.jpg 240w\" sizes=\"auto, (max-width: 720px) 100vw, 720px\" \/><\/a><figcaption class=\"wp-element-caption\">b\u00f3c v\u1ecf h\u1ea1t ca cao 2<\/figcaption><\/figure>    <figure class=\"wp-block-image size-large\"><a href=\"https:\/\/www.agriculture-machine.com\/wp-content\/uploads\/2021\/05\/cocoa-bean-peeler-3.jpg\"><img loading=\"lazy\" decoding=\"async\" width=\"720\" height=\"540\" data-id=\"10448\" src=\"https:\/\/www.agriculture-machine.com\/wp-content\/uploads\/2021\/05\/cocoa-bean-peeler-3.jpg\" alt=\"b\u00f3c v\u1ecf h\u1ea1t ca cao 3\" class=\"wp-image-10448\" srcset=\"https:\/\/www.agriculture-machine.com\/wp-content\/uploads\/2021\/05\/cocoa-bean-peeler-3.jpg 720w, https:\/\/www.agriculture-machine.com\/wp-content\/uploads\/2021\/05\/cocoa-bean-peeler-3-360x270.jpg 360w, https:\/\/www.agriculture-machine.com\/wp-content\/uploads\/2021\/05\/cocoa-bean-peeler-3-240x180.jpg 240w\" sizes=\"auto, (max-width: 720px) 100vw, 720px\" \/><\/a><figcaption class=\"wp-element-caption\">b\u00f3c v\u1ecf h\u1ea1t ca cao 3<\/figcaption><\/figure>    <figure class=\"wp-block-image size-large\"><a href=\"https:\/\/www.agriculture-machine.com\/wp-content\/uploads\/2021\/05\/cocoa-bean-peeler-4.jpg\"><img loading=\"lazy\" decoding=\"async\" width=\"720\" height=\"540\" data-id=\"10449\" src=\"https:\/\/www.agriculture-machine.com\/wp-content\/uploads\/2021\/05\/cocoa-bean-peeler-4.jpg\" alt=\"b\u00f3c v\u1ecf h\u1ea1t ca cao 4\" class=\"wp-image-10449\" srcset=\"https:\/\/www.agriculture-machine.com\/wp-content\/uploads\/2021\/05\/cocoa-bean-peeler-4.jpg 720w, https:\/\/www.agriculture-machine.com\/wp-content\/uploads\/2021\/05\/cocoa-bean-peeler-4-360x270.jpg 360w, https:\/\/www.agriculture-machine.com\/wp-content\/uploads\/2021\/05\/cocoa-bean-peeler-4-240x180.jpg 240w\" sizes=\"auto, (max-width: 720px) 100vw, 720px\" \/><\/a><figcaption class=\"wp-element-caption\">b\u00f3c v\u1ecf h\u1ea1t ca cao 4<\/figcaption><\/figure> <\/figure>    <h2 class=\"wp-block-heading\">Th\u00f4ng s\u1ed1 k\u1ef9 thu\u1eadt<\/h2>    <figure class=\"wp-block-table is-style-stripes\"><table><tbody><tr><td>Dung t\u00edch<\/td><td>500-700kg\/h<\/td><\/tr><tr><td>\u0110i\u1ec7n \u00e1p<\/td><td>220V\/380V\/50Hz<\/td><\/tr><tr><td>C\u00f4ng su\u1ea5t<\/td><td>1.5kW*2<\/td><\/tr><tr><td>T\u1ef7 l\u1ec7 g\u1ecdt v\u1ecf<\/td><td>98%<\/td><\/tr><tr><td>K\u00edch th\u01b0\u1edbc<\/td><td>1900*850*1350<\/td><\/tr><\/tbody><\/table><figcaption class=\"wp-element-caption\">d\u1eef li\u1ec7u k\u1ef9 thu\u1eadt c\u1ee7a m\u00e1y b\u00f3c v\u1ecf h\u1ea1t ca cao<\/figcaption><\/figure>    <h2 class=\"wp-block-heading\">Li\u00ean h\u1ec7 v\u1edbi ch\u00fang t\u00f4i b\u1ea5t c\u1ee9 l\u00fac n\u00e0o<\/h2>    <p>Ch\u00fang t\u00f4i th\u00e0nh th\u1eadt m\u1eddi t\u1ea5t c\u1ea3 kh\u00e1ch h\u00e0ng t\u00edch c\u1ef1c tham kh\u1ea3o v\u00e0 t\u00ecm hi\u1ec3u th\u00eam v\u1ec1 m\u00e1y b\u00f3c v\u1ecf h\u1ea1t ca cao. \u0110\u1ed9i ng\u0169 chuy\u00ean nghi\u1ec7p c\u1ee7a ch\u00fang t\u00f4i s\u1eb5n s\u00e0ng cung c\u1ea5p cho b\u1ea1n gi\u1edbi thi\u1ec7u s\u1ea3n ph\u1ea9m chi ti\u1ebft, gi\u1ea3i ph\u00e1p t\u00f9y ch\u1ec9nh v\u00e0 h\u1ed7 tr\u1ee3 k\u1ef9 thu\u1eadt \u0111\u1ec3 th\u1ea3o lu\u1eadn c\u00e1ch c\u1ea3i thi\u1ec7n hi\u1ec7u qu\u1ea3 x\u1eed l\u00fd h\u1ea1t ca cao!<\/p>","protected":false},"excerpt":{"rendered":"<p>\u0110\u00e2y l\u00e0 m\u00e1y b\u00f3c v\u1ecf h\u1ea1t ca cao. Sau khi m\u1edf pod, h\u1ea1t ca cao c\u1ea7n \u0111\u01b0\u1ee3c b\u00f3c v\u1ecf. \u0110\u1ea7u ra c\u1ee7a m\u00e1y n\u00e0y l\u00e0 500-700 kg\/h.<\/p>","protected":false},"author":1,"featured_media":10443,"parent":0,"comment_status":"closed","ping_status":"closed","template":"","tags":[2612,2613],"product-type":[874],"class_list":["post-10441","product","type-product","status-publish","has-post-thumbnail","hentry","tag-cocoa","tag-peeling","product-type-grains-peeling-machine"],"_links":{"self":[{"href":"https:\/\/www.agriculture-machine.com\/vi\/wp-json\/wp\/v2\/product\/10441","targetHints":{"allow":["GET"]}}],"collection":[{"href":"https:\/\/www.agriculture-machine.com\/vi\/wp-json\/wp\/v2\/product"}],"about":[{"href":"https:\/\/www.agriculture-machine.com\/vi\/wp-json\/wp\/v2\/types\/product"}],"author":[{"embeddable":true,"href":"https:\/\/www.agriculture-machine.com\/vi\/wp-json\/wp\/v2\/users\/1"}],"replies":[{"embeddable":true,"href":"https:\/\/www.agriculture-machine.com\/vi\/wp-json\/wp\/v2\/comments?post=10441"}],"wp:featuredmedia":[{"embeddable":true,"href":"https:\/\/www.agriculture-machine.com\/vi\/wp-json\/wp\/v2\/media\/10443"}],"wp:attachment":[{"href":"https:\/\/www.agriculture-machine.com\/vi\/wp-json\/wp\/v2\/media?parent=10441"}],"wp:term":[{"taxonomy":"post_tag","embeddable":true,"href":"https:\/\/www.agriculture-machine.com\/vi\/wp-json\/wp\/v2\/tags?post=10441"},{"taxonomy":"product-type","embeddable":true,"href":"https:\/\/www.agriculture-machine.com\/vi\/wp-json\/wp\/v2\/product-type?post=10441"}],"curies":[{"name":"wp","href":"https:\/\/api.w.org\/{rel}","templated":true}]}}