{"id":1054,"date":"2018-10-17T10:51:19","date_gmt":"2018-10-17T02:51:19","guid":{"rendered":"https:\/\/www.agriculture-machine.com\/?p=1054"},"modified":"2024-09-18T16:25:26","modified_gmt":"2024-09-18T08:25:26","slug":"rice-destoner-machine","status":"publish","type":"product","link":"https:\/\/www.agriculture-machine.com\/vi\/rice-destoner-machine\/","title":{"rendered":"M\u00e1y t\u00e1ch \u0111\u00e1 g\u1ea1o | M\u00e1y lo\u1ea1i b\u1ecf t\u1ea1p ch\u1ea5t \u0111\u00e1 g\u1ea1o"},"content":{"rendered":"<p class=\"translation-block\"><strong>M\u00e1y t\u00e1ch h\u1ea1t g\u1ea1o<\/strong> ch\u1ee7 y\u1ebfu \u0111\u01b0\u1ee3c s\u1eed d\u1ee5ng trong nh\u00e0 m\u00e1y ch\u1ebf bi\u1ebfn l\u01b0\u01a1ng th\u1ef1c, t\u00e1ch \u0111\u00e1 v\u00e0 c\u00e1c t\u1ea1p ch\u1ea5t kh\u00e1c kh\u1ecfi c\u00e2y tr\u1ed3ng nh\u01b0 l\u00faa m\u00ec, g\u1ea1o. C\u00f4ng su\u1ea5t c\u1ee7a n\u00f3 l\u00e0 1 t\u1ea5n\/h v\u00e0 m\u00e1y ph\u00f9 h\u1ee3p v\u1edbi \u0111\u1ed9ng c\u01a1 2.2kw. Trong h\u1ea7u h\u1ebft c\u00e1c tr\u01b0\u1eddng h\u1ee3p, l\u00faa m\u00ec v\u00e0 g\u1ea1o ch\u1ee9a m\u1ed9t s\u1ed1 \u0111\u00e1 kh\u00f4ng d\u1ec5 lo\u1ea1i b\u1ecf, v\u00ec v\u1eady m\u00e1y t\u00e1ch \u0111\u00e1 g\u1ea1o n\u00e0y gi\u1ea3i quy\u1ebft v\u1ea5n \u0111\u1ec1 n\u00e0y v\u1edbi hi\u1ec7u qu\u1ea3 cao.<\/p> <p><img loading=\"lazy\" decoding=\"async\" class=\"alignnone wp-image-2715\" title=\"m\u00e1y t\u00e1ch g\u1ea1o\" src=\"https:\/\/www.agriculture-machine.com\/wp-content\/uploads\/2019\/03\/rice-destoner-machine-4-2.jpg\" alt=\"m\u00e1y t\u00e1ch g\u1ea1o\" width=\"611\" height=\"619\" srcset=\"https:\/\/www.agriculture-machine.com\/wp-content\/uploads\/2019\/03\/rice-destoner-machine-4-2.jpg 750w, https:\/\/www.agriculture-machine.com\/wp-content\/uploads\/2019\/03\/rice-destoner-machine-4-2-266x270.jpg 266w, https:\/\/www.agriculture-machine.com\/wp-content\/uploads\/2019\/03\/rice-destoner-machine-4-2-533x540.jpg 533w\" sizes=\"auto, (max-width: 611px) 100vw, 611px\" \/><\/p> <h2>Th\u00f4ng s\u1ed1 k\u1ef9 thu\u1eadt c\u1ee7a SQ50<\/h2> <table style=\"height: 173px;\" width=\"399\"> <tbody> <tr> <td width=\"346\"><strong><b>M\u1eabu<\/b><\/strong><\/td> <td width=\"293\">SQ50<\/td> <\/tr> <tr> <td width=\"346\">N\u0103ng su\u1ea5t<\/td> <td width=\"293\">1t\/h<\/td> <\/tr> <tr> <td width=\"346\">C\u00f4ng su\u1ea5t<\/td> <td width=\"293\">2.2kw<\/td> <\/tr> <tr> <td width=\"346\">K\u00edch th\u01b0\u1edbc<\/td> <td width=\"293\">900*610*320mm<\/td> <\/tr> <tr> <td width=\"346\">Tr\u1ecdng l\u01b0\u1ee3ng N.<\/td> <td width=\"293\">86kg<\/td> <\/tr> <\/tbody> <\/table> <h2>C\u1ea5u tr\u00fac c\u1ee7a m\u00e1y t\u00e1ch h\u1ea1t g\u1ea1o<\/h2> <p>M\u00e1y lo\u1ea1i b\u1ecf \u0111\u00e1 l\u00faa m\u00ec c\u1ee7a ch\u00fang t\u00f4i ch\u1ee7 y\u1ebfu g\u1ed3m c\u00f3 m\u1ed9t l\u1ed1i tho\u00e1t \u0111\u00e1 l\u1edbn, m\u1ed9t l\u1ed1i tho\u00e1t t\u1ea1p ch\u1ea5t, m\u1ed9t l\u1ed1i tho\u00e1t g\u1ea1o s\u1ea1ch, m\u1ed9t l\u1ed1i tho\u00e1t \u0111\u00e1 nh\u1ecf v\u00e0 m\u1ed9t ph\u1ec5u c\u1ea5p li\u1ec7u g\u1ea1o.<\/p> <p><img loading=\"lazy\" decoding=\"async\" class=\"alignnone wp-image-2711\" title=\"chi ti\u1ebft s\u1ea3n ph\u1ea9m\" src=\"https:\/\/www.agriculture-machine.com\/wp-content\/uploads\/2019\/03\/rice-destoner-machine-5-1.jpg\" alt=\"chi ti\u1ebft s\u1ea3n ph\u1ea9m\" width=\"607\" height=\"617\" srcset=\"https:\/\/www.agriculture-machine.com\/wp-content\/uploads\/2019\/03\/rice-destoner-machine-5-1.jpg 750w, https:\/\/www.agriculture-machine.com\/wp-content\/uploads\/2019\/03\/rice-destoner-machine-5-1-266x270.jpg 266w, https:\/\/www.agriculture-machine.com\/wp-content\/uploads\/2019\/03\/rice-destoner-machine-5-1-531x540.jpg 531w\" sizes=\"auto, (max-width: 607px) 100vw, 607px\" \/><\/p> <h2>Nguy\u00ean l\u00fd ho\u1ea1t \u0111\u1ed9ng c\u1ee7a m\u00e1y t\u00e1ch h\u1ea1t g\u1ea1o<\/h2> <ol> <li>Ng\u01b0\u1eddi v\u1eadn h\u00e0nh th\u1ea3 g\u1ea1o ho\u1eb7c l\u00faa m\u00ec v\u00e0o ph\u1ec5u c\u1ea5p li\u1ec7u khi m\u00e1y t\u00e1ch h\u1ea1t g\u1ea1o \u1edf Nigeria b\u1eaft \u0111\u1ea7u ho\u1ea1t \u0111\u1ed9ng<\/li> <li>\u0110\u1ed9ng c\u01a1 2.2kw cung c\u1ea5p n\u0103ng l\u01b0\u1ee3ng cho m\u00e1y, v\u00ec v\u1eady m\u00e0n h\u00ecnh \u0111i\u1ec7n t\u1eed rung li\u00ean t\u1ee5c.<\/li> <li>\u0110\u00e1 di chuy\u1ec3n l\u00ean tr\u00ean, trong khi g\u1ea1o ho\u1eb7c l\u00faa m\u00ec ch\u1ea1y theo h\u01b0\u1edbng ng\u01b0\u1ee3c l\u1ea1i.<\/li> <li>Sau v\u00e0i ph\u00fat, g\u1ea1o s\u1ea1ch, \u0111\u00e1 nh\u1ecf, \u0111\u00e1 l\u1edbn v\u00e0 c\u00e1c t\u1ea1p ch\u1ea5t kh\u00e1c \u0111i ra t\u1eeb c\u00e1c l\u1ed1i tho\u00e1t kh\u00e1c nhau.<\/li> <\/ol> <h2>\u01afu \u0111i\u1ec3m c\u1ee7a m\u00e1y t\u00e1ch h\u1ea1t g\u1ea1o<\/h2> <ol> <li>T\u1ef7 l\u1ec7 l\u00e0m s\u1ea1ch cao. G\u1ea1o cu\u1ed1i c\u00f9ng r\u1ea5t s\u1ea1ch s\u1ebd, kh\u00f4ng c\u00f3 t\u1ea1p ch\u1ea5t n\u00e0o.<\/li> <li>M\u00e1y ho\u1ea1t \u0111\u1ed9ng \u1ed5n \u0111\u1ecbnh trong qu\u00e1 tr\u00ecnh v\u1eadn h\u00e0nh.<\/li> <li>C\u00f4ng su\u1ea5t cao. C\u00f4ng su\u1ea5t c\u1ee7a n\u00f3 l\u00e0 1 t\u1ea5n\/h.<\/li> <li>M\u00e1y d\u1ec5 s\u1eed d\u1ee5ng, ti\u1ebft ki\u1ec7m th\u1eddi gian v\u00e0 n\u0103ng l\u01b0\u1ee3ng.<img loading=\"lazy\" decoding=\"async\" class=\"alignnone wp-image-2708\" title=\"c\u00e2y tr\u1ed3ng\" src=\"https:\/\/www.agriculture-machine.com\/wp-content\/uploads\/2019\/03\/rice-destoner-machine-2-1.jpg\" alt=\"c\u00e2y tr\u1ed3ng\" width=\"645\" height=\"430\" srcset=\"https:\/\/www.agriculture-machine.com\/wp-content\/uploads\/2019\/03\/rice-destoner-machine-2-1.jpg 750w, https:\/\/www.agriculture-machine.com\/wp-content\/uploads\/2019\/03\/rice-destoner-machine-2-1-360x240.jpg 360w, https:\/\/www.agriculture-machine.com\/wp-content\/uploads\/2019\/03\/rice-destoner-machine-2-1-720x480.jpg 720w\" sizes=\"auto, (max-width: 645px) 100vw, 645px\" \/> <img loading=\"lazy\" decoding=\"async\" class=\"alignnone wp-image-2709\" title=\"c\u00e2y tr\u1ed3ng\" src=\"https:\/\/www.agriculture-machine.com\/wp-content\/uploads\/2019\/03\/rice-destoner-machine-3-1.jpg\" alt=\"c\u00e2y tr\u1ed3ng\" width=\"645\" height=\"430\" srcset=\"https:\/\/www.agriculture-machine.com\/wp-content\/uploads\/2019\/03\/rice-destoner-machine-3-1.jpg 750w, https:\/\/www.agriculture-machine.com\/wp-content\/uploads\/2019\/03\/rice-destoner-machine-3-1-360x240.jpg 360w, https:\/\/www.agriculture-machine.com\/wp-content\/uploads\/2019\/03\/rice-destoner-machine-3-1-720x480.jpg 720w\" sizes=\"auto, (max-width: 645px) 100vw, 645px\" \/><\/li> <\/ol> <h2>S\u1ef1 ch\u00fa \u00fd c\u1ee7a m\u00e1y ch\u00fang t\u00f4i<\/h2> <ol> <li>Tr\u01b0\u1edbc khi kh\u1edfi \u0111\u1ed9ng m\u00e1y, ng\u01b0\u1eddi d\u00f9ng n\u00ean ki\u1ec3m tra k\u1ef9 b\u1ec1 m\u1eb7t l\u01b0\u1edbi v\u00e0 qu\u1ea1t, xem c\u00e1c \u1ed1c v\u00edt c\u00f3 l\u1ecfng kh\u00f4ng, quay pulley b\u1eb1ng tay. N\u1ebfu kh\u00f4ng c\u00f3 ti\u1ebfng \u1ed3n b\u1ea5t th\u01b0\u1eddng th\u00ec c\u00f3 th\u1ec3 kh\u1edfi \u0111\u1ed9ng.<\/li> <li>G\u00f3c nghi\u00eang c\u1ee7a l\u01b0\u1edbi n\u00ean n\u1eb1m trong kho\u1ea3ng 10 \u00b0 \u0111\u1ebfn 13 \u00b0, v\u00e0 g\u00f3c nghi\u00eang qu\u00e1 l\u1edbn s\u1ebd l\u00e0m \u0111\u00e1 kh\u00f4ng di chuy\u1ec3n l\u00ean tr\u00ean \u0111\u01b0\u1ee3c. Trong tr\u01b0\u1eddng h\u1ee3p n\u00e0y, t\u1ed1c \u0111\u1ed9 v\u00e0o bu\u1ed3ng ch\u1ecdn s\u1ebd gi\u1ea3m, g\u00e2y kh\u00f3 kh\u0103n trong vi\u1ec7c x\u1ea3 \u0111\u00e1.<\/li> <li>Ngo\u00e0i ra, g\u1ea1o s\u1ebd di chuy\u1ec3n v\u1edbi t\u1ed1c \u0111\u1ed9 cao h\u01a1n g\u00e2y ra g\u1ea1o cu\u1ed1i c\u00f9ng kh\u00f4ng s\u1ea1ch. Do \u0111\u00f3, g\u00f3c nghi\u00eang ho\u1ea1t \u0111\u1ed9ng c\u1ea7n gi\u1eef trong ph\u1ea1m vi ph\u00f9 h\u1ee3p v\u00e0 \u0111i\u1ec1u ch\u1ec9nh theo l\u01b0\u1ee3ng \u0111\u00e1 trong g\u1ea1o cu\u1ed1i c\u00f9ng. Khi g\u1ea1o ch\u1ee9a nhi\u1ec1u \u0111\u00e1, g\u00f3c nghi\u00eang c\u00f3 th\u1ec3 gi\u1ea3m ph\u00f9 h\u1ee3p.<\/li> <li>Ph\u1ea3i c\u00f3 l\u01b0\u1ee3ng g\u1ea1o ph\u00f9 h\u1ee3p \u1edf \u0111\u1ea7u v\u00e0o \u0111\u1ec3 tr\u00e1nh g\u1ea1o va tr\u1ef1c ti\u1ebfp v\u00e0o b\u1ec1 m\u1eb7t l\u01b0\u1edbi \u1ea3nh h\u01b0\u1edfng \u0111\u1ebfn tr\u1ea1ng th\u00e1i treo v\u00e0 t\u1ef7 l\u1ec7 lo\u1ea1i b\u1ecf \u0111\u00e1.<\/li> <li>\u0110i\u1ec1u ch\u1ec9nh th\u1ec3 t\u00edch kh\u00ed c\u1ee7a m\u00e1y t\u00e1ch l\u00faa m\u00ec d\u1ef1a tr\u00ean tr\u1ea1ng th\u00e1i chuy\u1ec3n \u0111\u1ed9ng c\u1ee7a g\u1ea1o tr\u00ean m\u00e0n h\u00ecnh v\u00e0 ch\u1ea5t l\u01b0\u1ee3ng c\u1ee7a g\u1ea1o cu\u1ed1i c\u00f9ng. N\u1ebfu g\u1ea1o rung m\u1ea1nh, c\u00f3 ngh\u0129a l\u00e0 th\u1ec3 t\u00edch kh\u00ed qu\u00e1 l\u1edbn; n\u1ebfu g\u1ea1o kh\u00f4ng l\u1ecfng v\u00e0 n\u1ed5i, c\u00f3 ngh\u0129a l\u00e0 th\u1ec3 t\u00edch kh\u00ed qu\u00e1 nh\u1ecf. Do \u0111\u00f3, v\u1eabn c\u00f2n \u0111\u00e1 trong g\u1ea1o cu\u1ed1i c\u00f9ng, c\u1ea7n \u0111i\u1ec1u ch\u1ec9nh b\u1ed9 \u0111i\u1ec1u ch\u1ec9nh kh\u00ed k\u1ecbp th\u1eddi.<\/li> <li>B\u1ea3ng l\u01b0\u1edbi, b\u1ea3ng ph\u00e2n ph\u1ed1i kh\u00f4ng kh\u00ed v\u00e0 c\u1eeda v\u00e0o kh\u00ed c\u1ea7n gi\u1eef cho lu\u1ed3ng kh\u00f4ng kh\u00ed th\u00f4ng tho\u00e1ng. N\u1ebfu l\u1ed7 l\u01b0\u1edbi b\u1ecb t\u1eafc, c\u00f3 th\u1ec3 l\u00e0m s\u1ea1ch b\u1eb1ng b\u00e0n ch\u1ea3i th\u00e9p.<\/li> <li>Ng\u01b0\u1eddi v\u1eadn h\u00e0nh n\u00ean lu\u00f4n ki\u1ec3m tra s\u1ed1 l\u01b0\u1ee3ng \u0111\u00e1 trong g\u1ea1o cu\u1ed1i c\u00f9ng.<\/li> <li>M\u00e1y lo\u1ea1i b\u1ecf \u0111\u00e1 g\u1ea1o c\u1ea7n \u0111\u01b0\u1ee3c ki\u1ec3m tra \u0111\u1ecbnh k\u1ef3, v\u00e0 c\u00e1c v\u00f2ng bi c\u1ea7n \u0111\u01b0\u1ee3c l\u00e0m s\u1ea1ch v\u00e0 b\u1ed5 sung d\u1ea7u th\u01b0\u1eddng xuy\u00ean. Sau khi ki\u1ec3m tra, ph\u1ea3i th\u1ef1c hi\u1ec7n th\u1eed nghi\u1ec7m kh\u00f4ng t\u1ea3i.<\/li> <\/ol> <h2>M\u1ed9t tr\u01b0\u1eddng h\u1ee3p th\u00e0nh c\u00f4ng c\u1ee7a m\u00e1y t\u00e1ch h\u1ea1t g\u1ea1o<\/h2> <p>Kh\u00e1ch h\u00e0ng c\u1ee7a ch\u00fang t\u00f4i t\u1eeb Nam Phi \u0111\u00e3 \u0111\u1eb7t 500 b\u1ed9 m\u00e1y t\u00e1ch h\u1ea1t g\u1ea1o t\u1eeb ch\u00fang t\u00f4i trong n\u0103m nay. Ch\u00fang t\u00f4i \u0111\u00e3 h\u1ee3p t\u00e1c nhi\u1ec1u l\u1ea7n v\u00e0 anh \u1ea5y l\u00e0m vi\u1ec7c cho ch\u00ednh quy\u1ec1n \u0111\u1ecba ph\u01b0\u01a1ng. Do \u0111\u00f3, ch\u00fang t\u00f4i \u0111\u1eb7c bi\u1ec7t coi tr\u1ecdng m\u00e1y t\u00e1ch \u0111\u00e1 n\u00e0y \u0111\u1ec3 l\u00e0m h\u00e0i l\u00f2ng anh \u1ea5y.<\/p> <p>Ch\u00fang t\u00f4i ho\u00e0n th\u00e0nh t\u1ea5t c\u1ea3 c\u00e1c m\u00e1y trong v\u00f2ng m\u1ed9t th\u00e1ng v\u00e0 \u0111\u00f3ng g\u00f3i c\u1ea9n th\u1eadn \u0111\u1ec3 tr\u00e1nh tai n\u1ea1n trong qu\u00e1 tr\u00ecnh v\u1eadn chuy\u1ec3n. Cho \u0111\u1ebfn nay, \u00f4ng \u1ea5y \u0111\u00e3 nh\u1eadn \u0111\u01b0\u1ee3c m\u00e1y v\u00e0 ph\u1ea3n h\u1ed3i t\u00edch c\u1ef1c.<\/p> <p><img loading=\"lazy\" decoding=\"async\" class=\"alignnone wp-image-2717\" title=\"H\u00ecnh \u1ea3nh v\u1eadn chuy\u1ec3n 12\" src=\"https:\/\/www.agriculture-machine.com\/wp-content\/uploads\/2018\/10\/rice-destoner-machine-6.jpg\" alt=\"H\u00ecnh \u1ea3nh v\u1eadn chuy\u1ec3n 12\" width=\"645\" height=\"484\" \/><\/p> <p>C\u00e2u h\u1ecfi th\u01b0\u1eddng g\u1eb7p<\/p> <ol> <li>Nguy\u00ean li\u1ec7u c\u1ee7a m\u00e1y t\u00e1ch g\u1ea1o l\u00e0 g\u00ec?<\/li> <\/ol> <p>Nguy\u00ean li\u1ec7u l\u00e0 g\u1ea1o v\u00e0 l\u00faa m\u00ec.<\/p> <ol start=\"2\"> <li>T\u1ef7 l\u1ec7 l\u00e0m s\u1ea1ch l\u00e0 g\u00ec<\/li> <\/ol> <p>T\u1ef7 l\u1ec7 l\u00e0m s\u1ea1ch \u0111\u1ea1t 98%, ngh\u0129a l\u00e0 h\u1ea1t cu\u1ed1i c\u00f9ng r\u1ea5t s\u1ea1ch.<\/p> <ol start=\"3\"> <li>T\u1ea1i sao g\u1ea1o cu\u1ed1i c\u00f9ng ch\u1ee9a \u00edt \u0111\u00e1?<\/li> <\/ol> <p>L\u01b0u l\u01b0\u1ee3ng kh\u00ed nh\u1ecf v\u00e0 c\u1ea7n \u0111i\u1ec1u ch\u1ec9nh k\u1ecbp th\u1eddi.<\/p> <p><center><\/center><center><\/center><\/p>","protected":false},"excerpt":{"rendered":"<p>Rice destoner machine\u00a0is mainly used in the grain processing plant, separating the stone and other impurities from crops such as wheat, rice. Its capacity is 1t\/h and machine matches with 2.2kw motor. In most case, wheat and rice contain some stones that are not easy to remove, so this rice destoning machine solves this problem [&hellip;]<\/p>\n","protected":false},"author":1,"featured_media":1059,"parent":0,"comment_status":"closed","ping_status":"closed","template":"","tags":[2621],"product-type":[907],"class_list":["post-1054","product","type-product","status-publish","has-post-thumbnail","hentry","tag-destoner","product-type-paddy-rice-destoner"],"_links":{"self":[{"href":"https:\/\/www.agriculture-machine.com\/vi\/wp-json\/wp\/v2\/product\/1054","targetHints":{"allow":["GET"]}}],"collection":[{"href":"https:\/\/www.agriculture-machine.com\/vi\/wp-json\/wp\/v2\/product"}],"about":[{"href":"https:\/\/www.agriculture-machine.com\/vi\/wp-json\/wp\/v2\/types\/product"}],"author":[{"embeddable":true,"href":"https:\/\/www.agriculture-machine.com\/vi\/wp-json\/wp\/v2\/users\/1"}],"replies":[{"embeddable":true,"href":"https:\/\/www.agriculture-machine.com\/vi\/wp-json\/wp\/v2\/comments?post=1054"}],"wp:featuredmedia":[{"embeddable":true,"href":"https:\/\/www.agriculture-machine.com\/vi\/wp-json\/wp\/v2\/media\/1059"}],"wp:attachment":[{"href":"https:\/\/www.agriculture-machine.com\/vi\/wp-json\/wp\/v2\/media?parent=1054"}],"wp:term":[{"taxonomy":"post_tag","embeddable":true,"href":"https:\/\/www.agriculture-machine.com\/vi\/wp-json\/wp\/v2\/tags?post=1054"},{"taxonomy":"product-type","embeddable":true,"href":"https:\/\/www.agriculture-machine.com\/vi\/wp-json\/wp\/v2\/product-type?post=1054"}],"curies":[{"name":"wp","href":"https:\/\/api.w.org\/{rel}","templated":true}]}}