{"id":10553,"date":"2021-05-26T17:18:38","date_gmt":"2021-05-26T09:18:38","guid":{"rendered":"https:\/\/www.agriculture-machine.com\/?p=10553"},"modified":"2024-09-18T15:49:13","modified_gmt":"2024-09-18T07:49:13","slug":"brick-making-machine-for-sale-block-making-machine","status":"publish","type":"product","link":"https:\/\/www.agriculture-machine.com\/vi\/brick-making-machine-for-sale-block-making-machine\/","title":{"rendered":"M\u00e1y t\u1ea1o g\u1ea1ch \u0111\u1ec3 b\u00e1n | m\u00e1y t\u1ea1o block"},"content":{"rendered":"<h2 class=\"wp-block-heading\">M\u00e1y t\u1ea1o g\u1ea1ch l\u00e0 g\u00ec?<\/h2>    <p>Nh\u01b0 t\u00ean g\u1ecdi c\u1ee7a n\u00f3, m\u00e1y g\u1ea1ch l\u00e0 thi\u1ebft b\u1ecb c\u01a1 kh\u00ed \u0111\u1ec3 s\u1ea3n xu\u1ea5t g\u1ea1ch. N\u00f3 th\u01b0\u1eddng s\u1eed d\u1ee5ng b\u1ed9t \u0111\u00e1, tro bay, x\u1ec9, s\u1ecfi, c\u00e1t, n\u01b0\u1edbc, v.v. l\u00e0m nguy\u00ean li\u1ec7u \u0111\u1ec3 s\u1ea3n xu\u1ea5t v\u1eadt li\u1ec7u t\u01b0\u1eddng m\u1edbi, nh\u01b0 g\u1ea1ch tro bay h\u1ea5p kh\u00ed, g\u1ea1ch c\u00e1t tro h\u1ea5p kh\u00ed, v\u00e0 c\u00e1c s\u1ea3n ph\u1ea9m b\u00ea t\u00f4ng kh\u00ed.<\/p>    <p>A summary is as follows: the scientific ratio of raw materials&#8212;-add water and stir&#8212;- high-pressure vibration molding&#8212;-short time drying&#8212;&#8211;the finished brick<\/p>    <figure class=\"wp-block-image aligncenter size-full wp-image-10566\"><img loading=\"lazy\" decoding=\"async\" width=\"720\" height=\"540\" src=\"https:\/\/www.agriculture-machine.com\/wp-content\/uploads\/2021\/05\/bloack-making-machine.jpg\" alt=\"m\u00e1y t\u1ea1o block\" class=\"wp-image-10566\" srcset=\"https:\/\/www.agriculture-machine.com\/wp-content\/uploads\/2021\/05\/bloack-making-machine.jpg 720w, https:\/\/www.agriculture-machine.com\/wp-content\/uploads\/2021\/05\/bloack-making-machine-360x270.jpg 360w, https:\/\/www.agriculture-machine.com\/wp-content\/uploads\/2021\/05\/bloack-making-machine-240x180.jpg 240w\" sizes=\"auto, (max-width: 720px) 100vw, 720px\" \/><figcaption class=\"wp-element-caption\">m\u00e1y t\u1ea1o block<\/figcaption><\/figure>    <h2 class=\"wp-block-heading\">C\u00e1c lo\u1ea1i g\u1ea1ch \u0111\u01b0\u1ee3c l\u00e0m b\u1eb1ng m\u00e1y t\u1ea1o block<\/h2>    <h3 class=\"wp-block-heading\">G\u1ea1ch xi m\u0103ng<\/h3>    <p>Th\u00e0nh ph\u1ea7n c\u1ee7a g\u1ea1ch xi m\u0103ng<\/p>    <p>G\u1ea1ch xi m\u0103ng l\u00e0 m\u1ed9t thu\u1eadt ng\u1eef r\u1ed9ng, bao g\u1ed3m g\u1ea1ch ti\u00eau chu\u1ea9n xi m\u0103ng, g\u1ea1ch r\u1ed7ng xi m\u0103ng, g\u1ea1ch porous xi m\u0103ng, g\u1ea1ch block xi m\u0103ng, v\u00e0 g\u1ea1ch m\u00e0u xi m\u0103ng, v.v. Tuy nhi\u00ean, quy tr\u00ecnh s\u1ea3n xu\u1ea5t v\u00e0 lu\u1ed3ng c\u1ee7a c\u00e1c lo\u1ea1i g\u1ea1ch n\u00e0y gi\u1ed1ng nhau. T\u1ea5t nhi\u00ean, c\u00f3 nh\u1eefng kh\u00e1c bi\u1ec7t. C\u00f3 nhi\u1ec1u nguy\u00ean li\u1ec7u cho s\u1ea3n xu\u1ea5t g\u1ea1ch xi m\u0103ng. H\u1ea7u h\u1ebft nguy\u00ean li\u1ec7u c\u1ee7a c\u00e1c nh\u00e0 m\u00e1y g\u1ea1ch xi m\u0103ng l\u00e0 \u0111\u00e1, c\u00e1t, tro bay, x\u1ec9, ch\u1ea5t th\u1ea3i x\u00e2y d\u1ef1ng, g\u1ed1m s\u1ee9, v.v. Nh\u00e2n ti\u1ec7n, c\u00f3 xi m\u0103ng, v\u00e0 xi m\u0103ng l\u00e0 th\u00e0nh ph\u1ea7n quan tr\u1ecdng c\u1ee7a g\u1ea1ch xi m\u0103ng. B\u1edfi v\u00ec vi\u1ec7c \u0111\u1ecbnh h\u00ecnh g\u1ea1ch xi m\u0103ng ch\u1ee7 y\u1ebfu d\u1ef1a v\u00e0o xi m\u0103ng nh\u01b0 m\u1ed9t ch\u1ea5t k\u1ebft d\u00ednh.<\/p>    <figure class=\"wp-block-gallery has-nested-images columns-2 is-cropped wp-block-gallery-2 is-layout-flex wp-block-gallery-is-layout-flex\"> <figure class=\"wp-block-image size-large\"><a href=\"https:\/\/www.agriculture-machine.com\/wp-content\/uploads\/2021\/05\/cement-bricks.jpg\"><img loading=\"lazy\" decoding=\"async\" width=\"720\" height=\"540\" data-id=\"10556\" src=\"https:\/\/www.agriculture-machine.com\/wp-content\/uploads\/2021\/05\/cement-bricks.jpg\" alt=\"G\u1ea1ch xi m\u0103ng\" class=\"wp-image-10556\" srcset=\"https:\/\/www.agriculture-machine.com\/wp-content\/uploads\/2021\/05\/cement-bricks.jpg 720w, https:\/\/www.agriculture-machine.com\/wp-content\/uploads\/2021\/05\/cement-bricks-360x270.jpg 360w, https:\/\/www.agriculture-machine.com\/wp-content\/uploads\/2021\/05\/cement-bricks-240x180.jpg 240w\" sizes=\"auto, (max-width: 720px) 100vw, 720px\" \/><\/a><figcaption class=\"wp-element-caption\">G\u1ea1ch xi m\u0103ng<\/figcaption><\/figure>    <figure class=\"wp-block-image size-large\"><a href=\"https:\/\/www.agriculture-machine.com\/wp-content\/uploads\/2021\/05\/cement-brick.jpg\"><img loading=\"lazy\" decoding=\"async\" width=\"720\" height=\"540\" data-id=\"10555\" src=\"https:\/\/www.agriculture-machine.com\/wp-content\/uploads\/2021\/05\/cement-brick.jpg\" alt=\"G\u1ea1ch xi m\u0103ng\" class=\"wp-image-10555\" srcset=\"https:\/\/www.agriculture-machine.com\/wp-content\/uploads\/2021\/05\/cement-brick.jpg 720w, https:\/\/www.agriculture-machine.com\/wp-content\/uploads\/2021\/05\/cement-brick-360x270.jpg 360w, https:\/\/www.agriculture-machine.com\/wp-content\/uploads\/2021\/05\/cement-brick-240x180.jpg 240w\" sizes=\"auto, (max-width: 720px) 100vw, 720px\" \/><\/a><figcaption class=\"wp-element-caption\">G\u1ea1ch xi m\u0103ng<\/figcaption><\/figure> <\/figure>    <h3 class=\"wp-block-heading\">G\u1ea1ch \u0111\u1ea5t s\u00e9t<\/h3>    <p>Th\u00e0nh ph\u1ea7n c\u1ee7a g\u1ea1ch \u0111\u1ea5t s\u00e9t<\/p>    <p>G\u1ea1ch \u0111\u1ea5t s\u00e9t \u0111\u01b0\u1ee3c l\u00e0m t\u1eeb \u0111\u1ea5t s\u00e9t l\u00e0m nguy\u00ean li\u1ec7u ch\u00ednh, \u0111\u01b0\u1ee3c nh\u00e0o tr\u1ed9n th\u00e0nh d\u1ea1ng d\u1ebbo v\u00e0 \u0111\u1ecbnh h\u00ecnh b\u1eb1ng \u00e9p c\u01a1 h\u1ecdc. C\u00e1c vi\u00ean \u0111\u1ea5t \u0111\u01b0\u1ee3c \u00e9p ra g\u1ecdi l\u00e0 g\u1ea1ch xanh, sau \u0111\u00f3 \u0111em \u0111i nung trong l\u00f2 sau khi hong kh\u00f4, n\u01a1i ch\u00fang \u0111\u01b0\u1ee3c nung \u1edf nhi\u1ec7t \u0111\u1ed9 cao 900-1000\u00b0C \u0111\u1ec3 tr\u1edf th\u00e0nh g\u1ea1ch. Ph\u00e2n lo\u1ea1i th\u00e0nh g\u1ea1ch \u0111\u1ea5t s\u00e9t th\u01b0\u1eddng, g\u1ea1ch \u0111\u1ea5t s\u00e9t nhi\u1ec1u l\u00f2, g\u1ea1ch \u0111\u1ea5t s\u00e9t nguy\u00ean li\u1ec7u, v\u00e0 g\u1ea1ch \u0111\u1ea5t s\u00e9t silica cao. C\u00f3 \u0111\u1eb7c \u0111i\u1ec3m ch\u1ecbu nhi\u1ec7t t\u1ed1t v\u00e0 kh\u1ea3 n\u0103ng ch\u1ecbu nhi\u1ec7t v\u00e0 s\u1ed1c t\u1ed1t.<\/p>    <figure class=\"wp-block-gallery has-nested-images columns-2 is-cropped wp-block-gallery-3 is-layout-flex wp-block-gallery-is-layout-flex\"> <figure class=\"wp-block-image size-large\"><a href=\"https:\/\/www.agriculture-machine.com\/wp-content\/uploads\/2021\/05\/clay-brick.jpg\"><img loading=\"lazy\" decoding=\"async\" width=\"720\" height=\"540\" data-id=\"10557\" src=\"https:\/\/www.agriculture-machine.com\/wp-content\/uploads\/2021\/05\/clay-brick.jpg\" alt=\"G\u1ea1ch \u0111\u1ea5t s\u00e9t\" class=\"wp-image-10557\" srcset=\"https:\/\/www.agriculture-machine.com\/wp-content\/uploads\/2021\/05\/clay-brick.jpg 720w, https:\/\/www.agriculture-machine.com\/wp-content\/uploads\/2021\/05\/clay-brick-360x270.jpg 360w, https:\/\/www.agriculture-machine.com\/wp-content\/uploads\/2021\/05\/clay-brick-240x180.jpg 240w\" sizes=\"auto, (max-width: 720px) 100vw, 720px\" \/><\/a><figcaption class=\"wp-element-caption\">G\u1ea1ch \u0111\u1ea5t s\u00e9t<\/figcaption><\/figure>    <figure class=\"wp-block-image size-large\"><a href=\"https:\/\/www.agriculture-machine.com\/wp-content\/uploads\/2021\/05\/clay-bricks.jpg\"><img loading=\"lazy\" decoding=\"async\" width=\"720\" height=\"540\" data-id=\"10558\" src=\"https:\/\/www.agriculture-machine.com\/wp-content\/uploads\/2021\/05\/clay-bricks.jpg\" alt=\"G\u1ea1ch \u0111\u1ea5t s\u00e9t\" class=\"wp-image-10558\" srcset=\"https:\/\/www.agriculture-machine.com\/wp-content\/uploads\/2021\/05\/clay-bricks.jpg 720w, https:\/\/www.agriculture-machine.com\/wp-content\/uploads\/2021\/05\/clay-bricks-360x270.jpg 360w, https:\/\/www.agriculture-machine.com\/wp-content\/uploads\/2021\/05\/clay-bricks-240x180.jpg 240w\" sizes=\"auto, (max-width: 720px) 100vw, 720px\" \/><\/a><figcaption class=\"wp-element-caption\">G\u1ea1ch \u0111\u1ea5t s\u00e9t<\/figcaption><\/figure> <\/figure>    <h2 class=\"wp-block-heading\">C\u00f4ng su\u1ea5t c\u1ee7a m\u00e1y t\u1ea1o g\u1ea1ch<\/h2>    <p>M\u00e1y t\u1ea1o g\u1ea1ch c\u1ee7a ch\u00fang t\u00f4i c\u00f3 s\u1eb5n c\u00e1c m\u1eabu \u0111\u1ed9ng c\u01a1 \u0111i\u1ec7n v\u00e0 diesel. B\u1ea1n c\u00f3 th\u1ec3 ch\u1ecdn ch\u1ebf \u0111\u1ed9 ngu\u1ed3n \u0111i\u1ec7n ph\u00f9 h\u1ee3p v\u1edbi \u0111i\u1ec7n c\u1ee7a b\u1ea1n. M\u00e1y t\u1ea1o g\u1ea1ch t\u1ef1 \u0111\u1ed9ng \u0111\u01b0\u1ee3c trang b\u1ecb \u0111\u1ed9ng c\u01a1 7.5w. C\u00f4ng su\u1ea5t t\u1ed1i \u0111a c\u1ee7a m\u00e1y t\u1ea1o g\u1ea1ch th\u1ee7 c\u00f4ng c\u1ee7a ch\u00fang t\u00f4i l\u00e0 7w, v\u00e0 c\u0169ng c\u00f3 th\u1ec3 trang b\u1ecb \u0111\u1ed9ng c\u01a1 diesel 8 m\u00e3 l\u1ef1c.<\/p>    <figure class=\"wp-block-gallery has-nested-images columns-2 is-cropped wp-block-gallery-4 is-layout-flex wp-block-gallery-is-layout-flex\"> <figure class=\"wp-block-image size-large\"><a href=\"https:\/\/www.agriculture-machine.com\/wp-content\/uploads\/2021\/05\/Diesel-engine-brick-machine.jpg\"><img loading=\"lazy\" decoding=\"async\" width=\"720\" height=\"540\" data-id=\"10559\" src=\"https:\/\/www.agriculture-machine.com\/wp-content\/uploads\/2021\/05\/Diesel-engine-brick-machine.jpg\" alt=\"M\u00e1y g\u1ea1ch ch\u1ea1y d\u1ea7u diesel\" class=\"wp-image-10559\" srcset=\"https:\/\/www.agriculture-machine.com\/wp-content\/uploads\/2021\/05\/Diesel-engine-brick-machine.jpg 720w, https:\/\/www.agriculture-machine.com\/wp-content\/uploads\/2021\/05\/Diesel-engine-brick-machine-360x270.jpg 360w, https:\/\/www.agriculture-machine.com\/wp-content\/uploads\/2021\/05\/Diesel-engine-brick-machine-240x180.jpg 240w\" sizes=\"auto, (max-width: 720px) 100vw, 720px\" \/><\/a><figcaption class=\"wp-element-caption\">M\u00e1y g\u1ea1ch ch\u1ea1y d\u1ea7u diesel<\/figcaption><\/figure>    <figure class=\"wp-block-image size-large\"><a href=\"https:\/\/www.agriculture-machine.com\/wp-content\/uploads\/2021\/05\/Motor-type-brick-machine.jpg\"><img loading=\"lazy\" decoding=\"async\" width=\"720\" height=\"540\" data-id=\"10560\" src=\"https:\/\/www.agriculture-machine.com\/wp-content\/uploads\/2021\/05\/Motor-type-brick-machine.jpg\" alt=\"M\u00e1y g\u1ea1ch ch\u1ea1y \u0111\u1ed9ng c\u01a1\" class=\"wp-image-10560\" srcset=\"https:\/\/www.agriculture-machine.com\/wp-content\/uploads\/2021\/05\/Motor-type-brick-machine.jpg 720w, https:\/\/www.agriculture-machine.com\/wp-content\/uploads\/2021\/05\/Motor-type-brick-machine-360x270.jpg 360w, https:\/\/www.agriculture-machine.com\/wp-content\/uploads\/2021\/05\/Motor-type-brick-machine-240x180.jpg 240w\" sizes=\"auto, (max-width: 720px) 100vw, 720px\" \/><\/a><figcaption class=\"wp-element-caption\">M\u00e1y g\u1ea1ch ch\u1ea1y \u0111\u1ed9ng c\u01a1<\/figcaption><\/figure> <\/figure>    <h2 class=\"wp-block-heading\">C\u00e1c lo\u1ea1i m\u00e1y t\u1ea1o block c\u1ee7a ch\u00fang t\u00f4i<\/h2>    <p>Ch\u00fang t\u00f4i c\u00f3 m\u00e1y t\u1ea1o block t\u1ef1 \u0111\u1ed9ng v\u00e0 m\u00e1y t\u1ea1o block th\u1ee7 c\u00f4ng. Trong s\u1ed1 \u0111\u00f3, m\u00e1y t\u1ea1o block th\u1ee7 c\u00f4ng c\u00f3 nhi\u1ec1u m\u1eabu m\u00e3 \u0111\u1ec3 b\u1ea1n l\u1ef1a ch\u1ecdn. C\u1ea3 hai lo\u1ea1i m\u00e1y g\u1ea1ch \u0111\u1ec1u c\u00f3 th\u1ec3 s\u1ea3n xu\u1ea5t g\u1ea1ch xi m\u0103ng v\u00e0 g\u1ea1ch \u0111\u1ea5t s\u00e9t.<\/p>    <figure class=\"wp-block-gallery has-nested-images columns-2 is-cropped wp-block-gallery-5 is-layout-flex wp-block-gallery-is-layout-flex\"> <figure class=\"wp-block-image size-large\"><a href=\"https:\/\/www.agriculture-machine.com\/wp-content\/uploads\/2021\/05\/DF2-45-small-brick-making-machine.jpg\"><img loading=\"lazy\" decoding=\"async\" width=\"600\" height=\"540\" data-id=\"10586\" src=\"https:\/\/www.agriculture-machine.com\/wp-content\/uploads\/2021\/05\/DF2-45-small-brick-making-machine-600x540.jpg\" alt=\"M\u00e1y t\u1ea1o g\u1ea1ch nh\u1ecf DF2-45\" class=\"wp-image-10586\" srcset=\"https:\/\/www.agriculture-machine.com\/wp-content\/uploads\/2021\/05\/DF2-45-small-brick-making-machine-600x540.jpg 600w, https:\/\/www.agriculture-machine.com\/wp-content\/uploads\/2021\/05\/DF2-45-small-brick-making-machine-300x270.jpg 300w, https:\/\/www.agriculture-machine.com\/wp-content\/uploads\/2021\/05\/DF2-45-small-brick-making-machine.jpg 692w\" sizes=\"auto, (max-width: 600px) 100vw, 600px\" \/><\/a><figcaption class=\"wp-element-caption\">M\u00e1y t\u1ea1o g\u1ea1ch nh\u1ecf DF2-45<\/figcaption><\/figure>    <figure class=\"wp-block-image size-large\"><a href=\"https:\/\/www.agriculture-machine.com\/wp-content\/uploads\/2021\/05\/DF3-45small-brick-making-machine.jpg\"><img loading=\"lazy\" decoding=\"async\" width=\"600\" height=\"540\" data-id=\"10587\" src=\"https:\/\/www.agriculture-machine.com\/wp-content\/uploads\/2021\/05\/DF3-45small-brick-making-machine-600x540.jpg\" alt=\"M\u00e1y t\u1ea1o g\u1ea1ch nh\u1ecf DF3-45\" class=\"wp-image-10587\" srcset=\"https:\/\/www.agriculture-machine.com\/wp-content\/uploads\/2021\/05\/DF3-45small-brick-making-machine-600x540.jpg 600w, https:\/\/www.agriculture-machine.com\/wp-content\/uploads\/2021\/05\/DF3-45small-brick-making-machine-300x270.jpg 300w, https:\/\/www.agriculture-machine.com\/wp-content\/uploads\/2021\/05\/DF3-45small-brick-making-machine.jpg 692w\" sizes=\"auto, (max-width: 600px) 100vw, 600px\" \/><\/a><figcaption class=\"wp-element-caption\">M\u00e1y t\u1ea1o g\u1ea1ch nh\u1ecf DF3-45<\/figcaption><\/figure>    <figure class=\"wp-block-image size-large\"><a href=\"https:\/\/www.agriculture-machine.com\/wp-content\/uploads\/2021\/05\/DF-diesel-block-making-machine.jpg\"><img loading=\"lazy\" decoding=\"async\" width=\"600\" height=\"540\" data-id=\"10589\" src=\"https:\/\/www.agriculture-machine.com\/wp-content\/uploads\/2021\/05\/DF-diesel-block-making-machine-600x540.jpg\" alt=\"M\u00e1y t\u1ea1o g\u1ea1ch diesel DF-diesel\" class=\"wp-image-10589\" srcset=\"https:\/\/www.agriculture-machine.com\/wp-content\/uploads\/2021\/05\/DF-diesel-block-making-machine-600x540.jpg 600w, https:\/\/www.agriculture-machine.com\/wp-content\/uploads\/2021\/05\/DF-diesel-block-making-machine-300x270.jpg 300w, https:\/\/www.agriculture-machine.com\/wp-content\/uploads\/2021\/05\/DF-diesel-block-making-machine.jpg 692w\" sizes=\"auto, (max-width: 600px) 100vw, 600px\" \/><\/a><figcaption class=\"wp-element-caption\">M\u00e1y t\u1ea1o g\u1ea1ch diesel DF-diesel<\/figcaption><\/figure>    <figure class=\"wp-block-image size-large\"><a href=\"https:\/\/www.agriculture-machine.com\/wp-content\/uploads\/2021\/05\/DF4-35A-block-molding-machine.jpg\"><img loading=\"lazy\" decoding=\"async\" width=\"600\" height=\"540\" data-id=\"10588\" src=\"https:\/\/www.agriculture-machine.com\/wp-content\/uploads\/2021\/05\/DF4-35A-block-molding-machine-600x540.jpg\" alt=\"M\u00e1y t\u1ea1o g\u1ea1ch block DF4-35A\" class=\"wp-image-10588\" srcset=\"https:\/\/www.agriculture-machine.com\/wp-content\/uploads\/2021\/05\/DF4-35A-block-molding-machine-600x540.jpg 600w, https:\/\/www.agriculture-machine.com\/wp-content\/uploads\/2021\/05\/DF4-35A-block-molding-machine-300x270.jpg 300w, https:\/\/www.agriculture-machine.com\/wp-content\/uploads\/2021\/05\/DF4-35A-block-molding-machine.jpg 692w\" sizes=\"auto, (max-width: 600px) 100vw, 600px\" \/><\/a><figcaption class=\"wp-element-caption\">M\u00e1y t\u1ea1o g\u1ea1ch block DF4-35A<\/figcaption><\/figure> <\/figure>    <h2 class=\"wp-block-heading\">Quy tr\u00ecnh l\u00e0m g\u1ea1ch l\u00e0 g\u00ec?<\/h2>    <p>T\u1ea5t c\u1ea3 nguy\u00ean li\u1ec7u - tr\u1ed9n - \u0111\u1ecbnh h\u00ecnh - s\u1ea5y kh\u00f4 ( nung ) - th\u00e0nh ph\u1ea9m<\/p>    <h3 class=\"wp-block-heading\">Ch\u1ecdn nguy\u00ean li\u1ec7u<\/h3>    <p>C\u00f3 th\u1ec3 b\u1ea1n \u0111\u00e3 c\u00f3 t\u1ea5t c\u1ea3 nguy\u00ean li\u1ec7u \u0111\u00e3 \u0111\u1ec1 c\u1eadp \u1edf tr\u00ean. L\u00fac n\u00e0y, s\u1ebd phong ph\u00fa h\u01a1n v\u00e0 r\u1ebb h\u01a1n. Ch\u1ecdn nguy\u00ean li\u1ec7u phong ph\u00fa v\u00e0 gi\u00e1 r\u1ebb s\u1ebd ti\u1ebft ki\u1ec7m ph\u1ea7n l\u1edbn chi ph\u00ed.<\/p>    <h3 class=\"wp-block-heading\">Tr\u1ed9n nguy\u00ean li\u1ec7u<\/h3>    <p>Sau khi ch\u1ecdn nguy\u00ean li\u1ec7u, th\u00eam m\u1ed9t l\u01b0\u1ee3ng xi m\u0103ng v\u00e0 n\u01b0\u1edbc, r\u1ed3i tr\u1ed9n \u0111\u1ec1u nguy\u00ean li\u1ec7u. Th\u1eddi gian tr\u1ed9n d\u00e0i gi\u00fap tr\u1ed9n \u0111\u1ec1u h\u01a1n. \u0110\u1ed9 b\u1ec1n c\u1ee7a tr\u1ed9n kh\u00f4 trong 20 ph\u00fat cao h\u01a1n 15-23% so v\u1edbi trong 10 ph\u00fat. Th\u1eddi gian tr\u1ed9n \u01b0\u1edbt ph\u00f9 h\u1ee3p khi nguy\u00ean li\u1ec7u kh\u00f4ng b\u1ecb v\u00f3n c\u1ee5c. Th\u1eddi gian l\u01b0u tr\u1eef c\u1ee7a nguy\u00ean li\u1ec7u tr\u1ed9n l\u00e0 kho\u1ea3ng 2 gi\u1edd. N\u1ebfu qu\u00e1 d\u00e0i ho\u1eb7c qu\u00e1 ng\u1eafn, \u0111\u1ed9 b\u1ec1n n\u00e9n c\u1ee7a g\u1ea1ch s\u1ebd gi\u1ea3m.<\/p>    <h3 class=\"wp-block-heading\">\u0110\u1ecbnh h\u00ecnh<\/h3>    <p>\u00c1p l\u1ef1c khi \u0111\u1ecbnh h\u00ecnh g\u1ea1ch xi m\u0103ng \u0111\u1ea5t s\u00e9t l\u00e0 t\u1ed1t nh\u1ea5t 500 kg tr\u00ean centimet vu\u00f4ng. D\u01b0\u1edbi \u00e1p l\u1ef1c n\u00e0y, s\u1ea3n ph\u1ea9m c\u00f3 \u0111\u1ed9 b\u1ec1n n\u00e9n cao v\u00e0 kh\u1ea3 n\u0103ng ch\u1ed1ng th\u1ea5m t\u1ed1t. \u00c1p l\u1ef1c qu\u00e1 th\u1ea5p s\u1ebd d\u1ec5 b\u1ecb n\u00e9n ch\u1eb7t kh\u00f4ng \u0111\u1ec1u.<\/p>    <h3 class=\"wp-block-heading\">\u0110i\u1ec1u ki\u1ec7n b\u1ea3o d\u01b0\u1ee1ng<\/h3>    <p>G\u1ea1ch xi m\u0103ng \u0111\u1ea5t s\u00e9t th\u01b0\u1eddng \u0111\u01b0\u1ee3c b\u1ea3o v\u1ec7 b\u1eb1ng n\u0103ng l\u01b0\u1ee3ng m\u1eb7t tr\u1eddi. C\u01b0\u1eddng \u0111\u1ed9 t\u1ef1 nhi\u00ean trong 7 ng\u00e0y t\u01b0\u01a1ng \u0111\u01b0\u01a1ng v\u1edbi 67 \u0111\u1ebfn 90% c\u01b0\u1eddng \u0111\u1ed9 c\u1ee7a 28 ng\u00e0y. Do \u0111\u00f3, n\u1ebfu v\u1ecb tr\u00ed \u1ee7 nh\u1ecf, g\u1ea1ch xi m\u0103ng \u0111\u1ea5t s\u00e9t c\u00f3 th\u1ec3 r\u1eddi kh\u1ecfi nh\u00e0 m\u00e1y sau 7 ng\u00e0y t\u1ef1 nhi\u00ean \u1ee7.<\/p>    <h2 class=\"wp-block-heading\">C\u00e1c lo\u1ea1i g\u1ea1ch l\u00e0 g\u00ec?<\/h2>    <p>C\u00e1c lo\u1ea1i g\u1ea1ch hi\u1ec7n t\u1ea1i bao g\u1ed3m c\u00e1c kh\u1ed1i nh\u1ecf b\u00ea t\u00f4ng nh\u1eb9, g\u1ea1ch nung th\u01b0\u1eddng, g\u1ea1ch porous nung, g\u1ea1ch c\u00e1t v\u00f4i h\u1ea5p kh\u00ed, g\u1ea1ch tro bay, kh\u1ed1i r\u1ed7ng b\u00ea t\u00f4ng nh\u1ecf, g\u1ea1ch r\u1ed7ng, v\u00e0 c\u00e1c kh\u1ed1i b\u00ea t\u00f4ng kh\u00ed ch\u01b0ng \u00e1p. T\u1ea5t c\u1ea3 c\u00e1c lo\u1ea1i g\u1ea1ch tr\u00ean \u0111\u1ec1u c\u00f3 th\u1ec3 \u0111\u01b0\u1ee3c l\u00e0m b\u1eb1ng m\u00e1y t\u1ea1o g\u1ea1ch c\u1ee7a ch\u00fang t\u00f4i.<\/p>    <figure class=\"wp-block-image aligncenter size-full wp-image-10564\"><img loading=\"lazy\" decoding=\"async\" width=\"720\" height=\"540\" src=\"https:\/\/www.agriculture-machine.com\/wp-content\/uploads\/2021\/05\/types-of-brick.jpg\" alt=\"C\u00e1c lo\u1ea1i g\u1ea1ch\" class=\"wp-image-10564\" srcset=\"https:\/\/www.agriculture-machine.com\/wp-content\/uploads\/2021\/05\/types-of-brick.jpg 720w, https:\/\/www.agriculture-machine.com\/wp-content\/uploads\/2021\/05\/types-of-brick-360x270.jpg 360w, https:\/\/www.agriculture-machine.com\/wp-content\/uploads\/2021\/05\/types-of-brick-240x180.jpg 240w\" sizes=\"auto, (max-width: 720px) 100vw, 720px\" \/><figcaption class=\"wp-element-caption\">C\u00e1c lo\u1ea1i g\u1ea1ch<\/figcaption><\/figure>    <h2 class=\"wp-block-heading\">Thi\u1ebft b\u1ecb ph\u00f9 h\u1ee3p v\u1edbi m\u00e1y t\u1ea1o g\u1ea1ch<\/h2>    <h3 class=\"wp-block-heading\">M\u00e1y tr\u1ed9n nh\u1ecf<\/h3>    <p>Mua m\u00e1y t\u1ea1o g\u1ea1ch c\u1ee7a ch\u00fang t\u00f4i, b\u1ea1n c\u0169ng c\u00f3 th\u1ec3 trang b\u1ecb m\u1ed9t m\u00e1y tr\u1ed9n nh\u1ecf. B\u1edfi v\u00ec g\u1ea1ch lu\u00f4n y\u00eau c\u1ea7u nhi\u1ec1u nguy\u00ean li\u1ec7u \u0111\u1ec3 tr\u1ed9n. Hi\u1ec7u qu\u1ea3 tr\u1ed9n c\u1ee7a m\u00e1y \u0111\u1ed3ng \u0111\u1ec1u h\u01a1n so v\u1edbi tr\u1ed9n th\u1ee7 c\u00f4ng \u0111\u1ec3 g\u1ea1ch c\u1ee7a b\u1ea1n s\u1ebd \u0111\u1ed3ng m\u00e0u v\u00e0 ch\u1ea5t l\u01b0\u1ee3ng cao. N\u00f3 s\u1ebd \u0111\u01b0\u1ee3c b\u00e1n v\u1edbi gi\u00e1 t\u1ed1t.<\/p>    <h2 class=\"wp-block-heading\">Gi\u00e1 m\u00e1y t\u1ea1o g\u1ea1ch l\u00e0 bao nhi\u00eau?<\/h2>    <p>Nh\u01b0 \u0111\u00e3 \u0111\u1ec1 c\u1eadp \u1edf tr\u00ean, ch\u00fang t\u00f4i c\u00f3 nhi\u1ec1u lo\u1ea1i m\u00e1y g\u1ea1ch. Lo\u1ea1i ph\u1ed5 bi\u1ebfn nh\u1ea5t l\u00e0 m\u00e1y t\u1ea1o g\u1ea1ch th\u1ee7 c\u00f4ng. N\u00f3 \u0111\u01a1n gi\u1ea3n trong v\u1eadn h\u00e0nh v\u00e0 c\u00f3 hi\u1ec7u su\u1ea5t cao, c\u00f3 th\u1ec3 s\u1ea3n xu\u1ea5t 8000-10000 vi\u00ean g\u1ea1ch trong m\u1ed9t gi\u1edd. B\u1ea1n c\u00f3 th\u1ec3 li\u00ean h\u1ec7 v\u1edbi ch\u00fang t\u00f4i n\u1ebfu c\u1ea7n m\u00e1y t\u1ea1o g\u1ea1ch. Ch\u00fang t\u00f4i s\u1ebd gi\u1edbi thi\u1ec7u m\u1ed9t m\u00e1y ch\u00ednh x\u00e1c cho b\u1ea1n.<\/p>    <figure class=\"wp-block-image aligncenter size-full wp-image-10561\"><img loading=\"lazy\" decoding=\"async\" width=\"720\" height=\"540\" src=\"https:\/\/www.agriculture-machine.com\/wp-content\/uploads\/2021\/05\/block-making-machine.jpg\" alt=\"m\u00e1y t\u1ea1o block\" class=\"wp-image-10561\" srcset=\"https:\/\/www.agriculture-machine.com\/wp-content\/uploads\/2021\/05\/block-making-machine.jpg 720w, https:\/\/www.agriculture-machine.com\/wp-content\/uploads\/2021\/05\/block-making-machine-360x270.jpg 360w, https:\/\/www.agriculture-machine.com\/wp-content\/uploads\/2021\/05\/block-making-machine-240x180.jpg 240w\" sizes=\"auto, (max-width: 720px) 100vw, 720px\" \/><figcaption class=\"wp-element-caption\">m\u00e1y t\u1ea1o block<\/figcaption><\/figure>    <h2 class=\"wp-block-heading\">Th\u00f4ng s\u1ed1 k\u1ef9 thu\u1eadt<\/h2>    <figure class=\"wp-block-table\"><table><tbody><tr><td>M\u1eabu<\/td><td>DF2-45<\/td><td>DF3-45<\/td><td>DF-diesel<\/td><td>DF4-35A<\/td><\/tr><tr><td>Trang b\u1ecb c\u00f4ng su\u1ea5t<\/td><td>1.1kw<\/td><td>1.1kw<\/td><td>8P<\/td><td>4.8kw<\/td><\/tr><tr><td>Th\u1eddi gian \u0111\u1ecbnh h\u00ecnh<\/td><td>45 gi\u00e2y<\/td><td>45 gi\u00e2y<\/td><td>45 gi\u00e2y<\/td><td>35 gi\u00e2y<\/td><\/tr><tr><td rowspan=\"2\">T\u1ed1c \u0111\u1ed9 t\u1ea1o g\u1ea1ch<\/td><td>3600 chi\u1ebfc  240*53*110mm (G\u1ea1ch ti\u00eau chu\u1ea9n)<\/td><td>8000 chi\u1ebfc  240*53*115mm (G\u1ea1ch ti\u00eau chu\u1ea9n)<\/td><td>3600 chi\u1ebfc  240*53*110mm (G\u1ea1ch ti\u00eau chu\u1ea9n)<\/td><td>15000 chi\u1ebfc  240*53*110mm (G\u1ea1ch ti\u00eau chu\u1ea9n)<\/td><\/tr><tr><td>600 chi\u1ebfc  390*190*190mm (G\u1ea1ch r\u1ed7ng)<\/td><td>1000 chi\u1ebfc  390*190*190mm (G\u1ea1ch r\u1ed7ng)<\/td><td>600 chi\u1ebfc  390*190*190mm (G\u1ea1ch r\u1ed7ng)<\/td><td>2400 chi\u1ebfc  390*190*190mm (G\u1ea1ch r\u1ed7ng)<\/td><\/tr><tr><td>K\u00edch th\u01b0\u1edbc m\u00e1y<\/td><td>900*700*1100mm<\/td><td>1100*1050*1300mm<\/td><td>1900*1000*1550mm<\/td><td>1250*1350*1550mm<\/td><\/tr><tr><td>Tr\u1ecdng l\u01b0\u1ee3ng m\u00e1y<\/td><td>200kg<\/td><td>300kg<\/td><td>250kg<\/td><td>750kg<\/td><\/tr><tr><td>S\u1ed1 l\u01b0\u1ee3ng c\u00f4ng nh\u00e2n<\/td><td>1-2<\/td><td>1-2<\/td><td>1-2<\/td><td>1-2<\/td><\/tr><\/tbody><\/table><figcaption class=\"wp-element-caption\">Th\u00f4ng s\u1ed1 k\u1ef9 thu\u1eadt c\u1ee7a m\u00e1y \u0111\u1ecbnh h\u00ecnh g\u1ea1ch<\/figcaption><\/figure>    <p>N\u1ebfu b\u1ea1n quan t\u00e2m \u0111\u1ebfn m\u00e1y c\u1ee7a ch\u00fang t\u00f4i, xin vui l\u00f2ng li\u00ean h\u1ec7 b\u1ea5t c\u1ee9 l\u00fac n\u00e0o, ch\u00fang t\u00f4i cung c\u1ea5p cho b\u1ea1n th\u00f4ng tin chi ti\u1ebft v\u00e0 b\u00e1o gi\u00e1, mong mu\u1ed1n h\u1ee3p t\u00e1c v\u1edbi b\u1ea1n.<\/p>","protected":false},"excerpt":{"rendered":"<p>\u0110i\u1ec1u n\u00e0y cho th\u1ea5y nhi\u1ec1u lo\u1ea1i m\u00e1y t\u1ea1o g\u1ea1ch. C\u0169ng tr\u00ecnh b\u00e0y c\u00e1c lo\u1ea1i g\u1ea1ch, quy tr\u00ecnh l\u00e0m g\u1ea1ch. Nh\u1eadn th\u00eam chi ti\u1ebft v\u1ec1 m\u00e1y g\u1ea1ch.<\/p>","protected":false},"author":1,"featured_media":10567,"parent":0,"comment_status":"closed","ping_status":"closed","template":"","tags":[2608],"product-type":[1],"class_list":["post-10553","product","type-product","status-publish","has-post-thumbnail","hentry","tag-brick","product-type-other"],"_links":{"self":[{"href":"https:\/\/www.agriculture-machine.com\/vi\/wp-json\/wp\/v2\/product\/10553","targetHints":{"allow":["GET"]}}],"collection":[{"href":"https:\/\/www.agriculture-machine.com\/vi\/wp-json\/wp\/v2\/product"}],"about":[{"href":"https:\/\/www.agriculture-machine.com\/vi\/wp-json\/wp\/v2\/types\/product"}],"author":[{"embeddable":true,"href":"https:\/\/www.agriculture-machine.com\/vi\/wp-json\/wp\/v2\/users\/1"}],"replies":[{"embeddable":true,"href":"https:\/\/www.agriculture-machine.com\/vi\/wp-json\/wp\/v2\/comments?post=10553"}],"wp:featuredmedia":[{"embeddable":true,"href":"https:\/\/www.agriculture-machine.com\/vi\/wp-json\/wp\/v2\/media\/10567"}],"wp:attachment":[{"href":"https:\/\/www.agriculture-machine.com\/vi\/wp-json\/wp\/v2\/media?parent=10553"}],"wp:term":[{"taxonomy":"post_tag","embeddable":true,"href":"https:\/\/www.agriculture-machine.com\/vi\/wp-json\/wp\/v2\/tags?post=10553"},{"taxonomy":"product-type","embeddable":true,"href":"https:\/\/www.agriculture-machine.com\/vi\/wp-json\/wp\/v2\/product-type?post=10553"}],"curies":[{"name":"wp","href":"https:\/\/api.w.org\/{rel}","templated":true}]}}