{"id":10611,"date":"2021-06-04T15:46:59","date_gmt":"2021-06-04T07:46:59","guid":{"rendered":"https:\/\/www.agriculture-machine.com\/?p=10611"},"modified":"2024-10-24T14:11:33","modified_gmt":"2024-10-24T06:11:33","slug":"small-rice-destoner-blowing-gravity-destoner-machine","status":"publish","type":"product","link":"https:\/\/www.agriculture-machine.com\/vi\/small-rice-destoner-blowing-gravity-destoner-machine\/","title":{"rendered":"M\u00e1y t\u00e1ch g\u1ea1o nh\u1ecf | M\u00e1y t\u00e1ch tr\u1ecdng l\u1ef1c th\u1ed5i"},"content":{"rendered":"<p class=\"translation-block\">\u0110\u00e2y l\u00e0 m\u1ed9t m\u00e1y t\u00e1ch \u0111\u00e1 g\u1ea1o nh\u1ecf. Nguy\u00ean l\u00fd ho\u1ea1t \u0111\u1ed9ng c\u1ee7a n\u00f3 l\u00e0 s\u1eed d\u1ee5ng tr\u1ecdng l\u1ef1c kh\u00e1c nhau, sau \u0111\u00f3 th\u1ed5i b\u1ee5i b\u1eb1ng qu\u1ea1t, v\u00ec v\u1eady m\u00e1y n\u00e0y c\u00f2n g\u1ecdi l\u00e0 m\u00e1y t\u00e1ch \u0111\u00e1 g\u1ea1o tr\u1ecdng l\u1ef1c th\u1ed5i. Kh\u00f4ng gi\u1ed1ng nh\u01b0 <a href=\"https:\/\/www.agriculture-machine.com\/vi\/rice-destoner-machine\/\">c\u00e1c m\u00e1y lo\u1ea1i b\u1ecf \u0111\u00e1 kh\u00e1c<\/a>, m\u00e1y n\u00e0y c\u00f3 c\u1ea5u tr\u00fac nh\u1ecf g\u1ecdn v\u00e0 r\u1ea5t ti\u1ec7n l\u1ee3i \u0111\u1ec3 s\u1eed d\u1ee5ng.<\/p>    <h2 class=\"wp-block-heading\">Th\u1eed nghi\u1ec7m m\u00e1y t\u00e1ch \u0111\u00e1 g\u1ea1o mini gi\u00e1 r\u1ebb cho kh\u00e1ch h\u00e0ng<\/h2>    <figure class=\"wp-block-embed aligncenter is-type-video is-provider-youtube wp-block-embed-youtube wp-embed-aspect-16-9 wp-has-aspect-ratio\"><div class=\"wp-block-embed__wrapper\"> <iframe loading=\"lazy\" title=\"m\u00e1y t\u00e1ch \u0111\u00e1 g\u1ea1o m\u1edbi nh\u1ea5t | M\u00e1y t\u00e1ch nh\u1ecf v\u1edbi c\u00f4ng su\u1ea5t 400-2000kg\/h\" width=\"500\" height=\"281\" src=\"https:\/\/www.youtube.com\/embed\/dK00e-AiYC8?feature=oembed\" frameborder=\"0\" allow=\"accelerometer; autoplay; clipboard-write; encrypted-media; gyroscope; picture-in-picture; web-share\" referrerpolicy=\"strict-origin-when-cross-origin\" allowfullscreen><\/iframe> <\/div><figcaption class=\"wp-element-caption\">Video ho\u1ea1t \u0111\u1ed9ng c\u1ee7a m\u00e1y t\u00e1ch \u0111\u00e1 g\u1ea1o nh\u1ecf<\/figcaption><\/figure>    <h2 class=\"wp-block-heading\">Ch\u1ee9c n\u0103ng c\u1ee7a m\u00e1y t\u00e1ch \u0111\u00e1<\/h2>    <p>Ch\u1ee9c n\u0103ng c\u1ee7a m\u00e1y t\u00e1ch \u0111\u00e1 l\u00e0 l\u00e0m s\u1ea1ch t\u1ea1p ch\u1ea5t, b\u1ee5i, \u0111\u00e1 v\u00e0 c\u00e1c t\u1ea1p ch\u1ea5t kh\u00e1c trong h\u1ea1t. Ch\u00fang t\u00f4i ti\u1ebfp t\u1ee5c n\u00e2ng c\u1ea5p c\u00e1c m\u1eabu m\u00e1y t\u00e1ch \u0111\u00e1, v\u00e0 hi\u1ec7n t\u1ea1i, ch\u00fang t\u00f4i c\u00f3 b\u1ed1n lo\u1ea1i m\u00e1y lo\u1ea1i b\u1ecf \u0111\u00e1 trong g\u1ea1o kh\u00e1c nhau. <\/p>    <p>N\u0103ng su\u1ea5t dao \u0111\u1ed9ng t\u1eeb 400-2000kg\/h, v\u00e0 c\u00e1c ch\u1ee9c n\u0103ng c\u0169ng li\u00ean t\u1ee5c \u0111\u01b0\u1ee3c n\u00e2ng c\u1ea5p. N\u00f3 kh\u00f4ng ch\u1ec9 c\u00f3 th\u1ec3 x\u1eed l\u00fd g\u1ea1o m\u00e0 c\u00f2n c\u00f3 th\u1ec3 x\u1eed l\u00fd t\u1ea5t c\u1ea3 c\u00e1c lo\u1ea1i h\u1ea1t \u0111\u1ec3 lo\u1ea1i b\u1ecf t\u1ea1p ch\u1ea5t. Nh\u01b0 l\u00faa m\u1ea1ch, l\u00faa m\u00ec, g\u1ea1o, \u0111\u1eadu n\u00e0nh, \u0111\u1eadu mung, v.v.<\/p>    <figure class=\"wp-block-image aligncenter size-full wp-image-10613\"><img loading=\"lazy\" decoding=\"async\" width=\"720\" height=\"420\" src=\"https:\/\/www.agriculture-machine.com\/wp-content\/uploads\/2021\/06\/remove-impurities-in-millet-wheat-rice-soybeans-mung-beans.jpg\" alt=\"lo\u1ea1i b\u1ecf t\u1ea1p ch\u1ea5t trong l\u00faa m\u1ea1ch, l\u00faa m\u00ec, g\u1ea1o, \u0111\u1eadu n\u00e0nh, \u0111\u1eadu mung,\" class=\"wp-image-10613\" srcset=\"https:\/\/www.agriculture-machine.com\/wp-content\/uploads\/2021\/06\/remove-impurities-in-millet-wheat-rice-soybeans-mung-beans.jpg 720w, https:\/\/www.agriculture-machine.com\/wp-content\/uploads\/2021\/06\/remove-impurities-in-millet-wheat-rice-soybeans-mung-beans-360x210.jpg 360w\" sizes=\"auto, (max-width: 720px) 100vw, 720px\" \/><figcaption class=\"wp-element-caption\">lo\u1ea1i b\u1ecf t\u1ea1p ch\u1ea5t trong l\u00faa m\u1ea1ch, l\u00faa m\u00ec, g\u1ea1o, \u0111\u1eadu n\u00e0nh, \u0111\u1eadu mung, v\u00e0 c\u00e1c lo\u1ea1i kh\u00e1c<\/figcaption><\/figure>    <h2 class=\"wp-block-heading\">Hi\u1ec3n th\u1ecb c\u1ea5u tr\u00fac<\/h2>    <p>M\u00e1y t\u00e1ch \u0111\u00e1 g\u1ea1o nh\u1ecf n\u00e0y \u0111\u01b0\u1ee3c c\u1ea5p ngu\u1ed3n b\u1eb1ng motor. N\u00f3 g\u1ed3m c\u00f3 c\u1ed5ng c\u1ea5p li\u1ec7u, c\u1ed5ng c\u1ea5p, l\u1ed1i ra t\u1ea1p ch\u1ea5t, qu\u1ea1t, c\u00f4ng t\u1eafc, v.v.<\/p>    <figure class=\"wp-block-gallery has-nested-images columns-2 is-cropped wp-block-gallery-2 is-layout-flex wp-block-gallery-is-layout-flex\"> <figure class=\"wp-block-image size-large\"><a href=\"https:\/\/www.agriculture-machine.com\/wp-content\/uploads\/2021\/06\/Small-rice-destoner-structure-2.jpg\"><img loading=\"lazy\" decoding=\"async\" width=\"720\" height=\"540\" data-id=\"10615\" src=\"https:\/\/www.agriculture-machine.com\/wp-content\/uploads\/2021\/06\/Small-rice-destoner-structure-2.jpg\" alt=\"C\u1ea5u tr\u00fac m\u00e1y t\u00e1ch \u0111\u00e1 g\u1ea1o nh\u1ecf 2\" class=\"wp-image-10615\" srcset=\"https:\/\/www.agriculture-machine.com\/wp-content\/uploads\/2021\/06\/Small-rice-destoner-structure-2.jpg 720w, https:\/\/www.agriculture-machine.com\/wp-content\/uploads\/2021\/06\/Small-rice-destoner-structure-2-360x270.jpg 360w, https:\/\/www.agriculture-machine.com\/wp-content\/uploads\/2021\/06\/Small-rice-destoner-structure-2-240x180.jpg 240w\" sizes=\"auto, (max-width: 720px) 100vw, 720px\" \/><\/a><\/figure>    <figure class=\"wp-block-image size-large\"><a href=\"https:\/\/www.agriculture-machine.com\/wp-content\/uploads\/2021\/06\/Small-rice-destoner-structure-1.jpg\"><img loading=\"lazy\" decoding=\"async\" width=\"720\" height=\"540\" data-id=\"10614\" src=\"https:\/\/www.agriculture-machine.com\/wp-content\/uploads\/2021\/06\/Small-rice-destoner-structure-1.jpg\" alt=\"C\u1ea5u tr\u00fac m\u00e1y t\u00e1ch \u0111\u00e1 g\u1ea1o nh\u1ecf 1\" class=\"wp-image-10614\" srcset=\"https:\/\/www.agriculture-machine.com\/wp-content\/uploads\/2021\/06\/Small-rice-destoner-structure-1.jpg 720w, https:\/\/www.agriculture-machine.com\/wp-content\/uploads\/2021\/06\/Small-rice-destoner-structure-1-360x270.jpg 360w, https:\/\/www.agriculture-machine.com\/wp-content\/uploads\/2021\/06\/Small-rice-destoner-structure-1-240x180.jpg 240w\" sizes=\"auto, (max-width: 720px) 100vw, 720px\" \/><\/a><\/figure> <\/figure>    <h2 class=\"wp-block-heading\">Chi ti\u1ebft v\u1ec1 m\u00e1y t\u00e1ch \u0111\u00e1 g\u1ea1o mini<\/h2>    <figure class=\"wp-block-gallery has-nested-images columns-2 is-cropped wp-block-gallery-3 is-layout-flex wp-block-gallery-is-layout-flex\"> <figure class=\"wp-block-image size-large\"><a href=\"https:\/\/www.agriculture-machine.com\/wp-content\/uploads\/2021\/06\/stainless-steel.jpg\"><img loading=\"lazy\" decoding=\"async\" width=\"450\" height=\"278\" data-id=\"10619\" src=\"https:\/\/www.agriculture-machine.com\/wp-content\/uploads\/2021\/06\/stainless-steel.jpg\" alt=\"L\u1ed1i v\u00e0o b\u1eb1ng th\u00e9p kh\u00f4ng g\u1ec9\" class=\"wp-image-10619\" srcset=\"https:\/\/www.agriculture-machine.com\/wp-content\/uploads\/2021\/06\/stainless-steel.jpg 450w, https:\/\/www.agriculture-machine.com\/wp-content\/uploads\/2021\/06\/stainless-steel-360x222.jpg 360w\" sizes=\"auto, (max-width: 450px) 100vw, 450px\" \/><\/a><\/figure>    <figure class=\"wp-block-image size-large\"><a href=\"https:\/\/www.agriculture-machine.com\/wp-content\/uploads\/2021\/06\/inlet.jpg\"><img loading=\"lazy\" decoding=\"async\" width=\"450\" height=\"278\" data-id=\"10617\" src=\"https:\/\/www.agriculture-machine.com\/wp-content\/uploads\/2021\/06\/inlet.jpg\" alt=\"L\u1ed1i v\u00e0o\" class=\"wp-image-10617\" srcset=\"https:\/\/www.agriculture-machine.com\/wp-content\/uploads\/2021\/06\/inlet.jpg 450w, https:\/\/www.agriculture-machine.com\/wp-content\/uploads\/2021\/06\/inlet-360x222.jpg 360w\" sizes=\"auto, (max-width: 450px) 100vw, 450px\" \/><\/a><\/figure>    <figure class=\"wp-block-image size-large\"><a href=\"https:\/\/www.agriculture-machine.com\/wp-content\/uploads\/2021\/06\/stainless-steel-discharge-hopper.jpg\"><img loading=\"lazy\" decoding=\"async\" width=\"450\" height=\"278\" data-id=\"10618\" src=\"https:\/\/www.agriculture-machine.com\/wp-content\/uploads\/2021\/06\/stainless-steel-discharge-hopper.jpg\" alt=\"Ph\u1ec5u x\u1ea3 b\u1eb1ng th\u00e9p kh\u00f4ng g\u1ec9\" class=\"wp-image-10618\" srcset=\"https:\/\/www.agriculture-machine.com\/wp-content\/uploads\/2021\/06\/stainless-steel-discharge-hopper.jpg 450w, https:\/\/www.agriculture-machine.com\/wp-content\/uploads\/2021\/06\/stainless-steel-discharge-hopper-360x222.jpg 360w\" sizes=\"auto, (max-width: 450px) 100vw, 450px\" \/><\/a><\/figure>    <figure class=\"wp-block-image size-large\"><a href=\"https:\/\/www.agriculture-machine.com\/wp-content\/uploads\/2021\/06\/High-precision-sieve.jpg\"><img loading=\"lazy\" decoding=\"async\" width=\"450\" height=\"278\" data-id=\"10616\" src=\"https:\/\/www.agriculture-machine.com\/wp-content\/uploads\/2021\/06\/High-precision-sieve.jpg\" alt=\"R\u00e2y ch\u00ednh x\u00e1c cao\" class=\"wp-image-10616\" srcset=\"https:\/\/www.agriculture-machine.com\/wp-content\/uploads\/2021\/06\/High-precision-sieve.jpg 450w, https:\/\/www.agriculture-machine.com\/wp-content\/uploads\/2021\/06\/High-precision-sieve-360x222.jpg 360w\" sizes=\"auto, (max-width: 450px) 100vw, 450px\" \/><\/a><\/figure> <\/figure>    <ol class=\"wp-block-list\"> <li>L\u1ed1i v\u00e0o c\u1ee7a m\u00e1y t\u00e1ch \u0111\u00e1 g\u1ea1o nh\u1ecf l\u00e0m b\u1eb1ng th\u00e9p kh\u00f4ng g\u1ec9, gi\u00fap h\u1ea1t an to\u00e0n h\u01a1n khi kh\u00f4ng ti\u1ebfp x\u00fac v\u1edbi s\u01a1n.<\/li>    <li>L\u00e0m s\u00e2u th\u00eam c\u1ed5ng c\u1ea5p li\u1ec7u, c\u00f3 th\u1ec3 ch\u1ee9a 40 kg h\u1ea1t m\u1ed7i l\u1ea7n.<\/li>    <li>Ph\u1ec5u x\u1ea3 b\u1eb1ng th\u00e9p kh\u00f4ng g\u1ec9 d\u00e0y v\u00e0 n\u01a1i x\u1ea3 c\u0169ng l\u00e0m b\u1eb1ng th\u00e9p kh\u00f4ng g\u1ec9, \u0111\u00e1p \u1ee9ng ti\u00eau chu\u1ea9n ki\u1ec3m tra v\u1ec7 sinh.<\/li>    <li>L\u1ecdc qua r\u00e2y ch\u00ednh x\u00e1c cao, n\u01a1i x\u1ea3 c\u00f3 th\u1ec3 l\u1ecdc ra g\u1ea1o v\u1ee1, c\u1eb7n, b\u1ee5i \u0111\u00e1, v\u00e0 c\u00e1c h\u1ea1t nh\u1ecf kh\u00e1c qua l\u01b0\u1edbi.<\/li> <\/ol>    <h2 class=\"wp-block-heading\">\u01afu \u0111i\u1ec3m c\u1ee7a m\u00e1y t\u00e1ch \u0111\u00e1 g\u1ea1o nh\u1ecf, gi\u00e1 r\u1ebb<\/h2>    <ul class=\"wp-block-list\"> <li>Ti\u1ebft ki\u1ec7m n\u0103ng l\u01b0\u1ee3ng v\u00e0 b\u1ea3o v\u1ec7 m\u00f4i tr\u01b0\u1eddng, s\u1ea3n xu\u1ea5t ch\u00ednh x\u00e1c, motor \u0111\u1ed3ng nguy\u00ean ch\u1ea5t.<\/li>    <li>C\u1ea5u tr\u00fac \u0111\u01a1n gi\u1ea3n, k\u00edch th\u01b0\u1edbc nh\u1ecf, ti\u00eau th\u1ee5 n\u0103ng l\u01b0\u1ee3ng th\u1ea5p.<\/li>    <li>Ph\u1ea1m vi \u1ee9ng d\u1ee5ng r\u1ed9ng: g\u1ea1o, l\u00faa m\u1ea1ch, l\u00faa m\u00ec, \u0111\u1eadu n\u00e0nh, \u0111\u1eadu mung, v.v.<\/li>    <li>S\u1eed d\u1ee5ng th\u00e9p c\u00e1n ngu\u1ed9i ch\u1ea5t l\u01b0\u1ee3ng cao theo ti\u00eau chu\u1ea9n qu\u1ed1c gia.<\/li> <\/ul>    <figure class=\"wp-block-gallery has-nested-images columns-2 is-cropped wp-block-gallery-4 is-layout-flex wp-block-gallery-is-layout-flex\"> <figure class=\"wp-block-image size-large\"><a href=\"https:\/\/www.agriculture-machine.com\/wp-content\/uploads\/2021\/06\/Small-white-rice-destoner.jpg\"><img loading=\"lazy\" decoding=\"async\" width=\"720\" height=\"540\" data-id=\"10622\" src=\"https:\/\/www.agriculture-machine.com\/wp-content\/uploads\/2021\/06\/Small-white-rice-destoner.jpg\" alt=\"M\u00e1y t\u00e1ch g\u1ea1o n\u1ebfp nh\u1ecf\" class=\"wp-image-10622\" srcset=\"https:\/\/www.agriculture-machine.com\/wp-content\/uploads\/2021\/06\/Small-white-rice-destoner.jpg 720w, https:\/\/www.agriculture-machine.com\/wp-content\/uploads\/2021\/06\/Small-white-rice-destoner-360x270.jpg 360w, https:\/\/www.agriculture-machine.com\/wp-content\/uploads\/2021\/06\/Small-white-rice-destoner-240x180.jpg 240w\" sizes=\"auto, (max-width: 720px) 100vw, 720px\" \/><\/a><\/figure>    <figure class=\"wp-block-image size-large\"><a href=\"https:\/\/www.agriculture-machine.com\/wp-content\/uploads\/2021\/06\/blowing-gravity-destoner-machine.jpg\"><img loading=\"lazy\" decoding=\"async\" width=\"720\" height=\"540\" data-id=\"10621\" src=\"https:\/\/www.agriculture-machine.com\/wp-content\/uploads\/2021\/06\/blowing-gravity-destoner-machine.jpg\" alt=\"m\u00e1y t\u00e1ch \u0111\u00e1 tr\u1ecdng l\u1ef1c th\u1ed5i\" class=\"wp-image-10621\" srcset=\"https:\/\/www.agriculture-machine.com\/wp-content\/uploads\/2021\/06\/blowing-gravity-destoner-machine.jpg 720w, https:\/\/www.agriculture-machine.com\/wp-content\/uploads\/2021\/06\/blowing-gravity-destoner-machine-360x270.jpg 360w, https:\/\/www.agriculture-machine.com\/wp-content\/uploads\/2021\/06\/blowing-gravity-destoner-machine-240x180.jpg 240w\" sizes=\"auto, (max-width: 720px) 100vw, 720px\" \/><\/a><\/figure> <\/figure>    <h2 class=\"wp-block-heading\">Tr\u01b0\u1eddng h\u1ee3p kh\u00e1ch h\u00e0ng v\u1ec1 m\u00e1y lo\u1ea1i b\u1ecf b\u1ee5i g\u1ea1o<\/h2>    <p>Ch\u00fang t\u00f4i xu\u1ea5t kh\u1ea9u m\u00e1y t\u00e1ch \u0111\u00e1 g\u1ea1o tr\u1eafng sang Togo. Kh\u00e1ch h\u00e0ng x\u1eed l\u00fd g\u1ea1o tr\u1eafng, v\u00e0 anh \u1ea5y mu\u1ed1n l\u1ecdc c\u00e1t m\u1ecbn v\u00e0 t\u1ea1p ch\u1ea5t trong g\u1ea1o tr\u1eafng. <\/p>    <p>M\u00e1y t\u00e1ch \u0111\u00e1 g\u1ea1o tr\u1eafng nh\u1ecf v\u00e0 r\u1ebb n\u00e0y r\u1ea5t ph\u1ed5 bi\u1ebfn \u1edf ch\u00e2u Phi, v\u00e0 m\u1ed7i gia \u0111\u00ecnh \u0111\u1ec1u ph\u1ea3i c\u00f3 m\u1ed9t chi\u1ebfc \u0111\u1ec3 \u0103n g\u1ea1o. <\/p>    <p>V\u00ec v\u1eady, ch\u00fang t\u00f4i xu\u1ea5t kh\u1ea9u lo\u1ea1i m\u00e1y t\u00e1ch \u0111\u00e1 g\u1ea1o nh\u1ecf n\u00e0y m\u1ed7i th\u00e1ng v\u1edbi s\u1ed1 l\u01b0\u1ee3ng th\u01b0\u1edfng 1000 chi\u1ebfc. Nh\u00e0 m\u00e1y c\u1ee7a ch\u00fang t\u00f4i s\u1ea3n xu\u1ea5t 2000 b\u1ed9 m\u00e1y t\u00e1ch \u0111\u00e1 tr\u1ecdng l\u1ef1c th\u1ed5i m\u1ed7i th\u00e1ng.<\/p>    <figure class=\"wp-block-gallery has-nested-images columns-2 is-cropped wp-block-gallery-5 is-layout-flex wp-block-gallery-is-layout-flex\"> <figure class=\"wp-block-image size-large\"><a href=\"https:\/\/www.agriculture-machine.com\/wp-content\/uploads\/2021\/06\/pack.jpg\"><img loading=\"lazy\" decoding=\"async\" width=\"720\" height=\"540\" data-id=\"10624\" src=\"https:\/\/www.agriculture-machine.com\/wp-content\/uploads\/2021\/06\/pack.jpg\" alt=\"\u0111\u00f3ng g\u00f3i\" class=\"wp-image-10624\" srcset=\"https:\/\/www.agriculture-machine.com\/wp-content\/uploads\/2021\/06\/pack.jpg 720w, https:\/\/www.agriculture-machine.com\/wp-content\/uploads\/2021\/06\/pack-360x270.jpg 360w, https:\/\/www.agriculture-machine.com\/wp-content\/uploads\/2021\/06\/pack-240x180.jpg 240w\" sizes=\"auto, (max-width: 720px) 100vw, 720px\" \/><\/a><\/figure>    <figure class=\"wp-block-image size-large\"><a href=\"https:\/\/www.agriculture-machine.com\/wp-content\/uploads\/2021\/06\/packaging.jpg\"><img loading=\"lazy\" decoding=\"async\" width=\"720\" height=\"540\" data-id=\"10625\" src=\"https:\/\/www.agriculture-machine.com\/wp-content\/uploads\/2021\/06\/packaging.jpg\" alt=\"\" class=\"wp-image-10625\" srcset=\"https:\/\/www.agriculture-machine.com\/wp-content\/uploads\/2021\/06\/packaging.jpg 720w, https:\/\/www.agriculture-machine.com\/wp-content\/uploads\/2021\/06\/packaging-360x270.jpg 360w, https:\/\/www.agriculture-machine.com\/wp-content\/uploads\/2021\/06\/packaging-240x180.jpg 240w\" sizes=\"auto, (max-width: 720px) 100vw, 720px\" \/><\/a><\/figure> <\/figure>    <h2 class=\"wp-block-heading\"><\/h2>    <h2 class=\"wp-block-heading\">Th\u00f4ng s\u1ed1 k\u1ef9 thu\u1eadt<\/h2>    <figure class=\"wp-block-table is-style-stripes\"><table><tbody><tr><td>M\u1eabu<\/td><td>I<\/td><td>II<\/td><td>III<\/td><td>IV<\/td><\/tr><tr><td>C\u00f4ng su\u1ea5t<\/td><td>250w,220v<\/td><td>370w,220v<\/td><td>&nbsp;550w,380v<\/td><td>750w,380v<\/td><\/tr><tr><td>K\u00edch th\u01b0\u1edbc m\u00e1y<\/td><td>67*48*63cm<\/td><td>68*50*69.5cm<\/td><td>83*59*76cm<\/td><td>95*72*82cm<\/td><\/tr><tr><td>Dung t\u00edch<\/td><td>400kg\/h<\/td><td>400kg\/h<\/td><td>1000kg\/h<\/td><td>2000kg\/h<\/td><\/tr><\/tbody><\/table><figcaption class=\"wp-element-caption\">Th\u00f4ng s\u1ed1 k\u1ef9 thu\u1eadt c\u1ee7a m\u00e1y t\u00e1ch \u0111\u00e1 g\u1ea1o nh\u1ecf<\/figcaption><\/figure>    <h2 class=\"wp-block-heading\">L\u00e0m th\u1ebf n\u00e0o \u0111\u1ec3 b\u1ea3o tr\u00ec m\u00e1y?<\/h2>    <ol class=\"wp-block-list\"> <li><strong>V\u1ec7 sinh \u0111\u1ecbnh k\u1ef3<\/strong>: l\u00e0m s\u1ea1ch c\u1eb7n b\u00ean trong m\u00e1y t\u00e1ch \u0111\u00e1 sau khi s\u1eed d\u1ee5ng h\u00e0ng ng\u00e0y \u0111\u1ec3 tr\u00e1nh t\u1eafc ngh\u1ebdn v\u00e0 \u00f4 nhi\u1ec5m.<\/li>    <li><strong>B\u1ea3o tr\u00ec b\u00f4i tr\u01a1n<\/strong>: ki\u1ec3m tra v\u00e0 th\u00eam d\u1ea7u b\u00f4i tr\u01a1n \u0111\u1ecbnh k\u1ef3 \u0111\u1ec3 \u0111\u1ea3m b\u1ea3o ho\u1ea1t \u0111\u1ed9ng tr\u01a1n tru c\u1ee7a c\u00e1c b\u1ed9 ph\u1eadn c\u01a1 kh\u00ed v\u00e0 k\u00e9o d\u00e0i tu\u1ed5i th\u1ecd.<\/li>    <li><strong>Ki\u1ec3m tra m\u00e0n h\u00ecnh<\/strong>: ki\u1ec3m tra \u0111\u1ecbnh k\u1ef3 s\u1ef1 m\u00e0i m\u00f2n c\u1ee7a m\u00e0n h\u00ecnh, n\u1ebfu ph\u00e1t hi\u1ec7n b\u1ecb h\u1ecfng ho\u1eb7c t\u1eafc ngh\u1ebdn, thay th\u1ebf ho\u1eb7c l\u00e0m s\u1ea1ch k\u1ecbp th\u1eddi.<\/li>    <li><strong>Ki\u1ec3m tra \u0111i\u1ec7n:<\/strong> ki\u1ec3m tra \u0111\u1ecbnh k\u1ef3 motor, d\u00e2y \u0111i\u1ec7n, h\u1ec7 th\u1ed1ng \u0111i\u1ec1u khi\u1ec3n \u0111\u1ec3 \u0111\u1ea3m b\u1ea3o c\u00e1c b\u1ed9 ph\u1eadn \u0111i\u1ec7n an to\u00e0n v\u00e0 \u0111\u00e1ng tin c\u1eady.<\/li>    <li><strong>Ph\u1ea7n c\u1ed1 \u0111\u1ecbnh:<\/strong> Ki\u1ec3m tra v\u00e0 si\u1ebft ch\u1eb7t t\u1ea5t c\u1ea3 c\u00e1c bu l\u00f4ng, \u0111ai \u1ed1c, v\u00e0 c\u00e1c b\u1ed9 ph\u1eadn b\u1eaft v\u00edt kh\u00e1c \u0111\u1ec3 tr\u00e1nh l\u1ecfng g\u00e2y h\u1ecfng h\u00f3c m\u00e1y m\u00f3c.<\/li>    <li><strong>X\u1eed l\u00fd ch\u1ed1ng g\u1ec9<\/strong>: \u0110\u1ed1i v\u1edbi c\u00e1c m\u00e1y kh\u00f4ng s\u1eed d\u1ee5ng trong th\u1eddi gian d\u00e0i, c\u1ea7n x\u1eed l\u00fd ch\u1ed1ng g\u1ec9 v\u00e0 b\u1ea3o qu\u1ea3n trong m\u00f4i tr\u01b0\u1eddng kh\u00f4 r\u00e1o, tho\u00e1ng m\u00e1t.<\/li> <\/ol>    <p>Our company offers many types of small rice destoner machines to meet different customers&#8217; needs. Whether you need a small home machine or a large industrial machine, we can provide you with the right solution. Feel free to contact us for more machine information and quotation, we are looking forward to cooperating with you to improve your production efficiency and rice product quality.<\/p>","protected":false},"excerpt":{"rendered":"<p>\u0110\u00e2y l\u00e0 m\u1ed9t m\u00e1y t\u00e1ch \u0111\u00e1 g\u1ea1o nh\u1ecf. Lo\u1ea1i c\u00f3 c\u00f4ng su\u1ea5t nh\u1ecf r\u1ea5t ph\u00f9 h\u1ee3p cho s\u1eed d\u1ee5ng gia \u0111\u00ecnh, c\u00f2n lo\u1ea1i c\u00f4ng su\u1ea5t l\u1edbn c\u00f3 th\u1ec3 d\u00f9ng cho c\u00e1c nh\u00e0 m\u00e1y.<\/p>","protected":false},"author":1,"featured_media":10623,"parent":0,"comment_status":"closed","ping_status":"closed","template":"","tags":[2621],"product-type":[907,875],"class_list":["post-10611","product","type-product","status-publish","has-post-thumbnail","hentry","tag-destoner","product-type-paddy-rice-destoner","product-type-rice-mill-category"],"_links":{"self":[{"href":"https:\/\/www.agriculture-machine.com\/vi\/wp-json\/wp\/v2\/product\/10611","targetHints":{"allow":["GET"]}}],"collection":[{"href":"https:\/\/www.agriculture-machine.com\/vi\/wp-json\/wp\/v2\/product"}],"about":[{"href":"https:\/\/www.agriculture-machine.com\/vi\/wp-json\/wp\/v2\/types\/product"}],"author":[{"embeddable":true,"href":"https:\/\/www.agriculture-machine.com\/vi\/wp-json\/wp\/v2\/users\/1"}],"replies":[{"embeddable":true,"href":"https:\/\/www.agriculture-machine.com\/vi\/wp-json\/wp\/v2\/comments?post=10611"}],"wp:featuredmedia":[{"embeddable":true,"href":"https:\/\/www.agriculture-machine.com\/vi\/wp-json\/wp\/v2\/media\/10623"}],"wp:attachment":[{"href":"https:\/\/www.agriculture-machine.com\/vi\/wp-json\/wp\/v2\/media?parent=10611"}],"wp:term":[{"taxonomy":"post_tag","embeddable":true,"href":"https:\/\/www.agriculture-machine.com\/vi\/wp-json\/wp\/v2\/tags?post=10611"},{"taxonomy":"product-type","embeddable":true,"href":"https:\/\/www.agriculture-machine.com\/vi\/wp-json\/wp\/v2\/product-type?post=10611"}],"curies":[{"name":"wp","href":"https:\/\/api.w.org\/{rel}","templated":true}]}}