{"id":10672,"date":"2021-06-11T10:04:44","date_gmt":"2021-06-11T02:04:44","guid":{"rendered":"https:\/\/www.agriculture-machine.com\/?p=10672"},"modified":"2024-09-18T15:51:29","modified_gmt":"2024-09-18T07:51:29","slug":"chicken-cow-pig-horse-dung-dehydrator-manure-dehydrator","status":"publish","type":"product","link":"https:\/\/www.agriculture-machine.com\/vi\/chicken-cow-pig-horse-dung-dehydrator-manure-dehydrator\/","title":{"rendered":"M\u00e1y l\u00e0m kh\u00f4 ph\u00e2n gia c\u1ea7m, b\u00f2, l\u1ee3n, ng\u1ef1a | m\u00e1y l\u00e0m kh\u00f4 ph\u00e2n"},"content":{"rendered":"<p>M\u00e1y l\u00e0m kh\u00f4 ph\u00e2n gia s\u00fac c\u00f2n g\u1ecdi l\u00e0 m\u00e1y l\u00e0m kh\u00f4 ph\u00e2n gia c\u1ea7m. N\u00f3 d\u00f9ng \u0111\u1ec3 l\u00e0m kh\u00f4 ph\u00e2n l\u1ee3n, ph\u00e2n b\u00f2, ph\u00e2n th\u1ecf, ph\u00e2n g\u00e0, v\u00e0 c\u00e1c trang tr\u1ea1i ch\u0103n nu\u00f4i l\u1edbn v\u00e0 v\u1eeba \u0111\u1ec3 x\u1eed l\u00fd ph\u00e2n \u0111\u1ed9ng v\u1eadt. N\u00f3 c\u00f2n g\u1ecdi l\u00e0 b\u1ed9 ph\u00e2n t\u00e1ch r\u1eafn l\u1ecfng b\u1edfi m\u1ed9t s\u1ed1 ng\u01b0\u1eddi, c\u00f3 th\u1ec3 d\u00f9ng \u0111\u1ec3 t\u00e1ch ch\u1ea5t th\u1ea3i c\u00f3 h\u00e0m l\u01b0\u1ee3ng cao v\u00e0 ch\u1ea5t l\u1ecfng trong c\u1eb7n ch\u01b0ng c\u1ea5t, residue thu\u1ed1c, th\u1ee9c \u0103n th\u1eeba, ch\u1ea5t th\u1ea3i, nh\u00e0 m\u00e1y gi\u1ebft m\u1ed5, v\u00e0 k\u1ef9 thu\u1eadt x\u1eed l\u00fd n\u01b0\u1edbc th\u1ea3i. \u0110\u00e2y l\u00e0 thi\u1ebft b\u1ecb l\u00e0m kh\u00f4 l\u00fd t\u01b0\u1edfng.<\/p>    <div class=\"wp-block-image\"><figure class=\"aligncenter size-large\"><img loading=\"lazy\" decoding=\"async\" width=\"720\" height=\"540\" src=\"https:\/\/www.agriculture-machine.com\/wp-content\/uploads\/2021\/06\/poultry-dung-dehydrator.jpg\" alt=\"m\u00e1y l\u00e0m kh\u00f4 ph\u00e2n gia c\u1ea7m\" class=\"wp-image-10676\" srcset=\"https:\/\/www.agriculture-machine.com\/wp-content\/uploads\/2021\/06\/poultry-dung-dehydrator.jpg 720w, https:\/\/www.agriculture-machine.com\/wp-content\/uploads\/2021\/06\/poultry-dung-dehydrator-360x270.jpg 360w, https:\/\/www.agriculture-machine.com\/wp-content\/uploads\/2021\/06\/poultry-dung-dehydrator-240x180.jpg 240w\" sizes=\"auto, (max-width: 720px) 100vw, 720px\" \/><figcaption>m\u00e1y l\u00e0m kh\u00f4 ph\u00e2n gia c\u1ea7m<\/figcaption><\/figure><\/div>    <h2 class=\"wp-block-heading\" id=\"h-structure-composition-of-screw-extrusion-dung-dehydrator\">C\u1ea5u t\u1ea1o c\u1ee7a m\u00e1y l\u00e0m kh\u00f4 ph\u00e2n tr\u1ee5c v\u00edt<\/h2>    <p>B\u1ed9 ph\u00e2n t\u00e1ch r\u1eafn l\u1ecfng tr\u1ee5c v\u00edt ch\u1ee7 y\u1ebfu g\u1ed3m c\u00f3 thi\u1ebft b\u1ecb ch\u00ednh, b\u01a1m kh\u00f4ng t\u1eafc ngh\u1ebdn, t\u1ee7 \u0111i\u1ec1u khi\u1ec3n, \u0111\u01b0\u1eddng \u1ed1ng v\u00e0 c\u00e1c thi\u1ebft b\u1ecb kh\u00e1c. Th\u00e2n m\u00e1y ch\u00ednh, m\u00e0n h\u00ecnh l\u01b0\u1edbi, tr\u1ee5c v\u00edt \u00e9p, \u0111\u1ed9ng c\u01a1 gi\u1ea3m t\u1ed1c, tr\u1ecdng l\u01b0\u1ee3ng \u0111\u1ed1i tr\u1ecdng v\u00e0 thi\u1ebft b\u1ecb x\u1ea3 h\u00e0ng g\u1ed3m c\u00e1c b\u1ed9 ph\u1eadn.<\/p>    <div class=\"wp-block-image\"><figure class=\"aligncenter size-large\"><img loading=\"lazy\" decoding=\"async\" width=\"720\" height=\"540\" src=\"https:\/\/www.agriculture-machine.com\/wp-content\/uploads\/2021\/06\/Structure-composition-of-screw-extrusion-dehydrator.jpg\" alt=\"C\u1ea5u t\u1ea1o c\u1ee7a m\u00e1y l\u00e0m kh\u00f4 tr\u1ee5c v\u00edt\" class=\"wp-image-10674\" srcset=\"https:\/\/www.agriculture-machine.com\/wp-content\/uploads\/2021\/06\/Structure-composition-of-screw-extrusion-dehydrator.jpg 720w, https:\/\/www.agriculture-machine.com\/wp-content\/uploads\/2021\/06\/Structure-composition-of-screw-extrusion-dehydrator-360x270.jpg 360w, https:\/\/www.agriculture-machine.com\/wp-content\/uploads\/2021\/06\/Structure-composition-of-screw-extrusion-dehydrator-240x180.jpg 240w\" sizes=\"auto, (max-width: 720px) 100vw, 720px\" \/><figcaption>C\u1ea5u t\u1ea1o c\u1ee7a m\u00e1y l\u00e0m kh\u00f4 tr\u1ee5c v\u00edt<\/figcaption><\/figure><\/div>    <h2 class=\"wp-block-heading\" id=\"h-working-principle-of-the-manure-dehydrator\">Nguy\u00ean l\u00fd ho\u1ea1t \u0111\u1ed9ng c\u1ee7a m\u00e1y l\u00e0m kh\u00f4 ph\u00e2n<\/h2>    <p>M\u00e1y b\u01a1m b\u00f9n d\u00f9ng \u0111\u1ec3 \u0111\u01b0a ph\u00e2n th\u00f4 v\u00e0o m\u00e1y. Ch\u1ea5t r\u1eafn \u0111\u01b0\u1ee3c t\u00e1ch ra b\u1eb1ng tr\u1ee5c v\u00edt \u00e9p \u0111\u1eb7t trong m\u00e0n h\u00ecnh. Ph\u00e2n \u0111\u01b0\u1ee3c l\u1ecdc v\u00e0 l\u00e0m kh\u00f4 b\u1eb1ng m\u00e0n h\u00ecnh, sau \u0111\u00f3 x\u1ea3 ra kh\u1ecfi c\u1ed5ng x\u1ea3. Ph\u00e2n \u0111\u00e3 kh\u00f4 c\u00f3 th\u1ec3 b\u00e1n tr\u1ef1c ti\u1ebfp ho\u1eb7c l\u00e0m ph\u00e2n b\u00f3n. N\u01b0\u1edbc ch\u1ea3y ra t\u1eeb l\u1ed7 tho\u00e1t n\u01b0\u1edbc qua m\u00e0n h\u00ecnh v\u00e0 \u0111\u01b0\u1ee3c v\u1eadn chuy\u1ec3n \u0111\u1ebfn h\u1ed3 ch\u1ee9a, bi\u1ebfn ch\u1ea5t th\u1ea3i th\u00e0nh t\u00e0i s\u1ea3n.<\/p>    <p>Ph\u1ea7n tr\u00ean c\u1ee7a thi\u1ebft b\u1ecb \u0111\u01b0\u1ee3c thi\u1ebft k\u1ebf v\u1edbi c\u1ed5ng tr\u00e0n, v\u00e0 c\u1ed5ng x\u1ea3 c\u00f3 th\u1ec3 \u0111i\u1ec1u ch\u1ec9nh \u0111\u1ed9 \u1ea9m c\u1ee7a v\u1eadt li\u1ec7u \u0111\u00e3 x\u1ea3 ra.<\/p>    <div class=\"wp-block-image\"><figure class=\"aligncenter size-large\"><img loading=\"lazy\" decoding=\"async\" width=\"720\" height=\"518\" src=\"https:\/\/www.agriculture-machine.com\/wp-content\/uploads\/2021\/06\/working-principle-of-the-fecal-dehydrator-720x518.jpg\" alt=\"nguy\u00ean l\u00fd ho\u1ea1t \u0111\u1ed9ng c\u1ee7a m\u00e1y l\u00e0m kh\u00f4 ph\u00e2n\" class=\"wp-image-10677\" srcset=\"https:\/\/www.agriculture-machine.com\/wp-content\/uploads\/2021\/06\/working-principle-of-the-fecal-dehydrator-720x518.jpg 720w, https:\/\/www.agriculture-machine.com\/wp-content\/uploads\/2021\/06\/working-principle-of-the-fecal-dehydrator-360x259.jpg 360w, https:\/\/www.agriculture-machine.com\/wp-content\/uploads\/2021\/06\/working-principle-of-the-fecal-dehydrator.jpg 750w\" sizes=\"auto, (max-width: 720px) 100vw, 720px\" \/><figcaption>nguy\u00ean l\u00fd ho\u1ea1t \u0111\u1ed9ng c\u1ee7a m\u00e1y l\u00e0m kh\u00f4 ph\u00e2n<\/figcaption><\/figure><\/div>    <h2 class=\"wp-block-heading\" id=\"h-advantages-of-manure-dehydrator-machine\">\u01afu \u0111i\u1ec3m c\u1ee7a m\u00e1y l\u00e0m kh\u00f4 ph\u00e2n<\/h2>    <ul class=\"wp-block-list\"><li>1. Tr\u1ee5c v\u00edt b\u1eb1ng th\u00e9p kh\u00f4ng g\u1ec9, to\u00e0n b\u1ed9 th\u00e2n m\u00e1y kh\u00f4ng b\u1ecb g\u1ec9.<\/li><li>2. N\u1eafp tr\u00ean b\u1eb1ng th\u00e9p kh\u00f4ng g\u1ec9 m\u1edbi, d\u1ec5 th\u00e1o r\u1eddi.<\/li><li>3. T\u0103ng c\u01b0\u1eddng b\u1ed9 l\u1ecdc, d\u1ec5 l\u00e0m s\u1ea1ch v\u00e0 kh\u00f4ng d\u1ec5 h\u1ecfng.<\/li><li>4. \u0110\u1ed9ng c\u01a1 l\u00f5i \u0111\u1ed3ng ch\u1ea5t l\u01b0\u1ee3ng cao, ti\u1ebfng \u1ed3n th\u1ea5p v\u00e0 c\u00f4ng su\u1ea5t cao.<\/li><li>5. M\u00e1y c\u1eaft ch\u1ea5t th\u1ea3i, r\u00e1c th\u1ea3i c\u00f3 th\u1ec3 \u0111\u01b0\u1ee3c b\u01a1m m\u00e0 kh\u00f4ng b\u1ecb t\u1eafc ngh\u1ebdn.<\/li><\/ul>    <div class=\"wp-block-image\"><figure class=\"aligncenter size-large\"><img loading=\"lazy\" decoding=\"async\" width=\"720\" height=\"540\" src=\"https:\/\/www.agriculture-machine.com\/wp-content\/uploads\/2021\/06\/solid-liquid-separator.jpg\" alt=\"b\u1ed9 ph\u00e2n t\u00e1ch r\u1eafn l\u1ecfng\" class=\"wp-image-10675\" srcset=\"https:\/\/www.agriculture-machine.com\/wp-content\/uploads\/2021\/06\/solid-liquid-separator.jpg 720w, https:\/\/www.agriculture-machine.com\/wp-content\/uploads\/2021\/06\/solid-liquid-separator-360x270.jpg 360w, https:\/\/www.agriculture-machine.com\/wp-content\/uploads\/2021\/06\/solid-liquid-separator-240x180.jpg 240w\" sizes=\"auto, (max-width: 720px) 100vw, 720px\" \/><figcaption>b\u1ed9 ph\u00e2n t\u00e1ch r\u1eafn l\u1ecfng<\/figcaption><\/figure><\/div>    <h2 class=\"wp-block-heading\" id=\"h-why-should-dung-be-dehydrated\">T\u1ea1i sao ph\u1ea3i l\u00e0m kh\u00f4 ph\u00e2n?<\/h2>    <p>Sau khi s\u1eed d\u1ee5ng m\u00e1y l\u00e0m kh\u00f4 ph\u00e2n, ph\u00e2n l\u1ee3n, ph\u00e2n v\u1ecbt, ph\u00e2n b\u00f2, ph\u00e2n g\u00e0 v\u00e0 c\u00e1c lo\u1ea1i ph\u00e2n gia c\u1ea7m kh\u00e1c \u0111\u01b0\u1ee3c t\u00e1ch th\u00e0nh ph\u00e2n l\u1ecfng v\u00e0 ph\u00e2n r\u1eafn. Ph\u00e2n l\u1ecfng c\u00f3 th\u1ec3 tr\u1ef1c ti\u1ebfp s\u1eed d\u1ee5ng cho c\u00e2y tr\u1ed3ng v\u00e0 h\u1ea5p th\u1ee5. Ph\u00e2n r\u1eafn c\u00f3 th\u1ec3 v\u1eadn chuy\u1ec3n \u0111\u1ebfn c\u00e1c khu v\u1ef1c thi\u1ebfu ph\u00e2n \u0111\u1ec3 s\u1eed d\u1ee5ng. \u0110\u1ed3ng th\u1eddi, n\u00f3 c\u00f3 th\u1ec3 b\u1ea3o v\u1ec7 c\u1ea5u tr\u00fac \u0111\u1ea5t. C\u00f9ng l\u00fac \u0111\u00f3, n\u00f3 c\u00f3 th\u1ec3 \u0111\u01b0\u1ee3c ch\u1ebf bi\u1ebfn th\u00e0nh ph\u00e2n h\u1ee3p ch\u1ea5t sau qu\u00e1 tr\u00ecnh l\u00ean men.<\/p>    <div class=\"wp-block-image\"><figure class=\"aligncenter size-large\"><img loading=\"lazy\" decoding=\"async\" width=\"720\" height=\"540\" src=\"https:\/\/www.agriculture-machine.com\/wp-content\/uploads\/2021\/06\/Manure-Organic-Fertilizer.jpg\" alt=\"Ph\u00e2n h\u1eefu c\u01a1-Ph\u00e2n b\u00f3n\" class=\"wp-image-10678\" srcset=\"https:\/\/www.agriculture-machine.com\/wp-content\/uploads\/2021\/06\/Manure-Organic-Fertilizer.jpg 720w, https:\/\/www.agriculture-machine.com\/wp-content\/uploads\/2021\/06\/Manure-Organic-Fertilizer-360x270.jpg 360w, https:\/\/www.agriculture-machine.com\/wp-content\/uploads\/2021\/06\/Manure-Organic-Fertilizer-240x180.jpg 240w\" sizes=\"auto, (max-width: 720px) 100vw, 720px\" \/><figcaption>Ph\u00e2n h\u1eefu c\u01a1-Ph\u00e2n b\u00f3n<\/figcaption><\/figure><\/div>    <h2 class=\"wp-block-heading\" id=\"h-who-can-buy-a-fecal-dehydrator\">Ai c\u00f3 th\u1ec3 mua m\u00e1y l\u00e0m kh\u00f4 ph\u00e2n<\/h2>    <p>1. X\u1eed l\u00fd ph\u00e2n l\u1ee3n trong c\u00e1c trang tr\u1ea1i l\u1ee3n. C\u00e1c trang tr\u1ea1i l\u1ee3n c\u00f3 th\u1ec3 mua m\u00e1y l\u00e0m kh\u00f4 ph\u00e2n l\u1ee3n nh\u01b0 v\u1eady. B\u1ea1n c\u00f3 th\u1ec3 d\u00f9ng ph\u00e2n l\u1ee3n \u0111\u00e3 l\u00e0m kh\u00f4 \u0111\u1ec3 s\u1ea3n xu\u1ea5t c\u00e1c s\u1ea3n ph\u1ea9m vi\u00ean n\u00e9n v\u00e0 \u0111\u1ed9 \u1ea9m d\u01b0\u1edbi 12%. N\u00f3 kh\u00f4ng ch\u1ee9a th\u00e0nh ph\u1ea7n h\u00f3a h\u1ecdc n\u00e0o. \u0110\u00e2y l\u00e0 ph\u00e2n h\u1eefu c\u01a1 l\u00fd t\u01b0\u1edfng cho \u0111\u1ea5t n\u00f4ng nghi\u1ec7p.<\/p>    <div class=\"wp-block-image\"><figure class=\"aligncenter size-large\"><img loading=\"lazy\" decoding=\"async\" width=\"720\" height=\"540\" src=\"https:\/\/www.agriculture-machine.com\/wp-content\/uploads\/2021\/06\/pellet-organic-fertilizer.jpg\" alt=\"ph\u00e2n vi\u00ean-organic-fertilizer\" class=\"wp-image-10679\" srcset=\"https:\/\/www.agriculture-machine.com\/wp-content\/uploads\/2021\/06\/pellet-organic-fertilizer.jpg 720w, https:\/\/www.agriculture-machine.com\/wp-content\/uploads\/2021\/06\/pellet-organic-fertilizer-360x270.jpg 360w, https:\/\/www.agriculture-machine.com\/wp-content\/uploads\/2021\/06\/pellet-organic-fertilizer-240x180.jpg 240w\" sizes=\"auto, (max-width: 720px) 100vw, 720px\" \/><figcaption>ph\u00e2n vi\u00ean-organic-fertilizer<\/figcaption><\/figure><\/div>    <p class=\"translation-block\">2. Ph\u00e2n t\u00e1ch \u0111\u00e3 \u0111\u01b0\u1ee3c t\u00e1ch ra c\u00f3 th\u1ec3 tr\u1ed9n v\u1edbi <a href=\"https:\/\/www.agriculture-machine.com\/vi\/combined-chaff-cutter-and-grinder-straw-cutter-and-grain-grinder\/\">r\u01a1m r\u1ea1<\/a> v\u00e0 l\u00ean men ho\u00e0n to\u00e0n, sau \u0111\u00f3 nghi\u1ec1n th\u00e0nh ph\u00e2n h\u1eefu c\u01a1 h\u1ee3p ch\u1ea5t. C\u0169ng c\u00f3 th\u1ec3 c\u1ea3i thi\u1ec7n ch\u1ea5t l\u01b0\u1ee3ng \u0111\u1ea5t v\u00e0 t\u0103ng n\u0103ng su\u1ea5t tr\u1ef1c ti\u1ebfp. N\u00f3 c\u0169ng c\u00f3 th\u1ec3 d\u00f9ng \u0111\u1ec3 nu\u00f4i giun \u0111\u1ea5t, tr\u1ed3ng n\u1ea5m, cho c\u00e1 \u0103n, v.v., t\u1ea5t c\u1ea3 \u0111\u1ec1u c\u00f3 th\u1ec3 mang l\u1ea1i thu nh\u1eadp \u0111\u00e1ng k\u1ec3 cho trang tr\u1ea1i c\u1ee7a b\u1ea1n. V\u00ec v\u1eady, m\u00e1y l\u00e0m kh\u00f4 ph\u00e2n l\u00e0 m\u1ed9t c\u00f4ng c\u1ee5 t\u1ed1t cho n\u00f4ng nghi\u1ec7p.<\/p>    <div class=\"wp-block-image\"><figure class=\"aligncenter size-large\"><img loading=\"lazy\" decoding=\"async\" width=\"720\" height=\"540\" src=\"https:\/\/www.agriculture-machine.com\/wp-content\/uploads\/2021\/06\/separated-feces-can-mix-with-straw-chaff.jpg\" alt=\"Ph\u00e2n \u0111\u00e3 t\u00e1ch c\u00f3 th\u1ec3 tr\u1ed9n v\u1edbi r\u01a1m r\u1ea1\" class=\"wp-image-10680\" srcset=\"https:\/\/www.agriculture-machine.com\/wp-content\/uploads\/2021\/06\/separated-feces-can-mix-with-straw-chaff.jpg 720w, https:\/\/www.agriculture-machine.com\/wp-content\/uploads\/2021\/06\/separated-feces-can-mix-with-straw-chaff-360x270.jpg 360w, https:\/\/www.agriculture-machine.com\/wp-content\/uploads\/2021\/06\/separated-feces-can-mix-with-straw-chaff-240x180.jpg 240w\" sizes=\"auto, (max-width: 720px) 100vw, 720px\" \/><figcaption>Ph\u00e2n \u0111\u00e3 t\u00e1ch c\u00f3 th\u1ec3 tr\u1ed9n v\u1edbi r\u01a1m r\u1ea1<\/figcaption><\/figure><\/div>    <p>3. X\u1eed l\u00fd ph\u00e2n b\u00f2 trong c\u00e1c trang tr\u1ea1i b\u00f2. Ph\u00e2n b\u00f2 \u0111\u00e3 \u0111\u01b0\u1ee3c t\u00e1ch ra b\u1eb1ng b\u1ed9 ph\u00e2n t\u00e1ch r\u1eafn l\u1ecfng c\u00f3 th\u1ec3 d\u00f9ng l\u00e0m v\u1eadt li\u1ec7u l\u00e0m chu\u1ed3ng b\u00f2. C\u0169ng c\u00f3 th\u1ec3 l\u00e0m nhi\u00ean li\u1ec7u t\u1eeb ph\u00e2n b\u00f2 \u0111\u1ec3 ti\u1ebft ki\u1ec7m chi ph\u00ed. Ph\u00e2n l\u1ecfng \u0111\u00e3 \u0111\u01b0\u1ee3c t\u00e1ch ra c\u00f3 th\u1ec3 x\u1ea3 tr\u1ef1c ti\u1ebfp v\u00e0o b\u1ed3n ch\u1ee9a kh\u00ed sinh h\u1ecdc, v\u00e0 hi\u1ec7u qu\u1ea3 s\u1ea3n xu\u1ea5t kh\u00ed sinh h\u1ecdc cao h\u01a1n. B\u1ed3n kh\u00ed sinh h\u1ecdc s\u1ebd kh\u00f4ng b\u1ecb t\u1eafc ngh\u1ebdn, k\u00e9o d\u00e0i tu\u1ed5i th\u1ecd c\u1ee7a b\u1ed3n. Ph\u00e2n r\u1eafn c\u00f3 th\u1ec3 d\u1ec5 d\u00e0ng v\u1eadn chuy\u1ec3n v\u00e0 b\u00e1n v\u1edbi gi\u00e1 cao.<\/p>    <p>4. Ng\u01b0\u1eddi d\u00f9ng b\u1ec3 kh\u00ed sinh h\u1ecdc. Tr\u01b0\u1edbc khi n\u01b0\u1edbc ph\u00e2n v\u00e0o b\u1ec3 kh\u00ed sinh h\u1ecdc, c\u00e1c bi\u1ec7n ph\u00e1p ph\u00e2n t\u00e1ch r\u1eafn l\u1ecfng c\u00f3 th\u1ec3 gi\u1ea3i quy\u1ebft v\u1ea5n \u0111\u1ec1 k\u1ebft t\u1ee7a c\u1ee7a ph\u00e2n l\u1ee3n trong b\u1ec3 kh\u00ed sinh h\u1ecdc. V\u00e0 n\u00f3 n\u00e2ng cao \u0111\u00e1ng k\u1ec3 kh\u1ea3 n\u0103ng x\u1eed l\u00fd c\u1ee7a b\u1ec3 kh\u00ed sinh h\u1ecdc. \u0110\u1ed3ng th\u1eddi, di\u1ec7n t\u00edch x\u00e2y d\u1ef1ng c\u1ee7a c\u00e1c b\u1ec3 kh\u00ed v\u00e0 b\u1ec3 sinh h\u1ecdc gi\u1ea3m \u0111\u00e1ng k\u1ec3. Ti\u1ebft ki\u1ec7m chi ph\u00ed x\u00e2y d\u1ef1ng v\u00e0 di\u1ec7n t\u00edch \u0111\u1ea5t cho x\u1eed l\u00fd m\u00f4i tr\u01b0\u1eddng.<\/p>    <h2 class=\"wp-block-heading\" id=\"h-why-choose-us\">T\u1ea1i sao ch\u1ecdn ch\u00fang t\u00f4i?<\/h2>    <p>Ch\u00fang t\u00f4i l\u00e0 nh\u00e0 s\u1ea3n xu\u1ea5t m\u00e1y m\u00f3c n\u00f4ng nghi\u1ec7p chuy\u00ean nghi\u1ec7p. Hi\u1ec7n t\u1ea1i, m\u00e1y l\u00e0m kh\u00f4 ph\u00e2n c\u1ee7a ch\u00fang t\u00f4i \u0111\u00e3 \u0111\u01b0\u1ee3c xu\u1ea5t kh\u1ea9u sang Pakistan, \u1ea4n \u0110\u1ed9, Malaysia, Philippines, v.v. Kh\u00e1ch h\u00e0ng mua m\u00e1y l\u00e0m kh\u00f4 ph\u00e2n c\u1ee7a ch\u00fang t\u00f4i xu\u1ea5t sang Pakistan, v\u00e0 kh\u00e1ch h\u00e0ng s\u1eed d\u1ee5ng n\u00f3 \u0111\u1ec3 l\u00e0m kh\u00f4 ph\u00e2n b\u00f2 v\u00ec h\u1ecd nu\u00f4i nhi\u1ec1u b\u00f2. Ngo\u00e0i ra, h\u1ecd kh\u00f4ng mu\u1ed1n l\u00e3ng ph\u00ed ph\u00e2n, v\u00ec v\u1eady \u0111\u00e3 mua m\u00e1y l\u00e0m kh\u00f4 ph\u00e2n c\u1ee7a ch\u00fang t\u00f4i v\u1edbi c\u00f4ng su\u1ea5t 7 m\u00e9t kh\u1ed1i m\u1ed7i gi\u1edd.<\/p>    <div class=\"wp-block-image\"><figure class=\"aligncenter size-large\"><img loading=\"lazy\" decoding=\"async\" width=\"720\" height=\"339\" src=\"https:\/\/www.agriculture-machine.com\/wp-content\/uploads\/2021\/06\/manure-dehydrator.jpg\" alt=\"m\u00e1y l\u00e0m kh\u00f4 ph\u00e2n\" class=\"wp-image-10687\" srcset=\"https:\/\/www.agriculture-machine.com\/wp-content\/uploads\/2021\/06\/manure-dehydrator.jpg 720w, https:\/\/www.agriculture-machine.com\/wp-content\/uploads\/2021\/06\/manure-dehydrator-360x170.jpg 360w\" sizes=\"auto, (max-width: 720px) 100vw, 720px\" \/><figcaption>m\u00e1y l\u00e0m kh\u00f4 ph\u00e2n<\/figcaption><\/figure><\/div>    <h2 class=\"wp-block-heading\" id=\"h-what-does-a-fecal-dehydrator-include\">M\u00e1y l\u00e0m kh\u00f4 ph\u00e2n c\u00f3 nh\u1eefng g\u00ec?<\/h2>    <p>M\u00e1y l\u00e0m kh\u00f4 ph\u00e2n g\u1ed3m th\u00e2n m\u00e1y, b\u01a1m 4 kW, t\u1ee7 \u0111i\u1ec1u khi\u1ec3n, c\u1eb7p \u0111\u1ed1i tr\u1ecdng, b\u1ed9 h\u00fat, b\u1ed9 x\u1ea3, h\u01b0\u1edbng d\u1eabn s\u1eed d\u1ee5ng v\u00e0 th\u1ebb b\u1ea3o h\u00e0nh.<\/p>    <h2 class=\"wp-block-heading\" id=\"h-technical-parameters\">Th\u00f4ng s\u1ed1 k\u1ef9 thu\u1eadt<\/h2>    <figure class=\"wp-block-table\"><table><tbody><tr><td>M\u1eabu<\/td><td>180<\/td><td>200<\/td><td>300<\/td><\/tr><tr><td>C\u00f4ng su\u1ea5t<\/td><td>220\/380V<\/td><td>380V<\/td><td>380V<\/td><\/tr><tr><td>C\u00f4ng su\u1ea5t m\u00e1y<\/td><td>4kw<\/td><td>5.5kw<\/td><td>C\u00f4ng su\u1ea5t: 7.5kw<\/td><\/tr><tr><td>C\u00f4ng su\u1ea5t b\u01a1m<\/td><td>3kw<\/td><td>3kw<\/td><td>3kw<\/td><\/tr><tr><td>\u0110\u1ea7u v\u00e0o<\/td><td>76mm<\/td><td>76mm<\/td><td>76mm<\/td><\/tr><tr><td>H\u00fat n\u01b0\u1edbc<\/td><td>102mm<\/td><td>102mm<\/td><td>102mm<\/td><\/tr><tr><td>Ch\u1ea5t li\u1ec7u<\/td><td>Th\u00e9p kh\u00f4ng g\u1ec9 304<\/td><td>Th\u00e9p kh\u00f4ng g\u1ec9 304<\/td><td>Th\u00e9p kh\u00f4ng g\u1ec9 304<\/td><\/tr><tr><td>M\u00e1y t\u00e1ch ph\u00e2n<\/td><td>20M3\/h<\/td><td>20M3\/h<\/td><td>25M3\/h<\/td><\/tr><tr><td>Ph\u00e2n kh\u00f4<\/td><td>5M3\/h<\/td><td>7M3\/h<\/td><td>15M3\/h<\/td><\/tr><tr><td>Chi\u1ec1u d\u00e0i c\u1ee7a l\u01b0\u1edbi tr\u1ee5<\/td><td>180*600mm<\/td><td>200*600mm<\/td><td>300*600mm<\/td><\/tr><\/tbody><\/table><\/figure>","protected":false},"excerpt":{"rendered":"<p>Livestock dung dehydrator is also called poultry manure dehydrator. It is used for dehydrating&nbsp;pig dung, cattle dung, rabbits dung, chickens dung, and large and medium-sized livestock farms to treat animal manure.&nbsp;It is also called a solid-liquid separator by some people, which can be used to separate high-concentration slag and liquid in distiller grains, medicine residue, [&hellip;]<\/p>\n","protected":false},"author":1,"featured_media":10682,"parent":0,"comment_status":"closed","ping_status":"closed","template":"","tags":[2611],"product-type":[1],"class_list":["post-10672","product","type-product","status-publish","has-post-thumbnail","hentry","tag-dehydrator","product-type-other"],"_links":{"self":[{"href":"https:\/\/www.agriculture-machine.com\/vi\/wp-json\/wp\/v2\/product\/10672","targetHints":{"allow":["GET"]}}],"collection":[{"href":"https:\/\/www.agriculture-machine.com\/vi\/wp-json\/wp\/v2\/product"}],"about":[{"href":"https:\/\/www.agriculture-machine.com\/vi\/wp-json\/wp\/v2\/types\/product"}],"author":[{"embeddable":true,"href":"https:\/\/www.agriculture-machine.com\/vi\/wp-json\/wp\/v2\/users\/1"}],"replies":[{"embeddable":true,"href":"https:\/\/www.agriculture-machine.com\/vi\/wp-json\/wp\/v2\/comments?post=10672"}],"wp:featuredmedia":[{"embeddable":true,"href":"https:\/\/www.agriculture-machine.com\/vi\/wp-json\/wp\/v2\/media\/10682"}],"wp:attachment":[{"href":"https:\/\/www.agriculture-machine.com\/vi\/wp-json\/wp\/v2\/media?parent=10672"}],"wp:term":[{"taxonomy":"post_tag","embeddable":true,"href":"https:\/\/www.agriculture-machine.com\/vi\/wp-json\/wp\/v2\/tags?post=10672"},{"taxonomy":"product-type","embeddable":true,"href":"https:\/\/www.agriculture-machine.com\/vi\/wp-json\/wp\/v2\/product-type?post=10672"}],"curies":[{"name":"wp","href":"https:\/\/api.w.org\/{rel}","templated":true}]}}