{"id":10692,"date":"2021-06-17T09:08:09","date_gmt":"2021-06-17T01:08:09","guid":{"rendered":"https:\/\/www.agriculture-machine.com\/?p=10692"},"modified":"2024-08-20T17:43:39","modified_gmt":"2024-08-20T09:43:39","slug":"portable-milking-machine-for-cows-goats","status":"publish","type":"product","link":"https:\/\/www.agriculture-machine.com\/vi\/portable-milking-machine-for-cows-goats\/","title":{"rendered":"M\u00e1y v\u1eaft s\u1eefa b\u00f2 | M\u00e1y v\u1eaft s\u1eefa d\u00ea | M\u00e1y v\u1eaft s\u1eefa d\u00ea"},"content":{"rendered":"<p>M\u00e1y v\u1eaft s\u1eefa b\u00f2 c\u00f3 th\u1ec3 d\u00f9ng \u0111\u1ec3 v\u1eaft s\u1eefa b\u00f2, c\u1eebu, v\u00e0 d\u00ea. C\u00e1c m\u00e1y v\u1eaft s\u1eefa c\u1ee7a ch\u00fang t\u00f4i cho d\u00ea v\u00e0 b\u00f2 \u0111\u01b0\u1ee3c chia th\u00e0nh lo\u1ea1i b\u01a1m piston v\u00e0 lo\u1ea1i b\u01a1m ch\u00e2n kh\u00f4ng. T\u1ed1c \u0111\u1ed9 v\u1eaft c\u1ee7a m\u00e1y ch\u00e2n kh\u00f4ng r\u1ea5t nhanh, v\u00e0 s\u1eefa \u0111\u01b0\u1ee3c v\u1eaft ra kh\u00e1 s\u1ea1ch s\u1ebd v\u00e0 v\u1ec7 sinh.<\/p>    <figure class=\"wp-block-image aligncenter size-large\"><img loading=\"lazy\" decoding=\"async\" width=\"720\" height=\"381\" src=\"https:\/\/www.agriculture-machine.com\/wp-content\/uploads\/2021\/06\/milking-machine-for-cow-cattle.jpg\" alt=\"M\u00e1y v\u1eaft s\u1eefa cho b\u00f2\" class=\"wp-image-10707\" srcset=\"https:\/\/www.agriculture-machine.com\/wp-content\/uploads\/2021\/06\/milking-machine-for-cow-cattle.jpg 720w, https:\/\/www.agriculture-machine.com\/wp-content\/uploads\/2021\/06\/milking-machine-for-cow-cattle-360x191.jpg 360w\" sizes=\"auto, (max-width: 720px) 100vw, 720px\" \/><figcaption class=\"wp-element-caption\">M\u00e1y v\u1eaft s\u1eefa cho b\u00f2<\/figcaption><\/figure>    <h2 class=\"wp-block-heading\" id=\"h-types-of-cow-milking-machine\">C\u00e1c lo\u1ea1i m\u00e1y v\u1eaft s\u1eefa b\u00f2<\/h2>    <p>Thi\u1ebft b\u1ecb v\u1eaft s\u1eefa b\u00f2 c\u1ee7a ch\u00fang t\u00f4i c\u00f3 m\u00e1y v\u1eaft s\u1eefa m\u1ed9t \u1ed1ng v\u00e0 m\u00e1y v\u1eaft s\u1eefa d\u00ea hai \u1ed1ng tinh x\u1ea3o. Th\u1ec3 t\u00edch th\u00f9ng s\u1eefa c\u00f3 th\u00f9ng s\u1eefa 25 l\u00edt b\u1eb1ng th\u00e9p kh\u00f4ng g\u1ec9 v\u00e0 th\u00f9ng s\u1eefa trong su\u1ed1t 32 l\u00edt. C\u00f4ng su\u1ea5t c\u00f3 th\u1ec3 trang b\u1ecb \u0111\u1ed9ng c\u01a1 \u0111i\u1ec7n ho\u1eb7c \u0111\u1ed9ng c\u01a1 x\u0103ng, v\u00e0 \u0111i\u1ec7n \u00e1p c\u1ee7a \u0111\u1ed9ng c\u01a1 \u0111i\u1ec7n c\u00f3 th\u1ec3 t\u00f9y ch\u1ec9nh.<\/p>    <figure class=\"wp-block-gallery has-nested-images columns-2 is-cropped wp-block-gallery-2 is-layout-flex wp-block-gallery-is-layout-flex\"> <figure class=\"wp-block-image size-large\"><a href=\"https:\/\/www.agriculture-machine.com\/wp-content\/uploads\/2021\/06\/Gasoline-double-barrel-milking-machine.jpg\"><img loading=\"lazy\" decoding=\"async\" width=\"720\" height=\"540\" data-id=\"10696\" src=\"https:\/\/www.agriculture-machine.com\/wp-content\/uploads\/2021\/06\/Gasoline-double-barrel-milking-machine.jpg\" alt=\"M\u00e1y v\u1eaft s\u1eefa hai \u1ed1ng b\u1eb1ng x\u0103ng\" class=\"wp-image-10696\" srcset=\"https:\/\/www.agriculture-machine.com\/wp-content\/uploads\/2021\/06\/Gasoline-double-barrel-milking-machine.jpg 720w, https:\/\/www.agriculture-machine.com\/wp-content\/uploads\/2021\/06\/Gasoline-double-barrel-milking-machine-360x270.jpg 360w, https:\/\/www.agriculture-machine.com\/wp-content\/uploads\/2021\/06\/Gasoline-double-barrel-milking-machine-240x180.jpg 240w\" sizes=\"auto, (max-width: 720px) 100vw, 720px\" \/><\/a><figcaption class=\"wp-element-caption\">M\u00e1y v\u1eaft s\u1eefa hai \u1ed1ng ch\u1ea1y x\u0103ng<\/figcaption><\/figure>    <figure class=\"wp-block-image size-large\"><a href=\"https:\/\/www.agriculture-machine.com\/wp-content\/uploads\/2021\/06\/Piston-single-barrel-milking-machine.jpg\"><img loading=\"lazy\" decoding=\"async\" width=\"720\" height=\"540\" data-id=\"10697\" src=\"https:\/\/www.agriculture-machine.com\/wp-content\/uploads\/2021\/06\/Piston-single-barrel-milking-machine.jpg\" alt=\"M\u00e1y v\u1eaft s\u1eefa piston m\u1ed9t \u1ed1ng\" class=\"wp-image-10697\" srcset=\"https:\/\/www.agriculture-machine.com\/wp-content\/uploads\/2021\/06\/Piston-single-barrel-milking-machine.jpg 720w, https:\/\/www.agriculture-machine.com\/wp-content\/uploads\/2021\/06\/Piston-single-barrel-milking-machine-360x270.jpg 360w, https:\/\/www.agriculture-machine.com\/wp-content\/uploads\/2021\/06\/Piston-single-barrel-milking-machine-240x180.jpg 240w\" sizes=\"auto, (max-width: 720px) 100vw, 720px\" \/><\/a><figcaption class=\"wp-element-caption\">M\u00e1y v\u1eaft s\u1eefa piston m\u1ed9t \u1ed1ng<\/figcaption><\/figure>    <figure class=\"wp-block-image size-large\"><a href=\"https:\/\/www.agriculture-machine.com\/wp-content\/uploads\/2021\/06\/Vacuum-double-barrel-milking-machine.jpg\"><img loading=\"lazy\" decoding=\"async\" width=\"720\" height=\"540\" data-id=\"10698\" src=\"https:\/\/www.agriculture-machine.com\/wp-content\/uploads\/2021\/06\/Vacuum-double-barrel-milking-machine.jpg\" alt=\"M\u00e1y v\u1eaft s\u1eefa ch\u00e2n kh\u00f4ng hai \u1ed1ng\" class=\"wp-image-10698\" srcset=\"https:\/\/www.agriculture-machine.com\/wp-content\/uploads\/2021\/06\/Vacuum-double-barrel-milking-machine.jpg 720w, https:\/\/www.agriculture-machine.com\/wp-content\/uploads\/2021\/06\/Vacuum-double-barrel-milking-machine-360x270.jpg 360w, https:\/\/www.agriculture-machine.com\/wp-content\/uploads\/2021\/06\/Vacuum-double-barrel-milking-machine-240x180.jpg 240w\" sizes=\"auto, (max-width: 720px) 100vw, 720px\" \/><\/a><figcaption class=\"wp-element-caption\">M\u00e1y v\u1eaft s\u1eefa ch\u00e2n kh\u00f4ng hai \u1ed1ng<\/figcaption><\/figure>    <figure class=\"wp-block-image size-large\"><a href=\"https:\/\/www.agriculture-machine.com\/wp-content\/uploads\/2021\/06\/Vacuum-single-barrel-milking-machine.jpg\"><img loading=\"lazy\" decoding=\"async\" width=\"720\" height=\"540\" data-id=\"10699\" src=\"https:\/\/www.agriculture-machine.com\/wp-content\/uploads\/2021\/06\/Vacuum-single-barrel-milking-machine.jpg\" alt=\"M\u00e1y v\u1eaft s\u1eefa ch\u00e2n kh\u00f4ng m\u1ed9t \u1ed1ng\" class=\"wp-image-10699\" srcset=\"https:\/\/www.agriculture-machine.com\/wp-content\/uploads\/2021\/06\/Vacuum-single-barrel-milking-machine.jpg 720w, https:\/\/www.agriculture-machine.com\/wp-content\/uploads\/2021\/06\/Vacuum-single-barrel-milking-machine-360x270.jpg 360w, https:\/\/www.agriculture-machine.com\/wp-content\/uploads\/2021\/06\/Vacuum-single-barrel-milking-machine-240x180.jpg 240w\" sizes=\"auto, (max-width: 720px) 100vw, 720px\" \/><\/a><figcaption class=\"wp-element-caption\">M\u00e1y v\u1eaft s\u1eefa ch\u00e2n kh\u00f4ng m\u1ed9t \u1ed1ng<\/figcaption><\/figure> <\/figure>    <h2 class=\"wp-block-heading\" id=\"h-piston-pump-type-milking-machine-structure\">C\u1ea5u tr\u00fac m\u00e1y v\u1eaft s\u1eefa piston ki\u1ec3u b\u01a1m piston<\/h2>    <p>Thi\u1ebft b\u1ecb v\u1eaft s\u1eefa di \u0111\u1ed9ng c\u1ee7a ch\u00fang t\u00f4i cho b\u00f2 ch\u1ee7 y\u1ebfu g\u1ed3m khung h\u1ed7 tr\u1ee3, th\u00f9ng s\u1eefa, nh\u00f3m c\u1ed1c v\u1eaft s\u1eefa, van \u0111i\u1ec1u ch\u1ec9nh, b\u1ed9 thu s\u1eefa, \u0111\u01b0\u1eddng \u1ed1ng, \u0111\u1ed3ng h\u1ed3 ch\u00e2n kh\u00f4ng, b\u01a1m piston, thi\u1ebft b\u1ecb truy\u1ec1n \u0111\u1ed9ng, \u0111\u1ed9ng c\u01a1 v\u00e0 \u0111\u00e8n l\u00e0m vi\u1ec7c.<\/p>    <figure class=\"wp-block-image aligncenter size-large\"><img loading=\"lazy\" decoding=\"async\" width=\"720\" height=\"540\" src=\"https:\/\/www.agriculture-machine.com\/wp-content\/uploads\/2021\/06\/Piston-pump-type-milking-machine-structure.jpg\" alt=\"thi\u1ebft b\u1ecb v\u1eaft s\u1eefa\" class=\"wp-image-10694\" srcset=\"https:\/\/www.agriculture-machine.com\/wp-content\/uploads\/2021\/06\/Piston-pump-type-milking-machine-structure.jpg 720w, https:\/\/www.agriculture-machine.com\/wp-content\/uploads\/2021\/06\/Piston-pump-type-milking-machine-structure-360x270.jpg 360w, https:\/\/www.agriculture-machine.com\/wp-content\/uploads\/2021\/06\/Piston-pump-type-milking-machine-structure-240x180.jpg 240w\" sizes=\"auto, (max-width: 720px) 100vw, 720px\" \/><figcaption class=\"wp-element-caption\">thi\u1ebft b\u1ecb v\u1eaft s\u1eefa<\/figcaption><\/figure>    <h3 class=\"wp-block-heading\" id=\"h-technical-parameters\">Th\u00f4ng s\u1ed1 k\u1ef9 thu\u1eadt c\u1ee7a m\u00e1y v\u1eaft s\u1eefa b\u00f2<\/h3>    <figure class=\"wp-block-table is-style-stripes\"><table><tbody><tr><td>M\u1eabu<\/td><td>HL-JN01<\/td><td>HL-JN02<\/td><\/tr><tr><td>Ch\u00e2n kh\u00f4ng<\/td><td>50 kPa<\/td><td>50 kPa<\/td><\/tr><tr><td>B\u01a1m ch\u00e2n kh\u00f4ng<\/td><td>250L\/ph\u00fat<\/td><td>250L\/ph\u00fat<\/td><\/tr><tr><td>\u0110i\u1ec7n \u00e1p<\/td><td>220v\/50Hz (\u0110\u1ed9ng c\u01a1 c\u00f3 th\u1ec3 t\u00f9y ch\u1ec9nh)<\/td><td>220\/50Hz (\u0110\u1ed9ng c\u01a1 c\u00f3 th\u1ec3 t\u00f9y ch\u1ec9nh)<\/td><\/tr><tr><td>C\u00f4ng su\u1ea5t<\/td><td>0.75KW<\/td><td>1.1kw<\/td><\/tr><tr><td>Th\u00f9ng v\u1eaft s\u1eefa b\u1eb1ng th\u00e9p kh\u00f4ng g\u1ec9<\/td><td>25L (th\u00f9ng s\u1eefa trong su\u1ed1t)<\/td><td>25L (th\u00f9ng s\u1eefa trong su\u1ed1t)<\/td><\/tr><tr><td>Dung t\u00edch<\/td><td>10-12 con b\u00f2\/gi\u1edd<\/td><td>20-24 con b\u00f2\/gi\u1edd<\/td><\/tr><tr><td>Th\u1eddi gian v\u1eaft s\u1eefa<\/td><td>5-6 ph\u00fat\/m\u1ed9t con b\u00f2<\/td><td>5-6 ph\u00fat\/m\u1ed9t con b\u00f2<\/td><\/tr><tr><td>T\u1ea7n s\u1ed1 xung<\/td><td>60:40<\/td><td>60:40<\/td><\/tr><tr><td>Ph\u00f9 h\u1ee3p<\/td><td>B\u00f2, d\u00ea (c\u00f3 th\u1ec3 thay th\u1ebf c\u1ed1c v\u1eaft s\u1eefa)<\/td><td>B\u00f2, d\u00ea (c\u00f3 th\u1ec3 thay th\u1ebf c\u1ed1c v\u1eaft s\u1eefa)<\/td><\/tr><tr><td>Tr\u1ecdng l\u01b0\u1ee3ng m\u00e1y<\/td><td>90kg<\/td><td>100kg<\/td><\/tr><tr><td>K\u00edch th\u01b0\u1edbc \u0111\u00f3ng g\u00f3i (D\u00e0i x R\u1ed9ng x Cao)<\/td><td>800*650*980mm<\/td><td>800x720x980mm<\/td><\/tr><\/tbody><\/table><figcaption class=\"wp-element-caption\">Th\u00f4ng s\u1ed1 k\u1ef9 thu\u1eadt c\u1ee7a m\u00e1y v\u1eaft s\u1eefa b\u00f2<\/figcaption><\/figure>    <h2 class=\"wp-block-heading\" id=\"h-composition-of-vacuum-cow-milking-machine\">Th\u00e0nh ph\u1ea7n c\u1ee7a m\u00e1y v\u1eaft s\u1eefa b\u00f2 ch\u00e2n kh\u00f4ng<\/h2>    <p>B\u1ed9 \u0111i\u1ec1u ch\u1ec9nh \u00e1p su\u1ea5t c\u1ee7a khung h\u1ed7 tr\u1ee3 m\u00e1y v\u1eaft s\u1eefa b\u00f2 ch\u00e2n kh\u00f4ng, c\u00f3 van \u0111i\u1ec1u ch\u1ec9nh \u00e1p su\u1ea5t, b\u00ecnh s\u1eefa, b\u1ed9 gi\u1ea3m ti\u1ebfng \u1ed3n, pulsator, b\u1ed9 thu s\u1eefa, \u0111\u1ed3ng h\u1ed3 ch\u00e2n kh\u00f4ng, \u1ed1ng kh\u00ed, l\u00f2ng v\u1eaft s\u1eefa, \u1ed1ng s\u1eefa, v\u00e0 b\u01a1m ch\u00e2n kh\u00f4ng.<\/p>    <figure class=\"wp-block-image aligncenter size-large\"><img loading=\"lazy\" decoding=\"async\" width=\"720\" height=\"540\" src=\"https:\/\/www.agriculture-machine.com\/wp-content\/uploads\/2021\/06\/vacuum-milking-machine.jpg\" alt=\"m\u00e1y v\u1eaft s\u1eefa ch\u00e2n kh\u00f4ng\" class=\"wp-image-10695\" srcset=\"https:\/\/www.agriculture-machine.com\/wp-content\/uploads\/2021\/06\/vacuum-milking-machine.jpg 720w, https:\/\/www.agriculture-machine.com\/wp-content\/uploads\/2021\/06\/vacuum-milking-machine-360x270.jpg 360w, https:\/\/www.agriculture-machine.com\/wp-content\/uploads\/2021\/06\/vacuum-milking-machine-240x180.jpg 240w\" sizes=\"auto, (max-width: 720px) 100vw, 720px\" \/><figcaption class=\"wp-element-caption\">m\u00e1y v\u1eaft s\u1eefa ch\u00e2n kh\u00f4ng <\/figcaption><\/figure>    <p>M\u00e1y b\u01a1m ch\u00e2n kh\u00f4ng n\u00e0y cho thi\u1ebft b\u1ecb v\u1eaft s\u1eefa d\u00ea s\u1eed d\u1ee5ng b\u01a1m ch\u00e2n kh\u00f4ng quay vane, truy\u1ec1n tr\u1ef1c ti\u1ebfp, c\u1ea5u tr\u00fac nh\u1ecf g\u1ecdn h\u1ee3p l\u00fd, c\u00f3 thi\u1ebft b\u1ecb b\u00f4i tr\u01a1n t\u1ef1 \u0111\u1ed9ng \u0111\u1ec3 \u0111\u1ea3m b\u1ea3o ho\u1ea1t \u0111\u1ed9ng kh\u00f4ng g\u1eb7p s\u1ef1 c\u1ed1.<\/p>    <h3 class=\"wp-block-heading\" id=\"h-technical-parameters-1\">Th\u00f4ng s\u1ed1 k\u1ef9 thu\u1eadt<\/h3>    <figure class=\"wp-block-table is-style-stripes\"><table><tbody><tr><td>M\u1eabu<\/td><td>HL-JN04<\/td><td>HL-JN05<\/td><\/tr><tr><td>T\u00ean<\/td><td>M\u00e1y v\u1eaft s\u1eefa piston \u0111\u01a1n \u1ed1ng<\/td><td>M\u00e1y v\u1eaft s\u1eefa piston hai \u1ed1ng<\/td><\/tr><tr><td>Ch\u00e2n kh\u00f4ng<\/td><td>50 kPa<\/td><td>50 kPa<\/td><\/tr><tr><td>B\u01a1m ch\u00e2n kh\u00f4ng<\/td><td>250L\/ph\u00fat<\/td><td>250L\/ph\u00fat<\/td><\/tr><tr><td>\u0110i\u1ec7n \u00e1p<\/td><td>220v\/50Hz (\u0110\u1ed9ng c\u01a1 c\u00f3 th\u1ec3 t\u00f9y ch\u1ec9nh)<\/td><td>220\/50Hz (\u0110\u1ed9ng c\u01a1 c\u00f3 th\u1ec3 t\u00f9y ch\u1ec9nh)<\/td><\/tr><tr><td>C\u00f4ng su\u1ea5t<\/td><td>0.55KW<\/td><td>0.75KW<\/td><\/tr><tr><td>Th\u00f9ng v\u1eaft s\u1eefa b\u1eb1ng th\u00e9p kh\u00f4ng g\u1ec9<\/td><td>25L (th\u00f9ng s\u1eefa trong su\u1ed1t)<\/td><td>25L (th\u00f9ng s\u1eefa trong su\u1ed1t)<\/td><\/tr><tr><td>Dung t\u00edch<\/td><td>10-12 con b\u00f2\/gi\u1edd<\/td><td>20-24 con b\u00f2\/gi\u1edd<\/td><\/tr><tr><td>Th\u1eddi gian v\u1eaft s\u1eefa<\/td><td>5-6 ph\u00fat\/m\u1ed9t con b\u00f2<\/td><td>5-6 ph\u00fat\/m\u1ed9t con b\u00f2<\/td><\/tr><tr><td>T\u1ea7n s\u1ed1 xung<\/td><td>60:40<\/td><td>60:40<\/td><\/tr><tr><td>Ph\u00f9 h\u1ee3p<\/td><td>B\u00f2, d\u00ea (c\u00f3 th\u1ec3 thay th\u1ebf c\u1ed1c v\u1eaft s\u1eefa)<\/td><td>B\u00f2, d\u00ea (c\u00f3 th\u1ec3 thay th\u1ebf c\u1ed1c v\u1eaft s\u1eefa)<\/td><\/tr><tr><td>Tr\u1ecdng l\u01b0\u1ee3ng m\u00e1y<\/td><td>68kg<\/td><td>98kg<\/td><\/tr><tr><td>K\u00edch th\u01b0\u1edbc \u0111\u00f3ng g\u00f3i (D\u00e0i x R\u1ed9ng x Cao)<\/td><td>800x620x1000mm<\/td><td>800x650x1000mm<\/td><\/tr><\/tbody><\/table><figcaption class=\"wp-element-caption\">Th\u00f4ng tin chi ti\u1ebft v\u1ec1 m\u00e1y v\u1eaft s\u1eefa b\u00f2<\/figcaption><\/figure>    <p>M\u1ed9t b\u00ecnh ch\u00e2n kh\u00f4ng b\u1eb1ng th\u00e9p kh\u00f4ng g\u1ec9 \u0111\u01b0\u1ee3c s\u1eed d\u1ee5ng, v\u00e0 s\u1eefa d\u00ea \u0111\u01b0\u1ee3c b\u01a1m v\u00e0o b\u00ecnh ch\u00e2n kh\u00f4ng qua \u1ed1ng cao su. B\u00ecnh ch\u00e2n kh\u00f4ng \u0111\u01b0\u1ee3c trang b\u1ecb b\u1ed9 \u0111i\u1ec1u ch\u1ec9nh ch\u00e2n kh\u00f4ng v\u00e0 b\u1ed9 pulsator. Th\u00f9ng s\u1eefa l\u00e0m b\u1eb1ng th\u00e9p kh\u00f4ng g\u1ec9 v\u00e0 \u0111\u01b0\u1ee3c trang b\u1ecb v\u00f2ng \u0111\u1ec7m cao su \u0111\u1ec3 t\u1ea1o th\u00e0nh b\u00ecnh k\u00edn khi ho\u1ea1t \u0111\u1ed9ng. <\/p>    <p>C\u1ed1c v\u1eaft s\u1eefa \u0111\u01b0\u1ee3c l\u1eafp r\u00e1p v\u1edbi c\u00f4ng t\u1eafc t\u1ef1 \u0111\u1ed9ng, l\u00e0 bi\u1ec7n ph\u00e1p quan tr\u1ecdng \u0111\u1ec3 b\u1ea3o v\u1ec7 v\u00fa, v\u00e0 \u0111\u01b0\u1ee3c trang b\u1ecb van d\u1eebng h\u00fat. S\u1eed d\u1ee5ng pulsator nh\u1eadp kh\u1ea9u, d\u1ea1ng s\u00f3ng pulsation c\u1ef1c k\u1ef3 \u1ed5n \u0111\u1ecbnh v\u00e0 \u0111\u00e1ng tin c\u1eady.<\/p>    <h2 class=\"wp-block-heading\" id=\"h-working-of-cow-milking-machine\">Ho\u1ea1t \u0111\u1ed9ng c\u1ee7a m\u00e1y v\u1eaft s\u1eefa b\u00f2<\/h2>    <p>Ki\u1ec3m tra \u00e1p l\u1ef1c v\u1eaft s\u1eefa v\u00e0 ch\u1ea1y m\u00e1y trong 2-3 ph\u00fat sau khi kh\u1edfi \u0111\u1ed9ng. Kh\u00f4ng c\u00f3 ti\u1ebfng k\u00eau k\u1eb9t ho\u1eb7c b\u1ea5t th\u01b0\u1eddng trong t\u1ea5t c\u1ea3 c\u00e1c b\u1ed9 ph\u1eadn chuy\u1ec3n \u0111\u1ed9ng. Sau \u0111\u00f3 l\u1eadt ng\u01b0\u1ee3c nh\u00f3m c\u1ed1c v\u1eaft s\u1eefa (t\u1ee9c l\u00e0 c\u00e1c c\u1ed5ng k\u1ebft n\u1ed1i c\u1ee7a b\u1ed9 thu s\u1eefa h\u01b0\u1edbng l\u00ean tr\u00ean v\u00e0 mi\u1ec7ng c\u1ed1c v\u1eaft s\u1eefa h\u01b0\u1edbng xu\u1ed1ng), v\u00e0 kim \u0111\u1ed3ng h\u1ed3 ch\u00e2n kh\u00f4ng n\u00ean \u0111\u1ea1t 0.04-0.045 Mpa. <\/p>    <p>Khi ch\u00e2n kh\u00f4ng qu\u00e1 cao ho\u1eb7c qu\u00e1 th\u1ea5p, \u0111i\u1ec1u ch\u1ec9nh van \u0111i\u1ec1u ch\u1ec9nh (xoay theo chi\u1ec1u kim \u0111\u1ed3ng h\u1ed3) \u0111\u1ec3 t\u0103ng m\u1ee9c ch\u00e2n kh\u00f4ng, ho\u1eb7c xoay ng\u01b0\u1ee3c chi\u1ec1u kim \u0111\u1ed3ng h\u1ed3 \u0111\u1ec3 gi\u1ea3m m\u1ee9c ch\u00e2n kh\u00f4ng) \u0111\u1ec3 \u0111\u1ea1t \u0111\u01b0\u1ee3c \u00e1p l\u1ef1c v\u1eaft s\u1eefa y\u00eau c\u1ea7u tr\u01b0\u1edbc khi b\u1eaft \u0111\u1ea7u v\u1eaft s\u1eefa. \u0110i\u1ec1u n\u00e0y r\u1ea5t quan tr\u1ecdng khi c\u00e1c th\u00e0nh ph\u1ea7n v\u1eaft s\u1eefa ho\u1ea1t \u0111\u1ed9ng.<\/p>    <h3 class=\"wp-block-heading\" id=\"h-installation-of-milk-cup\">L\u1eafp \u0111\u1eb7t c\u1ed1c v\u1eaft s\u1eefa<\/h3>    <p>Ng\u01b0\u1eddi v\u1eaft s\u1eefa n\u00ean \u0111\u1ee9ng b\u00ean c\u1ea1nh b\u00f2 v\u1edbi b\u1ed9 c\u1ed1c v\u1eaft s\u1eefa \u00fap ng\u01b0\u1ee3c trong tay tr\u00e1i (c\u00e1c \u1ed1ng k\u1ebft n\u1ed1i c\u1ee7a b\u1ed9 thu s\u1eefa h\u01b0\u1edbng l\u00ean tr\u00ean, v\u00e0 c\u00e1c c\u1ed1c v\u00fa h\u01b0\u1edbng xu\u1ed1ng), v\u00e0 \u0111\u1eb7t ch\u00fang d\u01b0\u1edbi n\u00fam v\u00fa. G\u1ea5p c\u00e1c \u1ed1ng ng\u1eafn theo t\u1eebng c\u00e1i sao cho kh\u00f4ng kh\u00ed kh\u00f4ng th\u1ec3 v\u00e0o), nhanh ch\u00f3ng \u0111\u1eb7t ch\u00fang l\u00ean n\u00fam v\u00fa, k\u00e9o d\u00e0i c\u00e1c \u1ed1ng ng\u1eafn, v\u00e0 ch\u00e2n kh\u00f4ng s\u1ebd b\u1eaft \u0111\u1ea7u h\u00fat n\u00fam v\u00fa.<\/p>    <h3 class=\"wp-block-heading\" id=\"h-milk-flow-control\">\u0110i\u1ec1u ch\u1ec9nh d\u00f2ng ch\u1ea3y s\u1eefa<\/h3>    <p>V\u1eaft s\u1eefa n\u00ean \u0111\u01b0\u1ee3c th\u1ef1c hi\u1ec7n d\u01b0\u1edbi ch\u00e2n kh\u00f4ng ho\u1ea1t \u0111\u1ed9ng b\u00ecnh th\u01b0\u1eddng (th\u01b0\u1eddng kh\u00f4ng qu\u00e1 0.05Mpa). Khi d\u00f2ng s\u1eefa th\u1ea5p, c\u00f3 th\u1ec3 massage v\u00fa b\u1eb1ng tay. Khi d\u00f2ng s\u1eefa d\u1eebng l\u1ea1i, b\u1ed9 thu s\u1eefa n\u00ean \u0111\u01b0\u1ee3c \u1ea5n b\u1eb1ng tay trong 5-10 gi\u00e2y \u0111\u1ec3 ti\u1ebfp t\u1ee5c v\u1eaft s\u1eefa. <\/p>    <p>Sau \u0111\u00f3 gi\u1eef b\u1ed9 thu v\u00fa b\u1eb1ng m\u1ed9t tay, v\u00e0 \u1ea5n m\u1edf c\u1ee7a c\u1ed1c v\u00fa tr\u00ean v\u00fa b\u1eb1ng tay c\u00f2n l\u1ea1i \u0111\u1ec3 cho kh\u00f4ng kh\u00ed v\u00e0o v\u00e0 nhanh ch\u00f3ng di chuy\u1ec3n c\u00e1c c\u1ed1c v\u00fa t\u1eebng c\u00e1i m\u1ed9t t\u1eeb c\u00e1c h\u01b0\u1edbng kh\u00e1c nhau.<\/p>    <h3 class=\"wp-block-heading\" id=\"h-other-conditions\">\u0110i\u1ec1u ki\u1ec7n kh\u00e1c<\/h3>    <p>B\u00f2 v\u00e0 c\u1eebu ch\u01b0a t\u1eebng s\u1eed d\u1ee5ng m\u00e1y v\u1eaft s\u1eefa c\u00f3 th\u1ec3 c\u00f3 s\u1ea3n l\u01b0\u1ee3ng s\u1eefa th\u1ea5p h\u01a1n trong v\u00e0i ng\u00e0y \u0111\u1ea7u, ho\u1eb7c th\u1eadm ch\u00ed t\u1ee5t c\u1ed1c v\u1eaft s\u1eefa. Kh\u00f4ng bao gi\u1edd s\u1eed d\u1ee5ng v\u1eaft s\u1eefa th\u1ee7 c\u00f4ng v\u00e0o th\u1eddi \u0111i\u1ec3m n\u00e0y, n\u1ebfu kh\u00f4ng s\u1ebd kh\u00f3 \u0111\u1ec3 b\u00f2 v\u00e0 c\u1eebu ch\u1ea5p nh\u1eadn v\u1eaft s\u1eefa b\u1eb1ng m\u00e1y m\u00f3c. <\/p>    <p>\u0110\u1eb7t m\u00e1y v\u1eaft s\u1eefa trong chu\u1ed3ng b\u00f2 v\u00e0i ng\u00e0y tr\u01b0\u1edbc l\u1ea7n s\u1eed d\u1ee5ng \u0111\u1ea7u ti\u00ean, \u0111\u1ec3 ch\u00fang l\u00e0m quen v\u1edbi ti\u1ebfng \u1ed3n c\u1ee7a m\u00e1y v\u00e0 c\u00e1c v\u1eadt tr\u00ean m\u00e1y v\u1eaft s\u1eefa b\u00f2, kho\u1ea3ng 2-4 ng\u00e0y. B\u00f2 s\u1ebd d\u1ea7n quen v\u1edbi m\u00e1y v\u1eaft s\u1eefa v\u00e0 s\u1ea3n l\u01b0\u1ee3ng s\u1eefa s\u1ebd tr\u1edf l\u1ea1i b\u00ecnh th\u01b0\u1eddng.<\/p>    <h2 class=\"wp-block-heading\" id=\"h-advantages-of-vacuum-pump-milking-machine\">\u01afu \u0111i\u1ec3m c\u1ee7a m\u00e1y v\u1eaft s\u1eefa b\u1eb1ng b\u01a1m ch\u00e2n kh\u00f4ng<\/h2>    <ul class=\"wp-block-list\"> <li>Ti\u1ebfng \u1ed3n th\u1ea5p, c\u1ea5u tr\u00fac \u0111\u01a1n gi\u1ea3n, v\u1eadn h\u00e0nh linh ho\u1ea1t v\u00e0 ti\u1ec7n l\u1ee3i, ho\u1ea1t \u0111\u1ed9ng \u1ed5n \u0111\u1ecbnh, hi\u1ec7u qu\u1ea3 v\u1eaft s\u1eefa cao, v\u1eaft s\u1eefa lu\u00e2n phi\u00ean.<\/li>    <li>Trang b\u1ecb pulsator, v\u1eaft s\u1eefa nh\u1eb9 nh\u00e0ng, kh\u00f4ng l\u00e0m t\u1ed5n th\u01b0\u01a1ng n\u00fai v\u00fa, v\u00e0 gi\u00fap t\u0103ng s\u1ea3n l\u01b0\u1ee3ng s\u1eefa c\u1ee7a d\u00ea s\u1eefa.<\/li>    <li>Thi\u1ebft b\u1ecb v\u1eaft s\u1eefa d\u00ea di \u0111\u1ed9ng c\u00f3 ch\u00e2n kh\u00f4ng c\u00f3 hi\u1ec7u su\u1ea5t \u1ed5n \u0111\u1ecbnh, b\u00ecnh ch\u1ee9a ch\u00e2n kh\u00f4ng l\u1edbn, ti\u1ebfng \u1ed3n th\u1ea5p, v\u00e0 v\u1eadn h\u00e0nh \u0111\u01a1n gi\u1ea3n.<\/li>    <li>M\u00e1y v\u1eaft s\u1eefa ho\u1ea1t \u0111\u1ed9ng \u1edf tr\u1ea1ng th\u00e1i n\u1eb1m ngang v\u00e0 \u0111\u01b0\u1ee3c \u0111\u1ea9y sang b\u00ean c\u1ea1nh c\u1ee7a d\u00ea \u0111\u1ec3 v\u1eaft s\u1eefa. N\u00f3 c\u0169ng c\u00f3 th\u1ec3 \u0111\u01b0\u1ee3c k\u1ebft n\u1ed1i l\u00e0m ngu\u1ed3n ch\u00e2n kh\u00f4ng cho h\u1ec7 th\u1ed1ng \u1ed1ng d\u1eabn s\u1eefa.<\/li> <\/ul>    <h2 class=\"wp-block-heading\" id=\"h-packing-and-shipping\">\u0110\u00f3ng g\u00f3i v\u00e0 v\u1eadn chuy\u1ec3n<\/h2>    <p>Sau khi kh\u00e1ch h\u00e0ng \u0111\u1eb7t h\u00e0ng, ch\u00fang t\u00f4i s\u1ebd v\u1eadn chuy\u1ec3n ngay l\u1eadp t\u1ee9c, v\u00ec c\u00e1c lo\u1ea1i m\u00e1y v\u1eaft s\u1eefa b\u00f2 c\u1ee7a ch\u00fang t\u00f4i \u0111\u1ec1u c\u00f3 s\u1eb5n trong kho. Ch\u00fang t\u00f4i \u0111\u00f3ng g\u00f3i b\u1eb1ng h\u1ed9p g\u1ed7, v\u00ec v\u1eady nhi\u1ec1u m\u00e1y xu\u1ea5t kh\u1ea9u \u0111\u00e3 nh\u1eadn \u0111\u01b0\u1ee3c s\u1ef1 khen ng\u1ee3i \u0111\u1ed3ng thu\u1eadn t\u1eeb kh\u00e1ch h\u00e0ng. V\u00ec kh\u00e1ch h\u00e0ng nh\u1eadn \u0111\u01b0\u1ee3c m\u00e1y trong t\u00ecnh tr\u1ea1ng t\u1ed1t.<\/p>    <figure class=\"wp-block-gallery has-nested-images columns-2 is-cropped wp-block-gallery-3 is-layout-flex wp-block-gallery-is-layout-flex\"> <figure class=\"wp-block-image size-large\"><a href=\"https:\/\/www.agriculture-machine.com\/wp-content\/uploads\/2021\/06\/milking-machine-in-stock-.jpg\"><img loading=\"lazy\" decoding=\"async\" width=\"720\" height=\"540\" data-id=\"10708\" src=\"https:\/\/www.agriculture-machine.com\/wp-content\/uploads\/2021\/06\/milking-machine-in-stock-.jpg\" alt=\"m\u00e1y v\u1eaft s\u1eefa c\u00f3 s\u1eb5n trong kho\" class=\"wp-image-10708\" srcset=\"https:\/\/www.agriculture-machine.com\/wp-content\/uploads\/2021\/06\/milking-machine-in-stock-.jpg 720w, https:\/\/www.agriculture-machine.com\/wp-content\/uploads\/2021\/06\/milking-machine-in-stock--360x270.jpg 360w, https:\/\/www.agriculture-machine.com\/wp-content\/uploads\/2021\/06\/milking-machine-in-stock--240x180.jpg 240w\" sizes=\"auto, (max-width: 720px) 100vw, 720px\" \/><\/a><figcaption class=\"wp-element-caption\">m\u00e1y v\u1eaft s\u1eefa c\u00f3 s\u1eb5n trong kho<\/figcaption><\/figure>    <figure class=\"wp-block-image size-large\"><a href=\"https:\/\/www.agriculture-machine.com\/wp-content\/uploads\/2021\/06\/Milking-machine-in-stock.jpg\"><img loading=\"lazy\" decoding=\"async\" width=\"720\" height=\"540\" data-id=\"10709\" src=\"https:\/\/www.agriculture-machine.com\/wp-content\/uploads\/2021\/06\/Milking-machine-in-stock.jpg\" alt=\"M\u00e1y v\u1eaft s\u1eefa c\u00f3 s\u1eb5n trong kho\" class=\"wp-image-10709\" srcset=\"https:\/\/www.agriculture-machine.com\/wp-content\/uploads\/2021\/06\/Milking-machine-in-stock.jpg 720w, https:\/\/www.agriculture-machine.com\/wp-content\/uploads\/2021\/06\/Milking-machine-in-stock-360x270.jpg 360w, https:\/\/www.agriculture-machine.com\/wp-content\/uploads\/2021\/06\/Milking-machine-in-stock-240x180.jpg 240w\" sizes=\"auto, (max-width: 720px) 100vw, 720px\" \/><\/a><figcaption class=\"wp-element-caption\">M\u00e1y v\u1eaft s\u1eefa c\u00f3 s\u1eb5n trong kho<\/figcaption><\/figure>    <figure class=\"wp-block-image size-large\"><a href=\"https:\/\/www.agriculture-machine.com\/wp-content\/uploads\/2021\/06\/packing-of-cow-milking-machine.jpg\"><img loading=\"lazy\" decoding=\"async\" width=\"720\" height=\"540\" data-id=\"10710\" src=\"https:\/\/www.agriculture-machine.com\/wp-content\/uploads\/2021\/06\/packing-of-cow-milking-machine.jpg\" alt=\"\u0111\u00f3ng g\u00f3i m\u00e1y v\u1eaft s\u1eefa b\u00f2\" class=\"wp-image-10710\" srcset=\"https:\/\/www.agriculture-machine.com\/wp-content\/uploads\/2021\/06\/packing-of-cow-milking-machine.jpg 720w, https:\/\/www.agriculture-machine.com\/wp-content\/uploads\/2021\/06\/packing-of-cow-milking-machine-360x270.jpg 360w, https:\/\/www.agriculture-machine.com\/wp-content\/uploads\/2021\/06\/packing-of-cow-milking-machine-240x180.jpg 240w\" sizes=\"auto, (max-width: 720px) 100vw, 720px\" \/><\/a><figcaption class=\"wp-element-caption\">\u0111\u00f3ng g\u00f3i m\u00e1y v\u1eaft s\u1eefa b\u00f2<\/figcaption><\/figure>    <figure class=\"wp-block-image size-large\"><a href=\"https:\/\/www.agriculture-machine.com\/wp-content\/uploads\/2021\/06\/shipping-of-goat-milking-machine.jpg\"><img loading=\"lazy\" decoding=\"async\" width=\"720\" height=\"540\" data-id=\"10711\" src=\"https:\/\/www.agriculture-machine.com\/wp-content\/uploads\/2021\/06\/shipping-of-goat-milking-machine.jpg\" alt=\"V\u1eadn chuy\u1ec3n m\u00e1y v\u1eaft s\u1eefa d\u00ea\" class=\"wp-image-10711\" srcset=\"https:\/\/www.agriculture-machine.com\/wp-content\/uploads\/2021\/06\/shipping-of-goat-milking-machine.jpg 720w, https:\/\/www.agriculture-machine.com\/wp-content\/uploads\/2021\/06\/shipping-of-goat-milking-machine-360x270.jpg 360w, https:\/\/www.agriculture-machine.com\/wp-content\/uploads\/2021\/06\/shipping-of-goat-milking-machine-240x180.jpg 240w\" sizes=\"auto, (max-width: 720px) 100vw, 720px\" \/><\/a><figcaption class=\"wp-element-caption\">V\u1eadn chuy\u1ec3n m\u00e1y v\u1eaft s\u1eefa d\u00ea<\/figcaption><\/figure> <\/figure>","protected":false},"excerpt":{"rendered":"<p>B\u00e0i vi\u1ebft n\u00e0y gi\u1edbi thi\u1ec7u c\u00e1c lo\u1ea1i m\u00e1y v\u1eaft s\u1eefa b\u00f2. Ch\u00fang t\u00f4i c\u00f3 m\u00e1y v\u1eaft s\u1eefa piston, m\u00e1y v\u1eaft s\u1eefa ch\u00e2n kh\u00f4ng. Ph\u00f9 h\u1ee3p cho d\u00ea, b\u00f2, v.v.<\/p>","protected":false},"author":1,"featured_media":10704,"parent":0,"comment_status":"closed","ping_status":"closed","template":"","tags":[947,946],"product-type":[1],"class_list":["post-10692","product","type-product","status-publish","has-post-thumbnail","hentry","tag-cow","tag-goat","product-type-other"],"_links":{"self":[{"href":"https:\/\/www.agriculture-machine.com\/vi\/wp-json\/wp\/v2\/product\/10692","targetHints":{"allow":["GET"]}}],"collection":[{"href":"https:\/\/www.agriculture-machine.com\/vi\/wp-json\/wp\/v2\/product"}],"about":[{"href":"https:\/\/www.agriculture-machine.com\/vi\/wp-json\/wp\/v2\/types\/product"}],"author":[{"embeddable":true,"href":"https:\/\/www.agriculture-machine.com\/vi\/wp-json\/wp\/v2\/users\/1"}],"replies":[{"embeddable":true,"href":"https:\/\/www.agriculture-machine.com\/vi\/wp-json\/wp\/v2\/comments?post=10692"}],"wp:featuredmedia":[{"embeddable":true,"href":"https:\/\/www.agriculture-machine.com\/vi\/wp-json\/wp\/v2\/media\/10704"}],"wp:attachment":[{"href":"https:\/\/www.agriculture-machine.com\/vi\/wp-json\/wp\/v2\/media?parent=10692"}],"wp:term":[{"taxonomy":"post_tag","embeddable":true,"href":"https:\/\/www.agriculture-machine.com\/vi\/wp-json\/wp\/v2\/tags?post=10692"},{"taxonomy":"product-type","embeddable":true,"href":"https:\/\/www.agriculture-machine.com\/vi\/wp-json\/wp\/v2\/product-type?post=10692"}],"curies":[{"name":"wp","href":"https:\/\/api.w.org\/{rel}","templated":true}]}}