{"id":10764,"date":"2021-06-21T16:13:31","date_gmt":"2021-06-21T08:13:31","guid":{"rendered":"https:\/\/www.agriculture-machine.com\/?p=10764"},"modified":"2024-09-18T16:12:33","modified_gmt":"2024-09-18T08:12:33","slug":"small-corn-peeler-thresher-for-sale","status":"publish","type":"product","link":"https:\/\/www.agriculture-machine.com\/vi\/small-corn-peeler-thresher-for-sale\/","title":{"rendered":"M\u00e1y g\u1ecdt v\u1ecf ng\u00f4 nh\u1ecf theo chi\u1ec1u d\u1ecdc | M\u00e1y xay ng\u00f4 mini"},"content":{"rendered":"<p class=\"translation-block\">M\u00e1y g\u1ecdt v\u1ecf v\u00e0 t\u00e1ch ng\u00f4 nh\u1ecf d\u1ecdc c\u00f3 hai ch\u1ee9c n\u0103ng, m\u1ed9t l\u00e0 g\u1ecdt v\u1ecf v\u00e0 m\u1ed9t l\u00e0 t\u00e1ch. Ngo\u00e0i ra, m\u00e1y t\u00e1ch ng\u00f4 mini c\u00f3 th\u1ec3 \u0111\u01b0\u1ee3c trang b\u1ecb \u0111\u1ed9ng c\u01a1 \u0111i\u1ec7n ho\u1eb7c \u0111\u1ed9ng c\u01a1 x\u0103ng. <\/p>    <p>S\u1ea3n l\u01b0\u1ee3ng l\u00e0 1500-2000 kg\/h (h\u1ea1t ng\u00f4), r\u1ea5t ph\u00f9 h\u1ee3p cho s\u1eed d\u1ee5ng gia \u0111\u00ecnh. N\u1ebfu gia \u0111\u00ecnh b\u1ea1n tr\u1ed3ng ng\u00f4, b\u1ea1n c\u00f3 th\u1ec3 mua m\u1ed9t m\u00e1y g\u1ecdt v\u1ecf v\u00e0 t\u00e1ch ng\u00f4 nh\u1ecf nh\u01b0 th\u1ebf n\u00e0y, r\u1ea5t ti\u1ec7n l\u1ee3i \u0111\u1ec3 ch\u1ebf bi\u1ebfn ng\u00f4.<\/p>    <figure class=\"wp-block-embed is-type-video is-provider-youtube wp-block-embed-youtube wp-embed-aspect-16-9 wp-has-aspect-ratio\"><div class=\"wp-block-embed__wrapper\"> <iframe loading=\"lazy\" title=\"Ho\u1ea1t \u0111\u1ed9ng c\u1ee7a M\u00e1y T\u00e1ch v\u00e0 G\u1ecdt V\u1ecf Ng\u00f4 Hi\u1ec7u Qu\u1ea3 Cao | M\u00e1y N\u00f4ng Nghi\u1ec7p Ti\u00ean Phong\" width=\"500\" height=\"281\" src=\"https:\/\/www.youtube.com\/embed\/Hfeg1nPOT2Y?feature=oembed\" frameborder=\"0\" allow=\"accelerometer; autoplay; clipboard-write; encrypted-media; gyroscope; picture-in-picture; web-share\" referrerpolicy=\"strict-origin-when-cross-origin\" allowfullscreen><\/iframe> <\/div><figcaption class=\"wp-element-caption\">Video ho\u1ea1t \u0111\u1ed9ng c\u1ee7a m\u00e1y g\u1ecdt v\u1ecf v\u00e0 t\u00e1ch ng\u00f4 nh\u1ecf di \u0111\u1ed9ng<\/figcaption><\/figure>    <h2 class=\"wp-block-heading\">Gi\u1edbi thi\u1ec7u ng\u1eafn g\u1ecdn v\u1ec1 m\u00e1y g\u1ecdt v\u1ecf v\u00e0 t\u00e1ch ng\u00f4 nh\u1ecf<\/h2>    <p>M\u00e1y g\u1ecdt v\u1ecf v\u00e0 t\u00e1ch ng\u00f4 gia \u0111\u00ecnh c\u1ee7a ch\u00fang t\u00f4i d\u1ec5 s\u1eed d\u1ee5ng v\u00e0 kh\u00f4ng y\u00eau c\u1ea7u ng\u01b0\u1eddi v\u1eadn h\u00e0nh t\u00e1ch ng\u00f4 cho \u0111\u1ebfn khi \u0111\u00e3 g\u1ecdt v\u1ecf ng\u00f4. M\u00e1y nh\u1ecf nh\u01b0ng ho\u1ea1t \u0111\u1ed9ng hi\u1ec7u qu\u1ea3 \u0111\u1ec3 \u0111\u00e1p \u1ee9ng nhu c\u1ea7u h\u00e0ng ng\u00e0y c\u1ee7a c\u00e1c gia \u0111\u00ecnh. <\/p>    <p>Ngo\u00e0i ra, m\u00e1y g\u1ecdt v\u1ecf v\u00e0 t\u00e1ch ng\u00f4 ho\u1ea1t \u0111\u1ed9ng t\u1ed1t, v\u1ecf ng\u00f4 sau khi x\u1eed l\u00fd c\u00f2n nguy\u00ean v\u1eb9n v\u00e0 \u00edt b\u1ecb v\u1ee1. N\u00f3 c\u0169ng s\u1ea1ch s\u1ebd v\u00e0 kh\u00f4ng y\u00eau c\u1ea7u ng\u01b0\u1eddi s\u00e0ng l\u1ecdc l\u1ea1i v\u1ecf ng\u00f4, ti\u1ebft ki\u1ec7m th\u1eddi gian v\u00e0 c\u00f4ng s\u1ee9c. <\/p>    <p class=\"translation-block\">Ngo\u00e0i ra, ch\u00fang t\u00f4i c\u00f2n c\u00f3 c\u00e1c m\u1eabu m\u00e1y t\u00e1ch ng\u00f4 l\u1edbn h\u01a1n, <a href=\"https:\/\/www.agriculture-machine.com\/vi\/multifunctional-thresher-for-maize-beans-sorghum-millet\/\"><strong>m\u00e1y t\u00e1ch \u0111a ch\u1ee9c n\u0103ng<\/strong><\/a>, m\u00e1y t\u00e1ch g\u1ea1o v\u00e0 l\u00faa m\u00ec, v\u00e0 <a href=\"https:\/\/www.agriculture-machine.com\/vi\/small-sweet-corn-sheller-for-fresh-maize\/\"><strong>m\u00e1y t\u00e1ch ng\u00f4 ng\u1ecdt<\/strong><\/a>. Kh\u00e1ch h\u00e0ng c\u00f3 th\u1ec3 ch\u1ecdn m\u00e1y ph\u00f9 h\u1ee3p theo nhu c\u1ea7u c\u1ee7a m\u00ecnh.<\/p>    <figure class=\"wp-block-gallery has-nested-images columns-default is-cropped wp-block-gallery-2 is-layout-flex wp-block-gallery-is-layout-flex\"> <figure class=\"wp-block-image size-large\"><img loading=\"lazy\" decoding=\"async\" width=\"720\" height=\"540\" data-id=\"13409\" src=\"https:\/\/www.agriculture-machine.com\/wp-content\/uploads\/2022\/05\/small-maize-peeler-and-thresher.jpg\" alt=\"M\u00e1y g\u1ecdt v\u1ecf v\u00e0 t\u00e1ch ng\u00f4 nh\u1ecf\" class=\"wp-image-13409\" title=\"M\u00e1y g\u1ecdt v\u1ecf v\u00e0 t\u00e1ch ng\u00f4 nh\u1ecf\" srcset=\"https:\/\/www.agriculture-machine.com\/wp-content\/uploads\/2022\/05\/small-maize-peeler-and-thresher.jpg 720w, https:\/\/www.agriculture-machine.com\/wp-content\/uploads\/2022\/05\/small-maize-peeler-and-thresher-360x270.jpg 360w, https:\/\/www.agriculture-machine.com\/wp-content\/uploads\/2022\/05\/small-maize-peeler-and-thresher-240x180.jpg 240w\" sizes=\"auto, (max-width: 720px) 100vw, 720px\" \/><figcaption class=\"wp-element-caption\">M\u00e1y g\u1ecdt v\u1ecf v\u00e0 t\u00e1ch ng\u00f4 nh\u1ecf<\/figcaption><\/figure>    <figure class=\"wp-block-image size-large\"><img loading=\"lazy\" decoding=\"async\" width=\"720\" height=\"540\" data-id=\"13410\" src=\"https:\/\/www.agriculture-machine.com\/wp-content\/uploads\/2022\/05\/corn-threshing-machine.jpg\" alt=\"M\u00e1y t\u00e1ch h\u1ea1t ng\u00f4\" class=\"wp-image-13410\" title=\"M\u00e1y t\u00e1ch h\u1ea1t ng\u00f4\" srcset=\"https:\/\/www.agriculture-machine.com\/wp-content\/uploads\/2022\/05\/corn-threshing-machine.jpg 720w, https:\/\/www.agriculture-machine.com\/wp-content\/uploads\/2022\/05\/corn-threshing-machine-360x270.jpg 360w, https:\/\/www.agriculture-machine.com\/wp-content\/uploads\/2022\/05\/corn-threshing-machine-240x180.jpg 240w\" sizes=\"auto, (max-width: 720px) 100vw, 720px\" \/><figcaption class=\"wp-element-caption\">M\u00e1y t\u00e1ch h\u1ea1t ng\u00f4<\/figcaption><\/figure>    <figure class=\"wp-block-image size-large\"><img loading=\"lazy\" decoding=\"async\" width=\"720\" height=\"540\" data-id=\"13411\" src=\"https:\/\/www.agriculture-machine.com\/wp-content\/uploads\/2022\/05\/mini-corn-thresher.jpg\" alt=\"M\u00e1y t\u00e1ch ng\u00f4 mini\" class=\"wp-image-13411\" title=\"M\u00e1y t\u00e1ch ng\u00f4 mini\" srcset=\"https:\/\/www.agriculture-machine.com\/wp-content\/uploads\/2022\/05\/mini-corn-thresher.jpg 720w, https:\/\/www.agriculture-machine.com\/wp-content\/uploads\/2022\/05\/mini-corn-thresher-360x270.jpg 360w, https:\/\/www.agriculture-machine.com\/wp-content\/uploads\/2022\/05\/mini-corn-thresher-240x180.jpg 240w\" sizes=\"auto, (max-width: 720px) 100vw, 720px\" \/><figcaption class=\"wp-element-caption\">M\u00e1y t\u00e1ch ng\u00f4 mini<\/figcaption><\/figure> <\/figure>    <h2 class=\"wp-block-heading\">C\u1ea5u tr\u00fac c\u1ee7a m\u00e1y t\u00e1ch ng\u00f4 quy m\u00f4 nh\u1ecf<\/h2>    <p>M\u00e1y t\u00e1ch ng\u00f4 quy m\u00f4 nh\u1ecf n\u00e0y ch\u1ee7 y\u1ebfu g\u1ed3m c\u00e1c b\u1ed9 ph\u1eadn nh\u01b0: n\u01a1i ti\u1ebfp nh\u1eadn nguy\u00ean li\u1ec7u, khung, ngu\u1ed3n (\u0111\u1ed9ng c\u01a1 \u0111i\u1ec7n ho\u1eb7c \u0111\u1ed9ng c\u01a1 x\u0103ng), l\u1ed1i ra h\u1ea1t ng\u00f4, l\u1edbp v\u1ecf, v\u00e0 l\u1ed1i ra con, bu\u1ed3ng g\u1ecdt v\u1ecf v\u00e0 t\u00e1ch, qu\u1ea1t, v.v. <\/p>    <figure class=\"wp-block-image aligncenter size-full\"><img loading=\"lazy\" decoding=\"async\" width=\"720\" height=\"540\" src=\"https:\/\/www.agriculture-machine.com\/wp-content\/uploads\/2022\/05\/small-scale-corn-threshing-machines-structure.jpg\" alt=\"C\u1ea5u tr\u00fac c\u1ee7a m\u00e1y t\u00e1ch ng\u00f4 quy m\u00f4 nh\u1ecf\" class=\"wp-image-13406\" title=\"C\u1ea5u tr\u00fac c\u1ee7a m\u00e1y t\u00e1ch ng\u00f4 quy m\u00f4 nh\u1ecf\" srcset=\"https:\/\/www.agriculture-machine.com\/wp-content\/uploads\/2022\/05\/small-scale-corn-threshing-machines-structure.jpg 720w, https:\/\/www.agriculture-machine.com\/wp-content\/uploads\/2022\/05\/small-scale-corn-threshing-machines-structure-360x270.jpg 360w, https:\/\/www.agriculture-machine.com\/wp-content\/uploads\/2022\/05\/small-scale-corn-threshing-machines-structure-240x180.jpg 240w\" sizes=\"auto, (max-width: 720px) 100vw, 720px\" \/><figcaption class=\"wp-element-caption\">small-scale corn threshing machine&#8217;s structure<\/figcaption><\/figure>    <h2 class=\"wp-block-heading\" id=\"h-5-reasons-to-use-the-mini-corn-thresher-machine\">5 l\u00fd do \u0111\u1ec3 s\u1eed d\u1ee5ng m\u00e1y t\u00e1ch ng\u00f4 mini<\/h2>    <ol class=\"wp-block-list\"> <li>The threshing effect is high. Its capacity is 2000 kg per hour. So, it can meet people&#8217;s threshing needs, when the corn is harvested.<\/li>    <li>High removal rate. It has a 99% removal rate. So we don&#8217;t need to worry about missing a lot of corn seeds.<\/li>    <li>C\u1eeda c\u1ea5p li\u1ec7u r\u1ed9ng, k\u00edch th\u01b0\u1edbc c\u1eeda c\u1ea5p li\u1ec7u l\u00e0 330mm r\u1ed9ng v\u00e0 360mm d\u00e0i. C\u00f3 th\u1ec3 c\u1ea5p nhi\u1ec1u ng\u00f4 c\u00f9ng l\u00fac. V\u00ec v\u1eady, ti\u1ebft ki\u1ec7m th\u1eddi gian v\u00e0 n\u0103ng l\u01b0\u1ee3ng khi s\u1eed d\u1ee5ng m\u00e1y g\u1ecdt v\u1ecf v\u00e0 t\u00e1ch ng\u00f4 nh\u1ecf gia \u0111\u00ecnh n\u00e0y.<\/li>    <li>H\u1ea1t v\u00e0 m\u1ea3nh ng\u00f4 t\u1ef1 \u0111\u1ed9ng t\u00e1ch ra v\u1edbi \u00edt th\u1eddi gian v\u00e0 c\u00f4ng s\u1ee9c, v\u00e0 v\u1ecf ng\u00f4 c\u00f9ng h\u1ea1t ng\u00f4 t\u1ef1 \u0111\u1ed9ng t\u00e1ch ra.<\/li>    <li>V\u1edbi nhi\u1ec1u ch\u1ee9c n\u0103ng, n\u00f3 c\u00f3 th\u1ec3 ho\u00e0n th\u00e0nh vi\u1ec7c g\u1ecdt v\u1ecf v\u00e0 t\u00e1ch.<\/li> <\/ol>    <figure class=\"wp-block-image aligncenter size-full\"><img loading=\"lazy\" decoding=\"async\" width=\"720\" height=\"540\" src=\"https:\/\/www.agriculture-machine.com\/wp-content\/uploads\/2022\/05\/traditional-threshing-method.jpg\" alt=\"Ph\u01b0\u01a1ng ph\u00e1p t\u00e1ch ng\u00f4 truy\u1ec1n th\u1ed1ng\" class=\"wp-image-13412\" title=\"Ph\u01b0\u01a1ng ph\u00e1p t\u00e1ch ng\u00f4 truy\u1ec1n th\u1ed1ng\" srcset=\"https:\/\/www.agriculture-machine.com\/wp-content\/uploads\/2022\/05\/traditional-threshing-method.jpg 720w, https:\/\/www.agriculture-machine.com\/wp-content\/uploads\/2022\/05\/traditional-threshing-method-360x270.jpg 360w, https:\/\/www.agriculture-machine.com\/wp-content\/uploads\/2022\/05\/traditional-threshing-method-240x180.jpg 240w\" sizes=\"auto, (max-width: 720px) 100vw, 720px\" \/><figcaption class=\"wp-element-caption\">Ph\u01b0\u01a1ng ph\u00e1p t\u00e1ch ng\u00f4 truy\u1ec1n th\u1ed1ng<\/figcaption><\/figure>    <h2 class=\"wp-block-heading\" id=\"h-advantages-of-small-maize-peeler-and-thresher-machine\">\u01afu \u0111i\u1ec3m c\u1ee7a m\u00e1y g\u1ecdt v\u1ecf v\u00e0 t\u00e1ch ng\u00f4 nh\u1ecf<\/h2>    <p>M\u00e1y t\u00e1ch ng\u00f4 mini c\u00f3 khung d\u00e0y v\u00e0 gia c\u1ed1. V\u00ec v\u1eady, tu\u1ed5i th\u1ecd s\u1eed d\u1ee5ng l\u00e2u h\u01a1n. \u0110\u1ed3ng th\u1eddi, khung ch\u1eafc ch\u1eafn gi\u00fap m\u00e1y t\u00e1ch ng\u00f4 ho\u1ea1t \u0111\u1ed9ng \u1ed5n \u0111\u1ecbnh v\u00e0 b\u1ec1n b\u1ec9 h\u01a1n. M\u00e1y t\u00e1ch ng\u00f4 d\u1ecdc c\u00f3 qu\u1ea1t si\u00eau m\u1ea1nh, h\u1ea1t ng\u00f4 sau khi t\u00e1ch s\u1ea1ch s\u1ebd \u0111\u1eb7c bi\u1ec7t. V\u00ec v\u1eady, h\u1ea1t ng\u00f4 c\u00f3 th\u1ec3 b\u00e1n tr\u1ef1c ti\u1ebfp.<\/p>    <figure class=\"wp-block-image aligncenter size-full\"><img loading=\"lazy\" decoding=\"async\" width=\"720\" height=\"540\" src=\"https:\/\/www.agriculture-machine.com\/wp-content\/uploads\/2022\/05\/maize-peeler-and-thresher-machine.jpg\" alt=\"M\u00e1y g\u1ecdt v\u1ecf v\u00e0 t\u00e1ch ng\u00f4\" class=\"wp-image-13413\" title=\"M\u00e1y g\u1ecdt v\u1ecf v\u00e0 t\u00e1ch ng\u00f4\" srcset=\"https:\/\/www.agriculture-machine.com\/wp-content\/uploads\/2022\/05\/maize-peeler-and-thresher-machine.jpg 720w, https:\/\/www.agriculture-machine.com\/wp-content\/uploads\/2022\/05\/maize-peeler-and-thresher-machine-360x270.jpg 360w, https:\/\/www.agriculture-machine.com\/wp-content\/uploads\/2022\/05\/maize-peeler-and-thresher-machine-240x180.jpg 240w\" sizes=\"auto, (max-width: 720px) 100vw, 720px\" \/><figcaption class=\"wp-element-caption\">M\u00e1y g\u1ecdt v\u1ecf v\u00e0 t\u00e1ch ng\u00f4<\/figcaption><\/figure>    <h2 class=\"wp-block-heading\" id=\"h-use-of-small-corn-peeler-thresher\">S\u1eed d\u1ee5ng m\u00e1y g\u1ecdt v\u1ecf v\u00e0 t\u00e1ch ng\u00f4 nh\u1ecf<\/h2>    <ol class=\"wp-block-list\"> <li>Tr\u01b0\u1edbc ti\u00ean, kh\u1edfi \u0111\u1ed9ng m\u00e1y g\u1ecdt v\u1ecf v\u00e0 t\u00e1ch ng\u00f4. V\u00e0 ki\u1ec3m tra xem c\u00f3 v\u1ea5n \u0111\u1ec1 g\u00ec v\u1edbi m\u00e1y kh\u00f4ng. <\/li>    <li>N\u1ebfu kh\u00f4ng c\u00f3 v\u1ea5n \u0111\u1ec1 g\u00ec v\u1edbi m\u00e1y, b\u1ecf ng\u00f4 tr\u1ef1c ti\u1ebfp v\u00e0o l\u1ed1i v\u00e0o c\u1ee7a m\u00e1y. <\/li>    <li>Then the maize peeler and thresher&#8217;s threshing device will work. <\/li>    <li>Cu\u1ed1i c\u00f9ng, m\u00e1y x\u1ea3 c\u00e1c m\u1ea3nh ng\u00f4, v\u1ecf v\u00e0 h\u1ea1t qua c\u00e1c l\u1ed1i ra kh\u00e1c nhau. <\/li>    <li>Ch\u1ec9 c\u1ea7n b\u1ecf ng\u00f4 v\u00e0o m\u00e1y, v\u00e0 m\u00e1y s\u1ebd t\u1ef1 \u0111\u1ed9ng ho\u00e0n th\u00e0nh qu\u00e1 tr\u00ecnh g\u1ecdt v\u1ecf v\u00e0 t\u00e1ch.<\/li> <\/ol>    <figure class=\"wp-block-gallery has-nested-images columns-default is-cropped wp-block-gallery-3 is-layout-flex wp-block-gallery-is-layout-flex\"> <figure class=\"wp-block-image size-large\"><a href=\"https:\/\/www.agriculture-machine.com\/wp-content\/uploads\/2021\/06\/Use-of-small-corn-peeler-thresher.jpg\"><img loading=\"lazy\" decoding=\"async\" width=\"415\" height=\"540\" data-id=\"10778\" src=\"https:\/\/www.agriculture-machine.com\/wp-content\/uploads\/2021\/06\/Use-of-small-corn-peeler-thresher.jpg\" alt=\"\" class=\"wp-image-10778\" srcset=\"https:\/\/www.agriculture-machine.com\/wp-content\/uploads\/2021\/06\/Use-of-small-corn-peeler-thresher.jpg 415w, https:\/\/www.agriculture-machine.com\/wp-content\/uploads\/2021\/06\/Use-of-small-corn-peeler-thresher-208x270.jpg 208w\" sizes=\"auto, (max-width: 415px) 100vw, 415px\" \/><\/a><\/figure>    <figure class=\"wp-block-image size-large\"><a href=\"https:\/\/www.agriculture-machine.com\/wp-content\/uploads\/2021\/06\/Use-of-mini-corn-peeler-thresher.jpg\"><img loading=\"lazy\" decoding=\"async\" width=\"415\" height=\"540\" data-id=\"10777\" src=\"https:\/\/www.agriculture-machine.com\/wp-content\/uploads\/2021\/06\/Use-of-mini-corn-peeler-thresher.jpg\" alt=\"\" class=\"wp-image-10777\" srcset=\"https:\/\/www.agriculture-machine.com\/wp-content\/uploads\/2021\/06\/Use-of-mini-corn-peeler-thresher.jpg 415w, https:\/\/www.agriculture-machine.com\/wp-content\/uploads\/2021\/06\/Use-of-mini-corn-peeler-thresher-208x270.jpg 208w\" sizes=\"auto, (max-width: 415px) 100vw, 415px\" \/><\/a><\/figure> <\/figure>    <h2 class=\"wp-block-heading\" id=\"h-difference-between-the-two-types-of-corn-thresher\">S\u1ef1 kh\u00e1c bi\u1ec7t gi\u1eefa hai lo\u1ea1i m\u00e1y t\u00e1ch ng\u00f4<\/h2>    <p>Ch\u00fang t\u00f4i c\u00f2n c\u00f3 m\u1ed9t lo\u1ea1i m\u00e1y g\u1ecdt v\u1ecf v\u00e0 t\u00e1ch ng\u00f4 kh\u00e1c. Ch\u00fang kh\u00e1c nhau \u1edf c\u00e1c kh\u00eda c\u1ea1nh sau.<\/p>    <ol class=\"wp-block-list\"> <li>C\u00e1c c\u00f4ng su\u1ea5t kh\u00e1c nhau. M\u00e1y <a href=\"https:\/\/www.agriculture-machine.com\/vi\/maize-peeler-and-thresher\/\">Lo\u1ea1i tr\u01b0\u1edbc c\u1ee7a m\u00e1y g\u1ecdt v\u1ecf v\u00e0 t\u00e1ch<\/a> c\u00f3 th\u1ec3 s\u1eed d\u1ee5ng \u0111\u1ed9ng c\u01a1 \u0111i\u1ec7n, \u0111\u1ed9ng c\u01a1 x\u0103ng, v\u00e0 \u0111\u1ed9ng c\u01a1 diesel. C\u00f4ng su\u1ea5t c\u1ee7a m\u00e1y g\u1ecdt v\u1ecf v\u00e0 t\u00e1ch ng\u00f4 nh\u1ecf d\u1ecdc n\u00e0y kh\u00f4ng y\u00eau c\u1ea7u \u0111\u1ed9ng c\u01a1 diesel, ch\u1ec9 c\u1ea7n \u0111\u1ed9ng c\u01a1 v\u00e0 \u0111\u1ed9ng c\u01a1 x\u0103ng \u0111\u1ec3 kh\u1edfi \u0111\u1ed9ng. <\/li>    <li>Ch\u00fang kh\u00e1c nhau v\u1ec1 k\u00edch th\u01b0\u1edbc. M\u00e1y t\u00e1ch ng\u00f4 d\u1ecdc nh\u1ecf h\u01a1n.<\/li>    <li>C\u00e1c lo\u1ea1i m\u00e1y g\u1ecdt v\u1ecf v\u00e0 t\u00e1ch ng\u00f4 kh\u00e1c c\u00f3 c\u00f4ng su\u1ea5t l\u1edbn h\u01a1n.<\/li> <\/ol>    <h2 class=\"wp-block-heading\" id=\"h-reseller-customers\">Kh\u00e1ch h\u00e0ng \u0111\u1ea1i l\u00fd<\/h2>    <p class=\"translation-block\">K\u00edch th\u01b0\u1edbc c\u1ee7a m\u00e1y n\u00e0y r\u1ea5t nh\u1ecf. V\u00e0 r\u1ea5t ph\u00f9 h\u1ee3p \u0111\u1ec3 s\u1eed d\u1ee5ng t\u1ea1i nh\u00e0. \u0110\u1ed1i v\u1edbi c\u00e1c \u0111\u1ea1i l\u00fd, m\u00e1y n\u00e0y r\u1ea5t ph\u00f9 h\u1ee3p \u0111\u1ec3 mua. \u0110\u00e2y l\u00e0 m\u1ed9t d\u1ef1 \u00e1n \u0111\u1ea7u t\u01b0 r\u1ea5t t\u1ed1t. M\u1ed9t container 40 HQ c\u00f3 th\u1ec3 ch\u1ee9a kho\u1ea3ng 600 m\u00e1y nh\u01b0 v\u1eady. Sau \u0111\u00f3 b\u00e1n cho n\u00f4ng d\u00e2n \u0111\u1ecba ph\u01b0\u01a1ng. Gi\u1ed1ng nh\u01b0 kh\u00e1ch h\u00e0ng c\u1ee7a ch\u00fang t\u00f4i \u1edf Zimbabwe \u0111\u00e3 mua <a href=\"https:\/\/www.agriculture-machine.com\/vi\/40-hq-agriculture-machine-sold-to-zimbabwe\/\">nhi\u1ec1u m\u00e1y t\u00e1ch \u0111a ch\u1ee9c n\u0103ng nh\u1ecf<\/a>, v\u00e0 s\u1edbm nh\u1eadn \u0111\u01b0\u1ee3c \u0111\u01a1n h\u00e0ng, v\u00ec m\u00e1y nh\u1ecf n\u00e0y r\u1ea5t ph\u00f9 h\u1ee3p cho s\u1eed d\u1ee5ng gia \u0111\u00ecnh.<\/p>    <figure class=\"wp-block-gallery has-nested-images columns-default is-cropped wp-block-gallery-4 is-layout-flex wp-block-gallery-is-layout-flex\"> <figure class=\"wp-block-image size-large\"><a href=\"https:\/\/www.agriculture-machine.com\/wp-content\/uploads\/2022\/05\/mini-maize-procesor.jpg\"><img loading=\"lazy\" decoding=\"async\" width=\"720\" height=\"540\" data-id=\"13415\" src=\"https:\/\/www.agriculture-machine.com\/wp-content\/uploads\/2022\/05\/mini-maize-procesor.jpg\" alt=\"M\u00e1y ch\u1ebf bi\u1ebfn ng\u00f4 mini\" class=\"wp-image-13415\" title=\"M\u00e1y ch\u1ebf bi\u1ebfn ng\u00f4 mini\" srcset=\"https:\/\/www.agriculture-machine.com\/wp-content\/uploads\/2022\/05\/mini-maize-procesor.jpg 720w, https:\/\/www.agriculture-machine.com\/wp-content\/uploads\/2022\/05\/mini-maize-procesor-360x270.jpg 360w, https:\/\/www.agriculture-machine.com\/wp-content\/uploads\/2022\/05\/mini-maize-procesor-240x180.jpg 240w\" sizes=\"auto, (max-width: 720px) 100vw, 720px\" \/><\/a><figcaption class=\"wp-element-caption\">M\u00e1y ch\u1ebf bi\u1ebfn ng\u00f4 mini<\/figcaption><\/figure>    <figure class=\"wp-block-image size-large\"><a href=\"https:\/\/www.agriculture-machine.com\/wp-content\/uploads\/2022\/05\/small-corn-thresher.jpg\"><img loading=\"lazy\" decoding=\"async\" width=\"720\" height=\"540\" data-id=\"13414\" src=\"https:\/\/www.agriculture-machine.com\/wp-content\/uploads\/2022\/05\/small-corn-thresher.jpg\" alt=\"M\u00e1y t\u00e1ch ng\u00f4 nh\u1ecf\" class=\"wp-image-13414\" title=\"M\u00e1y t\u00e1ch ng\u00f4 nh\u1ecf\" srcset=\"https:\/\/www.agriculture-machine.com\/wp-content\/uploads\/2022\/05\/small-corn-thresher.jpg 720w, https:\/\/www.agriculture-machine.com\/wp-content\/uploads\/2022\/05\/small-corn-thresher-360x270.jpg 360w, https:\/\/www.agriculture-machine.com\/wp-content\/uploads\/2022\/05\/small-corn-thresher-240x180.jpg 240w\" sizes=\"auto, (max-width: 720px) 100vw, 720px\" \/><\/a><figcaption class=\"wp-element-caption\">M\u00e1y t\u00e1ch ng\u00f4 nh\u1ecf<\/figcaption><\/figure> <\/figure>    <h2 class=\"wp-block-heading\" id=\"h-specification-of-the-home-use-corn-peeling-and-threshing-machine\">Th\u00f4ng s\u1ed1 k\u1ef9 thu\u1eadt c\u1ee7a m\u00e1y g\u1ecdt v\u1ecf v\u00e0 t\u00e1ch ng\u00f4 gia \u0111\u00ecnh<\/h2>    <figure class=\"wp-block-table is-style-stripes\"><table><tbody><tr><td>M\u1eabu<\/td><td>M\u00e1y g\u1ecdt v\u1ecf v\u00e0 t\u00e1ch ng\u00f4 nh\u1ecf<\/td><\/tr><tr><td>C\u00f4ng su\u1ea5t<\/td><td>\u0111\u1ed9ng c\u01a1 x\u0103ng ho\u1eb7c \u0111\u1ed9ng c\u01a1 \u0111i\u1ec7n<\/td><\/tr><tr><td>Dung t\u00edch<\/td><td>1500-2000kg\/h<\/td><\/tr><tr><td>Tr\u1ecdng l\u01b0\u1ee3ng m\u00e1y<\/td><td>65kg<\/td><\/tr><tr><td>K\u00edch th\u01b0\u1edbc m\u00e1y<\/td><td>440*400*800mm<\/td><\/tr><\/tbody><\/table><figcaption class=\"wp-element-caption\">corn peeling and threshing machine&#8217;s parameter<\/figcaption><\/figure>    <h2 class=\"wp-block-heading\">M\u00e1y g\u1ecdt v\u1ecf v\u00e0 t\u00e1ch ng\u00f4 k\u1ebft h\u1ee3p b\u00e1n cho Mexico<\/h2>    <p>Tu\u1ea7n tr\u01b0\u1edbc, kh\u00e1ch h\u00e0ng Mexico c\u1ee7a ch\u00fang t\u00f4i \u0111\u00e3 \u0111\u1eb7t h\u00e0ng 20 m\u00e1y g\u1ecdt v\u1ecf v\u00e0 t\u00e1ch ng\u00f4 nh\u1ecf t\u1eeb ch\u00fang t\u00f4i. Anh \u1ea5y bi\u1ebft v\u1ec1 m\u00e1y g\u1ecdt v\u1ecf v\u00e0 t\u00e1ch ng\u00f4 t\u1eeb trang web c\u1ee7a ch\u00fang t\u00f4i v\u00e0 \u0111\u1ec3 l\u1ea1i th\u00f4ng tin li\u00ean h\u1ec7. <\/p>    <p>Our sales manager added the customer&#8217;s WhatsApp, and through thorough communication, we realized that our small corn threshers were perfect for the customer&#8217;s needs. <\/p>    <p>Kh\u00e1ch h\u00e0ng cu\u1ed1i c\u00f9ng \u0111\u00e3 quy\u1ebft \u0111\u1ecbnh mua m\u00e1y g\u1ecdt v\u1ecf v\u00e0 t\u00e1ch ng\u00f4 gia \u0111\u00ecnh c\u1ee7a ch\u00fang t\u00f4i. D\u01b0\u1edbi \u0111\u00e2y l\u00e0 h\u00ecnh \u1ea3nh \u0111\u00f3ng g\u00f3i v\u00e0 v\u1eadn chuy\u1ec3n c\u1ee7a m\u00e1y.<\/p>    <figure class=\"wp-block-gallery has-nested-images columns-default is-cropped wp-block-gallery-5 is-layout-flex wp-block-gallery-is-layout-flex\"> <figure class=\"wp-block-image size-large\"><img loading=\"lazy\" decoding=\"async\" width=\"720\" height=\"540\" data-id=\"13416\" src=\"https:\/\/www.agriculture-machine.com\/wp-content\/uploads\/2022\/05\/wooden-case-package-of-corn-thresher.jpg\" alt=\"H\u1ed9p g\u1ed7 \u0111\u00f3ng g\u00f3i m\u00e1y t\u00e1ch ng\u00f4\" class=\"wp-image-13416\" title=\"H\u1ed9p g\u1ed7 \u0111\u00f3ng g\u00f3i m\u00e1y t\u00e1ch ng\u00f4\" srcset=\"https:\/\/www.agriculture-machine.com\/wp-content\/uploads\/2022\/05\/wooden-case-package-of-corn-thresher.jpg 720w, https:\/\/www.agriculture-machine.com\/wp-content\/uploads\/2022\/05\/wooden-case-package-of-corn-thresher-360x270.jpg 360w, https:\/\/www.agriculture-machine.com\/wp-content\/uploads\/2022\/05\/wooden-case-package-of-corn-thresher-240x180.jpg 240w\" sizes=\"auto, (max-width: 720px) 100vw, 720px\" \/><figcaption class=\"wp-element-caption\">H\u1ed9p g\u1ed7 \u0111\u00f3ng g\u00f3i m\u00e1y t\u00e1ch ng\u00f4<\/figcaption><\/figure>    <figure class=\"wp-block-image size-large\"><img loading=\"lazy\" decoding=\"async\" width=\"720\" height=\"540\" data-id=\"13417\" src=\"https:\/\/www.agriculture-machine.com\/wp-content\/uploads\/2022\/05\/loading-of-the-machine.jpg\" alt=\"Ch\u1ea5t h\u00e0ng c\u1ee7a m\u00e1y\" class=\"wp-image-13417\" title=\"Ch\u1ea5t h\u00e0ng c\u1ee7a m\u00e1y\" srcset=\"https:\/\/www.agriculture-machine.com\/wp-content\/uploads\/2022\/05\/loading-of-the-machine.jpg 720w, https:\/\/www.agriculture-machine.com\/wp-content\/uploads\/2022\/05\/loading-of-the-machine-360x270.jpg 360w, https:\/\/www.agriculture-machine.com\/wp-content\/uploads\/2022\/05\/loading-of-the-machine-240x180.jpg 240w\" sizes=\"auto, (max-width: 720px) 100vw, 720px\" \/><figcaption class=\"wp-element-caption\">Ch\u1ea5t h\u00e0ng c\u1ee7a m\u00e1y<\/figcaption><\/figure>    <figure class=\"wp-block-image size-large\"><img loading=\"lazy\" decoding=\"async\" width=\"720\" height=\"540\" data-id=\"13404\" src=\"https:\/\/www.agriculture-machine.com\/wp-content\/uploads\/2022\/05\/shipping-of-corn-peeler-and-thresher.jpg\" alt=\"V\u1eadn chuy\u1ec3n m\u00e1y g\u1ecdt v\u1ecf v\u00e0 t\u00e1ch ng\u00f4\" class=\"wp-image-13404\" title=\"V\u1eadn chuy\u1ec3n m\u00e1y g\u1ecdt v\u1ecf v\u00e0 t\u00e1ch ng\u00f4\" srcset=\"https:\/\/www.agriculture-machine.com\/wp-content\/uploads\/2022\/05\/shipping-of-corn-peeler-and-thresher.jpg 720w, https:\/\/www.agriculture-machine.com\/wp-content\/uploads\/2022\/05\/shipping-of-corn-peeler-and-thresher-360x270.jpg 360w, https:\/\/www.agriculture-machine.com\/wp-content\/uploads\/2022\/05\/shipping-of-corn-peeler-and-thresher-240x180.jpg 240w\" sizes=\"auto, (max-width: 720px) 100vw, 720px\" \/><figcaption class=\"wp-element-caption\">V\u1eadn chuy\u1ec3n m\u00e1y g\u1ecdt v\u1ecf v\u00e0 t\u00e1ch ng\u00f4<\/figcaption><\/figure> <\/figure>    <h2 class=\"wp-block-heading\">Li\u00ean h\u1ec7 v\u1edbi ch\u00fang t\u00f4i b\u1ea5t c\u1ee9 l\u00fac n\u00e0o<\/h2>    <p>N\u1ebfu b\u1ea1n quan t\u00e2m \u0111\u1ebfn m\u00e1y t\u00e1ch v\u00e0 g\u1ecdt v\u1ecf ng\u00f4 c\u1ee7a ch\u00fang t\u00f4i ho\u1eb7c c\u00f3 b\u1ea5t k\u1ef3 c\u00e2u h\u1ecfi n\u00e0o, ch\u00fang t\u00f4i lu\u00f4n s\u1eb5n s\u00e0ng cung c\u1ea5p cho b\u1ea1n th\u00f4ng tin chi ti\u1ebft v\u00e0 t\u01b0 v\u1ea5n chuy\u00ean nghi\u1ec7p. Xin \u0111\u1eebng ng\u1ea7n ng\u1ea1i li\u00ean h\u1ec7 ngay l\u1eadp t\u1ee9c! \u0110\u1ed9i ng\u0169 chuy\u00ean nghi\u1ec7p c\u1ee7a ch\u00fang t\u00f4i s\u1ebd vui l\u00f2ng ph\u1ee5c v\u1ee5 v\u00e0 gi\u1ea3i \u0111\u00e1p m\u1ecdi th\u1eafc m\u1eafc c\u1ee7a b\u1ea1n.<\/p>","protected":false},"excerpt":{"rendered":"<p>\u0110\u00e2y l\u00e0 m\u00e1y g\u1ecdt v\u1ecf v\u00e0 t\u00e1ch ng\u00f4 nh\u1ecf. R\u1ea5t ph\u00f9 h\u1ee3p \u0111\u1ec3 s\u1eed d\u1ee5ng t\u1ea1i nh\u00e0. C\u00f4ng su\u1ea5t c\u1ee7a n\u00f3 l\u00e0 1500-2000 kg\/h (h\u1ea1t ng\u00f4). <\/p>","protected":false},"author":1,"featured_media":13408,"parent":0,"comment_status":"closed","ping_status":"closed","template":"","tags":[2614],"product-type":[872],"class_list":["post-10764","product","type-product","status-publish","has-post-thumbnail","hentry","tag-thresher","product-type-thresher-sheller"],"_links":{"self":[{"href":"https:\/\/www.agriculture-machine.com\/vi\/wp-json\/wp\/v2\/product\/10764","targetHints":{"allow":["GET"]}}],"collection":[{"href":"https:\/\/www.agriculture-machine.com\/vi\/wp-json\/wp\/v2\/product"}],"about":[{"href":"https:\/\/www.agriculture-machine.com\/vi\/wp-json\/wp\/v2\/types\/product"}],"author":[{"embeddable":true,"href":"https:\/\/www.agriculture-machine.com\/vi\/wp-json\/wp\/v2\/users\/1"}],"replies":[{"embeddable":true,"href":"https:\/\/www.agriculture-machine.com\/vi\/wp-json\/wp\/v2\/comments?post=10764"}],"wp:featuredmedia":[{"embeddable":true,"href":"https:\/\/www.agriculture-machine.com\/vi\/wp-json\/wp\/v2\/media\/13408"}],"wp:attachment":[{"href":"https:\/\/www.agriculture-machine.com\/vi\/wp-json\/wp\/v2\/media?parent=10764"}],"wp:term":[{"taxonomy":"post_tag","embeddable":true,"href":"https:\/\/www.agriculture-machine.com\/vi\/wp-json\/wp\/v2\/tags?post=10764"},{"taxonomy":"product-type","embeddable":true,"href":"https:\/\/www.agriculture-machine.com\/vi\/wp-json\/wp\/v2\/product-type?post=10764"}],"curies":[{"name":"wp","href":"https:\/\/api.w.org\/{rel}","templated":true}]}}