{"id":10781,"date":"2021-06-22T16:21:32","date_gmt":"2021-06-22T08:21:32","guid":{"rendered":"https:\/\/www.agriculture-machine.com\/?p=10781"},"modified":"2024-09-23T11:27:07","modified_gmt":"2024-09-23T03:27:07","slug":"small-home-use-corn-thresher","status":"publish","type":"product","link":"https:\/\/www.agriculture-machine.com\/vi\/small-home-use-corn-thresher\/","title":{"rendered":"M\u00e1y xay ng\u00f4 d\u00f9ng gia \u0111\u00ecnh | M\u00e1y xay ng\u00f4 nh\u1ecf \u0111\u1ec3 b\u00e1n"},"content":{"rendered":"<p>\u0110\u00e2y l\u00e0 m\u00e1y t\u00e1ch ng\u00f4 gia \u0111\u00ecnh c\u00f3 hai tr\u1ee5c \u0111\u00f4i. Hi\u1ec7u qu\u1ea3 t\u00e1ch nhanh v\u00e0 t\u1ed1t h\u01a1n. M\u00e1y c\u00f3 th\u1ec3 trang b\u1ecb hai ch\u1ebf \u0111\u1ed9 ngu\u1ed3n n\u0103ng l\u01b0\u1ee3ng: \u0111\u1ed9ng c\u01a1 \u0111i\u1ec7n v\u00e0 \u0111\u1ed9ng c\u01a1 x\u0103ng. C\u1ea5u tr\u00fac m\u00e1y r\u1ea5t nh\u1ecf, ph\u00f9 h\u1ee3p cho s\u1eed d\u1ee5ng t\u1ea1i nh\u00e0.<\/p>    <figure class=\"wp-block-embed is-type-video is-provider-youtube wp-block-embed-youtube wp-embed-aspect-16-9 wp-has-aspect-ratio\"><div class=\"wp-block-embed__wrapper\"> <iframe loading=\"lazy\" title=\"C\u00f4ng c\u1ee5 y\u00eau th\u00edch c\u1ee7a n\u00f4ng d\u00e2n! M\u00e1y t\u00e1ch v\u1ecf ng\u00f4 \/ m\u00e1y t\u00e1ch ng\u00f4 \/ t\u00e1ch v\u1ecf ng\u00f4 \/ m\u00e1y t\u00e1ch v\u1ecf ng\u00f4\" width=\"500\" height=\"281\" src=\"https:\/\/www.youtube.com\/embed\/DvmhM1jNc0A?feature=oembed\" frameborder=\"0\" allow=\"accelerometer; autoplay; clipboard-write; encrypted-media; gyroscope; picture-in-picture; web-share\" referrerpolicy=\"strict-origin-when-cross-origin\" allowfullscreen><\/iframe> <\/div><figcaption class=\"wp-element-caption\">Video ho\u1ea1t \u0111\u1ed9ng c\u1ee7a m\u00e1y t\u00e1ch ng\u00f4 nh\u1ecf gia \u0111\u00ecnh<\/figcaption><\/figure>    <h2 class=\"wp-block-heading\" id=\"h-structure-of-small-corn-thresher\">C\u1ea5u tr\u00fac c\u1ee7a m\u00e1y t\u00e1ch ng\u00f4 nh\u1ecf<\/h2>    <p id=\"h-this-type-of-household-corn-thresher-has-a-double-roller\">Lo\u1ea1i m\u00e1y t\u00e1ch ng\u00f4 gia \u0111\u00ecnh n\u00e0y c\u00f3 hai tr\u1ee5c \u0111\u00f4i.&nbsp;<\/p>    <figure class=\"wp-block-image aligncenter size-large\"><img loading=\"lazy\" decoding=\"async\" width=\"720\" height=\"540\" src=\"https:\/\/www.agriculture-machine.com\/wp-content\/uploads\/2021\/06\/double-roller-corn-thresher-1.jpg\" alt=\"M\u00e1y t\u00e1ch ng\u00f4 \u0111\u00f4i tr\u1ee5c.\" class=\"wp-image-10794\" srcset=\"https:\/\/www.agriculture-machine.com\/wp-content\/uploads\/2021\/06\/double-roller-corn-thresher-1.jpg 720w, https:\/\/www.agriculture-machine.com\/wp-content\/uploads\/2021\/06\/double-roller-corn-thresher-1-360x270.jpg 360w, https:\/\/www.agriculture-machine.com\/wp-content\/uploads\/2021\/06\/double-roller-corn-thresher-1-240x180.jpg 240w\" sizes=\"auto, (max-width: 720px) 100vw, 720px\" \/><figcaption class=\"wp-element-caption\">M\u00e1y t\u00e1ch ng\u00f4 \u0111\u00f4i tr\u1ee5c.<\/figcaption><\/figure>    <h2 class=\"wp-block-heading\" id=\"h-machine-details-display\">Hi\u1ec3n th\u1ecb chi ti\u1ebft m\u00e1y<br><\/h2>    <div class=\"wp-block-columns is-layout-flex wp-container-core-columns-is-layout-9d6595d7 wp-block-columns-is-layout-flex\"> <div class=\"wp-block-column is-layout-flow wp-block-column-is-layout-flow\"> <figure class=\"wp-block-image size-large is-resized\"><img loading=\"lazy\" decoding=\"async\" width=\"360\" height=\"307\" src=\"https:\/\/www.agriculture-machine.com\/wp-content\/uploads\/2021\/06\/corn-inlet.jpg\" alt=\"L\u1ed1i v\u00e0o ng\u00f4\" class=\"wp-image-10790\" style=\"width:180px;height:154px\" srcset=\"https:\/\/www.agriculture-machine.com\/wp-content\/uploads\/2021\/06\/corn-inlet.jpg 360w, https:\/\/www.agriculture-machine.com\/wp-content\/uploads\/2021\/06\/corn-inlet-317x270.jpg 317w\" sizes=\"auto, (max-width: 360px) 100vw, 360px\" \/><figcaption class=\"wp-element-caption\">L\u1ed1i v\u00e0o ng\u00f4<\/figcaption><\/figure> <\/div>    <div class=\"wp-block-column is-layout-flow wp-block-column-is-layout-flow\"> <p>Khi m\u00e1y b\u1eaft \u0111\u1ea7u ho\u1ea1t \u0111\u1ed9ng, b\u1ea1n c\u00f3 th\u1ec3 b\u1ecf v\u00e0o nhi\u1ec1u ng\u00f4 c\u00f9ng l\u00fac.<\/p> <\/div> <\/div>    <div class=\"wp-block-columns is-layout-flex wp-container-core-columns-is-layout-9d6595d7 wp-block-columns-is-layout-flex\"> <div class=\"wp-block-column is-layout-flow wp-block-column-is-layout-flow\"> <p>C\u00f3 14 b\u00e1nh r\u0103ng.<\/p>    <p>B\u1ea1n c\u00f3 th\u1ec3 x\u1eed l\u00fd c\u1ea3 ng\u00f4 l\u1edbn v\u00e0 nh\u1ecf b\u1eb1ng c\u00e1ch \u0111i\u1ec1u ch\u1ec9nh b\u00e1nh r\u0103ng.<\/p> <\/div>    <div class=\"wp-block-column is-layout-flow wp-block-column-is-layout-flow\"> <figure class=\"wp-block-image size-large is-resized\"><img loading=\"lazy\" decoding=\"async\" width=\"360\" height=\"307\" src=\"https:\/\/www.agriculture-machine.com\/wp-content\/uploads\/2021\/06\/gear.jpg\" alt=\"b\u00e1nh r\u0103ng\" class=\"wp-image-10791\" style=\"width:270px;height:230px\" srcset=\"https:\/\/www.agriculture-machine.com\/wp-content\/uploads\/2021\/06\/gear.jpg 360w, https:\/\/www.agriculture-machine.com\/wp-content\/uploads\/2021\/06\/gear-317x270.jpg 317w\" sizes=\"auto, (max-width: 360px) 100vw, 360px\" \/><figcaption class=\"wp-element-caption\">b\u00e1nh r\u0103ng<\/figcaption><\/figure> <\/div> <\/div>    <div class=\"wp-block-columns is-layout-flex wp-container-core-columns-is-layout-9d6595d7 wp-block-columns-is-layout-flex\"> <div class=\"wp-block-column is-layout-flow wp-block-column-is-layout-flow\"> <figure class=\"wp-block-image size-large is-resized\"><img loading=\"lazy\" decoding=\"async\" width=\"360\" height=\"307\" src=\"https:\/\/www.agriculture-machine.com\/wp-content\/uploads\/2021\/06\/corn-cob-outlet.jpg\" alt=\"L\u1ed7 tho\u00e1t l\u00f5i ng\u00f4\" class=\"wp-image-10792\" style=\"width:270px;height:230px\" srcset=\"https:\/\/www.agriculture-machine.com\/wp-content\/uploads\/2021\/06\/corn-cob-outlet.jpg 360w, https:\/\/www.agriculture-machine.com\/wp-content\/uploads\/2021\/06\/corn-cob-outlet-317x270.jpg 317w\" sizes=\"auto, (max-width: 360px) 100vw, 360px\" \/><figcaption class=\"wp-element-caption\">L\u1ed7 tho\u00e1t l\u00f5i ng\u00f4<\/figcaption><\/figure> <\/div>    <div class=\"wp-block-column is-layout-flow wp-block-column-is-layout-flow\"> <p>\u0110\u00e2y l\u00e0 l\u1ed7 tho\u00e1t l\u00f5i ng\u00f4<\/p>    <p>Sau khi t\u00e1ch ng\u00f4, l\u00f5i ng\u00f4 ra kh\u1ecfi \u0111\u00e2y.<\/p> <\/div> <\/div>    <div class=\"wp-block-columns is-layout-flex wp-container-core-columns-is-layout-9d6595d7 wp-block-columns-is-layout-flex\"> <div class=\"wp-block-column is-layout-flow wp-block-column-is-layout-flow\"> <p>C\u00f3 4 b\u00e1nh xe.<\/p>    <p>R\u1ea5t ph\u00f9 h\u1ee3p \u0111\u1ec3 di chuy\u1ec3n, v\u00ec v\u1eady kh\u00f4ng gian l\u00e0m vi\u1ec7c kh\u00f4ng b\u1ecb gi\u1edbi h\u1ea1n<\/p> <\/div>    <div class=\"wp-block-column is-layout-flow wp-block-column-is-layout-flow\"> <figure class=\"wp-block-image size-large is-resized\"><img loading=\"lazy\" decoding=\"async\" width=\"360\" height=\"307\" src=\"https:\/\/www.agriculture-machine.com\/wp-content\/uploads\/2021\/06\/wheel.jpg\" alt=\"B\u00e1nh xe c\u1ee7a m\u00e1y t\u00e1ch ng\u00f4 gia \u0111\u00ecnh\" class=\"wp-image-10793\" style=\"width:270px;height:230px\" srcset=\"https:\/\/www.agriculture-machine.com\/wp-content\/uploads\/2021\/06\/wheel.jpg 360w, https:\/\/www.agriculture-machine.com\/wp-content\/uploads\/2021\/06\/wheel-317x270.jpg 317w\" sizes=\"auto, (max-width: 360px) 100vw, 360px\" \/><figcaption class=\"wp-element-caption\">B\u00e1nh xe c\u1ee7a m\u00e1y t\u00e1ch ng\u00f4 gia \u0111\u00ecnh<\/figcaption><\/figure> <\/div> <\/div>    <h2 class=\"wp-block-heading\" id=\"h-use-of-small-corn-thresher\">S\u1eed d\u1ee5ng m\u00e1y t\u00e1ch ng\u00f4 nh\u1ecf<\/h2>    <p>M\u00e1y t\u00e1ch ng\u00f4 gia \u0111\u00ecnh n\u00e0y \u0111\u00e1ng \u0111\u1ec3 m\u1ed7i h\u1ed9 gia \u0111\u00ecnh s\u1edf h\u1eefu. D\u00f9 b\u1ea1n tr\u1ed3ng nhi\u1ec1u ng\u00f4 \u0111\u1ebfn \u0111\u00e2u, b\u1ea1n c\u0169ng c\u00f3 th\u1ec3 mua m\u1ed9t chi\u1ebfc nh\u01b0 v\u1eady. V\u00ec n\u00f3 r\u1ea5t nh\u1ecf, kh\u00f4ng chi\u1ebfm nhi\u1ec1u kh\u00f4ng gian, v\u00e0 n\u0103ng su\u1ea5t ph\u00f9 h\u1ee3p cho s\u1eed d\u1ee5ng gia \u0111\u00ecnh.<\/p>    <figure class=\"wp-block-gallery has-nested-images columns-default is-cropped wp-block-gallery-2 is-layout-flex wp-block-gallery-is-layout-flex\"> <figure class=\"wp-block-image size-large\"><a href=\"https:\/\/www.agriculture-machine.com\/wp-content\/uploads\/2021\/06\/Home-use-corn-thresher.jpg\"><img loading=\"lazy\" decoding=\"async\" width=\"720\" height=\"540\" data-id=\"10796\" src=\"https:\/\/www.agriculture-machine.com\/wp-content\/uploads\/2021\/06\/Home-use-corn-thresher.jpg\" alt=\"M\u00e1y t\u00e1ch ng\u00f4 gia \u0111\u00ecnh\" class=\"wp-image-10796\" srcset=\"https:\/\/www.agriculture-machine.com\/wp-content\/uploads\/2021\/06\/Home-use-corn-thresher.jpg 720w, https:\/\/www.agriculture-machine.com\/wp-content\/uploads\/2021\/06\/Home-use-corn-thresher-360x270.jpg 360w, https:\/\/www.agriculture-machine.com\/wp-content\/uploads\/2021\/06\/Home-use-corn-thresher-240x180.jpg 240w\" sizes=\"auto, (max-width: 720px) 100vw, 720px\" \/><\/a><figcaption class=\"wp-element-caption\">M\u00e1y t\u00e1ch ng\u00f4 gia \u0111\u00ecnh<\/figcaption><\/figure>    <figure class=\"wp-block-image size-large\"><a href=\"https:\/\/www.agriculture-machine.com\/wp-content\/uploads\/2021\/06\/use-of-Household-corn-thresher.jpg\"><img loading=\"lazy\" decoding=\"async\" width=\"720\" height=\"540\" data-id=\"10797\" src=\"https:\/\/www.agriculture-machine.com\/wp-content\/uploads\/2021\/06\/use-of-Household-corn-thresher.jpg\" alt=\"s\u1eed d\u1ee5ng c\u1ee7a m\u00e1y t\u00e1ch ng\u00f4 gia \u0111\u00ecnh\" class=\"wp-image-10797\" srcset=\"https:\/\/www.agriculture-machine.com\/wp-content\/uploads\/2021\/06\/use-of-Household-corn-thresher.jpg 720w, https:\/\/www.agriculture-machine.com\/wp-content\/uploads\/2021\/06\/use-of-Household-corn-thresher-360x270.jpg 360w, https:\/\/www.agriculture-machine.com\/wp-content\/uploads\/2021\/06\/use-of-Household-corn-thresher-240x180.jpg 240w\" sizes=\"auto, (max-width: 720px) 100vw, 720px\" \/><\/a><figcaption class=\"wp-element-caption\">s\u1eed d\u1ee5ng c\u1ee7a m\u00e1y t\u00e1ch ng\u00f4 gia \u0111\u00ecnh<\/figcaption><\/figure> <\/figure>    <h2 class=\"wp-block-heading\" id=\"h-ten-points-to-the-operation-of-small-corn-thresher\">M\u01b0\u1eddi \u0111i\u1ec3m v\u1eadn h\u00e0nh c\u1ee7a m\u00e1y t\u00e1ch ng\u00f4 nh\u1ecf<\/h2>    <p>N\u1ebfu thao t\u00e1c c\u1ea9u th\u1ea3, kh\u00f4ng ch\u1ec9 g\u00e2y h\u01b0 h\u1ecfng m\u00e1y m\u00e0 c\u00f2n g\u00e2y th\u01b0\u01a1ng t\u00edch nghi\u00eam tr\u1ecdng v\u00e0 thi\u1ec7t h\u1ea1i kinh t\u1ebf.<\/p>    <h3 class=\"wp-block-heading\" id=\"h-1-v-belt-of-household-corn-thresher\">(1) \u0110ai V c\u1ee7a m\u00e1y t\u00e1ch ng\u00f4 gia \u0111\u00ecnh<\/h3>    <p>Ch\u00fa \u00fd \u0111\u1ebfn \u0111\u1ed9 c\u0103ng c\u1ee7a \u0111ai truy\u1ec1n \u0111\u1ed9ng tam gi\u00e1c c\u1ee7a m\u00e1y t\u00e1ch ng\u00f4. Qu\u00e1 ch\u1eb7t s\u1ebd l\u00e0m h\u1ecfng m\u00e1y, qu\u00e1 l\u1ecfng s\u1ebd tr\u01b0\u1ee3t \u0111ai, c\u1ea7n \u0111i\u1ec1u ch\u1ec9nh l\u1ea1i ph\u00f9 h\u1ee3p.<\/p>    <h3 class=\"wp-block-heading\" id=\"h-2-pulley\">(2) \u0110ai pulley<\/h3>    <p>Ki\u1ec3m tra xem h\u1ec7 th\u1ed1ng truy\u1ec1n \u0111\u1ed9ng nh\u01b0 \u0111ai pulley c\u1ee7a m\u00e1y t\u00e1ch ng\u00f4 c\u00f3 trong tr\u1ea1ng th\u00e1i b\u00ecnh th\u01b0\u1eddng kh\u00f4ng. N\u1ebfu c\u00f3 b\u1ea5t th\u01b0\u1eddng, c\u1ea7n \u0111i\u1ec1u ch\u1ec9nh \u0111\u1ec3 \u0111\u1ea1t tr\u1ea1ng th\u00e1i t\u1ed1t nh\u1ea5t.<\/p>    <h3 class=\"wp-block-heading\" id=\"h-3-motor-steering\">(3) \u0110i\u1ec1u h\u01b0\u1edbng \u0111\u1ed9ng c\u01a1<\/h3>    <p>Tr\u01b0\u1edbc khi b\u1eaft \u0111\u1ea7u l\u00e0m vi\u1ec7c, ki\u1ec3m tra xem h\u01b0\u1edbng quay c\u1ee7a \u0111\u1ed9ng c\u01a1 c\u00f3 \u0111\u00fang kh\u00f4ng, ngh\u0129a l\u00e0 kh\u1edfi \u0111\u1ed9ng m\u00e1y t\u00e1ch ng\u00f4 v\u00e0 quan s\u00e1t trong 5-10 gi\u00e2y. N\u1ebfu kh\u00f4ng c\u00f3 ti\u1ebfng \u1ed3n ho\u1eb7c rung l\u1eafc b\u1ea5t th\u01b0\u1eddng, n\u00ean ti\u1ebfp t\u1ee5c t\u00e1ch.<\/p>    <h3 class=\"wp-block-heading\" id=\"h-4-corn-dry-humidity\">(4) Ki\u1ec3m tra \u0111\u1ed9 \u1ea9m c\u1ee7a ng\u00f4 kh\u00f4<\/h3>    <p>\u0110\u1ed9 kh\u00f4 v\u00e0 \u0111\u1ed9 \u1ea9m c\u1ee7a ng\u00f4 li\u00ean quan tr\u1ef1c ti\u1ebfp \u0111\u1ebfn hi\u1ec7u qu\u1ea3 t\u00e1ch. Ng\u00f4 \u00edt \u0111\u1ed9 \u1ea9m, hi\u1ec7u qu\u1ea3 t\u00e1ch t\u1ed1t, s\u1ea1ch s\u1ebd v\u00e0 nhanh ch\u00f3ng.<\/p>    <h3 class=\"wp-block-heading\" id=\"h-5-feeding-at-a-uniform-speed-and-appropriate-amount\">(5) Cho ng\u00f4 v\u00e0o v\u1edbi t\u1ed1c \u0111\u1ed9 \u0111\u1ec1u v\u00e0 l\u01b0\u1ee3ng ph\u00f9 h\u1ee3p<\/h3>    <p>Vi\u1ec7c cho ng\u00f4 v\u00e0o kh\u00f4ng n\u00ean b\u1ecb gi\u00e1n \u0111o\u1ea1n trong qu\u00e1 tr\u00ecnh l\u00e0m vi\u1ec7c. Cho ng\u00f4 li\u00ean t\u1ee5c v\u00e0 \u0111\u1ec1u \u0111\u1eb7n. N\u1ebfu kh\u00f4ng, ch\u1ea5t l\u01b0\u1ee3ng v\u00e0 hi\u1ec7u qu\u1ea3 t\u00e1ch ng\u00f4 c\u00f3 th\u1ec3 b\u1ecb \u1ea3nh h\u01b0\u1edfng, th\u1eadm ch\u00ed m\u00e1y c\u00f3 th\u1ec3 b\u1ecb k\u1eb9t ho\u1eb7c h\u1ecfng n\u1eb7ng.<\/p>    <h3 class=\"wp-block-heading\" id=\"h-6-bolt-screw-roller-inspection\">(6) Ki\u1ec3m tra v\u00edt \u0111inh roller<\/h3>    <p>\u0110\u1ec3 \u0111\u1ea3m b\u1ea3o m\u00e1y t\u00e1ch lu\u00f4n ho\u1ea1t \u0111\u1ed9ng b\u00ecnh th\u01b0\u1eddng, c\u1ea7n ki\u1ec3m tra c\u00e1c bu l\u00f4ng v\u00e0 v\u00edt c\u1ed1 \u0111\u1ecbnh tr\u1ed1ng v\u00e0 gh\u1ebf \u0111\u1ee1 b\u1ea1c \u0111\u1ea1n b\u1ea5t c\u1ee9 l\u00fac n\u00e0o. N\u1ebfu c\u00f3 l\u1ecfng l\u1ebbo, c\u1ea7n si\u1ebft ch\u1eb7t k\u1ecbp th\u1eddi.<\/p>    <h3 class=\"wp-block-heading\" id=\"h-7-exposed-part-inspection\">(7) Ki\u1ec3m tra ph\u1ea7n l\u1ed9<\/h3>    <p>C\u1ea7n cung c\u1ea5p thi\u1ebft b\u1ecb b\u1ea3o v\u1ec7 cho t\u1ea5t c\u1ea3 c\u00e1c ph\u1ea7n l\u1ed9. Tr\u01b0\u1edbc m\u1ed7i l\u1ea7n v\u1eadn h\u00e0nh, ki\u1ec3m tra c\u00e1c bu l\u00f4ng tr\u00ean tr\u1ed1ng t\u00e1ch, qu\u1ea1t, thanh dao, gh\u1ebf \u0111\u1ee1 b\u1ea1c \u0111\u1ea1n v\u00e0 c\u00e1c b\u1ed9 ph\u1eadn chuy\u1ec3n \u0111\u1ed9ng kh\u00e1c c\u1ee7a m\u00e1y t\u00e1ch ng\u00f4, \u0111\u1ea3m b\u1ea3o kh\u00f4ng l\u1ecfng l\u1ebbo.<\/p>    <h3 class=\"wp-block-heading\" id=\"h-8-machine-troubleshooting\">(8) S\u1eeda ch\u1eefa m\u00e1y<\/h3>    <p>Khi ho\u1ea1t \u0111\u1ed9ng, kh\u00f4ng cho ph\u00e9p b\u1ea3o tr\u00ec b\u1ea5t k\u1ef3 lo\u1ea1i m\u00e1y t\u00e1ch ng\u00f4 n\u00e0o, t\u1ea5t c\u1ea3 c\u00e1c h\u00e0nh \u0111\u1ed9ng c\u1ea7n th\u1ef1c hi\u1ec7n sau khi t\u1eaft m\u00e1y.<\/p>    <h3 class=\"wp-block-heading\" id=\"h-9-parts-lubrication-maintenance-of-home-use-corn-thresher\">(9) B\u1ea3o tr\u00ec b\u00f4i tr\u01a1n c\u00e1c b\u1ed9 ph\u1eadn c\u1ee7a m\u00e1y t\u00e1ch ng\u00f4 gia \u0111\u00ecnh<\/h3>    <p>Ho\u1ea1t \u0111\u1ed9ng t\u00e1ch d\u00e0i h\u1ea1n c\u1ee7a m\u00e1y t\u00e1ch ng\u00f4 s\u1ebd g\u00e2y m\u00e0i m\u00f2n t\u1ef1 nhi\u00ean, nh\u01b0 \u0111\u1ea5m r\u0103ng, v.v., \u1ea3nh h\u01b0\u1edfng \u0111\u1ebfn ch\u1ea5t l\u01b0\u1ee3ng t\u00e1ch. \u0110\u1ec3 k\u00e9o d\u00e0i tu\u1ed5i th\u1ecd c\u1ee7a m\u00e1y v\u00e0 \u0111\u1ea1t \u0111\u01b0\u1ee3c l\u1ee3i \u00edch kinh t\u1ebf t\u1ed1t h\u01a1n, t\u1ea5t c\u1ea3 c\u00e1c b\u1ed9 ph\u1eadn m\u00f2n c\u1ea7n \u0111\u01b0\u1ee3c b\u00f4i tr\u01a1n v\u00e0 b\u1ea3o tr\u00ec k\u1ecbp th\u1eddi ch\u00ednh x\u00e1c.<\/p>    <h3 class=\"wp-block-heading\" id=\"h-10-machine-storage-of-small-corn-thresher\">(10) L\u01b0u tr\u1eef m\u00e1y t\u00e1ch ng\u00f4 nh\u1ecf<\/h3>    <p>Th\u1eddi gian ho\u1ea1t \u0111\u1ed9ng c\u1ee7a m\u00e1y t\u00e1ch ng\u00f4 gia \u0111\u00ecnh kh\u00f4ng d\u00e0i, ch\u1ee7 y\u1ebfu t\u1eadp trung v\u00e0o m\u00f9a thu ho\u1ea1ch ng\u00f4, ph\u1ea7n c\u00f2n l\u1ea1i ph\u1ea7n l\u1edbn l\u00e0 kh\u00f4ng ho\u1ea1t \u0111\u1ed9ng, v\u00ec v\u1eady c\u1ea7n ch\u00fa \u00fd \u0111\u1ebfn vi\u1ec7c b\u1ea3o qu\u1ea3n m\u00e1y, gi\u1eef cho m\u00e1y s\u1ea1ch s\u1ebd, ch\u1ed1ng \u1ea9m, ch\u1ed1ng ch\u00e1y v\u00e0 ch\u1ed1ng \u1ea9m \u0111\u1ec3 s\u1eed d\u1ee5ng cho n\u0103m t\u1edbi.<\/p>    <figure class=\"wp-block-gallery has-nested-images columns-default is-cropped wp-block-gallery-3 is-layout-flex wp-block-gallery-is-layout-flex\"> <figure class=\"wp-block-image size-large\"><img loading=\"lazy\" decoding=\"async\" width=\"720\" height=\"540\" data-id=\"10811\" src=\"https:\/\/www.agriculture-machine.com\/wp-content\/uploads\/2021\/06\/3.jpg\" alt=\"m\u00e1y t\u00e1ch ng\u00f4 gia \u0111\u00ecnh \" class=\"wp-image-10811\" srcset=\"https:\/\/www.agriculture-machine.com\/wp-content\/uploads\/2021\/06\/3.jpg 720w, https:\/\/www.agriculture-machine.com\/wp-content\/uploads\/2021\/06\/3-360x270.jpg 360w, https:\/\/www.agriculture-machine.com\/wp-content\/uploads\/2021\/06\/3-240x180.jpg 240w\" sizes=\"auto, (max-width: 720px) 100vw, 720px\" \/><figcaption class=\"wp-element-caption\">m\u00e1y t\u00e1ch ng\u00f4 gia \u0111\u00ecnh <\/figcaption><\/figure> <\/figure>    <h2 class=\"wp-block-heading\" id=\"h-machine-parameters\">Th\u00f4ng s\u1ed1 k\u1ef9 thu\u1eadt c\u1ee7a m\u00e1y t\u00e1ch ng\u00f4 gia \u0111\u00ecnh<\/h2>    <figure class=\"wp-block-table is-style-stripes\"><table><tbody><tr><td>M\u00e1y t\u00e1ch ng\u00f4<br><\/td><td>\uff08Lo\u1ea1i tr\u1ee5c \u0111\u00f4i\uff09<\/td><\/tr><tr><td>C\u00f4ng su\u1ea5t<\/td><td>\u0111\u1ed9ng c\u01a1 x\u0103ng ho\u1eb7c \u0111\u1ed9ng c\u01a1 \u0111i\u1ec7n<\/td><\/tr><tr><td>Dung t\u00edch<\/td><td>1500-2000kg\/h<\/td><\/tr><tr><td>Tr\u1ecdng l\u01b0\u1ee3ng<\/td><td>60kg<\/td><\/tr><tr><td>K\u00edch th\u01b0\u1edbc<\/td><td>750*460*375mm<\/td><\/tr><\/tbody><\/table><figcaption class=\"wp-element-caption\">Th\u00f4ng s\u1ed1 k\u1ef9 thu\u1eadt c\u1ee7a m\u00e1y t\u00e1ch ng\u00f4 gia \u0111\u00ecnh<\/figcaption><\/figure>    <h2 class=\"wp-block-heading\">Li\u00ean h\u1ec7 v\u1edbi ch\u00fang t\u00f4i b\u1ea5t c\u1ee9 l\u00fac n\u00e0o<\/h2>    <p>N\u1ebfu b\u1ea1n quan t\u00e2m \u0111\u1ebfn m\u00e1y t\u00e1ch ng\u00f4 gia \u0111\u00ecnh nh\u1ecf c\u1ee7a ch\u00fang t\u00f4i, vui l\u00f2ng li\u00ean h\u1ec7, ch\u00fang t\u00f4i s\u1ebd cung c\u1ea5p th\u00f4ng tin chi ti\u1ebft v\u1ec1 s\u1ea3n ph\u1ea9m. Ch\u00fang t\u00f4i mong mu\u1ed1n cung c\u1ea5p gi\u1ea3i ph\u00e1p t\u1ed1t nh\u1ea5t cho x\u1eed l\u00fd ng\u00f4 t\u1ea1i nh\u00e0 c\u1ee7a b\u1ea1n!<\/p>","protected":false},"excerpt":{"rendered":"<p>\u0110\u00e2y l\u00e0 m\u00e1y t\u00e1ch ng\u00f4 gia \u0111\u00ecnh nh\u1ecf. C\u00f4ng su\u1ea5t c\u1ee7a n\u00f3 l\u00e0 1500-2000 kg\/h. Nh\u1ecf g\u1ecdn, r\u1ea5t ph\u00f9 h\u1ee3p cho s\u1eed d\u1ee5ng t\u1ea1i nh\u00e0.<\/p>","protected":false},"author":1,"featured_media":10810,"parent":0,"comment_status":"closed","ping_status":"closed","template":"","tags":[2614],"product-type":[872],"class_list":["post-10781","product","type-product","status-publish","has-post-thumbnail","hentry","tag-thresher","product-type-thresher-sheller"],"_links":{"self":[{"href":"https:\/\/www.agriculture-machine.com\/vi\/wp-json\/wp\/v2\/product\/10781","targetHints":{"allow":["GET"]}}],"collection":[{"href":"https:\/\/www.agriculture-machine.com\/vi\/wp-json\/wp\/v2\/product"}],"about":[{"href":"https:\/\/www.agriculture-machine.com\/vi\/wp-json\/wp\/v2\/types\/product"}],"author":[{"embeddable":true,"href":"https:\/\/www.agriculture-machine.com\/vi\/wp-json\/wp\/v2\/users\/1"}],"replies":[{"embeddable":true,"href":"https:\/\/www.agriculture-machine.com\/vi\/wp-json\/wp\/v2\/comments?post=10781"}],"wp:featuredmedia":[{"embeddable":true,"href":"https:\/\/www.agriculture-machine.com\/vi\/wp-json\/wp\/v2\/media\/10810"}],"wp:attachment":[{"href":"https:\/\/www.agriculture-machine.com\/vi\/wp-json\/wp\/v2\/media?parent=10781"}],"wp:term":[{"taxonomy":"post_tag","embeddable":true,"href":"https:\/\/www.agriculture-machine.com\/vi\/wp-json\/wp\/v2\/tags?post=10781"},{"taxonomy":"product-type","embeddable":true,"href":"https:\/\/www.agriculture-machine.com\/vi\/wp-json\/wp\/v2\/product-type?post=10781"}],"curies":[{"name":"wp","href":"https:\/\/api.w.org\/{rel}","templated":true}]}}