{"id":10893,"date":"2021-07-12T17:20:09","date_gmt":"2021-07-12T09:20:09","guid":{"rendered":"https:\/\/www.agriculture-machine.com\/?p=10893"},"modified":"2024-05-30T11:25:41","modified_gmt":"2024-05-30T03:25:41","slug":"peanut-groundmut-sheller-removing-machine","status":"publish","type":"product","link":"https:\/\/www.agriculture-machine.com\/vi\/peanut-groundmut-sheller-removing-machine\/","title":{"rendered":"M\u00e1y t\u00e1ch v\u1ecf \u0111\u1eadu cho thu ho\u1ea1ch \u0111\u1eadu groundnut"},"content":{"rendered":"<p>M\u00e1y b\u00f3c v\u1ecf \u0111\u1eadu ph\u1ed9ng n\u00e0y \u0111\u01b0\u1ee3c thi\u1ebft k\u1ebf \u0111\u1ec3 x\u1eed l\u00fd s\u1ed1 l\u01b0\u1ee3ng \u0111\u1eadu ph\u1ed9ng l\u1edbn m\u1ed9t c\u00e1ch hi\u1ec7u qu\u1ea3 v\u00e0 ph\u00f9 h\u1ee3p v\u1edbi m\u1ecdi lo\u1ea1i trang tr\u1ea1i v\u00e0 nh\u00e0 m\u00e1y ch\u1ebf bi\u1ebfn th\u1ef1c ph\u1ea9m. M\u00e1y c\u00f3 th\u1ec3 b\u00f3c v\u1ecf \u0111\u1eadu ph\u1ed9ng nhanh ch\u00f3ng v\u00e0 \u0111\u1ea3m b\u1ea3o h\u1ea1t \u0111\u1eadu v\u1eabn nguy\u00ean v\u1eb9n, v\u1edbi c\u00f4ng su\u1ea5t l\u00ean t\u1edbi 800-1100 kg\/h.<\/p>    <figure class=\"wp-block-embed aligncenter is-type-video is-provider-youtube wp-block-embed-youtube wp-embed-aspect-16-9 wp-has-aspect-ratio\"><div class=\"wp-block-embed__wrapper\"> <iframe loading=\"lazy\" title=\"M\u00e1y b\u00f3c v\u1ecf \u0111\u1eadu ph\u1ed9ng hi\u1ec7u su\u1ea5t cao, m\u00e1y b\u00f3c v\u00e0 b\u00f3c v\u1ecf h\u1ea1t \u0111\u1eadu ph\u1ed9ng thresher cho \u0111\u1eadu ph\u1ed9ng\" width=\"500\" height=\"281\" src=\"https:\/\/www.youtube.com\/embed\/xr2Nq49hSSs?feature=oembed\" frameborder=\"0\" allow=\"accelerometer; autoplay; clipboard-write; encrypted-media; gyroscope; picture-in-picture; web-share\" referrerpolicy=\"strict-origin-when-cross-origin\" allowfullscreen><\/iframe> <\/div><figcaption class=\"wp-element-caption\">video l\u00e0m vi\u1ec7c c\u1ee7a m\u00e1y b\u00f3c v\u1ecf \u0111\u1eadu ph\u1ed9ng<\/figcaption><\/figure>    <h2 class=\"wp-block-heading\" id=\"h-brief-introduction-of-peanut-sheller-removing-machine\"><span class=\"has-inline-color has-black-color\">Gi\u1edbi thi\u1ec7u ng\u1eafn g\u1ecdn v\u1ec1 m\u00e1y b\u00f3c v\u1ecf \u0111\u1eadu ph\u1ed9ng b\u1ecf m\u00e1y<\/span><\/h2>    <p>As a common crop, peanuts often appear in people&#8217;s daily lives. The shell of peanuts is inedible, and artificial threshing is difficult, so more and more users are buying peanut sheller removing machines. <\/p>    <p>M\u00e1y b\u00f3c v\u1ecf \u0111\u1eadu ph\u1ed9ng c\u1ee7a ch\u00fang t\u00f4i c\u00f3 nhi\u1ec1u c\u1ea3i ti\u1ebfn so v\u1edbi m\u00e1y b\u00f3c v\u1ecf \u0111\u1eadu ph\u1ed9ng g\u1ed1c v\u00e0 c\u00f3 th\u1ec3 d\u00f9ng x\u0103ng, diesel v\u00e0 \u0111i\u1ec7n l\u00e0m ngu\u1ed3n, so v\u1edbi vi\u1ec7c b\u00f3c t\u00e1ch th\u1ee7 c\u00f4ng, m\u00e1y b\u00f3c v\u1ecf \u0111\u1eadu ph\u1ed9ng c\u00f3 th\u1ec3 gi\u1ea3m \u0111\u00e1ng k\u1ec3 lao \u0111\u1ed9ng cho ng\u01b0\u1eddi n\u00f4ng d\u00e2n, ti\u1ebft ki\u1ec7m nhi\u1ec1u c\u00f4ng s\u1ee9c v\u00e0 c\u1ea3i thi\u1ec7n \u0111\u00e1ng k\u1ec3 hi\u1ec7u qu\u1ea3 c\u00f4ng vi\u1ec7c.<\/p>    <figure class=\"wp-block-image aligncenter size-large\"><img loading=\"lazy\" decoding=\"async\" width=\"720\" height=\"540\" src=\"https:\/\/www.agriculture-machine.com\/wp-content\/uploads\/2021\/07\/Peanut-sheller-removing-machine.jpg\" alt=\"M\u00e1y b\u00f3c v\u1ecf \u0111\u1eadu ph\u1ed9ng b\u1ecf m\u00e1y\" class=\"wp-image-10913\" srcset=\"https:\/\/www.agriculture-machine.com\/wp-content\/uploads\/2021\/07\/Peanut-sheller-removing-machine.jpg 720w, https:\/\/www.agriculture-machine.com\/wp-content\/uploads\/2021\/07\/Peanut-sheller-removing-machine-360x270.jpg 360w, https:\/\/www.agriculture-machine.com\/wp-content\/uploads\/2021\/07\/Peanut-sheller-removing-machine-240x180.jpg 240w\" sizes=\"auto, (max-width: 720px) 100vw, 720px\" \/><figcaption class=\"wp-element-caption\">M\u00e1y b\u00f3c v\u1ecf \u0111\u1eadu ph\u1ed9ng b\u1ecf m\u00e1y<\/figcaption><\/figure>    <h2 class=\"wp-block-heading\" id=\"h-structure-of-groundnut-thresher\"><span class=\"has-inline-color has-black-color\">C\u1ea5u tr\u00fac c\u1ee7a m\u00e1y thresher \u0111\u1eadu ph\u1ed9ng<\/span> m\u00e1y m\u00f3c<\/h2>    <p>M\u00e1y b\u00f3c v\u1ecf \u0111\u1eadu ph\u1ed9ng c\u1ee7a ch\u00fang t\u00f4i g\u1ed3m n\u0103m b\u1ed9 ph\u1eadn ch\u00ednh: nh\u1eadp kh\u1ea9u, \u0111\u1ed9ng c\u01a1 diesel, xu\u1ea5t kh\u1ea9u, l\u1ed1p xe l\u1edbn v\u00e0 khung k\u00e9o. M\u00e1y thresher \u0111\u1eadu ph\u1ed9ng c\u1ee7a ch\u00fang t\u00f4i c\u00f3 \u0111\u1ed9ng c\u01a1 diesel, c\u00f3 th\u1ec3 \u0111\u01b0\u1ee3c c\u1ea5p ngu\u1ed3n b\u1eb1ng diesel v\u00e0 \u0111\u00e1p \u1ee9ng nhu c\u1ea7u c\u1ee7a kh\u00e1ch h\u00e0ng quen d\u00f9ng diesel. L\u1ed1p xe l\u1edbn v\u00e0 khung k\u00e9o ph\u1ed1i h\u1ee3p v\u1edbi nhau l\u00e0m cho vi\u1ec7c di chuy\u1ec3n m\u00e1y thresher \u0111\u1eadu ph\u1ed9ng thu\u1eadn ti\u1ec7n h\u01a1n v\u00e0 ti\u1ebft ki\u1ec7m lao \u0111\u1ed9ng.<\/p>    <figure class=\"wp-block-image aligncenter size-large\"><img loading=\"lazy\" decoding=\"async\" width=\"720\" height=\"540\" src=\"https:\/\/www.agriculture-machine.com\/wp-content\/uploads\/2021\/07\/Structure.jpg\" alt=\"M\u00e1y b\u00f3c v\u1ecf \u0111\u1eadu ph\u1ed9ng\" class=\"wp-image-10895\" srcset=\"https:\/\/www.agriculture-machine.com\/wp-content\/uploads\/2021\/07\/Structure.jpg 720w, https:\/\/www.agriculture-machine.com\/wp-content\/uploads\/2021\/07\/Structure-360x270.jpg 360w, https:\/\/www.agriculture-machine.com\/wp-content\/uploads\/2021\/07\/Structure-240x180.jpg 240w\" sizes=\"auto, (max-width: 720px) 100vw, 720px\" \/><figcaption class=\"wp-element-caption\">M\u00e1y b\u00f3c v\u1ecf \u0111\u1eadu ph\u1ed9ng<\/figcaption><\/figure>    <h2 class=\"wp-block-heading\" id=\"h-advantages-of-our-groundnut-sheller\"><span class=\"has-inline-color has-black-color\">\u01afu \u0111i\u1ec3m c\u1ee7a m\u00e1y b\u00f3c v\u1ecf \u0111\u1eadu ph\u1ed9ng c\u1ee7a ch\u00fang t\u00f4i<\/span><\/h2>    <p class=\"translation-block\">M\u00e1y b\u00f3c v\u1ecf \u0111\u1eadu ph\u1ed9ng t\u1ef1 \u0111\u1ed9ng  c\u00f3 \u01b0u \u0111i\u1ec3m l\u00e0 c\u1ea5u tr\u00fac g\u1ecdn, v\u1eadn h\u00e0nh d\u1ec5 d\u00e0ng v\u00e0 hi\u1ec7u su\u1ea5t \u1ed5n \u0111\u1ecbnh v\u00e0 \u0111\u00e1ng tin c\u1eady. N\u00f3 c\u00f3 kh\u1ea3 n\u0103ng b\u00f3c v\u1ecf cao, t\u1ec9 l\u1ec7 v\u1ee1 th\u1ea5p, ph\u00e2n lo\u1ea1i t\u1ed1t v\u00e0 t\u1ec9 l\u1ec7 th\u1ea5t tho\u00e1t th\u1ea5p. M\u00e1y b\u00f3c v\u1ecf \u0111\u1eadu ph\u1ed9ng c\u1ee7a ch\u00fang t\u00f4i c\u00f3 th\u1ec3 b\u00f3c t\u1ed1i thi\u1ec3u 800 kilogram m\u1ed7i gi\u1edd, t\u1ec9 l\u1ec7 b\u00f3c t\u1ed1i thi\u1ec3u b\u1eb1ng 98%, v\u00e0 t\u1ec9 l\u1ec7 g\u00e3y kh\u00f4ng qu\u00e1 4%.<\/p>    <p>M\u00e1y b\u00f3c v\u1ecf \u0111\u1eadu ph\u1ed9ng \u0111\u01b0\u1ee3c v\u1eadn h\u00e0nh b\u1eb1ng \u0111i\u1ec7n, x\u0103ng v\u00e0 diesel, v\u00ec v\u1eady b\u1ea1n c\u00f3 nhi\u1ec1u l\u1ef1a ch\u1ecdn. \u0110\u1ec3 ph\u1ee5c v\u1ee5 nhu c\u1ea7u c\u1ee7a kh\u00e1ch h\u00e0ng \u1edf ch\u00e2u Phi, ch\u00fang t\u00f4i \u0111\u00e3 th\u00eam gi\u00e1 \u0111\u1ee1 v\u00e0 khung k\u00e9o d\u01b0\u1edbi m\u00e1y b\u00f3c v\u1ecf \u0111\u1eadu ph\u1ed9ng. N\u1ebfu b\u1ea1n c\u00f3 nhu c\u1ea7u n\u00e0y, vui l\u00f2ng li\u00ean h\u1ec7 v\u1edbi ch\u00fang t\u00f4i \u0111\u1ec3 \u0111\u01b0\u1ee3c t\u00f9y ch\u1ec9nh.<\/p>    <figure class=\"wp-block-table is-style-stripes\"><table><tbody><tr><td>M\u1eabu<\/td><td>6BHD-800B (Double drum)<\/td><\/tr><tr><td>n\u0103ng su\u1ea5t(kg\/h)<\/td><td>\u2265800&#8211;1100<\/td><\/tr><tr><td>t\u1ef7 l\u1ec7 h\u01b0 h\u1ea1i(%)<\/td><td>\u22644.0<\/td><\/tr><tr><td>t\u1ef7 l\u1ec7 h\u01b0 h\u1ea1i(%)<\/td><td>\u22643.5<\/td><\/tr><tr><td>t\u1ef7 l\u1ec7 l\u1ed9t v\u1ecf(%)<\/td><td>\u226598<\/td><\/tr><tr><td>T\u1ef7 l\u1ec7 t\u1ea1p ch\u1ea5t(%)<\/td><td>\u22643.0<\/td><\/tr><tr><td>t\u1ef7 l\u1ec7 m\u1ea5t m\u00e1t(%)<\/td><td>\u22640.5<\/td><\/tr><tr><td>ti\u1ebfng \u1ed3n t\u1ea3i tr\u1ecdng dB(A)<\/td><td>\u226490<\/td><\/tr><\/tbody><\/table><figcaption class=\"wp-element-caption\">d\u1eef li\u1ec7u k\u1ef9 thu\u1eadt c\u1ee7a m\u00e1y b\u00f3c v\u1ecf \u0111\u1eadu ph\u1ed9ng b\u1ecf m\u00e1y<\/figcaption><\/figure>    <h2 class=\"wp-block-heading\" id=\"h-working-process-of-peanut-thresher\"><span class=\"has-inline-color has-black-color\">Quy tr\u00ecnh l\u00e0m vi\u1ec7c c\u1ee7a m\u00e1y thresher \u0111\u1eadu ph\u1ed9ng<\/span><\/h2>   <div id=\"rank-math-howto\" class=\"rank-math-block\" > <div class=\"rank-math-howto-description\">  <\/div>  <div class=\"rank-math-steps\"> <div id=\"howto-step-1717037437398\" class=\"rank-math-step\"> <div class=\"rank-math-step-content\"><p>Qu\u1ea3 \u0111\u1eadu ph\u1ed9ng \u0111i v\u00e0o tr\u1ed1ng ph\u00eda tr\u01b0\u1edbc t\u1eeb ph\u1ec5u n\u1ea1p, sau \u0111\u00f3 \u0111\u1eadu ph\u1ed9ng \u0111\u01b0\u1ee3c b\u00f3c t\u00e1ch b\u1eb1ng s\u1ef1 quay c\u1ee7a \u1ed1ng treo v\u00e0 l\u1ef1c ma s\u00e1t c\u1ee7a \u0111\u0129a l\u00f5m \u0111\u1ec3 th\u1ef1c hi\u1ec7n vi\u1ec7c t\u00e1ch nh\u00e2n v\u00e0 v\u1ecf. Nh\u00e2n \u0111\u1eadu ph\u1ed9ng v\u00e0 v\u1ecf t\u00e1ch ra r\u01a1i xu\u1ed1ng qua \u0111\u0129a l\u00f5m ph\u00eda tr\u01b0\u1edbc \u0111\u1ed3ng th\u1eddi \u0111i qua t\u1ea5m tr\u01b0\u1ee3t ph\u00eda tr\u01b0\u1edbc.<\/p> <\/div> <\/div> <div id=\"howto-step-1717037451816\" class=\"rank-math-step\"> <div class=\"rank-math-step-content\"><p>Trong \u1ed1ng gi\u00f3, v\u1ecf \u0111\u1eadu ph\u1ed9ng \u0111\u01b0\u1ee3c th\u1ed5i ra kh\u1ecfi m\u00e1y b\u00f3c v\u1ecf \u0111\u1eadu ph\u1ed9ng b\u1eb1ng gi\u00f3 \u0111\u1ec3 th\u1ef1c hi\u1ec7n l\u1ef1a ch\u1ecdn gi\u00f3 ban \u0111\u1ea7u; nh\u00e2n \u0111\u1eadu ph\u1ed9ng v\u00e0 nh\u1eefng qu\u1ea3 ch\u01b0a \u0111\u01b0\u1ee3c b\u00f3c v\u1ecf r\u01a1i v\u00e0o s\u00e0ng ph\u00e2n lo\u1ea1i tr\u1ecdng l\u01b0\u1ee3ng ri\u00eang v\u00e0 \u0111\u01b0\u1ee3c l\u1ef1a ch\u1ecdn, v\u00e0 nh\u1eefng \u0111\u1eadu \u0111\u01b0\u1ee3c ch\u1ecdn s\u1ebd \u0111i qua c\u00e1c nh\u00e2n d\u1ecdc theo b\u1ec1 m\u1eb7t s\u00e0ng v\u00e0 v\u00e0o bao.<\/p> <\/div> <\/div> <div id=\"howto-step-1717037488983\" class=\"rank-math-step\"> <div class=\"rank-math-step-content\"><p>C\u00e1c h\u1ea1t \u0111\u1eadu ph\u1ed9ng ch\u01b0a \u0111\u01b0\u1ee3c g\u1ecdt v\u1ecf \u0111i xu\u1ed1ng b\u1ec1 m\u1eb7t s\u00e0ng v\u00e0 sau \u0111\u00f3 v\u00e0o b\u0103ng t\u1ea3i kh\u00ed th\u00f4ng qua l\u1ed6 x\u1ea3, b\u0103ng t\u1ea3i kh\u00ed \u0111\u01b0a ch\u00fang v\u00e0o tr\u1ed1ng ph\u00eda sau \u0111\u1ec3 g\u1ecdt v\u1ecf l\u1ea7n hai.<\/p> <\/div> <\/div> <div id=\"howto-step-1717037590696\" class=\"rank-math-step\"> <div class=\"rank-math-step-content\"><p>Cu\u1ed1i c\u00f9ng, c\u00e1c nh\u00e2n \u0111\u00e3 b\u00f3c v\u00e0 v\u1ecf r\u01a1i qua \u0111\u0129a l\u00f5m, sau \u0111\u00f3 tr\u1ea3i qua s\u00e0ng gi\u00f3 s\u01a1 b\u1ed9, t\u00e1ch tr\u1ecdng l\u01b0\u1ee3ng \u0111\u1eb7c v\u00e0 \u0111\u01b0\u1ee3c ch\u1ecdn. Sau \u0111\u00f3 to\u00e0n b\u1ed9 v\u1ecf c\u00f3 th\u1ec3 \u0111\u01b0\u1ee3c t\u00e1ch ra.<\/p> <\/div> <\/div> <\/div> <\/div>       <figure class=\"wp-block-image aligncenter size-large\"><img loading=\"lazy\" decoding=\"async\" width=\"720\" height=\"540\" src=\"https:\/\/www.agriculture-machine.com\/wp-content\/uploads\/2021\/07\/start-end.jpg\" alt=\"m\u00e1y b\u00f3c v\u1ecf \u0111\u1eadu ph\u1ed9ng\" class=\"wp-image-10899\" srcset=\"https:\/\/www.agriculture-machine.com\/wp-content\/uploads\/2021\/07\/start-end.jpg 720w, https:\/\/www.agriculture-machine.com\/wp-content\/uploads\/2021\/07\/start-end-360x270.jpg 360w, https:\/\/www.agriculture-machine.com\/wp-content\/uploads\/2021\/07\/start-end-240x180.jpg 240w\" sizes=\"auto, (max-width: 720px) 100vw, 720px\" \/><figcaption class=\"wp-element-caption\">\u0111\u1eadu ph\u1ed9ng thresher<\/figcaption><\/figure>    <h2 class=\"wp-block-heading\" id=\"h-maintenance-of-peanut-thresher\"><span class=\"has-inline-color has-black-color\">B\u1ea3o tr\u00ec m\u00e1y b\u00f3c v\u1ecf \u0111\u1eadu ph\u1ed9ng<\/span><\/h2>    <ol class=\"wp-block-list\"> <li>M\u00e1y b\u00f3c v\u1ecf \u0111\u1eadu ph\u1ed9ng b\u1ecf m\u00e1y s\u1eed d\u1ee5ng \u0111ai tam gi\u00e1c. Sau khi d\u00f9ng \u0111ai m\u1edbi m\u1ed9t th\u1eddi gian, n\u00f3 s\u1ebd d\u1ea7n gi\u00e3n v\u00e0 b\u1ecb l\u1ecfng, do \u0111\u00f3 c\u1ea7n ki\u1ec3m tra \u0111\u1ed9 c\u0103ng c\u1ee7a c\u00e1c \u0111ai truy\u1ec1n \u0111\u1ed9ng m\u1ed7i khi, xem kho\u1ea3ng c\u00e1ch gi\u1eefa c\u00e1c ph\u1ea7n gh\u00e9p c\u00f3 ph\u00f9 h\u1ee3p hay kh\u00f4ng, v\u00e0 \u0111i\u1ec1u ch\u1ec9nh k\u1ecbp th\u1eddi.<\/li>    <li>During operation, you should always pay attention to whether the machine&#8217;s speed, sound, and temperature are normal.<\/li>    <li>You should check the screen body&#8217;s suspension shaft and all the movable joints&#8217; bearings in time for lack of oil and wear, and if they appear, they should be replaced in time.<\/li>    <li>Sau m\u1ed7i thao t\u00e1c, \u0111\u00e1y s\u00e0ng c\u1ee7a m\u00e1y ch\u00e0 tr\u00e1i c\u00e2y, t\u1ee9c l\u1ed7 v\u00e0 khe c\u1ee7a v\u1ea3y c\u00e1, \u0111\u01b0\u1ee3c l\u00e0m s\u1ea1ch b\u1eb1ng b\u00e0n ch\u1ea3i th\u00e9p th\u01b0\u1eddng xuy\u00ean.<\/li>    <li>Sau m\u00f9a ch\u1ebf bi\u1ebfn, ti\u1ebfn h\u00e0nh ki\u1ec3m tra \u0111\u1ecbnh k\u1ef3 m\u00e1y b\u00f3c v\u1ecf \u0111\u1eadu ph\u1ed9ng b\u1ecf m\u00e1y. Sau khi ki\u1ec3m tra, s\u1eeda ch\u1eefa ph\u1ea7n h\u1ecfng v\u00e0 lo\u1ea1i b\u1ecf b\u1ee5i b\u1ea9n v\u00e0 \u0111\u1eadu ph\u1ed9ng c\u00f2n s\u00f3t l\u1ea1i kh\u1ecfi m\u00e1y.<\/li>    <li>Sau khi s\u1eed d\u1ee5ng thresher \u0111\u1eadu ph\u1ed9ng, th\u00e1o \u0111ai v\u00e0 \u0111\u1ec3 m\u00e1y v\u00e0o kho kh\u00f4 \u0111\u1ec3 b\u1ea3o qu\u1ea3n. Sau khi th\u00e1o \u0111ai, treo n\u00f3 l\u00ean t\u01b0\u1eddng trong nh\u00e0 kh\u00f4ng ph\u01a1i d\u01b0\u1edbi \u00e1nh s\u00e1ng m\u1eb7t tr\u1eddi.<\/li> <\/ol>    <h2 class=\"wp-block-heading\" id=\"h-something-about-stock-and-shipping\"><span class=\"has-inline-color has-black-color\">M\u1ed9t s\u1ed1 v\u1ec1 c\u1ed5 phi\u1ebfu v\u00e0 v\u1eadn chuy\u1ec3n<\/span><\/h2>    <p>Nh\u00ecn v\u00e0o h\u00ecnh \u1edf d\u01b0\u1edbi, x\u01b0\u1edfng c\u1ee7a ch\u00fang t\u00f4i c\u00f3 s\u1ee9c m\u1ea1nh l\u1edbn, v\u00ec v\u1eady c\u00f3 \u0111\u1ee7 h\u00e0ng t\u1ed3n kho, m\u1eddi b\u1ea1n y\u00ean t\u00e2m mua s\u1ea3n ph\u1ea9m c\u1ee7a ch\u00fang t\u00f4i. H\u00ecnh \u0111\u1ea7u ti\u00ean l\u00e0 m\u00e1y b\u00f3c v\u1ecf \u0111\u1eadu ph\u1ed9ng b\u1ecf m\u00e1y ch\u01b0a s\u01a1n, v\u00e0 h\u00ecnh th\u1ee9 hai l\u00e0 s\u1ea3n ph\u1ea9m ho\u00e0n ch\u1ec9nh. <\/p>    <p>M\u00e1y thresher \u0111\u1eadu ph\u1ed9ng c\u1ee7a ch\u00fang t\u00f4i tr\u00f4ng tinh x\u1ea3o, b\u1ea1n \u0111\u01b0\u1ee3c ch\u00e0o \u0111\u00f3n mua. V\u1ec1 giao h\u00e0ng, ch\u00fang t\u00f4i \u0111\u00f3ng g\u00f3i b\u1eb1ng h\u1ed9p g\u1ed7 v\u00e0 \u00e1p d\u1ee5ng c\u00e1c bi\u1ec7n ph\u00e1p b\u1ea3o v\u1ec7 an to\u00e0n \u0111\u1ea7y \u0111\u1ee7. V\u00ec v\u1eady, xin \u0111\u1eebng lo l\u1eafng v\u1ec1 h\u01b0 h\u1ecfng m\u00e1y trong qu\u00e1 tr\u00ecnh v\u1eadn chuy\u1ec3n.<\/p>    <figure class=\"wp-block-gallery aligncenter has-nested-images columns-default is-cropped wp-block-gallery-2 is-layout-flex wp-block-gallery-is-layout-flex\"> <figure class=\"wp-block-image size-large\"><img loading=\"lazy\" decoding=\"async\" width=\"720\" height=\"540\" data-id=\"10900\" src=\"https:\/\/www.agriculture-machine.com\/wp-content\/uploads\/2021\/07\/groundnut-sheller-machine.jpg\" alt=\"m\u00e1y b\u00f3c v\u1ecf \u0111\u1eadu ph\u1ed9ng\" class=\"wp-image-10900\" srcset=\"https:\/\/www.agriculture-machine.com\/wp-content\/uploads\/2021\/07\/groundnut-sheller-machine.jpg 720w, https:\/\/www.agriculture-machine.com\/wp-content\/uploads\/2021\/07\/groundnut-sheller-machine-360x270.jpg 360w, https:\/\/www.agriculture-machine.com\/wp-content\/uploads\/2021\/07\/groundnut-sheller-machine-240x180.jpg 240w\" sizes=\"auto, (max-width: 720px) 100vw, 720px\" \/><figcaption class=\"wp-element-caption\">m\u00e1y b\u00f3c v\u1ecf \u0111\u1eadu ph\u1ed9ng<\/figcaption><\/figure>    <figure class=\"wp-block-image size-large\"><img loading=\"lazy\" decoding=\"async\" width=\"720\" height=\"540\" data-id=\"10901\" src=\"https:\/\/www.agriculture-machine.com\/wp-content\/uploads\/2021\/07\/stock.jpg\" alt=\"kho h\u00e0ng\" class=\"wp-image-10901\" srcset=\"https:\/\/www.agriculture-machine.com\/wp-content\/uploads\/2021\/07\/stock.jpg 720w, https:\/\/www.agriculture-machine.com\/wp-content\/uploads\/2021\/07\/stock-360x270.jpg 360w, https:\/\/www.agriculture-machine.com\/wp-content\/uploads\/2021\/07\/stock-240x180.jpg 240w\" sizes=\"auto, (max-width: 720px) 100vw, 720px\" \/><figcaption class=\"wp-element-caption\">kho h\u00e0ng<\/figcaption><\/figure>    <figure class=\"wp-block-image size-large\"><img loading=\"lazy\" decoding=\"async\" width=\"720\" height=\"540\" data-id=\"10902\" src=\"https:\/\/www.agriculture-machine.com\/wp-content\/uploads\/2021\/07\/factory.jpg\" alt=\"m\u00e1y b\u00f3c v\u1ecf \u0111\u1eadu ph\u1ed9ng\" class=\"wp-image-10902\" srcset=\"https:\/\/www.agriculture-machine.com\/wp-content\/uploads\/2021\/07\/factory.jpg 720w, https:\/\/www.agriculture-machine.com\/wp-content\/uploads\/2021\/07\/factory-360x270.jpg 360w, https:\/\/www.agriculture-machine.com\/wp-content\/uploads\/2021\/07\/factory-240x180.jpg 240w\" sizes=\"auto, (max-width: 720px) 100vw, 720px\" \/><figcaption class=\"wp-element-caption\">m\u00e1y b\u00f3c v\u1ecf \u0111\u1eadu ph\u1ed9ng<\/figcaption><\/figure>    <figure class=\"wp-block-image aligncenter size-large\"><img loading=\"lazy\" decoding=\"async\" width=\"720\" height=\"540\" data-id=\"10903\" src=\"https:\/\/www.agriculture-machine.com\/wp-content\/uploads\/2021\/07\/packaging.jpg\" alt=\"bao b\u00ec\" class=\"wp-image-10903\" srcset=\"https:\/\/www.agriculture-machine.com\/wp-content\/uploads\/2021\/07\/packaging.jpg 720w, https:\/\/www.agriculture-machine.com\/wp-content\/uploads\/2021\/07\/packaging-360x270.jpg 360w, https:\/\/www.agriculture-machine.com\/wp-content\/uploads\/2021\/07\/packaging-240x180.jpg 240w\" sizes=\"auto, (max-width: 720px) 100vw, 720px\" \/><figcaption class=\"wp-element-caption\">bao b\u00ec<\/figcaption><\/figure> <\/figure>    <h2 class=\"wp-block-heading\" id=\"h-the-price-of-peanut-thresher\"><span class=\"has-inline-color has-black-color\">Gi\u00e1 c\u1ee7a m\u00e1y thresher \u0111\u1eadu ph\u1ed9ng<\/span><\/h2>    <p>Do c\u00e1c th\u00e0nh ph\u1ea7n kh\u00e1c nhau, ch\u00fang t\u00f4i kh\u00f4ng th\u1ec3 \u0111\u01b0a ra gi\u00e1 r\u00f5 r\u00e0ng cho b\u1ea1n, nh\u01b0ng ch\u00fang t\u00f4i h\u1ee9a s\u1ebd cung c\u1ea5p d\u1ecbch v\u1ee5 chu \u0111\u00e1o v\u00e0 m\u1ee9c gi\u00e1 h\u1ee3p l\u00fd nh\u1ea5t. B\u1ea1n c\u00f3 th\u1ec3 \u0111\u1ec3 l\u1ea1i th\u00f4ng tin li\u00ean h\u1ec7 v\u00e0 nh\u00e2n vi\u00ean c\u1ee7a ch\u00fang t\u00f4i s\u1ebd li\u00ean h\u1ec7 l\u1ea1i trong v\u00f2ng 24 gi\u1edd \u0111\u1ec3 hi\u1ec3u nhu c\u1ea7u c\u1ee7a b\u1ea1n, m\u1eddi b\u1ea1n tham kh\u1ea3o.<\/p>    <h2 class=\"wp-block-heading\" id=\"h-technical-parameter\">Th\u00f4ng s\u1ed1 k\u1ef9 thu\u1eadt<\/h2>    <figure class=\"wp-block-image aligncenter size-large\"><img loading=\"lazy\" decoding=\"async\" width=\"720\" height=\"360\" src=\"https:\/\/www.agriculture-machine.com\/wp-content\/uploads\/2021\/07\/Technical-parameter-of-peanut-sheller-removing-machine-720x360.jpg\" alt=\"Th\u00f4ng s\u1ed1 k\u1ef9 thu\u1eadt c\u1ee7a m\u00e1y b\u00f3c v\u1ecf \u0111\u1eadu ph\u1ed9ng b\u1ecf m\u00e1y\" class=\"wp-image-10918\" srcset=\"https:\/\/www.agriculture-machine.com\/wp-content\/uploads\/2021\/07\/Technical-parameter-of-peanut-sheller-removing-machine-720x360.jpg 720w, https:\/\/www.agriculture-machine.com\/wp-content\/uploads\/2021\/07\/Technical-parameter-of-peanut-sheller-removing-machine-360x180.jpg 360w, https:\/\/www.agriculture-machine.com\/wp-content\/uploads\/2021\/07\/Technical-parameter-of-peanut-sheller-removing-machine-768x384.jpg 768w, https:\/\/www.agriculture-machine.com\/wp-content\/uploads\/2021\/07\/Technical-parameter-of-peanut-sheller-removing-machine.jpg 900w\" sizes=\"auto, (max-width: 720px) 100vw, 720px\" \/><figcaption class=\"wp-element-caption\">Th\u00f4ng s\u1ed1 k\u1ef9 thu\u1eadt c\u1ee7a m\u00e1y b\u00f3c v\u1ecf \u0111\u1eadu ph\u1ed9ng b\u1ecf m\u00e1y<\/figcaption><\/figure>    <p class=\"translation-block\">B\u00ean tr\u00ean l\u00e0 danh s\u00e1ch tham chi\u1ebfu chi ti\u1ebft c\u1ee7a m\u00e1y n\u00e0y, c\u00f3 th\u1ec3 tham kh\u1ea3o. N\u1ebfu b\u1ea1n mu\u1ed1n bi\u1ebft th\u00eam c\u00e1c lo\u1ea1i v\u00e0 chi ti\u1ebft c\u1ee7a <a href=\"https:\/\/en.wikipedia.org\/wiki\/Peanut\" target=\"_blank\" rel=\"noopener\">h\u1ec7 th\u1ed1ng b\u00f3c v\u1ecf \u0111\u1eadu ph\u1ed9ng<\/a>, xin h\u00e3y li\u00ean h\u1ec7 v\u1edbi ch\u00fang t\u00f4i \u0111\u1ec3 \u0111\u01b0\u1ee3c t\u01b0 v\u1ea5n.<\/p>","protected":false},"excerpt":{"rendered":"<p>M\u00e1y b\u00f3c v\u1ecf \u0111\u1eadu ph\u1ed9ng c\u1ee7a ch\u00fang t\u00f4i d\u1ec5 v\u1eadn h\u00e0nh v\u00e0 c\u00f3 th\u1ec3 ch\u1ea1y b\u1eb1ng \u0111i\u1ec7n, x\u0103ng, diesel, c\u00f3 nhi\u1ec1u l\u1ef1a ch\u1ecdn cho b\u1ea1n.<\/p>","protected":false},"author":1,"featured_media":10896,"parent":0,"comment_status":"closed","ping_status":"closed","template":"","tags":[798,797,648,866],"product-type":[895,872],"class_list":["post-10893","product","type-product","status-publish","has-post-thumbnail","hentry","tag-groundnut","tag-peanut","tag-removing-groundnut-shell","tag-removing-peanut-shell","product-type-peanut-sheller","product-type-thresher-sheller"],"_links":{"self":[{"href":"https:\/\/www.agriculture-machine.com\/vi\/wp-json\/wp\/v2\/product\/10893","targetHints":{"allow":["GET"]}}],"collection":[{"href":"https:\/\/www.agriculture-machine.com\/vi\/wp-json\/wp\/v2\/product"}],"about":[{"href":"https:\/\/www.agriculture-machine.com\/vi\/wp-json\/wp\/v2\/types\/product"}],"author":[{"embeddable":true,"href":"https:\/\/www.agriculture-machine.com\/vi\/wp-json\/wp\/v2\/users\/1"}],"replies":[{"embeddable":true,"href":"https:\/\/www.agriculture-machine.com\/vi\/wp-json\/wp\/v2\/comments?post=10893"}],"wp:featuredmedia":[{"embeddable":true,"href":"https:\/\/www.agriculture-machine.com\/vi\/wp-json\/wp\/v2\/media\/10896"}],"wp:attachment":[{"href":"https:\/\/www.agriculture-machine.com\/vi\/wp-json\/wp\/v2\/media?parent=10893"}],"wp:term":[{"taxonomy":"post_tag","embeddable":true,"href":"https:\/\/www.agriculture-machine.com\/vi\/wp-json\/wp\/v2\/tags?post=10893"},{"taxonomy":"product-type","embeddable":true,"href":"https:\/\/www.agriculture-machine.com\/vi\/wp-json\/wp\/v2\/product-type?post=10893"}],"curies":[{"name":"wp","href":"https:\/\/api.w.org\/{rel}","templated":true}]}}