{"id":10960,"date":"2021-07-30T09:28:50","date_gmt":"2021-07-30T01:28:50","guid":{"rendered":"https:\/\/www.agriculture-machine.com\/?p=10960"},"modified":"2024-09-23T11:18:08","modified_gmt":"2024-09-23T03:18:08","slug":"different-types-of-disc-harrow-for-sale","status":"publish","type":"product","link":"https:\/\/www.agriculture-machine.com\/vi\/different-types-of-disc-harrow-for-sale\/","title":{"rendered":"C\u00e1c lo\u1ea1i c\u00e0y r\u00e3nh kh\u00e1c nhau \u0111\u1ec3 b\u00e1n"},"content":{"rendered":"<h2 class=\"wp-block-heading\" id=\"h-introduction\">Gi\u1edbi thi\u1ec7u <\/h2>    <p>C\u00e0o \u0111\u0129a g\u1ed3m khung c\u00e0o, nh\u00f3m c\u00e0o, thi\u1ebft b\u1ecb k\u00e9o ho\u1eb7c treo, v\u00e0 c\u01a1 ch\u1ebf \u0111i\u1ec1u ch\u1ec9nh l\u1ec7ch. \u0110\u00e2y l\u00e0 m\u00e1y d\u00f9ng \u0111\u1ec3 tr\u1ea3i \u0111\u1ea5t, ph\u00e2n compost, v\u00e0 c\u1ecf d\u1ea1i \u0111\u1ec3 ch\u00fang b\u00e1m v\u00e0o b\u1ec1 m\u1eb7t \u0111\u1ea5t n\u00f4ng nghi\u1ec7p. M\u00e1y n\u00e0y ch\u1ee7 y\u1ebfu d\u00f9ng \u0111\u1ec3 l\u00e0m l\u1ecfng \u0111\u1ea5t sau c\u00e0y \u0111\u1ec3 \u0111\u00e1p \u1ee9ng y\u00eau c\u1ea7u canh t\u00e1c c\u1ee7a vi\u1ec7c chu\u1ea9n b\u1ecb \u0111\u1ea5t tr\u01b0\u1edbc gieo tr\u1ed3ng. N\u00f3 c\u0169ng d\u00f9ng \u0111\u1ec3 nh\u1ed5 c\u1ecf ho\u1eb7c l\u00e0m \u0111\u1ea5t n\u00f4ng c\u1ea1n v\u00e0 lo\u1ea1i b\u1ecf r\u1ea1 tr\u00ean ru\u1ed9ng sau thu ho\u1ea1ch.<\/p>    <figure class=\"wp-block-image size-large is-resized\"><img loading=\"lazy\" decoding=\"async\" src=\"https:\/\/www.agriculture-machine.com\/wp-content\/uploads\/2021\/07\/disc-harrow-2-344x540.jpg\" alt=\"c\u00e0o \u0111\u0129a\" class=\"wp-image-10982\" width=\"839\" height=\"1317\" srcset=\"https:\/\/www.agriculture-machine.com\/wp-content\/uploads\/2021\/07\/disc-harrow-2-344x540.jpg 344w, https:\/\/www.agriculture-machine.com\/wp-content\/uploads\/2021\/07\/disc-harrow-2-172x270.jpg 172w, https:\/\/www.agriculture-machine.com\/wp-content\/uploads\/2021\/07\/disc-harrow-2.jpg 720w\" sizes=\"auto, (max-width: 839px) 100vw, 839px\" \/><figcaption>c\u00e0o \u0111\u0129a<\/figcaption><\/figure>    <h2 class=\"wp-block-heading\" id=\"h-the-main-difference-between-disc-harrow-and-disc-plow\">S\u1ef1 kh\u00e1c bi\u1ec7t ch\u00ednh gi\u1eefa c\u00e0o \u0111\u0129a v\u00e0 c\u00e0y \u0111\u0129a:<\/h2>    <p class=\"translation-block\">V\u00ec c\u00e0y \u0111\u0129a v\u00e0 c\u00e0o \u0111\u0129a c\u00f3 t\u00ean g\u1ecdi t\u01b0\u01a1ng t\u1ef1, nhi\u1ec1u ng\u01b0\u1eddi nh\u1ea7m l\u1eabn hai d\u1ee5ng c\u1ee5 v\u00e0 ngh\u0129 r\u1eb1ng ch\u00fang c\u00f3 ch\u1ee9c n\u0103ng gi\u1ed1ng nhau. Th\u1ef1c t\u1ebf, ch\u00fang c\u00f3 nhi\u1ec1u \u0111i\u1ec3m kh\u00e1c bi\u1ec7t. \u1ede \u0111\u00e2y ch\u00fang t\u00f4i ch\u1ee7 y\u1ebfu ph\u00e2n bi\u1ec7t ch\u00fang d\u1ef1a tr\u00ean c\u00e1c kh\u00eda c\u1ea1nh n\u00e0y:<\/p>    <p>1. C\u00e1c \u0111\u1ed1i t\u01b0\u1ee3ng m\u00e0 ch\u00fang ho\u1ea1t \u0111\u1ed9ng v\u00e0 ch\u1ee9c n\u0103ng c\u1ee7a m\u00e1y kh\u00e1c nhau: c\u00e0y \u0111\u0129a ch\u1ee7 y\u1ebfu d\u00f9ng \u0111\u1ec3 c\u00e0y \u0111\u1ea5t ch\u01b0a canh t\u00e1c, c\u00f2n c\u00e0o \u0111\u0129a d\u00f9ng \u0111\u1ec3 nghi\u1ec1n v\u00e0 san ph\u1eb3ng \u0111\u1ea5t \u0111\u00e3 canh t\u00e1c.<\/p>    <p>2. C\u00e1ch k\u1ebft n\u1ed1i v\u1edbi \u0111\u1ed9ng c\u01a1 kh\u00e1c nhau: c\u00e0y \u0111\u0129a l\u00e0 lo\u1ea1i treo ba \u0111i\u1ec3m, c\u00f2n c\u00e0o \u0111\u0129a c\u00f3 lo\u1ea1i k\u00e9o l\u1edbn v\u00e0 lo\u1ea1i treo nh\u1ecf.<\/p>    <p>3. C\u1ea5u tr\u00fac c\u1ee7a m\u00e1y v\u00e0 l\u1ef1c trong qu\u00e1 tr\u00ecnh v\u1eadn h\u00e0nh kh\u00e1c nhau: c\u00e0y \u0111\u0129a gi\u1ed1ng nh\u01b0 v\u1ecb tr\u00ed l\u1eafp c\u1ee7a m\u0169i c\u00e0y tr\u00ean c\u00e0y ba \u0111i\u1ec3m treo, thay v\u00ec l\u1eafp hai ho\u1eb7c nhi\u1ec1u th\u00e2n c\u00e0o \u0111\u0129a v\u00e0 t\u1ea5m quay \u0111\u1ea5t.<\/p>    <h2 class=\"wp-block-heading\" id=\"h-advantages-of-disc-harrow\">\u01afu \u0111i\u1ec3m c\u1ee7a c\u00e0o \u0111\u0129a<\/h2>    <ol class=\"wp-block-list\"><li>C\u00e0o \u0111\u0129a gi\u1ed1ng nh\u01b0 m\u1ed9t ng\u00f4i sao \u0111ang m\u1ecdc c\u1ee7a m\u00e1y m\u00f3c n\u00f4ng nghi\u1ec7p v\u00e0 \u0111\u01b0\u1ee3c s\u1eed d\u1ee5ng r\u1ed9ng r\u00e3i \u1edf h\u1ea7u h\u1ebft c\u00e1c qu\u1ed1c gia v\u00e0 khu v\u1ef1c tr\u00ean th\u1ebf gi\u1edbi. Hi\u1ec7n nay, \u1edf m\u1ed9t s\u1ed1 qu\u1ed1c gia, t\u1ea7m quan tr\u1ecdng c\u1ee7a c\u00e0o \u0111\u0129a kh\u00f4ng k\u00e9m g\u00ec so v\u1edbi c\u00e0y x\u1ebb. <\/li><li>Y\u00eau c\u1ea7u \u00edt c\u00f4ng su\u1ea5t h\u01a1n v\u00e0 hi\u1ec7u qu\u1ea3 v\u1eadn h\u00e0nh cao. N\u00f3 c\u0169ng ti\u1ebft ki\u1ec7m n\u0103ng l\u01b0\u1ee3ng, tr\u00e1nh c\u00e0y \u0111\u1ea5t qu\u00e1 m\u1ee9c, v\u00e0 \u0111\u1ea5t sau khi c\u00e0o c\u00f3 th\u1ec3 \u0111\u01b0\u1ee3c tr\u1ed9n \u0111\u1ec1u, th\u00fac \u0111\u1ea9y ho\u1ea1t \u0111\u1ed9ng v\u00e0 ph\u00e2n h\u1ee7y h\u00f3a h\u1ecdc c\u1ee7a vi sinh v\u1eadt trong \u0111\u1ea5t. <\/li><li>C\u00f3 \u01b0u \u0111i\u1ec3m v\u1ec1 kh\u1ea3 n\u0103ng lo\u1ea1i b\u1ecf r\u1ea1 m\u1ea1nh m\u1ebd, hi\u1ec7u qu\u1ea3 nghi\u1ec1n \u0111\u1ea5t t\u1ed1t, l\u1ef1c v\u1eadn h\u00e0nh th\u1ea5p, n\u0103ng su\u1ea5t cao, chi ph\u00ed v\u1eadn h\u00e0nh th\u1ea5p, v\u00e0 t\u1ed1t cho vi\u1ec7c b\u1ea3o t\u1ed3n \u0111\u1ed9 \u1ea9m v\u00e0 c\u00f3 th\u1ec3 c\u1ea3i thi\u1ec7n ch\u1ea5t l\u01b0\u1ee3ng gieo tr\u1ed3ng.<\/li><\/ol>    <h2 class=\"wp-block-heading\" id=\"h-three-types\">Ba lo\u1ea1i <\/h2>    <h3 class=\"wp-block-heading\">Ch\u00fang t\u00f4i c\u00f3 ba lo\u1ea1i c\u00e0o \u0111\u0129a kh\u00e1c nhau v\u1edbi \u0111\u1eb7c \u0111i\u1ec3m ri\u00eang, b\u1ea1n c\u00f3 th\u1ec3 ch\u1ecdn lo\u1ea1i ph\u00f9 h\u1ee3p \u0111\u1ec3 \u0111\u00e1p \u1ee9ng nhu c\u1ea7u c\u1ee7a m\u00ecnh.<\/h3>    <p>N\u00f3 c\u00f3 kh\u1ea3 n\u0103ng k\u00e9o kh\u00f4ng thi\u00ean v\u1ecb, hi\u1ec7u qu\u1ea3 v\u1eadn h\u00e0nh cao, s\u1eed d\u1ee5ng c\u00f4ng su\u1ea5t h\u1ee3p l\u00fd, v\u00e0 kh\u1ea3 n\u0103ng x\u00e2m nh\u1eadp v\u00e0 nghi\u1ec1n n\u00e1t \u0111\u1ea5t m\u1ea1nh m\u1ebd. B\u1ec1 m\u1eb7t \u0111\u1ea5t ph\u1eb3ng sau khi c\u00e0y x\u1edbi v\u00e0 \u0111\u1ea5t tr\u1edf n\u00ean l\u1ecfng l\u1ebbo. C\u00e0o \u0111\u0129a \u0111\u1ed1i l\u1eadp ph\u00f9 h\u1ee3p v\u1edbi \u0111\u1ea5t n\u1eb7ng, \u0111\u1ea5t hoang v\u00e0 c\u1ecf d\u1ea1i. C\u00e0o \u0111\u0129a \u0111\u1ed1i l\u1eadp k\u1ebft h\u1ee3p v\u1edbi c\u00f4ng su\u1ea5t l\u1edbn.<\/p>    <figure class=\"wp-block-gallery columns-2 is-cropped wp-block-gallery-2 is-layout-flex wp-block-gallery-is-layout-flex\"><ul class=\"blocks-gallery-grid\"><li class=\"blocks-gallery-item\"><figure><img loading=\"lazy\" decoding=\"async\" width=\"540\" height=\"540\" src=\"https:\/\/www.agriculture-machine.com\/wp-content\/uploads\/2021\/07\/Opposed-light-disc-harrow3-540x540.jpg\" alt=\"Opposed\u00a0light disc harrow\" data-id=\"10986\" data-full-url=\"https:\/\/www.agriculture-machine.com\/wp-content\/uploads\/2021\/07\/Opposed-light-disc-harrow3.jpg\" data-link=\"https:\/\/www.agriculture-machine.com\/different-types-of-disc-harrow-for-sale\/opposed-light-disc-harrow3\/\" class=\"wp-image-10986\" srcset=\"https:\/\/www.agriculture-machine.com\/wp-content\/uploads\/2021\/07\/Opposed-light-disc-harrow3-540x540.jpg 540w, https:\/\/www.agriculture-machine.com\/wp-content\/uploads\/2021\/07\/Opposed-light-disc-harrow3-270x270.jpg 270w, https:\/\/www.agriculture-machine.com\/wp-content\/uploads\/2021\/07\/Opposed-light-disc-harrow3.jpg 750w\" sizes=\"auto, (max-width: 540px) 100vw, 540px\" \/><\/figure><\/li><li class=\"blocks-gallery-item\"><figure><img loading=\"lazy\" decoding=\"async\" width=\"408\" height=\"540\" src=\"https:\/\/www.agriculture-machine.com\/wp-content\/uploads\/2021\/07\/Opposed-light-disc-harrow-2-1-408x540.jpg\" alt=\"Opposed\u00a0light disc harrow\" data-id=\"10985\" data-full-url=\"https:\/\/www.agriculture-machine.com\/wp-content\/uploads\/2021\/07\/Opposed-light-disc-harrow-2-1.jpg\" data-link=\"https:\/\/www.agriculture-machine.com\/different-types-of-disc-harrow-for-sale\/opposed-light-disc-harrow-2-2\/\" class=\"wp-image-10985\" srcset=\"https:\/\/www.agriculture-machine.com\/wp-content\/uploads\/2021\/07\/Opposed-light-disc-harrow-2-1-408x540.jpg 408w, https:\/\/www.agriculture-machine.com\/wp-content\/uploads\/2021\/07\/Opposed-light-disc-harrow-2-1-204x270.jpg 204w, https:\/\/www.agriculture-machine.com\/wp-content\/uploads\/2021\/07\/Opposed-light-disc-harrow-2-1.jpg 720w\" sizes=\"auto, (max-width: 408px) 100vw, 408px\" \/><\/figure><\/li><\/ul><\/figure>    <p>Th\u00f4ng s\u1ed1 k\u1ef9 thu\u1eadt c\u1ee7a c\u00e0o \u0111\u0129a \u0111\u1ed1i l\u1eadp nh\u1eb9<\/p>    <figure class=\"wp-block-table is-style-stripes\"><table><tbody><tr><td>M\u1eabu<\/td><td>1BQDX-1.3<\/td><td>1BQDX-1.6<\/td><td>1BQDX-2.0<\/td><td>1BQDX-2.4<\/td><td>1BQDX-2.8<\/td><td>1BQDX-3.0<\/td><\/tr><tr><td>Chi\u1ec1u r\u1ed9ng c\u1eaft (mm)<\/td><td>1300<\/td><td>1600<\/td><td>2000<\/td><td>2400<\/td><td>2800<\/td><td>3000<\/td><\/tr><tr><td>Q&#8217; ty of disc<\/td><td>16<\/td><td>20<\/td><td>24<\/td><td>28<\/td><td>32<\/td><td>36<\/td><\/tr><tr><td>Tr\u1ecdng l\u01b0\u1ee3ng(kg)<\/td><td>330<\/td><td>390<\/td><td>460<\/td><td>560<\/td><td>600<\/td><td>650<\/td><\/tr><tr><td>C\u00f4ng su\u1ea5t m\u00e1y k\u00e9o (hp)<\/td><td>35-40<\/td><td>40-45<\/td><td>50-60<\/td><td>60-75<\/td><td>75-85<\/td><td>85-100<\/td><\/tr><\/tbody><\/table><\/figure>    <h3 class=\"wp-block-heading\">C\u00e0o \u0111\u0129a nh\u1eb9 g\u1eafn<\/h3>    <p>Lo\u1ea1i c\u00e0o \u0111\u0129a n\u00e0y ch\u1ee7 y\u1ebfu ph\u00f9 h\u1ee3p \u0111\u1ec3 ph\u00e1 v\u1ee1 \u0111\u1ea5t sau khi c\u00e0y, chu\u1ea9n b\u1ecb \u0111\u1ea5t tr\u01b0\u1edbc gieo tr\u1ed3ng, l\u00e0m l\u1ecfng \u0111\u1ea5t, tr\u1ed9n \u0111\u1ea5t v\u00e0 ph\u00e2n b\u00f3n, v\u00e0 th\u1ef1c hi\u1ec7n thao t\u00e1c lo\u1ea1i b\u1ecf r\u1ea1 trong \u0111\u1ea5t nh\u1eb9. M\u00e1y c\u00f3 \u0111\u1eb7c \u0111i\u1ec3m c\u1ea5u tr\u00fac h\u1ee3p l\u00fd, ch\u1eafc ch\u1eafn v\u00e0 b\u1ec1n b\u1ec9, d\u1ec5 s\u1eed d\u1ee5ng, d\u1ec5 b\u1ea3o tr\u00ec, kh\u1ea3 n\u0103ng nghi\u1ec1n \u0111\u1ea5t m\u1ea1nh m\u1ebd, v\u00e0 b\u1ec1 m\u1eb7t \u0111\u1ea5t m\u01b0\u1ee3t m\u00e0 sau khi c\u00e0o. C\u00f4ng su\u1ea5t ph\u00f9 h\u1ee3p nh\u1ecf h\u01a1n m\u1ed9t ch\u00fat v\u00e0 \u0111\u1ed9 s\u00e2u c\u1eaft c\u1ee7a c\u00e0o \u0111\u0129a nh\u1eb9 g\u1eafn nh\u1ecf h\u01a1n hai lo\u1ea1i c\u00f2n l\u1ea1i.<\/p>    <figure class=\"wp-block-gallery columns-2 is-cropped wp-block-gallery-3 is-layout-flex wp-block-gallery-is-layout-flex\"><ul class=\"blocks-gallery-grid\"><li class=\"blocks-gallery-item\"><figure><img loading=\"lazy\" decoding=\"async\" width=\"720\" height=\"540\" src=\"https:\/\/www.agriculture-machine.com\/wp-content\/uploads\/2021\/07\/Mounted-light-duty-disc-harrow-1.jpg\" alt=\"C\u00e1c lo\u1ea1i c\u00e0o \u0111\u0129a \u0111\u1ec3 b\u00e1n, ba lo\u1ea1i ch\u00ednh c\u1ee7a c\u00e0o \u0111\u0129a\" data-id=\"10987\" data-full-url=\"https:\/\/www.agriculture-machine.com\/wp-content\/uploads\/2021\/07\/Mounted-light-duty-disc-harrow-1.jpg\" data-link=\"https:\/\/www.agriculture-machine.com\/different-types-of-disc-harrow-for-sale\/mounted-light-duty-disc-harrow-3\/\" class=\"wp-image-10987\" srcset=\"https:\/\/www.agriculture-machine.com\/wp-content\/uploads\/2021\/07\/Mounted-light-duty-disc-harrow-1.jpg 720w, https:\/\/www.agriculture-machine.com\/wp-content\/uploads\/2021\/07\/Mounted-light-duty-disc-harrow-1-360x270.jpg 360w, https:\/\/www.agriculture-machine.com\/wp-content\/uploads\/2021\/07\/Mounted-light-duty-disc-harrow-1-240x180.jpg 240w\" sizes=\"auto, (max-width: 720px) 100vw, 720px\" \/><figcaption class=\"blocks-gallery-item__caption\">Chi ti\u1ebft m\u00e1y<\/figcaption><\/figure><\/li><li class=\"blocks-gallery-item\"><figure><img loading=\"lazy\" decoding=\"async\" width=\"720\" height=\"540\" src=\"https:\/\/www.agriculture-machine.com\/wp-content\/uploads\/2021\/07\/Mounted-light-duty-disc-harrow-2-1.jpg\" alt=\"Chi ti\u1ebft c\u1ee7a m\u00e1y m\u00f3c 2\" data-id=\"10988\" data-full-url=\"https:\/\/www.agriculture-machine.com\/wp-content\/uploads\/2021\/07\/Mounted-light-duty-disc-harrow-2-1.jpg\" data-link=\"https:\/\/www.agriculture-machine.com\/different-types-of-disc-harrow-for-sale\/mounted-light-duty-disc-harrow-2-2\/\" class=\"wp-image-10988\" srcset=\"https:\/\/www.agriculture-machine.com\/wp-content\/uploads\/2021\/07\/Mounted-light-duty-disc-harrow-2-1.jpg 720w, https:\/\/www.agriculture-machine.com\/wp-content\/uploads\/2021\/07\/Mounted-light-duty-disc-harrow-2-1-360x270.jpg 360w, https:\/\/www.agriculture-machine.com\/wp-content\/uploads\/2021\/07\/Mounted-light-duty-disc-harrow-2-1-240x180.jpg 240w\" sizes=\"auto, (max-width: 720px) 100vw, 720px\" \/><\/figure><\/li><\/ul><\/figure>    <p>Th\u00f4ng s\u1ed1 k\u1ef9 thu\u1eadt c\u1ee7a c\u00e0o \u0111\u0129a nh\u1eb9 g\u1eafn<\/p>    <figure class=\"wp-block-table is-style-stripes\"><table><tbody><tr><td>M\u1eabu<\/td><td>1BQX-1.1<\/td><td>1BQX-1.3<\/td><td>1BQX-1.5<\/td><td>1BQX-1.7<\/td><td>1BQX-1.9<\/td><td>1BQX-2.3<\/td><\/tr><tr><td>Chi\u1ec1u r\u1ed9ng c\u1eaft (mm)<\/td><td>1100<\/td><td>1300<\/td><td>1500<\/td><td>1700<\/td><td>1900<\/td><td>2300<\/td><\/tr><tr><td>Q&#8217; ty of disc<\/td><td>12<\/td><td>14<\/td><td>16<\/td><td>18<\/td><td>20<\/td><td>24<\/td><\/tr><tr><td>Tr\u1ecdng l\u01b0\u1ee3ng(kg)<\/td><td>200<\/td><td>220<\/td><td>240<\/td><td>260<\/td><td>310<\/td><td>360<\/td><\/tr><tr><td>C\u00f4ng su\u1ea5t m\u00e1y k\u00e9o (hp)<\/td><td>15<\/td><td>18<\/td><td>25<\/td><td>40<\/td><td>50<\/td><td>60<\/td><\/tr><\/tbody><\/table><\/figure>    <h3 class=\"wp-block-heading\">C\u00e0o \u0111\u0129a trung b\u00ecnh g\u1eafn<\/h3>    <p>1BJX c\u00e0o \u0111\u0129a trung b\u00ecnh g\u1eafn ph\u00f9 h\u1ee3p v\u1edbi l\u01b0\u1ee1i c\u1eaft c\u00f3 r\u0103ng c\u01b0a, v\u00e0 nh\u00f3m c\u00e0o ph\u00eda sau s\u1eed d\u1ee5ng l\u01b0\u1ee1i c\u1eaft c\u00e0o \u0111\u0129a. Ph\u00f9 h\u1ee3p \u0111\u1ec3 lo\u1ea1i b\u1ecf r\u1ea1 tr\u01b0\u1edbc khi c\u00e0y \u0111\u1ea5t kh\u00f4, ph\u00e1 v\u1ee1 \u0111\u1ea5t sau khi c\u00e0y, v\u00e0 \u0111\u1ea5t nh\u1eb9 thay th\u1ebf c\u00e0y. L\u01b0\u1ee1i c\u00e0o c\u1ee7a d\u00f2ng n\u00e0y do ch\u00fang t\u00f4i s\u1ea3n xu\u1ea5t c\u00f3 ch\u1ea5t l\u01b0\u1ee3ng t\u1ed1t v\u00e0 tu\u1ed5i th\u1ecd d\u00e0i. To\u00e0n b\u1ed9 m\u00e1y c\u00f3 \u0111\u01b0\u1eddng n\u00e9t \u0111\u1eb9p, m\u00e0u s\u1eafc \u0111a d\u1ea1ng, v\u00e0 ch\u1ee7ng lo\u1ea1i \u0111\u1ea7y \u0111\u1ee7, ph\u00f9 h\u1ee3p v\u1edbi c\u00e1c d\u00e2y \u0111ai c\u1ee7a m\u00e1y k\u00e9o b\u1ed1n b\u00e1nh c\u00f3 c\u00f4ng su\u1ea5t kh\u00e1c nhau. B\u1ec1 m\u1eb7t ph\u1eb3ng \u0111\u00e1p \u1ee9ng y\u00eau c\u1ea7u c\u1ee7a n\u00f4ng nghi\u1ec7p c\u01b0\u1eddng \u0111\u1ed9 cao.<\/p>    <figure class=\"wp-block-gallery columns-2 is-cropped wp-block-gallery-4 is-layout-flex wp-block-gallery-is-layout-flex\"><ul class=\"blocks-gallery-grid\"><li class=\"blocks-gallery-item\"><figure><img loading=\"lazy\" decoding=\"async\" width=\"720\" height=\"540\" src=\"https:\/\/www.agriculture-machine.com\/wp-content\/uploads\/2021\/07\/Mounted-middle-duty-disc-harrow-1.jpg\" alt=\"C\u00e0o \u0111\u0129a trung b\u00ecnh g\u1eafn\" data-id=\"10989\" data-full-url=\"https:\/\/www.agriculture-machine.com\/wp-content\/uploads\/2021\/07\/Mounted-middle-duty-disc-harrow-1.jpg\" data-link=\"https:\/\/www.agriculture-machine.com\/different-types-of-disc-harrow-for-sale\/mounted-middle-duty-disc-harrow-3\/\" class=\"wp-image-10989\" srcset=\"https:\/\/www.agriculture-machine.com\/wp-content\/uploads\/2021\/07\/Mounted-middle-duty-disc-harrow-1.jpg 720w, https:\/\/www.agriculture-machine.com\/wp-content\/uploads\/2021\/07\/Mounted-middle-duty-disc-harrow-1-360x270.jpg 360w, https:\/\/www.agriculture-machine.com\/wp-content\/uploads\/2021\/07\/Mounted-middle-duty-disc-harrow-1-240x180.jpg 240w\" sizes=\"auto, (max-width: 720px) 100vw, 720px\" \/><figcaption class=\"blocks-gallery-item__caption\">C\u00e0o \u0111\u0129a trung b\u00ecnh g\u1eafn<\/figcaption><\/figure><\/li><li class=\"blocks-gallery-item\"><figure><img loading=\"lazy\" decoding=\"async\" width=\"720\" height=\"540\" src=\"https:\/\/www.agriculture-machine.com\/wp-content\/uploads\/2021\/07\/Mounted-middle-duty-disc-harrow-2-1.jpg\" alt=\"C\u00e0o \u0111\u0129a trung b\u00ecnh g\u1eafn\" data-id=\"10990\" data-full-url=\"https:\/\/www.agriculture-machine.com\/wp-content\/uploads\/2021\/07\/Mounted-middle-duty-disc-harrow-2-1.jpg\" data-link=\"https:\/\/www.agriculture-machine.com\/different-types-of-disc-harrow-for-sale\/mounted-middle-duty-disc-harrow-2-2\/\" class=\"wp-image-10990\" srcset=\"https:\/\/www.agriculture-machine.com\/wp-content\/uploads\/2021\/07\/Mounted-middle-duty-disc-harrow-2-1.jpg 720w, https:\/\/www.agriculture-machine.com\/wp-content\/uploads\/2021\/07\/Mounted-middle-duty-disc-harrow-2-1-360x270.jpg 360w, https:\/\/www.agriculture-machine.com\/wp-content\/uploads\/2021\/07\/Mounted-middle-duty-disc-harrow-2-1-240x180.jpg 240w\" sizes=\"auto, (max-width: 720px) 100vw, 720px\" \/><figcaption class=\"blocks-gallery-item__caption\">C\u00e0o \u0111\u0129a trung b\u00ecnh g\u1eafn<\/figcaption><\/figure><\/li><\/ul><\/figure>    <p>Th\u00f4ng s\u1ed1 k\u1ef9 thu\u1eadt c\u1ee7a c\u00e0o \u0111\u0129a trung b\u00ecnh g\u1eafn<\/p>    <figure class=\"wp-block-table is-style-stripes\"><table><tbody><tr><td>M\u1eabu<\/td><td>1BJX-1.6<\/td><td>1BJX-1.8<\/td><td>1BJX-2.0<\/td><td>1BJX-2.2<\/td><td>1BJX-2.4<\/td><td>1BJX-2.5<\/td><\/tr><tr><td>Chi\u1ec1u r\u1ed9ng c\u1eaft (mm)<\/td><td>1600<\/td><td>1800<\/td><td>2000<\/td><td>2200<\/td><td>2400<\/td><td>2500<\/td><\/tr><tr><td>Q&#8217; ty of disc<\/td><td>14<\/td><td>16<\/td><td>18<\/td><td>20<\/td><td>22<\/td><td>24<\/td><\/tr><tr><td>Tr\u1ecdng l\u01b0\u1ee3ng(kg)<\/td><td>350<\/td><td>380<\/td><td>420<\/td><td>470<\/td><td>540<\/td><td>650<\/td><\/tr><tr><td>C\u00f4ng su\u1ea5t m\u00e1y k\u00e9o (hp)<\/td><td>30<\/td><td>40<\/td><td>50<\/td><td>60<\/td><td>70<\/td><td>80<\/td><\/tr><\/tbody><\/table><\/figure>    <h2 class=\"wp-block-heading\" id=\"h-precautions\">C\u00e1c l\u01b0u \u00fd<\/h2>    <ol class=\"wp-block-list\"><li>Ki\u1ec3m tra xem c\u00e1c bu l\u00f4ng v\u00e0 \u0111ai \u1ed1c c\u1ed1 \u0111\u1ecbnh c\u00f3 l\u1ecfng kh\u00f4ng tr\u01b0\u1edbc khi s\u1eed d\u1ee5ng, \u0111\u1eb7c bi\u1ec7t l\u00e0 \u0111ai \u1ed1c tr\u1ee5c vu\u00f4ng c\u1ea7n si\u1ebft ch\u1eb7t. \u0110ai \u1ed1c \u1edf cu\u1ed1i tr\u1ee5c vu\u00f4ng c\u1ea7n \u0111\u01b0\u1ee3c si\u1ebft ch\u1eb7t v\u00e0 kh\u00f3a ch\u1eb7t. Kh\u00f4ng \u0111\u01b0\u1ee3c rung l\u1eafc l\u01b0\u1ee1i c\u00e0o, n\u1ebfu kh\u00f4ng l\u1ed7 trong c\u1ee7a l\u01b0\u1ee1i c\u00e0o s\u1ebd m\u00e0i m\u00f2n tr\u00f2n tr\u1ee5c vu\u00f4ng.<\/li><li>Vi\u1ec7c n\u00e2ng l\u00ean h\u1ea1 xu\u1ed1ng c\u1ee7a c\u00e0o treo c\u1ea7n ch\u1eadm r\u00e3i v\u00e0 \u1ed5n \u0111\u1ecbnh. Kh\u00f4ng \u0111\u01b0\u1ee3c v\u1eadn h\u00e0nh qu\u00e1 m\u1ee9c, v\u00e0 kh\u00f4ng \u0111\u01b0\u1ee3c t\u0103ng tr\u1ecdng l\u01b0\u1ee3ng c\u1ee7a c\u00e0o \u0111\u1ec3 \u00e9p v\u00e0o \u0111\u1ea5t.<\/li><li>Trong qu\u00e1 tr\u00ecnh v\u1eadn h\u00e0nh, tuy\u1ec7t \u0111\u1ed1i kh\u00f4ng s\u1eeda ch\u1eefa, ki\u1ec3m tra v\u00e0 \u0111i\u1ec1u ch\u1ec9nh c\u00e0o. Khi m\u00e1y k\u00e9o l\u00e0m vi\u1ec7c v\u1edbi c\u00e0o, kh\u00f4ng \u0111\u01b0\u1ee3c r\u1ebd ngo\u1eb7t g\u1ea5p, v\u00e0 kh\u00f4ng \u0111\u01b0\u1ee3c \u0111\u1ea3o chi\u1ec1u c\u00e0o k\u00e9o. <\/li><li>Khi x\u1ea3y ra x\u00f3i m\u00f2n \u0111\u1ea5t nghi\u00eam tr\u1ecdng v\u00e0 k\u00e9o \u0111\u1ea5t, c\u1ea7n ph\u00e2n t\u00edch v\u00e0 lo\u1ea1i b\u1ecf nguy\u00ean nh\u00e2n, kh\u00f4ng \u0111\u01b0\u1ee3c v\u1eadn h\u00e0nh c\u01b0\u1ee1ng b\u1ee9c. Khi c\u00e0o g\u1ea7n m\u1eb7t \u0111\u1ea5t, l\u01b0\u1ee1i c\u00e0o kh\u00f4ng \u0111\u01b0\u1ee3c ch\u1ea1m v\u00e0o \u0111\u1ed3i, \u0111\u1ed3i \u0111\u00e1, v.v. <\/li><li>Khi chuy\u1ec3n giao c\u00e1c m\u1ea3nh \u0111\u1ea5t ho\u1eb7c v\u1eadn chuy\u1ec3n ng\u1eafn h\u1ea1n, c\u01a1 ch\u1ebf ho\u1ea1t \u0111\u1ed9ng c\u1ee7a c\u00e0o ph\u1ea3i \u0111\u01b0\u1ee3c n\u00e2ng l\u00ean v\u1ecb tr\u00ed cao nh\u1ea5t \u0111\u1ec3 kh\u00f3a, \u0111\u1ec3 d\u1ee5ng c\u1ee5 n\u00f4ng nghi\u1ec7p \u1edf v\u1ecb tr\u00ed v\u1eadn chuy\u1ec3n, v\u00e0 d\u00e2y h\u1ea1n ch\u1ebf \u0111\u01b0\u1ee3c si\u1ebft ch\u1eb7t. <\/li><\/ol>    <h2 class=\"wp-block-heading\" id=\"h-our-service\">D\u1ecbch v\u1ee5 c\u1ee7a ch\u00fang t\u00f4i<\/h2>    <p>Ch\u00fang t\u00f4i l\u00e0 m\u1ed9t nh\u00e0 m\u00e1y \u0111\u00e3 th\u00e0nh l\u1eadp nhi\u1ec1u n\u0103m. C\u00e1c m\u00e1y m\u00f3c ch\u00fang t\u00f4i s\u1ea3n xu\u1ea5t \u0111\u01b0\u1ee3c l\u00e0m t\u1eeb v\u1eadt li\u1ec7u ch\u1ea5t l\u01b0\u1ee3ng cao v\u00e0 \u0111\u00e3 \u0111\u01b0\u1ee3c ki\u1ec3m tra nhi\u1ec1u l\u1ea7n \u0111\u1ec3 \u0111\u1ea3m b\u1ea3o ch\u1ea5t l\u01b0\u1ee3ng \u0111\u00e1ng tin c\u1eady. Nh\u00e2n vi\u00ean c\u1ee7a ch\u00fang t\u00f4i c\u0169ng l\u00e0 nh\u1eefng ng\u01b0\u1eddi c\u00f3 nhi\u1ec1u kinh nghi\u1ec7m, c\u00f3 th\u00e1i \u0111\u1ed9 ph\u1ee5c v\u1ee5 t\u1ed1t v\u00e0 n\u0103ng su\u1ea5t l\u00e0m vi\u1ec7c cao. N\u1ebfu b\u1ea1n quan t\u00e2m \u0111\u1ebfn s\u1ea3n ph\u1ea9m c\u1ee7a ch\u00fang t\u00f4i v\u00e0 mu\u1ed1n bi\u1ebft th\u00eam chi ti\u1ebft v\u1ec1 m\u00e1y m\u00f3c c\u1ee7a ch\u00fang t\u00f4i, b\u1ea1n c\u00f3 th\u1ec3 \u0111\u1ec3 l\u1ea1i th\u00f4ng tin li\u00ean h\u1ec7, nh\u00e2n vi\u00ean c\u1ee7a ch\u00fang t\u00f4i s\u1ebd li\u00ean h\u1ec7 l\u1ea1i trong v\u00f2ng 24 gi\u1edd, ch\u00e0o m\u1eebng b\u1ea1n \u0111\u1ebfn t\u01b0 v\u1ea5n.<\/p>","protected":false},"excerpt":{"rendered":"<p>Introduction Disc harrow is composed of a raked frame, a rake group, a traction or suspension device, and a deflection adjustment mechanism. It is a machine that spreads the ground, compost, and weeds to make them adhere to the surface of the farmland. This machine is mainly used to loosen the soil after plowing\u00a0to meet [&hellip;]<\/p>\n","protected":false},"author":1,"featured_media":10991,"parent":0,"comment_status":"closed","ping_status":"closed","template":"","tags":[698],"product-type":[878],"class_list":["post-10960","product","type-product","status-publish","has-post-thumbnail","hentry","tag-tractor","product-type-manual-tractor"],"_links":{"self":[{"href":"https:\/\/www.agriculture-machine.com\/vi\/wp-json\/wp\/v2\/product\/10960","targetHints":{"allow":["GET"]}}],"collection":[{"href":"https:\/\/www.agriculture-machine.com\/vi\/wp-json\/wp\/v2\/product"}],"about":[{"href":"https:\/\/www.agriculture-machine.com\/vi\/wp-json\/wp\/v2\/types\/product"}],"author":[{"embeddable":true,"href":"https:\/\/www.agriculture-machine.com\/vi\/wp-json\/wp\/v2\/users\/1"}],"replies":[{"embeddable":true,"href":"https:\/\/www.agriculture-machine.com\/vi\/wp-json\/wp\/v2\/comments?post=10960"}],"wp:featuredmedia":[{"embeddable":true,"href":"https:\/\/www.agriculture-machine.com\/vi\/wp-json\/wp\/v2\/media\/10991"}],"wp:attachment":[{"href":"https:\/\/www.agriculture-machine.com\/vi\/wp-json\/wp\/v2\/media?parent=10960"}],"wp:term":[{"taxonomy":"post_tag","embeddable":true,"href":"https:\/\/www.agriculture-machine.com\/vi\/wp-json\/wp\/v2\/tags?post=10960"},{"taxonomy":"product-type","embeddable":true,"href":"https:\/\/www.agriculture-machine.com\/vi\/wp-json\/wp\/v2\/product-type?post=10960"}],"curies":[{"name":"wp","href":"https:\/\/api.w.org\/{rel}","templated":true}]}}