{"id":10993,"date":"2021-08-16T17:44:40","date_gmt":"2021-08-16T09:44:40","guid":{"rendered":"https:\/\/www.agriculture-machine.com\/?p=10993"},"modified":"2024-08-20T17:43:17","modified_gmt":"2024-08-20T09:43:17","slug":"potato-harvester-two-models-of-potato-harvester","status":"publish","type":"product","link":"https:\/\/www.agriculture-machine.com\/vi\/potato-harvester-two-models-of-potato-harvester\/","title":{"rendered":"Hai m\u1eabu m\u00e1y thu ho\u1ea1ch khoai t\u00e2y \u0111\u1ec3 b\u00e1n"},"content":{"rendered":"<p class=\"translation-block\">M\u00e1y thu ho\u1ea1ch khoai t\u00e2y ch\u00ednh l\u00e0 \u0111\u1ec3 ho\u00e0n th\u00e0nh vi\u1ec7c thu ho\u1ea1ch khoai t\u00e2y d\u01b0\u1edbi \u0111\u1ea5t, bao g\u1ed3m khoai t\u00e2y, khoai lang, c\u00e0 r\u1ed1t, v.v. Ph\u00f9 h\u1ee3p v\u1edbi nhi\u1ec1u lo\u1ea1i \u0111\u1ea5t: \u0111\u1ea5t c\u00e1t, \u0111\u1ea5t th\u1ecbt, v\u00e0 \u0111\u1ea5t c\u00f3 \u0111\u1ed9 k\u1ebft d\u00ednh trung b\u00ecnh. <\/p>    <p>M\u00e1y c\u00f3 th\u1ec3 l\u1eadt \u0111\u1ea5t v\u00e0 t\u1ea1o th\u00e0nh \u0111\u1ed1ng, gi\u1ea3m ti\u00eau th\u1ee5 nh\u00e2n c\u00f4ng v\u00e0 thu\u1eadn ti\u1ec7n cho vi\u1ec7c nh\u1eb7t. Do \u0111\u1ed9 s\u00e2u \u0111\u00e0o l\u1edbn, n\u00f3 kh\u00f4ng g\u00e2y h\u01b0 h\u1ea1i cho khoai t\u00e2y.<\/p>    <figure class=\"wp-block-embed aligncenter is-type-video is-provider-youtube wp-block-embed-youtube wp-embed-aspect-16-9 wp-has-aspect-ratio\"><div class=\"wp-block-embed__wrapper\"> <iframe loading=\"lazy\" title=\"T\u1ed1i \u0111a h\u00f3a Hi\u1ec7u qu\u1ea3 Thu ho\u1ea1ch Khoai t\u00e2y v\u1edbi M\u00e1y Thu Ho\u1ea1ch Khoai T\u00e2y K\u1ebft H\u1ee3p Ti\u00ean Ti\u1ebfn c\u1ee7a Ch\u00fang T\u00f4i#thu ho\u1ea1ch\" width=\"500\" height=\"281\" src=\"https:\/\/www.youtube.com\/embed\/4WllxEhKSvg?feature=oembed\" frameborder=\"0\" allow=\"accelerometer; autoplay; clipboard-write; encrypted-media; gyroscope; picture-in-picture; web-share\" referrerpolicy=\"strict-origin-when-cross-origin\" allowfullscreen><\/iframe> <\/div><figcaption class=\"wp-element-caption\">Video l\u00e0m vi\u1ec7c c\u1ee7a m\u00e1y \u0111\u00e0o khoai t\u00e2y<\/figcaption><\/figure>    <p class=\"translation-block\">M\u00e1y n\u00e0y ph\u1ed5 bi\u1ebfn \u1edf nhi\u1ec1u qu\u1ed1c gia, bao g\u1ed3m H\u00e0 Lan, Hoa K\u1ef3, Canada, \u0110\u1ee9c, Ph\u00e1p, Nga, v.v. (<strong><em><a href=\"https:\/\/www.agriculture-machine.com\/vi\/automatic-potato-harvesting-machine\/\">T\u1ea1i sao M\u00e1y Thu Ho\u1ea1ch Khoai T\u00e2y T\u1ef1 \u0110\u1ed9ng L\u1ea1i Ph\u1ed5 Bi\u1ebfn \u1ede C\u00e1c Qu\u1ed1c Gia Canada<\/a><\/em><\/strong>). D\u01b0\u1edbi \u0111\u00e2y l\u00e0 c\u00e1c t\u00ecnh hu\u1ed1ng l\u00e0m vi\u1ec7c kh\u00e1c nhau.<\/p>    <figure class=\"wp-block-image aligncenter size-full\"><img loading=\"lazy\" decoding=\"async\" width=\"720\" height=\"540\" src=\"https:\/\/www.agriculture-machine.com\/wp-content\/uploads\/2021\/07\/working-scene.jpg\" alt=\"c\u1ea3nh l\u00e0m vi\u1ec7c\" class=\"wp-image-10998\" srcset=\"https:\/\/www.agriculture-machine.com\/wp-content\/uploads\/2021\/07\/working-scene.jpg 720w, https:\/\/www.agriculture-machine.com\/wp-content\/uploads\/2021\/07\/working-scene-360x270.jpg 360w, https:\/\/www.agriculture-machine.com\/wp-content\/uploads\/2021\/07\/working-scene-240x180.jpg 240w\" sizes=\"auto, (max-width: 720px) 100vw, 720px\" \/><figcaption class=\"wp-element-caption\">C\u1ea3nh l\u00e0m vi\u1ec7c c\u1ee7a m\u00e1y \u0111\u00e0o khoai t\u00e2y<\/figcaption><\/figure>    <h2 class=\"wp-block-heading\" id=\"h-introduction-about-our-potato-harvester\">Gi\u1edbi thi\u1ec7u v\u1ec1 m\u00e1y thu ho\u1ea1ch khoai t\u00e2y c\u1ee7a ch\u00fang t\u00f4i<\/h2>    <p>The harvester machine can help people harvest the crop efficiently. Our potato harvester equipment is specially designed according to our country&#8217;s characteristics of potato planting. The yield that the machine can harvest is more than a dozen people can harvest.<\/p>    <p>To\u00e0n b\u1ed9 qu\u00e1 tr\u00ecnh v\u1eadn h\u00e0nh tr\u00f4i ch\u1ea3y. M\u00e1y d\u1ec5 k\u1ebft n\u1ed1i v\u00e0 v\u1eadn h\u00e0nh. Linh ho\u1ea1t, th\u1ef1c d\u1ee5ng, hi\u1ec7u qu\u1ea3 thu ho\u1ea1ch cao, \u00edt g\u00e2y h\u01b0 h\u1ea1i khoai t\u00e2y, v\u00e0 kh\u00f4ng g\u00e2y t\u1ed5n th\u01b0\u01a1ng cho khoai. <\/p>    <figure class=\"wp-block-image aligncenter size-large\"><img loading=\"lazy\" decoding=\"async\" width=\"720\" height=\"539\" src=\"https:\/\/www.agriculture-machine.com\/wp-content\/uploads\/2021\/07\/potato-harvester-2.jpg\" alt=\"M\u00e1y thu ho\u1ea1ch khoai t\u00e2y\" class=\"wp-image-11003\" srcset=\"https:\/\/www.agriculture-machine.com\/wp-content\/uploads\/2021\/07\/potato-harvester-2.jpg 720w, https:\/\/www.agriculture-machine.com\/wp-content\/uploads\/2021\/07\/potato-harvester-2-360x270.jpg 360w, https:\/\/www.agriculture-machine.com\/wp-content\/uploads\/2021\/07\/potato-harvester-2-240x180.jpg 240w\" sizes=\"auto, (max-width: 720px) 100vw, 720px\" \/><figcaption class=\"wp-element-caption\">M\u00e1y \u0111\u00e0o khoai t\u00e2y<\/figcaption><\/figure>    <p>The machine can turn over the soil. The remaining agricultural film is turned directly on the ground, which is more convenient to clean up. It is also conducive to the growth of the next season&#8217;s crops. So our potato reaping machine is favored by users everywhere.<\/p>    <figure class=\"wp-block-image aligncenter size-large\"><img loading=\"lazy\" decoding=\"async\" width=\"720\" height=\"530\" src=\"https:\/\/www.agriculture-machine.com\/wp-content\/uploads\/2021\/07\/potato-harvester-2-1.jpg\" alt=\"\" class=\"wp-image-11004\" srcset=\"https:\/\/www.agriculture-machine.com\/wp-content\/uploads\/2021\/07\/potato-harvester-2-1.jpg 720w, https:\/\/www.agriculture-machine.com\/wp-content\/uploads\/2021\/07\/potato-harvester-2-1-360x265.jpg 360w\" sizes=\"auto, (max-width: 720px) 100vw, 720px\" \/><figcaption class=\"wp-element-caption\">m\u00e1y thu ho\u1ea1ch khoai t\u00e2y \u0111\u1ec3 b\u00e1n<\/figcaption><\/figure>    <h2 class=\"wp-block-heading\">Nguy\u00ean l\u00fd ho\u1ea1t \u0111\u1ed9ng c\u1ee7a m\u00e1y \u0111\u00e0o khoai t\u00e2y<\/h2>    <ol class=\"wp-block-list\"> <li>Tr\u01b0\u1edbc khi l\u00e0m vi\u1ec7c, k\u1ebft n\u1ed1i m\u00e1y v\u1edbi m\u00e1y k\u00e9o. C\u00e1c m\u00e1y thu ho\u1ea1ch khoai t\u00e2y kh\u00e1c nhau c\u1ea7n ph\u00f9 h\u1ee3p v\u1edbi m\u00e1y k\u00e9o c\u00f3 c\u00f4ng su\u1ea5t kh\u00e1c nhau.<\/li>    <li>Khi m\u00e1y k\u00e9o b\u1eaft \u0111\u1ea7u di chuy\u1ec3n v\u1ec1 ph\u00eda tr\u01b0\u1edbc, m\u00e1y thu ho\u1ea1ch khoai t\u00e2y n\u00ean b\u1eaft \u0111\u1ea7u ho\u1ea1t \u0111\u1ed9ng c\u00f9ng nhau.<\/li>    <li>Nguy\u00ean l\u00fd ho\u1ea1t \u0111\u1ed9ng l\u00e0 d\u01b0\u1edbi s\u1ef1 truy\u1ec1n \u0111\u1ed9ng PTO c\u1ee7a m\u00e1y k\u00e9o, \u0111\u1ea5t v\u00e0 c\u1ee7 khoai t\u00e2y \u0111\u01b0\u1ee3c t\u00e1ch ra b\u1eb1ng rung c\u1ee7a m\u00e0n h\u00ecnh rung. \u0110\u1ea5t r\u01a1i v\u00e0o khe c\u1ee7a m\u00e0n h\u00ecnh rung, v\u00e0 khoai t\u00e2y c\u00f2n l\u1ea1i tr\u00ean m\u00e0n h\u00ecnh.<\/li> <\/ol>    <h2 class=\"wp-block-heading\">Potato harvesting machine&#8217;s main structure <\/h2>    <p>M\u00e1y thu ho\u1ea1ch khoai t\u00e2y g\u1ed3m nhi\u1ec1u b\u1ed9 ph\u1eadn: b\u00e1nh xe, khung h\u1ed7 tr\u1ee3 b\u00e1nh \u0111u\u00f4i, m\u00e0n h\u00ecnh rung, v\u1ecf b\u1ea3o v\u1ec7, khung k\u00e9o, PTO, v\u00e0 ch\u1ed1t treo. B\u1ea1n c\u00f3 th\u1ec3 xem th\u00eam chi ti\u1ebft trong h\u00ecnh d\u01b0\u1edbi \u0111\u00e2y.<\/p>    <figure class=\"wp-block-image aligncenter size-full\"><img loading=\"lazy\" decoding=\"async\" width=\"720\" height=\"528\" src=\"https:\/\/www.agriculture-machine.com\/wp-content\/uploads\/2021\/07\/structure-2.jpg\" alt=\"c\u1ea5u tr\u00fac\" class=\"wp-image-11002\" srcset=\"https:\/\/www.agriculture-machine.com\/wp-content\/uploads\/2021\/07\/structure-2.jpg 720w, https:\/\/www.agriculture-machine.com\/wp-content\/uploads\/2021\/07\/structure-2-360x264.jpg 360w\" sizes=\"auto, (max-width: 720px) 100vw, 720px\" \/><figcaption class=\"wp-element-caption\">C\u1ea5u tr\u00fac m\u00e1y thu ho\u1ea1ch<\/figcaption><\/figure>    <h2 class=\"wp-block-heading\">Th\u00f4ng s\u1ed1 k\u1ef9 thu\u1eadt<\/h2>    <p>Ch\u00fang t\u00f4i c\u00f3 hai m\u1eabu m\u00e1y thu ho\u1ea1ch khoai t\u00e2y: m\u00e1y thu ho\u1ea1ch khoai t\u00e2y h\u00e0ng \u0111\u01a1n v\u00e0 h\u00e0ng \u0111\u00f4i. B\u1ea1n c\u00f3 th\u1ec3 l\u1ea5y th\u00f4ng tin chi ti\u1ebft t\u1eeb b\u1ea3ng. \u0110\u1ec3 bi\u1ebft th\u00eam chi ti\u1ebft, b\u1ea1n c\u00f3 th\u1ec3 tham kh\u1ea3o nh\u00e2n vi\u00ean c\u1ee7a ch\u00fang t\u00f4i.<\/p>    <figure class=\"wp-block-gallery has-nested-images columns-default is-cropped wp-block-gallery-2 is-layout-flex wp-block-gallery-is-layout-flex\"> <figure class=\"wp-block-image size-large\"><img loading=\"lazy\" decoding=\"async\" width=\"720\" height=\"540\" data-id=\"11005\" src=\"https:\/\/www.agriculture-machine.com\/wp-content\/uploads\/2021\/07\/single-row.jpg\" alt=\"H\u00e0ng \u0111\u01a1n\" class=\"wp-image-11005\" srcset=\"https:\/\/www.agriculture-machine.com\/wp-content\/uploads\/2021\/07\/single-row.jpg 720w, https:\/\/www.agriculture-machine.com\/wp-content\/uploads\/2021\/07\/single-row-360x270.jpg 360w, https:\/\/www.agriculture-machine.com\/wp-content\/uploads\/2021\/07\/single-row-240x180.jpg 240w\" sizes=\"auto, (max-width: 720px) 100vw, 720px\" \/><figcaption class=\"wp-element-caption\">H\u00e0ng \u0111\u01a1n<\/figcaption><\/figure>    <figure class=\"wp-block-image size-large\"><img loading=\"lazy\" decoding=\"async\" width=\"720\" height=\"540\" data-id=\"11006\" src=\"https:\/\/www.agriculture-machine.com\/wp-content\/uploads\/2021\/07\/two-rows.jpg\" alt=\"hai h\u00e0ng\" class=\"wp-image-11006\" srcset=\"https:\/\/www.agriculture-machine.com\/wp-content\/uploads\/2021\/07\/two-rows.jpg 720w, https:\/\/www.agriculture-machine.com\/wp-content\/uploads\/2021\/07\/two-rows-360x270.jpg 360w, https:\/\/www.agriculture-machine.com\/wp-content\/uploads\/2021\/07\/two-rows-240x180.jpg 240w\" sizes=\"auto, (max-width: 720px) 100vw, 720px\" \/><figcaption class=\"wp-element-caption\">hai h\u00e0ng<\/figcaption><\/figure> <\/figure>    <figure class=\"wp-block-table is-style-stripes\"><table><tbody><tr><td>M\u1eabu<\/td><td>4U-1<\/td><td>4U-2<\/td><\/tr><tr><td>H\u00e0ng thu ho\u1ea1ch<\/td><td>1<\/td><td>2<\/td><\/tr><tr><td>Chi\u1ec1u r\u1ed9ng c\u1eaft (mm)<\/td><td>600<\/td><td>900\/1300\/1600\/1800<\/td><\/tr><tr><td>Chi\u1ec1u s\u00e2u c\u1eaft (mm)<\/td><td>100-250<\/td><td>100-250<\/td><\/tr><tr><td>T\u1ed1c \u0111\u1ed9 quay PTO(r\/ph\u00fat)<\/td><td>540-720<\/td><td>540-720<\/td><\/tr><tr><td>Tr\u1ecdng l\u01b0\u1ee3ng(kg)<\/td><td>160<\/td><td>260\/335\/390\/440<\/td><\/tr><tr><td>C\u00f4ng su\u1ea5t m\u00e1y k\u00e9o(hp)<\/td><td>20-30<\/td><td>40\/50\/70\/80<\/td><\/tr><tr><td>G\u1eafn tr\u00ean xe<\/td><td>H\u1ec7 th\u1ed1ng treo ba \u0111i\u1ec3m Lo\u1ea1i \u2161<\/td><td>H\u1ec7 th\u1ed1ng treo ba \u0111i\u1ec3m Lo\u1ea1i \u2161<\/td><\/tr><\/tbody><\/table><figcaption class=\"wp-element-caption\">Th\u00f4ng tin tham s\u1ed1 cho c\u1ea3 hai m\u1eabu m\u00e1y thu ho\u1ea1ch<\/figcaption><\/figure>    <h2 class=\"wp-block-heading\">Chu\u1ea9n b\u1ecb tr\u01b0\u1edbc khi l\u00e0m vi\u1ec7c<\/h2>    <ol class=\"wp-block-list\"> <li>Th\u00e1o r\u1eddi v\u00e0 l\u00e0m s\u1ea1ch c\u00e1c b\u1ed9 ph\u1eadn c\u1ee7a m\u00e1y thu ho\u1ea1ch khoai t\u00e2y tr\u01b0\u1edbc, v\u00e0 b\u00f4i m\u1ee1 v\u00e0o c\u00e1c b\u1ed9 ph\u1eadn b\u1ea1c \u0111\u1ea1n trong qu\u00e1 tr\u00ecnh l\u00e0m s\u1ea1ch \u0111\u1ec3 \u0111\u1ea3m b\u1ea3o ho\u1ea1t \u0111\u1ed9ng b\u00ecnh th\u01b0\u1eddng c\u1ee7a b\u1ea1c \u0111\u1ea1n.<\/li>    <li>Khi l\u00e0m vi\u1ec7c tr\u00ean \u0111\u1ea5t, c\u1ea7n \u0111\u1ea3m b\u1ea3o kh\u00f4ng c\u00f3 \u0111\u00e1 l\u1edbn, \u0111\u00e1 r\u00f5 r\u00e0ng, v.v. M\u1ee5c \u0111\u00edch l\u00e0 \u0111\u1ec3 \u0111\u1ea3m b\u1ea3o r\u1eb1ng m\u00e1y \u0111\u00e0o khoai t\u00e2y kh\u00f4ng g\u00e2y h\u01b0 h\u1ea1i cho b\u00e1nh r\u0103ng v\u00e0 l\u01b0\u1ee1i dao do \u0111\u00e1.<\/li> <\/ol>    <h2 class=\"wp-block-heading\">\u01afu \u0111i\u1ec3m c\u1ee7a m\u00e1y thu ho\u1ea1ch<\/h2>    <ol class=\"wp-block-list\"> <li>Hi\u1ec7u qu\u1ea3 cao, m\u00e1y n\u00e0y c\u00f3 th\u1ec3 thu ho\u1ea1ch kho\u1ea3ng 0,27 hecta m\u1ed7i gi\u1edd v\u00e0 c\u00f3 kh\u1ea3 n\u0103ng c\u1ea5p th\u1ee9c \u0103n kho\u1ea3ng 180 kg\/s.<\/li>    <li>M\u00e1y thu ho\u1ea1ch khoai t\u00e2y tho\u00e1t \u0111\u1ea5t nhanh ch\u00f3ng, kh\u00f4ng g\u00e2y t\u1ed5n th\u01b0\u01a1ng l\u1edbp bi\u1ec3u b\u00ec khoai t\u00e2y. Khoang ch\u1ee9a ph\u1ee5 tr\u1ee3 g\u1ecdn g\u00e0ng, t\u1ef7 l\u1ec7 thu ho\u1ea1ch cao.<\/li>    <li>L\u1edbp phim c\u00f2n l\u1ea1i \u0111\u01b0\u1ee3c thu h\u1ed3i s\u1ea1ch s\u1ebd, v\u00e0 m\u00e1y c\u00f3 th\u1ec3 ho\u00e0n th\u00e0nh vi\u1ec7c \u0111\u00e0o khoai t\u00e2y m\u1ed9t c\u00e1ch hi\u1ec7u qu\u1ea3 v\u00e0 nhanh ch\u00f3ng trong m\u1ed9t l\u1ea7n.<\/li>    <li>Chu\u1ed7i b\u0103ng chuy\u1ec1n c\u00f3 thi\u1ebft k\u1ebf \u0111\u1eb7c bi\u1ec7t v\u00e0 b\u1ec1n b\u1ec9.<\/li>    <li>N\u00f3 c\u00f3 c\u1ea5u tr\u00fac khung, v\u00ec v\u1eady m\u00e1y thu ho\u1ea1ch khoai t\u00e2y nh\u1eb9, b\u1ec1n v\u00e0 thu\u1eadn ti\u1ec7n h\u01a1n \u0111\u1ec3 l\u1eafp \u0111\u1eb7t.<\/li>    <li>Thi\u1ebft k\u1ebf t\u1ed5ng th\u1ec3 d\u1ef1a tr\u00ean nguy\u00ean l\u00fd c\u1ee7a c\u01a1 h\u1ecdc sau c\u00e1c th\u00ed nghi\u1ec7m l\u1eb7p \u0111i l\u1eb7p l\u1ea1i trong th\u1eddi gian d\u00e0i. N\u00f3 c\u00f3 kh\u1ea3 n\u0103ng th\u00edch \u1ee9ng r\u1ed9ng, hi\u1ec7u qu\u1ea3 l\u00e0m vi\u1ec7c cao, c\u00f4ng su\u1ea5t y\u00eau c\u1ea7u th\u1ea5p, ph\u1ee5c h\u1ed3i nhanh, v\u00e0 ph\u00f9 h\u1ee3p v\u1edbi nhi\u1ec1u lo\u1ea1i \u0111\u1ea5t.<\/li> <\/ol>    <figure class=\"wp-block-gallery has-nested-images columns-default is-cropped wp-block-gallery-3 is-layout-flex wp-block-gallery-is-layout-flex\"> <figure class=\"wp-block-image size-large\"><img loading=\"lazy\" decoding=\"async\" width=\"720\" height=\"540\" data-id=\"15509\" src=\"https:\/\/www.agriculture-machine.com\/wp-content\/uploads\/2021\/08\/potato-digging-machine.webp\" alt=\"M\u00e1y \u0111\u00e0o khoai t\u00e2y\" class=\"wp-image-15509\" srcset=\"https:\/\/www.agriculture-machine.com\/wp-content\/uploads\/2021\/08\/potato-digging-machine.webp 720w, https:\/\/www.agriculture-machine.com\/wp-content\/uploads\/2021\/08\/potato-digging-machine-360x270.webp 360w, https:\/\/www.agriculture-machine.com\/wp-content\/uploads\/2021\/08\/potato-digging-machine-240x180.webp 240w\" sizes=\"auto, (max-width: 720px) 100vw, 720px\" \/><figcaption class=\"wp-element-caption\">M\u00e1y \u0111\u00e0o khoai t\u00e2y<\/figcaption><\/figure>    <figure class=\"wp-block-image size-large\"><img loading=\"lazy\" decoding=\"async\" width=\"720\" height=\"540\" data-id=\"15510\" src=\"https:\/\/www.agriculture-machine.com\/wp-content\/uploads\/2021\/08\/potato-harvesting-machine-for-sale.webp\" alt=\"M\u00e1y thu ho\u1ea1ch khoai t\u00e2y \u0111\u1ec3 b\u00e1n\" class=\"wp-image-15510\" srcset=\"https:\/\/www.agriculture-machine.com\/wp-content\/uploads\/2021\/08\/potato-harvesting-machine-for-sale.webp 720w, https:\/\/www.agriculture-machine.com\/wp-content\/uploads\/2021\/08\/potato-harvesting-machine-for-sale-360x270.webp 360w, https:\/\/www.agriculture-machine.com\/wp-content\/uploads\/2021\/08\/potato-harvesting-machine-for-sale-240x180.webp 240w\" sizes=\"auto, (max-width: 720px) 100vw, 720px\" \/><figcaption class=\"wp-element-caption\">M\u00e1y thu ho\u1ea1ch khoai t\u00e2y \u0111\u1ec3 b\u00e1n<\/figcaption><\/figure> <\/figure>    <h2 class=\"wp-block-heading\">B\u1ea3o tr\u00ec k\u1ef9 thu\u1eadt v\u00e0 l\u01b0u tr\u1eef<\/h2>    <ol class=\"wp-block-list\"> <li>Sau m\u1ed7i ca l\u00e0m vi\u1ec7c, c\u1ea7n lo\u1ea1i b\u1ecf \u0111\u1ea5t trong c\u00e1c b\u1ed9 ph\u1eadn c\u1ee7a m\u00e1y.<\/li>    <li>Ki\u1ec3m tra c\u00e1c \u1ed1c v\u00edt c\u1ee7a c\u00e1c b\u1ed9 ph\u1eadn kh\u00e1c nhau, v\u00e0 si\u1ebft ch\u1eb7t ch\u00fang k\u1ecbp th\u1eddi n\u1ebfu ch\u00fang l\u1ecfng.<\/li>    <li>Ki\u1ec3m tra xem c\u00e1c b\u1ed9 ph\u1eadn quay c\u00f3 linh ho\u1ea1t kh\u00f4ng. N\u1ebfu kh\u00f4ng b\u00ecnh th\u01b0\u1eddng, b\u1ea1n n\u00ean \u0111i\u1ec1u ch\u1ec9nh v\u00e0 lo\u1ea1i b\u1ecf ch\u00fang k\u1ecbp th\u1eddi.<\/li>    <li>Khi m\u00e1y kh\u00f4ng \u0111\u01b0\u1ee3c s\u1eed d\u1ee5ng trong th\u1eddi gian d\u00e0i, c\u1ea7n ch\u00fa \u00fd tr\u00e1nh m\u01b0a v\u00e0 tr\u00e1nh ti\u1ebfp x\u00fac v\u1edbi c\u00e1c ch\u1ea5t axit \u0111\u1ec3 tr\u00e1nh \u0103n m\u00f2n. N\u00ean x\u1eed l\u00fd l\u01b0\u1ee1i dao b\u1eb1ng d\u1ea7u.<\/li> <\/ol>    <p>N\u1ebfu b\u1ea1n quan t\u00e2m \u0111\u1ebfn m\u00e1y thu ho\u1ea1ch khoai t\u00e2y ti\u00ean ti\u1ebfn c\u1ee7a ch\u00fang t\u00f4i, xin vui l\u00f2ng li\u00ean h\u1ec7 v\u1edbi \u0111\u1ed9i ng\u0169 chuy\u00ean nghi\u1ec7p c\u1ee7a ch\u00fang t\u00f4i \u0111\u1ec3 bi\u1ebft th\u00eam chi ti\u1ebft v\u00e0 t\u00f9y ch\u1ec9nh. Ch\u00fang t\u00f4i mong nh\u1eadn \u0111\u01b0\u1ee3c ph\u1ea3n h\u1ed3i t\u1eeb b\u1ea1n v\u00e0 cung c\u1ea5p gi\u1ea3i ph\u00e1p ph\u00f9 h\u1ee3p nh\u1ea5t.<\/p>","protected":false},"excerpt":{"rendered":"<p>M\u00e1y thu ho\u1ea1ch khoai t\u00e2y \u0111\u01b0\u1ee3c s\u1eed d\u1ee5ng r\u1ed9ng r\u00e3i trong c\u00e1c c\u00e1nh \u0111\u1ed3ng l\u1edbn tr\u1ed3ng khoai t\u00e2y ho\u1eb7c khoai lang, v.v. C\u00f3 l\u1ef1a ch\u1ecdn h\u00e0ng \u0111\u01a1n v\u00e0 h\u00e0ng \u0111\u00f4i, gi\u00fap n\u00e2ng cao n\u0103ng su\u1ea5t c\u00f4ng vi\u1ec7c thu ho\u1ea1ch khoai t\u00e2y.<\/p>","protected":false},"author":1,"featured_media":11000,"parent":0,"comment_status":"closed","ping_status":"closed","template":"","tags":[843,842],"product-type":[871],"class_list":["post-10993","product","type-product","status-publish","has-post-thumbnail","hentry","tag-potatoes","tag-sweet-potatoes","product-type-harvester"],"_links":{"self":[{"href":"https:\/\/www.agriculture-machine.com\/vi\/wp-json\/wp\/v2\/product\/10993","targetHints":{"allow":["GET"]}}],"collection":[{"href":"https:\/\/www.agriculture-machine.com\/vi\/wp-json\/wp\/v2\/product"}],"about":[{"href":"https:\/\/www.agriculture-machine.com\/vi\/wp-json\/wp\/v2\/types\/product"}],"author":[{"embeddable":true,"href":"https:\/\/www.agriculture-machine.com\/vi\/wp-json\/wp\/v2\/users\/1"}],"replies":[{"embeddable":true,"href":"https:\/\/www.agriculture-machine.com\/vi\/wp-json\/wp\/v2\/comments?post=10993"}],"wp:featuredmedia":[{"embeddable":true,"href":"https:\/\/www.agriculture-machine.com\/vi\/wp-json\/wp\/v2\/media\/11000"}],"wp:attachment":[{"href":"https:\/\/www.agriculture-machine.com\/vi\/wp-json\/wp\/v2\/media?parent=10993"}],"wp:term":[{"taxonomy":"post_tag","embeddable":true,"href":"https:\/\/www.agriculture-machine.com\/vi\/wp-json\/wp\/v2\/tags?post=10993"},{"taxonomy":"product-type","embeddable":true,"href":"https:\/\/www.agriculture-machine.com\/vi\/wp-json\/wp\/v2\/product-type?post=10993"}],"curies":[{"name":"wp","href":"https:\/\/api.w.org\/{rel}","templated":true}]}}