{"id":11043,"date":"2021-08-07T16:29:49","date_gmt":"2021-08-07T08:29:49","guid":{"rendered":"https:\/\/www.agriculture-machine.com\/?p=11043"},"modified":"2024-09-26T09:28:27","modified_gmt":"2024-09-26T01:28:27","slug":"heavy-disc-harrow-hydraulic-trailed-heavy-duty-harrow","status":"publish","type":"product","link":"https:\/\/www.agriculture-machine.com\/vi\/heavy-disc-harrow-hydraulic-trailed-heavy-duty-harrow\/","title":{"rendered":"B\u00faa c\u00e0y \u0111\u0129a n\u1eb7ng | C\u00e0y n\u1eb7ng k\u00e9o th\u1ee7y l\u1ef1c"},"content":{"rendered":"<p>M\u00e1y c\u00e0y \u0111\u0129a n\u1eb7ng k\u00e9o l\u00e0 d\u1ee5ng c\u1ee5 l\u00e0m \u0111\u1ea5t. N\u00f3 c\u00f3 nh\u00f3m r\u0103ng g\u1ed3m nhi\u1ec1u \u0111\u0129a l\u00f5m. C\u00e1c \u0111\u0129a n\u00e0y c\u1ed1 \u0111\u1ecbnh tr\u00ean tr\u1ee5c n\u1eb1m ngang nh\u01b0 m\u1ed9t ph\u1ea7n l\u00e0m vi\u1ec7c. N\u00f3 c\u00f3 kh\u1ea3 n\u0103ng th\u00edch nghi cao v\u1edbi \u0111\u1ea5t n\u1eb7ng, \u0111\u1ea5t hoang, v\u00e0 c\u00e1c khu v\u1ef1c c\u00f3 c\u1ecf d\u1ea1i.<\/p>    <p>Ch\u1ee7 y\u1ebfu d\u00f9ng \u0111\u1ec3 c\u00e0y \u0111\u1ea5t ch\u01b0a tr\u1ed3ng, c\u0169ng \u0111\u1ec3 lo\u1ea1i b\u1ecf r\u01a1m r\u1ea1 tr\u01b0\u1edbc khi c\u00e0y, c\u00e0y sau khi c\u00e0y, x\u1edbi \u0111\u1ea5t, v.v. Khi ho\u1ea1t \u0111\u1ed9ng, m\u00e1y c\u00e0y \u0111\u0129a n\u1eb7ng c\u00f3 th\u1ec3 tr\u1ed9n ph\u00e2n b surface v\u00e0 thu\u1ed1c tr\u1eeb s\u00e2u v\u1edbi \u0111\u1ea5t m\u1eb7t \u0111\u1ec3 \u0111\u1ea1t hi\u1ec7u qu\u1ea3 san b\u1eb1ng v\u00e0 gi\u1eef \u1ea9m.<\/p>    <figure class=\"wp-block-embed aligncenter is-type-video is-provider-youtube wp-block-embed-youtube wp-embed-aspect-16-9 wp-has-aspect-ratio\"><div class=\"wp-block-embed__wrapper\"> <iframe loading=\"lazy\" title=\"video ho\u1ea1t \u0111\u1ed9ng c\u1ee7a m\u00e1y c\u00e0y \u0111\u0129a n\u1eb7ng k\u00e9o th\u1ee7y l\u1ef1c|video ph\u1ea3n h\u1ed3i c\u1ee7a m\u00e1y c\u00e0y \u0111\u0129a n\u1eb7ng.\" width=\"500\" height=\"281\" src=\"https:\/\/www.youtube.com\/embed\/VSU8fbMLO7A?feature=oembed\" frameborder=\"0\" allow=\"accelerometer; autoplay; clipboard-write; encrypted-media; gyroscope; picture-in-picture; web-share\" referrerpolicy=\"strict-origin-when-cross-origin\" allowfullscreen><\/iframe> <\/div><figcaption class=\"wp-element-caption\">video ho\u1ea1t \u0111\u1ed9ng c\u1ee7a m\u00e1y c\u00e0y \u0111\u0129a n\u1eb7ng.<\/figcaption><\/figure>    <h2 class=\"wp-block-heading\">C\u1ea5u tr\u00fac c\u1ee7a m\u00e1y c\u00e0y \u0111\u0129a n\u1eb7ng.<\/h2>    <p>M\u00e1y c\u00e0y \u0111\u0129a th\u01b0\u1eddng g\u1ed3m nh\u00f3m r\u0103ng, khung r\u0103ng, c\u01a1 ch\u1ebf \u0111i\u1ec1u ch\u1ec9nh l\u1ec7ch, v\u00e0 thi\u1ebft b\u1ecb m\u00f3c.<\/p>    <h3 class=\"wp-block-heading\" id=\"h-rake-group\">Nh\u00f3m r\u0103ng.<\/h3>    <p>Nh\u00f3m r\u0103ng g\u1ed3m c\u00e1c l\u01b0\u1ee1i c\u00e0y, \u1ed1ng trung gian, tr\u1ee5c vu\u00f4ng, b\u1ea1c \u0111\u1ea1n, v\u00e0 dao c\u1ea1o. L\u01b0\u1ee1i c\u00e0y th\u01b0\u1eddng l\u00e0 \u0111\u0129a h\u00ecnh c\u1ea7u. C\u00f3 hai lo\u1ea1i \u0111\u0129a, \u0111\u0129a to\u00e0n ph\u1ea7n v\u00e0 \u0111\u0129a c\u00f3 r\u0103ng c\u01b0a. Lo\u1ea1i to\u00e0n ph\u1ea7n d\u1ec5 ch\u1ebf t\u1ea1o v\u00e0 m\u00e0i, lo\u1ea1i r\u0103ng c\u01b0a c\u00f3 kh\u1ea3 n\u0103ng x\u00e2m nh\u1eadp \u0111\u1ea5t m\u1ea1nh m\u1ebd, gi\u00fap c\u1eaft \u0111\u1ea5t v\u00e0 c\u1ecf d\u1ea1i.<\/p>    <p>V\u00e0 trung t\u00e2m c\u1ee7a l\u01b0\u1ee1i c\u00e0y l\u00e0 m\u1ed9t l\u1ed7 vu\u00f4ng qua tr\u1ee5c vu\u00f4ng. Khi ho\u1ea1t \u0111\u1ed9ng, c\u00e1c l\u01b0\u1ee1i c\u00e0y quay c\u00f9ng tr\u1ee5c vu\u00f4ng. Tr\u1ee5c n\u00e0y k\u1ebft n\u1ed1i v\u1edbi khung r\u0103ng qua b\u1ea1c \u0111\u1ea1n, v\u00e0 c\u00e1c l\u01b0\u1ee1i c\u00e0y tr\u00ean c\u00f9ng tr\u1ee5c \u0111\u01b0\u1ee3c t\u00e1ch ra b\u1edfi m\u1ed9t \u1ed1ng trung gian.<\/p>    <figure class=\"wp-block-gallery has-nested-images columns-2 is-cropped wp-block-gallery-2 is-layout-flex wp-block-gallery-is-layout-flex\"> <figure class=\"wp-block-image size-large\"><a href=\"https:\/\/www.agriculture-machine.com\/wp-content\/uploads\/2021\/08\/\u5168\u5203.jpg\"><img loading=\"lazy\" decoding=\"async\" width=\"720\" height=\"540\" data-id=\"11053\" src=\"https:\/\/www.agriculture-machine.com\/wp-content\/uploads\/2021\/08\/\u5168\u5203.jpg\" alt=\"\u0110\u0129a r\u0103ng to\u00e0n ph\u1ea7n.\" class=\"wp-image-11053\" srcset=\"https:\/\/www.agriculture-machine.com\/wp-content\/uploads\/2021\/08\/\u5168\u5203.jpg 720w, https:\/\/www.agriculture-machine.com\/wp-content\/uploads\/2021\/08\/\u5168\u5203-360x270.jpg 360w, https:\/\/www.agriculture-machine.com\/wp-content\/uploads\/2021\/08\/\u5168\u5203-240x180.jpg 240w\" sizes=\"auto, (max-width: 720px) 100vw, 720px\" \/><\/a><figcaption class=\"wp-element-caption\">\u0110\u0129a r\u0103ng to\u00e0n ph\u1ea7n.<\/figcaption><\/figure>    <figure class=\"wp-block-image size-large\"><a href=\"https:\/\/www.agriculture-machine.com\/wp-content\/uploads\/2021\/08\/\u7f3a\u53e3\u5203.jpg\"><img loading=\"lazy\" decoding=\"async\" width=\"720\" height=\"540\" data-id=\"11054\" src=\"https:\/\/www.agriculture-machine.com\/wp-content\/uploads\/2021\/08\/\u7f3a\u53e3\u5203.jpg\" alt=\"\u0110\u0129a r\u0103ng c\u00f3 r\u0103ng c\u01b0a.\" class=\"wp-image-11054\" srcset=\"https:\/\/www.agriculture-machine.com\/wp-content\/uploads\/2021\/08\/\u7f3a\u53e3\u5203.jpg 720w, https:\/\/www.agriculture-machine.com\/wp-content\/uploads\/2021\/08\/\u7f3a\u53e3\u5203-360x270.jpg 360w, https:\/\/www.agriculture-machine.com\/wp-content\/uploads\/2021\/08\/\u7f3a\u53e3\u5203-240x180.jpg 240w\" sizes=\"auto, (max-width: 720px) 100vw, 720px\" \/><\/a><figcaption class=\"wp-element-caption\">\u0110\u0129a r\u0103ng c\u00f3 r\u0103ng c\u01b0a.<\/figcaption><\/figure> <\/figure>    <h3 class=\"wp-block-heading\" id=\"h-rake-frame\"> Khung r\u0103ng.<\/h3>    <p>Khung r\u0103ng d\u00f9ng \u0111\u1ec3 l\u1eafp r\u00e1p nh\u00f3m \u0111\u0129a c\u00e0y, c\u01a1 ch\u1ebf \u0111i\u1ec1u ch\u1ec9nh, thi\u1ebft b\u1ecb m\u00f3c, v\u00e0 c\u00e1c th\u00e0nh ph\u1ea7n kh\u00e1c. <\/p>    <p>M\u1ed9t s\u1ed1 khung r\u0103ng c\u00f2n \u0111\u01b0\u1ee3c trang b\u1ecb h\u1ed9p t\u1ea3i \u0111\u1ec3 th\u00eam tr\u1ecdng l\u01b0\u1ee3ng khi c\u1ea7n thi\u1ebft nh\u1eb1m t\u0103ng v\u00e0 duy tr\u00ec \u0111\u1ed9 s\u00e2u c\u1ee7a r\u0103ng. <\/p>    <p>C\u01a1 ch\u1ebf \u0111i\u1ec1u ch\u1ec9nh g\u00f3c l\u1ec7ch d\u00f9ng \u0111\u1ec3 \u0111i\u1ec1u ch\u1ec9nh g\u00f3c l\u1ec7ch c\u1ee7a m\u00e1y c\u00e0y \u0111\u0129a n\u1eb7ng ph\u00f9 h\u1ee3p v\u1edbi y\u00eau c\u1ea7u c\u00e1c \u0111\u1ed9 s\u00e2u r\u0103ng kh\u00e1c nhau.<\/p>    <figure class=\"wp-block-gallery has-nested-images columns-default is-cropped wp-block-gallery-3 is-layout-flex wp-block-gallery-is-layout-flex\"> <figure class=\"wp-block-image size-large\"><a href=\"https:\/\/www.agriculture-machine.com\/wp-content\/uploads\/2021\/08\/4.jpg\"><img loading=\"lazy\" decoding=\"async\" width=\"720\" height=\"540\" data-id=\"11052\" src=\"https:\/\/www.agriculture-machine.com\/wp-content\/uploads\/2021\/08\/4.jpg\" alt=\"M\u00e1y c\u00e0y \u0111\u0129a n\u1eb7ng k\u00e9o th\u1ee7y l\u1ef1c \u0111\u1ed1i x\u1ee9ng.\" class=\"wp-image-11052\" srcset=\"https:\/\/www.agriculture-machine.com\/wp-content\/uploads\/2021\/08\/4.jpg 720w, https:\/\/www.agriculture-machine.com\/wp-content\/uploads\/2021\/08\/4-360x270.jpg 360w, https:\/\/www.agriculture-machine.com\/wp-content\/uploads\/2021\/08\/4-240x180.jpg 240w\" sizes=\"auto, (max-width: 720px) 100vw, 720px\" \/><\/a><figcaption class=\"wp-element-caption\">M\u00e1y c\u00e0y \u0111\u0129a n\u1eb7ng k\u00e9o th\u1ee7y l\u1ef1c \u0111\u1ed1i x\u1ee9ng.<\/figcaption><\/figure>    <figure class=\"wp-block-image size-large\"><a href=\"https:\/\/www.agriculture-machine.com\/wp-content\/uploads\/2021\/08\/3.jpg\"><img loading=\"lazy\" decoding=\"async\" width=\"720\" height=\"540\" data-id=\"11051\" src=\"https:\/\/www.agriculture-machine.com\/wp-content\/uploads\/2021\/08\/3.jpg\" alt=\"M\u00e1y c\u00e0y \u0111\u0129a n\u1eb7ng k\u00e9o th\u1ee7y l\u1ef1c \u0111\u1ed1i x\u1ee9ng.\" class=\"wp-image-11051\" srcset=\"https:\/\/www.agriculture-machine.com\/wp-content\/uploads\/2021\/08\/3.jpg 720w, https:\/\/www.agriculture-machine.com\/wp-content\/uploads\/2021\/08\/3-360x270.jpg 360w, https:\/\/www.agriculture-machine.com\/wp-content\/uploads\/2021\/08\/3-240x180.jpg 240w\" sizes=\"auto, (max-width: 720px) 100vw, 720px\" \/><\/a><figcaption class=\"wp-element-caption\">M\u00e1y c\u00e0y \u0111\u0129a n\u1eb7ng k\u00e9o th\u1ee7y l\u1ef1c \u0111\u1ed1i x\u1ee9ng.<\/figcaption><\/figure> <\/figure>    <h3 class=\"wp-block-heading\" id=\"h-deflection-adjustment-mechanism\"> C\u01a1 ch\u1ebf \u0111i\u1ec1u ch\u1ec9nh g\u00f3c l\u1ec7ch. <\/h3>    <p>B\u1ed9 \u0111i\u1ec1u ch\u1ec9nh g\u00f3c bao g\u1ed3m lo\u1ea1i v\u00edt d\u1eabn, lo\u1ea1i t\u1ea5m r\u0103ng, lo\u1ea1i th\u1ee7y l\u1ef1c, lo\u1ea1i bu l\u00f4ng, lo\u1ea1i \u0111\u0129a \u00e9p, v\u00e0 lo\u1ea1i tay c\u1ea7m.<\/p>    <p>Gi\u00e1 \u0111\u1ee1 c\u1ed1 \u0111\u1ecbnh tr\u00ean tr\u1ee5c ch\u00ednh k\u00e9o, c\u00e1c \u0111\u0129a tr\u01b0\u1ee3t tr\u00ean v\u00e0 d\u01b0\u1edbi c\u1ed1 \u0111\u1ecbnh v\u1edbi khung k\u00e9o, c\u00f3 th\u1ec3 di chuy\u1ec3n d\u1ecdc theo tr\u1ee5c ch\u00ednh, ph\u1ea1m vi di chuy\u1ec3n b\u1ecb gi\u1edbi h\u1ea1n b\u1edfi gi\u00e1 \u0111\u1ee1 \u1edf cu\u1ed1i t\u1ea5m r\u0103ng.<\/p>    <h3 class=\"wp-block-heading\" id=\"h-hooking-device\">Thi\u1ebft b\u1ecb m\u00f3c.<\/h3>    <p>M\u00f3c n\u1ed1i l\u00e0 m\u1ed9t m\u00e1y c\u00e0y \u0111\u0129a n\u1eb7ng k\u1ebft n\u1ed1i v\u1edbi m\u00e1y k\u00e9o qua thi\u1ebft b\u1ecb k\u00e9o ho\u1eb7c thi\u1ebft b\u1ecb treo.<\/p>    <h2 class=\"wp-block-heading\">Nguy\u00ean l\u00fd ho\u1ea1t \u0111\u1ed9ng c\u1ee7a m\u00e1y c\u00e0y c\u00e0y n\u00f4ng nghi\u1ec7p.<\/h2>    <ul class=\"wp-block-list\"> <li>C\u00e1c nh\u00f3m \u0111\u0129a l\u00f5m \u0111\u01b0\u1ee3c s\u1eed d\u1ee5ng l\u00e0m ph\u1ea7n l\u00e0m vi\u1ec7c.<\/li>    <li>M\u1eb7t ph\u1eb3ng c\u1ea1nh l\u01b0\u1ee1i dao vu\u00f4ng g\u00f3c v\u1edbi m\u1eb7t \u0111\u1ea5t v\u00e0 c\u00f3 th\u1ec3 \u0111i\u1ec1u ch\u1ec9nh g\u00f3c l\u1ec7ch so v\u1edbi h\u01b0\u1edbng ti\u1ebfn c\u1ee7a thi\u1ebft b\u1ecb.<\/li>    <li>L\u01b0\u1ee1i c\u1ee7a c\u00e1c r\u0103ng c\u00e0y c\u1eaft v\u00e0o \u0111\u1ea5t \u0111\u1ec3 c\u1eaft r\u1ec5 v\u00e0 r\u01a1m r\u1ea1, \u0111\u1ea5t \u0111\u01b0\u1ee3c n\u00e2ng l\u00ean m\u1ed9t \u0111\u1ed9 cao nh\u1ea5t \u0111\u1ecbnh theo b\u1ec1 m\u1eb7t l\u00f5m c\u1ee7a l\u01b0\u1ee1i c\u00e0y r\u1ed3i l\u1eadt xu\u1ed1ng.<\/li> <\/ul>    <figure class=\"wp-block-embed is-type-video is-provider-youtube wp-block-embed-youtube wp-embed-aspect-16-9 wp-has-aspect-ratio\"><div class=\"wp-block-embed__wrapper\"> <iframe loading=\"lazy\" title=\"video ho\u1ea1t \u0111\u1ed9ng c\u1ee7a m\u00e1y c\u00e0y \u0111\u0129a n\u1eb7ng k\u00e9o th\u1ee7y l\u1ef1c|video ph\u1ea3n h\u1ed3i c\u1ee7a m\u00e1y c\u00e0y \u0111\u0129a n\u1eb7ng.\" width=\"500\" height=\"281\" src=\"https:\/\/www.youtube.com\/embed\/H3_jjq-Vs5w?feature=oembed\" frameborder=\"0\" allow=\"accelerometer; autoplay; clipboard-write; encrypted-media; gyroscope; picture-in-picture; web-share\" referrerpolicy=\"strict-origin-when-cross-origin\" allowfullscreen><\/iframe> <\/div><figcaption class=\"wp-element-caption\">N\u01a1i l\u00e0m vi\u1ec7c c\u1ee7a m\u00e1y c\u00e0y \u0111\u0129a n\u1eb7ng n\u00f4ng nghi\u1ec7p<\/figcaption><\/figure>    <h2 class=\"wp-block-heading\">\u01afu \u0111i\u1ec3m c\u1ee7a m\u00e1y c\u00e0y \u0111\u0129a n\u1eb7ng k\u00e9o th\u1ee7y l\u1ef1c.<\/h2>    <ul class=\"wp-block-list\"> <li>Khung v\u1eefng ch\u1eafc, giai \u0111o\u1ea1n, v\u00e0 c\u00e1c b\u1ed9 treo b\u1ea1c \u0111\u1ea1n b\u1ec1n b\u1ec9 k\u00e9o d\u00e0i tu\u1ed5i th\u1ecd l\u00e0m vi\u1ec7c.<\/li>    <li>C\u00e1c nh\u00f3m dao c\u1eaft l\u00e1t \u0111\u1ed9c l\u1eadp th\u00edch nghi linh ho\u1ea1t v\u1edbi m\u1ed9t ch\u00e2n.<\/li>    <li>L\u1ef1c \u00e9p n\u1eb7ng khi\u1ebfn m\u1ed7i l\u01b0\u1ee1i dao \u0111\u00e0o s\u00e2u h\u01a1n.<\/li>    <li>L\u01b0\u1ee1i c\u1eaft r\u0103ng c\u01b0a c\u1eaft v\u00e0o \u0111\u1ea5t.<\/li>    <li>L\u01b0\u1ee1i dao m\u1ecbn \u0111\u1ec3 l\u1ea1i b\u1ec1 m\u1eb7t ho\u00e0n thi\u1ec7n.<\/li>    <li>C\u00e1c b\u1ed9 ph\u1eadn g\u1ea1t tuy\u1ebft gi\u00fap ch\u1ed1ng t\u1eafc ngh\u1ebdn.<\/li> <\/ul>    <figure class=\"wp-block-image aligncenter size-full\"><img loading=\"lazy\" decoding=\"async\" width=\"720\" height=\"540\" src=\"https:\/\/www.agriculture-machine.com\/wp-content\/uploads\/2021\/08\/9.jpg\" alt=\"C\u00e1c lo\u1ea1i l\u01b0\u1ee1i dao kh\u00e1c nhau.\" class=\"wp-image-11060\" srcset=\"https:\/\/www.agriculture-machine.com\/wp-content\/uploads\/2021\/08\/9.jpg 720w, https:\/\/www.agriculture-machine.com\/wp-content\/uploads\/2021\/08\/9-360x270.jpg 360w, https:\/\/www.agriculture-machine.com\/wp-content\/uploads\/2021\/08\/9-240x180.jpg 240w\" sizes=\"auto, (max-width: 720px) 100vw, 720px\" \/><figcaption class=\"wp-element-caption\">C\u00e1c lo\u1ea1i l\u01b0\u1ee1i dao kh\u00e1c nhau.<\/figcaption><\/figure>    <h2 class=\"wp-block-heading\">H\u00ecnh th\u1ee9c c\u1ea5u h\u00ecnh c\u1ee7a m\u00e1y c\u00e0y \u0111\u0129a.<\/h2>    <p>Theo c\u1ea5u h\u00ecnh c\u1ee7a nh\u00f3m r\u0103ng, ch\u00fang t\u00f4i c\u00f3 th\u1ec3 chia th\u00e0nh ba lo\u1ea1i: lo\u1ea1i \u0111\u1ed1i x\u1ee9ng m\u1ed9t h\u00e0ng, lo\u1ea1i \u0111\u1ed1i x\u1ee9ng hai h\u00e0ng, v\u00e0 lo\u1ea1i l\u1ec7ch.<\/p>    <ol class=\"wp-block-list\"> <li><strong>Lo\u1ea1i \u0111\u1ed1i x\u1ee9ng m\u1ed9t h\u00e0ng.<\/strong>. C\u00e1c th\u00e0nh ph\u1ea7n c\u1ee7a r\u0103ng c\u00e0y \u0111\u01b0\u1ee3c s\u1eafp x\u1ebfp th\u00e0nh m\u1ed9t h\u00e0ng. M\u1ed7i h\u00e0ng g\u1ed3m m\u1ed9t ho\u1eb7c nhi\u1ec1u nh\u00f3m r\u0103ng \u0111\u1ed1i x\u1ee9ng v\u1edbi nhau. D\u00f9ng cho \u0111\u1ea5t b\u1eb1ng ph\u1eb3ng, \u0111\u1ea5t t\u01b0\u1edbi ti\u00eau, sau thu ho\u1ea1ch, v\u00e0 c\u00e0y \u0111\u1ea5t c\u1ea1n.<\/li>    <li><strong>Lo\u1ea1i \u0111\u1ed1i x\u1ee9ng hai h\u00e0ng. <\/strong>M\u1ed7i c\u1ed9t \u0111\u01b0\u1ee3c s\u1eafp x\u1ebfp \u0111\u1ed1i x\u1ee9ng b\u1eb1ng hai h\u00e0ng nh\u00f3m r\u0103ng b\u00ean tr\u00e1i v\u00e0 ph\u1ea3i. C\u00e1c m\u1eb7t l\u00f5m c\u1ee7a c\u00e1c \u0111\u0129a c\u1ee7a hai h\u00e0ng nh\u00f3m r\u0103ng ph\u00eda tr\u01b0\u1edbc \u0111\u1ed1i di\u1ec7n nhau.<\/li>    <li><strong>Lo\u1ea1i l\u1ec7ch t\u00e2m.<\/strong>. G\u1ed3m hai h\u00e0ng nh\u00f3m r\u0103ng \u0111\u1ed1i x\u1ee9ng v\u1edbi c\u00e1c \u0111\u0129a ph\u00eda tr\u01b0\u1edbc v\u00e0 ph\u00eda sau. Trung t\u00e2m chi\u1ec1u r\u1ed9ng c\u1ee7a r\u0103ng c\u00f3 th\u1ec3 l\u1ec7ch xa kh\u1ecfi tr\u1ee5c d\u1ecdc c\u1ee7a m\u00e1y k\u00e9o khi ho\u1ea1t \u0111\u1ed9ng. R\u0103ng l\u1ec7ch r\u1ed9ng c\u00f3 th\u1ec3 v\u01b0\u1ee3t qu\u00e1 3 m\u00e9t. Khi d\u00f9ng trong v\u01b0\u1eddn c\u00e2y, c\u00f3 th\u1ec3 m\u1edf r\u1ed9ng r\u0103ng l\u1ec7ch \u0111\u1ec3 l\u00e0m vi\u1ec7c d\u01b0\u1edbi t\u00e1n c\u00e2y m\u00e0 m\u00e1y k\u00e9o kh\u00f4ng th\u1ec3 v\u00e0o. V\u00ec r\u0103ng l\u1ec7ch kh\u00f4ng c\u00f3 v\u00f9ng c\u00e0y b\u1ecf, n\u00ean c\u0169ng \u0111\u01b0\u1ee3c s\u1eed d\u1ee5ng r\u1ed9ng r\u00e3i trong c\u00e1c ho\u1ea1t \u0111\u1ed9ng tr\u00ean \u0111\u1ed3ng ru\u1ed9ng.<\/li> <\/ol>    <figure class=\"wp-block-gallery has-nested-images columns-default is-cropped wp-block-gallery-4 is-layout-flex wp-block-gallery-is-layout-flex\"> <figure class=\"wp-block-image size-large\"><img loading=\"lazy\" decoding=\"async\" width=\"720\" height=\"540\" data-id=\"11055\" src=\"https:\/\/www.agriculture-machine.com\/wp-content\/uploads\/2021\/08\/5.jpg\" alt=\"M\u00e1y c\u00e0y \u0111\u0129a n\u1eb7ng to\u00e0n ph\u1ea7n.\" class=\"wp-image-11055\" srcset=\"https:\/\/www.agriculture-machine.com\/wp-content\/uploads\/2021\/08\/5.jpg 720w, https:\/\/www.agriculture-machine.com\/wp-content\/uploads\/2021\/08\/5-360x270.jpg 360w, https:\/\/www.agriculture-machine.com\/wp-content\/uploads\/2021\/08\/5-240x180.jpg 240w\" sizes=\"auto, (max-width: 720px) 100vw, 720px\" \/><figcaption class=\"wp-element-caption\">M\u00e1y c\u00e0y \u0111\u0129a n\u1eb7ng to\u00e0n ph\u1ea7n.<\/figcaption><\/figure>    <figure class=\"wp-block-image size-large\"><img loading=\"lazy\" decoding=\"async\" width=\"720\" height=\"540\" data-id=\"11056\" src=\"https:\/\/www.agriculture-machine.com\/wp-content\/uploads\/2021\/08\/6.jpg\" alt=\"\u0110\u0129a r\u0103ng c\u00f3 r\u0103ng c\u01b0a.\" class=\"wp-image-11056\" srcset=\"https:\/\/www.agriculture-machine.com\/wp-content\/uploads\/2021\/08\/6.jpg 720w, https:\/\/www.agriculture-machine.com\/wp-content\/uploads\/2021\/08\/6-360x270.jpg 360w, https:\/\/www.agriculture-machine.com\/wp-content\/uploads\/2021\/08\/6-240x180.jpg 240w\" sizes=\"auto, (max-width: 720px) 100vw, 720px\" \/><figcaption class=\"wp-element-caption\">\u0110\u0129a r\u0103ng c\u00f3 r\u0103ng c\u01b0a.<\/figcaption><\/figure> <\/figure>    <h2 class=\"wp-block-heading\" id=\"h-how-to-choose-a-disc-heavy-harrow\">L\u00e0m th\u1ebf n\u00e0o \u0111\u1ec3 ch\u1ecdn thi\u1ebft b\u1ecb l\u00e0m \u0111\u1ea5t ph\u00f9 h\u1ee3p?<\/h2>    <ul class=\"wp-block-list\"> <li>D\u00f2ng m\u00e1y c\u00e0y \u0111\u0129a n\u1eb7ng th\u1ee7y l\u1ef1c 1BZ c\u00f3 hi\u1ec7u su\u1ea5t l\u00e0m vi\u1ec7c cao v\u00e0 kh\u1ea3 n\u0103ng x\u00e2m nh\u1eadp \u0111\u1ea5t m\u1ea1nh m\u1ebd.<\/li>    <li>Lo\u1ea1i r\u0103ng c\u00e0y n\u00e0y ph\u00f9 h\u1ee3p v\u1edbi \u0111\u1ea5t d\u00ednh, \u0111\u1ea5t hoang, v\u00e0 c\u00e1c khu v\u1ef1c c\u00f3 c\u1ecf d\u1ea1i.<\/li>    <li>R\u0103ng c\u00f2n \u0111\u01b0\u1ee3c trang b\u1ecb b\u00e1nh xe cao su n\u00e2ng th\u1ee7y l\u1ef1c.<\/li>    <li>V\u00ec v\u1eady, n\u00f3 c\u00f3 th\u1ec3 n\u00e2ng cao \u0111\u00e1ng k\u1ec3 hi\u1ec7u qu\u1ea3 s\u1ea3n xu\u1ea5t v\u00e0 tu\u1ed5i th\u1ecd c\u1ee7a r\u0103ng c\u00e0y.<\/li> <\/ul>    <figure class=\"wp-block-gallery has-nested-images columns-default is-cropped wp-block-gallery-5 is-layout-flex wp-block-gallery-is-layout-flex\"> <figure class=\"wp-block-image size-large\"><img loading=\"lazy\" decoding=\"async\" width=\"720\" height=\"540\" data-id=\"11057\" src=\"https:\/\/www.agriculture-machine.com\/wp-content\/uploads\/2021\/08\/7.jpg\" alt=\"C\u00e1nh m\u1edf r\u1ed9ng g\u1eadp k\u00e9o th\u1ee7y l\u1ef1c c\u1ee7a m\u00e1y c\u00e0y \u0111\u0129a n\u1eb7ng.\" class=\"wp-image-11057\" srcset=\"https:\/\/www.agriculture-machine.com\/wp-content\/uploads\/2021\/08\/7.jpg 720w, https:\/\/www.agriculture-machine.com\/wp-content\/uploads\/2021\/08\/7-360x270.jpg 360w, https:\/\/www.agriculture-machine.com\/wp-content\/uploads\/2021\/08\/7-240x180.jpg 240w\" sizes=\"auto, (max-width: 720px) 100vw, 720px\" \/><figcaption class=\"wp-element-caption\">C\u00e1nh m\u1edf r\u1ed9ng g\u1eadp k\u00e9o th\u1ee7y l\u1ef1c c\u1ee7a m\u00e1y c\u00e0y \u0111\u0129a n\u1eb7ng.<\/figcaption><\/figure>    <figure class=\"wp-block-image size-large\"><img loading=\"lazy\" decoding=\"async\" width=\"720\" height=\"540\" data-id=\"11058\" src=\"https:\/\/www.agriculture-machine.com\/wp-content\/uploads\/2021\/08\/8.jpg\" alt=\"M\u00e1y c\u00e0y \u0111\u0129a n\u1eb7ng k\u00e9o th\u1ee7y l\u1ef1c.\" class=\"wp-image-11058\" srcset=\"https:\/\/www.agriculture-machine.com\/wp-content\/uploads\/2021\/08\/8.jpg 720w, https:\/\/www.agriculture-machine.com\/wp-content\/uploads\/2021\/08\/8-360x270.jpg 360w, https:\/\/www.agriculture-machine.com\/wp-content\/uploads\/2021\/08\/8-240x180.jpg 240w\" sizes=\"auto, (max-width: 720px) 100vw, 720px\" \/><figcaption class=\"wp-element-caption\">M\u00e1y c\u00e0y \u0111\u0129a n\u1eb7ng k\u00e9o th\u1ee7y l\u1ef1c.<\/figcaption><\/figure> <\/figure>    <h2 class=\"wp-block-heading\">Th\u00f4ng s\u1ed1 c\u1ee7a m\u00e1y c\u00e0y \u0111\u0129a n\u1eb7ng.<\/h2>    <figure class=\"wp-block-table is-style-stripes\"><table><tbody><tr><td>M\u1eabu<\/td><td>Chi\u1ec1u r\u1ed9ng l\u00e0m vi\u1ec7c (mm).<\/td><td>Chi\u1ec1u s\u00e2u l\u00e0m vi\u1ec7c (mm).<\/td><td>\u0110\u01b0\u1eddng k\u00ednh c\u1ee7a \u0111\u0129a (mm).<\/td><td>S\u1ed1 l\u01b0\u1ee3ng \u0111\u0129a (c\u00e1c)?<\/td><td>Tr\u1ecdng l\u01b0\u1ee3ng (kg).<\/td><td>C\u00f4ng su\u1ea5t ph\u00f9 h\u1ee3p (hp).<\/td><td>Li\u00ean k\u1ebft<\/td><\/tr><tr><td>1BZ-1.8.<\/td><td>1800<\/td><td>200<\/td><td>660<\/td><td>16<\/td><td>1160<\/td><td>70<\/td><td>K\u00e9o th\u1ee7y l\u1ef1c g\u1eafn v\u1edbi m\u00e1y k\u00e9o.<\/td><\/tr><tr><td>1BZ-2.2.<\/td><td>2200<\/td><td>200<\/td><td>660<\/td><td>20<\/td><td>1250<\/td><td>80<\/td><td>K\u00e9o th\u1ee7y l\u1ef1c g\u1eafn v\u1edbi m\u00e1y k\u00e9o.<\/td><\/tr><tr><td>1BZ-2.5.<\/td><td>2500<\/td><td>200<\/td><td>660<\/td><td>24<\/td><td>1350<\/td><td>90<\/td><td>K\u00e9o th\u1ee7y l\u1ef1c g\u1eafn v\u1edbi m\u00e1y k\u00e9o.<\/td><\/tr><tr><td>1BZ-3.0.<\/td><td>3000<\/td><td>200<\/td><td>660<\/td><td>28<\/td><td>1430<\/td><td>100<\/td><td>K\u00e9o th\u1ee7y l\u1ef1c g\u1eafn v\u1edbi m\u00e1y k\u00e9o.<\/td><\/tr><tr><td>1BZ-3.4<\/td><td>3400<\/td><td>200<\/td><td>660<\/td><td>32<\/td><td>1550<\/td><td>120<\/td><td>K\u00e9o th\u1ee7y l\u1ef1c g\u1eafn v\u1edbi m\u00e1y k\u00e9o.<\/td><\/tr><tr><td>1BZ-4.0.<\/td><td>4000<\/td><td>200<\/td><td>660<\/td><td>36<\/td><td>1900<\/td><td>150<\/td><td>K\u00e9o th\u1ee7y l\u1ef1c g\u1eafn v\u1edbi m\u00e1y k\u00e9o.<\/td><\/tr><tr><td>1BZ-5.3. <\/td><td>5300<\/td><td>200<\/td><td>660<\/td><td>48<\/td><td>2500<\/td><td>180<\/td><td>K\u00e9o th\u1ee7y l\u1ef1c g\u1eafn v\u1edbi m\u00e1y k\u00e9o.<\/td><\/tr><\/tbody><\/table><figcaption class=\"wp-element-caption\">Th\u00f4ng s\u1ed1 c\u1ee7a m\u00e1y c\u00e0y \u0111\u0129a n\u1eb7ng k\u00e9o th\u1ee7y l\u1ef1c.<\/figcaption><\/figure>    <figure class=\"wp-block-table is-style-stripes\"><table><tbody><tr><td>M\u1eabu<\/td><td>1BZD-2.6.<\/td><td>1BZD-3.0.<\/td><td> 1BZD-3.3.<\/td><td>1BZD-4.0.<\/td><td>1BZD-4.3<\/td><td>1BZD-4.8<\/td><td> 1BZDF-4.5. <\/td><\/tr><tr><td>Chi\u1ec1u r\u1ed9ng l\u00e0m vi\u1ec7c (mm).<\/td><td>2600<\/td><td>3000<\/td><td>3300<\/td><td>4000<\/td><td>4400<\/td><td>4800<\/td><td>4500<\/td><\/tr><tr><td>Chi\u1ec1u s\u00e2u l\u00e0m vi\u1ec7c (mm).<\/td><td>200-250<\/td><td>200-250<\/td><td> 200-250 <\/td><td> 200-250 <\/td><td> 200-250 <\/td><td>200-250 <\/td><td>250<\/td><\/tr><tr><td>\u0110\u01b0\u1eddng k\u00ednh \u0111\u0129a (mm).<\/td><td>660<\/td><td>660<\/td><td>660<\/td><td>660<\/td><td>660<\/td><td>660<\/td><td>660<\/td><\/tr><tr><td>\u0110\u1ed9 d\u00e0y c\u1ee7a \u0111\u0129a (mm)<\/td><td>5<\/td><td>5<\/td><td>5<\/td><td>5<\/td><td>5<\/td><td>5<\/td><td>6<\/td><\/tr><tr><td>S\u1ed1 l\u01b0\u1ee3ng \u0111\u0129a (c\u00e1c)?<\/td><td>16<\/td><td>18<\/td><td>20<\/td><td>24<\/td><td>28<\/td><td>32<\/td><td>40<\/td><\/tr><tr><td>Tr\u1ecdng l\u01b0\u1ee3ng(kg)<\/td><td>1150<\/td><td>1250<\/td><td>1350<\/td><td>1500<\/td><td>1600<\/td><td>1800<\/td><td>3200<\/td><\/tr><tr><td>C\u00f4ng su\u1ea5t ph\u00f9 h\u1ee3p (hp).<\/td><td>60-70<\/td><td>70-80<\/td><td>80-90<\/td><td><br>90-100<br><\/td><td>100-110<\/td><td>110-120<\/td><td>150-160<\/td><\/tr><tr><td>Li\u00ean k\u1ebft<\/td><td>K\u00e9o th\u1ee7y l\u1ef1c g\u1eafn v\u1edbi m\u00e1y k\u00e9o.<\/td><td>K\u00e9o th\u1ee7y l\u1ef1c g\u1eafn v\u1edbi m\u00e1y k\u00e9o.<\/td><td>K\u00e9o th\u1ee7y l\u1ef1c g\u1eafn v\u1edbi m\u00e1y k\u00e9o.<\/td><td>K\u00e9o th\u1ee7y l\u1ef1c g\u1eafn v\u1edbi m\u00e1y k\u00e9o.<\/td><td>K\u00e9o th\u1ee7y l\u1ef1c g\u1eafn v\u1edbi m\u00e1y k\u00e9o.<\/td><td>K\u00e9o th\u1ee7y l\u1ef1c g\u1eafn v\u1edbi m\u00e1y k\u00e9o.<\/td><td>G\u1eadp g\u1eadp k\u00e9o th\u1ee7y l\u1ef1c.<\/td><\/tr><\/tbody><\/table><figcaption class=\"wp-element-caption\">Th\u00f4ng s\u1ed1 c\u1ee7a m\u00e1y c\u00e0y \u0111\u0129a n\u1eb7ng k\u00e9o th\u1ee7y l\u1ef1c.<\/figcaption><\/figure>    <h2 class=\"wp-block-heading\">S\u1eed d\u1ee5ng \u0111\u00fang v\u00e0 b\u1ea3o tr\u00ec m\u00e1y c\u00e0y c\u00e0y \u0111\u1ea5t.<\/h2>    <ul class=\"wp-block-list\"> <li>Trong qu\u00e1 tr\u00ecnh s\u1eed d\u1ee5ng, th\u01b0\u1eddng xuy\u00ean ki\u1ec3m tra t\u00ecnh tr\u1ea1ng k\u1ef9 thu\u1eadt c\u1ee7a l\u01b0\u1ee1i r\u0103ng, dao c\u1ea1o, tr\u1ee5c vu\u00f4ng, b\u1ea1c \u0111\u1ea1n, b\u1ed9 \u0111i\u1ec1u ch\u1ec9nh g\u00f3c, v\u00e0 c\u00e1c b\u1ed9 ph\u1eadn k\u1ebft n\u1ed1i kh\u00e1c.<\/li>    <li>\u0110\u1eb7c bi\u1ec7t l\u00e0 c\u00e1c \u0111ai \u1ed1c cu\u1ed1i c\u1ee7a m\u00e1y c\u00e0y \u0111\u0129a n\u1eb7ng v\u00e0 bu l\u00f4ng c\u1ed1 \u0111\u1ecbnh c\u1ee7a c\u00e1c b\u1ea1c \u0111\u1ea1n.<\/li>    <li>Sau khi ho\u1ea1t \u0111\u1ed9ng, l\u00e0m s\u1ea1ch v\u00e0 b\u1ea3o tr\u00ec nh\u00f3m r\u0103ng c\u1ee7a m\u00e1y c\u00e0y \u0111\u0129a n\u1eb7ng.<\/li>    <li>N\u1ebfu kh\u00f4ng s\u1eed d\u1ee5ng b\u00e1nh xe v\u1eadn chuy\u1ec3n, s\u1ebd g\u00e2y h\u01b0 h\u1ecfng nh\u00f3m r\u0103ng \u0111\u0129a.<\/li>    <li>Khi v\u1eadn chuy\u1ec3n trong \u0111\u1ed3ng ru\u1ed9ng ho\u1eb7c g\u1ea7n \u0111\u01b0\u1eddng \u0111\u1ea5t, \u0111i\u1ec1u ch\u1ec9nh g\u00f3c nghi\u00eang v\u1ec1 zero.<\/li> <\/ul>    <p>N\u1ebfu b\u1ea1n c\u00f3 b\u1ea5t k\u1ef3 c\u00e2u h\u1ecfi n\u00e0o ho\u1eb7c c\u1ea7n th\u00eam th\u00f4ng tin v\u1ec1 s\u1ea3n ph\u1ea9m n\u00e0y, vui l\u00f2ng \u0111i\u1ec1n v\u00e0o m\u1eabu b\u00ean ph\u1ea3i \u0111\u1ec3 t\u01b0 v\u1ea5n, ch\u00fang t\u00f4i mong \u0111\u01b0\u1ee3c h\u1ee3p t\u00e1c v\u1edbi b\u1ea1n.<\/p>","protected":false},"excerpt":{"rendered":"<p>The traction heavy disc harrow is a tillage tool. It has a rake group composed of a plurality of concave discs. These discs are fixed on a horizontal shaft as a working part. It has strong adaptability to heavy soil, wasteland, and weedy plots. It is mainly used for plowing uncultivated land, also for stubble [&hellip;]<\/p>\n","protected":false},"author":1,"featured_media":11062,"parent":0,"comment_status":"closed","ping_status":"closed","template":"","tags":[698],"product-type":[950,955,2],"class_list":["post-11043","product","type-product","status-publish","has-post-thumbnail","hentry","tag-tractor","product-type-arable-plows","product-type-arable-plows-products","product-type-products"],"_links":{"self":[{"href":"https:\/\/www.agriculture-machine.com\/vi\/wp-json\/wp\/v2\/product\/11043","targetHints":{"allow":["GET"]}}],"collection":[{"href":"https:\/\/www.agriculture-machine.com\/vi\/wp-json\/wp\/v2\/product"}],"about":[{"href":"https:\/\/www.agriculture-machine.com\/vi\/wp-json\/wp\/v2\/types\/product"}],"author":[{"embeddable":true,"href":"https:\/\/www.agriculture-machine.com\/vi\/wp-json\/wp\/v2\/users\/1"}],"replies":[{"embeddable":true,"href":"https:\/\/www.agriculture-machine.com\/vi\/wp-json\/wp\/v2\/comments?post=11043"}],"wp:featuredmedia":[{"embeddable":true,"href":"https:\/\/www.agriculture-machine.com\/vi\/wp-json\/wp\/v2\/media\/11062"}],"wp:attachment":[{"href":"https:\/\/www.agriculture-machine.com\/vi\/wp-json\/wp\/v2\/media?parent=11043"}],"wp:term":[{"taxonomy":"post_tag","embeddable":true,"href":"https:\/\/www.agriculture-machine.com\/vi\/wp-json\/wp\/v2\/tags?post=11043"},{"taxonomy":"product-type","embeddable":true,"href":"https:\/\/www.agriculture-machine.com\/vi\/wp-json\/wp\/v2\/product-type?post=11043"}],"curies":[{"name":"wp","href":"https:\/\/api.w.org\/{rel}","templated":true}]}}