{"id":1105,"date":"2018-10-19T08:51:53","date_gmt":"2018-10-19T00:51:53","guid":{"rendered":"https:\/\/www.agriculture-machine.com\/?p=1105"},"modified":"2024-09-18T16:07:36","modified_gmt":"2024-09-18T08:07:36","slug":"multifunctional-thresher-machine","status":"publish","type":"product","link":"https:\/\/www.agriculture-machine.com\/vi\/multifunctional-thresher-machine\/","title":{"rendered":"M\u00e1y xay x\u01a1 \u0111a ch\u1ee9c n\u0103ng"},"content":{"rendered":"<h2 class=\"wp-block-heading\">Gi\u1edbi thi\u1ec7u ng\u1eafn g\u1ecdn v\u1ec1 m\u00e1y xay thresher l\u00faa m\u00ec<\/h2>    <p>M\u00e1y xay \u0111a n\u0103ng g\u1ed3m c\u00f3 ph\u1ec5u n\u1ea1p, tr\u1ed1ng, m\u00e0n h\u00ecnh v\u00e0 k\u1ec7. N\u00f3 t\u00edch h\u1ee3p xay thresher, t\u00e1ch, c\u1eaft r\u01a1m th\u00e0nh m\u1ed9t th\u1ec3 v\u00e0 c\u00f3 th\u1ec3 d\u00f9ng cho l\u00faa m\u00ec, l\u00faa m\u1ea1ch, g\u1ea1o, m\u1ea1ch nha, millet, \u0111\u1eadu v\u00e0 c\u00e2y c\u1ea3i d\u1ea7u. Thi\u1ebft k\u1ebf \u0111\u1eb7c bi\u1ec7t h\u01b0\u1edbng t\u1edbi l\u1ed1i v\u00e0o l\u1edbn h\u01a1n gi\u00fap d\u1ec5 d\u00e0ng \u0111\u1eb7t nguy\u00ean li\u1ec7u. Ngo\u00e0i ra, n\u00ean ch\u1ecdn c\u00e2y tr\u1ed3ng c\u00f3 \u0111\u1ed9 \u1ea9m kho\u1ea3ng 80%, \u0111\u1ec3 gi\u1ea3m t\u1ef7 l\u1ec7 g\u00e3y.<\/p>    <figure class=\"wp-block-embed is-type-rich is-provider-embed-handler wp-block-embed-embed-handler wp-embed-aspect-16-9 wp-has-aspect-ratio\"><div class=\"wp-block-embed__wrapper\"> <iframe loading=\"lazy\" title=\"m\u00e1y xay thresher l\u00faa m\u00ec, l\u00faa m\u1ea1ch, g\u1ea1o, m\u1ea1ch nha, millet, \u0111\u1eadu v\u00e0 c\u00e2y c\u1ea3i d\u1ea7u\" width=\"500\" height=\"281\" src=\"https:\/\/www.youtube.com\/embed\/0Y2dKaS3GxI?feature=oembed\" frameborder=\"0\" allow=\"accelerometer; autoplay; clipboard-write; encrypted-media; gyroscope; picture-in-picture; web-share\" referrerpolicy=\"strict-origin-when-cross-origin\" allowfullscreen><\/iframe> <\/div><\/figure>    <h2 class=\"wp-block-heading\">Th\u00f4ng s\u1ed1 k\u1ef9 thu\u1eadt c\u1ee7a m\u00e1y xay thresher l\u00faa m\u00ec<\/h2>    <div class=\"table-responsive\"> <table class=\"table\" border=\"1\"> <tbody> <tr style=\"background-color: #f79646;\"> <td width=\"284\">M\u1eabu<\/td> <td width=\"316\">DT-60<\/td> <\/tr> <tr style=\"background-color: #fbd5b5;\"> <td rowspan=\"3\" width=\"284\">&nbsp;<br>C\u00f4ng su\u1ea5t<\/td> <td width=\"316\">&gt;3kw motor<\/td> <\/tr> <tr> <td width=\"316\">\u0110\u1ed9ng c\u01a1 x\u0103ng 170F<\/td> <\/tr> <tr> <td width=\"316\">\u0110\u1ed9ng c\u01a1 diesel 8HP<\/td> <\/tr> <tr style=\"background-color: #fbd5b5;\"> <td width=\"284\">Dung t\u00edch<\/td> <td width=\"316\">800-1000kg\/h<\/td> <\/tr> <tr> <td width=\"284\">T\u1ed1c \u0111\u1ed9 qu\u1ea1t<\/td> <td width=\"316\">2450r\/ph\u00fat<\/td> <\/tr> <tr style=\"background-color: #fbd5b5;\"> <td width=\"284\">K\u00edch th\u01b0\u1edbc m\u00e1y<\/td> <td width=\"316\">1490*1270*1480mm<\/td> <\/tr> <tr> <td width=\"284\">K\u00edch th\u01b0\u1edbc \u0111\u00f3ng g\u00f3i<\/td> <td width=\"316\">1280*960*1010mm(1.24CBM)<\/td> <\/tr> <tr style=\"background-color: #fbd5b5;\"> <td width=\"284\">Tr\u1ecdng l\u01b0\u1ee3ng<\/td> <td width=\"316\">150kg<\/td> <\/tr> <tr> <td width=\"284\">Vi\u1ec7c th\u1ef1c hi\u1ec7n ti\u00eau chu\u1ea9n qu\u1ed1c gia<\/td> <td width=\"316\">DG\/T 016-2006<\/td> <\/tr> <tr style=\"background-color: #fbd5b5;\"> <td width=\"284\">&nbsp;<\/td> <td width=\"316\">JB\/T 9778-2008<\/td> <\/tr> <\/tbody> <\/table> <\/div>    <figure class=\"wp-block-image\"><img decoding=\"async\" src=\"https:\/\/www.agriculture-machine.com\/wp-content\/uploads\/2018\/10\/thresher-machine5.jpg\" alt=\"m\u00e1y xay thresher5\"\/><\/figure>    <h2 class=\"wp-block-heading\">Nguy\u00ean l\u00fd ho\u1ea1t \u0111\u1ed9ng c\u1ee7a m\u00e1y xay thresher l\u00faa m\u00ec<\/h2>    <p>Khi m\u00e1y ho\u1ea1t \u0111\u1ed9ng, c\u00e2y tr\u1ed3ng \u0111\u01b0\u1ee3c \u0111\u01b0a li\u00ean t\u1ee5c v\u00e0 \u0111\u1ec1u \u0111\u1eb7n. C\u00e2y tr\u1ed3ng \u0111\u01b0\u1ee3c t\u00e1ch kh\u1ecfi th\u00e2n b\u1eb1ng ma s\u00e1t, \u00e9p, va ch\u1ea1m v\u00e0 rung gi\u1eefa gi\u00e1 \u0111\u1ee1 tr\u00ean tr\u1ed1ng v\u00e0 m\u00e0n h\u00ecnh. Sau khi h\u1ea1t \u0111\u01b0\u1ee3c t\u00e1ch kh\u1ecfi th\u00e2n, th\u00e2n c\u00e2y b\u1ecb th\u1ed5i ra ngo\u00e0i b\u1eb1ng qu\u1ea1t h\u00fat gi\u00f3. Trong khi \u0111\u00f3, h\u1ea1t n\u1ea3y ra t\u1eeb l\u1ed1i tho\u00e1t kh\u00e1c.<br><img decoding=\"async\" style=\"width: 400px; float: left; margin-right: 10px;\" src=\"https:\/\/www.agriculture-machine.com\/wp-content\/uploads\/2018\/10\/thresher-machine4.jpg\" alt=\"m\u00e1y xay thresher4\"><img decoding=\"async\" style=\"width: 400px;\" src=\"https:\/\/www.agriculture-machine.com\/wp-content\/uploads\/2018\/10\/thresher-machine3.jpg\" alt=\"m\u00e1y xay thresher3\"><\/p>    <h2 class=\"wp-block-heading\">Ph\u1ee5 t\u00f9ng d\u1ec5 v\u1ee1<\/h2>    <div class=\"table-responsive\"> <table class=\"table\" border=\"1\"> <tbody> <tr> <td width=\"189\">T\u00ean<\/td> <td width=\"189\">H\u00ecnh \u1ea3nh<\/td> <td width=\"189\">Th\u00f4ng s\u1ed1 k\u1ef9 thu\u1eadt<\/td> <\/tr> <tr> <td width=\"189\">D\u00e2y \u0111ai tam gi\u00e1c<\/td> <td width=\"189\"><img decoding=\"async\" src=\"https:\/\/www.agriculture-machine.com\/wp-content\/uploads\/2018\/10\/thresher-machine.jpg\" alt=\"m\u00e1y xay thresher\"><\/td> <td width=\"189\">A1473<\/td> <\/tr> <tr> <td width=\"189\">\u1ed4 tr\u1ee5c b\u00e1nh xe<\/td> <td width=\"189\"><img decoding=\"async\" src=\"https:\/\/www.agriculture-machine.com\/wp-content\/uploads\/2018\/10\/thresher-machine2-1.jpg\" alt=\"m\u00e1y xay thresher2\"><\/td> <td width=\"189\">6009 <p>&nbsp;<\/p> <p>6204<\/p> <\/td> <\/tr> <tr> <td width=\"189\">Chu\u1ed7i<\/td> <td width=\"189\"><img decoding=\"async\" src=\"https:\/\/www.agriculture-machine.com\/wp-content\/uploads\/2018\/10\/thresher-machine3-1.jpg\" alt=\"m\u00e1y xay thresher3\"><\/td> <td width=\"189\">12.7\/960mm<\/td> <\/tr> <\/tbody> <\/table> <\/div>    <h2 class=\"wp-block-heading\">\u1ee8ng d\u1ee5ng c\u1ee7a m\u00e1y xay thresher l\u00faa m\u00ec<\/h2>    <p>So v\u1edbi c\u00e1c m\u00e1y xay kh\u00e1c, m\u00e1y xay c\u1ee7a ch\u00fang t\u00f4i c\u00f3 ph\u1ea1m vi \u1ee9ng d\u1ee5ng r\u1ed9ng h\u01a1n v\u00e0 c\u00f3 th\u1ec3 d\u00f9ng cho l\u00faa m\u1ea1ch, millet, l\u00faa m\u00ec, \u0111\u1eadu n\u00e0nh, m\u1ea1ch nha v\u00e0 c\u00e2y c\u1ea3i d\u1ea7u. C\u1ea7n thay m\u00e0n h\u00ecnh ph\u00f9 h\u1ee3p v\u1edbi k\u00edch th\u01b0\u1edbc c\u1ee7a c\u00e2y tr\u1ed3ng<\/p>    <h2 class=\"wp-block-heading\">\u01afu \u0111i\u1ec3m c\u1ee7a m\u00e1y xay thresher l\u00faa m\u00ec<\/h2>    <p>1. T\u1ef7 l\u1ec7 l\u00e0m s\u1ea1ch cao. Qu\u1ea1t b\u1ed5 sung \u1edf l\u1ed1i ra c\u00f3 th\u1ec3 th\u1ed5i bay t\u1ea1p ch\u1ea5t g\u1ea5p \u0111\u00f4i, gi\u00fap h\u1ea1t cu\u1ed1i c\u00f9ng s\u1ea1ch h\u01a1n.<br>2. T\u1ef7 l\u1ec7 m\u1ea5t m\u00e1t th\u1ea5p. \u00cdt h\u01a1n 1,5% v\u00e0 h\u1ea7u h\u1ebft h\u1ea1t c\u00f3 th\u1ec3 thu th\u1eadp \u0111\u01b0\u1ee3c<br>3. Kh\u00e1ng \u0103n m\u00f2n cao. N\u00f3 gi\u00fap m\u00e1y c\u00f3 tu\u1ed5i th\u1ecd d\u00e0i<br>4. D\u1ec5 s\u1eed d\u1ee5ng. Tu\u00e2n th\u1ee7 theo th\u00f4ng s\u1ed1 k\u1ef9 thu\u1eadt, ai c\u0169ng c\u00f3 th\u1ec3 v\u1eadn h\u00e0nh<br>5. Di chuy\u1ec3n thu\u1eadn ti\u1ec7n. V\u1edbi hai b\u00e1nh xe, m\u00e1y xay d\u1ec5 d\u00e0ng di chuy\u1ec3n.<br>6. Nhi\u1ec1u ch\u1ee9c n\u0103ng. C\u00e1c lo\u1ea1i c\u00e2y tr\u1ed3ng nh\u01b0 millet, l\u00faa m\u00ec, \u0111\u1eadu n\u00e0nh, m\u1ea1ch nha v\u00e0 c\u00e2y c\u1ea3i d\u1ea7u ph\u00f9 h\u1ee3p v\u1edbi m\u00e1y n\u00e0y, c\u00f3 th\u1ec3 \u0111\u1ea1t \u0111\u01b0\u1ee3c b\u1eb1ng c\u00e1ch thay \u0111\u1ed5i k\u00edch th\u01b0\u1edbc m\u00e0n h\u00ecnh.<br><img decoding=\"async\" style=\"width: 100%;\" src=\"https:\/\/www.agriculture-machine.com\/wp-content\/uploads\/2018\/10\/thresher-machine6.jpg\" alt=\"m\u00e1y xay thresher6\"><\/p>    <h2 class=\"wp-block-heading\">C\u00e2u h\u1ecfi th\u01b0\u1eddng g\u1eb7p<\/h2>    <p>B\u1ea1n c\u00f3 ph\u1ea3i l\u00e0 nh\u00e0 s\u1ea3n xu\u1ea5t kh\u00f4ng?<br>&nbsp;V\u00e2ng, ch\u00fang t\u00f4i. Ch\u00e0o m\u1eebng \u0111\u1ebfn th\u0103m nh\u00e0 m\u00e1y c\u1ee7a ch\u00fang t\u00f4i.<br>2. B\u1ea1n c\u00f3 th\u1ec3 thay \u0111\u1ed5i \u0111i\u1ec7n \u00e1p c\u1ee7a m\u00e1y theo y\u00eau c\u1ea7u c\u1ee7a ch\u00fang t\u00f4i kh\u00f4ng?<br>&nbsp;V\u00e2ng, ch\u00fang t\u00f4i c\u00f3 th\u1ec3.<br>3. D\u1ecbch v\u1ee5 h\u1eadu m\u00e3i c\u1ee7a b\u1ea1n th\u1ebf n\u00e0o?<br>&nbsp;K\u1ef9 s\u01b0 c\u1ee7a ch\u00fang t\u00f4i c\u00f3 th\u1ec3 ra ngo\u00e0i \u0111\u1ec3 l\u1eafp \u0111\u1eb7t v\u00e0 \u0111\u00e0o t\u1ea1o nh\u00e2n vi\u00ean c\u1ee7a b\u1ea1n<br>4. Th\u1eddi gian b\u1ea3o h\u00e0nh c\u1ee7a m\u00e1y c\u1ee7a b\u1ea1n l\u00e0 bao l\u00e2u?<br>&nbsp;Ch\u1ec9 trong 1 n\u0103m tr\u1eeb c\u00e1c ph\u1ee5 t\u00f9ng ti\u00eau hao.<br>5. Th\u1eddi gian giao h\u00e0ng c\u1ee7a m\u00e1y c\u1ee7a b\u1ea1n th\u1ebf n\u00e0o?<br>&nbsp;Th\u00f4ng th\u01b0\u1eddng c\u1ea7n 5-15 ng\u00e0y cho c\u00e1c m\u00e1y l\u1edbn ho\u1eb7c d\u00e2y chuy\u1ec1n s\u1ea3n xu\u1ea5t, v\u00e0 th\u1eddi gian s\u1ebd l\u00e2u h\u01a1n nhi\u1ec1u nh\u01b0ng trong ph\u1ea1m vi th\u1eddi gian giao h\u00e0ng \u0111\u00e3 th\u1ecfa thu\u1eadn c\u1ee7a ch\u00fang t\u00f4i.<br><img decoding=\"async\" style=\"width: 100%;\" src=\"https:\/\/www.agriculture-machine.com\/wp-content\/uploads\/2018\/10\/thresher-machine8.jpg\" alt=\"m\u00e1y xay thresher8\"><\/p>","protected":false},"excerpt":{"rendered":"<p>Brief introduction of wheat thresher machine The multipurpose thresher machine consists of a feeding hopper, a drum, a screen and a shelf.It integrates threshing, separating, straw chopping as a whole and can be used for wheat, barley, rice, sorghum, millet, beans and rapeseed.The special design towards bigger inlet make it convenient to place raw materials. [&hellip;]<\/p>\n","protected":false},"author":1,"featured_media":2037,"parent":0,"comment_status":"closed","ping_status":"closed","template":"","tags":[2614],"product-type":[894],"class_list":["post-1105","product","type-product","status-publish","has-post-thumbnail","hentry","tag-thresher","product-type-rice-and-wheat-thresher"],"_links":{"self":[{"href":"https:\/\/www.agriculture-machine.com\/vi\/wp-json\/wp\/v2\/product\/1105","targetHints":{"allow":["GET"]}}],"collection":[{"href":"https:\/\/www.agriculture-machine.com\/vi\/wp-json\/wp\/v2\/product"}],"about":[{"href":"https:\/\/www.agriculture-machine.com\/vi\/wp-json\/wp\/v2\/types\/product"}],"author":[{"embeddable":true,"href":"https:\/\/www.agriculture-machine.com\/vi\/wp-json\/wp\/v2\/users\/1"}],"replies":[{"embeddable":true,"href":"https:\/\/www.agriculture-machine.com\/vi\/wp-json\/wp\/v2\/comments?post=1105"}],"wp:featuredmedia":[{"embeddable":true,"href":"https:\/\/www.agriculture-machine.com\/vi\/wp-json\/wp\/v2\/media\/2037"}],"wp:attachment":[{"href":"https:\/\/www.agriculture-machine.com\/vi\/wp-json\/wp\/v2\/media?parent=1105"}],"wp:term":[{"taxonomy":"post_tag","embeddable":true,"href":"https:\/\/www.agriculture-machine.com\/vi\/wp-json\/wp\/v2\/tags?post=1105"},{"taxonomy":"product-type","embeddable":true,"href":"https:\/\/www.agriculture-machine.com\/vi\/wp-json\/wp\/v2\/product-type?post=1105"}],"curies":[{"name":"wp","href":"https:\/\/api.w.org\/{rel}","templated":true}]}}