{"id":11066,"date":"2021-08-11T17:31:26","date_gmt":"2021-08-11T09:31:26","guid":{"rendered":"https:\/\/www.agriculture-machine.com\/?p=11066"},"modified":"2024-08-20T17:43:27","modified_gmt":"2024-08-20T09:43:27","slug":"corn-stalk-reaping-machinecorn-stalk-reapermaize-straw-reaper","status":"publish","type":"product","link":"https:\/\/www.agriculture-machine.com\/vi\/corn-stalk-reaping-machinecorn-stalk-reapermaize-straw-reaper\/","title":{"rendered":"M\u00e1y g\u1eb7t th\u00e2n ng\u00f4, m\u00e1y g\u1eb7t r\u01a1m ng\u00f4 \u0111\u1ec3 thu ho\u1ea1ch"},"content":{"rendered":"<p>M\u00e1y g\u1eb7t r\u01a1m ng\u00f4 c\u00f2n g\u1ecdi l\u00e0 m\u00e1y g\u1eb7t r\u01a1m ng\u00f4 v\u00e0 m\u00e1y g\u1eb7t th\u00e2n ng\u00f4. N\u00f3 thu ho\u1ea1ch th\u00e2n ng\u00f4 \u0111\u1ee9ng trong ru\u1ed9ng khi ng\u00f4 ch\u00edn ho\u1eb7c g\u1ea7n ch\u00edn.<\/p>    <p>N\u00f3 c\u00f3 thi\u1ebft b\u1ecb truy\u1ec1n t\u1ea3i d\u00e2y \u0111ai k\u1eb9p. R\u01a1m thu ho\u1ea1ch \u0111\u01b0\u1ee3c x\u1ebfp th\u00e0nh b\u00f3 n\u1eb1m ngang ph\u00eda sau ho\u1eb7c ph\u00eda sau ph\u1ea3i c\u1ee7a m\u00e1y k\u00e9o. \u00c1p d\u1ee5ng cho thu ho\u1ea1ch r\u01a1m c\u00f3 m\u1ea5u ho\u1eb7c tai ng\u00f4 m\u00e0 kh\u00f4ng g\u00e2y v\u00f9ng s\u1ea3n xu\u1ea5t v\u00e0 ch\u0103n nu\u00f4i gia s\u00fac.<\/p>    <figure class=\"wp-block-gallery has-nested-images columns-default is-cropped wp-block-gallery-2 is-layout-flex wp-block-gallery-is-layout-flex\"> <figure class=\"wp-block-image size-large\"><a href=\"https:\/\/www.agriculture-machine.com\/wp-content\/uploads\/2021\/08\/\u753b\u677f-7.jpg\"><img loading=\"lazy\" decoding=\"async\" width=\"720\" height=\"540\" data-id=\"11087\" src=\"https:\/\/www.agriculture-machine.com\/wp-content\/uploads\/2021\/08\/\u753b\u677f-7.jpg\" alt=\"m\u00e1y g\u1eb7t th\u00e2n ng\u00f4\" class=\"wp-image-11087\" srcset=\"https:\/\/www.agriculture-machine.com\/wp-content\/uploads\/2021\/08\/\u753b\u677f-7.jpg 720w, https:\/\/www.agriculture-machine.com\/wp-content\/uploads\/2021\/08\/\u753b\u677f-7-360x270.jpg 360w, https:\/\/www.agriculture-machine.com\/wp-content\/uploads\/2021\/08\/\u753b\u677f-7-240x180.jpg 240w\" sizes=\"auto, (max-width: 720px) 100vw, 720px\" \/><\/a><figcaption class=\"wp-element-caption\">m\u00e1y g\u1eb7t th\u00e2n ng\u00f4<\/figcaption><\/figure>    <figure class=\"wp-block-image size-large\"><a href=\"https:\/\/www.agriculture-machine.com\/wp-content\/uploads\/2021\/08\/\u753b\u677f-6.jpg\"><img loading=\"lazy\" decoding=\"async\" width=\"720\" height=\"540\" data-id=\"11086\" src=\"https:\/\/www.agriculture-machine.com\/wp-content\/uploads\/2021\/08\/\u753b\u677f-6.jpg\" alt=\"m\u00e1y g\u1eb7t th\u00e2n ng\u00f4\" class=\"wp-image-11086\" srcset=\"https:\/\/www.agriculture-machine.com\/wp-content\/uploads\/2021\/08\/\u753b\u677f-6.jpg 720w, https:\/\/www.agriculture-machine.com\/wp-content\/uploads\/2021\/08\/\u753b\u677f-6-360x270.jpg 360w, https:\/\/www.agriculture-machine.com\/wp-content\/uploads\/2021\/08\/\u753b\u677f-6-240x180.jpg 240w\" sizes=\"auto, (max-width: 720px) 100vw, 720px\" \/><\/a><figcaption class=\"wp-element-caption\">m\u00e1y g\u1eb7t th\u00e2n ng\u00f4<\/figcaption><\/figure> <\/figure>    <h2 class=\"wp-block-heading\">Nguy\u00ean l\u00fd ho\u1ea1t \u0111\u1ed9ng c\u1ee7a m\u00e1y g\u1eb7t th\u00e2n ng\u00f4<\/h2>    <p>Trong qu\u00e1 tr\u00ecnh v\u1eadn h\u00e0nh, m\u00e1y g\u1eb7t r\u01a1m ng\u00f4 ti\u1ebfn theo d\u1ecdc theo tri\u1ec1n ng\u00f4. V\u00e0 dao c\u1eaft c\u1eaft th\u00e2n ng\u00f4. R\u01a1m \u0111\u01b0\u1ee3c \u0111\u01b0a ra t\u1eeb c\u00e1c chu\u1ed7i b\u0103ng chuy\u1ec1n ph\u00eda tr\u00ean, trung t\u00e2m v\u00e0 d\u01b0\u1edbi c\u00f9ng v\u00e0 \u0111\u1eb7t t\u1ef1 nhi\u00ean \u0111\u1ec3 ho\u00e0n th\u00e0nh thu ho\u1ea1ch.<\/p>    <figure class=\"wp-block-embed aligncenter is-type-video is-provider-youtube wp-block-embed-youtube wp-embed-aspect-16-9 wp-has-aspect-ratio\"><div class=\"wp-block-embed__wrapper\"> <iframe loading=\"lazy\" title=\"Video ho\u1ea1t \u0111\u1ed9ng c\u1ee7a m\u00e1y g\u1eb7t r\u01a1m ng\u00f4|M\u00e1y g\u1eb7t r\u01a1m ng\u00f4|M\u00e1y g\u1eb7t r\u01a1m ng\u00f4\" width=\"500\" height=\"281\" src=\"https:\/\/www.youtube.com\/embed\/Ge8t8kxGNUQ?feature=oembed\" frameborder=\"0\" allow=\"accelerometer; autoplay; clipboard-write; encrypted-media; gyroscope; picture-in-picture; web-share\" referrerpolicy=\"strict-origin-when-cross-origin\" allowfullscreen><\/iframe> <\/div><figcaption class=\"wp-element-caption\">C\u00e1ch ho\u1ea1t \u0111\u1ed9ng c\u1ee7a m\u00e1y c\u1eaft r\u01a1m<\/figcaption><\/figure>    <h2 class=\"wp-block-heading\">C\u1ea5u tr\u00fac c\u1ee7a m\u00e1y g\u1eb7t th\u00e2n ng\u00f4<\/h2>    <p>M\u00e1y g\u1eb7t r\u01a1m ng\u00f4 g\u1ed3m c\u00f3 thi\u1ebft b\u1ecb c\u1eaft th\u00e2n, thi\u1ebft b\u1ecb v\u1eadn chuy\u1ec3n, b\u1ed9 n\u00e2ng th\u1ee7y l\u1ef1c, v.v. Ch\u00fang \u0111\u01b0\u1ee3c s\u1eafp x\u1ebfp ph\u00eda tr\u01b0\u1edbc v\u00e0 b\u00ean ph\u1ea3i c\u1ee7a m\u00e1y k\u00e9o. <\/p>    <p>\u0110\u01b0\u1ee3c c\u1eaft b\u1eb1ng l\u01b0\u1ee1i c\u01b0a v\u00e0 \u00e1p d\u1ee5ng h\u00ecnh th\u1ee9c k\u1eb9p v\u00e0 v\u1eadn chuy\u1ec3n. N\u00f3 c\u00f3 th\u1ec3 thu ho\u1ea1ch tr\u1ef1c ti\u1ebfp r\u01a1m \u0111\u1ee9ng trong ru\u1ed9ng. V\u00e0 \u0111\u01b0a r\u01a1m v\u00e0o b\u00f3 \u1edf ph\u00eda b\u00ean ph\u1ea3i c\u1ee7a m\u00e1y k\u00e9o.<\/p>    <figure class=\"wp-block-gallery has-nested-images columns-default is-cropped wp-block-gallery-3 is-layout-flex wp-block-gallery-is-layout-flex\"> <figure class=\"wp-block-image aligncenter size-large\"><a href=\"https:\/\/www.agriculture-machine.com\/wp-content\/uploads\/2021\/08\/\u753b\u677f-9.jpg\"><img loading=\"lazy\" decoding=\"async\" width=\"720\" height=\"540\" data-id=\"11075\" src=\"https:\/\/www.agriculture-machine.com\/wp-content\/uploads\/2021\/08\/\u753b\u677f-9.jpg\" alt=\"C\u1ea5u tr\u00fac ch\u00ednh c\u1ee7a m\u00e1y g\u1eb7t th\u00e2n ng\u00f4\" class=\"wp-image-11075\" srcset=\"https:\/\/www.agriculture-machine.com\/wp-content\/uploads\/2021\/08\/\u753b\u677f-9.jpg 720w, https:\/\/www.agriculture-machine.com\/wp-content\/uploads\/2021\/08\/\u753b\u677f-9-360x270.jpg 360w, https:\/\/www.agriculture-machine.com\/wp-content\/uploads\/2021\/08\/\u753b\u677f-9-240x180.jpg 240w\" sizes=\"auto, (max-width: 720px) 100vw, 720px\" \/><\/a><figcaption class=\"wp-element-caption\">C\u1ea5u tr\u00fac ch\u00ednh c\u1ee7a m\u00e1y g\u1eb7t th\u00e2n ng\u00f4<\/figcaption><\/figure> <\/figure>    <h2 class=\"wp-block-heading\">\u01afu \u0111i\u1ec3m c\u1ee7a m\u00e1y nghi\u1ec1n th\u00e2n ng\u00f4<\/h2>    <ul class=\"wp-block-list\"> <li>Trong qu\u00e1 tr\u00ecnh v\u1eadn h\u00e0nh, kh\u00f4ng c\u1ea7n d\u1ecdn s\u1ea1ch \u0111\u01b0\u1eddng \u0111i th\u1ee7 c\u00f4ng, ti\u1ebft ki\u1ec7m lao \u0111\u1ed9ng v\u00e0 n\u00e2ng cao n\u0103ng su\u1ea5t lao \u0111\u1ed9ng.<\/li>    <li>\u0110\u1ea7u c\u1eaft \u0111\u01b0\u1ee3c \u0111i\u1ec1u khi\u1ec3n b\u1eb1ng xi lanh d\u1ea7u \u0111\u1ec3 \u0111i\u1ec1u ch\u1ec9nh chi\u1ec1u cao c\u1ee7a r\u01a1m.<\/li>    <li>R\u01a1m thu ho\u1ea1ch \u0111\u01b0\u1ee3c x\u1ebfp g\u1ecdn g\u00e0ng theo c\u00f9ng m\u1ed9t h\u01b0\u1edbng, thu\u1eadn ti\u1ec7n cho thu gom, l\u01b0u tr\u1eef v\u00e0 v\u1eadn chuy\u1ec3n.<\/li>    <li>Hi\u1ec7u qu\u1ea3 thu ho\u1ea1ch cao, c\u00f3 th\u1ec3 v\u1eadn h\u00e0nh 5-10 m\u1eabu Anh m\u1ed7i gi\u1edd.<\/li>    <li>Ph\u01b0\u01a1ng ph\u00e1p c\u1eaft l\u00e0 c\u1eaft ch\u1ed3ng ch\u00e9o v\u00e0 c\u1eaft l\u1ec7ch c\u1ee7a l\u01b0\u1ee1i c\u01b0a, t\u1ed1c \u0111\u1ed9 c\u1eaft nhanh, c\u1eaft ho\u00e0n ch\u1ec9nh, kh\u00f4ng \u0111\u1ec3 l\u1ea1i g\u00f3c ch\u1ebft. R\u01a1m \u0111\u01b0\u1ee3c c\u1eaft g\u1ecdn g\u00e0ng v\u00e0 rung \u0111\u1ed9ng nh\u1ecf.<\/li> <\/ul>    <h2 class=\"wp-block-heading\">Th\u00f4ng s\u1ed1 k\u1ef9 thu\u1eadt c\u1ee7a m\u00e1y  <\/h2>    <figure class=\"wp-block-table is-style-stripes\"><table><tbody><tr><td>C\u00f4ng su\u1ea5t h\u1ed7 tr\u1ee3<\/td><td>m\u00e1y k\u00e9o nh\u1ecf b\u1ed1n b\u00e1nh, \u0111\u1ed9ng c\u01a1 4 xi-lanh, c\u00f4ng su\u1ea5t h\u01a1n 20 m\u00e3 l\u1ef1c<\/td><\/tr><tr><td>Hi\u1ec7u qu\u1ea3 v\u1eadn h\u00e0nh<\/td><td>5-10 m\u1eabu Anh\/gi\u1edd<\/td><\/tr><tr><td>Tr\u1ecdng l\u01b0\u1ee3ng to\u00e0n b\u1ed9 m\u00e1y<\/td><td>510kg<\/td><\/tr><tr><td>H\u00ecnh th\u1ee9c k\u1ebft n\u1ed1i<\/td><td>treo<\/td><\/tr><tr><td>Kho\u1ea3ng c\u00e1ch h\u00e0ng l\u00fd thuy\u1ebft<\/td><td>550-650mm<\/td><\/tr><tr><td>Chi\u1ec1u r\u1ed9ng thu ho\u1ea1ch<\/td><td>2,2 m\u00e9t (4 h\u00e0ng l\u00fd thuy\u1ebft)<\/td><\/tr><tr><td>Ngu\u1ed3n n\u0103ng l\u01b0\u1ee3ng<\/td><td>tr\u1ee5c \u0111\u01a1n: \u0111\u0129a \u0111ai, b\u00e1nh sau;<br>\u0111a xi-lanh: tr\u1ee5c xu\u1ea5t ra ph\u00eda sau, b\u00e1nh sau<\/td><\/tr><tr><td>Ph\u01b0\u01a1ng ph\u00e1p v\u1eadn chuy\u1ec3n<\/td><td>K\u1eb9p v\u00e0 v\u1eadn chuy\u1ec3n<\/td><\/tr><tr><td>Chi\u1ec1u cao t\u1ed1i \u0111a c\u1ee7a l\u01b0\u1ee1i c\u01b0a t\u1eeb m\u1eb7t \u0111\u1ea5t<\/td><td>300mm<\/td><\/tr><tr><td>Th\u00e0nh ph\u1ea7n<\/td><td>Thi\u1ebft b\u1ecb c\u1eaft tr\u1ee5c, thi\u1ebft b\u1ecb v\u1eadn chuy\u1ec3n, b\u1ed9 n\u00e2ng th\u1ee7y l\u1ef1c<\/td><\/tr><\/tbody><\/table><figcaption class=\"wp-element-caption\">Th\u00f4ng s\u1ed1 k\u1ef9 thu\u1eadt c\u1ee7a m\u00e1y g\u1eb7t r\u01a1m ng\u00f4<\/figcaption><\/figure>    <figure class=\"wp-block-gallery has-nested-images columns-default is-cropped wp-block-gallery-4 is-layout-flex wp-block-gallery-is-layout-flex\"> <figure class=\"wp-block-image aligncenter size-large\"><a href=\"https:\/\/www.agriculture-machine.com\/wp-content\/uploads\/2021\/08\/\u753b\u677f-8.jpg\"><img loading=\"lazy\" decoding=\"async\" width=\"720\" height=\"540\" data-id=\"11076\" src=\"https:\/\/www.agriculture-machine.com\/wp-content\/uploads\/2021\/08\/\u753b\u677f-8.jpg\" alt=\"Y\u00eau c\u1ea7u c\u1ee7a m\u00e1y g\u1eb7t r\u01a1m ng\u00f4 \u0111\u1ed1i v\u1edbi m\u00e1y k\u00e9o\" class=\"wp-image-11076\" srcset=\"https:\/\/www.agriculture-machine.com\/wp-content\/uploads\/2021\/08\/\u753b\u677f-8.jpg 720w, https:\/\/www.agriculture-machine.com\/wp-content\/uploads\/2021\/08\/\u753b\u677f-8-360x270.jpg 360w, https:\/\/www.agriculture-machine.com\/wp-content\/uploads\/2021\/08\/\u753b\u677f-8-240x180.jpg 240w\" sizes=\"auto, (max-width: 720px) 100vw, 720px\" \/><\/a><figcaption class=\"wp-element-caption\">Y\u00eau c\u1ea7u c\u1ee7a m\u00e1y g\u1eb7t r\u01a1m ng\u00f4 \u0111\u1ed1i v\u1edbi m\u00e1y k\u00e9o<\/figcaption><\/figure> <\/figure>    <h2 class=\"wp-block-heading\">S\u1ef1 kh\u00e1c bi\u1ec7t gi\u1eefa m\u00e1y g\u1eb7t r\u01a1m ng\u00f4, m\u00e1y nghi\u1ec1n v\u00e0 t\u00e1i ch\u1ebf r\u01a1m<\/h2>    <h3 class=\"wp-block-heading\" id=\"h-corn-stalk-reaping-machine\">M\u00e1y g\u1eb7t r\u01a1m ng\u00f4 <\/h3>    <p>M\u00e1y g\u1eb7t r\u01a1m ng\u00f4 l\u00e0 lo\u1ea1i m\u00e1y thu ho\u1ea1ch \u0111\u1eb7c bi\u1ec7t v\u00e0 c\u00f3 m\u1ee5c \u0111\u00edch ri\u00eang. N\u00f3 thu ho\u1ea1ch r\u01a1m c\u00f3 ho\u1eb7c kh\u00f4ng c\u00f3 tai, tr\u1ea3i ph\u1eb3ng ph\u00eda sau ho\u1eb7c ph\u00eda sau m\u00e1y \u0111\u1ec3 d\u1ec5 thu gom. Kh\u00f4ng ch\u1ec9 d\u00f9ng \u0111\u1ec3 thu ho\u1ea1ch ng\u00f4 m\u00e0 c\u00f2n \u0111\u1ec3 thu ho\u1ea1ch c\u1ecf ch\u0103n nu\u00f4i. V\u00e0 n\u00f3 c\u00f3 th\u1ec3 thu ho\u1ea1ch r\u01a1m tr\u1ef1c ti\u1ebfp th\u00e0nh t\u1eebng m\u1ea3nh.<\/p>    <figure class=\"wp-block-gallery has-nested-images columns-default is-cropped wp-block-gallery-5 is-layout-flex wp-block-gallery-is-layout-flex\"> <figure class=\"wp-block-image size-large\"><a href=\"https:\/\/www.agriculture-machine.com\/wp-content\/uploads\/2021\/08\/\u672a\u6807\u9898-1.jpg\"><img loading=\"lazy\" decoding=\"async\" width=\"720\" height=\"540\" data-id=\"11077\" src=\"https:\/\/www.agriculture-machine.com\/wp-content\/uploads\/2021\/08\/\u672a\u6807\u9898-1.jpg\" alt=\"M\u00e1y g\u1eb7t th\u00e2n ng\u00f4 \u0111ang ho\u1ea1t \u0111\u1ed9ng\" class=\"wp-image-11077\" srcset=\"https:\/\/www.agriculture-machine.com\/wp-content\/uploads\/2021\/08\/\u672a\u6807\u9898-1.jpg 720w, https:\/\/www.agriculture-machine.com\/wp-content\/uploads\/2021\/08\/\u672a\u6807\u9898-1-360x270.jpg 360w, https:\/\/www.agriculture-machine.com\/wp-content\/uploads\/2021\/08\/\u672a\u6807\u9898-1-240x180.jpg 240w\" sizes=\"auto, (max-width: 720px) 100vw, 720px\" \/><\/a><figcaption class=\"wp-element-caption\">M\u00e1y g\u1eb7t th\u00e2n ng\u00f4 \u0111ang ho\u1ea1t \u0111\u1ed9ng<\/figcaption><\/figure>    <figure class=\"wp-block-image size-large\"><a href=\"https:\/\/www.agriculture-machine.com\/wp-content\/uploads\/2021\/08\/201903051540197185.jpgw640qm_\u526f\u672c.jpg\"><img loading=\"lazy\" decoding=\"async\" width=\"720\" height=\"540\" data-id=\"11078\" src=\"https:\/\/www.agriculture-machine.com\/wp-content\/uploads\/2021\/08\/201903051540197185.jpgw640qm_\u526f\u672c.jpg\" alt=\"R\u01a1m thu ho\u1ea1ch b\u1eb1ng m\u00e1y g\u1eb7t th\u00e2n ng\u00f4\" class=\"wp-image-11078\" srcset=\"https:\/\/www.agriculture-machine.com\/wp-content\/uploads\/2021\/08\/201903051540197185.jpgw640qm_\u526f\u672c.jpg 720w, https:\/\/www.agriculture-machine.com\/wp-content\/uploads\/2021\/08\/201903051540197185.jpgw640qm_\u526f\u672c-360x270.jpg 360w, https:\/\/www.agriculture-machine.com\/wp-content\/uploads\/2021\/08\/201903051540197185.jpgw640qm_\u526f\u672c-240x180.jpg 240w\" sizes=\"auto, (max-width: 720px) 100vw, 720px\" \/><\/a><figcaption class=\"wp-element-caption\">R\u01a1m thu ho\u1ea1ch b\u1eb1ng m\u00e1y g\u1eb7t th\u00e2n ng\u00f4<\/figcaption><\/figure> <\/figure>    <h3 class=\"wp-block-heading\" id=\"h-straw-crushing-and-recycling-machine\"><a href=\"https:\/\/www.agriculture-machine.com\/vi\/silage-harvester-machine-with-tractor\/\">M\u00e1y nghi\u1ec1n v\u00e0 t\u00e1i ch\u1ebf r\u01a1m<\/a><\/h3>    <p>M\u00e1y nghi\u1ec1n v\u00e0 t\u00e1i ch\u1ebf r\u01a1m c\u00f3 ch\u1ee9c n\u0103ng nghi\u1ec1n v\u00e0 t\u00e1i ch\u1ebf. Ph\u00f9 h\u1ee3p v\u1edbi r\u01a1m c\u00e2y tr\u1ed3ng \u0111\u1ee9ng ho\u1eb7c \u0111\u00e3 ng\u00e3. M\u00e1y tr\u1ef1c ti\u1ebfp nghi\u1ec1n r\u01a1m. Sau \u0111\u00f3, r\u01a1m \u0111\u00e3 nghi\u1ec1n ra qua c\u1eeda x\u1ea3 v\u00e0 r\u01a1i v\u00e0o h\u1ed9p ch\u1ee9a.<\/p>    <p>B\u1ea1n c\u00f3 th\u1ec3 tr\u1ef1c ti\u1ebfp s\u1eed d\u1ee5ng r\u01a1m xanh thu ho\u1ea1ch t\u1eeb m\u00e1y nghi\u1ec1n v\u00e0 t\u00e1i ch\u1ebf r\u01a1m \u0111\u1ec3 l\u00e0m th\u1ee9c \u0103n xanh. V\u00e0 s\u1eed d\u1ee5ng r\u01a1m kh\u00f4 \u0111\u1ec3 l\u00e0m nhi\u00ean li\u1ec7u sinh kh\u1ed1i. B\u1ea1n c\u0169ng c\u00f3 th\u1ec3 d\u00f9ng n\u00f3 l\u00e0m dinh d\u01b0\u1ee1ng cho n\u1ea5m \u0103n.<\/p>    <figure class=\"wp-block-gallery has-nested-images columns-default is-cropped wp-block-gallery-6 is-layout-flex wp-block-gallery-is-layout-flex\"> <figure class=\"wp-block-image size-large\"><a href=\"https:\/\/www.agriculture-machine.com\/wp-content\/uploads\/2021\/08\/corn-silage-harvester.jpg\"><img loading=\"lazy\" decoding=\"async\" width=\"720\" height=\"540\" data-id=\"11080\" src=\"https:\/\/www.agriculture-machine.com\/wp-content\/uploads\/2021\/08\/corn-silage-harvester.jpg\" alt=\"m\u00e1y nghi\u1ec1n v\u00e0 t\u00e1i ch\u1ebf r\u01a1m\" class=\"wp-image-11080\" srcset=\"https:\/\/www.agriculture-machine.com\/wp-content\/uploads\/2021\/08\/corn-silage-harvester.jpg 720w, https:\/\/www.agriculture-machine.com\/wp-content\/uploads\/2021\/08\/corn-silage-harvester-360x270.jpg 360w, https:\/\/www.agriculture-machine.com\/wp-content\/uploads\/2021\/08\/corn-silage-harvester-240x180.jpg 240w\" sizes=\"auto, (max-width: 720px) 100vw, 720px\" \/><\/a><figcaption class=\"wp-element-caption\">m\u00e1y nghi\u1ec1n v\u00e0 t\u00e1i ch\u1ebf r\u01a1m<\/figcaption><\/figure>    <figure class=\"wp-block-image size-large\"><a href=\"https:\/\/www.agriculture-machine.com\/wp-content\/uploads\/2021\/08\/81342a0cfb04464ebfbcd713c8bdc9e7_c5_q75_864x486_\u526f\u672c.jpg\"><img loading=\"lazy\" decoding=\"async\" width=\"720\" height=\"540\" data-id=\"11079\" src=\"https:\/\/www.agriculture-machine.com\/wp-content\/uploads\/2021\/08\/81342a0cfb04464ebfbcd713c8bdc9e7_c5_q75_864x486_\u526f\u672c.jpg\" alt=\"R\u01a1m thu ho\u1ea1ch b\u1eb1ng m\u00e1y nghi\u1ec1n v\u00e0 t\u00e1i ch\u1ebf r\u01a1m\" class=\"wp-image-11079\" srcset=\"https:\/\/www.agriculture-machine.com\/wp-content\/uploads\/2021\/08\/81342a0cfb04464ebfbcd713c8bdc9e7_c5_q75_864x486_\u526f\u672c.jpg 720w, https:\/\/www.agriculture-machine.com\/wp-content\/uploads\/2021\/08\/81342a0cfb04464ebfbcd713c8bdc9e7_c5_q75_864x486_\u526f\u672c-360x270.jpg 360w, https:\/\/www.agriculture-machine.com\/wp-content\/uploads\/2021\/08\/81342a0cfb04464ebfbcd713c8bdc9e7_c5_q75_864x486_\u526f\u672c-240x180.jpg 240w\" sizes=\"auto, (max-width: 720px) 100vw, 720px\" \/><\/a><figcaption class=\"wp-element-caption\">R\u01a1m thu ho\u1ea1ch b\u1eb1ng m\u00e1y nghi\u1ec1n v\u00e0 t\u00e1i ch\u1ebf r\u01a1m<\/figcaption><\/figure> <\/figure>    <p>C\u1ea3 hai lo\u1ea1i m\u00e1y g\u1eb7t r\u01a1m \u0111\u1ec1u c\u00f3 \u01b0u \u0111i\u1ec3m v\u00e0 c\u00f4ng d\u1ee5ng ri\u00eang. B\u1ea1n c\u00f3 th\u1ec3 ch\u1ecdn theo nhu c\u1ea7u c\u1ee7a m\u00ecnh. \u0110\u1ed3ng th\u1eddi, ch\u00fang t\u00f4i c\u0169ng c\u00f3 th\u1ec3 gi\u1edbi thi\u1ec7u m\u1eabu ph\u00f9 h\u1ee3p nh\u1ea5t cho b\u1ea1n d\u1ef1a tr\u00ean nhu c\u1ea7u c\u1ee7a b\u1ea1n.<\/p>    <h2 class=\"wp-block-heading\" id=\"h-corn-stalk-reaping-machine-display\">Hi\u1ec3n th\u1ecb c\u1ee7a nh\u00e0 m\u00e1y<\/h2>    <figure class=\"wp-block-gallery has-nested-images columns-2 is-cropped wp-block-gallery-7 is-layout-flex wp-block-gallery-is-layout-flex\"> <figure class=\"wp-block-image size-large\"><a href=\"https:\/\/www.agriculture-machine.com\/wp-content\/uploads\/2021\/08\/\u753b\u677f-4.jpg\"><img loading=\"lazy\" decoding=\"async\" width=\"720\" height=\"540\" data-id=\"11084\" src=\"https:\/\/www.agriculture-machine.com\/wp-content\/uploads\/2021\/08\/\u753b\u677f-4.jpg\" alt=\"hi\u1ec3n th\u1ecb m\u00e1y g\u1eb7t r\u01a1m ng\u00f4 \" class=\"wp-image-11084\" srcset=\"https:\/\/www.agriculture-machine.com\/wp-content\/uploads\/2021\/08\/\u753b\u677f-4.jpg 720w, https:\/\/www.agriculture-machine.com\/wp-content\/uploads\/2021\/08\/\u753b\u677f-4-360x270.jpg 360w, https:\/\/www.agriculture-machine.com\/wp-content\/uploads\/2021\/08\/\u753b\u677f-4-240x180.jpg 240w\" sizes=\"auto, (max-width: 720px) 100vw, 720px\" \/><\/a><figcaption class=\"wp-element-caption\">hi\u1ec3n th\u1ecb m\u00e1y g\u1eb7t r\u01a1m ng\u00f4 <\/figcaption><\/figure>    <figure class=\"wp-block-image size-large\"><a href=\"https:\/\/www.agriculture-machine.com\/wp-content\/uploads\/2021\/08\/\u753b\u677f-3.jpg\"><img loading=\"lazy\" decoding=\"async\" width=\"720\" height=\"540\" data-id=\"11083\" src=\"https:\/\/www.agriculture-machine.com\/wp-content\/uploads\/2021\/08\/\u753b\u677f-3.jpg\" alt=\"hi\u1ec3n th\u1ecb m\u00e1y g\u1eb7t r\u01a1m ng\u00f4\" class=\"wp-image-11083\" srcset=\"https:\/\/www.agriculture-machine.com\/wp-content\/uploads\/2021\/08\/\u753b\u677f-3.jpg 720w, https:\/\/www.agriculture-machine.com\/wp-content\/uploads\/2021\/08\/\u753b\u677f-3-360x270.jpg 360w, https:\/\/www.agriculture-machine.com\/wp-content\/uploads\/2021\/08\/\u753b\u677f-3-240x180.jpg 240w\" sizes=\"auto, (max-width: 720px) 100vw, 720px\" \/><\/a><figcaption class=\"wp-element-caption\">hi\u1ec3n th\u1ecb m\u00e1y g\u1eb7t r\u01a1m ng\u00f4<\/figcaption><\/figure>    <figure class=\"wp-block-image size-large\"><a href=\"https:\/\/www.agriculture-machine.com\/wp-content\/uploads\/2021\/08\/\u753b\u677f-2.jpg\"><img loading=\"lazy\" decoding=\"async\" width=\"720\" height=\"540\" data-id=\"11082\" src=\"https:\/\/www.agriculture-machine.com\/wp-content\/uploads\/2021\/08\/\u753b\u677f-2.jpg\" alt=\"hi\u1ec3n th\u1ecb m\u00e1y g\u1eb7t r\u01a1m ng\u00f4\" class=\"wp-image-11082\" srcset=\"https:\/\/www.agriculture-machine.com\/wp-content\/uploads\/2021\/08\/\u753b\u677f-2.jpg 720w, https:\/\/www.agriculture-machine.com\/wp-content\/uploads\/2021\/08\/\u753b\u677f-2-360x270.jpg 360w, https:\/\/www.agriculture-machine.com\/wp-content\/uploads\/2021\/08\/\u753b\u677f-2-240x180.jpg 240w\" sizes=\"auto, (max-width: 720px) 100vw, 720px\" \/><\/a><figcaption class=\"wp-element-caption\">hi\u1ec3n th\u1ecb m\u00e1y g\u1eb7t r\u01a1m ng\u00f4<\/figcaption><\/figure>    <figure class=\"wp-block-image size-large\"><a href=\"https:\/\/www.agriculture-machine.com\/wp-content\/uploads\/2021\/08\/\u753b\u677f-1.jpg\"><img loading=\"lazy\" decoding=\"async\" width=\"720\" height=\"540\" data-id=\"11081\" src=\"https:\/\/www.agriculture-machine.com\/wp-content\/uploads\/2021\/08\/\u753b\u677f-1.jpg\" alt=\"hi\u1ec3n th\u1ecb m\u00e1y g\u1eb7t r\u01a1m ng\u00f4 \" class=\"wp-image-11081\" srcset=\"https:\/\/www.agriculture-machine.com\/wp-content\/uploads\/2021\/08\/\u753b\u677f-1.jpg 720w, https:\/\/www.agriculture-machine.com\/wp-content\/uploads\/2021\/08\/\u753b\u677f-1-360x270.jpg 360w, https:\/\/www.agriculture-machine.com\/wp-content\/uploads\/2021\/08\/\u753b\u677f-1-240x180.jpg 240w\" sizes=\"auto, (max-width: 720px) 100vw, 720px\" \/><\/a><figcaption class=\"wp-element-caption\">hi\u1ec3n th\u1ecb m\u00e1y g\u1eb7t r\u01a1m ng\u00f4 <\/figcaption><\/figure> <\/figure>    <h2 class=\"wp-block-heading\">C\u00e1c l\u01b0u \u00fd khi s\u1eed d\u1ee5ng<\/h2>    <ul class=\"wp-block-list\"> <li>Ch\u1ea9n \u0111o\u00e1n m\u00e1y tr\u01b0\u1edbc khi v\u1eadn h\u00e0nh \u0111\u1ec3 \u0111\u1ea3m b\u1ea3o m\u00e1y ho\u1ea1t \u0111\u1ed9ng t\u1ed1t.<\/li>    <li>B\u1ea1n c\u00f3 th\u1ec3 \u0111i\u1ec1u ch\u1ec9nh chi\u1ec1u cao c\u1ee7a r\u01a1m b\u1eb1ng c\u00e1ch \u0111i\u1ec1u ch\u1ec9nh v\u00edt c\u1ee7a khung n\u00e2ng. Tr\u01b0\u1edbc khi thu ho\u1ea1ch, \u0111i\u1ec1u ch\u1ec9nh dao c\u1eaft ch\u1ea1m \u0111\u1ea5t r\u1ed3i kh\u00f3a v\u00edt \u0111\u1ec3 th\u1eed c\u1eaft xem c\u00f3 ph\u00f9 h\u1ee3p kh\u00f4ng. N\u1ebfu kh\u00f4ng ph\u00f9 h\u1ee3p, \u0111i\u1ec1u ch\u1ec9nh \u0111\u1ec3 \u0111\u00e1p \u1ee9ng y\u00eau c\u1ea7u v\u00e0 b\u1eaft \u0111\u1ea7u thu ho\u1ea1ch. Th\u00f4ng th\u01b0\u1eddng, chi\u1ec1u cao c\u1ee7a r\u01a1m n\u00ean l\u1edbn h\u01a1n 3-5cm \u0111\u1ec3 tr\u00e1nh h\u01b0 h\u1ecfng dao c\u1eaft.<\/li>    <li>Ki\u1ec3m tra xem h\u1ed9p s\u1ed1 c\u00f3 thi\u1ebfu d\u1ea7u kh\u00f4ng tr\u01b0\u1edbc khi thu ho\u1ea1ch, n\u1ebfu thi\u1ebfu th\u00ec th\u00eam d\u1ea7u k\u1ecbp th\u1eddi. Sau m\u1ed9t th\u1eddi gian ho\u1ea1t \u0111\u1ed9ng, c\u0169ng ki\u1ec3m tra xem c\u00f3 r\u00f2 r\u1ec9 d\u1ea7u b\u00f4i tr\u01a1n kh\u00f4ng.<\/li>    <li>Ngo\u00e0i ra, ph\u01b0\u01a1ng ph\u00e1p thu ho\u1ea1ch \u0111\u1ec3 n\u00e2ng cao hi\u1ec7u qu\u1ea3 l\u00e0 thu ho\u1ea1ch theo v\u00f2ng quanh khu v\u1ef1c.<\/li>    <li>Sau m\u1ed9t th\u1eddi gian s\u1eed d\u1ee5ng dao c\u1eaft, ph\u1ea7n c\u1ea1nh c\u1eaft c\u1ee7a dao m\u00f2n v\u00e0 tr\u1edf n\u00ean c\u00f9n. L\u00fac n\u00e0y, d\u00f9ng m\u00e1y m\u00e0i c\u1ea7m tay \u0111\u1ec3 m\u00e0i s\u1eafc c\u1ea1nh c\u1eaft nh\u1eb1m ti\u1ebft ki\u1ec7m n\u0103ng l\u01b0\u1ee3ng trong thu ho\u1ea1ch. Tuy nhi\u00ean, khi m\u00e0i c\u1ea1nh c\u1eaft, c\u1ea7n tr\u00e1nh qu\u00e1 nhi\u1ec7t v\u00e0 nh\u1ecf gi\u1ecdt \u0111\u1ec3 l\u00e0m m\u00e1t, tr\u00e1nh gi\u1ea3m \u0111\u1ed9 b\u1ec1n c\u1ee7a c\u1ea1nh c\u1eaft.<\/li> <\/ul>    <h2 class=\"wp-block-heading\" id=\"h-maintenance-of-the-machine\">B\u1ea3o tr\u00ec m\u00e1y <\/h2>    <p>Sau khi m\u00e1y ho\u1ea1t \u0111\u1ed9ng xong, ki\u1ec3m tra m\u00e1y k\u1ecbp th\u1eddi. Ki\u1ec3m tra xem c\u00f3 h\u01b0 h\u1ecfng g\u00ec trong qu\u00e1 tr\u00ecnh v\u1eadn h\u00e0nh kh\u00f4ng. N\u1ebfu c\u00f3, s\u1eeda ch\u1eefa v\u00e0 b\u1ea3o d\u01b0\u1ee1ng ngay.<\/p>    <p>Khi m\u00e1y kh\u00f4ng ho\u1ea1t \u0111\u1ed9ng trong th\u1eddi gian d\u00e0i v\u00e0 c\u1ea7n l\u01b0u tr\u1eef, b\u00f4i tr\u01a1n c\u00e1c b\u1ea1c \u0111\u1ea1n v\u00e0 b\u1ed9 ph\u1eadn v\u1eadn chuy\u1ec3n \u0111\u1ec3 tr\u00e1nh r\u1ec9 s\u00e9t v\u00e0 \u1ea3nh h\u01b0\u1edfng \u0111\u1ebfn s\u1eed d\u1ee5ng.<\/p>","protected":false},"excerpt":{"rendered":"<p>M\u00e1y g\u1eb7t r\u01a1m ng\u00f4 thu ho\u1ea1ch to\u00e0n b\u1ed9 th\u00e2n c\u00e2y trong ru\u1ed9ng \u0111\u1ec3 t\u00e1i ch\u1ebf v\u00e0 t\u00e1i s\u1eed d\u1ee5ng. Kh\u00f4ng ch\u1ec9 ti\u1ebft ki\u1ec7m lao \u0111\u1ed9ng m\u00e0 c\u00f2n n\u00e2ng cao hi\u1ec7u qu\u1ea3.<\/p>","protected":false},"author":1,"featured_media":11089,"parent":0,"comment_status":"closed","ping_status":"closed","template":"","tags":[961],"product-type":[871,1,2],"class_list":["post-11066","product","type-product","status-publish","has-post-thumbnail","hentry","tag-maize-straw-reaper","product-type-harvester","product-type-other","product-type-products"],"_links":{"self":[{"href":"https:\/\/www.agriculture-machine.com\/vi\/wp-json\/wp\/v2\/product\/11066","targetHints":{"allow":["GET"]}}],"collection":[{"href":"https:\/\/www.agriculture-machine.com\/vi\/wp-json\/wp\/v2\/product"}],"about":[{"href":"https:\/\/www.agriculture-machine.com\/vi\/wp-json\/wp\/v2\/types\/product"}],"author":[{"embeddable":true,"href":"https:\/\/www.agriculture-machine.com\/vi\/wp-json\/wp\/v2\/users\/1"}],"replies":[{"embeddable":true,"href":"https:\/\/www.agriculture-machine.com\/vi\/wp-json\/wp\/v2\/comments?post=11066"}],"wp:featuredmedia":[{"embeddable":true,"href":"https:\/\/www.agriculture-machine.com\/vi\/wp-json\/wp\/v2\/media\/11089"}],"wp:attachment":[{"href":"https:\/\/www.agriculture-machine.com\/vi\/wp-json\/wp\/v2\/media?parent=11066"}],"wp:term":[{"taxonomy":"post_tag","embeddable":true,"href":"https:\/\/www.agriculture-machine.com\/vi\/wp-json\/wp\/v2\/tags?post=11066"},{"taxonomy":"product-type","embeddable":true,"href":"https:\/\/www.agriculture-machine.com\/vi\/wp-json\/wp\/v2\/product-type?post=11066"}],"curies":[{"name":"wp","href":"https:\/\/api.w.org\/{rel}","templated":true}]}}