{"id":11093,"date":"2021-08-18T15:50:35","date_gmt":"2021-08-18T07:50:35","guid":{"rendered":"https:\/\/www.agriculture-machine.com\/?p=11093"},"modified":"2024-09-18T16:17:13","modified_gmt":"2024-09-18T08:17:13","slug":"vibrating-sieving-machine-grain-screening-machine","status":"publish","type":"product","link":"https:\/\/www.agriculture-machine.com\/vi\/vibrating-sieving-machine-grain-screening-machine\/","title":{"rendered":"M\u00e1y s\u00e0ng rung | M\u00e1y s\u00e0ng l\u1ecdc h\u1ea1t"},"content":{"rendered":"<h2 class=\"wp-block-heading\">Gi\u1edbi thi\u1ec7u v\u1ec1 m\u00e1y s\u00e0ng rung<\/h2>    <p>M\u00e1y s\u00e0ng rung l\u00e0 m\u1ed9t lo\u1ea1i m\u00e1y l\u00e0m s\u1ea1ch v\u00e0 s\u00e0ng l\u1ecdc h\u1ea1t nh\u1ecf v\u00e0 trung b\u00ecnh, m\u1ee5c \u0111\u00edch c\u1ee7a n\u00f3 l\u00e0 lo\u1ea1i b\u1ecf l\u00e1, v\u1ecf c\u00e1m, b\u1ee5i v\u00e0 c\u00e1c t\u1ea1p ch\u1ea5t kh\u00e1c trong h\u1ea1t. <\/p>    <p class=\"translation-block\">Sau khi s\u1eed d\u1ee5ng m\u00e1y xay x\u00e1t \u0111\u1ec3 t\u00e1ch h\u1ea1t, b\u1ea1n c\u00f3 th\u1ec3 d\u00f9ng m\u00e1y s\u00e0ng rung \u0111\u1ec3 l\u00e0m s\u1ea1ch ch\u00fang. M\u00e1y s\u00e0ng h\u1ea1t c\u00f3 v\u1ebb ngo\u00e0i \u0111\u1eb9p v\u00e0 c\u1ea5u tr\u00fac nh\u1ecf g\u1ecdn. M\u1eb7c d\u00f9 v\u1eady, n\u00f3 thu\u1eadn ti\u1ec7n \u0111\u1ec3 di chuy\u1ec3n v\u00e0 d\u1ec5 s\u1eed d\u1ee5ng. M\u00e1y n\u00e0y c\u00f3 l\u1ee3i th\u1ebf v\u1ec1 hi\u1ec7u qu\u1ea3 lo\u1ea1i b\u1ecf t\u1ea1p ch\u1ea5t v\u00e0 ti\u00eau th\u1ee5 n\u0103ng l\u01b0\u1ee3ng th\u1ea5p. M\u00e0n h\u00ecnh c\u00f3 th\u1ec3 thay \u0111\u1ed5i t\u00f9y \u00fd theo y\u00eau c\u1ea7u c\u1ee7a ng\u01b0\u1eddi d\u00f9ng, v\u00e0 c\u00e1c l\u01b0\u1edbi s\u00e0ng ph\u00f9 h\u1ee3p v\u1edbi c\u00e1c lo\u1ea1i v\u1eadt li\u1ec7u kh\u00e1c nhau.<\/p>    <figure class=\"wp-block-embed is-type-video is-provider-youtube wp-block-embed-youtube wp-embed-aspect-16-9 wp-has-aspect-ratio\"><div class=\"wp-block-embed__wrapper\"> <iframe loading=\"lazy\" title=\"Video ho\u1ea1t \u0111\u1ed9ng c\u1ee7a m\u00e1y s\u00e0ng rung | m\u00e1y s\u00e0ng l\u1ecdc h\u1ea1t\" width=\"500\" height=\"281\" src=\"https:\/\/www.youtube.com\/embed\/C69m_ahdRSo?feature=oembed\" frameborder=\"0\" allow=\"accelerometer; autoplay; clipboard-write; encrypted-media; gyroscope; picture-in-picture; web-share\" referrerpolicy=\"strict-origin-when-cross-origin\" allowfullscreen><\/iframe> <\/div><\/figure>    <h2 class=\"wp-block-heading\" id=\"h-components-of-vibrating-sieving-machine\">C\u00e1c th\u00e0nh ph\u1ea7n c\u1ee7a m\u00e1y s\u00e0ng rung<\/h2>    <p>M\u00e1y ch\u1ee7 y\u1ebfu g\u1ed3m nhi\u1ec1u b\u1ed9 ph\u1eadn, bao g\u1ed3m m\u1ed9t ph\u1ec5u, khung, c\u01a1 ch\u1ebf truy\u1ec1n \u0111\u1ed9ng, qu\u1ea1t, v\u00e0 l\u01b0\u1edbi s\u00e0ng, v.v. Ch\u00e2n khung \u0111\u01b0\u1ee3c trang b\u1ecb b\u1ed1n b\u00e1nh xe \u0111\u1ec3 d\u1ec5 di chuy\u1ec3n; c\u00e1c l\u01b0\u1edbi s\u00e0ng c\u00f3 th\u1ec3 thay \u0111\u1ed5i v\u00e0 khung c\u00f3 c\u1ea5u tr\u00fac chia \u0111\u1ec3 d\u1ec5 thay th\u1ebf c\u00e1c lo\u1ea1i v\u1eadt li\u1ec7u kh\u00e1c nhau.<\/p>    <h2 class=\"wp-block-heading\">Th\u00f4ng s\u1ed1 k\u1ef9 thu\u1eadt c\u1ee7a m\u00e1y s\u00e0ng rung<\/h2>    <p>M\u00e1y c\u1ee7a ch\u00fang t\u00f4i c\u00f3 hai m\u1eabu kh\u00e1c nhau, chia th\u00e0nh nh\u1ecf v\u00e0 trung b\u00ecnh. B\u1ea1n c\u00f3 th\u1ec3 ch\u1ecdn m\u1eabu ph\u00f9 h\u1ee3p theo nhu c\u1ea7u c\u1ee7a m\u00ecnh, v\u00e0 b\u1ea1n c\u00f3 th\u1ec3 l\u1ea5y th\u00f4ng s\u1ed1 k\u1ef9 thu\u1eadt chi ti\u1ebft t\u1eeb b\u1ea3ng d\u01b0\u1edbi \u0111\u00e2y:<\/p>    <figure class=\"wp-block-gallery columns-2 is-cropped wp-block-gallery-2 is-layout-flex wp-block-gallery-is-layout-flex\"><ul class=\"blocks-gallery-grid\"><li class=\"blocks-gallery-item\"><figure><img loading=\"lazy\" decoding=\"async\" width=\"720\" height=\"540\" src=\"https:\/\/www.agriculture-machine.com\/wp-content\/uploads\/2021\/08\/2.jpg\" alt=\"k\u00edch th\u01b0\u1edbc nh\u1ecf\" data-id=\"11099\" data-full-url=\"https:\/\/www.agriculture-machine.com\/wp-content\/uploads\/2021\/08\/2.jpg\" data-link=\"https:\/\/www.agriculture-machine.com\/?attachment_id=11099\" class=\"wp-image-11099\" srcset=\"https:\/\/www.agriculture-machine.com\/wp-content\/uploads\/2021\/08\/2.jpg 720w, https:\/\/www.agriculture-machine.com\/wp-content\/uploads\/2021\/08\/2-360x270.jpg 360w, https:\/\/www.agriculture-machine.com\/wp-content\/uploads\/2021\/08\/2-240x180.jpg 240w\" sizes=\"auto, (max-width: 720px) 100vw, 720px\" \/><figcaption class=\"blocks-gallery-item__caption\">k\u00edch th\u01b0\u1edbc nh\u1ecf<\/figcaption><\/figure><\/li><li class=\"blocks-gallery-item\"><figure><img loading=\"lazy\" decoding=\"async\" width=\"720\" height=\"540\" src=\"https:\/\/www.agriculture-machine.com\/wp-content\/uploads\/2021\/08\/1-1.jpg\" alt=\"k\u00edch th\u01b0\u1edbc trung b\u00ecnh\" data-id=\"11100\" data-full-url=\"https:\/\/www.agriculture-machine.com\/wp-content\/uploads\/2021\/08\/1-1.jpg\" data-link=\"https:\/\/www.agriculture-machine.com\/?attachment_id=11100\" class=\"wp-image-11100\" srcset=\"https:\/\/www.agriculture-machine.com\/wp-content\/uploads\/2021\/08\/1-1.jpg 720w, https:\/\/www.agriculture-machine.com\/wp-content\/uploads\/2021\/08\/1-1-360x270.jpg 360w, https:\/\/www.agriculture-machine.com\/wp-content\/uploads\/2021\/08\/1-1-240x180.jpg 240w\" sizes=\"auto, (max-width: 720px) 100vw, 720px\" \/><figcaption class=\"blocks-gallery-item__caption\">k\u00edch th\u01b0\u1edbc trung b\u00ecnh<\/figcaption><\/figure><\/li><\/ul><\/figure>    <figure class=\"wp-block-table is-style-stripes\"><table><tbody><tr><td><strong>M\u1eabu <\/strong><strong><\/strong><\/td><td><strong>ZDS-1 <\/strong><strong><\/strong><\/td><td><strong>ZDS-2 <\/strong><strong><\/strong><\/td><\/tr><tr><td>C\u00f4ng su\u1ea5t<\/td><td>2.2kw<\/td><td>2.2kw<\/td><\/tr><tr><td>Dung t\u00edch<\/td><td>2t\/h<\/td><td>1t\/h<\/td><\/tr><tr><td>T\u1ef7 l\u1ec7 v\u1ee1<\/td><td>\u22660.1%<\/td><td>\u22660.1%<\/td><\/tr><tr><td>T\u1ed1c \u0111\u1ed9 quay<\/td><td>1400r\/ph\u00fat<\/td><td>1400r\/ph\u00fat<\/td><\/tr><tr><td>K\u00edch th\u01b0\u1edbc<\/td><td>1600*800*1000mm<\/td><td>2350*1100*1100mm<\/td><\/tr><tr><td>FOB Qingdao<\/td><td>&nbsp;<\/td><td>&nbsp;<\/td><\/tr><\/tbody><\/table><\/figure>    <h2 class=\"wp-block-heading\">Quy tr\u00ecnh l\u00e0m vi\u1ec7c c\u1ee7a m\u00e1y s\u00e0ng rung<\/h2>    <ol class=\"wp-block-list\" type=\"1\"><li>\u0110\u1eb7t m\u00e1y s\u00e0ng h\u1ea1t \u1edf v\u1ecb tr\u00ed n\u1eb1m ngang, r\u1ed3i b\u1eadt ngu\u1ed3n \u0111i\u1ec7n. Sau \u0111\u00f3 b\u1eadt c\u00f4ng t\u1eafc \u0111\u1ec3 \u0111\u1ea3m b\u1ea3o r\u1eb1ng \u0111\u1ed9ng c\u01a1 quay theo chi\u1ec1u kim \u0111\u1ed3ng h\u1ed3. \u0110i\u1ec1u n\u00e0y cho th\u1ea5y m\u00e1y \u0111\u00e3 v\u00e0o tr\u1ea1ng th\u00e1i ho\u1ea1t \u0111\u1ed9ng \u0111\u00fang.<\/li><li>\u0110\u1ed5 v\u1eadt li\u1ec7u c\u1ea7n s\u00e0ng v\u00e0o ph\u1ec5u, r\u1ed3i \u0111i\u1ec1u ch\u1ec9nh van ch\u1eb7n \u1edf \u0111\u00e1y ph\u1ec5u theo k\u00edch th\u01b0\u1edbc c\u1ee7a h\u1ea1t v\u1eadt li\u1ec7u. M\u1ee5c \u0111\u00edch l\u00e0 \u0111\u1ec3 v\u1eadt li\u1ec7u \u0111i \u0111\u1ec1u v\u00e0o ph\u1ea7n tr\u00ean c\u1ee7a m\u00e0n h\u00ecnh.<\/li><li>H\u00e3y \u0111\u1ea3m b\u1ea3o r\u1eb1ng qu\u1ea1t h\u00ecnh tr\u1ee5 \u1edf ph\u1ea7n tr\u00ean c\u1ee7a m\u00e0n h\u00ecnh c\u00f3 th\u1ec3 th\u1ed5i kh\u00ed \u0111\u00fang v\u00e0o ph\u1ea7n x\u1ea3 c\u1ee7a m\u00e0n h\u00ecnh. L\u1ed7 kh\u00ed v\u00e0o n\u1eb1m \u1edf cu\u1ed1i d\u01b0\u1edbi c\u1ee7a qu\u1ea1t, v\u00e0 sau \u0111\u00f3 n\u00f3 c\u00f3 th\u1ec3 k\u1ebft n\u1ed1i tr\u1ef1c ti\u1ebfp v\u1edbi t\u00fai v\u1ea3i \u0111\u1ec3 nh\u1eadn r\u00e1c nh\u1eb9 trong h\u1ea1t.<\/li><li>Ph\u1ea7n d\u01b0\u1edbi c\u1ee7a m\u00e0n h\u00ecnh rung c\u00f3 b\u1ed1n v\u00f2ng bi, c\u1ed1 \u0111\u1ecbnh l\u1ea7n l\u01b0\u1ee3t trong th\u00e9p h\u00ecnh ch\u1eef nh\u1eadt tr\u00ean khung \u0111\u1ec3 th\u1ef1c hi\u1ec7n chuy\u1ec3n \u0111\u1ed9ng t\u1ecbnh ti\u1ebfn tuy\u1ebfn t\u00ednh: m\u00e0n h\u00ecnh th\u00f4 tr\u00ean c\u00f9ng \u0111\u1ec3 l\u00e0m s\u1ea1ch c\u00e1c h\u1ea1t l\u1edbn c\u1ee7a t\u1ea1p ch\u1ea5t trong v\u1eadt li\u1ec7u, v\u00e0 m\u00e0n h\u00ecnh m\u1ecbn d\u01b0\u1edbi \u0111\u1ec3 l\u00e0m s\u1ea1ch c\u00e1c h\u1ea1t nh\u1ecf c\u1ee7a t\u1ea1p ch\u1ea5t trong v\u1eadt li\u1ec7u.<\/li><li>Cu\u1ed1i c\u00f9ng, b\u1ea1n c\u00f3 th\u1ec3 nh\u1eadn \u0111\u01b0\u1ee3c c\u00e2y tr\u1ed3ng s\u1ea1ch.<\/li><\/ol>    <h2 class=\"wp-block-heading\">\u01afu \u0111i\u1ec3m c\u1ee7a m\u00e1y s\u00e0ng l\u1ecdc h\u1ea1t<\/h2>    <p>1. M\u00e1y c\u00f3 c\u1ea5u tr\u00fac nh\u1ecf g\u1ecdn, ho\u1ea1t \u0111\u1ed9ng \u1ed5n \u0111\u1ecbnh, v\u00e0 l\u01b0\u1edbi s\u00e0ng c\u1ea9n th\u1eadn \u0111\u1ec3 gi\u1ea3m \u0111\u00e1ng k\u1ec3 c\u00f4ng s\u1ee9c lao \u0111\u1ed9ng v\u00e0 n\u00e2ng cao hi\u1ec7u qu\u1ea3 l\u00e0m vi\u1ec7c.<\/p>    <p>2. C\u00e1c l\u01b0\u1edbi s\u00e0ng c\u00f3 th\u1ec3 thay \u0111\u1ed5i t\u00f9y \u00fd theo y\u00eau c\u1ea7u c\u1ee7a ng\u01b0\u1eddi d\u00f9ng \u0111\u1ec3 ph\u00f9 h\u1ee3p v\u1edbi c\u00e1c lo\u1ea1i v\u1eadt li\u1ec7u kh\u00e1c nhau nh\u01b0 g\u1ea1o, \u0111\u1eadu ph\u1ed9ng, ng\u00f4, \u0111\u1eadu n\u00e0nh, v.v.<\/p>    <p>3. Ph\u00f9 h\u1ee3p v\u1edbi ph\u1ea7n l\u1edbn n\u00f4ng d\u00e2n tr\u1ed3ng v\u00e0 thu ho\u1ea1ch l\u00faa, v\u00e0 c\u00e1c nh\u00e0 m\u00e1y ch\u1ebf bi\u1ebfn th\u1ee9c \u0103n ch\u0103n nu\u00f4i, v\u00e0 c\u00f3 th\u1ec3 l\u00e0m s\u1ea1ch v\u00e0 lo\u1ea1i b\u1ecf t\u1ea1p ch\u1ea5t v\u00e0 b\u1ee5i trong h\u1ea1t ho\u1eb7c h\u1ea1t d\u1ea7u m\u1ed9t c\u00e1ch s\u1ea1ch s\u1ebd v\u00e0 tri\u1ec7t \u0111\u1ec3.<\/p>    <p>4. N\u00f3 chi\u1ebfm di\u1ec7n t\u00edch nh\u1ecf, v\u00e0 m\u00e1y \u0111\u01b0\u1ee3c trang b\u1ecb b\u00e1nh xe \u0111\u1ec3 d\u1ec5 di chuy\u1ec3n.<\/p>    <p>5. Hi\u1ec7u qu\u1ea3 lo\u1ea1i b\u1ecf b\u1ee5i r\u00f5 r\u00e0ng, ti\u00eau th\u1ee5 n\u0103ng l\u01b0\u1ee3ng th\u1ea5p, v\u00e0 m\u00e1y d\u1ec5 s\u1eed d\u1ee5ng.<\/p>    <h2 class=\"wp-block-heading\">C\u00e1c l\u01b0u \u00fd khi s\u1eed d\u1ee5ng m\u00e1y s\u00e0ng rung<\/h2>    <p>1. Don&#8217;t reach into the operating part of the equipment.<\/p>    <p>2. Khi kh\u1edfi \u0111\u1ed9ng, qu\u1ea1t ch\u00ednh n\u00ean ch\u1ea1y theo h\u01b0\u1edbng ch\u1ec9 d\u1eabn b\u1edfi m\u0169i t\u00ean.<\/p>    <p>3. If mechanical and electrical failure or abnormal noise occurs during the operation of the equipment, then you should shut down the machine immediately to inspect, so the hidden dangers can be eliminated before normal operation. Equipment maintenance should be carried out by professionals, and you can&#8217;t disassemble key parts at will.<\/p>    <p>4. N\u1eafp b\u1ea3o v\u1ec7 kh\u00f4ng th\u1ec3 th\u00e1o r\u1eddi m\u1ed9t c\u00e1ch t\u00f9y \u00fd.<\/p>    <h2 class=\"wp-block-heading\">S\u1ee9c m\u1ea1nh c\u1ee7a c\u00f4ng ty ch\u00fang t\u00f4i<\/h2>    <p>We are a company established for many years, with strong strength and rich export experience. We have enough vibrating sieving\u00a0machines in stock. Our products have sufficient inventory, and we have to check the production process. Therefore, you needn&#8217;t worry about product inventory and quality issues. Our products are sold to many countries and received unanimous praise. If you have interest in our products, you can leave your contact information and our staff will contact you within 24 hours.<\/p>    <figure class=\"wp-block-gallery columns-2 is-cropped wp-block-gallery-3 is-layout-flex wp-block-gallery-is-layout-flex\"><ul class=\"blocks-gallery-grid\"><li class=\"blocks-gallery-item\"><figure><img loading=\"lazy\" decoding=\"async\" width=\"720\" height=\"540\" src=\"https:\/\/www.agriculture-machine.com\/wp-content\/uploads\/2021\/08\/3-1.jpg\" alt=\"kho h\u00e0ng\" data-id=\"11101\" data-full-url=\"https:\/\/www.agriculture-machine.com\/wp-content\/uploads\/2021\/08\/3-1.jpg\" data-link=\"https:\/\/www.agriculture-machine.com\/?attachment_id=11101\" class=\"wp-image-11101\" srcset=\"https:\/\/www.agriculture-machine.com\/wp-content\/uploads\/2021\/08\/3-1.jpg 720w, https:\/\/www.agriculture-machine.com\/wp-content\/uploads\/2021\/08\/3-1-360x270.jpg 360w, https:\/\/www.agriculture-machine.com\/wp-content\/uploads\/2021\/08\/3-1-240x180.jpg 240w\" sizes=\"auto, (max-width: 720px) 100vw, 720px\" \/><figcaption class=\"blocks-gallery-item__caption\">kho h\u00e0ng<\/figcaption><\/figure><\/li><li class=\"blocks-gallery-item\"><figure><img loading=\"lazy\" decoding=\"async\" width=\"720\" height=\"540\" src=\"https:\/\/www.agriculture-machine.com\/wp-content\/uploads\/2021\/08\/4-1.jpg\" alt=\"kho h\u00e0ng\" data-id=\"11102\" data-full-url=\"https:\/\/www.agriculture-machine.com\/wp-content\/uploads\/2021\/08\/4-1.jpg\" data-link=\"https:\/\/www.agriculture-machine.com\/?attachment_id=11102\" class=\"wp-image-11102\" srcset=\"https:\/\/www.agriculture-machine.com\/wp-content\/uploads\/2021\/08\/4-1.jpg 720w, https:\/\/www.agriculture-machine.com\/wp-content\/uploads\/2021\/08\/4-1-360x270.jpg 360w, https:\/\/www.agriculture-machine.com\/wp-content\/uploads\/2021\/08\/4-1-240x180.jpg 240w\" sizes=\"auto, (max-width: 720px) 100vw, 720px\" \/><figcaption class=\"blocks-gallery-item__caption\">kho h\u00e0ng<\/figcaption><\/figure><\/li><\/ul><\/figure>","protected":false},"excerpt":{"rendered":"<p>Introduction of vibrating sieving machine Vibrating sieving\u00a0machine is a small and medium-sized grain cleaning, and screening machine, its aim is to remove leaves, bran husks, dust, and other sundries in the grain. After using a thresher machine to shell crops, then you can use a vibrating sieving\u00a0machine to clean them. The grain screening machine has [&hellip;]<\/p>\n","protected":false},"author":1,"featured_media":11103,"parent":0,"comment_status":"closed","ping_status":"closed","template":"","tags":[487],"product-type":[1],"class_list":["post-11093","product","type-product","status-publish","has-post-thumbnail","hentry","tag-grain","product-type-other"],"_links":{"self":[{"href":"https:\/\/www.agriculture-machine.com\/vi\/wp-json\/wp\/v2\/product\/11093","targetHints":{"allow":["GET"]}}],"collection":[{"href":"https:\/\/www.agriculture-machine.com\/vi\/wp-json\/wp\/v2\/product"}],"about":[{"href":"https:\/\/www.agriculture-machine.com\/vi\/wp-json\/wp\/v2\/types\/product"}],"author":[{"embeddable":true,"href":"https:\/\/www.agriculture-machine.com\/vi\/wp-json\/wp\/v2\/users\/1"}],"replies":[{"embeddable":true,"href":"https:\/\/www.agriculture-machine.com\/vi\/wp-json\/wp\/v2\/comments?post=11093"}],"wp:featuredmedia":[{"embeddable":true,"href":"https:\/\/www.agriculture-machine.com\/vi\/wp-json\/wp\/v2\/media\/11103"}],"wp:attachment":[{"href":"https:\/\/www.agriculture-machine.com\/vi\/wp-json\/wp\/v2\/media?parent=11093"}],"wp:term":[{"taxonomy":"post_tag","embeddable":true,"href":"https:\/\/www.agriculture-machine.com\/vi\/wp-json\/wp\/v2\/tags?post=11093"},{"taxonomy":"product-type","embeddable":true,"href":"https:\/\/www.agriculture-machine.com\/vi\/wp-json\/wp\/v2\/product-type?post=11093"}],"curies":[{"name":"wp","href":"https:\/\/api.w.org\/{rel}","templated":true}]}}