{"id":1116,"date":"2018-10-19T09:18:57","date_gmt":"2018-10-19T01:18:57","guid":{"rendered":"https:\/\/www.agriculture-machine.com\/?p=1116"},"modified":"2024-09-23T11:12:25","modified_gmt":"2024-09-23T03:12:25","slug":"almond-kernel-separator-machine","status":"publish","type":"product","link":"https:\/\/www.agriculture-machine.com\/vi\/almond-kernel-separator-machine\/","title":{"rendered":"M\u00e1y t\u00e1ch h\u1ea1t h\u1ea1nh nh\u00e2n"},"content":{"rendered":"<p>M\u00e1y t\u00e1ch h\u1ea1t h\u1ea1nh nh\u00e2n l\u00e0 m\u1ed9t m\u00e1y thi\u1ebft y\u1ebfu \u0111\u1ec3 s\u1eed d\u1ee5ng trong m\u00e1y nghi\u1ec1n h\u1ea1nh nh\u00e2n v\u00e0 qu\u1ea3 \u00f3c ch\u00f3. Khi h\u1ea1nh nh\u00e2n b\u1ecb nghi\u1ec1n n\u00e1t, nguy\u00ean li\u1ec7u th\u00f4 tr\u1ed9n l\u1eabn v\u1edbi v\u1ecf nghi\u1ec1n v\u00e0 h\u1ea1t \u0111\u01b0\u1ee3c \u0111\u1eb7t v\u00e0o m\u00e1y \u0111\u1ec3 t\u00e1ch v\u1ecf m\u01a1 kh\u1ecfi h\u1ea1nh nh\u00e2n.<\/p> <p>M\u00e1y h\u1ea1nh nh\u00e2n g\u1ed3m c\u00e1c b\u1ed9 ph\u1eadn nh\u01b0 ph\u1ec5u c\u1ea5p li\u1ec7u, s\u00e0ng rung, qu\u1ea1t, khung th\u00e2n v\u00e0 c\u00e1c b\u1ed9 ph\u1eadn kh\u00e1c. Ch\u00fang t\u00f4i s\u1eed d\u1ee5ng b\u1ea1c \u0111\u1ea1n cao su, b\u1ec1n h\u01a1n, \u1ed5n \u0111\u1ecbnh v\u00e0 gi\u1ea3m s\u1ed1c.<\/p> <p><img decoding=\"async\" style=\"width: 345px; margin-right: 10px; float: left;\" src=\"https:\/\/www.agriculture-machine.com\/wp-content\/uploads\/2018\/10\/almond-kernel-separator-machine-1.jpg\" \/><img decoding=\"async\" style=\"width: 345px;\" src=\"https:\/\/www.agriculture-machine.com\/wp-content\/uploads\/2018\/10\/almond-kernel-separator-machine-3.jpg\" \/><\/p> <p>M\u00e1y h\u1ea1nh nh\u00e2n t\u1eadn d\u1ee5ng s\u1ef1 kh\u00e1c bi\u1ec7t v\u1ec1 tr\u1ecdng l\u01b0\u1ee3ng ri\u00eang v\u00e0 t\u1ed1c \u0111\u1ed9 treo gi\u1eefa v\u1ecf v\u00e0 h\u1ea1t, th\u00fac \u0111\u1ea9y qu\u00e1 tr\u00ecnh t\u00e1ch v\u1ecf b\u1eb1ng c\u00e1ch s\u1eed d\u1ee5ng lu\u1ed3ng kh\u00ed \u0111i l\u00ean qua khe h\u1edf c\u1ee7a c\u00e1c h\u1ea1t. D\u1ec5 v\u1eadn h\u00e0nh; \u00b7 Chi\u1ebfm di\u1ec7n t\u00edch nh\u1ecf v\u00e0 d\u1ec5 d\u00e0ng l\u1eafp r\u00e1p d\u00e2y chuy\u1ec1n s\u1ea3n xu\u1ea5t.<\/p> <p>N\u00f3i chung, m\u00e1y t\u00e1ch h\u1ea1t h\u1ea1nh nh\u00e2n l\u00e0 m\u1ed9t tr\u1ee3 th\u1ee7 \u0111\u1eafc l\u1ef1c cho n\u00f4ng d\u00e2n trong vi\u1ec7c ch\u1ebf bi\u1ebfn h\u1ea1nh nh\u00e2n v\u00e0 qu\u1ea3 \u00f3c ch\u00f3.<\/p> <p class=\"translation-block\"><span style=\"font-size: 32px; color: red;\"><strong>Technical parameter <\/strong><\/span><br \/> <img decoding=\"async\" style=\"width: 345px; margin-right: 10px; float: left;\" src=\"https:\/\/www.agriculture-machine.com\/wp-content\/uploads\/2018\/10\/almond-kernel-separator-machine-5.jpg\" \/><img decoding=\"async\" style=\"width: 345px;\" src=\"https:\/\/www.agriculture-machine.com\/wp-content\/uploads\/2018\/10\/almond-kernel-separator-machine-6.jpg\" \/><\/p> <div class=\"table-responsive\"> <table class=\"table\" border=\"1\"> <tbody> <tr> <td width=\"259\"><strong><b>M\u1eabu<\/b><\/strong><\/td> <td width=\"362\"><strong><b>XF-500<\/b><\/strong><\/td> <\/tr> <tr> <td width=\"259\">C\u00f4ng su\u1ea5t<\/td> <td width=\"362\">3 kw<\/td> <\/tr> <tr> <td width=\"259\">S\u1ea3n l\u01b0\u1ee3ng h\u1ea1t<\/td> <td width=\"362\">200-400 KG \/ H<\/td> <\/tr> <tr> <td width=\"259\">Tr\u1ecdng l\u01b0\u1ee3ng<\/td> <td width=\"362\">200 kg<\/td> <\/tr> <tr> <td width=\"259\">K\u00edch th\u01b0\u1edbc<\/td> <td width=\"362\">2540*900*1500 mm<\/td> <\/tr> <\/tbody> <\/table> <\/div>","protected":false},"excerpt":{"rendered":"<p>The almond kernel separator machine\u00a0is an essential machine for the use of almond and walnut cracked machine . When the almonds are pulverized, the raw materials mixed with the crushed shell and the kernel are placed in a machine to separate the apricot shell from the almonds. The almond machine\u00a0consists of such parts as the [&hellip;]<\/p>\n","protected":false},"author":1,"featured_media":1120,"parent":0,"comment_status":"closed","ping_status":"closed","template":"","tags":[2628],"product-type":[918,1],"class_list":["post-1116","product","type-product","status-publish","has-post-thumbnail","hentry","tag-almond","product-type-almond-cracker-and-separator","product-type-other"],"_links":{"self":[{"href":"https:\/\/www.agriculture-machine.com\/vi\/wp-json\/wp\/v2\/product\/1116","targetHints":{"allow":["GET"]}}],"collection":[{"href":"https:\/\/www.agriculture-machine.com\/vi\/wp-json\/wp\/v2\/product"}],"about":[{"href":"https:\/\/www.agriculture-machine.com\/vi\/wp-json\/wp\/v2\/types\/product"}],"author":[{"embeddable":true,"href":"https:\/\/www.agriculture-machine.com\/vi\/wp-json\/wp\/v2\/users\/1"}],"replies":[{"embeddable":true,"href":"https:\/\/www.agriculture-machine.com\/vi\/wp-json\/wp\/v2\/comments?post=1116"}],"wp:featuredmedia":[{"embeddable":true,"href":"https:\/\/www.agriculture-machine.com\/vi\/wp-json\/wp\/v2\/media\/1120"}],"wp:attachment":[{"href":"https:\/\/www.agriculture-machine.com\/vi\/wp-json\/wp\/v2\/media?parent=1116"}],"wp:term":[{"taxonomy":"post_tag","embeddable":true,"href":"https:\/\/www.agriculture-machine.com\/vi\/wp-json\/wp\/v2\/tags?post=1116"},{"taxonomy":"product-type","embeddable":true,"href":"https:\/\/www.agriculture-machine.com\/vi\/wp-json\/wp\/v2\/product-type?post=1116"}],"curies":[{"name":"wp","href":"https:\/\/api.w.org\/{rel}","templated":true}]}}