{"id":11169,"date":"2021-09-11T15:39:47","date_gmt":"2021-09-11T07:39:47","guid":{"rendered":"https:\/\/www.agriculture-machine.com\/?p=11169"},"modified":"2025-10-14T17:31:48","modified_gmt":"2025-10-14T09:31:48","slug":"horizontal-tmr-feed-mixer-for-sale-forage-mixer-mash-mixer","status":"publish","type":"product","link":"https:\/\/www.agriculture-machine.com\/vi\/horizontal-tmr-feed-mixer-for-sale-forage-mixer-mash-mixer\/","title":{"rendered":"M\u00e1y tr\u1ed9n th\u1ee9c \u0103n TMR ngang \u0111\u1ec3 b\u00e1n | M\u00e1y tr\u1ed9n th\u1ee9c \u0103n mash"},"content":{"rendered":"<p>M\u00e1y tr\u1ed9n th\u1ee9c \u0103n TMR ngang l\u00e0 thi\u1ebft b\u1ecb tr\u1ed9n \u0111\u1eb7c bi\u1ec7t d\u00e0nh cho c\u00e1c trang tr\u1ea1i v\u00e0 nh\u00e0 m\u00e1y th\u1ee9c \u0103n hi\u1ec7n \u0111\u1ea1i, t\u00edch h\u1ee3p ba ch\u1ee9c n\u0103ng ch\u00ednh: nghi\u1ec1n, khu\u1ea5y v\u00e0 tr\u1ed9n. <\/p>    <p>C\u00f3 th\u1ec3 x\u1eed l\u00fd 3 \u0111\u1ebfn 10 t\u1ea5n th\u1ee9c \u0103n c\u1ecf v\u00e0 th\u1ee9c \u0103n th\u00f4 m\u1ed7i gi\u1edd, \u0111\u1ed3ng th\u1eddi tr\u1ed9n l\u1eabn th\u1ee9c \u0103n th\u00f4, th\u1ee9c \u0103n c\u00f4 \u0111\u1eb7c v\u00e0 c\u00e1c ph\u1ee5 gia dinh d\u01b0\u1ee1ng kh\u00e1c (nh\u01b0 kho\u00e1ng ch\u1ea5t v\u00e0 vitamin) \u0111\u1ec3 \u0111\u1ea1t kh\u1ea9u ph\u1ea7n t\u1ed5ng h\u1ee3p c\u00e2n \u0111\u1ed1i khoa h\u1ecdc. <\/p>    <p>V\u1edbi h\u1ec7 th\u1ed1ng c\u1eaft v\u00e0 tr\u1ed9n xo\u1eafn \u1ed1c \u0111\u00f4i, \u0111\u1ea1t h\u01a1n 95% \u0111\u1ed9 \u0111\u1ed3ng \u0111\u1ec1u trong tr\u1ed9n, t\u0103ng l\u01b0\u1ee3ng th\u1ee9c \u0103n cho b\u00f2 v\u00e0 c\u1eebu l\u00ean 20% v\u00e0 gi\u1ea3m chi ph\u00ed cho \u0103n 15%. \u0110\u00e2y l\u00e0 gi\u1ea3i ph\u00e1p l\u00fd t\u01b0\u1edfng \u0111\u1ec3 n\u00e2ng cao l\u1ee3i nhu\u1eadn trong ch\u0103n nu\u00f4i hi\u1ec7n \u0111\u1ea1i.<\/p>    <figure class=\"wp-block-embed aligncenter is-type-video is-provider-youtube wp-block-embed-youtube wp-embed-aspect-16-9 wp-has-aspect-ratio\"><div class=\"wp-block-embed__wrapper\"> <iframe loading=\"lazy\" title=\"M\u00e1y tr\u1ed9n th\u1ee9c \u0103n c\u1ecf: Ti\u1ebft ki\u1ec7m th\u1eddi gian v\u00e0 t\u1ed1i \u0111a h\u00f3a gi\u00e1 tr\u1ecb dinh d\u01b0\u1ee1ng c\u1ee7a th\u1ee9c \u0103n gia s\u00fac!\" width=\"500\" height=\"281\" src=\"https:\/\/www.youtube.com\/embed\/gefgc3TXZ3Y?feature=oembed\" frameborder=\"0\" allow=\"accelerometer; autoplay; clipboard-write; encrypted-media; gyroscope; picture-in-picture; web-share\" referrerpolicy=\"strict-origin-when-cross-origin\" allowfullscreen><\/iframe> <\/div><figcaption class=\"wp-element-caption\">video ho\u1ea1t \u0111\u1ed9ng c\u1ee7a m\u00e1y tr\u1ed9n th\u1ee9c \u0103n c\u1ecf kh\u00f4<\/figcaption><\/figure>    <h2 class=\"wp-block-heading\">\u01afu \u0111i\u1ec3m c\u1ee7a m\u00e1y tr\u1ed9n th\u1ee9c \u0103n c\u1ecf kh\u00f4 ngang<\/h2>    <ul class=\"wp-block-list\"> <li>C\u1ea5u tr\u00fac b\u1ec1n ch\u1eafc, ch\u1ecbu l\u1ef1c cao: c\u00f3 l\u01b0\u1ee1i dao c\u1eaft b\u1eb1ng th\u00e9p h\u1ee3p kim cao ch\u1ed1ng m\u00e0i m\u00f2n v\u00e0 va \u0111\u1eadp, \u0111\u1ea3m b\u1ea3o c\u1ea5u tr\u00fac \u1ed5n \u0111\u1ecbnh, v\u1eadn h\u00e0nh tr\u01a1n tru v\u00e0 tu\u1ed5i th\u1ecd d\u00e0i.<\/li>    <li>H\u1ec7 th\u1ed1ng truy\u1ec1n \u0111\u1ed9ng hai t\u1ed1c \u0111\u1ed9 hi\u1ec7u qu\u1ea3 cao: truy\u1ec1n \u0111\u1ed9ng hai t\u1ed1c \u0111\u1ed9 \u0111\u1ed9c l\u1eadp cho c\u1eaft v\u00e0 tr\u1ed9n, t\u0103ng hi\u1ec7u qu\u1ea3 l\u00ean 40%, gi\u1ea3m \u0111\u00e1ng k\u1ec3 chi ph\u00ed lao \u0111\u1ed9ng v\u00e0 th\u1eddi gian.<\/li>    <li>Tr\u1ed9n ch\u00ednh x\u00e1c th\u00f4ng minh: h\u1ec7 th\u1ed1ng c\u1ea5p li\u1ec7u t\u1ef1 \u0111\u1ed9ng v\u00e0 x\u1ea3 t\u1ed1i \u01b0u \u0111\u1ea1t \u226595% \u0111\u1ed3ng \u0111\u1ec1u trong tr\u1ed9n, \u0111\u1ea3m b\u1ea3o t\u1ef7 l\u1ec7 dinh d\u01b0\u1ee1ng ch\u00ednh x\u00e1c v\u00e0 nh\u1ea5t qu\u00e1n.<\/li>    <li>B\u1ea3o tr\u00ec d\u1ec5 d\u00e0ng, chi ph\u00ed th\u1ea5p: thi\u1ebft k\u1ebf m\u00f4-\u0111un d\u1ec5 th\u00e1o r\u1eddi v\u00e0 ki\u1ec3m tra; h\u1ec7 th\u1ed1ng truy\u1ec1n \u0111\u1ed9ng th\u1ee7y l\u1ef1c v\u00e0 c\u01a1 kh\u00ed k\u00e9p gi\u1ea3m thi\u1ec3u t\u1ef7 l\u1ec7 h\u1ecfng h\u00f3c, r\u00fat ng\u1eafn chu k\u1ef3 b\u1ea3o tr\u00ec 30%.<\/li>    <li>\u1ee8ng d\u1ee5ng r\u1ed9ng r\u00e3i: x\u1eed l\u00fd c\u00e1c lo\u1ea1i th\u1ee9c \u0103n th\u00f4 \u0111a d\u1ea1ng nh\u01b0 th\u00e2n ng\u00f4, c\u1ecf \u0111\u1ed3ng c\u1ecf, v\u00e0 c\u1ecf kh\u00f4, \u0111\u1ed3ng th\u1eddi k\u1ebft h\u1ee3p tr\u1ef1c ti\u1ebfp ph\u1ee5 gia m\u00e0 kh\u00f4ng l\u00e0m h\u1ecfng c\u1ea5u tr\u00fac s\u1ee3i.<\/li>    <li>T\u00f9y ch\u1ec9nh linh ho\u1ea1t: \u0111i\u1ec1u ch\u1ec9nh dung l\u01b0\u1ee3ng, ph\u01b0\u01a1ng ph\u00e1p c\u1ea5p, c\u1ea5u h\u00ecnh x\u1ea3 v\u00e0 ngu\u1ed3n n\u0103ng l\u01b0\u1ee3ng (\u0111\u1ed9ng c\u01a1 \u0111i\u1ec7n ho\u1eb7c \u0111\u1ed9ng c\u01a1 diesel) ph\u00f9 h\u1ee3p quy m\u00f4 trang tr\u1ea1i v\u00e0 nhu c\u1ea7u v\u1eadn h\u00e0nh.<\/li> <\/ul>    <figure class=\"wp-block-gallery has-nested-images columns-default is-cropped wp-block-gallery-2 is-layout-flex wp-block-gallery-is-layout-flex\"> <figure class=\"wp-block-image size-large\"><a href=\"https:\/\/www.agriculture-machine.com\/wp-content\/uploads\/2021\/08\/Customer-specific.jpg\"><img loading=\"lazy\" decoding=\"async\" width=\"720\" height=\"540\" data-id=\"11178\" src=\"https:\/\/www.agriculture-machine.com\/wp-content\/uploads\/2021\/08\/Customer-specific.jpg\" alt=\"Theo y\u00eau c\u1ea7u c\u1ee7a kh\u00e1ch h\u00e0ng\" class=\"wp-image-11178\" srcset=\"https:\/\/www.agriculture-machine.com\/wp-content\/uploads\/2021\/08\/Customer-specific.jpg 720w, https:\/\/www.agriculture-machine.com\/wp-content\/uploads\/2021\/08\/Customer-specific-360x270.jpg 360w, https:\/\/www.agriculture-machine.com\/wp-content\/uploads\/2021\/08\/Customer-specific-240x180.jpg 240w\" sizes=\"auto, (max-width: 720px) 100vw, 720px\" \/><\/a><figcaption class=\"wp-element-caption\">Theo y\u00eau c\u1ea7u c\u1ee7a kh\u00e1ch h\u00e0ng<\/figcaption><\/figure>    <figure class=\"wp-block-image size-large\"><a href=\"https:\/\/www.agriculture-machine.com\/wp-content\/uploads\/2021\/08\/Customer-specific-2.jpg\"><img loading=\"lazy\" decoding=\"async\" width=\"720\" height=\"540\" data-id=\"11179\" src=\"https:\/\/www.agriculture-machine.com\/wp-content\/uploads\/2021\/08\/Customer-specific-2.jpg\" alt=\"Theo y\u00eau c\u1ea7u c\u1ee7a kh\u00e1ch h\u00e0ng\" class=\"wp-image-11179\" srcset=\"https:\/\/www.agriculture-machine.com\/wp-content\/uploads\/2021\/08\/Customer-specific-2.jpg 720w, https:\/\/www.agriculture-machine.com\/wp-content\/uploads\/2021\/08\/Customer-specific-2-360x270.jpg 360w, https:\/\/www.agriculture-machine.com\/wp-content\/uploads\/2021\/08\/Customer-specific-2-240x180.jpg 240w\" sizes=\"auto, (max-width: 720px) 100vw, 720px\" \/><\/a><figcaption class=\"wp-element-caption\">Theo y\u00eau c\u1ea7u c\u1ee7a kh\u00e1ch h\u00e0ng<\/figcaption><\/figure> <\/figure>    <h2 class=\"wp-block-heading\" id=\"h-structure-of-tmr-feed-mixer\">C\u1ea5u tr\u00fac c\u1ee7a m\u00e1y tr\u1ed9n th\u1ee9c \u0103n TMR<\/h2>    <p>M\u00e1y tr\u1ed9n th\u1ee9c \u0103n ch\u1ee9a nhi\u1ec1u b\u1ed9 ph\u1eadn. B\u1ea1n c\u00f3 th\u1ec3 xem th\u00eam trong h\u00ecnh d\u01b0\u1edbi \u0111\u00e2y.<\/p>    <figure class=\"wp-block-gallery has-nested-images columns-default is-cropped wp-block-gallery-3 is-layout-flex wp-block-gallery-is-layout-flex\"> <figure class=\"wp-block-image aligncenter size-large\"><a href=\"https:\/\/www.agriculture-machine.com\/wp-content\/uploads\/2021\/08\/structure.png\"><img loading=\"lazy\" decoding=\"async\" width=\"720\" height=\"540\" data-id=\"11175\" src=\"https:\/\/www.agriculture-machine.com\/wp-content\/uploads\/2021\/08\/structure.png\" alt=\"c\u1ea5u tr\u00fac\" class=\"wp-image-11175\" srcset=\"https:\/\/www.agriculture-machine.com\/wp-content\/uploads\/2021\/08\/structure.png 720w, https:\/\/www.agriculture-machine.com\/wp-content\/uploads\/2021\/08\/structure-360x270.png 360w, https:\/\/www.agriculture-machine.com\/wp-content\/uploads\/2021\/08\/structure-240x180.png 240w\" sizes=\"auto, (max-width: 720px) 100vw, 720px\" \/><\/a><figcaption class=\"wp-element-caption\">c\u1ea5u tr\u00fac<\/figcaption><\/figure> <\/figure>    <h3 class=\"wp-block-heading\">H\u1ec7 th\u1ed1ng b\u00ean trong<\/h3>    <p>H\u1ec7 th\u1ed1ng b\u00ean trong c\u1ee7a m\u00e1y tr\u1ed9n th\u1ee9c \u0103n ngang ch\u1ee7 y\u1ebfu g\u1ed3m ba tr\u1ee5c v\u00edt: m\u1ed9t tr\u1ee5c ch\u00ednh v\u00e0 hai tr\u1ee5c ph\u1ee5 n\u1eb1m ph\u00eda tr\u00ean.<\/p>    <p class=\"translation-block\">Sau khi c\u1eaft th\u00e2n ng\u00f4 b\u1eb1ng <a href=\"https:\/\/www.agriculture-machine.com\/vi\/corn-stalk-reaping-machinecorn-stalk-reapermaize-straw-reaper\/\">m\u00e1y thu ho\u1ea1ch th\u00e2n ng\u00f4<\/a>, b\u1ea1n c\u00f3 th\u1ec3 cho ch\u00fang v\u00e0o m\u00e1y tr\u1ed9n th\u1ee9c \u0103n ngang. B\u00ean trong m\u00e1y, nguy\u00ean li\u1ec7u \u0111\u01b0\u1ee3c quay v\u00e0 khu\u1ea5y t\u1eeb hai \u0111\u1ea7u v\u1ec1 trung t\u00e2m. <\/p>    <p>C\u00e1c l\u01b0\u1ee1i dao c\u1eaft v\u00e0 tr\u1ed9n c\u00e1c lo\u1ea1i th\u1ee9c \u0103n th\u00f4 v\u00e0 r\u01a1m kh\u00e1c nhau khi ch\u00fang di chuy\u1ec3n qua. Qu\u00e1 tr\u00ecnh n\u00e0y gi\u00fap nghi\u1ec1n v\u00e0 tr\u1ed9n t\u1ed5ng th\u1ec3 kh\u1ea9u ph\u1ea7n th\u1ee9c \u0103n hi\u1ec7u qu\u1ea3.<\/p>    <figure class=\"wp-block-gallery has-nested-images columns-default is-cropped wp-block-gallery-4 is-layout-flex wp-block-gallery-is-layout-flex\"> <figure class=\"wp-block-image size-large\"><a href=\"https:\/\/www.agriculture-machine.com\/wp-content\/uploads\/2021\/08\/Internal-system.jpg\"><img loading=\"lazy\" decoding=\"async\" width=\"720\" height=\"540\" data-id=\"11173\" src=\"https:\/\/www.agriculture-machine.com\/wp-content\/uploads\/2021\/08\/Internal-system.jpg\" alt=\"H\u1ec7 th\u1ed1ng b\u00ean trong\" class=\"wp-image-11173\" srcset=\"https:\/\/www.agriculture-machine.com\/wp-content\/uploads\/2021\/08\/Internal-system.jpg 720w, https:\/\/www.agriculture-machine.com\/wp-content\/uploads\/2021\/08\/Internal-system-360x270.jpg 360w, https:\/\/www.agriculture-machine.com\/wp-content\/uploads\/2021\/08\/Internal-system-240x180.jpg 240w\" sizes=\"auto, (max-width: 720px) 100vw, 720px\" \/><\/a><figcaption class=\"wp-element-caption\">H\u1ec7 th\u1ed1ng b\u00ean trong<\/figcaption><\/figure>    <figure class=\"wp-block-image size-large\"><a href=\"https:\/\/www.agriculture-machine.com\/wp-content\/uploads\/2021\/08\/three-augers.jpg\"><img loading=\"lazy\" decoding=\"async\" width=\"720\" height=\"540\" data-id=\"11174\" src=\"https:\/\/www.agriculture-machine.com\/wp-content\/uploads\/2021\/08\/three-augers.jpg\" alt=\"Ba tr\u1ee5c v\u00edt\" class=\"wp-image-11174\" srcset=\"https:\/\/www.agriculture-machine.com\/wp-content\/uploads\/2021\/08\/three-augers.jpg 720w, https:\/\/www.agriculture-machine.com\/wp-content\/uploads\/2021\/08\/three-augers-360x270.jpg 360w, https:\/\/www.agriculture-machine.com\/wp-content\/uploads\/2021\/08\/three-augers-240x180.jpg 240w\" sizes=\"auto, (max-width: 720px) 100vw, 720px\" \/><\/a><figcaption class=\"wp-element-caption\">Ba tr\u1ee5c v\u00edt<\/figcaption><\/figure> <\/figure>    <h3 class=\"wp-block-heading\">H\u1ec7 th\u1ed1ng x\u1ea3<\/h3>    <p>H\u1ec7 th\u1ed1ng \u0111i\u1ec1u khi\u1ec3n c\u1eeda x\u1ea3 g\u1ed3m xy-lanh th\u1ee7y l\u1ef1c, gi\u00e1 \u0111\u1ee1 c\u1ed1 \u0111\u1ecbnh, gi\u00e1 \u0111\u1ee1 li\u00ean k\u1ebft v\u00e0 t\u1ea5m ch\u1eafn x\u1ea3 tr\u01b0\u1ee3t. <\/p>    <p>The sliding baffle for discharging is mounted on the reciprocating shaft of the hydraulic oil cylinder, allowing it to either open for discharge or close to acting as a stopper. The outlet can be positioned on either the left or right side based on the user&#8217;s requirements.<\/p>    <figure class=\"wp-block-gallery has-nested-images columns-default is-cropped wp-block-gallery-5 is-layout-flex wp-block-gallery-is-layout-flex\"> <figure class=\"wp-block-image size-large\"><a href=\"https:\/\/www.agriculture-machine.com\/wp-content\/uploads\/2021\/08\/Outlet.jpg\"><img loading=\"lazy\" decoding=\"async\" width=\"720\" height=\"540\" data-id=\"11180\" src=\"https:\/\/www.agriculture-machine.com\/wp-content\/uploads\/2021\/08\/Outlet.jpg\" alt=\"H\u1ec7 th\u1ed1ng \u0111i\u1ec1u khi\u1ec3n c\u1eeda x\u1ea3\" class=\"wp-image-11180\" srcset=\"https:\/\/www.agriculture-machine.com\/wp-content\/uploads\/2021\/08\/Outlet.jpg 720w, https:\/\/www.agriculture-machine.com\/wp-content\/uploads\/2021\/08\/Outlet-360x270.jpg 360w, https:\/\/www.agriculture-machine.com\/wp-content\/uploads\/2021\/08\/Outlet-240x180.jpg 240w\" sizes=\"auto, (max-width: 720px) 100vw, 720px\" \/><\/a><figcaption class=\"wp-element-caption\">H\u1ec7 th\u1ed1ng \u0111i\u1ec1u khi\u1ec3n c\u1eeda x\u1ea3<\/figcaption><\/figure>    <figure class=\"wp-block-image size-large\"><a href=\"https:\/\/www.agriculture-machine.com\/wp-content\/uploads\/2021\/08\/Outlet-2.jpg\"><img loading=\"lazy\" decoding=\"async\" width=\"720\" height=\"540\" data-id=\"11181\" src=\"https:\/\/www.agriculture-machine.com\/wp-content\/uploads\/2021\/08\/Outlet-2.jpg\" alt=\"H\u1ec7 th\u1ed1ng \u0111i\u1ec1u khi\u1ec3n c\u1eeda x\u1ea3\" class=\"wp-image-11181\" srcset=\"https:\/\/www.agriculture-machine.com\/wp-content\/uploads\/2021\/08\/Outlet-2.jpg 720w, https:\/\/www.agriculture-machine.com\/wp-content\/uploads\/2021\/08\/Outlet-2-360x270.jpg 360w, https:\/\/www.agriculture-machine.com\/wp-content\/uploads\/2021\/08\/Outlet-2-240x180.jpg 240w\" sizes=\"auto, (max-width: 720px) 100vw, 720px\" \/><\/a><figcaption class=\"wp-element-caption\">H\u1ec7 th\u1ed1ng \u0111i\u1ec1u khi\u1ec3n c\u1eeda x\u1ea3<\/figcaption><\/figure> <\/figure>    <h3 class=\"wp-block-heading\">H\u1ec7 th\u1ed1ng b\u1ed5 sung th\u1ee9c \u0103n<\/h3>    <p>M\u00e1y c\u00f3 c\u01a1 ch\u1ebf c\u1ea5p c\u1ecf ti\u00ean ti\u1ebfn c\u00f9ng v\u1edbi thi\u1ebft b\u1ecb tr\u1ee5c c\u1ea5p c\u1ecf \u0111\u1ed9c \u0111\u00e1o. N\u00f3 cung c\u1ea5p c\u1ea5p li\u1ec7u t\u1ef1 \u0111\u1ed9ng, \u0111\u1ea3m b\u1ea3o c\u1ea5p c\u1ecf tr\u01a1n tru v\u00e0 hi\u1ec7u qu\u1ea3 cao.<\/p>    <h3 class=\"wp-block-heading\">H\u1ec7 th\u1ed1ng c\u00e2n v\u00e0 \u0111o l\u01b0\u1eddng<\/h3>    <p>H\u1ec7 th\u1ed1ng g\u1ed3m b\u1ed1n c\u1ea3m bi\u1ebfn t\u1ea3i tr\u1ecdng d\u1ea1ng c\u1ea7u c\u00f9ng v\u1edbi b\u1ed9 \u0111i\u1ec1u khi\u1ec3n hi\u1ec3n th\u1ecb t\u1ea3i tr\u1ecdng. N\u00f3 ho\u1ea1t \u0111\u1ed9ng tr\u00ean ngu\u1ed3n \u0111i\u1ec7n 220V, truy\u1ec1n t\u00edn hi\u1ec7u \u0111\u1ebfn m\u00e0n h\u00ecnh c\u00e2n qua c\u1ea3m bi\u1ebfn c\u1ea7u b\u1ed1n chi\u1ec1u. <\/p>    <p>Ch\u1ee9c n\u0103ng ch\u00ednh l\u00e0 hi\u1ec3n th\u1ecb tr\u1ecdng l\u01b0\u1ee3ng t\u1ed5ng, tr\u1ecdng l\u01b0\u1ee3ng r\u00f2ng, gi\u00e1 tr\u1ecb \u0111\u1ec9nh v\u00e0 tr\u1ecdng l\u01b0\u1ee3ng r\u00f2ng. Ngo\u00e0i ra, h\u1ec7 th\u1ed1ng c\u00e2n v\u00e0 \u0111o l\u01b0\u1eddng c\u00f2n c\u00f3 ch\u1ee9c n\u0103ng c\u1ea3nh b\u00e1o qu\u00e1 t\u1ea3i.<\/p>    <h2 class=\"wp-block-heading\">Nguy\u00ean l\u00fd ho\u1ea1t \u0111\u1ed9ng c\u1ee7a m\u00e1y tr\u1ed9n c\u1ecf kh\u00f4<\/h2>    <ol class=\"wp-block-list\"> <li>Trong qu\u00e1 tr\u00ecnh v\u1eadn h\u00e0nh, th\u00e2n ng\u00f4, c\u1ecf kh\u00f4, th\u1ee9c \u0103n c\u00f4 \u0111\u1eb7c v\u00e0 ph\u1ee5 gia \u0111\u01b0\u1ee3c c\u1ea5p v\u00e0o ph\u1ec5u theo t\u1ef7 l\u1ec7 quy \u0111\u1ecbnh.<\/li>    <li>Thi\u1ebft b\u1ecb t\u1ef1 \u0111\u1ed9ng b\u1eaft v\u00e0 l\u00e0m l\u1ecfng nguy\u00ean li\u1ec7u qua c\u1eeda c\u1ea5p li\u1ec7u. B\u00ean trong, l\u0103n xo\u1eafn \u1ed1c quay t\u1ed1c \u0111\u1ed9 cao x\u00e9 nh\u1ecf s\u1ee3i th\u00f4, ki\u1ec3m so\u00e1t \u0111\u1ed9 d\u00e0i v\u1eadt li\u1ec7u \u22645cm \u0111\u1ec3 d\u1ec5 d\u00e0ng tr\u1ed9n \u0111\u1ec1u.<\/li>    <li>Sau \u0111\u00f3, c\u00e1c l\u01b0\u1ee1i tr\u1ed9n xo\u1eafn \u1ed1c quay lu\u00e2n phi\u00ean theo chi\u1ec1u ti\u1ebfn v\u00e0 l\u00f9i \u0111\u1ec3 n\u00e9n, c\u1eaft v\u00e0 l\u1eadt v\u1eadt li\u1ec7u, \u0111\u1ea3m b\u1ea3o th\u00e2m nh\u1eadp v\u00e0 h\u00f2a tr\u1ed9n \u0111\u1ec1u \u0111\u1ed9 \u1ea9m v\u00e0 dinh d\u01b0\u1ee1ng.<\/li>    <li>Sau khi tr\u1ed9n xong, h\u1ec7 th\u1ed1ng th\u1ee7y l\u1ef1c ho\u1eb7c c\u1eeda x\u1ea3 \u0111i\u1ec1u khi\u1ec3n \u0111i\u1ec7n nhanh ch\u00f3ng \u0111\u1ea9y th\u1ee9c \u0103n \u0111\u00e3 ho\u00e0n th\u00e0nh ra ngo\u00e0i. S\u1ea3n ph\u1ea9m n\u00e0y s\u1eb5n s\u00e0ng \u0111\u1ec3 cho \u0103n tr\u1ef1c ti\u1ebfp ho\u1eb7c l\u01b0u tr\u1eef, cho ph\u00e9p v\u1eadn h\u00e0nh li\u00ean t\u1ee5c hi\u1ec7u qu\u1ea3 cao.<\/li> <\/ol>    <figure class=\"wp-block-embed aligncenter is-type-video is-provider-youtube wp-block-embed-youtube wp-embed-aspect-16-9 wp-has-aspect-ratio\"><div class=\"wp-block-embed__wrapper\"> <iframe loading=\"lazy\" title=\"M\u00e1y tr\u1ed9n th\u1ee9c \u0103n ngang|Video ho\u1ea1t \u0111\u1ed9ng c\u1ee7a m\u00e1y tr\u1ed9n th\u1ee9c \u0103n ngang d\u00f9ng cho ch\u0103n nu\u00f4i gia \u0111\u00ecnh ho\u1eb7c trang tr\u1ea1i\" width=\"500\" height=\"281\" src=\"https:\/\/www.youtube.com\/embed\/uB7qDZ2-q9o?feature=oembed\" frameborder=\"0\" allow=\"accelerometer; autoplay; clipboard-write; encrypted-media; gyroscope; picture-in-picture; web-share\" referrerpolicy=\"strict-origin-when-cross-origin\" allowfullscreen><\/iframe> <\/div><figcaption class=\"wp-element-caption\">video ho\u1ea1t \u0111\u1ed9ng c\u1ee7a m\u00e1y tr\u1ed9n th\u1ee9c \u0103n c\u1ecf<\/figcaption><\/figure>    <h2 class=\"wp-block-heading\">Th\u00f4ng s\u1ed1 k\u1ef9 thu\u1eadt c\u1ee7a m\u00e1y tr\u1ed9n th\u1ee9c \u0103n c\u1ecf kh\u00f4<\/h2>    <p>Ch\u00fang t\u00f4i cung c\u1ea5p ba lo\u1ea1i m\u00e1y tr\u1ed9n th\u1ee9c \u0103n. Th\u00f4ng tin chi ti\u1ebft c\u00f3 trong b\u1ea3ng d\u01b0\u1edbi \u0111\u00e2y.<\/p>    <figure class=\"wp-block-table is-style-stripes\"><table><tbody><tr><td>M\u1eabu<\/td><td>\/<\/td><td>TMR-5<\/td><td>TMR-9<\/td><td>TMR-12<\/td><\/tr><tr><td>K\u00edch th\u01b0\u1edbc<\/td><td>mm<\/td><td>3930*1850*2260<\/td><td>4820*2130*2480<\/td><td>5.6*2.4*2.5<\/td><\/tr><tr><td>Tr\u1ecdng l\u01b0\u1ee3ng<\/td><td>kg<\/td><td>1600<\/td><td>3300<\/td><td>4500<\/td><\/tr><tr><td>T\u1ed1c \u0111\u1ed9 quay c\u1ee7a tr\u1ee5c v\u00edt<\/td><td>V\u00f2ng\/ph\u00fat<\/td><td>23.5<\/td><td>23.5<\/td><td>23.5<\/td><\/tr><tr><td>Th\u1ec3 t\u00edch bu\u1ed3ng tr\u1ed9n<\/td><td>m\u00e9t kh\u1ed1i<\/td><td>5<\/td><td>9<\/td><td>12<\/td><\/tr><tr><td>Lo\u1ea1i c\u1ea5u tr\u00fac<\/td><td>\/<\/td><td>c\u1ed1 \u0111\u1ecbnh<\/td><td>c\u1ed1 \u0111\u1ecbnh<\/td><td>di \u0111\u1ed9ng<\/td><\/tr><tr><td>Ph\u1ea1m vi c\u00f4ng su\u1ea5t h\u1ed7 tr\u1ee3<\/td><td>kw<\/td><td>11\u201415<\/td><td>22\u201430<\/td><td>50-75<\/td><\/tr><tr><td>Ngu\u1ed3n n\u0103ng l\u01b0\u1ee3ng h\u1ed7 tr\u1ee3<\/td><td>\/<\/td><td>\u0110\u1ed9ng c\u01a1 \u0111i\u1ec7n<\/td><td>\u0110\u1ed9ng c\u01a1 \u0111i\u1ec7n<\/td><td>\u0110\u1ed9ng c\u01a1 \u0111i\u1ec7n<\/td><\/tr><\/tbody><\/table><figcaption class=\"wp-element-caption\">Th\u00f4ng s\u1ed1 k\u1ef9 thu\u1eadt c\u1ee7a m\u00e1y tr\u1ed9n th\u1ee9c \u0103n c\u1ecf kh\u00f4<\/figcaption><\/figure>    <p class=\"translation-block\">T\u00f3m l\u1ea1i, <a href=\"https:\/\/en.wikipedia.org\/wiki\/Silage\" target=\"_blank\" rel=\"noopener\">m\u00e1y tr\u1ed9n c\u1ecf kh\u00f4<\/a> c\u1ee7a ch\u00fang t\u00f4i l\u00e0 c\u00f4ng c\u1ee5 h\u1eefu \u00edch \u0111\u1ec3 n\u00e2ng cao ch\u1ea5t l\u01b0\u1ee3ng th\u1ee9c \u0103n, gi\u1ea3m chi ph\u00ed n\u00f4ng nghi\u1ec7p v\u00e0 h\u1ed7 tr\u1ee3 s\u1ef1 ph\u00e1t tri\u1ec3n kh\u1ecfe m\u1ea1nh c\u1ee7a \u0111\u1ed9ng v\u1eadt. D\u00f9 b\u1ea1n qu\u1ea3n l\u00fd m\u1ed9t trang tr\u1ea1i l\u1edbn hay nh\u1ecf, h\u00e3y li\u00ean h\u1ec7 v\u1edbi ch\u00fang t\u00f4i, v\u00e0 ch\u00fang ta s\u1ebd c\u00f9ng nhau t\u00ecm ra gi\u1ea3i ph\u00e1p ph\u00f9 h\u1ee3p cho thi\u1ebft b\u1ecb c\u1ee7a b\u1ea1n.<\/p>","protected":false},"excerpt":{"rendered":"<p>M\u00e1y tr\u1ed9n th\u1ee9c \u0103n ngang k\u1ebft h\u1ee3p ch\u1ee9c n\u0103ng nghi\u1ec1n, tr\u1ed9n v\u00e0 pha tr\u1ed9n trong m\u1ed9t m\u00e1y. C\u00f3 th\u1ec3 x\u1eed l\u00fd hi\u1ec7u qu\u1ea3 3-10 t\u1ea5n nguy\u00ean li\u1ec7u c\u1ecf kh\u00f4 m\u1ed7i gi\u1edd v\u1edbi \u0111\u1ed9 \u0111\u1ed3ng \u0111\u1ec1u tr\u1ed9n l\u00ean t\u1edbi 95%.<\/p>","protected":false},"author":1,"featured_media":11175,"parent":0,"comment_status":"closed","ping_status":"closed","template":"","tags":[2630,591],"product-type":[1],"class_list":["post-11169","product","type-product","status-publish","has-post-thumbnail","hentry","tag-feed","tag-silage","product-type-other"],"_links":{"self":[{"href":"https:\/\/www.agriculture-machine.com\/vi\/wp-json\/wp\/v2\/product\/11169","targetHints":{"allow":["GET"]}}],"collection":[{"href":"https:\/\/www.agriculture-machine.com\/vi\/wp-json\/wp\/v2\/product"}],"about":[{"href":"https:\/\/www.agriculture-machine.com\/vi\/wp-json\/wp\/v2\/types\/product"}],"author":[{"embeddable":true,"href":"https:\/\/www.agriculture-machine.com\/vi\/wp-json\/wp\/v2\/users\/1"}],"replies":[{"embeddable":true,"href":"https:\/\/www.agriculture-machine.com\/vi\/wp-json\/wp\/v2\/comments?post=11169"}],"wp:featuredmedia":[{"embeddable":true,"href":"https:\/\/www.agriculture-machine.com\/vi\/wp-json\/wp\/v2\/media\/11175"}],"wp:attachment":[{"href":"https:\/\/www.agriculture-machine.com\/vi\/wp-json\/wp\/v2\/media?parent=11169"}],"wp:term":[{"taxonomy":"post_tag","embeddable":true,"href":"https:\/\/www.agriculture-machine.com\/vi\/wp-json\/wp\/v2\/tags?post=11169"},{"taxonomy":"product-type","embeddable":true,"href":"https:\/\/www.agriculture-machine.com\/vi\/wp-json\/wp\/v2\/product-type?post=11169"}],"curies":[{"name":"wp","href":"https:\/\/api.w.org\/{rel}","templated":true}]}}