{"id":11221,"date":"2021-08-30T14:37:38","date_gmt":"2021-08-30T06:37:38","guid":{"rendered":"https:\/\/www.agriculture-machine.com\/?p=11221"},"modified":"2024-09-23T11:24:20","modified_gmt":"2024-09-23T03:24:20","slug":"grain-winnower-machine-seed-winnowerseed-winnowing-machine","status":"publish","type":"product","link":"https:\/\/www.agriculture-machine.com\/vi\/grain-winnower-machine-seed-winnowerseed-winnowing-machine\/","title":{"rendered":"M\u00e1y s\u00e0ng h\u1ea1t | M\u00e1y s\u00e0ng h\u1ea1t | M\u00e1y s\u00e0ng l\u1ecdc h\u1ea1t"},"content":{"rendered":"<p>Yangchang, m\u1ed9t t\u1eeb ti\u1ebfng Trung, \u0111\u01b0\u1ee3c hi\u1ec3u l\u00e0 vi\u1ec7c s\u1eed d\u1ee5ng x\u1ebbng g\u1ed7 v\u00e0 c\u00e1c d\u1ee5ng c\u1ee5 n\u00f4ng nghi\u1ec7p kh\u00e1c \u0111\u1ec3 gieo h\u1ea1t, \u0111\u1eadu, v.v., v\u00e0 d\u00f9ng gi\u00f3 \u0111\u1ec3 lo\u1ea1i b\u1ecf v\u1ecf, l\u00e1, b\u1ee5i. Hi\u1ec7n nay, m\u00e1y \u0111\u01b0\u1ee3c s\u1eed d\u1ee5ng trong l\u0129nh v\u1ef1c n\u00e2ng h\u1ea1t g\u1ecdi l\u00e0 m\u00e1y s\u00e0ng h\u1ea1t.<\/p>    <figure class=\"wp-block-gallery columns-2 is-cropped wp-block-gallery-2 is-layout-flex wp-block-gallery-is-layout-flex\"><ul class=\"blocks-gallery-grid\"><li class=\"blocks-gallery-item\"><figure><img loading=\"lazy\" decoding=\"async\" width=\"720\" height=\"540\" src=\"https:\/\/www.agriculture-machine.com\/wp-content\/uploads\/2021\/08\/The-scene-of-raising-grains-to-remove-dust-by-wind.png\" alt=\"C\u1ea3nh t\u01b0\u1ee3ng n\u00e2ng h\u1ea1t \u0111\u1ec3 lo\u1ea1i b\u1ecf b\u1ee5i b\u1eb1ng gi\u00f3\" data-id=\"11235\" data-full-url=\"https:\/\/www.agriculture-machine.com\/wp-content\/uploads\/2021\/08\/The-scene-of-raising-grains-to-remove-dust-by-wind.png\" data-link=\"https:\/\/www.agriculture-machine.com\/?attachment_id=11235\" class=\"wp-image-11235\" srcset=\"https:\/\/www.agriculture-machine.com\/wp-content\/uploads\/2021\/08\/The-scene-of-raising-grains-to-remove-dust-by-wind.png 720w, https:\/\/www.agriculture-machine.com\/wp-content\/uploads\/2021\/08\/The-scene-of-raising-grains-to-remove-dust-by-wind-360x270.png 360w, https:\/\/www.agriculture-machine.com\/wp-content\/uploads\/2021\/08\/The-scene-of-raising-grains-to-remove-dust-by-wind-240x180.png 240w\" sizes=\"auto, (max-width: 720px) 100vw, 720px\" \/><figcaption class=\"blocks-gallery-item__caption\">C\u1ea3nh t\u01b0\u1ee3ng n\u00e2ng h\u1ea1t \u0111\u1ec3 lo\u1ea1i b\u1ecf b\u1ee5i b\u1eb1ng gi\u00f3<\/figcaption><\/figure><\/li><li class=\"blocks-gallery-item\"><figure><img loading=\"lazy\" decoding=\"async\" width=\"720\" height=\"540\" src=\"https:\/\/www.agriculture-machine.com\/wp-content\/uploads\/2021\/08\/the-scene-of-YangChang.jpg\" alt=\"C\u1ea3nh t\u01b0\u1ee3ng c\u1ee7a YangChang\" data-id=\"11234\" data-full-url=\"https:\/\/www.agriculture-machine.com\/wp-content\/uploads\/2021\/08\/the-scene-of-YangChang.jpg\" data-link=\"https:\/\/www.agriculture-machine.com\/?attachment_id=11234\" class=\"wp-image-11234\" srcset=\"https:\/\/www.agriculture-machine.com\/wp-content\/uploads\/2021\/08\/the-scene-of-YangChang.jpg 720w, https:\/\/www.agriculture-machine.com\/wp-content\/uploads\/2021\/08\/the-scene-of-YangChang-360x270.jpg 360w, https:\/\/www.agriculture-machine.com\/wp-content\/uploads\/2021\/08\/the-scene-of-YangChang-240x180.jpg 240w\" sizes=\"auto, (max-width: 720px) 100vw, 720px\" \/><figcaption class=\"blocks-gallery-item__caption\">C\u1ea3nh t\u01b0\u1ee3ng c\u1ee7a YangChang<\/figcaption><\/figure><\/li><\/ul><\/figure>    <h2 class=\"wp-block-heading\" id=\"h-introduction-to-grain-winnower-machine\">Gi\u1edbi thi\u1ec7u v\u1ec1 m\u00e1y s\u00e0ng h\u1ea1t<\/h2>    <p>M\u00e1y s\u00e0ng h\u1ea1t l\u00e0 thi\u1ebft b\u1ecb \u0111\u1ec3 l\u00e0m s\u1ea1ch \u0111\u01a1n gi\u1ea3n h\u1ea1t. C\u00f3 th\u1ec3 lo\u1ea1i b\u1ecf t\u1ea1p ch\u1ea5t nh\u1eb9 v\u00e0 t\u1ea1p ch\u1ea5t l\u1edbn trong h\u1ea1t, v\u00e0 ph\u00e2n lo\u1ea1i h\u1ea1t \u0111\u1ec3 d\u1ec5 d\u00e0ng b\u1ea3o qu\u1ea3n.<\/p>    <figure class=\"wp-block-gallery columns-2 is-cropped wp-block-gallery-3 is-layout-flex wp-block-gallery-is-layout-flex\"><ul class=\"blocks-gallery-grid\"><li class=\"blocks-gallery-item\"><figure><img loading=\"lazy\" decoding=\"async\" width=\"720\" height=\"540\" src=\"https:\/\/www.agriculture-machine.com\/wp-content\/uploads\/2021\/08\/Seed-winnowing-machine.jpg\" alt=\"M\u00e1y s\u00e0ng h\u1ea1t\" data-id=\"11238\" data-full-url=\"https:\/\/www.agriculture-machine.com\/wp-content\/uploads\/2021\/08\/Seed-winnowing-machine.jpg\" data-link=\"https:\/\/www.agriculture-machine.com\/?attachment_id=11238\" class=\"wp-image-11238\" srcset=\"https:\/\/www.agriculture-machine.com\/wp-content\/uploads\/2021\/08\/Seed-winnowing-machine.jpg 720w, https:\/\/www.agriculture-machine.com\/wp-content\/uploads\/2021\/08\/Seed-winnowing-machine-360x270.jpg 360w, https:\/\/www.agriculture-machine.com\/wp-content\/uploads\/2021\/08\/Seed-winnowing-machine-240x180.jpg 240w\" sizes=\"auto, (max-width: 720px) 100vw, 720px\" \/><figcaption class=\"blocks-gallery-item__caption\">M\u00e1y s\u00e0ng h\u1ea1t<\/figcaption><\/figure><\/li><li class=\"blocks-gallery-item\"><figure><img loading=\"lazy\" decoding=\"async\" width=\"720\" height=\"540\" src=\"https:\/\/www.agriculture-machine.com\/wp-content\/uploads\/2021\/08\/Seed-winnower.jpg\" alt=\"M\u00e1y s\u00e0ng h\u1ea1t\" data-id=\"11237\" data-full-url=\"https:\/\/www.agriculture-machine.com\/wp-content\/uploads\/2021\/08\/Seed-winnower.jpg\" data-link=\"https:\/\/www.agriculture-machine.com\/?attachment_id=11237\" class=\"wp-image-11237\" srcset=\"https:\/\/www.agriculture-machine.com\/wp-content\/uploads\/2021\/08\/Seed-winnower.jpg 720w, https:\/\/www.agriculture-machine.com\/wp-content\/uploads\/2021\/08\/Seed-winnower-360x270.jpg 360w, https:\/\/www.agriculture-machine.com\/wp-content\/uploads\/2021\/08\/Seed-winnower-240x180.jpg 240w\" sizes=\"auto, (max-width: 720px) 100vw, 720px\" \/><figcaption class=\"blocks-gallery-item__caption\">M\u00e1y s\u00e0ng h\u1ea1t<\/figcaption><\/figure><\/li><\/ul><\/figure>    <h2 class=\"wp-block-heading\">Ch\u1ee9c n\u0103ng c\u1ee7a m\u00e1y s\u00e0ng h\u1ea1t<\/h2>    <p>The seed winnowing machine uses the principle of wind resistance to removing the bark, sand, etc. from the grain. What&#8217;s more, this grain winnower machine is a dual-purpose flashlight. And it is equipped with an adjustable speed switch to adjust the wind speed. Most importantly, it uses a high-quality motor and is durable. In addition, the machine can be used in manual mode when there is no electricity. You can use it to remove impurities from grains such as corn, wheat, rice, buckwheat, sorghum, soybeans, etc. Thus, it is widely used in individual farmers, small and medium-sized grain harvesters, granaries, etc. for gross grain cleaning and fine grain selection.<\/p>    <figure class=\"wp-block-gallery columns-1 is-cropped wp-block-gallery-4 is-layout-flex wp-block-gallery-is-layout-flex\"><ul class=\"blocks-gallery-grid\"><li class=\"blocks-gallery-item\"><figure><img loading=\"lazy\" decoding=\"async\" width=\"720\" height=\"540\" src=\"https:\/\/www.agriculture-machine.com\/wp-content\/uploads\/2021\/08\/application-of-grain-winnower-machine.jpg\" alt=\"\u1ee9ng d\u1ee5ng c\u1ee7a m\u00e1y s\u00e0ng h\u1ea1t\" data-id=\"11236\" data-full-url=\"https:\/\/www.agriculture-machine.com\/wp-content\/uploads\/2021\/08\/application-of-grain-winnower-machine.jpg\" data-link=\"https:\/\/www.agriculture-machine.com\/?attachment_id=11236\" class=\"wp-image-11236\" srcset=\"https:\/\/www.agriculture-machine.com\/wp-content\/uploads\/2021\/08\/application-of-grain-winnower-machine.jpg 720w, https:\/\/www.agriculture-machine.com\/wp-content\/uploads\/2021\/08\/application-of-grain-winnower-machine-360x270.jpg 360w, https:\/\/www.agriculture-machine.com\/wp-content\/uploads\/2021\/08\/application-of-grain-winnower-machine-240x180.jpg 240w\" sizes=\"auto, (max-width: 720px) 100vw, 720px\" \/><figcaption class=\"blocks-gallery-item__caption\">\u1ee9ng d\u1ee5ng c\u1ee7a m\u00e1y s\u00e0ng h\u1ea1t<\/figcaption><\/figure><\/li><\/ul><\/figure>    <h2 class=\"wp-block-heading\">Nguy\u00ean l\u00fd ho\u1ea1t \u0111\u1ed9ng c\u1ee7a m\u00e1y s\u00e0ng h\u1ea1t<\/h2>    <p>S\u1eed d\u1ee5ng nguy\u00ean l\u00fd ch\u1ed1ng gi\u00f3, v\u00ec h\u1ec7 s\u1ed1 ch\u1ed1ng gi\u00f3 c\u1ee7a h\u1ea1t, v\u1ecf, v\u00e0 c\u00e1t l\u00e0 kh\u00e1c nhau. Khi n\u00e2ng h\u1ea1t, v\u1ecf r\u01a1i g\u1ea7n, h\u1ea1t r\u01a1i \u1edf gi\u1eefa, v\u00e0 c\u00e1t r\u01a1i \u1edf xa.<br>D\u01b0\u1edbi s\u1ef1 \u0111i\u1ec1u khi\u1ec3n c\u1ee7a b\u00e1nh xe v\u00e0 d\u00e2y \u0111ai quay nhanh, h\u1ed7n h\u1ee3p h\u1ea1t, c\u00e1m, v\u00e0 m\u1ed9t l\u01b0\u1ee3ng nh\u1ecf \u0111\u00e1 v\u1ee5n b\u1ecb n\u00e9m ra. V\u00ec t\u1ed1c \u0111\u1ed9 n\u00e9m l\u00e0 nh\u01b0 nhau, n\u0103ng l\u01b0\u1ee3ng \u0111\u1ed9ng c\u1ee7a kh\u1ed1i l\u01b0\u1ee3ng l\u1edbn l\u00e0 l\u1edbn, v\u00e0 kho\u1ea3ng c\u00e1ch v\u01b0\u1ee3t qua l\u1ef1c c\u1ea3n c\u1ee7a kh\u00f4ng kh\u00ed l\u00e0 xa. V\u00ec v\u1eady, kho\u1ea3ng c\u00e1ch di chuy\u1ec3n c\u1ee7a kh\u1ed1i l\u01b0\u1ee3ng nh\u1ecf c\u0169ng nh\u1ecf. Nh\u01b0 v\u1eady, \u0111\u1ea1t \u0111\u01b0\u1ee3c m\u1ee5c \u0111\u00edch ph\u00e2n t\u00e1ch. G\u1ea7n \u0111\u00f3 l\u00e0 r\u01a1m r\u1ea1. \u1ede gi\u1eefa l\u00e0 h\u1ea1t. V\u00e0 c\u00f3 \u0111\u00e1 s\u1ecfi \u1edf xa, c\u00e0ng n\u1eb7ng th\u00ec n\u00e9m xa h\u01a1n.<\/p>    <h2 class=\"wp-block-heading\">\u01afu \u0111i\u1ec3m c\u1ee7a m\u00e1y s\u00e0ng h\u1ea1t<\/h2>    <p>S\u1eed d\u1ee5ng song song th\u1ee7 c\u00f4ng v\u00e0 \u0111i\u1ec7n<br>Ti\u00eau th\u1ee5 \u0111i\u1ec7n n\u0103ng th\u1ea5p<br>Ti\u1ebft ki\u1ec7m th\u1eddi gian v\u00e0 n\u0103ng l\u01b0\u1ee3ng<br>V\u1eadn h\u00e0nh \u0111\u01a1n gi\u1ea3n v\u00e0 ti\u1ec7n l\u1ee3i<br>M\u1ed9t m\u00e1y s\u00e0ng h\u1ea1t \u0111a ch\u1ee9c n\u0103ng c\u00f3 th\u1ec3 l\u00e0m s\u1ea1ch v\u00e0 ph\u00e2n lo\u1ea1i nhi\u1ec1u lo\u1ea1i h\u1ea1t kh\u00e1c nhau.<\/p>    <h2 class=\"wp-block-heading\">C\u1ea5u tr\u00fac c\u1ee7a m\u00e1y s\u00e0ng h\u1ea1t<\/h2>    <p>C\u1ea5u tr\u00fac ch\u00ednh c\u1ee7a m\u00e1y s\u00e0ng h\u1ea1t l\u00e0 rotor c\u1ee7a motor gi\u00f3, gi\u00e1 \u0111\u1ee1, ph\u1ec5u, k\u00eanh, c\u00f4ng t\u1eafc, \u1ed1ng ra, \u1ed1ng v\u00e0o.<\/p>    <figure class=\"wp-block-gallery columns-1 is-cropped wp-block-gallery-5 is-layout-flex wp-block-gallery-is-layout-flex\"><ul class=\"blocks-gallery-grid\"><li class=\"blocks-gallery-item\"><figure><img loading=\"lazy\" decoding=\"async\" width=\"720\" height=\"540\" src=\"https:\/\/www.agriculture-machine.com\/wp-content\/uploads\/2021\/08\/structure-of-Seed-winnower.gif\" alt=\"C\u1ea5u tr\u00fac c\u1ee7a m\u00e1y s\u00e0ng h\u1ea1t\" data-id=\"11231\" data-full-url=\"https:\/\/www.agriculture-machine.com\/wp-content\/uploads\/2021\/08\/structure-of-Seed-winnower.gif\" data-link=\"https:\/\/www.agriculture-machine.com\/?attachment_id=11231\" class=\"wp-image-11231\"\/><figcaption class=\"blocks-gallery-item__caption\">C\u1ea5u tr\u00fac c\u1ee7a m\u00e1y s\u00e0ng h\u1ea1t<\/figcaption><\/figure><\/li><\/ul><\/figure>    <h2 class=\"wp-block-heading\">S\u1ef1 c\u1ea7n thi\u1ebft c\u1ee7a vi\u1ec7c \u00e1p d\u1ee5ng m\u00e1y s\u00e0ng h\u1ea1t<\/h2>    <p>Vi\u1ec7c s\u1eed d\u1ee5ng c\u00e1c ph\u01b0\u01a1ng ph\u00e1p v\u1eadn h\u00e0nh th\u00f4ng minh v\u00e0 t\u1ef1 \u0111\u1ed9ng s\u1ebd l\u00e0 xu h\u01b0\u1edbng t\u1ea5t y\u1ebfu c\u1ee7a ph\u00e1t tri\u1ec3n n\u00f4ng nghi\u1ec7p. V\u00e0 n\u00f3 c\u0169ng s\u1ebd l\u00e0 m\u1ed9t c\u00e1ch hi\u1ec7u qu\u1ea3 \u0111\u1ec3 ph\u00e1t tri\u1ec3n m\u00e1y m\u00f3c n\u00f4ng nghi\u1ec7p ti\u1ebft ki\u1ec7m n\u0103ng l\u01b0\u1ee3ng v\u00e0 hi\u1ec7u qu\u1ea3 trong t\u01b0\u01a1ng lai. Th\u1ef1c t\u1ebf, c\u00e1c qu\u1ed1c gia c\u00f3 n\u1ec1n n\u00f4ng nghi\u1ec7p kh\u00e1 ph\u00e1t tri\u1ec3n \u0111\u00e3 \u00e1p d\u1ee5ng c\u00e1c ph\u01b0\u01a1ng ph\u00e1p c\u01a1 gi\u1edbi t\u1ef1 \u0111\u1ed9ng c\u01b0\u1eddng \u0111\u1ed9 cao. \u0110i\u1ec1u n\u00e0y kh\u00f4ng ch\u1ec9 n\u00e2ng cao n\u0103ng su\u1ea5t lao \u0111\u1ed9ng m\u00e0 c\u00f2n gi\u1ea3m chi ph\u00ed v\u1eadn h\u00e0nh. \u0110\u1ed3ng th\u1eddi, n\u00f3 c\u00f2n t\u0103ng l\u1ee3i th\u1ebf tuy\u1ec7t \u0111\u1ed1i c\u1ee7a h\u1ecd v\u1ec1 s\u1ed1 l\u01b0\u1ee3ng v\u00e0 gi\u00e1 c\u1ea3 c\u1ee7a s\u1ea3n ph\u1ea9m n\u00f4ng nghi\u1ec7p tr\u00ean th\u1ecb tr\u01b0\u1eddng qu\u1ed1c t\u1ebf. V\u00ec v\u1eady, m\u00e1y s\u00e0ng h\u1ea1t c\u00f3 vai tr\u00f2 quan tr\u1ecdng \u0111\u1ed1i v\u1edbi s\u1ef1 ph\u00e1t tri\u1ec3n c\u1ee7a n\u00f4ng nghi\u1ec7p.<\/p>    <h2 class=\"wp-block-heading\">Video ho\u1ea1t \u0111\u1ed9ng<\/h2>    <figure class=\"wp-block-embed is-type-video is-provider-youtube wp-block-embed-youtube wp-embed-aspect-16-9 wp-has-aspect-ratio\"><div class=\"wp-block-embed__wrapper\"> <iframe loading=\"lazy\" title=\"Video ho\u1ea1t \u0111\u1ed9ng c\u1ee7a m\u00e1y s\u00e0ng h\u1ea1t | M\u00e1y ph\u00e2n lo\u1ea1i h\u1ea1t \u0111\u1ec3 l\u00e0m s\u1ea1ch v\u00e0 lo\u1ea1i b\u1ecf h\u1ea1t gi\u1ed1ng\" width=\"500\" height=\"281\" src=\"https:\/\/www.youtube.com\/embed\/Vf-7DVgkHV8?feature=oembed\" frameborder=\"0\" allow=\"accelerometer; autoplay; clipboard-write; encrypted-media; gyroscope; picture-in-picture; web-share\" referrerpolicy=\"strict-origin-when-cross-origin\" allowfullscreen><\/iframe> <\/div><\/figure>    <h2 class=\"wp-block-heading\">Th\u00f4ng s\u1ed1 k\u1ef9 thu\u1eadt<\/h2>    <figure class=\"wp-block-table\"><table><tbody><tr><td>M\u1eabu<\/td><td>TZYC-1<\/td><td>Ph\u1ee5 t\u00f9ng thay th\u1ebf <\/td><\/tr><tr><td>C\u00f4ng su\u1ea5t<\/td><td>1.5kw <\/td><td>2 b\u00e1nh xe, 2 m\u00e0n h\u00ecnh<\/td><\/tr><tr><td>Dung t\u00edch<\/td><td>1500-2000kg\/h <\/td><td>2 b\u00e1nh xe, 2 m\u00e0n h\u00ecnh<\/td><\/tr><tr><td>Tr\u1ecdng l\u01b0\u1ee3ng<\/td><td>18kg <\/td><td>2 b\u00e1nh xe, 2 m\u00e0n h\u00ecnh<\/td><\/tr><tr><td> K\u00edch th\u01b0\u1edbc <\/td><td>1100*<em>500<\/em>*1000mm<\/td><td>2 b\u00e1nh xe, 2 m\u00e0n h\u00ecnh<\/td><\/tr><\/tbody><\/table><\/figure>","protected":false},"excerpt":{"rendered":"<p>Yangchang, a Chinese word, is interpreted as the use of wooden shovels and other agricultural tools to spread grains, beans, etc., and use the wind to remove shells, leaves, and dust. Now, the machine currently used in the raising field is called a grain winnower machine. Introduction to grain winnower machine The grain winnower machine [&hellip;]<\/p>\n","protected":false},"author":1,"featured_media":11257,"parent":0,"comment_status":"closed","ping_status":"closed","template":"","tags":[487,486,2616],"product-type":[1],"class_list":["post-11221","product","type-product","status-publish","has-post-thumbnail","hentry","tag-grain","tag-seed","tag-winnower","product-type-other"],"_links":{"self":[{"href":"https:\/\/www.agriculture-machine.com\/vi\/wp-json\/wp\/v2\/product\/11221","targetHints":{"allow":["GET"]}}],"collection":[{"href":"https:\/\/www.agriculture-machine.com\/vi\/wp-json\/wp\/v2\/product"}],"about":[{"href":"https:\/\/www.agriculture-machine.com\/vi\/wp-json\/wp\/v2\/types\/product"}],"author":[{"embeddable":true,"href":"https:\/\/www.agriculture-machine.com\/vi\/wp-json\/wp\/v2\/users\/1"}],"replies":[{"embeddable":true,"href":"https:\/\/www.agriculture-machine.com\/vi\/wp-json\/wp\/v2\/comments?post=11221"}],"wp:featuredmedia":[{"embeddable":true,"href":"https:\/\/www.agriculture-machine.com\/vi\/wp-json\/wp\/v2\/media\/11257"}],"wp:attachment":[{"href":"https:\/\/www.agriculture-machine.com\/vi\/wp-json\/wp\/v2\/media?parent=11221"}],"wp:term":[{"taxonomy":"post_tag","embeddable":true,"href":"https:\/\/www.agriculture-machine.com\/vi\/wp-json\/wp\/v2\/tags?post=11221"},{"taxonomy":"product-type","embeddable":true,"href":"https:\/\/www.agriculture-machine.com\/vi\/wp-json\/wp\/v2\/product-type?post=11221"}],"curies":[{"name":"wp","href":"https:\/\/api.w.org\/{rel}","templated":true}]}}