{"id":11227,"date":"2021-09-08T18:08:17","date_gmt":"2021-09-08T10:08:17","guid":{"rendered":"https:\/\/www.agriculture-machine.com\/?p=11227"},"modified":"2024-09-18T16:17:45","modified_gmt":"2024-09-18T08:17:45","slug":"wheat-planter-wheat-seeder-wheat-grain-drill-for-sale","status":"publish","type":"product","link":"https:\/\/www.agriculture-machine.com\/vi\/wheat-planter-wheat-seeder-wheat-grain-drill-for-sale\/","title":{"rendered":"M\u00e1y gieo h\u1ea1t l\u00faa m\u00ec | M\u00e1y gieo h\u1ea1t | M\u00e1y gieo h\u1ea1t l\u00faa m\u00ec \u0111\u1ec3 b\u00e1n"},"content":{"rendered":"<p>Hi\u1ec7n nay, vi\u1ec7c \u1ee9ng d\u1ee5ng m\u00e1y m\u00f3c n\u00f4ng nghi\u1ec7p kh\u00e1 ph\u1ed5 bi\u1ebfn, v\u00e0 vi\u1ec7c \u1ee9ng d\u1ee5ng hi\u1ec7u qu\u1ea3 m\u00e1y gieo l\u00faa m\u00ec trong qu\u00e1 tr\u00ecnh tr\u1ed3ng l\u00faa m\u00ec c\u00f3 th\u1ec3 gi\u1ea3m b\u1edbt c\u00f4ng s\u1ee9c lao \u0111\u1ed9ng c\u1ee7a n\u00f4ng d\u00e2n, \u0111\u1ed3ng th\u1eddi r\u00fat ng\u1eafn th\u1eddi gian lao \u0111\u1ed9ng \u0111\u1ec3 n\u00e2ng cao n\u0103ng su\u1ea5t l\u00e0m vi\u1ec7c c\u1ee7a n\u00f4ng d\u00e2n.<\/p>    <h2 class=\"wp-block-heading\">Gi\u1edbi thi\u1ec7u v\u1ec1 m\u00e1y gieo l\u00faa m\u00ec<\/h2>    <p>M\u00e1y gieo l\u00faa m\u00ec l\u00e0 m\u1ed9t lo\u1ea1i thi\u1ebft b\u1ecb c\u01a1 kh\u00ed tr\u1ed3ng l\u00faa m\u00ec trong \u0111\u1ea5t th\u00f4ng qua h\u1ec7 th\u1ed1ng c\u01a1 gi\u1edbi gieo tr\u1ed3ng. Hi\u1ec7n nay, m\u00e1y k\u00e9o k\u00e9o m\u00e1y gieo l\u00faa m\u00ec \u0111\u1ec3 tr\u1ed3ng, v\u00e0 m\u00e1y gieo h\u1ea1t c\u00f3 th\u1ec3 k\u1ebft h\u1ee3p v\u1edbi m\u00e1y b\u00f3n ph\u00e2n. <\/p>    <p>The machine is suitable for fertilizing and planting wheat in plain and hilly areas. It has the characteristics of good general performance, a wide application range, and uniform seeding. Compared with traditional farming methods, the wheat planter can reduce the amount of seed input and ensure the uniformity of seeding. At the same time, the soil covering effect is relatively high. It can not only reduce the farmer&#8217;s planting input cost but also ensure the quality of wheat planting.<\/p>    <figure class=\"wp-block-gallery columns-2 is-cropped wp-block-gallery-2 is-layout-flex wp-block-gallery-is-layout-flex\"><ul class=\"blocks-gallery-grid\"><li class=\"blocks-gallery-item\"><figure><img loading=\"lazy\" decoding=\"async\" width=\"720\" height=\"540\" src=\"https:\/\/www.agriculture-machine.com\/wp-content\/uploads\/2021\/08\/4-4.jpg\" alt=\"m\u00e1y gieo l\u00faa m\u00ec\" data-id=\"11239\" data-full-url=\"https:\/\/www.agriculture-machine.com\/wp-content\/uploads\/2021\/08\/4-4.jpg\" data-link=\"https:\/\/www.agriculture-machine.com\/?attachment_id=11239\" class=\"wp-image-11239\" srcset=\"https:\/\/www.agriculture-machine.com\/wp-content\/uploads\/2021\/08\/4-4.jpg 720w, https:\/\/www.agriculture-machine.com\/wp-content\/uploads\/2021\/08\/4-4-360x270.jpg 360w, https:\/\/www.agriculture-machine.com\/wp-content\/uploads\/2021\/08\/4-4-240x180.jpg 240w\" sizes=\"auto, (max-width: 720px) 100vw, 720px\" \/><figcaption class=\"blocks-gallery-item__caption\">m\u00e1y gieo l\u00faa m\u00ec<\/figcaption><\/figure><\/li><li class=\"blocks-gallery-item\"><figure><img loading=\"lazy\" decoding=\"async\" width=\"720\" height=\"540\" src=\"https:\/\/www.agriculture-machine.com\/wp-content\/uploads\/2021\/08\/6-2.jpg\" alt=\"c\u1ea3nh l\u00e0m vi\u1ec7c\" data-id=\"11240\" data-full-url=\"https:\/\/www.agriculture-machine.com\/wp-content\/uploads\/2021\/08\/6-2.jpg\" data-link=\"https:\/\/www.agriculture-machine.com\/?attachment_id=11240\" class=\"wp-image-11240\" srcset=\"https:\/\/www.agriculture-machine.com\/wp-content\/uploads\/2021\/08\/6-2.jpg 720w, https:\/\/www.agriculture-machine.com\/wp-content\/uploads\/2021\/08\/6-2-360x270.jpg 360w, https:\/\/www.agriculture-machine.com\/wp-content\/uploads\/2021\/08\/6-2-240x180.jpg 240w\" sizes=\"auto, (max-width: 720px) 100vw, 720px\" \/><figcaption class=\"blocks-gallery-item__caption\">c\u1ea3nh l\u00e0m vi\u1ec7c<\/figcaption><\/figure><\/li><\/ul><\/figure>    <h2 class=\"wp-block-heading\" id=\"h-features-of-the-our-wheat-planter\">\u0110\u1eb7c \u0111i\u1ec3m c\u1ee7a m\u00e1y gieo l\u00faa m\u00ec c\u1ee7a ch\u00fang t\u00f4i<\/h2>    <p>1. M\u00e1y c\u00f3 k\u00edch th\u01b0\u1edbc l\u1edbn v\u00e0 c\u1ea7n k\u1ebft h\u1ee3p v\u1edbi m\u00e1y k\u00e9o l\u1edbn v\u00e0 trung b\u00ecnh. N\u00f3 \u1edf tr\u1ea1ng th\u00e1i treo ba \u0111i\u1ec3m, ph\u00f9 h\u1ee3p v\u1edbi kho\u1ea3ng c\u00e1ch n\u1ed1i c\u1ee7a l\u00faa m\u00ec, v\u00e0 d\u1ec5 l\u00e0m vi\u1ec7c c\u00f9ng nhau.<\/p>    <p>2. M\u00e1y gieo h\u1ea1t l\u00faa m\u00ec n\u00e0y c\u00f3 th\u1ec3 d\u00f9ng \u0111\u1ec3 gieo ri\u00eang, ho\u1eb7c c\u00f3 th\u1ec3 th\u00eam h\u1ed9p ph\u00e2n b\u00f3n \u0111\u1ec3 th\u1ef1c hi\u1ec7n gieo v\u00e0 b\u00f3n ph\u00e2n c\u00f9ng l\u00fac.<\/p>    <p>3. M\u00e1y n\u00e0y kh\u00f4ng ch\u1ec9 gieo h\u1ea1t l\u00faa m\u00ec, m\u00e0 c\u00f2n c\u00e1c lo\u1ea1i h\u1ea1t kh\u00e1c, nh\u01b0 g\u1ea1o n\u01b0\u01a1ng, millet, v\u00e0 rau ch\u00e2n v\u1ecbt, v.v.<\/p>    <p>4. M\u00e1y \u0111\u01b0\u1ee3c trang b\u1ecb b\u00e1nh xe \u1ea5n, c\u00f3 th\u1ec3 ph\u1ee7 \u0111\u1ea5t tr\u1ef1c ti\u1ebfp sau khi gieo \u0111\u1ec3 ho\u00e0n th\u00e0nh vi\u1ec7c gieo.<\/p>    <p>5. M\u00e1y gieo h\u1ea1t l\u00faa m\u00ec th\u1ef1c hi\u1ec7n gieo h\u1ea1t tuy\u1ebfn t\u00ednh, gieo 20 h\u00e0ng m\u1ed9t l\u1ea7n, do \u0111\u00f3 hi\u1ec7u qu\u1ea3 gieo r\u1ea5t cao.<\/p>    <figure class=\"wp-block-gallery columns-2 is-cropped wp-block-gallery-3 is-layout-flex wp-block-gallery-is-layout-flex\"><ul class=\"blocks-gallery-grid\"><li class=\"blocks-gallery-item\"><figure><img loading=\"lazy\" decoding=\"async\" width=\"720\" height=\"540\" src=\"https:\/\/www.agriculture-machine.com\/wp-content\/uploads\/2021\/08\/1-3.jpg\" alt=\"2BXF-20\" data-id=\"11241\" data-full-url=\"https:\/\/www.agriculture-machine.com\/wp-content\/uploads\/2021\/08\/1-3.jpg\" data-link=\"https:\/\/www.agriculture-machine.com\/?attachment_id=11241\" class=\"wp-image-11241\" srcset=\"https:\/\/www.agriculture-machine.com\/wp-content\/uploads\/2021\/08\/1-3.jpg 720w, https:\/\/www.agriculture-machine.com\/wp-content\/uploads\/2021\/08\/1-3-360x270.jpg 360w, https:\/\/www.agriculture-machine.com\/wp-content\/uploads\/2021\/08\/1-3-240x180.jpg 240w\" sizes=\"auto, (max-width: 720px) 100vw, 720px\" \/><figcaption class=\"blocks-gallery-item__caption\">2BXF-20<\/figcaption><\/figure><\/li><li class=\"blocks-gallery-item\"><figure><img loading=\"lazy\" decoding=\"async\" width=\"720\" height=\"540\" src=\"https:\/\/www.agriculture-machine.com\/wp-content\/uploads\/2021\/08\/2-2.jpg\" alt=\"Chi ti\u1ebft c\u1ee7a 2BXF-20\" data-id=\"11242\" data-full-url=\"https:\/\/www.agriculture-machine.com\/wp-content\/uploads\/2021\/08\/2-2.jpg\" data-link=\"https:\/\/www.agriculture-machine.com\/?attachment_id=11242\" class=\"wp-image-11242\" srcset=\"https:\/\/www.agriculture-machine.com\/wp-content\/uploads\/2021\/08\/2-2.jpg 720w, https:\/\/www.agriculture-machine.com\/wp-content\/uploads\/2021\/08\/2-2-360x270.jpg 360w, https:\/\/www.agriculture-machine.com\/wp-content\/uploads\/2021\/08\/2-2-240x180.jpg 240w\" sizes=\"auto, (max-width: 720px) 100vw, 720px\" \/><figcaption class=\"blocks-gallery-item__caption\">Chi ti\u1ebft c\u1ee7a 2BXF-20<\/figcaption><\/figure><\/li><\/ul><\/figure>    <h2 class=\"wp-block-heading\">Nguy\u00ean l\u00fd ho\u1ea1t \u0111\u1ed9ng c\u1ee7a m\u00e1y gieo l\u00faa m\u00ec<\/h2>    <p>M\u00e1y gieo l\u00faa m\u00ec \u0111\u01b0\u1ee3c k\u00e9o b\u1edfi m\u00e1y k\u00e9o, v\u00e0 c\u00f4ng su\u1ea5t c\u1ee7a m\u00e1y k\u00e9o truy\u1ec1n \u0111\u1ebfn thi\u1ebft b\u1ecb quay \u0111\u1ea5t qua thi\u1ebft b\u1ecb truy\u1ec1n \u0111\u1ed9ng \u0111\u1ec3 xoay \u0111\u1ea5t v\u00e0 h\u1ed7 tr\u1ee3 t\u1ea1o g\u00f2. \u0110\u01b0\u1ee3c truy\u1ec1n \u0111\u1ed9ng b\u1eb1ng n\u0103ng l\u01b0\u1ee3ng, thi\u1ebft b\u1ecb k\u00e9o k\u00e9o m\u00e1y gieo l\u00faa m\u00ec \u0111i, t\u1eeb \u0111\u00f3 d\u1eabn \u0111\u1ebfn m\u1edf m\u01b0\u01a1ng h\u1ea1t gi\u1ed1ng ph\u00e2n b\u00f3n. <\/p>    <p>C\u00f9ng l\u00fac \u0111\u00f3, m\u00e1y k\u00e9o k\u00e9o b\u00e1nh xe \u1ea5n \u0111\u1ec3 ti\u1ebfn l\u00ean v\u00e0 d\u1eabn \u0111\u1ed9ng chu\u1ed7i quay, t\u1eeb \u0111\u00f3 d\u1eabn \u0111\u1ed9ng tr\u1ee5c ph\u00e2n b\u00f3n v\u00e0 tr\u1ee5c gieo, \u0111\u1ec3 h\u1ea1t gi\u1ed1ng v\u00e0 ph\u00e2n b\u00f3n ch\u1ea3y ra kh\u1ecfi h\u1ed9p ph\u00e2n b\u00f3n, \u0111i v\u00e0o b\u1ed9 m\u1edf ph\u00e2n b\u00f3n v\u00e0 b\u1ed9 m\u1edf gieo qua \u1ed1ng. Cu\u1ed1i c\u00f9ng, n\u00f3 ch\u1ea3y v\u00e0o r\u00e3nh v\u00e0 b\u1ecb b\u00e1nh xe \u1ea5n ph\u1ee7 \u0111\u1ea5t \u0111\u1ec3 ho\u00e0n th\u00e0nh vi\u1ec7c gieo tr\u1ed3ng l\u00faa m\u00ec.<\/p>    <p>\u0110i\u1ec3m n\u1ed5i b\u1eadt c\u1ee7a l\u00faa m\u00ec l\u00e0 ch\u1ec9 xoay \u0111\u1ea5t c\u1ea7n gieo, gi\u1ea3m thi\u1ec3u x\u00e1o tr\u1ed9n \u0111\u1ea5t, v\u00e0 ho\u00e0n th\u00e0nh t\u1ea5t c\u1ea3 c\u00e1c th\u1ee7 t\u1ee5c gieo tr\u1ed3ng trong m\u1ed9t l\u1ea7n, gi\u00fap ti\u1ebft ki\u1ec7m th\u1eddi gian v\u00e0 gi\u1ea3m chi ph\u00ed.<\/p>    <h2 class=\"wp-block-heading\">Ghi ch\u00fa v\u1eadn h\u00e0nh<\/h2>    <p>1. Tr\u01b0\u1edbc khi v\u1eadn h\u00e0nh, l\u00e0m s\u1ea1ch c\u00e1c ch\u01b0\u1edbng ng\u1ea1i v\u1eadt trong ru\u1ed9ng.<\/p>    <p>2. Khi th\u1ef1c hi\u1ec7n ki\u1ec3m tra, s\u1eeda ch\u1eefa, \u0111i\u1ec1u ch\u1ec9nh, b\u1ea3o tr\u00ec, v.v., tr\u01b0\u1edbc ti\u00ean t\u1eaft m\u00e1y k\u00e9o.<\/p>    <p>3. Khi \u0111\u01a1n v\u1ecb quay, l\u00f9i, v\u00e0 chuy\u1ec3n \u0111\u1ed5i, m\u00e1y ph\u1ea3i \u0111\u01b0\u1ee3c n\u00e2ng l\u00ean.<\/p>    <p>4. Trong qu\u00e1 tr\u00ecnh v\u1eadn h\u00e0nh, kh\u00f4ng l\u00f9i v\u00e0 gi\u1ea3m d\u1eebng kh\u00f4ng c\u1ea7n thi\u1ebft \u0111\u1ec3 tr\u00e1nh t\u00edch t\u1ee5 h\u1ea1t gi\u1ed1ng ho\u1eb7c ph\u00e2n b\u00f3n ho\u1eb7c l\u00e0m h\u1ecfng g\u00f2 \u0111\u1ea5t.<\/p>    <p>5. Khi c\u00f3 gi\u00f3 m\u1ea1nh, m\u01b0a, v\u00e0 \u0111\u1ed9 \u1ea9m \u0111\u1ea5t t\u01b0\u01a1ng \u0111\u1ed1i v\u01b0\u1ee3t qu\u00e1 70%, c\u1ea5m v\u1eadn h\u00e0nh.<\/p>","protected":false},"excerpt":{"rendered":"<p>At present, the application of agricultural machinery is relatively common, and the efficient application of wheat planter in the process of wheat planting can reduce the labor intensity of farmers, at the same time it can&nbsp;shorten the labor time so that the work efficiency of farmers has been significantly improved. Introduction of wheat planter The [&hellip;]<\/p>\n","protected":false},"author":1,"featured_media":0,"parent":0,"comment_status":"closed","ping_status":"closed","template":"","tags":[492,158],"product-type":[870,883],"class_list":["post-11227","product","type-product","status-publish","hentry","tag-planter","tag-wheat","product-type-planter","product-type-wheat-planter"],"_links":{"self":[{"href":"https:\/\/www.agriculture-machine.com\/vi\/wp-json\/wp\/v2\/product\/11227","targetHints":{"allow":["GET"]}}],"collection":[{"href":"https:\/\/www.agriculture-machine.com\/vi\/wp-json\/wp\/v2\/product"}],"about":[{"href":"https:\/\/www.agriculture-machine.com\/vi\/wp-json\/wp\/v2\/types\/product"}],"author":[{"embeddable":true,"href":"https:\/\/www.agriculture-machine.com\/vi\/wp-json\/wp\/v2\/users\/1"}],"replies":[{"embeddable":true,"href":"https:\/\/www.agriculture-machine.com\/vi\/wp-json\/wp\/v2\/comments?post=11227"}],"wp:attachment":[{"href":"https:\/\/www.agriculture-machine.com\/vi\/wp-json\/wp\/v2\/media?parent=11227"}],"wp:term":[{"taxonomy":"post_tag","embeddable":true,"href":"https:\/\/www.agriculture-machine.com\/vi\/wp-json\/wp\/v2\/tags?post=11227"},{"taxonomy":"product-type","embeddable":true,"href":"https:\/\/www.agriculture-machine.com\/vi\/wp-json\/wp\/v2\/product-type?post=11227"}],"curies":[{"name":"wp","href":"https:\/\/api.w.org\/{rel}","templated":true}]}}