{"id":1128,"date":"2018-10-19T09:37:33","date_gmt":"2018-10-19T01:37:33","guid":{"rendered":"https:\/\/www.agriculture-machine.com\/?p=1128"},"modified":"2026-02-25T17:08:07","modified_gmt":"2026-02-25T09:08:07","slug":"rice-mill","status":"publish","type":"product","link":"https:\/\/www.agriculture-machine.com\/vi\/rice-mill\/","title":{"rendered":"M\u00e1y xay x\u00e1t g\u1ea1o | M\u00e1y t\u00e1ch v\u1ecf g\u1ea1o | M\u00e1y xay x\u00e1t g\u1ea1o"},"content":{"rendered":"<p class=\"translation-block\">M\u00e1y xay g\u1ea1o\/ m\u00e1y x\u1eed l\u00fd l\u00faa g\u1ea1o   \u0111\u01b0\u1ee3c s\u1eed d\u1ee5ng \u0111\u1ec3 x\u1eed l\u00fd g\u1ea1o paddy. N\u00f3 g\u1ed3m m\u1ed9t ng\u0103n cho th\u1ee9c \u0103n, b\u1ed9 xay g\u1ea1o l\u00faa, b\u1ed9 t\u00e1ch g\u1ea1o l\u00faa v\u00e0 tr\u1ea5u, b\u1ed9 milling v\u00e0 m\u00e1y th\u1ed5i kh\u00ed, v.v. Ch\u00fang t\u00f4i c\u00f3 4 lo\u1ea1i m\u00e1y SB series, \u0111\u00f3 l\u00e0 SB-05, SB-10, SB-30, SB-50. C\u00e1c lo\u1ea1i kh\u00e1c nhau c\u00f3 c\u00f4ng su\u1ea5t kh\u00e1c nhau v\u00e0 b\u1ea1n c\u00f3 th\u1ec3 ch\u1ecdn lo\u1ea1i ph\u00f9 h\u1ee3p d\u1ef1a tr\u00ean y\u00eau c\u1ea7u.<\/p>    <figure class=\"wp-block-embed is-type-rich is-provider-embed-handler wp-block-embed-embed-handler wp-embed-aspect-16-9 wp-has-aspect-ratio\"><div class=\"wp-block-embed__wrapper\"> <iframe loading=\"lazy\" title=\"gi\u00e1 r\u1ebb m\u00e1y xay g\u1ea1o tr\u1eafng \/ m\u00e1y xay g\u1ea1o paddy \/ m\u00e1y huller g\u1ea1o \/ m\u00e1y huller g\u1ea1o\" width=\"500\" height=\"281\" src=\"https:\/\/www.youtube.com\/embed\/hUoRDbPM0K4?feature=oembed\" frameborder=\"0\" allow=\"accelerometer; autoplay; clipboard-write; encrypted-media; gyroscope; picture-in-picture; web-share\" referrerpolicy=\"strict-origin-when-cross-origin\" allowfullscreen><\/iframe> <\/div><figcaption class=\"wp-element-caption\">b\u1ed1n lo\u1ea1i m\u00e1y xay g\u1ea1o nh\u1ecf c\u00f3 video<\/figcaption><\/figure>    <p><br>SB-30 g\u1ea1o k\u1ebft h\u1ee3p l\u00e0 m\u1ed9t thi\u1ebft b\u1ecb t\u1ed5ng h\u1ee3p cho x\u1eed l\u00fd g\u1ea1o. G\u1ea1o \u0111\u01b0\u1ee3c \u0111\u01b0a v\u00e0o m\u00e1y qua m\u00e0n rung v\u00e0 thi\u1ebft b\u1ecb nam ch\u00e2m. D\u01b0\u1edbi t\u00e1c d\u1ee5ng c\u1ee7a tr\u1ee5c l\u0103n cao su, h\u00fat v\u00e0 s\u00e0ng gi\u00f3, v\u1ecf \u0111\u01b0\u1ee3c lo\u1ea1i b\u1ecf kh\u1ecfi g\u1ea1o v\u00e0 s\u1ebd \u0111\u01b0\u1ee3c \u0111\u00e1nh b\u00f3ng th\u00e0nh g\u1ea1o tr\u1eafng sau \u0111\u00f3. V\u1ecf tr\u1ea5u v\u00e0 t\u1ea1p ch\u1ea5t nh\u01b0 tr\u1ea5u b\u1ecb th\u1ed5i ra. Cu\u1ed1i c\u00f9ng, g\u1ea1o tr\u1eafng \u0111\u01b0\u1ee3c x\u1ea3 ra. <\/p>    <p>M\u00e1y xay g\u1ea1o \u0111\u01b0\u1ee3c trang b\u1ecb b\u1ed1 tr\u00ed t\u1ed5ng h\u1ee3p h\u1ee3p l\u00fd, thi\u1ebft k\u1ebf h\u1ee3p l\u00fd, k\u1ebft c\u1ea5u g\u1ecdn nh\u1eb9, v\u1eadn h\u00e0nh \u0111\u01a1n gi\u1ea3n v\u00e0 \u0111\u00e1ng tin c\u1eady, ti\u1ebfng \u1ed3n th\u1ea5p. \u0110\u1ed9 ch\u00ednh x\u00e1c xay g\u1ea1o tr\u1eafng c\u00f3 th\u1ec3 \u0111\u1ea1t chu\u1ea9n. V\u1edbi ti\u00eau th\u1ee5 \u0111i\u1ec7n n\u0103ng th\u1ea5p v\u00e0 hi\u1ec7u su\u1ea5t l\u00e0m vi\u1ec7c cao, \u0111\u00e2y l\u00e0 th\u1ebf h\u1ec7 m\u1edbi c\u1ee7a m\u00e1y xay g\u1ea1o k\u1ebft h\u1ee3p.<\/p>    <h2 class=\"wp-block-heading\" id=\"h-parameter-of-rice-milling-machine\">Th\u00f4ng s\u1ed1 k\u1ef9 thu\u1eadt c\u1ee7a m\u00e1y xay g\u1ea1o<\/h2>    <div class=\"table-responsive\" style=\"border: 1 px solir #f79646;\"> <table class=\"table table-striped\"> <tbody> <tr style=\"background-color: #f79646;\"> <td width=\"116\">M\u1eabu<\/td> <td width=\"79\">SB-05D<\/td> <td width=\"123\">SB-10D<\/td> <td width=\"230\">SB-30D<\/td> <td width=\"107\">SB-50D<\/td> <\/tr> <tr style=\"background-color: #fbd5b5;\"> <td width=\"116\">C\u00f4ng su\u1ea5t<\/td> <td width=\"79\">10hp \/5.5 KW<\/td> <td width=\"123\">15hp \/11KW<\/td> <td width=\"230\">&nbsp;&nbsp;&nbsp;&nbsp;18hp \/15 KW<\/td> <td width=\"107\">30hp \/22KW<\/td> <\/tr> <tr> <td width=\"116\">Dung t\u00edch<\/td> <td width=\"79\">400-600kg\/h<\/td> <td width=\"123\">700-1000kg\/h<\/td> <td width=\"230\">&nbsp;&nbsp;&nbsp;1100-1500kg\/h<\/td> <td width=\"107\">1800-2300kg\/h<\/td> <\/tr> <tr style=\"background-color: #fbd5b5;\"> <td width=\"116\">Tr\u1ecdng l\u01b0\u1ee3ng r\u00f2ng<\/td> <td width=\"79\">130kg<\/td> <td width=\"123\">230kg<\/td> <td width=\"230\">&nbsp;&nbsp;&nbsp;&nbsp;&nbsp;270kg<\/td> <td width=\"107\">530kg<\/td> <\/tr> <tr> <td width=\"116\">Tr\u1ecdng l\u01b0\u1ee3ng Gross<\/td> <td width=\"79\">160kg<\/td> <td width=\"123\">&nbsp;285kg<\/td> <td width=\"230\">&nbsp;&nbsp;&nbsp;&nbsp;&nbsp;300kg<\/td> <td width=\"107\">580kg<\/td> <\/tr> <tr style=\"background-color: #fbd5b5;\"> <td width=\"116\">K\u00edch th\u01b0\u1edbc t\u1ed5ng th\u1ec3<\/td> <td width=\"79\">860*692*1290mm<\/td> <td width=\"123\">760*730*1735mm<\/td> <td width=\"230\">1070*760*1760mm<\/td> <td width=\"107\">2400*1080*2080mm<\/td> <\/tr> <tr> <td width=\"116\">Loading QTY\/20GP<\/td> <td width=\"79\">27 b\u1ed9<\/td> <td width=\"123\">24b\u1ed9<\/td> <td width=\"230\">18b\u1ed9<\/td> <td width=\"107\">12sets<\/td> <\/tr> <\/tbody> <\/table> <\/div>    <h2 class=\"wp-block-heading\" id=\"h-working-principle-of-rice-milling-machine\">Nguy\u00ean l\u00fd l\u00e0m vi\u1ec7c c\u1ee7a m\u00e1y xay g\u1ea1o<\/h2>    <p>G\u1ea1o v\u00e0o trong m\u00e1y qua m\u00e0n rung v\u00e0 thi\u1ebft b\u1ecb nam ch\u00e2m r\u1ed3i \u0111i qua tr\u1ee5c l\u0103n cao su \u0111\u1ec3 xay v\u1ecf. Sau khi th\u1ed5i kh\u00ed v\u00e0 phun kh\u00ed v\u00e0o bu\u1ed3ng milling, m\u00e1y xay g\u1ea1o c\u00f3 th\u1ec3 ho\u00e0n t\u1ea5t c\u00e1c qu\u00e1 tr\u00ecnh l\u00e0m s\u1ea1ch, lo\u1ea1i b\u1ecf v\u1ecf, t\u00e1ch g\u1ea1o tr\u1eafng, milling v\u00e0 \u0111\u00e1nh b\u00f3ng l\u1ea7n l\u01b0\u1ee3t. V\u1ecf tr\u1ea5u, r\u1ea1, g\u1ea1o v\u1ee1 v\u00e0 g\u1ea1o tr\u1eafng \u0111\u01b0\u1ee3c \u0111\u1ea9y ra kh\u1ecfi m\u00e1y t\u01b0\u01a1ng \u1ee9ng. T\u1ed1t nh\u1ea5t n\u00ean \u0111\u1ec3 m\u1ed9t th\u00f9ng \u1edf d\u01b0\u1edbi \u0111\u1ea7u ra \u0111\u1ec3 collect g\u1ea1o.<\/p>    <figure class=\"wp-block-image aligncenter\"><img decoding=\"async\" src=\"https:\/\/www.agriculture-machine.com\/wp-content\/uploads\/2018\/10\/Rice-mill5.jpg\" alt=\"M\u00e1y xay g\u1ea1o\"\/><figcaption class=\"wp-element-caption\">M\u00e1y xay g\u1ea1o<\/figcaption><\/figure>    <h2 class=\"wp-block-heading\" id=\"h-rice-mills-machines-advantage\">Rice mill machines&#8217; advantage<\/h2>    <ul class=\"wp-block-list\"> <li>M\u00e1y xay g\u1ea1o \u0111\u01b0\u1ee3c trang b\u1ecb b\u1ed1 tr\u00ed h\u1ee3p l\u00fd, k\u1ebft c\u1ea5u g\u1ecdn nh\u1eb9, v\u00e0 ti\u1ebfng \u1ed3n khi v\u1eadn h\u00e0nh th\u1ea5p.<\/li>    <li>M\u00e1y x\u1eed l\u00fd g\u1ea1o nh\u1eb9 v\u00e0 d\u1ec5 v\u1eadn h\u00e0nh v\u1edbi c\u00f4ng su\u1ea5t ti\u00eau th\u1ee5 th\u1ea5p v\u00e0 n\u0103ng su\u1ea5t cao.<\/li>    <li>M\u00e1y xay g\u1ea1o c\u00f3 th\u1ec3 s\u1ea3n xu\u1ea5t g\u1ea1o tr\u1eafng c\u00f3 \u0111\u1ed9 tinh khi\u1ebft cao \u0111\u00e1p \u1ee9ng ti\u00eau chu\u1ea9n qu\u1ed1c gia v\u00e0 \u00edt tr\u1ea5u, v\u00ec v\u1eady \u0111\u00e2y l\u00e0 m\u00e1y x\u1eed l\u00fd l\u00faa g\u1ea1o ph\u00f9 h\u1ee3p cho v\u00f9ng n\u00f4ng th\u00f4n.<\/li>    <li>C\u00f4ng su\u1ea5t cao. C\u00f4ng su\u1ea5t l\u1edbn nh\u1ea5t c\u1ee7a d\u00f2ng n\u00e0y l\u00e0 2,3 t\u1ea5n\/h, c\u00f3 th\u1ec3 gi\u1ea3m th\u1eddi gian lao \u0111\u1ed9ng.<\/li>    <li>T\u1ec9 l\u1ec7 v\u1ee1 th\u1ea5p (3%). H\u1ea7u h\u1ebft g\u1ea1o c\u00f3 th\u1ec3 \u0111\u01b0\u1ee3c gi\u1eef nguy\u00ean.<\/li>    <li>M\u00e1y xay g\u1ea1o kh\u00f4ng ch\u1ec9 c\u00f3 th\u1ec3 xay g\u1ea1o m\u00e0 c\u00f2n c\u00f3 th\u1ec3 \u0111\u00e1nh b\u00f3ng ch\u00fang, v\u00ec v\u1eady g\u1ea1o cu\u1ed1i c\u00f9ng s\u00e1ng b\u00f3ng v\u00e0 tr\u1eafng.<\/li>    <li>C\u00e1c m\u1eabu kh\u00e1c nhau c\u00f3 c\u00f4ng su\u1ea5t kh\u00e1c nhau, v\u00ec v\u1eady b\u1ea1n ch\u1ecdn \u0111\u00fang d\u1ef1a tr\u00ean t\u00ecnh h\u00ecnh th\u1ef1c t\u1ebf.<\/li>    <li>M\u00e1y c\u00f3 th\u1ec3 di \u0111\u1ed9ng v\u00e0 ph\u00f9 h\u1ee3p cho s\u1eed d\u1ee5ng t\u1ea1i gia, tri\u1ec3n v\u1ecdng c\u1ee7a m\u00e1y xay g\u1ea1o r\u1ea5t t\u1ed1t.<\/li> <\/ul>    <figure class=\"wp-block-image alignnone\"><img decoding=\"async\" src=\"https:\/\/www.agriculture-machine.com\/wp-content\/uploads\/2018\/10\/Rice-mill1.jpg\" alt=\"C\u1ea5u tr\u00fac b\u00ean trong m\u00e1y xay g\u1ea1o\"\/><figcaption class=\"wp-element-caption\">Rice milling machine&#8217;s inner structure<\/figcaption><\/figure>    <h2 class=\"wp-block-heading\" id=\"h-the-prospect-of-rice-milling-machine\">Ti\u1ec1m n\u0103ng c\u1ee7a m\u00e1y xay g\u1ea1o<\/h2>    <p>Gi\u00e1 g\u1ea1o tr\u00ean th\u1ecb tr\u01b0\u1eddng r\u1ea5t \u0111a d\u1ea1ng, s\u1ef1 kh\u00e1c bi\u1ec7t gi\u1eefa c\u00e1c lo\u1ea1i g\u1ea1o n\u00e0y l\u00e0 g\u00ec?<\/p>    <ul class=\"wp-block-list\"> <li>G\u1ea1o m\u1edbi: G\u1ea1o m\u1edbi l\u00e0 g\u1ea1o thu ho\u1ea1ch n\u0103m nay, \u0111\u00e3 \u0111\u01b0\u1ee3c b\u00f3c v\u1ecf v\u00e0 b\u00f3ng trong th\u1eddi gian ng\u1eafn. \u0110\u1eb7c \u0111i\u1ec3m l\u1edbn nh\u1ea5t c\u1ee7a g\u1ea1o m\u1edbi l\u00e0 c\u00f3 h\u01b0\u01a1ng th\u01a1m v\u00e0 h\u01b0\u01a1ng v\u1ecb tuy\u1ec7t v\u1eddi. Canh g\u1ea1o m\u1edbi c\u00f3 m\u00f9i th\u01a1m \u0111\u1eb7c tr\u01b0ng v\u00e0 c\u01a1m m\u1edbi h\u1ea5p l\u00ean d\u1ebbo v\u00e0 dai.<\/li>    <li>G\u1ea1o c\u0169: l\u00e0 g\u1ea1o \u0111\u01b0\u1ee3c l\u01b0u tr\u1eef trong nhi\u1ec1u n\u0103m, v\u00e0 h\u01b0\u01a1ng v\u1ecb kh\u00f4ng ngon do \u1ea3nh h\u01b0\u1edfng c\u1ee7a nhi\u1ec7t \u0111\u1ed9, \u0111\u1ed9 \u1ea9m v\u00e0 c\u00e1c y\u1ebfu t\u1ed1 kh\u00e1c. Dinh d\u01b0\u1ee1ng c\u1ee7a g\u1ea1o c\u0169 k\u00e9m h\u01a1n g\u1ea1o m\u1edbi.<\/li> <\/ul>    <figure class=\"wp-block-image aligncenter\"><img decoding=\"async\" src=\"https:\/\/www.agriculture-machine.com\/wp-content\/uploads\/2018\/10\/Rice-mill3.jpg\" alt=\"m\u00e1y xay g\u1ea1o\"\/><figcaption class=\"wp-element-caption\">m\u00e1y xay g\u1ea1o<\/figcaption><\/figure>    <p>V\u1eabn c\u00f3 nhi\u1ec1u kh\u00e1c bi\u1ec7t gi\u1eefa g\u1ea1o m\u1edbi v\u00e0 g\u1ea1o c\u0169. G\u1ea1o r\u1ebb \u1edf si\u00eau th\u1ecb l\u00e0 g\u1ea1o tr\u1ed9n v\u1edbi g\u1ea1o c\u0169. Th\u00f4ng th\u01b0\u1eddng ng\u01b0\u1eddi ta kh\u00f4ng nh\u1eadn ra s\u1ef1 kh\u00e1c bi\u1ec7t, \u0111i\u1ec1u n\u00e0y c\u00f3 h\u1ea1i cho s\u1ee9c kh\u1ecfe c\u1ee7a ch\u00fang ta. D\u00f2ng m\u00e1y xay g\u1ea1o Taizy SB c\u00f3 ki\u1ec3u d\u00e1ng nh\u1ecf g\u1ecdn v\u00e0 c\u00f3 gi\u00e1 c\u1ea1nh tranh cho c\u00e1 nh\u00e2n ho\u1eb7c ng\u00e0nh th\u1ef1c ph\u1ea9m. B\u1ea1n s\u1ebd kh\u00f4ng ti\u1ebfc khi mua m\u00e1y nh\u01b0 v\u1eady cho s\u1eed d\u1ee5ng gia \u0111\u00ecnh ho\u1eb7c th\u01b0\u01a1ng m\u1ea1i.<\/p>    <figure class=\"wp-block-image aligncenter\"><img decoding=\"async\" src=\"https:\/\/www.agriculture-machine.com\/wp-content\/uploads\/2018\/10\/Rice-mill6.jpg\" alt=\"m\u00e1y xay g\u1ea1o x\u1ee9ng v\u1ecf\"\/><figcaption class=\"wp-element-caption\">m\u00e1y xay g\u1ea1o x\u1ee9ng v\u1ecf<\/figcaption><\/figure>    <h2 class=\"wp-block-heading\" id=\"h-how-to-use-a-rice-mill-machine\">C\u00e1ch s\u1eed d\u1ee5ng m\u00e1y xay g\u1ea1o?<\/h2>    <ul class=\"wp-block-list\"> <li>Y\u00eau c\u1ea7u \u0111i d\u00e2y: m\u00e1y xay g\u1ea1o kh\u00f4ng th\u1ec3 d\u00f9ng chung v\u1edbi m\u1ea1ch chi\u1ebfu s\u00e1ng g\u1ed1c. Ph\u1ea3i k\u1ebft n\u1ed1i tr\u1ef1c ti\u1ebfp t\u1eeb c\u00f4ng t\u1eafc ngu\u1ed3n ch\u00ednh b\u1eb1ng d\u00e2y \u0111\u1ed3ng ho\u1eb7c d\u00e2y nh\u00f4m c\u00f3 di\u1ec7n t\u00edch 4 mm vu\u00f4ng ho\u1eb7c l\u1edbn h\u01a1n. Kh\u00f4ng \u0111\u01b0\u1ee3c s\u1eed d\u1ee5ng ph\u00edch c\u1eafm v\u00e0 khuy\u1ebfn kh\u00edch d\u00f9ng c\u00f4ng t\u1eafc dao 10A tr\u1edf l\u00ean.<\/li>    <li>Ph\u01b0\u01a1ng ph\u00e1p v\u1eadn h\u00e0nh: Tr\u01b0\u1edbc khi b\u1eaft \u0111\u1ea7u m\u00e1y xay g\u1ea1o, ng\u01b0\u1eddi v\u1eadn h\u00e0nh ki\u1ec3m tra c\u1ea9n th\u1eadn xem c\u00e1c bu l\u00f4ng \u1edf t\u1ea5t c\u1ea3 c\u00e1c b\u1ed9 ph\u1eadn c\u00f3 l\u1ecfng kh\u00f4ng, v\u00e0 m\u1edf n\u1eafp \u0111\u1ec3 ki\u1ec3m tra khe h\u1edf c\u1ee7a tr\u1ee5c l\u0103n c\u00f3 \u0111\u00fang kh\u00f4ng.<\/li>    <li>Ng\u01b0\u1eddi v\u1eadn h\u00e0nh n\u00ean b\u1eadt c\u00f4ng t\u1eafc v\u00e0 \u0111\u1ec3 m\u00e1y ch\u1ea1y r idle trong 1-3 ph\u00fat. Ng\u01b0\u1eddi d\u00f9ng c\u00f3 th\u1ec3 s\u1eed d\u1ee5ng m\u00e1y khi m\u1ecdi th\u1ee9 b\u00ecnh th\u01b0\u1eddng. Khi m\u1edf ph\u00edch c\u1eafm, ng\u01b0\u1eddi d\u00f9ng n\u00ean t\u1eeb t\u1eeb t\u0103ng t\u1ea3i ch\u1eadm, n\u1ebfu kh\u00f4ng s\u1ebd g\u00e2y t\u1eafc ngh\u1ebdn.<\/li>    <li>Ng\u01b0\u1eddi d\u00f9ng n\u00ean \u0111\u00f3ng c\u1ed5ng ti\u1ebfp nh\u1eadn tr\u01b0\u1edbc, v\u00e0 d\u1eebng ph\u1ea7n milling khi qu\u00e1 tr\u00ecnh \u0111ang ho\u00e0n t\u1ea5t.<\/li>    <li>N\u1ebfu b\u1ea1n mu\u1ed1n c\u00f4ng su\u1ea5t cao h\u01a1n <a href=\"https:\/\/www.agriculture-machine.com\/vi\/rice-milling-plant-machine\/\"><strong>m\u00e1y xay g\u1ea1o d\u00e2y chuy\u1ec1n<\/strong><\/a>, vui l\u00f2ng m\u1edf li\u00ean k\u1ebft sau \u0111\u1ec3 xem m\u1ed9t m\u00e1y xay g\u1ea1o k\u1ebft h\u1ee3p 10 t\u1ea5n v\u1edbi k\u00edch th\u01b0\u1edbc l\u1edbn.<br><\/li> <\/ul>    <h2 class=\"wp-block-heading\" id=\"h-the-successful-case-of-rice-mill-machine\">Tr\u01b0\u1eddng h\u1ee3p th\u00e0nh c\u00f4ng c\u1ee7a m\u00e1y xay g\u1ea1o<\/h2>    <p>Tu\u1ea7n n\u00e0y ch\u00fang t\u00f4i \u0111\u00e3 b\u00e1n 5 b\u1ed9 m\u00e1y xay g\u1ea1o cho Nam Phi, kh\u00e1ch h\u00e0ng n\u00e0y l\u00e0 \u0111\u1ea1i l\u00fd mu\u1ed1n b\u00e1n cho n\u00f4ng d\u00e2n \u0111\u1ecba ph\u01b0\u01a1ng. X\u00e9t v\u1ec1 h\u1ee3p \u0111\u1ed3ng \u0111\u1ea7u ti\u00ean, \u00f4ng \u1ea5y ch\u1ec9 mua 5 b\u1ed9 \u0111\u1ec3 l\u00e0m \u0111\u01a1n h\u00e0ng th\u1eed nghi\u1ec7m, v\u00e0 s\u1ebd mua th\u00eam n\u1ebfu c\u00e1c m\u00e1y ch\u1ea1y \u1ed5n. Ch\u00fang t\u00f4i t\u1ef1 tin r\u1eb1ng \u00f4ng \u1ea5y s\u1ebd \u0111\u1eb7t h\u00e0ng l\u1ea1i t\u1eeb ch\u00fang t\u00f4i, v\u00ec ch\u1ea5t l\u01b0\u1ee3ng m\u00e1y c\u1ee7a ch\u00fang t\u00f4i r\u1ea5t t\u1ed1t, v\u00e0 ch\u00fang t\u00f4i mong \u0111\u1ee3i cho l\u1ea7n h\u1ee3p t\u00e1c ti\u1ebfp theo.<\/p>    <h2 class=\"wp-block-heading\" id=\"h-faq\">C\u00e2u h\u1ecfi th\u01b0\u1eddng g\u1eb7p<\/h2>   <div id=\"rank-math-faq\" class=\"rank-math-block\"> <div class=\"rank-math-list\"> <div id=\"faq-question-1772010427656\" class=\"rank-math-list-item\"> <h3 class=\"rank-math-question\">S\u1ef1 kh\u00e1c bi\u1ec7t gi\u1eefa 4 lo\u1ea1i m\u00e1y xay g\u1ea1o l\u00e0 g\u00ec?<\/h3> <div class=\"rank-math-answer\">  <p> Dung l\u01b0\u1ee3ng c\u1ee7a ch\u00fang kh\u00e1c nhau, n\u00ean ch\u00fang ph\u00f9 h\u1ee3p v\u1edbi c\u00e1c \u0111\u1ed9ng c\u01a1 kh\u00e1c nhau.<\/p>  <\/div> <\/div> <div id=\"faq-question-1772010435622\" class=\"rank-math-list-item\"> <h3 class=\"rank-math-question\">G\u1ea1o th\u00e0nh ph\u1ea9m c\u00f3 ch\u1ee9a g\u1ea1o v\u1ee1 kh\u00f4ng?<\/h3> <div class=\"rank-math-answer\">  <p> T\u1ec9 l\u1ec7 h\u1ecfng v\u1ee1 d\u01b0\u1edbi 1%.<\/p>  <\/div> <\/div> <div id=\"faq-question-1772010447825\" class=\"rank-math-list-item\"> <h3 class=\"rank-math-question\">C\u00e1c b\u1ed9 ph\u1eadn d\u1ec5 b\u1ecb h\u1ecfng l\u00e0 g\u00ec?<\/h3> <div class=\"rank-math-answer\">  <p>Con l\u0103n cao su, \u0111\u1ea7u truy\u1ec1n, m\u00e0n h\u00ecnh h\u00ecnh l\u1ee5c gi\u00e1c, l\u00f4 g\u1ea1o, c\u00e1nh qu\u1ea1t, l\u1edbp l\u00f3t l\u1ed7 tho\u00e1t kh\u00ed qu\u1ea1t.<\/p>  <\/div> <\/div> <\/div> <\/div>   <figure class=\"wp-block-image aligncenter size-large is-resized\"><img loading=\"lazy\" decoding=\"async\" width=\"418\" height=\"540\" src=\"https:\/\/www.agriculture-machine.com\/wp-content\/uploads\/2018\/10\/Rice-mill7-418x540.jpg\" alt=\"M\u00e1y xay g\u1ea1o7\" class=\"wp-image-1991\" srcset=\"https:\/\/www.agriculture-machine.com\/wp-content\/uploads\/2018\/10\/Rice-mill7-418x540.jpg 418w, https:\/\/www.agriculture-machine.com\/wp-content\/uploads\/2018\/10\/Rice-mill7-209x270.jpg 209w, https:\/\/www.agriculture-machine.com\/wp-content\/uploads\/2018\/10\/Rice-mill7.jpg 750w\" sizes=\"auto, (max-width: 418px) 100vw, 418px\" \/><\/figure>    <p>N\u1ebfu b\u1ea1n quan t\u00e2m \u0111\u1ebfn m\u00e1y xay g\u1ea1o c\u1ee7a ch\u00fang t\u00f4i, xin vui l\u00f2ng li\u00ean h\u1ec7 v\u1edbi ch\u00fang t\u00f4i v\u00e0 tham quan nh\u00e0 m\u00e1y. \u0110\u1ed9i ng\u0169 chuy\u00ean nghi\u1ec7p c\u1ee7a ch\u00fang t\u00f4i s\u1ebd s\u1eb5n s\u00e0ng cung c\u1ea5p th\u00f4ng tin chi ti\u1ebft v\u1ec1 s\u1ea3n ph\u1ea9m. Ch\u00fang t\u00f4i mong \u0111\u01b0\u1ee3c chia s\u1ebb c\u00f4ng ngh\u1ec7 ti\u00ean ti\u1ebfn v\u00e0 ch\u1ea5t l\u01b0\u1ee3ng tuy\u1ec7t v\u1eddi v\u1edbi b\u1ea1n \u0111\u1ec3 cung c\u1ea5p gi\u1ea3i ph\u00e1p t\u1ed1t nh\u1ea5t cho s\u1ea3n xu\u1ea5t g\u1ea1o tr\u1eafng c\u1ee7a b\u1ea1n.<\/p>","protected":false},"excerpt":{"rendered":"<p>M\u00e1y xay g\u1ea1o nghi\u1ec1n v\u00e0 xay g\u1ea1o paddy th\u00e0nh g\u1ea1o tr\u1eafng ch\u1ea5t l\u01b0\u1ee3ng cao th\u00f4ng qua c\u00e1c b\u01b0\u1edbc xay v\u1ecf, lo\u1ea1i b\u1ecf v\u1ecf n\u00e2u v\u00e0 milling. C\u00f3 nhi\u1ec1u lo\u1ea1i \u0111\u1ec3 l\u1ef1a ch\u1ecdn, b\u1ea1n c\u00f3 th\u1ec3 hi\u1ec3u r\u00f5 h\u01a1n qua b\u00e0i vi\u1ebft n\u00e0y.<\/p>","protected":false},"author":1,"featured_media":1135,"parent":0,"comment_status":"closed","ping_status":"closed","template":"","tags":[796],"product-type":[905],"class_list":["post-1128","product","type-product","status-publish","has-post-thumbnail","hentry","tag-rice","product-type-small-rice-mill"],"_links":{"self":[{"href":"https:\/\/www.agriculture-machine.com\/vi\/wp-json\/wp\/v2\/product\/1128","targetHints":{"allow":["GET"]}}],"collection":[{"href":"https:\/\/www.agriculture-machine.com\/vi\/wp-json\/wp\/v2\/product"}],"about":[{"href":"https:\/\/www.agriculture-machine.com\/vi\/wp-json\/wp\/v2\/types\/product"}],"author":[{"embeddable":true,"href":"https:\/\/www.agriculture-machine.com\/vi\/wp-json\/wp\/v2\/users\/1"}],"replies":[{"embeddable":true,"href":"https:\/\/www.agriculture-machine.com\/vi\/wp-json\/wp\/v2\/comments?post=1128"}],"wp:featuredmedia":[{"embeddable":true,"href":"https:\/\/www.agriculture-machine.com\/vi\/wp-json\/wp\/v2\/media\/1135"}],"wp:attachment":[{"href":"https:\/\/www.agriculture-machine.com\/vi\/wp-json\/wp\/v2\/media?parent=1128"}],"wp:term":[{"taxonomy":"post_tag","embeddable":true,"href":"https:\/\/www.agriculture-machine.com\/vi\/wp-json\/wp\/v2\/tags?post=1128"},{"taxonomy":"product-type","embeddable":true,"href":"https:\/\/www.agriculture-machine.com\/vi\/wp-json\/wp\/v2\/product-type?post=1128"}],"curies":[{"name":"wp","href":"https:\/\/api.w.org\/{rel}","templated":true}]}}