{"id":11285,"date":"2021-09-03T14:01:03","date_gmt":"2021-09-03T06:01:03","guid":{"rendered":"https:\/\/www.agriculture-machine.com\/?p=11285"},"modified":"2024-09-23T11:18:32","modified_gmt":"2024-09-23T03:18:32","slug":"electric-grain-hammer-mill-grain-mill-grinder-grain-grinding","status":"publish","type":"product","link":"https:\/\/www.agriculture-machine.com\/vi\/electric-grain-hammer-mill-grain-mill-grinder-grain-grinding\/","title":{"rendered":"M\u00e1y nghi\u1ec1n b\u00faa d\u1ea1ng \u0111i\u1ec7n | M\u00e1y nghi\u1ec1n ng\u0169 c\u1ed1c | Nghi\u1ec1n ng\u0169 c\u1ed1c"},"content":{"rendered":"<p>M\u00e1y nghi\u1ec1n h\u1ea1t l\u00e0 lo\u1ea1i m\u00e1y nghi\u1ec1n ph\u1ed5 bi\u1ebfn nh\u1ea5t. N\u00f3 c\u00f3 t\u00ednh linh ho\u1ea1t t\u1ed1t. Sau khi v\u1eadt li\u1ec7u kim lo\u1ea1i \u0111i v\u00e0o m\u00e1y, n\u00f3 ch\u1ec9 l\u00e0m h\u1ecfng m\u00e0n h\u00ecnh. Kh\u00f4ng x\u1ea3y ra tai n\u1ea1n l\u1edbn, c\u1ea5u tr\u00fac c\u1ee7a n\u00f3 g\u1ed3m ba ph\u1ea7n: c\u01a1 ch\u1ebf c\u1ea5p li\u1ec7u, bu\u1ed3ng nghi\u1ec1n, v\u00e0 ph\u1ea7n x\u1ea3.<\/p>    <figure class=\"wp-block-embed is-type-video is-provider-youtube wp-block-embed-youtube wp-embed-aspect-16-9 wp-has-aspect-ratio\"><div class=\"wp-block-embed__wrapper\"> <iframe loading=\"lazy\" title=\"Video ho\u1ea1t \u0111\u1ed9ng c\u1ee7a m\u00e1y nghi\u1ec1n h\u1ea1t \u0111i\u1ec7n | m\u00e1y nghi\u1ec1n h\u1ea1t\" width=\"500\" height=\"281\" src=\"https:\/\/www.youtube.com\/embed\/LrGfvzii4tI?feature=oembed\" frameborder=\"0\" allow=\"accelerometer; autoplay; clipboard-write; encrypted-media; gyroscope; picture-in-picture; web-share\" referrerpolicy=\"strict-origin-when-cross-origin\" allowfullscreen><\/iframe> <\/div><figcaption class=\"wp-element-caption\">Video ho\u1ea1t \u0111\u1ed9ng c\u1ee7a m\u00e1y nghi\u1ec1n h\u1ea1t hi\u1ec7u qu\u1ea3 cao<\/figcaption><\/figure>    <h2 class=\"wp-block-heading\">Ch\u1ee9c n\u0103ng c\u1ee7a m\u00e1y nghi\u1ec1n h\u1ea1t<\/h2>    <p><font style=\"vertical-align: inherit;\"><font style=\"vertical-align: inherit;\">M\u00e1y nghi\u1ec1n h\u1ea1t \u0111\u01b0\u1ee3c s\u1eed d\u1ee5ng trong c\u00e1c ng\u00e0nh d\u01b0\u1ee3c ph\u1ea9m, th\u1ef1c ph\u1ea9m, h\u00f3a ch\u1ea5t, khoa h\u1ecdc, v\u00e0 c\u00e1c ng\u00e0nh c\u00f4ng nghi\u1ec7p kh\u00e1c \u0111\u1ec3 x\u1eed l\u00fd c\u00e1c v\u1eadt li\u1ec7u ch\u1ee9a tinh b\u1ed9t. B\u1ea1n c\u00f3 th\u1ec3 thu \u0111\u01b0\u1ee3c b\u1ed9t t\u1eeb m\u00e1y nghi\u1ec1n b\u00faa \u0111i\u1ec7n. Ch\u1ea5t li\u1ec7u tr\u1edf th\u00e0nh b\u1ed9t d\u01b0\u1edbi t\u00e1c d\u1ee5ng nghi\u1ec1n c\u1ee7a \u0111\u0129a nghi\u1ec1n.<\/font><\/font><\/p>    <p>Thi\u1ebft b\u1ecb \u0111\u01b0\u1ee3c trang b\u1ecb thi\u1ebft b\u1ecb h\u00fat b\u1ee5i, kh\u00f4ng g\u00e2y \u00f4 nhi\u1ec5m b\u1ee5i b\u1ea9n. N\u00f3 c\u00f3 \u0111\u1eb7c \u0111i\u1ec3m nhi\u1ec7t \u0111\u1ed9 th\u1ea5p, ti\u1ebfng \u1ed3n th\u1ea5p v\u00e0 hi\u1ec7u qu\u1ea3 cao. Ph\u00f9 h\u1ee3p \u0111\u1ec3 nghi\u1ec1n c\u00e1c v\u1eadt li\u1ec7u kh\u00f4 v\u00e0 gi\u00f2n, nh\u01b0 v\u1eadt li\u1ec7u h\u00f3a h\u1ecdc v\u00e0 d\u01b0\u1ee3c li\u1ec7u Trung Qu\u1ed1c.<\/p>    <figure class=\"wp-block-gallery has-nested-images columns-default is-cropped wp-block-gallery-2 is-layout-flex wp-block-gallery-is-layout-flex\"> <figure class=\"wp-block-image size-large\"><img loading=\"lazy\" decoding=\"async\" width=\"720\" height=\"540\" data-id=\"11288\" src=\"https:\/\/www.agriculture-machine.com\/wp-content\/uploads\/2021\/08\/5-3.jpg\" alt=\"m\u00e1y nghi\u1ec1n h\u1ea1t\" class=\"wp-image-11288\" srcset=\"https:\/\/www.agriculture-machine.com\/wp-content\/uploads\/2021\/08\/5-3.jpg 720w, https:\/\/www.agriculture-machine.com\/wp-content\/uploads\/2021\/08\/5-3-360x270.jpg 360w, https:\/\/www.agriculture-machine.com\/wp-content\/uploads\/2021\/08\/5-3-240x180.jpg 240w\" sizes=\"auto, (max-width: 720px) 100vw, 720px\" \/><figcaption class=\"wp-element-caption\">m\u00e1y nghi\u1ec1n h\u1ea1t<\/figcaption><\/figure>    <figure class=\"wp-block-image size-large\"><img loading=\"lazy\" decoding=\"async\" width=\"720\" height=\"540\" data-id=\"11289\" src=\"https:\/\/www.agriculture-machine.com\/wp-content\/uploads\/2021\/08\/6-3.jpg\" alt=\"m\u00e1y nghi\u1ec1n h\u1ea1t \u0111i\u1ec7n\" class=\"wp-image-11289\" srcset=\"https:\/\/www.agriculture-machine.com\/wp-content\/uploads\/2021\/08\/6-3.jpg 720w, https:\/\/www.agriculture-machine.com\/wp-content\/uploads\/2021\/08\/6-3-360x270.jpg 360w, https:\/\/www.agriculture-machine.com\/wp-content\/uploads\/2021\/08\/6-3-240x180.jpg 240w\" sizes=\"auto, (max-width: 720px) 100vw, 720px\" \/><figcaption class=\"wp-element-caption\">m\u00e1y nghi\u1ec1n h\u1ea1t \u0111i\u1ec7n<\/figcaption><\/figure> <\/figure>    <h2 class=\"wp-block-heading\" id=\"h-working-principle\">Nguy\u00ean l\u00fd ho\u1ea1t \u0111\u1ed9ng<\/h2>    <p>Sau khi \u0111\u1ed9ng c\u01a1 kh\u1edfi \u0111\u1ed9ng, c\u00f4ng su\u1ea5t truy\u1ec1n \u0111\u1ebfn b\u00e1nh \u0111ai qua d\u00e2y \u0111ai V, l\u00e0m quay tr\u1ee5c ch\u00ednh v\u00e0 g\u00e2y ra chuy\u1ec3n \u0111\u1ed9ng t\u01b0\u01a1ng \u0111\u1ed1i c\u1ee7a \u0111\u0129a nghi\u1ec1n di \u0111\u1ed9ng v\u00e0 \u0111\u0129a nghi\u1ec1n c\u1ed1 \u0111\u1ecbnh \u0111\u1ec3 t\u1ea1o ra hi\u1ec7u \u1ee9ng \u00e9p v\u00e0 nghi\u1ec1n, gi\u00fap nghi\u1ec1n k\u1ef9 c\u00e1c v\u1eadt li\u1ec7u trong \u0111\u0129a nghi\u1ec1n \u1edf gi\u1eefa.  <\/p>    <figure class=\"wp-block-gallery has-nested-images columns-default is-cropped wp-block-gallery-3 is-layout-flex wp-block-gallery-is-layout-flex\"> <figure class=\"wp-block-image size-large\"><img loading=\"lazy\" decoding=\"async\" width=\"720\" height=\"540\" data-id=\"11396\" src=\"https:\/\/www.agriculture-machine.com\/wp-content\/uploads\/2021\/09\/IMG_20210730_112620_\u526f\u672c.jpg\" alt=\"m\u00e1y nghi\u1ec1n \u0111\u0129a\" class=\"wp-image-11396\" srcset=\"https:\/\/www.agriculture-machine.com\/wp-content\/uploads\/2021\/09\/IMG_20210730_112620_\u526f\u672c.jpg 720w, https:\/\/www.agriculture-machine.com\/wp-content\/uploads\/2021\/09\/IMG_20210730_112620_\u526f\u672c-360x270.jpg 360w, https:\/\/www.agriculture-machine.com\/wp-content\/uploads\/2021\/09\/IMG_20210730_112620_\u526f\u672c-240x180.jpg 240w\" sizes=\"auto, (max-width: 720px) 100vw, 720px\" \/><figcaption class=\"wp-element-caption\">m\u00e1y nghi\u1ec1n \u0111\u0129a<\/figcaption><\/figure>    <figure class=\"wp-block-image size-large\"><img loading=\"lazy\" decoding=\"async\" width=\"720\" height=\"540\" data-id=\"11397\" src=\"https:\/\/www.agriculture-machine.com\/wp-content\/uploads\/2021\/09\/IMG_20210730_112641_\u526f\u672c.jpg\" alt=\"m\u00e1y nghi\u1ec1n \u0111\u0129a\" class=\"wp-image-11397\" srcset=\"https:\/\/www.agriculture-machine.com\/wp-content\/uploads\/2021\/09\/IMG_20210730_112641_\u526f\u672c.jpg 720w, https:\/\/www.agriculture-machine.com\/wp-content\/uploads\/2021\/09\/IMG_20210730_112641_\u526f\u672c-360x270.jpg 360w, https:\/\/www.agriculture-machine.com\/wp-content\/uploads\/2021\/09\/IMG_20210730_112641_\u526f\u672c-240x180.jpg 240w\" sizes=\"auto, (max-width: 720px) 100vw, 720px\" \/><figcaption class=\"wp-element-caption\">m\u00e1y nghi\u1ec1n \u0111\u0129a<\/figcaption><\/figure> <\/figure>    <h2 class=\"wp-block-heading\">Ph\u01b0\u01a1ng ph\u00e1p v\u1eadn h\u00e0nh<\/h2>    <p>1. This grain mill grinder&#8217;s package is as a whole. After unpacking, move it to an appropriate location, then place it steadily, and connect it to the power supply for trial use.<\/p>    <p>2. Before use, check whether there is any looseness and other abnormal phenomena in the transmission part of the machine. The direction of the machine&#8217;s operation should be consistent with the direction shown by the arrow.<\/p>    <p>3. Th\u1ef1c hi\u1ec7n ki\u1ec3m tra kh\u00f4ng t\u1ea3i trong 1-2 ph\u00fat tr\u01b0\u1edbc khi s\u1eed d\u1ee5ng, v\u00e0 ch\u1edd \u0111\u1ebfn khi kh\u00f4ng c\u00f3 hi\u1ec7n t\u01b0\u1ee3ng b\u1ea5t th\u01b0\u1eddng tr\u01b0\u1edbc khi c\u1ea5p li\u1ec7u. T\u0103ng d\u1ea7n l\u01b0u l\u01b0\u1ee3ng v\u1eadt li\u1ec7u khi c\u1ea5p li\u1ec7u, v\u00e0 quan s\u00e1t ti\u00eau th\u1ee5 \u0111i\u1ec7n n\u0103ng, c\u0169ng nh\u01b0 ho\u1ea1t \u0111\u1ed9ng c\u1ee7a \u0111\u1ed9ng c\u01a1 b\u1ea5t c\u1ee9 l\u00fac n\u00e0o.<\/p>    <p>4. N\u1ebfu v\u1eadt li\u1ec7u qu\u00e1 \u1ea9m v\u00e0 d\u00ednh, \u1ea3nh h\u01b0\u1edfng \u0111\u1ebfn vi\u1ec7c xu\u1ea5t b\u1ed9t, v\u1eadt li\u1ec7u n\u00ean \u0111\u01b0\u1ee3c s\u1ea5y kh\u00f4 ho\u1eb7c thay th\u1ebf b\u1eb1ng l\u01b0\u1edbi d\u00e0y h\u01a1n.<\/p>    <p>5. Tr\u01b0\u1edbc khi d\u1eebng m\u00e1y, ng\u1eebng c\u1ea5p li\u1ec7u v\u00e0 \u0111\u1ec3 m\u00e1y ch\u1ea1y trong 5-20 ph\u00fat tr\u01b0\u1edbc khi t\u1eaft. M\u1ee5c \u0111\u00edch l\u00e0 gi\u1ea3m thi\u1ec3u v\u1eadt li\u1ec7u c\u00f2n l\u1ea1i.<\/p>    <h2 class=\"wp-block-heading\">\u01afu \u0111i\u1ec3m c\u1ee7a m\u00e1y nghi\u1ec1n h\u1ea1t<\/h2>    <p>1. Hi\u1ec7u qu\u1ea3 cao v\u00e0 kh\u1ea3 n\u0103ng nghi\u1ec1n m\u1ea1nh m\u1ebd.<\/p>    <p>2. \u0110\u0129a nghi\u1ec1n quay v\u1edbi t\u1ed1c \u0111\u1ed9 cao t\u1ea1o ra t\u00e1c \u0111\u1ed9ng m\u1ea1nh m\u1ebd l\u00ean c\u00e1c h\u1ea1t v\u1eadt li\u1ec7u, \u0111\u1ea3m b\u1ea3o hi\u1ec7u qu\u1ea3 nghi\u1ec1n m\u1ea1nh m\u1ebd.<\/p>    <p>3. \u0110\u1ed9 linh ho\u1ea1t cao trong qu\u00e1 tr\u00ecnh s\u1ea3n xu\u1ea5t: m\u00e1y nghi\u1ec1n b\u00faa c\u1ee7a ch\u00fang t\u00f4i c\u00f3 th\u1ec3 k\u1ebft h\u1ee3p v\u1edbi c\u00e1c m\u00e0n h\u00ecnh kh\u00e1c nhau, do \u0111\u00f3 c\u00f3 th\u1ec3 d\u00f9ng \u0111\u1ec3 nghi\u1ec1n, th\u00f4, v\u00e0 m\u1ecbn.<\/p>    <p>4. D\u1ec5 v\u1eadn h\u00e0nh, an to\u00e0n khi s\u1eed d\u1ee5ng, v\u00e0 d\u1ec5 b\u1ea3o tr\u00ec. <\/p>    <p class=\"translation-block\">5. M\u00e1y c\u00f3 t\u00ednh \u1ee9ng d\u1ee5ng r\u1ed9ng r\u00e3i, ph\u00f9 h\u1ee3p \u0111\u1ec3 <a href=\"https:\/\/www.agriculture-machine.com\/vi\/corn-grinder-machine\/\">nghi\u1ec1n ng\u00f4<\/a>, \u0111\u1eadu h\u1ee7, tinh b\u1ed9t, v\u00e0 b\u1ed9t g\u1ea1o, v\u00e0 c\u0169ng c\u00f3 th\u1ec3 \u0111\u01b0\u1ee3c s\u1eed d\u1ee5ng cho c\u00e1c ng\u00e0nh c\u00f4ng nghi\u1ec7p th\u1ef1c ph\u1ea9m kh\u00e1c. N\u00f3 c\u00f3 th\u1ec3 <a href=\"https:\/\/www.agriculture-machine.com\/vi\/corn-grits-making-machine\/\">nghi\u1ec1n ng\u00f4<\/a>, l\u00faa m\u00ec, g\u1ea1o, sorgum, \u0111\u1eadu n\u00e0nh, v\u00e0 c\u00e1c lo\u1ea1i c\u00e2y tr\u1ed3ng kh\u00e1c th\u00e0nh b\u1ed9t kh\u00f4.\u00a0<\/p>    <figure class=\"wp-block-gallery has-nested-images columns-default is-cropped wp-block-gallery-4 is-layout-flex wp-block-gallery-is-layout-flex\"> <figure class=\"wp-block-image size-large\"><img loading=\"lazy\" decoding=\"async\" width=\"720\" height=\"540\" data-id=\"11292\" src=\"https:\/\/www.agriculture-machine.com\/wp-content\/uploads\/2021\/08\/1-4.jpg\" alt=\"k\u1ebft qu\u1ea3\" class=\"wp-image-11292\" srcset=\"https:\/\/www.agriculture-machine.com\/wp-content\/uploads\/2021\/08\/1-4.jpg 720w, https:\/\/www.agriculture-machine.com\/wp-content\/uploads\/2021\/08\/1-4-360x270.jpg 360w, https:\/\/www.agriculture-machine.com\/wp-content\/uploads\/2021\/08\/1-4-240x180.jpg 240w\" sizes=\"auto, (max-width: 720px) 100vw, 720px\" \/><figcaption class=\"wp-element-caption\">k\u1ebft qu\u1ea3<\/figcaption><\/figure>    <figure class=\"wp-block-image size-large\"><img loading=\"lazy\" decoding=\"async\" width=\"720\" height=\"540\" data-id=\"11293\" src=\"https:\/\/www.agriculture-machine.com\/wp-content\/uploads\/2021\/08\/2-3.jpg\" alt=\"k\u1ebft qu\u1ea3\" class=\"wp-image-11293\" srcset=\"https:\/\/www.agriculture-machine.com\/wp-content\/uploads\/2021\/08\/2-3.jpg 720w, https:\/\/www.agriculture-machine.com\/wp-content\/uploads\/2021\/08\/2-3-360x270.jpg 360w, https:\/\/www.agriculture-machine.com\/wp-content\/uploads\/2021\/08\/2-3-240x180.jpg 240w\" sizes=\"auto, (max-width: 720px) 100vw, 720px\" \/><figcaption class=\"wp-element-caption\">k\u1ebft qu\u1ea3<\/figcaption><\/figure> <\/figure>    <h2 class=\"wp-block-heading\">B\u1ea3o tr\u00ec m\u00e1y nghi\u1ec1n h\u1ea1t<\/h2>    <p>1. Th\u01b0\u1eddng xuy\u00ean ki\u1ec3m tra v\u00f2ng bi v\u00e0 thay d\u1ea7u b\u01a1m cao t\u1ed1c \u0111\u1ec3 \u0111\u1ea3m b\u1ea3o ho\u1ea1t \u0111\u1ed9ng b\u00ecnh th\u01b0\u1eddng c\u1ee7a m\u00e1y. Th\u01b0\u1eddng xuy\u00ean ki\u1ec3m tra c\u00e1c b\u1ed9 ph\u1eadn hao m\u00f2n. N\u1ebfu c\u00f3 hao m\u00f2n nghi\u00eam tr\u1ecdng, thay th\u1ebf k\u1ecbp th\u1eddi.<\/p>    <p>2. Khi m\u00e1y \u0111ang ho\u1ea1t \u0111\u1ed9ng, n\u1ebfu t\u1ed1c \u0111\u1ed9 tr\u1ee5c gi\u1ea3m d\u1ea7n, b\u1ea1n n\u00ean \u0111i\u1ec1u ch\u1ec9nh \u0111\u1ed9ng c\u01a1 xu\u1ed1ng d\u01b0\u1edbi. Sau \u0111\u00f3, m\u00e1y c\u00f3 th\u1ec3 \u0111\u1ea1t t\u1ed1c \u0111\u1ed9 quy \u0111\u1ecbnh. N\u1ebfu c\u00f3 b\u1ea5t th\u01b0\u1eddng, m\u00e1y n\u00ean d\u1eebng \u0111\u1ec3 ki\u1ec3m tra.<\/p>    <p>3. C\u00e1c v\u1eadt li\u1ec7u kim lo\u1ea1i, nh\u01b0 \u0111inh, kh\u1ed1i s\u1eaft, v.v., b\u1ecb nghi\u00eam c\u1ea5m ch\u1ea3y v\u00e0o b\u00ean trong m\u00e1y khi m\u00e1y \u0111ang ho\u1ea1t \u0111\u1ed9ng. Sau khi c\u00f4ng vi\u1ec7c k\u1ebft th\u00fac, b\u1ea1n ph\u1ea3i l\u00e0m s\u1ea1ch c\u00e1c v\u1eadt li\u1ec7u c\u00f2n l\u1ea1i trong t\u1ea5t c\u1ea3 c\u00e1c b\u1ed9 ph\u1eadn c\u1ee7a m\u00e1y. N\u1ebfu m\u00e1y kh\u00f4ng s\u1eed d\u1ee5ng trong th\u1eddi gian d\u00e0i, c\u1ea7n lau s\u1ea1ch v\u00e0 ph\u1ee7 b\u1ea1t che.<\/p>    <h2 class=\"wp-block-heading\">Ch\u01b0\u01a1ng tr\u00ecnh n\u00e2ng cao hi\u1ec7u qu\u1ea3<\/h2>    <p>Vi\u1ec7c \u00e1p d\u1ee5ng c\u00e1c bi\u1ec7n ph\u00e1p ph\u1ee5 tr\u1ee3 c\u00f3 th\u1ec3 n\u00e2ng cao hi\u1ec7u qu\u1ea3 l\u00e0m vi\u1ec7c c\u1ee7a m\u00e1y nghi\u1ec1n. Th\u00eam h\u1ec7 th\u1ed1ng th\u00f4ng gi\u00f3 v\u00e0o qu\u00e1 tr\u00ecnh nghi\u1ec1n \u0111\u1ec3 v\u1eadt li\u1ec7u d\u1ec5 d\u00e0ng \u0111i qua l\u1ed7 m\u00e0n h\u00ecnh h\u01a1n. N\u00f3 c\u00f3 th\u1ec3 c\u1ea3i thi\u1ec7n hi\u1ec7u qu\u1ea3 s\u00e0ng l\u1ecdc c\u1ee7a m\u00e1y nghi\u1ec1n, v\u00e0 gi\u1ea3m \u00e1p l\u1ef1c trong qu\u00e1 tr\u00ecnh nghi\u1ec1n.<\/p>","protected":false},"excerpt":{"rendered":"<p>M\u00e1y nghi\u1ec1n h\u1ea1t n\u00e0y l\u00e0 m\u1ed9t lo\u1ea1i m\u00e1y nghi\u1ec1n c\u00e1c lo\u1ea1i c\u00e2y tr\u1ed3ng nh\u01b0 l\u00faa m\u00ec, g\u1ea1o, ng\u00f4, sorgum, \u0111\u1eadu n\u00e0nh, th\u00e0nh b\u1ed9t kh\u00f4.\u00a0<\/p>","protected":false},"author":1,"featured_media":11289,"parent":0,"comment_status":"closed","ping_status":"closed","template":"","tags":[2631],"product-type":[873],"class_list":["post-11285","product","type-product","status-publish","has-post-thumbnail","hentry","tag-hammer","product-type-corn-grains-grinding-equipment"],"_links":{"self":[{"href":"https:\/\/www.agriculture-machine.com\/vi\/wp-json\/wp\/v2\/product\/11285","targetHints":{"allow":["GET"]}}],"collection":[{"href":"https:\/\/www.agriculture-machine.com\/vi\/wp-json\/wp\/v2\/product"}],"about":[{"href":"https:\/\/www.agriculture-machine.com\/vi\/wp-json\/wp\/v2\/types\/product"}],"author":[{"embeddable":true,"href":"https:\/\/www.agriculture-machine.com\/vi\/wp-json\/wp\/v2\/users\/1"}],"replies":[{"embeddable":true,"href":"https:\/\/www.agriculture-machine.com\/vi\/wp-json\/wp\/v2\/comments?post=11285"}],"wp:featuredmedia":[{"embeddable":true,"href":"https:\/\/www.agriculture-machine.com\/vi\/wp-json\/wp\/v2\/media\/11289"}],"wp:attachment":[{"href":"https:\/\/www.agriculture-machine.com\/vi\/wp-json\/wp\/v2\/media?parent=11285"}],"wp:term":[{"taxonomy":"post_tag","embeddable":true,"href":"https:\/\/www.agriculture-machine.com\/vi\/wp-json\/wp\/v2\/tags?post=11285"},{"taxonomy":"product-type","embeddable":true,"href":"https:\/\/www.agriculture-machine.com\/vi\/wp-json\/wp\/v2\/product-type?post=11285"}],"curies":[{"name":"wp","href":"https:\/\/api.w.org\/{rel}","templated":true}]}}