{"id":11394,"date":"2021-09-07T14:23:39","date_gmt":"2021-09-07T06:23:39","guid":{"rendered":"https:\/\/www.agriculture-machine.com\/?p=11394"},"modified":"2026-02-25T17:31:26","modified_gmt":"2026-02-25T09:31:26","slug":"rice-miller-machine-small-household-rice-mill-rice-milling-machine","status":"publish","type":"product","link":"https:\/\/www.agriculture-machine.com\/vi\/rice-miller-machine-small-household-rice-mill-rice-milling-machine\/","title":{"rendered":"M\u00e1y xay x\u00e1t g\u1ea1o | M\u00e1y xay x\u00e1t g\u1ea1o gia \u0111\u00ecnh nh\u1ecf | M\u00e1y xay x\u00e1t g\u1ea1o"},"content":{"rendered":"<h2 class=\"wp-block-heading\" id=\"h-introduction-of-rice-miller-machine\">Gi\u1edbi thi\u1ec7u v\u1ec1 m\u00e1y xay g\u1ea1o<\/h2>    <p>M\u00e1y xay g\u1ea1o l\u00e0 m\u1ed9t thi\u1ebft b\u1ecb s\u1eed d\u1ee5ng l\u1ef1c c\u1ee7a thi\u1ebft b\u1ecb c\u01a1 kh\u00ed \u0111\u1ec3 g\u1ecdt v\u1ecf v\u00e0 l\u00e0m tr\u1eafng g\u1ea1o<\/p>    <h2 class=\"wp-block-heading\">Nguy\u00ean l\u00fd ho\u1ea1t \u0111\u1ed9ng c\u1ee7a m\u00e1y xay g\u1ea1o<\/h2>    <p>Khi g\u1ea1o l\u1ee9t ch\u1ea3y t\u1eeb ph\u1ec5u v\u00e0o bu\u1ed3ng l\u00e0m tr\u1eafng, do \u00e1p l\u1ef1c b\u00ean trong c\u1ee7a thallium \u00e9p v\u00e0 l\u1ef1c c\u01a1 h\u1ecdc, g\u1ea1o l\u1ee9t b\u1ecb \u00e9p trong bu\u1ed3ng l\u00e0m tr\u1eafng. <\/p>    <p>Sau khi ma s\u00e1t v\u00e0 ma s\u00e1t gi\u1eefa g\u1ea1o l\u1ee9t v\u00e0 b\u00e1nh xe nghi\u1ec1n, t\u1ee9c l\u00e0 c\u00f3 th\u1ec3 nhanh ch\u00f3ng lo\u1ea1i b\u1ecf l\u1edbp v\u1ecf c\u1ee7a g\u1ea1o l\u1ee9t, v\u00e0 \u0111\u1ea1t m\u1ee9c \u0111\u1ed9 tr\u1eafng tinh c\u1ee7a g\u1ea1o tr\u1eafng trong m\u1ed9t th\u1eddi gian \u0111i\u1ec1u ch\u1ec9nh nh\u1ea5t \u0111\u1ecbnh.<\/p>    <figure class=\"wp-block-embed is-type-video is-provider-youtube wp-block-embed-youtube wp-embed-aspect-4-3 wp-has-aspect-ratio\"><div class=\"wp-block-embed__wrapper\"> <iframe loading=\"lazy\" title=\"M\u00e1y xay g\u1ea1o c\u1ea3i ti\u1ebfn | M\u00e1y xay g\u1ea1o hi\u1ec7u su\u1ea5t cao |M\u00e1y xay g\u1ea1o tr\u1ef1c ti\u1ebfp t\u1eeb nh\u00e0 m\u00e1y\" width=\"500\" height=\"375\" src=\"https:\/\/www.youtube.com\/embed\/BxvKOok0_f4?feature=oembed\" frameborder=\"0\" allow=\"accelerometer; autoplay; clipboard-write; encrypted-media; gyroscope; picture-in-picture; web-share\" referrerpolicy=\"strict-origin-when-cross-origin\" allowfullscreen><\/iframe> <\/div><\/figure>    <h2 class=\"wp-block-heading\">C\u1ea5u tr\u00fac c\u1ee7a m\u00e1y xay g\u1ea1o<\/h2>    <p>M\u00e1y xay g\u1ea1o bao g\u1ed3m m\u1ed9t ph\u1ec5u, bu\u1ed3ng xay g\u1ea1o, c\u1eeda x\u1ea3 v\u00e0 tay ch\u1ec9nh, v.v.<\/p>    <h2 class=\"wp-block-heading\">\u01afu \u0111i\u1ec3m c\u1ee7a m\u00e1y xay g\u1ea1o<\/h2>    <p>M\u00e1y xay g\u1ea1o c\u00f3 c\u1ea5u tr\u00fac nh\u1ecf g\u1ecdn v\u00e0 h\u00ecnh th\u1ee9c \u0111\u1eb9p m\u1eaft. V\u00e0 k\u00edch th\u01b0\u1edbc nh\u1ecf d\u1ec5 di chuy\u1ec3n. Ti\u00eau th\u1ee5 n\u0103ng l\u01b0\u1ee3ng th\u1ea5p h\u01a1n s\u1ebd c\u00f3 tu\u1ed5i th\u1ecd d\u00e0i h\u01a1n. D\u1ec5 v\u1eadn h\u00e0nh v\u00e0 b\u1ea3o tr\u00ec. B\u00ean c\u1ea1nh \u0111\u00f3, c\u00f3 th\u1ec3 x\u1eed l\u00fd nhi\u1ec1u lo\u1ea1i g\u1ea1o kh\u00e1c nhau \u0111\u1ec3 t\u00e1ch v\u1ecf tr\u1ea5u v\u00e0 c\u00e1m g\u1ea1o. <\/p>    <p>Th\u00f4ng th\u01b0\u1eddng, t\u1ef7 l\u1ec7 thu ho\u1ea1ch g\u1ea1o c\u1ee7a g\u1ea1o \u0111\u1ea1t h\u01a1n 95%, v\u00e0 t\u1ef7 l\u1ec7 g\u1ea1o v\u1ee5n th\u1ea5p. V\u00ec v\u1eady, g\u1ea1o th\u00e0nh ph\u1ea9m sau khi xay x\u00e1t s\u00e1ng b\u00f3ng, tr\u1eafng, th\u01a1m v\u00e0 r\u1ea5t ngon. C\u00e1c m\u00e1y xay g\u1ea1o gia \u0111\u00ecnh nh\u1ecf c\u0169ng c\u00f3 th\u1ec3 d\u00f9ng \u0111\u1ec3 t\u00e1ch v\u1ecf ng\u00f4, l\u00faa m\u00ec, l\u00faa m\u1ea1ch, \u0111\u1eadu xanh, ki\u1ec1u m\u1ea1ch v\u00e0 c\u00e0 ph\u00ea. <\/p>    <p>Thus, it becomes a good machine for individual households, urban supermarkets, grain shops, farmers&#8217; markets, etc., for on-site processing.<\/p>    <h2 class=\"wp-block-heading\">C\u00e1c m\u1eabu c\u1ee7a m\u00e1y xay g\u1ea1o <\/h2>    <p>B\u00e2y gi\u1edd ch\u00fang t\u00f4i c\u00f3 ba lo\u1ea1i m\u00e1y xay g\u1ea1o kh\u00e1c nhau, \u0111\u00f3 l\u00e0 m\u1eabu c\u01a1 b\u1ea3n, m\u1eabu \u0111\u01b0\u1ee3c n\u00e2ng c\u1ea5p v\u00e0 m\u1eabu m\u1edbi nh\u1ea5t.<\/p>    <p>The basic model can meet daily production needs, but the upgraded model has been upgraded in color and function. The broken rice rate is low, so the rice milling efficiency is higher, and the performance is better. What&#8217;s more, the latest model adds the stone removal function compared to the upgraded model. <\/p>    <p>B\u1edfi v\u00ec m\u1ed9t khi c\u00e1c v\u1eadt c\u1ee9ng nh\u01b0 \u0111\u00e1, kh\u1ed1i s\u1eaft l\u1ecdt v\u00e0o ph\u00f2ng xay g\u1ea1o, s\u1ebd g\u00e2y h\u01b0 h\u1ecfng kh\u00f4ng th\u1ec3 ph\u1ee5c h\u1ed3i c\u00e1c b\u1ed9 ph\u1eadn ho\u1ea1t \u0111\u1ed9ng c\u1ee7a ph\u00f2ng xay g\u1ea1o, t\u1eeb \u0111\u00f3 gi\u1ea3m tu\u1ed5i th\u1ecd c\u1ee7a m\u00e1y xay g\u1ea1o. <\/p>    <p>Do \u0111\u00f3, vi\u1ec7c t\u0103ng c\u00e1c b\u1ed9 ph\u1eadn lo\u1ea1i b\u1ecf \u0111\u00e1 c\u1ee7a m\u00e1y xay g\u1ea1o m\u1edbi nh\u1ea5t c\u00f3 th\u1ec3 gi\u1ea3m thi\u1ec3u lo\u1ea1i h\u01b0 h\u1ecfng n\u00e0y v\u00e0 k\u00e9o d\u00e0i tu\u1ed5i th\u1ecd c\u1ee7a n\u00f3. \u0110\u1ed3ng th\u1eddi, s\u1ebd l\u00e0m cho g\u1ea1o \u0111\u00e3 xay tr\u1edf n\u00ean trong su\u1ed1t v\u00e0 tr\u1eafng h\u01a1n.<\/p>    <h3 class=\"wp-block-heading\">M\u1eabu c\u01a1 b\u1ea3n<\/h3>    <figure class=\"wp-block-gallery has-nested-images columns-2 is-cropped wp-block-gallery-2 is-layout-flex wp-block-gallery-is-layout-flex\"> <figure class=\"wp-block-image size-large\"><a href=\"https:\/\/www.agriculture-machine.com\/wp-content\/uploads\/2021\/09\/the-basic-model-rice-miller-machine-40x.jpg\"><img loading=\"lazy\" decoding=\"async\" width=\"720\" height=\"540\" data-id=\"11410\" src=\"https:\/\/www.agriculture-machine.com\/wp-content\/uploads\/2021\/09\/the-basic-model-rice-miller-machine-40x.jpg\" alt=\"m\u1eabu-c\u01a1-b\u1ea3n-c\u1ee7a-m\u00e1y-xay-g\u1ea1o-40x\" class=\"wp-image-11410\" srcset=\"https:\/\/www.agriculture-machine.com\/wp-content\/uploads\/2021\/09\/the-basic-model-rice-miller-machine-40x.jpg 720w, https:\/\/www.agriculture-machine.com\/wp-content\/uploads\/2021\/09\/the-basic-model-rice-miller-machine-40x-360x270.jpg 360w, https:\/\/www.agriculture-machine.com\/wp-content\/uploads\/2021\/09\/the-basic-model-rice-miller-machine-40x-240x180.jpg 240w\" sizes=\"auto, (max-width: 720px) 100vw, 720px\" \/><\/a><figcaption class=\"wp-element-caption\">m\u1eabu-c\u01a1-b\u1ea3n-c\u1ee7a-m\u00e1y-xay-g\u1ea1o-40x<\/figcaption><\/figure>    <figure class=\"wp-block-image size-large\"><a href=\"https:\/\/www.agriculture-machine.com\/wp-content\/uploads\/2021\/09\/the-basic-model-rice-mill-40B.jpg\"><img loading=\"lazy\" decoding=\"async\" width=\"720\" height=\"540\" data-id=\"11409\" src=\"https:\/\/www.agriculture-machine.com\/wp-content\/uploads\/2021\/09\/the-basic-model-rice-mill-40B.jpg\" alt=\"M\u00e1y xay g\u1ea1o 40B m\u1eabu c\u01a1 b\u1ea3n\" class=\"wp-image-11409\" srcset=\"https:\/\/www.agriculture-machine.com\/wp-content\/uploads\/2021\/09\/the-basic-model-rice-mill-40B.jpg 720w, https:\/\/www.agriculture-machine.com\/wp-content\/uploads\/2021\/09\/the-basic-model-rice-mill-40B-360x270.jpg 360w, https:\/\/www.agriculture-machine.com\/wp-content\/uploads\/2021\/09\/the-basic-model-rice-mill-40B-240x180.jpg 240w\" sizes=\"auto, (max-width: 720px) 100vw, 720px\" \/><\/a><figcaption class=\"wp-element-caption\">M\u00e1y xay g\u1ea1o 40B m\u1eabu c\u01a1 b\u1ea3n<\/figcaption><\/figure>    <figure class=\"wp-block-image size-large\"><a href=\"https:\/\/www.agriculture-machine.com\/wp-content\/uploads\/2021\/09\/The-basic-model-rice-milling-machine-80.jpg\"><img loading=\"lazy\" decoding=\"async\" width=\"720\" height=\"540\" data-id=\"11411\" src=\"https:\/\/www.agriculture-machine.com\/wp-content\/uploads\/2021\/09\/The-basic-model-rice-milling-machine-80.jpg\" alt=\"M\u00e1y xay g\u1ea1o m\u1eabu c\u01a1 b\u1ea3n 80\" class=\"wp-image-11411\" srcset=\"https:\/\/www.agriculture-machine.com\/wp-content\/uploads\/2021\/09\/The-basic-model-rice-milling-machine-80.jpg 720w, https:\/\/www.agriculture-machine.com\/wp-content\/uploads\/2021\/09\/The-basic-model-rice-milling-machine-80-360x270.jpg 360w, https:\/\/www.agriculture-machine.com\/wp-content\/uploads\/2021\/09\/The-basic-model-rice-milling-machine-80-240x180.jpg 240w\" sizes=\"auto, (max-width: 720px) 100vw, 720px\" \/><\/a><figcaption class=\"wp-element-caption\">M\u00e1y xay g\u1ea1o m\u1eabu c\u01a1 b\u1ea3n 80<\/figcaption><\/figure>    <figure class=\"wp-block-image size-large\"><a href=\"https:\/\/www.agriculture-machine.com\/wp-content\/uploads\/2021\/09\/the-basic-model-Direct-connected-rice-mill.jpg\"><img loading=\"lazy\" decoding=\"async\" width=\"720\" height=\"540\" data-id=\"11408\" src=\"https:\/\/www.agriculture-machine.com\/wp-content\/uploads\/2021\/09\/the-basic-model-Direct-connected-rice-mill.jpg\" alt=\"M\u00e1y xay tr\u1ef1c ti\u1ebfp k\u1ebft n\u1ed1i m\u1eabu c\u01a1 b\u1ea3n\" class=\"wp-image-11408\" srcset=\"https:\/\/www.agriculture-machine.com\/wp-content\/uploads\/2021\/09\/the-basic-model-Direct-connected-rice-mill.jpg 720w, https:\/\/www.agriculture-machine.com\/wp-content\/uploads\/2021\/09\/the-basic-model-Direct-connected-rice-mill-360x270.jpg 360w, https:\/\/www.agriculture-machine.com\/wp-content\/uploads\/2021\/09\/the-basic-model-Direct-connected-rice-mill-240x180.jpg 240w\" sizes=\"auto, (max-width: 720px) 100vw, 720px\" \/><\/a><figcaption class=\"wp-element-caption\">M\u00e1y xay tr\u1ef1c ti\u1ebfp k\u1ebft n\u1ed1i m\u1eabu c\u01a1 b\u1ea3n<\/figcaption><\/figure> <\/figure>    <h3 class=\"wp-block-heading\">M\u1eabu \u0111\u01b0\u1ee3c n\u00e2ng c\u1ea5p<\/h3>    <figure class=\"wp-block-gallery has-nested-images columns-default is-cropped wp-block-gallery-3 is-layout-flex wp-block-gallery-is-layout-flex\"> <figure class=\"wp-block-image size-large\"><a href=\"https:\/\/www.agriculture-machine.com\/wp-content\/uploads\/2021\/09\/The-upgraded-model-rice-mill.jpg\"><img loading=\"lazy\" decoding=\"async\" width=\"720\" height=\"540\" data-id=\"11415\" src=\"https:\/\/www.agriculture-machine.com\/wp-content\/uploads\/2021\/09\/The-upgraded-model-rice-mill.jpg\" alt=\"M\u1eabu \u0111\u01b0\u1ee3c n\u00e2ng c\u1ea5p c\u1ee7a m\u00e1y xay g\u1ea1o\" class=\"wp-image-11415\" srcset=\"https:\/\/www.agriculture-machine.com\/wp-content\/uploads\/2021\/09\/The-upgraded-model-rice-mill.jpg 720w, https:\/\/www.agriculture-machine.com\/wp-content\/uploads\/2021\/09\/The-upgraded-model-rice-mill-360x270.jpg 360w, https:\/\/www.agriculture-machine.com\/wp-content\/uploads\/2021\/09\/The-upgraded-model-rice-mill-240x180.jpg 240w\" sizes=\"auto, (max-width: 720px) 100vw, 720px\" \/><\/a><figcaption class=\"wp-element-caption\">M\u1eabu \u0111\u01b0\u1ee3c n\u00e2ng c\u1ea5p c\u1ee7a m\u00e1y xay g\u1ea1o<\/figcaption><\/figure>    <figure class=\"wp-block-image size-large\"><a href=\"https:\/\/www.agriculture-machine.com\/wp-content\/uploads\/2021\/09\/Upgraded-rice-mill-with-grinding-and-refining-function.jpg\"><img loading=\"lazy\" decoding=\"async\" width=\"720\" height=\"540\" data-id=\"11416\" src=\"https:\/\/www.agriculture-machine.com\/wp-content\/uploads\/2021\/09\/Upgraded-rice-mill-with-grinding-and-refining-function.jpg\" alt=\"M\u00e1y xay n\u00e2ng c\u1ea5p v\u1edbi ch\u1ee9c n\u0103ng nghi\u1ec1n v\u00e0 tinh luy\u1ec7n\" class=\"wp-image-11416\" srcset=\"https:\/\/www.agriculture-machine.com\/wp-content\/uploads\/2021\/09\/Upgraded-rice-mill-with-grinding-and-refining-function.jpg 720w, https:\/\/www.agriculture-machine.com\/wp-content\/uploads\/2021\/09\/Upgraded-rice-mill-with-grinding-and-refining-function-360x270.jpg 360w, https:\/\/www.agriculture-machine.com\/wp-content\/uploads\/2021\/09\/Upgraded-rice-mill-with-grinding-and-refining-function-240x180.jpg 240w\" sizes=\"auto, (max-width: 720px) 100vw, 720px\" \/><\/a><figcaption class=\"wp-element-caption\">M\u00e1y xay n\u00e2ng c\u1ea5p v\u1edbi ch\u1ee9c n\u0103ng nghi\u1ec1n v\u00e0 tinh luy\u1ec7n<\/figcaption><\/figure> <\/figure>    <h3 class=\"wp-block-heading\">M\u1eabu m\u1edbi nh\u1ea5t<\/h3>    <figure class=\"wp-block-gallery has-nested-images columns-default is-cropped wp-block-gallery-4 is-layout-flex wp-block-gallery-is-layout-flex\"> <figure class=\"wp-block-image size-large\"><a href=\"https:\/\/www.agriculture-machine.com\/wp-content\/uploads\/2021\/09\/The-latest-model-rice-mill-with-stone-remover.jpg\"><img loading=\"lazy\" decoding=\"async\" width=\"720\" height=\"540\" data-id=\"11417\" src=\"https:\/\/www.agriculture-machine.com\/wp-content\/uploads\/2021\/09\/The-latest-model-rice-mill-with-stone-remover.jpg\" alt=\"M\u00e1y xay g\u1ea1o m\u1edbi nh\u1ea5t v\u1edbi ch\u1ee9c n\u0103ng lo\u1ea1i b\u1ecf \u0111\u00e1\" class=\"wp-image-11417\" srcset=\"https:\/\/www.agriculture-machine.com\/wp-content\/uploads\/2021\/09\/The-latest-model-rice-mill-with-stone-remover.jpg 720w, https:\/\/www.agriculture-machine.com\/wp-content\/uploads\/2021\/09\/The-latest-model-rice-mill-with-stone-remover-360x270.jpg 360w, https:\/\/www.agriculture-machine.com\/wp-content\/uploads\/2021\/09\/The-latest-model-rice-mill-with-stone-remover-240x180.jpg 240w\" sizes=\"auto, (max-width: 720px) 100vw, 720px\" \/><\/a><figcaption class=\"wp-element-caption\">M\u00e1y xay g\u1ea1o m\u1edbi nh\u1ea5t v\u1edbi ch\u1ee9c n\u0103ng lo\u1ea1i b\u1ecf \u0111\u00e1<\/figcaption><\/figure>    <figure class=\"wp-block-image size-large\"><a href=\"https:\/\/www.agriculture-machine.com\/wp-content\/uploads\/2021\/09\/The-latest-model-rice-milling-machine-with-stone-remover.jpg\"><img loading=\"lazy\" decoding=\"async\" width=\"720\" height=\"540\" data-id=\"11413\" src=\"https:\/\/www.agriculture-machine.com\/wp-content\/uploads\/2021\/09\/The-latest-model-rice-milling-machine-with-stone-remover.jpg\" alt=\"M\u00e1y xay g\u1ea1o m\u1edbi nh\u1ea5t v\u1edbi ch\u1ee9c n\u0103ng lo\u1ea1i tr\u1eeb \u0111\u00e1\" class=\"wp-image-11413\" srcset=\"https:\/\/www.agriculture-machine.com\/wp-content\/uploads\/2021\/09\/The-latest-model-rice-milling-machine-with-stone-remover.jpg 720w, https:\/\/www.agriculture-machine.com\/wp-content\/uploads\/2021\/09\/The-latest-model-rice-milling-machine-with-stone-remover-360x270.jpg 360w, https:\/\/www.agriculture-machine.com\/wp-content\/uploads\/2021\/09\/The-latest-model-rice-milling-machine-with-stone-remover-240x180.jpg 240w\" sizes=\"auto, (max-width: 720px) 100vw, 720px\" \/><\/a><figcaption class=\"wp-element-caption\">M\u00e1y xay g\u1ea1o m\u1edbi nh\u1ea5t v\u1edbi ch\u1ee9c n\u0103ng lo\u1ea1i tr\u1eeb \u0111\u00e1<\/figcaption><\/figure> <\/figure>    <h2 class=\"wp-block-heading\" id=\"h-working-video-of-rice-mill\">Video l\u00e0m vi\u1ec7c c\u1ee7a m\u00e1y xay g\u1ea1o<\/h2>    <figure class=\"wp-block-embed is-type-video is-provider-youtube wp-block-embed-youtube wp-embed-aspect-4-3 wp-has-aspect-ratio\"><div class=\"wp-block-embed__wrapper\"> <iframe loading=\"lazy\" title=\"M\u00e1y xay g\u1ea1o ch\u1ea1y b\u1eb1ng x\u0103ng|m\u00e1y xay g\u1ea1o c\u00f4ng su\u1ea5t cao| m\u00e1y xay g\u1ea1o |M\u00e1y xay g\u1ea1o hi\u1ec7u su\u1ea5t cao\" width=\"500\" height=\"375\" src=\"https:\/\/www.youtube.com\/embed\/qViU3o8LdnQ?feature=oembed\" frameborder=\"0\" allow=\"accelerometer; autoplay; clipboard-write; encrypted-media; gyroscope; picture-in-picture; web-share\" referrerpolicy=\"strict-origin-when-cross-origin\" allowfullscreen><\/iframe> <\/div><\/figure>    <h2 class=\"wp-block-heading\">Th\u00f4ng s\u1ed1 c\u1ee7a m\u00e1y xay g\u1ea1o<\/h2>    <figure class=\"wp-block-table\"><table><tbody><tr><td>M\u1eabu <\/td><td>M\u00e1y xay g\u1ea1o lo\u1ea1i 80<\/td><\/tr><tr><td>T\u1ed1c \u0111\u1ed9 tr\u1ee5c ch\u00ednh <\/td><td>1600r\/ph<\/td><\/tr><tr><td>\u0110\u01b0\u1eddng k\u00ednh tr\u1ee5c \u0111o<\/td><td>80mm<\/td><\/tr><tr><td>N\u0103ng su\u1ea5t<\/td><td>\u2265150kg\/h<\/td><\/tr><tr><td>T\u1ec9 l\u1ec7 g\u1ea1o xu\u1ea5t<\/td><td>\u226565%<\/td><\/tr><tr><td>T\u1ec9 l\u1ec7 g\u1ea1o m\u1ea3y<\/td><td>\u226430%<\/td><\/tr><tr><td>Ti\u00eau th\u1ee5 \u0111i\u1ec7n n\u0103ng tr\u00ean m\u1ed7i t\u1ea5n nguy\u00ean li\u1ec7u <\/td><td>\u226412KW.h\/t<\/td><\/tr><tr><td>\u0110i\u1ec7n \u00e1p<\/td><td>220v<\/td><\/tr><tr><td>C\u00f4ng su\u1ea5t \u0111\u1ecbnh m\u1ee9c <\/td><td>2.2KW<\/td><\/tr><tr><td>Ph\u1ee5 ki\u1ec7n <\/td><td>K\u1ebft n\u1ed1i D\u1ee5c v\u00e0o Bu\u1ed3ng Nh\u1eadp v\u00e0 L\u1ef1c qu\u1ea1t V-belt<\/td><\/tr><tr><td>K\u00edch th\u01b0\u1edbc (mm) <\/td><td>670x400x1090<\/td><\/tr><tr><td>K\u00edch th\u01b0\u1edbc \u0111\u00f3ng g\u00f3i (mm) <\/td><td>K\u00edch th\u01b0\u1edbc \u0111\u00f3ng g\u00f3i 590x660x340<\/td><\/tr><tr><td>Tr\u1ecdng l\u01b0\u1ee3ng<\/td><td>30kg<\/td><\/tr><\/tbody><\/table><\/figure>    <h2 class=\"wp-block-heading\">C\u00e1c c\u1ea5u h\u00ecnh kh\u00e1c nhau c\u1ee7a m\u00e1y xay g\u1ea1o<\/h2>    <p>B\u1ea1n c\u0169ng c\u00f3 th\u1ec3 th\u00eam m\u1ed9t thi\u1ebft b\u1ecb lo\u1ea1i b\u1ecf b\u1ee5i Shakron v\u00e0 thi\u1ebft b\u1ecb c\u1ea5p li\u1ec7u t\u1ef1 h\u00fat theo nhu c\u1ea7u c\u1ee7a b\u1ea1n. Ngo\u00e0i ra, n\u1ebfu ngu\u1ed3n \u0111i\u1ec7n kh\u00f4ng thu\u1eadn l\u1ee3i, n\u00f3 c\u0169ng c\u00f3 th\u1ec3 \u0111\u01b0\u1ee3c trang b\u1ecb v\u1edbi \u0111\u1ed9ng c\u01a1 x\u0103ng.<\/p>    <figure class=\"wp-block-gallery has-nested-images columns-default is-cropped wp-block-gallery-5 is-layout-flex wp-block-gallery-is-layout-flex\"> <figure class=\"wp-block-image size-large\"><a href=\"https:\/\/www.agriculture-machine.com\/wp-content\/uploads\/2021\/09\/Rice-mill-with-Shacron-dust-removal-device.jpg\"><img loading=\"lazy\" decoding=\"async\" width=\"720\" height=\"540\" data-id=\"11418\" src=\"https:\/\/www.agriculture-machine.com\/wp-content\/uploads\/2021\/09\/Rice-mill-with-Shacron-dust-removal-device.jpg\" alt=\"M\u00e1y xay g\u1ea1o v\u1edbi thi\u1ebft b\u1ecb lo\u1ea1i b\u1ecf b\u1ee5i Shakron\" class=\"wp-image-11418\" srcset=\"https:\/\/www.agriculture-machine.com\/wp-content\/uploads\/2021\/09\/Rice-mill-with-Shacron-dust-removal-device.jpg 720w, https:\/\/www.agriculture-machine.com\/wp-content\/uploads\/2021\/09\/Rice-mill-with-Shacron-dust-removal-device-360x270.jpg 360w, https:\/\/www.agriculture-machine.com\/wp-content\/uploads\/2021\/09\/Rice-mill-with-Shacron-dust-removal-device-240x180.jpg 240w\" sizes=\"auto, (max-width: 720px) 100vw, 720px\" \/><\/a><figcaption class=\"wp-element-caption\">M\u00e1y xay g\u1ea1o c\u00f3 thi\u1ebft b\u1ecb lo\u1ea1i b\u1ecf b\u1ee5i Shackron<\/figcaption><\/figure> <\/figure>","protected":false},"excerpt":{"rendered":"<p>Introduction of rice miller machine The rice miller machine is a device that uses the force of mechanical equipment to peel and whitens brown rice. Working principle of the rice miller machine When the brown rice flows from the hopper into the whitening chamber, due to the internal pressure of the pressing thallium and the [&hellip;]<\/p>\n","protected":false},"author":1,"featured_media":11421,"parent":0,"comment_status":"closed","ping_status":"closed","template":"","tags":[796],"product-type":[875],"class_list":["post-11394","product","type-product","status-publish","has-post-thumbnail","hentry","tag-rice","product-type-rice-mill-category"],"_links":{"self":[{"href":"https:\/\/www.agriculture-machine.com\/vi\/wp-json\/wp\/v2\/product\/11394","targetHints":{"allow":["GET"]}}],"collection":[{"href":"https:\/\/www.agriculture-machine.com\/vi\/wp-json\/wp\/v2\/product"}],"about":[{"href":"https:\/\/www.agriculture-machine.com\/vi\/wp-json\/wp\/v2\/types\/product"}],"author":[{"embeddable":true,"href":"https:\/\/www.agriculture-machine.com\/vi\/wp-json\/wp\/v2\/users\/1"}],"replies":[{"embeddable":true,"href":"https:\/\/www.agriculture-machine.com\/vi\/wp-json\/wp\/v2\/comments?post=11394"}],"wp:featuredmedia":[{"embeddable":true,"href":"https:\/\/www.agriculture-machine.com\/vi\/wp-json\/wp\/v2\/media\/11421"}],"wp:attachment":[{"href":"https:\/\/www.agriculture-machine.com\/vi\/wp-json\/wp\/v2\/media?parent=11394"}],"wp:term":[{"taxonomy":"post_tag","embeddable":true,"href":"https:\/\/www.agriculture-machine.com\/vi\/wp-json\/wp\/v2\/tags?post=11394"},{"taxonomy":"product-type","embeddable":true,"href":"https:\/\/www.agriculture-machine.com\/vi\/wp-json\/wp\/v2\/product-type?post=11394"}],"curies":[{"name":"wp","href":"https:\/\/api.w.org\/{rel}","templated":true}]}}