{"id":11439,"date":"2021-09-10T11:36:56","date_gmt":"2021-09-10T03:36:56","guid":{"rendered":"https:\/\/www.agriculture-machine.com\/?p=11439"},"modified":"2024-09-18T15:52:14","modified_gmt":"2024-09-18T07:52:14","slug":"combined-rice-mill-rice-milling-and-crushing-machine","status":"publish","type":"product","link":"https:\/\/www.agriculture-machine.com\/vi\/combined-rice-mill-rice-milling-and-crushing-machine\/","title":{"rendered":"M\u00e1y xay x\u00e1t g\u1ea1o k\u1ebft h\u1ee3p | M\u00e1y xay x\u00e1t v\u00e0 nghi\u1ec1n g\u1ea1o"},"content":{"rendered":"<h2 class=\"wp-block-heading\" id=\"h-introduction-of-rice-milling-and-crushing-combined-machine\">Gi\u1edbi thi\u1ec7u v\u1ec1 m\u00e1y xay g\u1ea1o v\u00e0 nghi\u1ec1n g\u1ea1o k\u1ebft h\u1ee3p<\/h2>    <p>M\u00e1y xay g\u1ea1o k\u1ebft h\u1ee3p th\u00eam b\u1ed9 nghi\u1ec1n \u0111\u1ec3 m\u00e1y c\u00f3 hai ch\u1ee9c n\u0103ng kh\u00e1c nhau. Nh\u1edd \u0111\u00f3, kh\u00f4ng ch\u1ec9 c\u00f3 th\u1ec3 s\u1eed d\u1ee5ng m\u1ed9t m\u00e1y cho nhi\u1ec1u m\u1ee5c \u0111\u00edch, m\u00e0 c\u00f2n gi\u1ea3m chi ph\u00ed s\u1ea3n xu\u1ea5t c\u1ee7a kh\u00e1ch h\u00e0ng.<\/p>    <figure class=\"wp-block-embed is-type-video is-provider-youtube wp-block-embed-youtube wp-embed-aspect-16-9 wp-has-aspect-ratio\"><div class=\"wp-block-embed__wrapper\"> <iframe loading=\"lazy\" title=\"M\u00e1y xay v\u00e0 nghi\u1ec1n g\u1ea1o d\u1ea1ng t\u1ee7 | M\u00e1y xay g\u1ea1o k\u1ebft h\u1ee3p d\u1ec5 l\u01b0u tr\u1eef\" width=\"500\" height=\"281\" src=\"https:\/\/www.youtube.com\/embed\/Tc7TcedbRMQ?feature=oembed\" frameborder=\"0\" allow=\"accelerometer; autoplay; clipboard-write; encrypted-media; gyroscope; picture-in-picture; web-share\" referrerpolicy=\"strict-origin-when-cross-origin\" allowfullscreen><\/iframe> <\/div><figcaption class=\"wp-element-caption\">\u0110\u1ecba \u0111i\u1ec3m l\u00e0m vi\u1ec7c c\u1ee7a m\u00e1y xay g\u1ea1o k\u1ebft h\u1ee3p<\/figcaption><\/figure>    <p class=\"translation-block\">\u0110\u1ed3ng th\u1eddi, hai m\u00e1y s\u1eed d\u1ee5ng m\u1ed9t \u0111\u1ed9ng c\u01a1, hi\u1ec7u qu\u1ea3 h\u01a1n. Ph\u00f9 h\u1ee3p \u0111\u1ec3 nghi\u1ec1n ng\u00f4, \u0111\u1eadu n\u00e0nh, ti\u00eau, d\u01b0\u1ee3c li\u1ec7u, gia v\u1ecb, vv. Do \u0111\u00f3 <a href=\"https:\/\/www.agriculture-machine.com\/vi\/uses-and-maintenance-of-rice-mill-machine\/\">\u0111\u01b0\u1ee3c s\u1eed d\u1ee5ng r\u1ed9ng r\u00e3i<\/a> trong c\u00e1c nh\u00e0 m\u00e1y, h\u1ed9 gia \u0111\u00ecnh n\u00f4ng th\u00f4n, nh\u00e0 m\u00e1y ch\u1ebf bi\u1ebfn th\u1ee9c \u0103n ch\u0103n nu\u00f4i, doanh nghi\u1ec7p nh\u1ecf v\u00e0 c\u00e1c n\u01a1i kh\u00e1c. Ngo\u00e0i ra, kh\u00e1ch h\u00e0ng c\u00f3 th\u1ec3 ch\u1ecdn c\u00e1c m\u1eabu m\u00e3 v\u00e0 c\u00f4ng su\u1ea5t kh\u00e1c nhau ph\u00f9 h\u1ee3p v\u1edbi nhu c\u1ea7u c\u1ee7a m\u00ecnh.<\/p>    <h2 class=\"wp-block-heading\">C\u1ea5u tr\u00fac c\u1ee7a m\u00e1y xay v\u00e0 nghi\u1ec1n g\u1ea1o k\u1ebft h\u1ee3p<\/h2>    <p>M\u00e1y ch\u1ee7 y\u1ebfu g\u1ed3m b\u1ed1n ph\u1ea7n: m\u00e1y xay g\u1ea1o, m\u00e1y nghi\u1ec1n, \u0111\u1ed9ng c\u01a1 v\u00e0 khung. M\u00e1y xay g\u1ea1o k\u1ebft h\u1ee3p g\u1ed3m c\u00f3 n\u1eafp m\u00e1y, cu\u1ed9n g\u1ea1o, s\u00e0ng g\u1ea1o, l\u01b0\u1ee1i dao, b\u1ed9 c\u1ea5p li\u1ec7u, b\u1ed9 t\u00e1ch, b\u00e1nh \u0111\u00e0 v\u00e0 thi\u1ebft b\u1ecb \u0111i\u1ec1u ch\u1ec9nh. M\u00e1y nghi\u1ec1n g\u1ed3m c\u00f3 ph\u1ec5u c\u1ea5p li\u1ec7u, bu\u1ed3ng nghi\u1ec1n, c\u1eeda x\u1ea3, khung v\u00e0 c\u00e1c b\u1ed9 ph\u1eadn kh\u00e1c.<\/p>    <figure class=\"wp-block-gallery has-nested-images columns-2 is-cropped wp-block-gallery-2 is-layout-flex wp-block-gallery-is-layout-flex\"> <figure class=\"wp-block-image size-large\"><a href=\"https:\/\/www.agriculture-machine.com\/wp-content\/uploads\/2021\/09\/structure-of-the-rice-mill-part-of-the-combined-rice-mill.jpg\"><img loading=\"lazy\" decoding=\"async\" width=\"720\" height=\"540\" data-id=\"11445\" src=\"https:\/\/www.agriculture-machine.com\/wp-content\/uploads\/2021\/09\/structure-of-the-rice-mill-part-of-the-combined-rice-mill.jpg\" alt=\"C\u1ea5u tr\u00fac c\u1ee7a ph\u1ea7n xay g\u1ea1o c\u1ee7a m\u00e1y xay g\u1ea1o k\u1ebft h\u1ee3p\" class=\"wp-image-11445\" srcset=\"https:\/\/www.agriculture-machine.com\/wp-content\/uploads\/2021\/09\/structure-of-the-rice-mill-part-of-the-combined-rice-mill.jpg 720w, https:\/\/www.agriculture-machine.com\/wp-content\/uploads\/2021\/09\/structure-of-the-rice-mill-part-of-the-combined-rice-mill-360x270.jpg 360w, https:\/\/www.agriculture-machine.com\/wp-content\/uploads\/2021\/09\/structure-of-the-rice-mill-part-of-the-combined-rice-mill-240x180.jpg 240w\" sizes=\"auto, (max-width: 720px) 100vw, 720px\" \/><\/a><figcaption class=\"wp-element-caption\">m\u00e1y xay g\u1ea1o k\u1ebft h\u1ee3p<\/figcaption><\/figure>    <figure class=\"wp-block-image size-large\"><a href=\"https:\/\/www.agriculture-machine.com\/wp-content\/uploads\/2021\/09\/structure-of-the-rice-mill-part-of-the-rice-milling-and-crushing-machine.jpg\"><img loading=\"lazy\" decoding=\"async\" width=\"720\" height=\"540\" data-id=\"11446\" src=\"https:\/\/www.agriculture-machine.com\/wp-content\/uploads\/2021\/09\/structure-of-the-rice-mill-part-of-the-rice-milling-and-crushing-machine.jpg\" alt=\"C\u1ea5u tr\u00fac c\u1ee7a ph\u1ea7n xay g\u1ea1o c\u1ee7a m\u00e1y xay g\u1ea1o k\u1ebft h\u1ee3p\" class=\"wp-image-11446\" srcset=\"https:\/\/www.agriculture-machine.com\/wp-content\/uploads\/2021\/09\/structure-of-the-rice-mill-part-of-the-rice-milling-and-crushing-machine.jpg 720w, https:\/\/www.agriculture-machine.com\/wp-content\/uploads\/2021\/09\/structure-of-the-rice-mill-part-of-the-rice-milling-and-crushing-machine-360x270.jpg 360w, https:\/\/www.agriculture-machine.com\/wp-content\/uploads\/2021\/09\/structure-of-the-rice-mill-part-of-the-rice-milling-and-crushing-machine-240x180.jpg 240w\" sizes=\"auto, (max-width: 720px) 100vw, 720px\" \/><\/a><figcaption class=\"wp-element-caption\">M\u00e1y xay g\u1ea1o<\/figcaption><\/figure>    <figure class=\"wp-block-image size-large\"><a href=\"https:\/\/www.agriculture-machine.com\/wp-content\/uploads\/2021\/09\/structure-of-the-crushing-part-of-the-combined-rice-mill-1.jpg\"><img loading=\"lazy\" decoding=\"async\" width=\"720\" height=\"540\" data-id=\"11449\" src=\"https:\/\/www.agriculture-machine.com\/wp-content\/uploads\/2021\/09\/structure-of-the-crushing-part-of-the-combined-rice-mill-1.jpg\" alt=\"C\u1ea5u tr\u00fac c\u1ee7a ph\u1ea7n nghi\u1ec1n c\u1ee7a m\u00e1y xay g\u1ea1o k\u1ebft h\u1ee3p 1\" class=\"wp-image-11449\" srcset=\"https:\/\/www.agriculture-machine.com\/wp-content\/uploads\/2021\/09\/structure-of-the-crushing-part-of-the-combined-rice-mill-1.jpg 720w, https:\/\/www.agriculture-machine.com\/wp-content\/uploads\/2021\/09\/structure-of-the-crushing-part-of-the-combined-rice-mill-1-360x270.jpg 360w, https:\/\/www.agriculture-machine.com\/wp-content\/uploads\/2021\/09\/structure-of-the-crushing-part-of-the-combined-rice-mill-1-240x180.jpg 240w\" sizes=\"auto, (max-width: 720px) 100vw, 720px\" \/><\/a><figcaption class=\"wp-element-caption\">M\u00e1y x\u1eed l\u00fd g\u1ea1o l\u00faa<\/figcaption><\/figure>    <figure class=\"wp-block-image size-large\"><a href=\"https:\/\/www.agriculture-machine.com\/wp-content\/uploads\/2021\/09\/structure-of-the-crushing-part-of-the-rice-milling-and-crushing-machine.jpg\"><img loading=\"lazy\" decoding=\"async\" width=\"720\" height=\"540\" data-id=\"11450\" src=\"https:\/\/www.agriculture-machine.com\/wp-content\/uploads\/2021\/09\/structure-of-the-crushing-part-of-the-rice-milling-and-crushing-machine.jpg\" alt=\"C\u1ea5u tr\u00fac c\u1ee7a ph\u1ea7n nghi\u1ec1n c\u1ee7a m\u00e1y xay v\u00e0 nghi\u1ec1n g\u1ea1o\" class=\"wp-image-11450\" srcset=\"https:\/\/www.agriculture-machine.com\/wp-content\/uploads\/2021\/09\/structure-of-the-crushing-part-of-the-rice-milling-and-crushing-machine.jpg 720w, https:\/\/www.agriculture-machine.com\/wp-content\/uploads\/2021\/09\/structure-of-the-crushing-part-of-the-rice-milling-and-crushing-machine-360x270.jpg 360w, https:\/\/www.agriculture-machine.com\/wp-content\/uploads\/2021\/09\/structure-of-the-crushing-part-of-the-rice-milling-and-crushing-machine-240x180.jpg 240w\" sizes=\"auto, (max-width: 720px) 100vw, 720px\" \/><\/a><figcaption class=\"wp-element-caption\">M\u00e1y l\u00e0m c\u01a1m tr\u1eafng<\/figcaption><\/figure> <\/figure>    <h2 class=\"wp-block-heading\">\u01afu \u0111i\u1ec3m c\u1ee7a m\u00e1y xay g\u1ea1o k\u1ebft h\u1ee3p <\/h2>    <ol class=\"wp-block-list\"> <li>Ph\u1ea7n xay g\u1ea1o c\u1ee7a m\u00e1y n\u00e0y c\u00f3 th\u1ec3 x\u1eed l\u00fd g\u1ea1o th\u00e0nh g\u1ea1o trong m\u1ed9t l\u1ea7n, \u0111\u1ed3ng th\u1eddi ho\u00e0n th\u00e0nh vi\u1ec7c t\u00e1ch g\u1ea1o, c\u00e1m v\u00e0 g\u1ea1o v\u1ee1. Ph\u1ea7n nghi\u1ec1n c\u00f3 th\u1ec3 d\u00f9ng \u0111\u1ec3 nghi\u1ec1n g\u1ea1o, ng\u00f4, sorghum, \u0111\u1eadu, khoai t\u00e2y v\u00e0 th\u00e2n c\u00e2y.<\/li>    <li>Khung m\u00e1y l\u00e0m b\u1eb1ng v\u1eadt li\u1ec7u ch\u1ea5t l\u01b0\u1ee3ng cao, th\u00e9p d\u00e0y, ch\u1eafc ch\u1eafn v\u00e0 b\u1ec1n \u0111\u1eb9p.<\/li>    <li>\u0110\u1ed9ng c\u01a1 xu\u1ea5t s\u1eafc, m\u1ea1nh m\u1ebd v\u00e0 \u1ed5n \u0111\u1ecbnh.<\/li>    <li>M\u00e1y xay g\u1ea1o k\u1ebft h\u1ee3p n\u00e0y c\u00f3 \u01b0u \u0111i\u1ec3m c\u1ea5u tr\u00fac h\u1ee3p l\u00fd, m\u00f4 h\u00ecnh nh\u1ecf g\u1ecdn, v\u1eadn h\u00e0nh \u0111\u01a1n gi\u1ea3n, b\u1ea3o tr\u00ec thu\u1eadn ti\u1ec7n, t\u1ed1c \u0111\u1ed9 xay g\u1ea1o nhanh, ti\u00eau th\u1ee5 \u0111i\u1ec7n n\u0103ng th\u1ea5p, an to\u00e0n v\u00e0 \u0111\u00e1ng tin c\u1eady.<\/li>    <li>Bu\u1ed3ng xay g\u1ea1o s\u1eed d\u1ee5ng \u0111\u00fac li\u1ec1n kh\u1ed1i v\u00e0 thi\u1ebft k\u1ebf h\u1ed7 tr\u1ee3 \u1edf hai \u0111\u1ea7u gi\u00fap cu\u1ed9n g\u1ea1o \u1ed5n \u0111\u1ecbnh h\u01a1n, gi\u1ea3m hi\u1ec7u qu\u1ea3 t\u1ef7 l\u1ec7 g\u1ea1o v\u1ee1, v\u00e0 k\u00e9o d\u00e0i tu\u1ed5i th\u1ecd c\u1ee7a cu\u1ed9n g\u1ea1o.<\/li>    <li>Thi\u1ebft k\u1ebf c\u1ee7a cu\u1ed9n g\u1ea1o h\u1ed7 tr\u1ee3 \u1edf hai \u0111\u1ea7u gi\u00fap cu\u1ed9n g\u1ea1o \u1ed5n \u0111\u1ecbnh h\u01a1n trong qu\u00e1 tr\u00ecnh v\u1eadn h\u00e0nh, gi\u1ea3m t\u1ef7 l\u1ec7 g\u1ea1o v\u1ee1, v\u00e0 k\u00e9o d\u00e0i tu\u1ed5i th\u1ecd c\u1ee7a cu\u1ed9n g\u1ea1o.<\/li>    <li>Dao g\u1ea1o truy\u1ec1n th\u1ed1ng \u0111\u01b0\u1ee3c thay th\u1ebf b\u1eb1ng cu\u1ed9n g\u1ea1o, l\u00e0m b\u1eb1ng th\u00e9p kh\u00f4ng g\u1ec9, hi\u1ec7u su\u1ea5t v\u01b0\u1ee3t tr\u1ed9i. \u1ed0ng qu\u1ea1t th\u00e9p b\u1ec1n h\u01a1n, kh\u00f4ng d\u1ec5 v\u1ee1, c\u00f3 tu\u1ed5i th\u1ecd d\u00e0i.<\/li>    <li>B\u1ea1n c\u00f3 th\u1ec3 ch\u1ecdn k\u00edch th\u01b0\u1edbc khe c\u1ee7a s\u00e0ng g\u1ea1o \u0111\u1ec3 l\u1eafp \u0111\u1eb7t.<\/li> <\/ol>    <h2 class=\"wp-block-heading\">Nguy\u00ean l\u00fd ho\u1ea1t \u0111\u1ed9ng c\u1ee7a m\u00e1y xay v\u00e0 nghi\u1ec1n g\u1ea1o<\/h2>    <h3 class=\"wp-block-heading\">Ph\u1ea7n xay g\u1ea1o:<\/h3>    <p>G\u1ea1o \u0111i v\u00e0o bu\u1ed3ng xay g\u1ea1o qua b\u1ed9 c\u1ea5p li\u1ec7u, sau \u0111\u00f3 g\u1ea1o \u0111\u01b0\u1ee3c \u00e9p b\u1eb1ng b\u1ea1c \u0111\u1ea1n v\u00e0 l\u01b0\u1ee1i dao g\u1ea1o. Trong b\u01b0\u1edbc n\u00e0y, g\u1ea1o s\u1ebd \u0111\u01b0\u1ee3c t\u00e1ch v\u1ecf v\u00e0 x\u1ea3 ra qua c\u1eeda x\u1ea3. <\/p>    <p>Thi\u1ebft k\u1ebf c\u1eeda x\u1ea3 \u0111\u1eb7c bi\u1ec7t t\u00e1ch g\u1ea1o nguy\u00ean h\u1ea1t kh\u1ecfi g\u1ea1o v\u1ee1. \u0110\u1ed3ng th\u1eddi, g\u1ea1o v\u1ee1 v\u00e0 c\u00e1m s\u1ebd \u0111i v\u00e0o t\u00fai c\u00e1m qua m\u00e0n h\u00ecnh, v\u00e0 ng\u01b0\u1eddi d\u00f9ng c\u00f3 th\u1ec3 d\u00f9ng b\u1ed9t c\u00e1m l\u00e0m th\u1ee9c \u0103n.<\/p>    <figure class=\"wp-block-gallery has-nested-images columns-default is-cropped wp-block-gallery-3 is-layout-flex wp-block-gallery-is-layout-flex\"> <figure class=\"wp-block-image size-large\"><a href=\"https:\/\/www.agriculture-machine.com\/wp-content\/uploads\/2021\/09\/The-rice-milling-part-of-the-combined-rice-mill-scaled.jpg\"><img loading=\"lazy\" decoding=\"async\" width=\"720\" height=\"480\" data-id=\"11531\" src=\"https:\/\/www.agriculture-machine.com\/wp-content\/uploads\/2021\/09\/The-rice-milling-part-of-the-combined-rice-mill-720x480.jpg\" alt=\"Ph\u1ea7n xay g\u1ea1o c\u1ee7a m\u00e1y xay g\u1ea1o k\u1ebft h\u1ee3p\" class=\"wp-image-11531\" srcset=\"https:\/\/www.agriculture-machine.com\/wp-content\/uploads\/2021\/09\/The-rice-milling-part-of-the-combined-rice-mill-720x480.jpg 720w, https:\/\/www.agriculture-machine.com\/wp-content\/uploads\/2021\/09\/The-rice-milling-part-of-the-combined-rice-mill-360x240.jpg 360w, https:\/\/www.agriculture-machine.com\/wp-content\/uploads\/2021\/09\/The-rice-milling-part-of-the-combined-rice-mill-768x512.jpg 768w, https:\/\/www.agriculture-machine.com\/wp-content\/uploads\/2021\/09\/The-rice-milling-part-of-the-combined-rice-mill-1536x1024.jpg 1536w, https:\/\/www.agriculture-machine.com\/wp-content\/uploads\/2021\/09\/The-rice-milling-part-of-the-combined-rice-mill-2048x1365.jpg 2048w\" sizes=\"auto, (max-width: 720px) 100vw, 720px\" \/><\/a><figcaption class=\"wp-element-caption\">Ph\u1ea7n xay g\u1ea1o <\/figcaption><\/figure> <\/figure>    <h3 class=\"wp-block-heading\">Ph\u1ea7n nghi\u1ec1n:<\/h3>    <p>Nguy\u00ean li\u1ec7u li\u00ean t\u1ee5c b\u1ecb va \u0111\u1eadp trong \u0111\u0129a b\u00e1nh r\u0103ng quay t\u1ed1c \u0111\u1ed9 cao r\u1ed3i tr\u1edf th\u00e0nh b\u1ed9t m\u1ecbn. S\u1eed d\u1ee5ng c\u00e1c m\u00e0n h\u00ecnh c\u00f3 k\u00edch th\u01b0\u1edbc kh\u00e1c nhau \u0111\u1ec3 ki\u1ec3m so\u00e1t k\u00edch th\u01b0\u1edbc h\u1ea1t c\u1ee7a b\u1ed9t.<\/p>    <figure class=\"wp-block-gallery has-nested-images columns-default is-cropped wp-block-gallery-4 is-layout-flex wp-block-gallery-is-layout-flex\"> <figure class=\"wp-block-image size-large\"><a href=\"https:\/\/www.agriculture-machine.com\/wp-content\/uploads\/2021\/09\/The-crushing-part-of-the-combined-rice-mill-scaled.jpg\"><img loading=\"lazy\" decoding=\"async\" width=\"720\" height=\"540\" data-id=\"11532\" src=\"https:\/\/www.agriculture-machine.com\/wp-content\/uploads\/2021\/09\/The-crushing-part-of-the-combined-rice-mill-720x540.jpg\" alt=\"Ph\u1ea7n nghi\u1ec1n c\u1ee7a m\u00e1y xay g\u1ea1o k\u1ebft h\u1ee3p\" class=\"wp-image-11532\" srcset=\"https:\/\/www.agriculture-machine.com\/wp-content\/uploads\/2021\/09\/The-crushing-part-of-the-combined-rice-mill-720x540.jpg 720w, https:\/\/www.agriculture-machine.com\/wp-content\/uploads\/2021\/09\/The-crushing-part-of-the-combined-rice-mill-360x270.jpg 360w, https:\/\/www.agriculture-machine.com\/wp-content\/uploads\/2021\/09\/The-crushing-part-of-the-combined-rice-mill-240x180.jpg 240w, https:\/\/www.agriculture-machine.com\/wp-content\/uploads\/2021\/09\/The-crushing-part-of-the-combined-rice-mill-768x576.jpg 768w, https:\/\/www.agriculture-machine.com\/wp-content\/uploads\/2021\/09\/The-crushing-part-of-the-combined-rice-mill-1536x1152.jpg 1536w, https:\/\/www.agriculture-machine.com\/wp-content\/uploads\/2021\/09\/The-crushing-part-of-the-combined-rice-mill-2048x1536.jpg 2048w\" sizes=\"auto, (max-width: 720px) 100vw, 720px\" \/><\/a><figcaption class=\"wp-element-caption\">Ph\u1ea7n nghi\u1ec1n<\/figcaption><\/figure> <\/figure>    <h2 class=\"wp-block-heading\">Video c\u00f4ng vi\u1ec7c c\u1ee7a m\u00e1y xay g\u1ea1o<\/h2>    <figure class=\"wp-block-embed is-type-video is-provider-youtube wp-block-embed-youtube wp-embed-aspect-16-9 wp-has-aspect-ratio\"><div class=\"wp-block-embed__wrapper\"> <iframe loading=\"lazy\" title=\"M\u00e1y xay g\u1ea1o k\u1ebft h\u1ee3p | M\u00e1y xay v\u00e0 nghi\u1ec1n g\u1ea1o| M\u00e1y xay v\u00e0 nghi\u1ec1n g\u1ea1o k\u1ebft h\u1ee3p\" width=\"500\" height=\"281\" src=\"https:\/\/www.youtube.com\/embed\/ZmceG6M6LfY?feature=oembed\" frameborder=\"0\" allow=\"accelerometer; autoplay; clipboard-write; encrypted-media; gyroscope; picture-in-picture; web-share\" referrerpolicy=\"strict-origin-when-cross-origin\" allowfullscreen><\/iframe> <\/div><figcaption class=\"wp-element-caption\">Quy tr\u00ecnh xay g\u1ea1o t\u00edch h\u1ee3p<\/figcaption><\/figure>    <h2 class=\"wp-block-heading\">Th\u00f4ng s\u1ed1 k\u1ef9 thu\u1eadt c\u1ee7a m\u00e1y xay g\u1ea1o k\u1ebft h\u1ee3p<\/h2>    <figure class=\"wp-block-table is-style-stripes\"><table><tbody><tr><td>M\u1eabu<\/td><td>M\u00e1y xay g\u1ea1o k\u1ebft h\u1ee3p 6N80-9FZ23<\/td><\/tr><tr><td>T\u1ed1c \u0111\u1ed9 \u0111\u1ed9ng c\u01a1 \u0111\u1ecbnh m\u1ee9c <\/td><td>1600r\/ph<br><\/td><\/tr><tr><td>\u0110\u01b0\u1eddng k\u00ednh tr\u1ee5c \u0111o <\/td><td>80mm<\/td><\/tr><tr><td>N\u0103ng su\u1ea5t c\u1ee7a m\u00e1y xay g\u1ea1o <\/td><td>\u2265150kg\/h<\/td><\/tr><tr><td>T\u1ec9 l\u1ec7 g\u1ea1o xu\u1ea5t <\/td><td>\u226565%<\/td><\/tr><tr><td>T\u1ec9 l\u1ec7 g\u1ea1o m\u1ea3y <\/td><td>\u226430%<\/td><\/tr><tr><td>\u0110\u01b0\u1eddng k\u00ednh v\u00f2ng s\u00e0ng <\/td><td>\u2265150kg\/h<\/td><\/tr><tr><td>\u0110\u01b0\u1eddng k\u00ednh tr\u1ee5c quay <\/td><td>230mm<\/td><\/tr><tr><td>\u0110\u01b0\u1eddng k\u00ednh v\u00f2ng l\u01b0\u1edbi <\/td><td>280mm<\/td><\/tr><tr><td>K\u00edch th\u01b0\u1edbc m\u00e0n h\u00ecnh (mm) <\/td><td>840\u00d7100<\/td><\/tr><tr><td>Ph\u1ee5 ki\u1ec7n <\/td><td>V\u00e0o ra c\u1ee7a ph\u1ec5u, 2 b\u1ed9 m\u00e0n h\u00ecnh, n\u1eafp b\u1ea3o v\u1ec7, b\u00e1nh xe motor, \u0111ai V<\/td><\/tr><\/tbody><\/table><figcaption class=\"wp-element-caption\">Th\u00f4ng s\u1ed1 k\u1ef9 thu\u1eadt c\u1ee7a m\u00e1y xay g\u1ea1o l\u00faa<\/figcaption><\/figure>    <h2 class=\"wp-block-heading\">M\u1eabu m\u00e3 v\u00e0 c\u1ea5u h\u00ecnh<\/h2>    <p>Trong c\u00e1c m\u1eabu c\u01a1 b\u1ea3n hi\u1ec7n c\u00f3, b\u1ea1n c\u00f3 th\u1ec3 ch\u1ecdn m\u00e1y xay g\u1ea1o v\u00e0 nghi\u1ec1n g\u1ea1o \u0111\u01a1n ho\u1eb7c \u0111\u00f4i, m\u00e1y k\u1ebft h\u1ee3p, v\u00e0 m\u00e1y t\u00edch h\u1ee3p xay v\u00e0 tinh ch\u1ebf. Ngo\u00e0i ra, trong m\u1eabu n\u00e2ng c\u1ea5p, b\u1ea1n c\u00f3 th\u1ec3 ch\u1ecdn m\u00e1y c\u00f3 m\u00f3c vu\u1ed1t ho\u1eb7c m\u00e1y c\u00f3 ch\u1ee9c n\u0103ng nghi\u1ec1n v\u00e0 tinh ch\u1ebf. \u0110\u1ed3ng th\u1eddi, l\u1ef1a ch\u1ecdn c\u00f4ng su\u1ea5t c\u1ee7a m\u00e1y xay g\u1ea1o k\u1ebft h\u1ee3p c\u1ee7a ch\u00fang t\u00f4i l\u00e0 \u0111\u1ed9ng c\u01a1 ch\u1ea5t l\u01b0\u1ee3ng cao, gi\u00fap k\u00e9o d\u00e0i tu\u1ed5i th\u1ecd c\u1ee7a m\u00e1y.<\/p>    <figure class=\"wp-block-gallery has-nested-images columns-3 is-cropped wp-block-gallery-5 is-layout-flex wp-block-gallery-is-layout-flex\"> <figure class=\"wp-block-image size-large\"><a href=\"https:\/\/www.agriculture-machine.com\/wp-content\/uploads\/2021\/09\/type-100-30-double-bucket-rice-milling-and-crushing-combined-machine.jpg\"><img loading=\"lazy\" decoding=\"async\" width=\"720\" height=\"540\" data-id=\"11524\" src=\"https:\/\/www.agriculture-machine.com\/wp-content\/uploads\/2021\/09\/type-100-30-double-bucket-rice-milling-and-crushing-combined-machine.jpg\" alt=\"Lo\u1ea1i m\u00e1y xay g\u1ea1o k\u1ebft h\u1ee3p 100-30-\u0111\u00f4i th\u00f9ng\" class=\"wp-image-11524\" srcset=\"https:\/\/www.agriculture-machine.com\/wp-content\/uploads\/2021\/09\/type-100-30-double-bucket-rice-milling-and-crushing-combined-machine.jpg 720w, https:\/\/www.agriculture-machine.com\/wp-content\/uploads\/2021\/09\/type-100-30-double-bucket-rice-milling-and-crushing-combined-machine-360x270.jpg 360w, https:\/\/www.agriculture-machine.com\/wp-content\/uploads\/2021\/09\/type-100-30-double-bucket-rice-milling-and-crushing-combined-machine-240x180.jpg 240w\" sizes=\"auto, (max-width: 720px) 100vw, 720px\" \/><\/a><figcaption class=\"wp-element-caption\">Lo\u1ea1i m\u00e1y xay g\u1ea1o k\u1ebft h\u1ee3p 100-30-\u0111\u00f4i th\u00f9ng<\/figcaption><\/figure>    <figure class=\"wp-block-image size-large\"><a href=\"https:\/\/www.agriculture-machine.com\/wp-content\/uploads\/2021\/09\/ZLN4-21-combined-rice-mill.jpg\"><img loading=\"lazy\" decoding=\"async\" width=\"720\" height=\"540\" data-id=\"11527\" src=\"https:\/\/www.agriculture-machine.com\/wp-content\/uploads\/2021\/09\/ZLN4-21-combined-rice-mill.jpg\" alt=\"M\u00e1y xay g\u1ea1o k\u1ebft h\u1ee3p ZLN4-21\" class=\"wp-image-11527\" srcset=\"https:\/\/www.agriculture-machine.com\/wp-content\/uploads\/2021\/09\/ZLN4-21-combined-rice-mill.jpg 720w, https:\/\/www.agriculture-machine.com\/wp-content\/uploads\/2021\/09\/ZLN4-21-combined-rice-mill-360x270.jpg 360w, https:\/\/www.agriculture-machine.com\/wp-content\/uploads\/2021\/09\/ZLN4-21-combined-rice-mill-240x180.jpg 240w\" sizes=\"auto, (max-width: 720px) 100vw, 720px\" \/><\/a><figcaption class=\"wp-element-caption\">M\u00e1y xay g\u1ea1o k\u1ebft h\u1ee3p ZLN4-21<\/figcaption><\/figure>    <figure class=\"wp-block-image size-large\"><a href=\"https:\/\/www.agriculture-machine.com\/wp-content\/uploads\/2021\/09\/type-40B-20-combined-rice-mill.jpg\"><img loading=\"lazy\" decoding=\"async\" width=\"720\" height=\"540\" data-id=\"11523\" src=\"https:\/\/www.agriculture-machine.com\/wp-content\/uploads\/2021\/09\/type-40B-20-combined-rice-mill.jpg\" alt=\"Lo\u1ea1i 40B-20 m\u00e1y xay g\u1ea1o k\u1ebft h\u1ee3p\" class=\"wp-image-11523\" srcset=\"https:\/\/www.agriculture-machine.com\/wp-content\/uploads\/2021\/09\/type-40B-20-combined-rice-mill.jpg 720w, https:\/\/www.agriculture-machine.com\/wp-content\/uploads\/2021\/09\/type-40B-20-combined-rice-mill-360x270.jpg 360w, https:\/\/www.agriculture-machine.com\/wp-content\/uploads\/2021\/09\/type-40B-20-combined-rice-mill-240x180.jpg 240w\" sizes=\"auto, (max-width: 720px) 100vw, 720px\" \/><\/a><figcaption class=\"wp-element-caption\">Lo\u1ea1i 40B-20 m\u00e1y xay g\u1ea1o k\u1ebft h\u1ee3p<\/figcaption><\/figure>    <figure class=\"wp-block-image size-large\"><a href=\"https:\/\/www.agriculture-machine.com\/wp-content\/uploads\/2021\/09\/Upgraded-combined-rice-mill-with-claw-crusher.jpg\"><img loading=\"lazy\" decoding=\"async\" width=\"720\" height=\"540\" data-id=\"11525\" src=\"https:\/\/www.agriculture-machine.com\/wp-content\/uploads\/2021\/09\/Upgraded-combined-rice-mill-with-claw-crusher.jpg\" alt=\"M\u00e1y xay g\u1ea1o k\u1ebft h\u1ee3p n\u00e2ng c\u1ea5p c\u00f3 m\u00f3c vu\u1ed1t\" class=\"wp-image-11525\" srcset=\"https:\/\/www.agriculture-machine.com\/wp-content\/uploads\/2021\/09\/Upgraded-combined-rice-mill-with-claw-crusher.jpg 720w, https:\/\/www.agriculture-machine.com\/wp-content\/uploads\/2021\/09\/Upgraded-combined-rice-mill-with-claw-crusher-360x270.jpg 360w, https:\/\/www.agriculture-machine.com\/wp-content\/uploads\/2021\/09\/Upgraded-combined-rice-mill-with-claw-crusher-240x180.jpg 240w\" sizes=\"auto, (max-width: 720px) 100vw, 720px\" \/><\/a><figcaption class=\"wp-element-caption\">M\u00e1y xay g\u1ea1o k\u1ebft h\u1ee3p n\u00e2ng c\u1ea5p c\u00f3 m\u00f3c vu\u1ed1t<\/figcaption><\/figure>    <figure class=\"wp-block-image size-large\"><a href=\"https:\/\/www.agriculture-machine.com\/wp-content\/uploads\/2021\/09\/Combined-rice-mill-with-grinding-and-refining-function.jpg\"><img loading=\"lazy\" decoding=\"async\" width=\"720\" height=\"540\" data-id=\"11522\" src=\"https:\/\/www.agriculture-machine.com\/wp-content\/uploads\/2021\/09\/Combined-rice-mill-with-grinding-and-refining-function.jpg\" alt=\"M\u00e1y xay g\u1ea1o k\u1ebft h\u1ee3p c\u00f3 ch\u1ee9c n\u0103ng nghi\u1ec1n v\u00e0 tinh ch\u1ebf\" class=\"wp-image-11522\" srcset=\"https:\/\/www.agriculture-machine.com\/wp-content\/uploads\/2021\/09\/Combined-rice-mill-with-grinding-and-refining-function.jpg 720w, https:\/\/www.agriculture-machine.com\/wp-content\/uploads\/2021\/09\/Combined-rice-mill-with-grinding-and-refining-function-360x270.jpg 360w, https:\/\/www.agriculture-machine.com\/wp-content\/uploads\/2021\/09\/Combined-rice-mill-with-grinding-and-refining-function-240x180.jpg 240w\" sizes=\"auto, (max-width: 720px) 100vw, 720px\" \/><\/a><figcaption class=\"wp-element-caption\">M\u00e1y xay g\u1ea1o k\u1ebft h\u1ee3p c\u00f3 ch\u1ee9c n\u0103ng nghi\u1ec1n v\u00e0 tinh ch\u1ebf<\/figcaption><\/figure>    <figure class=\"wp-block-image size-large\"><a href=\"https:\/\/www.agriculture-machine.com\/wp-content\/uploads\/2021\/09\/Cabinet-type-rice-milling-and-crushing-machine.jpg\"><img loading=\"lazy\" decoding=\"async\" width=\"720\" height=\"540\" data-id=\"11521\" src=\"https:\/\/www.agriculture-machine.com\/wp-content\/uploads\/2021\/09\/Cabinet-type-rice-milling-and-crushing-machine.jpg\" alt=\"M\u00e1y xay v\u00e0 nghi\u1ec1n g\u1ea1o d\u1ea1ng t\u1ee7\" class=\"wp-image-11521\" srcset=\"https:\/\/www.agriculture-machine.com\/wp-content\/uploads\/2021\/09\/Cabinet-type-rice-milling-and-crushing-machine.jpg 720w, https:\/\/www.agriculture-machine.com\/wp-content\/uploads\/2021\/09\/Cabinet-type-rice-milling-and-crushing-machine-360x270.jpg 360w, https:\/\/www.agriculture-machine.com\/wp-content\/uploads\/2021\/09\/Cabinet-type-rice-milling-and-crushing-machine-240x180.jpg 240w\" sizes=\"auto, (max-width: 720px) 100vw, 720px\" \/><\/a><figcaption class=\"wp-element-caption\">M\u00e1y xay v\u00e0 nghi\u1ec1n g\u1ea1o d\u1ea1ng t\u1ee7<\/figcaption><\/figure> <\/figure>    <h2 class=\"wp-block-heading\">Li\u00ean h\u1ec7 v\u1edbi ch\u00fang t\u00f4i b\u1ea5t c\u1ee9 l\u00fac n\u00e0o<\/h2>    <p>N\u1ebfu b\u1ea1n quan t\u00e2m \u0111\u1ebfn m\u00e1y xay g\u1ea1o k\u1ebft h\u1ee3p ti\u00ean ti\u1ebfn c\u1ee7a ch\u00fang t\u00f4i, vui l\u00f2ng li\u00ean h\u1ec7 v\u1edbi \u0111\u1ed9i ng\u0169 chuy\u00ean nghi\u1ec7p c\u1ee7a ch\u00fang t\u00f4i \u0111\u1ec3 bi\u1ebft th\u00eam chi ti\u1ebft. Ch\u00fang t\u00f4i s\u1eb5n l\u00f2ng cung c\u1ea5p c\u00e1c gi\u1ea3i ph\u00e1p t\u00f9y ch\u1ec9nh ph\u00f9 h\u1ee3p v\u1edbi nhu c\u1ea7u x\u1eed l\u00fd g\u1ea1o c\u1ee7a b\u1ea1n.<\/p>","protected":false},"excerpt":{"rendered":"<p>V\u1edbi hi\u1ec7u qu\u1ea3 xay nghi\u1ec1n \u0111\u01b0\u1ee3c c\u1ea3i thi\u1ec7n v\u00e0 ki\u1ec3m so\u00e1t ch\u1ea5t l\u01b0\u1ee3ng g\u1ea1o m\u1ecbn, c\u00e1c m\u00e1y xay g\u1ea1o k\u1ebft h\u1ee3p ti\u00ean ti\u1ebfn c\u1ee7a ch\u00fang t\u00f4i \u0111\u1ea3m b\u1ea3o ch\u1ea5t l\u01b0\u1ee3ng v\u00e0 h\u01b0\u01a1ng v\u1ecb c\u1ee7a g\u1ea1o th\u00e0nh ph\u1ea9m lu\u00f4n t\u1ed1t nh\u1ea5t.<\/p>","protected":false},"author":1,"featured_media":15235,"parent":0,"comment_status":"closed","ping_status":"closed","template":"","tags":[796],"product-type":[875],"class_list":["post-11439","product","type-product","status-publish","has-post-thumbnail","hentry","tag-rice","product-type-rice-mill-category"],"_links":{"self":[{"href":"https:\/\/www.agriculture-machine.com\/vi\/wp-json\/wp\/v2\/product\/11439","targetHints":{"allow":["GET"]}}],"collection":[{"href":"https:\/\/www.agriculture-machine.com\/vi\/wp-json\/wp\/v2\/product"}],"about":[{"href":"https:\/\/www.agriculture-machine.com\/vi\/wp-json\/wp\/v2\/types\/product"}],"author":[{"embeddable":true,"href":"https:\/\/www.agriculture-machine.com\/vi\/wp-json\/wp\/v2\/users\/1"}],"replies":[{"embeddable":true,"href":"https:\/\/www.agriculture-machine.com\/vi\/wp-json\/wp\/v2\/comments?post=11439"}],"wp:featuredmedia":[{"embeddable":true,"href":"https:\/\/www.agriculture-machine.com\/vi\/wp-json\/wp\/v2\/media\/15235"}],"wp:attachment":[{"href":"https:\/\/www.agriculture-machine.com\/vi\/wp-json\/wp\/v2\/media?parent=11439"}],"wp:term":[{"taxonomy":"post_tag","embeddable":true,"href":"https:\/\/www.agriculture-machine.com\/vi\/wp-json\/wp\/v2\/tags?post=11439"},{"taxonomy":"product-type","embeddable":true,"href":"https:\/\/www.agriculture-machine.com\/vi\/wp-json\/wp\/v2\/product-type?post=11439"}],"curies":[{"name":"wp","href":"https:\/\/api.w.org\/{rel}","templated":true}]}}