{"id":11660,"date":"2021-10-15T16:29:24","date_gmt":"2021-10-15T08:29:24","guid":{"rendered":"https:\/\/www.agriculture-machine.com\/?p=11660"},"modified":"2026-02-11T17:21:38","modified_gmt":"2026-02-11T09:21:38","slug":"peanut-planter-peanut-planting-machine","status":"publish","type":"product","link":"https:\/\/www.agriculture-machine.com\/vi\/peanut-planter-peanut-planting-machine\/","title":{"rendered":"M\u00e1y gieo h\u1ea1t \u0111\u1eadu ph\u1ed9ng Groundnut"},"content":{"rendered":"<p>M\u00e1y tr\u1ed3ng \u0111\u1eadu ph\u1ed9ng t\u00edch h\u1ee3p b\u00f3n ph\u00e2n, gieo h\u1ea1t v\u00e0 ph\u1ee7 \u0111\u1ea5t th\u00e0nh m\u1ed9t b\u1ed9 ph\u1eadn. C\u00e1c ch\u1ee9c n\u0103ng t\u00f9y ch\u1ecdn nh\u01b0 phun thu\u1ed1c, ph\u1ee7 mulching, cu\u1ed9n \u0111\u1ea5t v\u00e0 x\u1edbi \u0111\u1ea5t quay c\u00f3 th\u1ec3 \u0111\u01b0\u1ee3c ch\u1ecdn d\u1ef1a tr\u00ean y\u00eau c\u1ea7u tr\u1ed3ng tr\u1ecdt, cho ph\u00e9p v\u1eadn h\u00e0nh \u0111a m\u1ee5c \u0111\u00edch v\u00e0 ho\u00e0n th\u00e0nh nhi\u1ec1u quy tr\u00ecnh trong m\u1ed9t l\u1ea7n \u0111i qua.<\/p>    <p>Thi\u1ebft b\u1ecb cung c\u1ea5p nhi\u1ec1u c\u1ea5u h\u00ecnh bao g\u1ed3m c\u00e1c m\u00f4 h\u00ecnh 2 h\u00e0ng, 4 h\u00e0ng, 6 h\u00e0ng v\u00e0 8 h\u00e0ng, v\u1edbi s\u1ed1 h\u00e0ng t\u00f9y ch\u1ec9nh. N\u00f3 h\u1ed7 tr\u1ee3 c\u00e1c ph\u01b0\u01a1ng ph\u00e1p tr\u1ed3ng \u0111a d\u1ea1ng nh\u01b0 tr\u1ed3ng tr\u00ean lu\u1ed1ng, tr\u1ed3ng b\u1eb1ng m\u00e0ng nh\u1ef1a, v\u00e0 tr\u1ed3ng tr\u00ean m\u1eb7t \u0111\u1ea5t ph\u1eb3ng.<\/p>    <p>Mechanized operation significantly boosts planting efficiency. Compared to traditional manual methods, it saves substantial labor time, reduces farmers&#8217; workload intensity, and enhances planting standardization, making it the ideal equipment for modern large-scale peanut cultivation.<\/p>    <figure class=\"wp-block-embed aligncenter is-type-video is-provider-youtube wp-block-embed-youtube wp-embed-aspect-16-9 wp-has-aspect-ratio\"><div class=\"wp-block-embed__wrapper\"> <iframe loading=\"lazy\" title=\"C\u00f4ng ngh\u1ec7 n\u00f4ng nghi\u1ec7p hi\u1ec7n \u0111\u1ea1i m\u1edbi! M\u00e1y tr\u1ed3ng \u0111\u1eadu ph\u1ed9ng gi\u00fap thu ho\u1ea1ch ch\u1ec9 v\u1edbi m\u1ed9t c\u00fa nh\u1ea5p chu\u1ed9t \ud83c\udf31\ud83d\ude9c#\u0111\u1eaduph\u1ed9ng #m\u00e1ytr\u1ed3ng\" width=\"500\" height=\"281\" src=\"https:\/\/www.youtube.com\/embed\/s8vec3aw-vU?feature=oembed\" frameborder=\"0\" allow=\"accelerometer; autoplay; clipboard-write; encrypted-media; gyroscope; picture-in-picture; web-share\" referrerpolicy=\"strict-origin-when-cross-origin\" allowfullscreen><\/iframe> <\/div><figcaption class=\"wp-element-caption\">K\u1ef9 thu\u1eadt tr\u1ed3ng nhanh v\u00e0 ch\u00ednh x\u00e1c cho m\u00e1y tr\u1ed3ng \u0111\u1eadu ph\u1ed9ng.<\/figcaption><\/figure>    <h2 class=\"wp-block-heading\" id=\"h-what-is-peanut-planter\">Ch\u1ee9c n\u0103ng c\u1ee7a m\u00e1y tr\u1ed3ng \u0111\u1eadu ph\u1ed9ng l\u00e0 g\u00ec?<\/h2>    <p id=\"Peanut-planter\">M\u00e1y tr\u1ed3ng \u0111\u1eadu ph\u1ed9ng d\u1ea1ng ba \u0111i\u1ec3m treo, ho\u1ea1t \u0111\u1ed9ng to\u00e0n di\u1ec7n. V\u00e0 m\u00e1y n\u00e0y ph\u1ea3i l\u00e0m vi\u1ec7c c\u00f9ng v\u1edbi m\u00e1y k\u00e9o. M\u00e1y tr\u1ed3ng \u0111\u1eadu ph\u1ed9ng n\u00e0y c\u00f3 th\u1ec3 ho\u00e0n th\u00e0nh c\u00e1c c\u00f4ng vi\u1ec7c nh\u01b0 \u0111\u00e0o r\u00e3nh, t\u1ea1o g\u00f2 \u0111\u1ea5t, gieo h\u1ea1t, b\u00f3n ph\u00e2n, phun thu\u1ed1c, ch\u00f4n \u1ed1ng t\u01b0\u1edbi nh\u1ecf gi\u1ecdt, ph\u1ee7 phim v\u00e0 ph\u1ee7 \u0111\u1ea5t trong m\u1ed9t l\u1ea7n.<\/p>    <p id=\"Peanut-planter\">Also, this peanut planter&#8217;s ridge width, ridge height, seeding depth, seed number, row spacing, ridge distance, film width, and hanging position are all adjustable. Compared with manual operation, it can improve work efficiency by more than 20 times and can ensure consistent seeding row spacing, plant spacing, and depth.<\/p>    <figure class=\"wp-block-gallery has-nested-images columns-default is-cropped wp-block-gallery-2 is-layout-flex wp-block-gallery-is-layout-flex\"> <figure class=\"wp-block-image size-large\"><img loading=\"lazy\" decoding=\"async\" width=\"720\" height=\"540\" data-id=\"15656\" src=\"https:\/\/www.agriculture-machine.com\/wp-content\/uploads\/2021\/10\/6-row-groundnut-planting-machine.webp\" alt=\"M\u00e1y tr\u1ed3ng \u0111\u1eadu \u0111\u1ea5t 6 h\u00e0ng\" class=\"wp-image-15656\" srcset=\"https:\/\/www.agriculture-machine.com\/wp-content\/uploads\/2021\/10\/6-row-groundnut-planting-machine.webp 720w, https:\/\/www.agriculture-machine.com\/wp-content\/uploads\/2021\/10\/6-row-groundnut-planting-machine-360x270.webp 360w, https:\/\/www.agriculture-machine.com\/wp-content\/uploads\/2021\/10\/6-row-groundnut-planting-machine-240x180.webp 240w\" sizes=\"auto, (max-width: 720px) 100vw, 720px\" \/><figcaption class=\"wp-element-caption\">M\u00e1y tr\u1ed3ng \u0111\u1eadu \u0111\u1ea5t 6 h\u00e0ng<\/figcaption><\/figure>    <figure class=\"wp-block-image size-large\"><img loading=\"lazy\" decoding=\"async\" width=\"720\" height=\"540\" data-id=\"15657\" src=\"https:\/\/www.agriculture-machine.com\/wp-content\/uploads\/2021\/10\/tractor-driven-planter.webp\" alt=\"M\u00e1y tr\u1ed3ng k\u00e9o\" class=\"wp-image-15657\" srcset=\"https:\/\/www.agriculture-machine.com\/wp-content\/uploads\/2021\/10\/tractor-driven-planter.webp 720w, https:\/\/www.agriculture-machine.com\/wp-content\/uploads\/2021\/10\/tractor-driven-planter-360x270.webp 360w, https:\/\/www.agriculture-machine.com\/wp-content\/uploads\/2021\/10\/tractor-driven-planter-240x180.webp 240w\" sizes=\"auto, (max-width: 720px) 100vw, 720px\" \/><figcaption class=\"wp-element-caption\">M\u00e1y tr\u1ed3ng k\u00e9o<\/figcaption><\/figure> <\/figure>    <h2 class=\"wp-block-heading\">\u01afu \u0111i\u1ec3m c\u1ee7a m\u00e1y gieo h\u1ea1t \u0111\u1eadu ph\u1ed9ng<\/h2>    <ul class=\"wp-block-list\"> <li>C\u00f3 kh\u1ea3 n\u0103ng ho\u00e0n th\u00e0nh nhi\u1ec1u quy tr\u00ecnh trong m\u1ed9t l\u1ea7n \u0111i qua, bao g\u1ed3m gieo h\u1ea1t, b\u00f3n ph\u00e2n, san ph\u1eb3ng, phun thu\u1ed1c, ph\u1ee7 mulching, \u00e9p mulching v\u00e0 ph\u1ee7 \u0111\u1ea5t.<\/li>    <li>C\u00f3 s\u1eb5n c\u00e1c c\u1ea5u h\u00ecnh 2 h\u00e0ng, 4 h\u00e0ng, 6 h\u00e0ng v\u00e0 8 h\u00e0ng v\u1edbi s\u1ed1 h\u00e0ng t\u00f9y ch\u1ec9nh \u0111\u1ec3 ph\u00f9 h\u1ee3p v\u1edbi quy m\u00f4 tr\u1ed3ng tr\u1ecdt \u0111a d\u1ea1ng.<\/li>    <li>T\u00edch h\u1ee3p b\u1ed9 ph\u00e2n ph\u1ed1i h\u1ea1t ch\u00ednh x\u00e1c cao \u0111\u1ec3 gieo h\u1ea1t \u0111\u1ec1u, gi\u1ea3m thi\u1ec3u b\u1ecf s\u00f3t v\u00e0 th\u1ed1i h\u1ea1t \u0111\u1ed3ng th\u1eddi \u0111\u1ea3m b\u1ea3o kho\u1ea3ng c\u00e1ch c\u00e2y tr\u1ed3ng ph\u00f9 h\u1ee3p ti\u00eau chu\u1ea9n n\u00f4ng nghi\u1ec7p.<\/li>    <li>Kh\u00e1ng c\u1ef1 c\u01a1 h\u1ecdc th\u1ea5p gi\u1ea3m ti\u00eau th\u1ee5 n\u0103ng l\u01b0\u1ee3ng kho\u1ea3ng 30%, ti\u1ebft ki\u1ec7m chi ph\u00ed \u0111i\u1ec7n n\u0103ng.<\/li>    <li>Kh\u1ea3 n\u0103ng th\u00edch \u1ee9ng cao \u0111\u1ea3m b\u1ea3o ho\u1ea1t \u0111\u1ed9ng \u1ed5n \u0111\u1ecbnh ngay c\u1ea3 trong c\u00e1c c\u00e1nh \u0111\u1ed3ng c\u00f3 c\u1ecf d\u1ea1i ho\u1eb7c \u0111\u1ea5t tr\u1ed3ng kh\u00f4ng t\u1ed1i \u01b0u.<\/li>    <li>Trang b\u1ecb c\u01a1 ch\u1ebf \u00e9p m\u00e0ng gi\u00fap lo\u1ea1i b\u1ecf lao \u0111\u1ed9ng th\u1ee7 c\u00f4ng, ng\u0103n ch\u1eb7n hi\u1ec7u qu\u1ea3 vi\u1ec7c m\u00e0ng nh\u1ef1a b\u1ecb gi\u00f3 m\u1ea1nh th\u1ed5i bay v\u00e0 n\u00e2ng cao \u0111\u1ed9 \u1ed5n \u0111\u1ecbnh c\u1ee7a vi\u1ec7c tr\u1ed3ng tr\u1ecdt.<\/li> <\/ul>    <figure class=\"wp-block-gallery has-nested-images columns-2 is-cropped wp-block-gallery-3 is-layout-flex wp-block-gallery-is-layout-flex\"> <figure class=\"wp-block-image size-large\"><img loading=\"lazy\" decoding=\"async\" width=\"720\" height=\"540\" data-id=\"12760\" src=\"https:\/\/www.agriculture-machine.com\/wp-content\/uploads\/2022\/03\/4-rows-peanut-planter2.jpg\" alt=\"M\u00e1y tr\u1ed3ng \u0111\u1eadu ph\u1ed9ng 4 h\u00e0ng\" class=\"wp-image-12760\" title=\"M\u00e1y tr\u1ed3ng \u0111\u1eadu ph\u1ed9ng 4 h\u00e0ng\" srcset=\"https:\/\/www.agriculture-machine.com\/wp-content\/uploads\/2022\/03\/4-rows-peanut-planter2.jpg 720w, https:\/\/www.agriculture-machine.com\/wp-content\/uploads\/2022\/03\/4-rows-peanut-planter2-360x270.jpg 360w, https:\/\/www.agriculture-machine.com\/wp-content\/uploads\/2022\/03\/4-rows-peanut-planter2-240x180.jpg 240w\" sizes=\"auto, (max-width: 720px) 100vw, 720px\" \/><figcaption class=\"wp-element-caption\">M\u00e1y tr\u1ed3ng \u0111\u1eadu ph\u1ed9ng 4 h\u00e0ng<\/figcaption><\/figure>    <figure class=\"wp-block-image size-large\"><img loading=\"lazy\" decoding=\"async\" width=\"720\" height=\"540\" data-id=\"12761\" src=\"https:\/\/www.agriculture-machine.com\/wp-content\/uploads\/2022\/03\/gronudnut-planter2.jpg\" alt=\"M\u00e1y tr\u1ed3ng \u0111\u1eadu \u0111\u1ea5t\" class=\"wp-image-12761\" title=\"M\u00e1y tr\u1ed3ng \u0111\u1eadu \u0111\u1ea5t\" srcset=\"https:\/\/www.agriculture-machine.com\/wp-content\/uploads\/2022\/03\/gronudnut-planter2.jpg 720w, https:\/\/www.agriculture-machine.com\/wp-content\/uploads\/2022\/03\/gronudnut-planter2-360x270.jpg 360w, https:\/\/www.agriculture-machine.com\/wp-content\/uploads\/2022\/03\/gronudnut-planter2-240x180.jpg 240w\" sizes=\"auto, (max-width: 720px) 100vw, 720px\" \/><figcaption class=\"wp-element-caption\">M\u00e1y tr\u1ed3ng \u0111\u1eadu \u0111\u1ea5t<\/figcaption><\/figure>    <figure class=\"wp-block-image size-large\"><img loading=\"lazy\" decoding=\"async\" width=\"720\" height=\"540\" data-id=\"12762\" src=\"https:\/\/www.agriculture-machine.com\/wp-content\/uploads\/2022\/03\/peanut-seeder2.jpg\" alt=\"M\u00e1y gieo \u0111\u1eadu ph\u1ed9ng\" class=\"wp-image-12762\" title=\"M\u00e1y gieo \u0111\u1eadu ph\u1ed9ng\" srcset=\"https:\/\/www.agriculture-machine.com\/wp-content\/uploads\/2022\/03\/peanut-seeder2.jpg 720w, https:\/\/www.agriculture-machine.com\/wp-content\/uploads\/2022\/03\/peanut-seeder2-360x270.jpg 360w, https:\/\/www.agriculture-machine.com\/wp-content\/uploads\/2022\/03\/peanut-seeder2-240x180.jpg 240w\" sizes=\"auto, (max-width: 720px) 100vw, 720px\" \/><figcaption class=\"wp-element-caption\">M\u00e1y gieo \u0111\u1eadu ph\u1ed9ng<\/figcaption><\/figure>    <figure class=\"wp-block-image size-large\"><img loading=\"lazy\" decoding=\"async\" width=\"720\" height=\"540\" data-id=\"12763\" src=\"https:\/\/www.agriculture-machine.com\/wp-content\/uploads\/2022\/03\/peanut-sowing-machine2.jpg\" alt=\"M\u00e1y gieo h\u1ea1t \u0111\u1eadu ph\u1ed9ng\" class=\"wp-image-12763\" title=\"M\u00e1y gieo h\u1ea1t \u0111\u1eadu ph\u1ed9ng\" srcset=\"https:\/\/www.agriculture-machine.com\/wp-content\/uploads\/2022\/03\/peanut-sowing-machine2.jpg 720w, https:\/\/www.agriculture-machine.com\/wp-content\/uploads\/2022\/03\/peanut-sowing-machine2-360x270.jpg 360w, https:\/\/www.agriculture-machine.com\/wp-content\/uploads\/2022\/03\/peanut-sowing-machine2-240x180.jpg 240w\" sizes=\"auto, (max-width: 720px) 100vw, 720px\" \/><figcaption class=\"wp-element-caption\">M\u00e1y gieo h\u1ea1t \u0111\u1eadu ph\u1ed9ng<\/figcaption><\/figure> <figcaption class=\"blocks-gallery-caption wp-element-caption\">M\u00e1y gieo \u0111\u1eadu ph\u1ed9ng<\/figcaption><\/figure>    <h2 class=\"wp-block-heading\">Groundnut planter&#8217;s working process<\/h2>    <p>Tr\u01b0\u1edbc ti\u00ean, ph\u00e2n trong h\u1ed9p ph\u00e2n b\u00f3n \u0111i v\u00e0o x\u1ebbng ph\u00e2n qua r\u00e3nh b\u00e1nh xe ngo\u00e0i c\u00f9ng. X\u1ebbng c\u00e0o \u0111\u1ea5t trong khi b\u00f3n ph\u00e2n v\u00e0o \u0111\u1ea5t. <\/p>    <p>Khi m\u00e1y tr\u1ed3ng ho\u00e0n th\u00e0nh qu\u00e1 tr\u00ecnh b\u00f3n ph\u00e2n, h\u1ea1t trong thi\u1ebft b\u1ecb ph\u00e2n ph\u1ed1i h\u1ea1t s\u1ebd \u0111i v\u00e0o r\u00e3nh d\u01b0\u1edbi s\u1ef1 \u0111i\u1ec1u khi\u1ec3n c\u1ee7a b\u00e1nh r\u0103ng. V\u00ec v\u1eady, h\u1ea1t trong h\u1ed9p gieo h\u1ea1t s\u1ebd \u0111i v\u00e0o m\u00e1y tr\u1ed3ng.<\/p>    <p>Thi\u1ebft b\u1ecb x\u1ea3 r\u00e3nh gieo h\u1ea1t \u0111\u1eadu ph\u1ed9ng \u0111\u1ec1u h\u1ea1t trong hai r\u00e3nh trong khi x\u1ea3 \u0111\u1ea5t v\u00e0 \u0111\u00e0o r\u00e3nh \u0111\u1ec3 ho\u00e0n th\u00e0nh qu\u00e1 tr\u00ecnh gieo.<\/p>    <p>Th\u00f9ng thu\u1ed1c tr\u1eeb s\u00e2u \u0111\u01b0\u1ee3c l\u1eafp \u0111\u1eb7t \u1edf \u0111\u1ea7u tr\u01b0\u1edbc c\u1ee7a m\u00e1y k\u00e9o, v\u00e0 \u0111\u1ea7u h\u00fat kh\u00ed \u0111\u01b0\u1ee3c l\u1eafp \u0111\u1eb7t tr\u00ean \u0111\u1ea7u ra kh\u00ed c\u1ee7a th\u00f9ng ch\u1ee9a kh\u00ed c\u1ee7a m\u00e1y n\u00e9n kh\u00ed c\u1ee7a m\u00e1y k\u00e9o. M\u00e1y k\u00e9o c\u00f3 th\u1ec3 cung c\u1ea5p m\u1ed9t \u00e1p su\u1ea5t kh\u00ed nh\u1ea5t \u0111\u1ecbnh \u0111\u1ec3 th\u1ef1c hi\u1ec7n m\u1ee5c \u0111\u00edch phun thu\u1ed1c, t\u1eeb \u0111\u00f3 ho\u00e0n th\u00e0nh vi\u1ec7c t\u1ea1o g\u00f2 \u0111\u1ea5t trong m\u1ed9t l\u1ea7n.<\/p>    <figure class=\"wp-block-embed aligncenter is-type-video is-provider-youtube wp-block-embed-youtube wp-embed-aspect-16-9 wp-has-aspect-ratio\"><div class=\"wp-block-embed__wrapper\"> <iframe loading=\"lazy\" title=\"M\u00e1y tr\u1ed3ng \u0111\u1eadu ph\u1ed9ng\/m\u00e1y tr\u1ed3ng \u0111\u1eadu ph\u1ed9ng\/m\u00e1y tr\u1ed3ng \u0111\u1eadu ph\u1ed9ng 4 h\u00e0ng\" width=\"500\" height=\"281\" src=\"https:\/\/www.youtube.com\/embed\/g6o8jZJtyzg?list=PL58YSJlfYgUlCsCeUwNyy0Ae_f8BI3080\" frameborder=\"0\" allow=\"accelerometer; autoplay; clipboard-write; encrypted-media; gyroscope; picture-in-picture; web-share\" referrerpolicy=\"strict-origin-when-cross-origin\" allowfullscreen><\/iframe> <\/div><figcaption class=\"wp-element-caption\">Multi-functional peanut planter&#8217;s working video<\/figcaption><\/figure>    <h2 class=\"wp-block-heading\" id=\"h-peanut-planting-machine-s-model\">Peanut planting machine&#8217;s model<\/h2>    <p>Lo\u1ea1i 2BH-2 (m\u1ed9t g\u00f2 \u0111\u1ea5t v\u00e0 hai h\u00e0ng), lo\u1ea1i 2BH-4 (hai g\u00f2 \u0111\u1ea5t v\u00e0 b\u1ed1n h\u00e0ng), lo\u1ea1i 2BH-6 (ba g\u00f2 \u0111\u1ea5t v\u00e0 s\u00e1u h\u00e0ng).<\/p>    <p>C\u00e1c m\u1eabu m\u00e1y ph\u1ed5 bi\u1ebfn h\u01a1n. T\u1ea5t nhi\u00ean, ch\u00fang t\u00f4i c\u0169ng c\u00f3 c\u00e1c l\u1ef1a ch\u1ecdn 8 h\u00e0ng \u0111\u1ec3 tr\u1ed3ng v\u00e0 c\u1ed1 g\u1eafng \u0111\u00e1p \u1ee9ng nhu c\u1ea7u c\u1ee7a b\u1ea1n.<\/p>    <figure class=\"wp-block-gallery has-nested-images columns-3 is-cropped wp-block-gallery-4 is-layout-flex wp-block-gallery-is-layout-flex\"> <figure class=\"wp-block-image size-large\"><img loading=\"lazy\" decoding=\"async\" width=\"720\" height=\"540\" data-id=\"12767\" src=\"https:\/\/www.agriculture-machine.com\/wp-content\/uploads\/2022\/03\/2-row-groundnut-seed-planter1.jpg\" alt=\"M\u00e1y tr\u1ed3ng \u0111\u1eadu \u0111\u1ea5t 2 h\u00e0ng\" class=\"wp-image-12767\" title=\"M\u00e1y tr\u1ed3ng \u0111\u1eadu \u0111\u1ea5t 2 h\u00e0ng\" srcset=\"https:\/\/www.agriculture-machine.com\/wp-content\/uploads\/2022\/03\/2-row-groundnut-seed-planter1.jpg 720w, https:\/\/www.agriculture-machine.com\/wp-content\/uploads\/2022\/03\/2-row-groundnut-seed-planter1-360x270.jpg 360w, https:\/\/www.agriculture-machine.com\/wp-content\/uploads\/2022\/03\/2-row-groundnut-seed-planter1-240x180.jpg 240w\" sizes=\"auto, (max-width: 720px) 100vw, 720px\" \/><figcaption class=\"wp-element-caption\">M\u00e1y tr\u1ed3ng \u0111\u1eadu \u0111\u1ea5t 2 h\u00e0ng<\/figcaption><\/figure>    <figure class=\"wp-block-image size-large\"><img loading=\"lazy\" decoding=\"async\" width=\"720\" height=\"540\" data-id=\"12769\" src=\"https:\/\/www.agriculture-machine.com\/wp-content\/uploads\/2022\/03\/tractor-drive-peanut-seeder1.jpg\" alt=\"M\u00e1y k\u00e9o tr\u1ed3ng \u0111\u1eadu ph\u1ed9ng\" class=\"wp-image-12769\" title=\"M\u00e1y k\u00e9o tr\u1ed3ng \u0111\u1eadu ph\u1ed9ng\" srcset=\"https:\/\/www.agriculture-machine.com\/wp-content\/uploads\/2022\/03\/tractor-drive-peanut-seeder1.jpg 720w, https:\/\/www.agriculture-machine.com\/wp-content\/uploads\/2022\/03\/tractor-drive-peanut-seeder1-360x270.jpg 360w, https:\/\/www.agriculture-machine.com\/wp-content\/uploads\/2022\/03\/tractor-drive-peanut-seeder1-240x180.jpg 240w\" sizes=\"auto, (max-width: 720px) 100vw, 720px\" \/><figcaption class=\"wp-element-caption\">M\u00e1y k\u00e9o tr\u1ed3ng \u0111\u1eadu ph\u1ed9ng<\/figcaption><\/figure>    <figure class=\"wp-block-image size-large\"><img loading=\"lazy\" decoding=\"async\" width=\"720\" height=\"540\" data-id=\"12770\" src=\"https:\/\/www.agriculture-machine.com\/wp-content\/uploads\/2022\/03\/6-row-groundnut-seeder1.jpg\" alt=\"M\u00e1y gieo h\u1ea1t \u0111\u1eadu ph\u1ed9ng 6 h\u00e0ng\" class=\"wp-image-12770\" title=\"M\u00e1y gieo h\u1ea1t \u0111\u1eadu ph\u1ed9ng 6 h\u00e0ng\" srcset=\"https:\/\/www.agriculture-machine.com\/wp-content\/uploads\/2022\/03\/6-row-groundnut-seeder1.jpg 720w, https:\/\/www.agriculture-machine.com\/wp-content\/uploads\/2022\/03\/6-row-groundnut-seeder1-360x270.jpg 360w, https:\/\/www.agriculture-machine.com\/wp-content\/uploads\/2022\/03\/6-row-groundnut-seeder1-240x180.jpg 240w\" sizes=\"auto, (max-width: 720px) 100vw, 720px\" \/><figcaption class=\"wp-element-caption\">M\u00e1y gieo h\u1ea1t \u0111\u1eadu ph\u1ed9ng 6 h\u00e0ng<\/figcaption><\/figure> <figcaption class=\"blocks-gallery-caption wp-element-caption\">M\u00e1y tr\u1ed3ng \u0111\u1eadu ph\u1ed9ng<\/figcaption><\/figure>    <h2 class=\"wp-block-heading\">Th\u00f4ng s\u1ed1 k\u1ef9 thu\u1eadt c\u1ee7a m\u00e1y tr\u1ed3ng \u0111\u1eadu \u0111\u1ea5t<\/h2>    <figure class=\"wp-block-table is-style-stripes\"><table><tbody><tr><td>M\u1eabu<\/td><td>2BHMF-2<\/td><td>2BHMF-4<\/td><td>2BHMF-6<\/td><\/tr><tr><td>C\u00f4ng su\u1ea5t ph\u00f9 h\u1ee3p<\/td><td>20-40 m\u00e3 l\u1ef1c<\/td><td>40-70 m\u00e3 l\u1ef1c<\/td><td>60-90 m\u00e3 l\u1ef1c<\/td><\/tr><tr><td>K\u00edch th\u01b0\u1edbc<\/td><td>2940\u00d71200\u00d71300mm<\/td><td>2940\u00d71600\u00d71300mm<\/td><td>2940\u00d71900\u00d71300mm<\/td><\/tr><tr><td>Tr\u1ecdng l\u01b0\u1ee3ng<\/td><td>180kg<\/td><td>Tr\u1ecdng l\u01b0\u1ee3ng: 350kg<\/td><td>450kg<\/td><\/tr><tr><td>Dung t\u00edch h\u1ed9p h\u1ea1t gi\u1ed1ng<\/td><td>10kg*2<\/td><td>10kg*4<\/td><td>10kg*6<\/td><\/tr><tr><td>S\u1ed1 h\u00e0ng<\/td><td>2<\/td><td>4<\/td><td>6<\/td><\/tr><tr><td>kho\u1ea3ng c\u00e1ch c\u1ee7a h\u00e0ng<\/td><td>300-350mm<\/td><td>300-350mm<\/td><td>300-350mm<\/td><\/tr><tr><td>kho\u1ea3ng c\u00e1ch c\u1ee7a h\u1ea1t gi\u1ed1ng<\/td><td>80-300mm<\/td><td>80-300mm<\/td><td>80-300mm<\/td><\/tr><tr><td>n\u0103ng su\u1ea5t<\/td><td>0.5-0.8 m\u1eabu Anh\/h<\/td><td>0.8-1.6 m\u1eabu Anh\/h<\/td><td>1.6-3.2 m\u1eabu Anh\/h<\/td><\/tr><tr><td>T\u1ef7 l\u1ec7 gieo h\u1ea1t<\/td><td>&gt;98%<\/td><td>&gt;98%<\/td><td>&gt;98%<\/td><\/tr><\/tbody><\/table><figcaption class=\"wp-element-caption\">peanut planter&#8217;s parameter<\/figcaption><\/figure>    <p>V\u1edbi s\u1ef1 m\u1edf r\u1ed9ng li\u00ean t\u1ee5c c\u1ee7a di\u1ec7n t\u00edch tr\u1ed3ng \u0111\u1eadu ph\u1ed9ng v\u00e0 vi\u1ec7c \u1ee9ng d\u1ee5ng r\u1ed9ng r\u00e3i \u0111\u1eadu ph\u1ed9ng trong th\u1ef1c ph\u1ea9m, d\u1ea7u \u0103n v\u00e0 c\u00e1c l\u0129nh v\u1ef1c kh\u00e1c, tr\u1ed3ng tr\u1ecdt c\u01a1 gi\u1edbi h\u00f3a \u0111\u00e3 tr\u1edf th\u00e0nh xu h\u01b0\u1edbng t\u1ea5t y\u1ebfu. <\/p>    <p class=\"translation-block\">M\u00e1y tr\u1ed3ng \u0111\u1eadu ph\u1ed9ng n\u00e0y c\u00f3 th\u1ec3 t\u00edch h\u1ee3p v\u1edbi <a href=\"https:\/\/www.agriculture-machine.com\/vi\/peanut-harvester\/\">m\u00e1y thu ho\u1ea1ch \u0111\u1eadu ph\u1ed9ng<\/a>, <a href=\"https:\/\/www.agriculture-machine.com\/vi\/peanut-picker-machine\/\">m\u00e1y nh\u1eb7t \u0111\u1eadu ph\u1ed9ng<\/a>, <a href=\"https:\/\/www.agriculture-machine.com\/vi\/peanut-groundnut-shell-removing-machine\/\">m\u00e1y b\u00f3c v\u1ecf \u0111\u1eadu ph\u1ed9ng<\/a>, <a href=\"https:\/\/www.agriculture-machine.com\/vi\/screw-oil-press-machine-screw-press-oil-extraction\/\">m\u00e1y \u00e9p d\u1ea7u v\u00edt<\/a>, v\u00e0 c\u00e1c m\u00e1y m\u00f3c kh\u00e1c \u0111\u1ec3 t\u1ea1o th\u00e0nh m\u1ed9t gi\u1ea3i ph\u00e1p c\u01a1 gi\u1edbi to\u00e0n di\u1ec7n cho ng\u00e0nh \u0111\u1eadu ph\u1ed9ng.<\/p>    <h2 class=\"wp-block-heading\" id=\"h-normal-problem\">C\u00e2u h\u1ecfi th\u01b0\u1eddng g\u1eb7p<\/h2>   <div id=\"rank-math-faq\" class=\"rank-math-block\"> <div class=\"rank-math-list\"> <div id=\"faq-question-1706253089235\" class=\"rank-math-list-item\"> <h3 class=\"rank-math-question\">C\u1ea7n lo\u1ea1i m\u00e1y k\u00e9o c\u00f3 c\u00f4ng su\u1ea5t bao nhi\u00eau m\u00e3 l\u1ef1c cho m\u00e1y tr\u1ed3ng \u0111\u1eadu ph\u1ed9ng n\u00e0y?<\/h3> <div class=\"rank-math-answer\">  <p>Th\u00f4ng th\u01b0\u1eddng, \u0111\u1ec1 xu\u1ea5t s\u1eed d\u1ee5ng m\u00e1y k\u00e9o t\u1eeb 20\u201380 m\u00e3 l\u1ef1c (t\u00f9y thu\u1ed9c v\u00e0o s\u1ed1 h\u00e0ng). Ch\u00fang t\u00f4i c\u00f3 th\u1ec3 \u0111\u1ec1 xu\u1ea5t c\u1ea5u h\u00ecnh c\u00f4ng su\u1ea5t ph\u00f9 h\u1ee3p d\u1ef1a tr\u00ean m\u1eabu m\u00e1y k\u00e9o c\u1ee7a b\u1ea1n.<\/p>  <\/div> <\/div> <div id=\"faq-question-1706253093178\" class=\"rank-math-list-item\"> <h3 class=\"rank-math-question\">S\u1ed1 h\u00e0ng c\u00f3 th\u1ec3 t\u00f9y ch\u1ec9nh theo nhu c\u1ea7u tr\u1ed3ng tr\u1ecdt c\u1ee7a t\u00f4i kh\u00f4ng?<\/h3> <div class=\"rank-math-answer\">  <p>C\u00f3. M\u00e1y cung c\u1ea5p c\u00e1c m\u00f4 h\u00ecnh 2-, 4-, 6-, v\u00e0 8 h\u00e0ng v\u00e0 c\u00f3 th\u1ec3 t\u00f9y ch\u1ec9nh theo di\u1ec7n t\u00edch tr\u1ed3ng v\u00e0 kho\u1ea3ng c\u00e1ch h\u00e0ng c\u1ee7a b\u1ea1n.<\/p>  <\/div> <\/div> <div id=\"faq-question-1706253101674\" class=\"rank-math-list-item\"> <h3 class=\"rank-math-question\">C\u00f3 h\u1ed7 tr\u1ee3 tr\u1ed3ng b\u1eb1ng m\u00e0ng nh\u1ef1a kh\u00f4ng?<\/h3> <div class=\"rank-math-answer\">  <p>C\u00f3. C\u00e1c ch\u1ee9c n\u0103ng ph\u1ee7 mulching v\u00e0 ni\u00eam phong t\u00f9y ch\u1ecdn cho ph\u00e9p gieo h\u1ea1t v\u00e0 ph\u1ee7 \u0111\u1ea5t c\u00f9ng l\u00fac, t\u0103ng kh\u1ea3 n\u0103ng gi\u1eef \u1ea9m v\u00e0 t\u1ef7 l\u1ec7 n\u1ea3y m\u1ea7m c\u1ee7a c\u00e2y.<\/p>  <\/div> <\/div> <div id=\"faq-question-1770799273998\" class=\"rank-math-list-item\"> <h3 class=\"rank-math-question\">Kho\u1ea3ng c\u00e1ch gieo h\u1ea1t v\u00e0 \u0111\u1ed9 s\u00e2u c\u00f3 th\u1ec3 \u0111i\u1ec1u ch\u1ec9nh kh\u00f4ng?<\/h3> <div class=\"rank-math-answer\">  <p>C\u00f3. Kho\u1ea3ng c\u00e1ch tr\u1ed3ng, kho\u1ea3ng c\u00e1ch h\u00e0ng v\u00e0 \u0111\u1ed9 s\u00e2u gieo h\u1ea1t c\u00f3 th\u1ec3 \u0111i\u1ec1u ch\u1ec9nh \u0111\u1ec3 \u0111\u00e1p \u1ee9ng y\u00eau c\u1ea7u n\u00f4ng nghi\u1ec7p v\u00e0 ti\u00eau chu\u1ea9n tr\u1ed3ng tr\u1ecdt khu v\u1ef1c.<\/p>  <\/div> <\/div> <div id=\"faq-question-1770800036248\" class=\"rank-math-list-item\"> <h3 class=\"rank-math-question\">M\u00e1y c\u00f3 th\u1ec3 ho\u1ea1t \u0111\u1ed9ng b\u00ecnh th\u01b0\u1eddng tr\u00ean c\u00e1c c\u00e1nh \u0111\u1ed3ng c\u00f3 nhi\u1ec1u c\u1ecf d\u1ea1i ho\u1eb7c \u0111\u1ea5t kh\u00f4ng b\u1eb1ng ph\u1eb3ng kh\u00f4ng?<\/h3> <div class=\"rank-math-answer\">  <p>C\u00f3. Thi\u1ebft b\u1ecb c\u00f3 c\u1ea5u tr\u00fac \u0111\u01b0\u1ee3c thi\u1ebft k\u1ebf t\u1ed1t v\u1edbi kh\u1ea3 n\u0103ng th\u00edch \u1ee9ng m\u1ea1nh m\u1ebd, duy tr\u00ec ho\u1ea1t \u0111\u1ed9ng \u1ed5n \u0111\u1ecbnh d\u01b0\u1edbi c\u00e1c \u0111i\u1ec1u ki\u1ec7n chu\u1ea9n b\u1ecb \u0111\u1ea5t \u0111i\u1ec3n h\u00ecnh.<\/p>  <\/div> <\/div> <\/div> <\/div>   <p>N\u1ebfu b\u1ea1n quan t\u00e2m \u0111\u1ebfn s\u1ea3n ph\u1ea9m c\u1ee7a ch\u00fang t\u00f4i ho\u1eb7c c\u00f3 b\u1ea5t k\u1ef3 c\u00e2u h\u1ecfi n\u00e0o, xin vui l\u00f2ng li\u00ean h\u1ec7 v\u1edbi ch\u00fang t\u00f4i. \u0110\u1ed9i ng\u0169 chuy\u00ean nghi\u1ec7p c\u1ee7a ch\u00fang t\u00f4i s\u1ebd vui v\u1ebb cung c\u1ea5p th\u00f4ng tin chi ti\u1ebft v\u1ec1 s\u1ea3n ph\u1ea9m v\u00e0 tr\u1ea3 l\u1eddi t\u1ea5t c\u1ea3 c\u00e1c c\u00e2u h\u1ecfi c\u1ee7a b\u1ea1n.<\/p>","protected":false},"excerpt":{"rendered":"<p>M\u00e1y tr\u1ed3ng \u0111\u1eadu ph\u1ed9ng t\u00edch h\u1ee3p nhi\u1ec1u ch\u1ee9c n\u0103ng, bao g\u1ed3m gieo h\u1ea1t, b\u00f3n ph\u00e2n, ph\u1ee7 \u0111\u1ea5t v\u00e0 tr\u1ea3i m\u00e0ng ph\u1ee7 mulching. C\u00f3 s\u1eb5n c\u00e1c c\u1ea5u h\u00ecnh t\u1eeb 2\u20138 h\u00e0ng, ph\u00f9 h\u1ee3p cho c\u1ea3 tr\u1ed3ng tr\u00ean lu\u1ed1ng v\u00e0 tr\u1ed3ng tr\u00ean m\u1eb7t b\u1eb1ng ph\u1eb3ng.<\/p>","protected":false},"author":1,"featured_media":12758,"parent":0,"comment_status":"closed","ping_status":"closed","template":"","tags":[797,976,492],"product-type":[884],"class_list":["post-11660","product","type-product","status-publish","has-post-thumbnail","hentry","tag-peanut","tag-peanutplanter","tag-planter","product-type-peanut-planter"],"_links":{"self":[{"href":"https:\/\/www.agriculture-machine.com\/vi\/wp-json\/wp\/v2\/product\/11660","targetHints":{"allow":["GET"]}}],"collection":[{"href":"https:\/\/www.agriculture-machine.com\/vi\/wp-json\/wp\/v2\/product"}],"about":[{"href":"https:\/\/www.agriculture-machine.com\/vi\/wp-json\/wp\/v2\/types\/product"}],"author":[{"embeddable":true,"href":"https:\/\/www.agriculture-machine.com\/vi\/wp-json\/wp\/v2\/users\/1"}],"replies":[{"embeddable":true,"href":"https:\/\/www.agriculture-machine.com\/vi\/wp-json\/wp\/v2\/comments?post=11660"}],"wp:featuredmedia":[{"embeddable":true,"href":"https:\/\/www.agriculture-machine.com\/vi\/wp-json\/wp\/v2\/media\/12758"}],"wp:attachment":[{"href":"https:\/\/www.agriculture-machine.com\/vi\/wp-json\/wp\/v2\/media?parent=11660"}],"wp:term":[{"taxonomy":"post_tag","embeddable":true,"href":"https:\/\/www.agriculture-machine.com\/vi\/wp-json\/wp\/v2\/tags?post=11660"},{"taxonomy":"product-type","embeddable":true,"href":"https:\/\/www.agriculture-machine.com\/vi\/wp-json\/wp\/v2\/product-type?post=11660"}],"curies":[{"name":"wp","href":"https:\/\/api.w.org\/{rel}","templated":true}]}}