{"id":11750,"date":"2021-10-28T17:12:13","date_gmt":"2021-10-28T09:12:13","guid":{"rendered":"https:\/\/www.agriculture-machine.com\/?p=11750"},"modified":"2025-05-26T17:18:03","modified_gmt":"2025-05-26T09:18:03","slug":"screw-oil-press-machine-screw-press-oil-extraction","status":"publish","type":"product","link":"https:\/\/www.agriculture-machine.com\/vi\/screw-oil-press-machine-screw-press-oil-extraction\/","title":{"rendered":"M\u00e1y \u00c9p D\u1ea7u B\u1eb1ng V\u00edt, Thi\u1ebft B\u1ecb Chi\u1ebft Xu\u1ea5t D\u1ea7u \u0110\u1eadu Ph\u1ed9ng, H\u1ea1t M\u00e8"},"content":{"rendered":"<p class=\"translation-block\">M\u00e1y \u00e9p d\u1ea7u t\u1ef1 \u0111\u1ed9ng <strong>l\u00e0m b\u1eb1ng v\u00edt<\/strong> l\u00e0 m\u1ed9t lo\u1ea1i thi\u1ebft b\u1ecb chi\u1ebft xu\u1ea5t d\u1ea7u hi\u1ec7u qu\u1ea3 v\u00e0 ti\u1ebft ki\u1ec7m n\u0103ng l\u01b0\u1ee3ng, \u0111\u01b0\u1ee3c s\u1eed d\u1ee5ng r\u1ed9ng r\u00e3i trong c\u00e1c nh\u00e0 m\u00e1y d\u1ea7u nh\u1ecf v\u00e0 v\u1eeba, c\u0169ng nh\u01b0 c\u00e1c x\u01b0\u1edfng gia \u0111\u00ecnh v\u1edbi t\u1ef7 l\u1ec7 chuy\u1ec3n \u0111\u1ed5i d\u1ea7u t\u1eeb 20%-50%.<\/p>    <p>So v\u1edbi ph\u01b0\u01a1ng ph\u00e1p chi\u1ebft xu\u1ea5t d\u1ea7u truy\u1ec1n th\u1ed1ng, n\u0103ng su\u1ea5t d\u1ea7u c\u1ee7a thi\u1ebft b\u1ecb n\u00e0y \u0111\u00e3 t\u0103ng t\u1eeb 4% \u0111\u1ebfn 6%, v\u00e0 ti\u00eau th\u1ee5 n\u0103ng l\u01b0\u1ee3ng \u0111\u00e3 gi\u1ea3m kho\u1ea3ng 60%, \u0111i\u1ec1u n\u00e0y c\u1ea3i thi\u1ec7n \u0111\u00e1ng k\u1ec3 hi\u1ec7u qu\u1ea3 s\u1ea3n xu\u1ea5t v\u00e0 l\u1ee3i \u00edch kinh t\u1ebf.<\/p>    <figure class=\"wp-block-image aligncenter size-full\" id=\"screw-oil-press-machine\"><img loading=\"lazy\" decoding=\"async\" width=\"720\" height=\"540\" src=\"https:\/\/www.agriculture-machine.com\/wp-content\/uploads\/2021\/10\/lQDPDhrQf3GNo9_NAu7NAu6wz-R60YbSrb4Bgth7WIAfAA_750_750.jpg\" alt=\"M\u00e1y \u00e9p d\u1ea7u b\u1eb1ng v\u00edt\" class=\"wp-image-11898\" title=\"M\u00e1y \u00e9p d\u1ea7u b\u1eb1ng v\u00edt\" srcset=\"https:\/\/www.agriculture-machine.com\/wp-content\/uploads\/2021\/10\/lQDPDhrQf3GNo9_NAu7NAu6wz-R60YbSrb4Bgth7WIAfAA_750_750.jpg 720w, https:\/\/www.agriculture-machine.com\/wp-content\/uploads\/2021\/10\/lQDPDhrQf3GNo9_NAu7NAu6wz-R60YbSrb4Bgth7WIAfAA_750_750-360x270.jpg 360w, https:\/\/www.agriculture-machine.com\/wp-content\/uploads\/2021\/10\/lQDPDhrQf3GNo9_NAu7NAu6wz-R60YbSrb4Bgth7WIAfAA_750_750-240x180.jpg 240w\" sizes=\"auto, (max-width: 720px) 100vw, 720px\" \/><figcaption class=\"wp-element-caption\">M\u00e1y \u00e9p d\u1ea7u b\u1eb1ng v\u00edt<\/figcaption><\/figure>    <p>Lo\u1ea1t m\u00e1y \u00e9p d\u1ea7u n\u00e0y d\u1ec5 v\u1eadn h\u00e0nh, chi\u1ebfm di\u1ec7n t\u00edch nh\u1ecf, ph\u00f9 h\u1ee3p \u0111\u1ec3 \u00e9p n\u00f3ng v\u00e0 \u00e9p l\u1ea1nh c\u00e1c lo\u1ea1i c\u00e2y d\u1ea7u. Ph\u00f9 h\u1ee3p v\u1edbi h\u01a1n 30 lo\u1ea1i c\u00e2y h\u1ea1t d\u1ea7u nh\u01b0 \u0111\u1eadu ph\u1ed9ng, \u0111\u1eadu n\u00e0nh, m\u00e8, c\u1ea3i d\u1ea7u, v.v. T\u1ef7 l\u1ec7 d\u1ea7u c\u00f2n l\u1ea1i trong b\u00e1nh kh\u00f4 th\u1ea5p nh\u1ea5t l\u00e0 0.5%-3.5%, c\u00f4ng su\u1ea5t c\u1ee7a m\u00e1y \u0111\u01a1n t\u1eeb 15kg\/h \u0111\u1ebfn 550kg\/h.<\/p>    <figure class=\"wp-block-embed aligncenter is-type-video is-provider-youtube wp-block-embed-youtube wp-embed-aspect-16-9 wp-has-aspect-ratio\"><div class=\"wp-block-embed__wrapper\"> <iframe loading=\"lazy\" title=\"Video ho\u1ea1t \u0111\u1ed9ng c\u1ee7a qu\u00e1 tr\u00ecnh chi\u1ebft xu\u1ea5t d\u1ea7u c\u1ea3i v\u00e0 l\u1ecdc d\u1ea7u c\u1ea3i b\u1eb1ng m\u00e1y \u00e9p d\u1ea7u b\u1eb1ng v\u00edt\" width=\"500\" height=\"281\" src=\"https:\/\/www.youtube.com\/embed\/7A41hiwDkj4?feature=oembed\" frameborder=\"0\" allow=\"accelerometer; autoplay; clipboard-write; encrypted-media; gyroscope; picture-in-picture; web-share\" referrerpolicy=\"strict-origin-when-cross-origin\" allowfullscreen><\/iframe> <\/div><figcaption class=\"wp-element-caption\">Screw oil press machine&#8217;s working video<\/figcaption><\/figure>    <p>Theo y\u00eau c\u1ea7u s\u1ea3n xu\u1ea5t kh\u00e1c nhau, c\u00f3 nhi\u1ec1u m\u1eabu m\u00e3 \u0111\u1ec3 l\u1ef1a ch\u1ecdn, nh\u01b0 6YL-60, 6YL-70, 6YL-80, 6YL-100, 6YL-125, v.v., \u0111\u1ec3 \u0111\u00e1p \u1ee9ng nhu c\u1ea7u \u0111a d\u1ea1ng c\u1ee7a ng\u01b0\u1eddi d\u00f9ng.<\/p>    <h2 class=\"wp-block-heading\" id=\"h-introduction-of-screw-oil-press-machine\">M\u00e1y \u00e9p d\u1ea7u b\u1eb1ng v\u00edt b\u00e1n ch\u1ea1y<\/h2>    <p>M\u00e1y \u00e9p d\u1ea7u t\u1ef1 \u0111\u1ed9ng c\u00f3 th\u1ec3 th\u1ef1c hi\u1ec7n l\u1ecdc ch\u00e2n kh\u00f4ng. C\u00f3 th\u1ec3 c\u00e0i \u0111\u1eb7t nhi\u1ec7t \u0111\u1ed9 kh\u00e1c nhau t\u00f9y theo t\u1eebng lo\u1ea1i nguy\u00ean li\u1ec7u.<\/p>    <p>Xoay tay c\u00f3 th\u1ec3 \u0111i\u1ec1u ch\u1ec9nh \u00e1p l\u1ef1c m\u00e0 ng\u01b0\u1eddi d\u00f9ng y\u00eau c\u1ea7u \u0111\u1ec3 \u00e9p v\u1eadt li\u1ec7u. L\u01b0\u1ee3ng d\u1ea7u \u00e9p ra m\u1ed7i l\u1ea7n c\u0169ng kh\u00e1c nhau t\u00f9y theo \u00e1p l\u1ef1c, v\u00e0 \u0111\u1ed9 d\u00e0y c\u1ee7a b\u00e1nh d\u1ea7u c\u0169ng kh\u00e1c nhau. <\/p>    <figure class=\"wp-block-image aligncenter size-large is-resized\"><img loading=\"lazy\" decoding=\"async\" width=\"540\" height=\"540\" src=\"https:\/\/www.agriculture-machine.com\/wp-content\/uploads\/2021\/10\/\u5fae\u4fe1\u56fe\u7247_2021090216442810-540x540.jpg?v=1635402250\" alt=\"M\u00e1y \u00e9p d\u1ea7u b\u1eb1ng v\u00edt\" class=\"wp-image-11903\" title=\"m\u00e1y \u00e9p d\u1ea7u b\u1eb1ng v\u00edt\" srcset=\"https:\/\/www.agriculture-machine.com\/wp-content\/uploads\/2021\/10\/\u5fae\u4fe1\u56fe\u7247_2021090216442810-540x540.jpg 540w, https:\/\/www.agriculture-machine.com\/wp-content\/uploads\/2021\/10\/\u5fae\u4fe1\u56fe\u7247_2021090216442810-270x270.jpg 270w, https:\/\/www.agriculture-machine.com\/wp-content\/uploads\/2021\/10\/\u5fae\u4fe1\u56fe\u7247_2021090216442810-768x768.jpg 768w, https:\/\/www.agriculture-machine.com\/wp-content\/uploads\/2021\/10\/\u5fae\u4fe1\u56fe\u7247_2021090216442810-1536x1536.jpg 1536w, https:\/\/www.agriculture-machine.com\/wp-content\/uploads\/2021\/10\/\u5fae\u4fe1\u56fe\u7247_2021090216442810-2048x2048.jpg 2048w\" sizes=\"auto, (max-width: 540px) 100vw, 540px\" \/><figcaption class=\"wp-element-caption\">M\u00e1y \u00e9p d\u1ea7u b\u1eb1ng v\u00edt<\/figcaption><\/figure>    <h2 class=\"wp-block-heading\">V\u1eadt li\u1ec7u ph\u00f9 h\u1ee3p cho m\u00e1y \u00e9p d\u1ea7u b\u1eb1ng v\u00edt<\/h2>    <p>M\u00e1y \u00e9p d\u1ea7u b\u1eb1ng v\u00edt c\u1ee7a ch\u00fang t\u00f4i ph\u00f9 h\u1ee3p cho \u0111\u1eadu ph\u1ed9ng, lanh, m\u00e8, c\u1ea3i d\u1ea7u, h\u01b0\u1edbng d\u01b0\u01a1ng, h\u1ea1t b\u00f4ng, \u0111\u1eadu n\u00e0nh, qu\u1ea3 \u00f3c ch\u00f3, h\u1ea1t ti\u00eau, h\u1ea1t tung, th\u1ea7u d\u1ea7u, h\u1ea1nh nh\u00e2n, v.v.<\/p>    <figure class=\"wp-block-image aligncenter size-large is-resized\"><img loading=\"lazy\" decoding=\"async\" width=\"502\" height=\"540\" src=\"https:\/\/www.agriculture-machine.com\/wp-content\/uploads\/2021\/10\/\u672a\u6807\u9898-1_05-502x540.jpg?v=1635402522\" alt=\"M\u00e1y \u00e9p d\u1ea7u b\u1eb1ng v\u00edt\" class=\"wp-image-11904\" title=\"\" srcset=\"https:\/\/www.agriculture-machine.com\/wp-content\/uploads\/2021\/10\/\u672a\u6807\u9898-1_05-502x540.jpg 502w, https:\/\/www.agriculture-machine.com\/wp-content\/uploads\/2021\/10\/\u672a\u6807\u9898-1_05-251x270.jpg 251w, https:\/\/www.agriculture-machine.com\/wp-content\/uploads\/2021\/10\/\u672a\u6807\u9898-1_05.jpg 750w\" sizes=\"auto, (max-width: 502px) 100vw, 502px\" \/><figcaption class=\"wp-element-caption\">M\u00e1y \u00e9p d\u1ea7u b\u1eb1ng v\u00edt<\/figcaption><\/figure>    <h2 class=\"wp-block-heading\">C\u1ea5u tr\u00fac c\u1ee7a m\u00e1y \u00e9p d\u1ea7u b\u1eb1ng v\u00edt<\/h2>    <p>C\u1ea5u tr\u00fac c\u1ee7a m\u00e1y \u00e9p d\u1ea7u b\u1eb1ng v\u00edt bao g\u1ed3m b\u1ed9 \u0111i\u1ec1u ch\u1ec9nh nhi\u1ec7t, \u1ed1ng tho\u00e1t kh\u00f3i, t\u1ee7 ph\u00e2n ph\u1ed1i b\u1ed9t, v\u1ecb tr\u00ed b\u00f4i d\u1ea7u, b\u1ed9 gi\u1ea3m t\u1ed1c, \u0111\u1ed9ng c\u01a1, c\u1eeda n\u1ea1p, b\u1ed9 \u0111i\u1ec1u ch\u1ec9nh, b\u1ed9 gia nhi\u1ec7t, ph\u1ea7n ra d\u1ea7u, ph\u1ea7n \u00e9p, b\u1ed9 l\u1ecdc d\u1ea7u ch\u00e2n kh\u00f4ng, v.v.<\/p>    <figure class=\"wp-block-image aligncenter size-large is-resized\"><img loading=\"lazy\" decoding=\"async\" width=\"410\" height=\"540\" src=\"https:\/\/www.agriculture-machine.com\/wp-content\/uploads\/2021\/10\/\u672a\u6807\u9898-1_02-410x540.jpg?v=1635402558\" alt=\"C\u1ea5u tr\u00fac m\u00e1y\" class=\"wp-image-11905\" srcset=\"https:\/\/www.agriculture-machine.com\/wp-content\/uploads\/2021\/10\/\u672a\u6807\u9898-1_02-410x540.jpg 410w, https:\/\/www.agriculture-machine.com\/wp-content\/uploads\/2021\/10\/\u672a\u6807\u9898-1_02-205x270.jpg 205w, https:\/\/www.agriculture-machine.com\/wp-content\/uploads\/2021\/10\/\u672a\u6807\u9898-1_02.jpg 750w\" sizes=\"auto, (max-width: 410px) 100vw, 410px\" \/><figcaption class=\"wp-element-caption\">machine&#8217;s structure<\/figcaption><\/figure>    <h2 class=\"wp-block-heading\">Nguy\u00ean l\u00fd ho\u1ea1t \u0111\u1ed9ng c\u1ee7a m\u00e1y \u00e9p d\u1ea7u b\u1eb1ng v\u00edt<\/h2>    <p>Trong m\u00e1y \u00e9p d\u1ea7u b\u1eb1ng v\u00edt, nguy\u00ean li\u1ec7u th\u00f4 \u0111i v\u00e0o bu\u1ed3ng \u00e9p t\u1eeb ph\u1ec5u. Sau \u0111\u00f3, ch\u00fang b\u1ecb \u0111\u1ea9y v\u00e0o trong b\u1eb1ng tr\u1ee5c v\u00edt \u0111\u1ec3 \u00e9p.<\/p>    <p>\u00c1p l\u1ef1c cao v\u00e0 ma s\u00e1t gi\u1eefa v\u1eadt li\u1ec7u, tr\u1ee5c v\u00edt v\u00e0 bu\u1ed3ng t\u1ea1o ra chuy\u1ec3n \u0111\u1ed9ng t\u01b0\u01a1ng \u0111\u1ed1i v\u00e0 sinh nhi\u1ec7t, h\u1ed7 tr\u1ee3 qu\u00e1 tr\u00ecnh chi\u1ebft xu\u1ea5t d\u1ea7u.<\/p>    <p>The screw&#8217;s increasing diameter and decreasing pitch push the material forward and outward. While frictional heat helps denature proteins, increase plasticity, and reduce viscosity, thereby improving the oil yield and allowing oil to flow out through gaps in the press.<\/p>    <figure class=\"wp-block-embed aligncenter is-type-video is-provider-youtube wp-block-embed-youtube wp-embed-aspect-16-9 wp-has-aspect-ratio\"><div class=\"wp-block-embed__wrapper\"> <iframe loading=\"lazy\" title=\"Ma thu\u1eadt chi\u1ebft xu\u1ea5t d\u1ea7u: Kh\u00e1m ph\u00e1 s\u1ee9c m\u1ea1nh c\u1ee7a m\u00e1y \u00e9p d\u1ea7u c\u1ee7a ch\u00fang t\u00f4i!#d\u1ea7u #m\u00e1y\u00e9p d\u1ea7u\" width=\"500\" height=\"281\" src=\"https:\/\/www.youtube.com\/embed\/c8tV-bTnv3k?feature=oembed\" frameborder=\"0\" allow=\"accelerometer; autoplay; clipboard-write; encrypted-media; gyroscope; picture-in-picture; web-share\" referrerpolicy=\"strict-origin-when-cross-origin\" allowfullscreen><\/iframe> <\/div><figcaption class=\"wp-element-caption\">Video ho\u1ea1t \u0111\u1ed9ng c\u1ee7a m\u00e1y \u00e9p d\u1ea7u b\u1eb1ng v\u00edt<\/figcaption><\/figure>    <h2 class=\"wp-block-heading\">Th\u00f4ng s\u1ed1 k\u1ef9 thu\u1eadt c\u1ee7a m\u00e1y \u00e9p d\u1ea7u b\u1eb1ng v\u00edt<\/h2>    <figure class=\"wp-block-table\"><table class=\"has-black-color has-pale-cyan-blue-background-color has-text-color has-background\"><tbody><tr><td><strong>M\u1eabu<\/strong><\/td><td><strong>6YL-60<\/strong><\/td><td><strong>6YL-70<\/strong><\/td><td><strong>6YL-80<\/strong><\/td><td><strong>6YL-100<\/strong><\/td><td><strong>6YL-125<\/strong><\/td><\/tr><tr><td>\u0110\u01b0\u1eddng k\u00ednh tr\u1ee5c(mm)<\/td><td>\u03a655<\/td><td>\u03a665<\/td><td>\u03a680<\/td><td>\u03a6100<\/td><td>\u03a6125<\/td><\/tr><tr><td>T\u1ed1c \u0111\u1ed9 quay c\u1ee7a tr\u1ee5c v\u00edt(r\/ph\u00fat)<\/td><td>64<\/td><td>38<\/td><td>35<\/td><td>37<\/td><td>34<\/td><\/tr><tr><td>C\u00f4ng su\u1ea5t ch\u00ednh(kw)<\/td><td>2.2<\/td><td>3<\/td><td>4<\/td><td>7.5<\/td><td>15<\/td><\/tr><tr><td>C\u00f4ng su\u1ea5t b\u01a1m ch\u00e2n kh\u00f4ng(kw)<\/td><td>0.75<\/td><td>0.75<\/td><td>0.55<\/td><td>0.75<\/td><td>0.75<\/td><\/tr><tr><td>C\u00f4ng su\u1ea5t l\u00e0m n\u00f3ng(kw)<\/td><td>0.9<\/td><td>1.8<\/td><td>2.2<\/td><td>3<\/td><td>3.75<\/td><\/tr><tr><td>C\u00f4ng su\u1ea5t(kg\/h)<\/td><td>40-60<\/td><td>50-70<\/td><td>80-120<\/td><td>150-230<\/td><td>300-350<\/td><\/tr><tr><td>Tr\u1ecdng l\u01b0\u1ee3ng(kg)<\/td><td>240<\/td><td>280<\/td><td>880<\/td><td>1100<\/td><td>1400<\/td><\/tr><tr><td>K\u00edch th\u01b0\u1edbc(mm)<\/td><td>1200*480*1100<\/td><td>1400*500*1200<\/td><td>1700*110*1600<\/td><td>1900*1200*1300<\/td><td>2600*1300*2300<\/td><\/tr><\/tbody><\/table><figcaption class=\"wp-element-caption\">Screw press oil extraction&#8217;s parameter <\/figcaption><\/figure>    <h2 class=\"wp-block-heading\">\u01afu \u0111i\u1ec3m c\u1ee7a m\u00e1y \u00e9p d\u1ea7u b\u1eb1ng v\u00edt<\/h2>    <ul class=\"wp-block-list\"> <li>N\u0103ng su\u1ea5t d\u1ea7u cao: so v\u1edbi thi\u1ebft b\u1ecb c\u0169, n\u0103ng su\u1ea5t d\u1ea7u c\u00f3 th\u1ec3 t\u0103ng 2-3 \u0111i\u1ec3m ph\u1ea7n tr\u0103m. V\u1edbi m\u1ed7i 100 pound \u0111\u1eadu ph\u1ed9ng \u0111\u01b0\u1ee3c x\u1eed l\u00fd, trung b\u00ecnh c\u00f3 th\u1ec3 s\u1ea3n xu\u1ea5t 2-6 pound d\u1ea7u.<\/li>    <li>Ti\u1ebft ki\u1ec7m n\u0103ng l\u01b0\u1ee3ng v\u00e0 b\u1ea3o v\u1ec7 m\u00f4i tr\u01b0\u1eddng: ti\u1ebft ki\u1ec7m 40% \u0111i\u1ec7n n\u0103ng c\u00f9ng m\u1ee9c s\u1ea3n l\u01b0\u1ee3ng.<\/li>    <li>Ti\u1ebft ki\u1ec7m lao \u0111\u1ed9ng v\u00e0 hi\u1ec7u qu\u1ea3 cao: ti\u1ebft ki\u1ec7m 60% lao \u0111\u1ed9ng c\u00f9ng m\u1ee9c s\u1ea3n l\u01b0\u1ee3ng, 1-2 ng\u01b0\u1eddi c\u00f3 th\u1ec3 v\u1eadn h\u00e0nh.<\/li>    <li>Ph\u1ea1m vi \u1ee9ng d\u1ee5ng r\u1ed9ng: m\u1ed9t m\u00e1y c\u00f3 th\u1ec3 \u0111a d\u1ee5ng, \u00e9p h\u01a1n 30 lo\u1ea1i c\u00e2y d\u1ea7u (nh\u01b0 \u0111\u1eadu ph\u1ed9ng, m\u00e8, h\u01b0\u1edbng d\u01b0\u01a1ng, h\u1ea1t b\u00f4ng, \u0111\u1eadu n\u00e0nh, v.v.).<\/li>    <li>D\u1ea7u tinh khi\u1ebft: ph\u1ea7n c\u00f2n l\u1ea1i \u0111\u01b0\u1ee3c l\u1ecdc b\u1eb1ng ch\u00e2n kh\u00f4ng, ch\u1ea5t l\u01b0\u1ee3ng d\u1ea7u tinh khi\u1ebft v\u00e0 ph\u00f9 h\u1ee3p ti\u00eau chu\u1ea9n v\u1ec7 sinh.<\/li>    <li>Kh\u00f4ng gian nh\u1ecf: x\u01b0\u1edfng \u00e9p ch\u1ec9 c\u1ea7n 10-20 m\u00e9t vu\u00f4ng \u0111\u1ec3 \u0111\u00e1p \u1ee9ng nhu c\u1ea7u s\u1ea3n xu\u1ea5t.<\/li>    <li>\u0110i\u1ec1u khi\u1ec3n nhi\u1ec7t \u0111\u1ed9 th\u00f4ng minh: h\u1ec7 th\u1ed1ng \u0111i\u1ec1u khi\u1ec3n nhi\u1ec7t \u0111\u1ed9 h\u1ed3ng ngo\u1ea1i \u0111\u01b0\u1ee3c \u00e1p d\u1ee5ng \u0111\u1ec3 t\u1ef1 \u0111\u1ed9ng \u0111i\u1ec1u ch\u1ec9nh nhi\u1ec7t \u0111\u1ed9 \u00e9p v\u00e0 \u0111\u1ed9 \u1ea9m, c\u00e1c ph\u00e2n t\u1eed d\u1ea7u \u0111\u01b0\u1ee3c l\u00e0m m\u1ec1m v\u00e0 k\u00edch ho\u1ea1t tr\u1ef1c ti\u1ebfp, n\u0103ng su\u1ea5t d\u1ea7u t\u0103ng \u0111\u00e1ng k\u1ec3.<\/li>    <li>L\u1ecdc hi\u1ec7u qu\u1ea3 cao: \u00e1p d\u1ee5ng thi\u1ebft b\u1ecb l\u1ecdc ch\u00ednh x\u00e1c nhi\u1ec1u giai \u0111o\u1ea1n \u0111\u1ec3 t\u0103ng \u00e1p l\u1ef1c l\u1ecdc d\u1ea7u v\u00e0 nhi\u1ec7t \u0111\u1ed9 d\u1ea7u th\u00f4, ch\u1ea5t l\u01b0\u1ee3ng d\u1ea7u tinh khi\u1ebft h\u01a1n v\u00e0 t\u1ed1c \u0111\u1ed9 l\u1ecdc nhanh.<\/li> <\/ul>    <figure class=\"wp-block-image aligncenter size-full is-resized\"><img loading=\"lazy\" decoding=\"async\" width=\"661\" height=\"496\" src=\"https:\/\/www.agriculture-machine.com\/wp-content\/uploads\/2021\/10\/EM\u622a\u56fe_201681154127.png\" alt=\"m\u00e1y \u00e9p d\u1ea7u b\u1eb1ng v\u00edt\" class=\"wp-image-11906\" title=\"m\u00e1y \u00e9p d\u1ea7u b\u1eb1ng v\u00edt\" srcset=\"https:\/\/www.agriculture-machine.com\/wp-content\/uploads\/2021\/10\/EM\u622a\u56fe_201681154127.png 661w, https:\/\/www.agriculture-machine.com\/wp-content\/uploads\/2021\/10\/EM\u622a\u56fe_201681154127-360x270.png 360w, https:\/\/www.agriculture-machine.com\/wp-content\/uploads\/2021\/10\/EM\u622a\u56fe_201681154127-240x180.png 240w\" sizes=\"auto, (max-width: 661px) 100vw, 661px\" \/><figcaption class=\"wp-element-caption\">m\u00e1y \u00e9p d\u1ea7u b\u1eb1ng v\u00edt<\/figcaption><\/figure>    <figure class=\"wp-block-image aligncenter size-full\"><img loading=\"lazy\" decoding=\"async\" width=\"720\" height=\"540\" src=\"https:\/\/www.agriculture-machine.com\/wp-content\/uploads\/2021\/10\/press-oil-extractor-for-sale.webp\" alt=\"m\u00e1y \u00e9p d\u1ea7u \u0111\u1ec3 b\u00e1n\" class=\"wp-image-16303\" srcset=\"https:\/\/www.agriculture-machine.com\/wp-content\/uploads\/2021\/10\/press-oil-extractor-for-sale.webp 720w, https:\/\/www.agriculture-machine.com\/wp-content\/uploads\/2021\/10\/press-oil-extractor-for-sale-360x270.webp 360w, https:\/\/www.agriculture-machine.com\/wp-content\/uploads\/2021\/10\/press-oil-extractor-for-sale-240x180.webp 240w, https:\/\/www.agriculture-machine.com\/wp-content\/uploads\/2021\/10\/press-oil-extractor-for-sale-16x12.webp 16w\" sizes=\"auto, (max-width: 720px) 100vw, 720px\" \/><figcaption class=\"wp-element-caption\">m\u00e1y \u00e9p d\u1ea7u \u0111\u1ec3 b\u00e1n<\/figcaption><\/figure>    <h2 class=\"wp-block-heading\">Screw oil mill&#8217;s instructions for use<\/h2>    <ul class=\"wp-block-list\"> <li>Ki\u1ec3m tra c\u00e1c b\u1ed9 b\u1eaft v\u00edt tr\u01b0\u1edbc khi s\u1eed d\u1ee5ng \u0111\u1ec3 \u0111\u1ea3m b\u1ea3o kh\u00f4ng l\u1ecfng l\u1ebbo; quay tay v\u00e0 b\u00e1nh \u0111\u00e0 b\u1eb1ng tay \u0111\u1ec3 \u0111\u1ea3m b\u1ea3o ho\u1ea1t \u0111\u1ed9ng linh ho\u1ea1t v\u00e0 kh\u00f4ng c\u00f3 ti\u1ebfng \u1ed3n b\u1ea5t th\u01b0\u1eddng.<\/li>    <li>\u0110\u1ed5 \u0111\u1ea7y d\u1ea7u 30# v\u00e0o b\u1ed9 gi\u1ea3m t\u1ed1c. M\u00e1y ph\u1ea3i \u0111\u01b0\u1ee3c n\u1ed1i \u0111\u1ea5t ch\u1eafc ch\u1eafn tr\u01b0\u1edbc khi kh\u1edfi \u0111\u1ed9ng.<\/li>    <li>K\u1ebft n\u1ed1i m\u00e1y v\u1edbi ngu\u1ed3n \u0111i\u1ec7n ba pha b\u1ed1n d\u00e2y, v\u00e0 tr\u1ee5c quay ng\u01b0\u1ee3c chi\u1ec1u kim \u0111\u1ed3ng h\u1ed3 sau khi b\u1eadt m\u00e1y.<\/li>    <li>\u0110i\u1ec1u ch\u1ec9nh nhi\u1ec7t \u0111\u1ed9 \u0111\u1ebfn 120\u00b0C-160\u00b0C (t\u00f9y theo d\u1ea7u), b\u1eadt c\u00f4ng t\u1eafc gia nhi\u1ec7t c\u1ee7a m\u00e1y ch\u00ednh v\u00e0 l\u00e0m n\u00f3ng tr\u01b0\u1edbc m\u00e1y.<\/li>    <li>Sau khi l\u1eafp \u0111\u1eb7t m\u00e1y m\u1edbi, c\u1ea7n ch\u1ea1y th\u1eed trong 4-8 gi\u1edd: b\u1ecf t\u1eeb t\u1eeb b\u00e1nh d\u1ea7u kh\u00f4 v\u00e0o ph\u1ec5u, \u00e9p l\u1ea1i nhi\u1ec1u l\u1ea7n \u0111\u1ec3 l\u00e0m b\u00f3ng bu\u1ed3ng \u00e9p.<\/li>    <li>Gi\u1eef nguy\u00ean li\u1ec7u c\u1ea5p \u0111\u1ec1u, tr\u00e1nh l\u00e0m v\u1ee1 nguy\u00ean li\u1ec7u ho\u1eb7c qu\u00e1 nhi\u1ec1u nguy\u00ean li\u1ec7u, m\u00e1y ho\u1ea1t \u0111\u1ed9ng b\u00ecnh th\u01b0\u1eddng, ch\u1ea1y \u00eam, \u00e2m thanh \u0111\u1ec1u \u0111\u1eb7n.<\/li>    <li>Tr\u01b0\u1edbc khi d\u1eebng m\u00e1y, ng\u1eebng c\u1ea5p nguy\u00ean li\u1ec7u, b\u1ecf v\u00e0o m\u1ed9t l\u01b0\u1ee3ng nh\u1ecf b\u00e1nh d\u1ea7u c\u00f2n l\u1ea1i, ch\u1edd \u0111\u1ebfn khi v\u1eadt li\u1ec7u c\u00f2n l\u1ea1i trong bu\u1ed3ng \u00e9p \u0111\u01b0\u1ee3c x\u1ea3 h\u1ebft, r\u1ed3i t\u1eaft m\u00e1y.<\/li>    <li>Sau khi d\u1eebng m\u00e1y, xoay v\u00edt \u0111i\u1ec1u ch\u1ec9nh theo chi\u1ec1u kim \u0111\u1ed3ng h\u1ed3 1-3 v\u00f2ng, cu\u1ed1i c\u00f9ng ng\u1eaft ngu\u1ed3n \u0111i\u1ec7n.<\/li> <\/ul>    <figure class=\"wp-block-image aligncenter size-large\"><img loading=\"lazy\" decoding=\"async\" width=\"720\" height=\"540\" src=\"https:\/\/www.agriculture-machine.com\/wp-content\/uploads\/2021\/10\/\u65b0\u5efa\u6587\u4ef6\u5939-2IMG_20160528_152744-720x540.jpg?v=1635404815\" alt=\"m\u00e1y \u00e9p d\u1ea7u b\u1eb1ng v\u00edt\" class=\"wp-image-11910\" title=\"m\u00e1y \u00e9p d\u1ea7u b\u1eb1ng v\u00edt\" srcset=\"https:\/\/www.agriculture-machine.com\/wp-content\/uploads\/2021\/10\/\u65b0\u5efa\u6587\u4ef6\u5939-2IMG_20160528_152744-720x540.jpg 720w, https:\/\/www.agriculture-machine.com\/wp-content\/uploads\/2021\/10\/\u65b0\u5efa\u6587\u4ef6\u5939-2IMG_20160528_152744-360x270.jpg 360w, https:\/\/www.agriculture-machine.com\/wp-content\/uploads\/2021\/10\/\u65b0\u5efa\u6587\u4ef6\u5939-2IMG_20160528_152744-240x180.jpg 240w, https:\/\/www.agriculture-machine.com\/wp-content\/uploads\/2021\/10\/\u65b0\u5efa\u6587\u4ef6\u5939-2IMG_20160528_152744-768x576.jpg 768w, https:\/\/www.agriculture-machine.com\/wp-content\/uploads\/2021\/10\/\u65b0\u5efa\u6587\u4ef6\u5939-2IMG_20160528_152744-1536x1152.jpg 1536w, https:\/\/www.agriculture-machine.com\/wp-content\/uploads\/2021\/10\/\u65b0\u5efa\u6587\u4ef6\u5939-2IMG_20160528_152744-2048x1536.jpg 2048w\" sizes=\"auto, (max-width: 720px) 100vw, 720px\" \/><figcaption class=\"wp-element-caption\">m\u00e1y \u00e9p d\u1ea7u b\u1eb1ng v\u00edt<\/figcaption><\/figure>    <figure class=\"wp-block-image aligncenter size-full\"><img loading=\"lazy\" decoding=\"async\" width=\"720\" height=\"540\" src=\"https:\/\/www.agriculture-machine.com\/wp-content\/uploads\/2021\/10\/oil-mill-machines.webp\" alt=\"M\u00e1y nghi\u1ec1n d\u1ea7u\" class=\"wp-image-16304\" srcset=\"https:\/\/www.agriculture-machine.com\/wp-content\/uploads\/2021\/10\/oil-mill-machines.webp 720w, https:\/\/www.agriculture-machine.com\/wp-content\/uploads\/2021\/10\/oil-mill-machines-360x270.webp 360w, https:\/\/www.agriculture-machine.com\/wp-content\/uploads\/2021\/10\/oil-mill-machines-240x180.webp 240w, https:\/\/www.agriculture-machine.com\/wp-content\/uploads\/2021\/10\/oil-mill-machines-16x12.webp 16w\" sizes=\"auto, (max-width: 720px) 100vw, 720px\" \/><figcaption class=\"wp-element-caption\">M\u00e1y nghi\u1ec1n d\u1ea7u<\/figcaption><\/figure>    <p class=\"translation-block\">Nh\u00e0 m\u00e1y c\u1ee7a ch\u00fang t\u00f4i s\u1ea3n xu\u1ea5t c\u00e1c lo\u1ea1i <a href=\"https:\/\/en.wikipedia.org\/wiki\/Oil\" target=\"_blank\" rel=\"noopener\">m\u00e1y \u00e9p d\u1ea7u<\/a> kh\u00e1c, nh\u01b0 m\u00e1y \u00e9p d\u1ea7u th\u1ee7y l\u1ef1c(<a href=\"https:\/\/www.agriculture-machine.com\/vi\/oil-extraction-machine-screw-oil-expellerhydraulic-oil-mill\/\"><strong><em>M\u00e1y \u00c9p D\u1ea7u | \u00c9p D\u1ea7u B\u1eb1ng V\u00edt | M\u00e1y Nghi\u1ec1n D\u1ea7u Th\u1ee7y L\u1ef1c<\/em><\/strong><\/a>). N\u1ebfu quan t\u00e2m, b\u1ea1n c\u00f3 th\u1ec3 \u0111i\u1ec1n v\u00e0o m\u1eabu b\u00ean ph\u1ea3i v\u00e0 cho ch\u00fang t\u00f4i bi\u1ebft nguy\u00ean li\u1ec7u v\u00e0 nhu c\u1ea7u c\u1ee5 th\u1ec3 c\u1ee7a b\u1ea1n. Ch\u00fang t\u00f4i s\u1ebd t\u01b0 v\u1ea5n ph\u00f9 h\u1ee3p \u0111\u1ec3 gi\u00fap doanh nghi\u1ec7p \u00e9p d\u1ea7u c\u1ee7a b\u1ea1n ho\u1ea1t \u0111\u1ed9ng tr\u01a1n tru.<\/p>","protected":false},"excerpt":{"rendered":"<p>Automatic screw oil press, vacuum filtration, automatic temperature control function. Adjust the pressure required to squeeze the material by rotating the handle. The product oil squeezed out by this machine has good quality, fragrant taste and high oil yield, and is generally welcomed by many people.<\/p>","protected":false},"author":1,"featured_media":11898,"parent":0,"comment_status":"closed","ping_status":"closed","template":"","tags":[2597,963,830,2599],"product-type":[162],"class_list":["post-11750","product","type-product","status-publish","has-post-thumbnail","hentry","tag-oil","tag-oil-press","tag-peanut-oil","tag-sesame-oil","product-type-other-type"],"_links":{"self":[{"href":"https:\/\/www.agriculture-machine.com\/vi\/wp-json\/wp\/v2\/product\/11750","targetHints":{"allow":["GET"]}}],"collection":[{"href":"https:\/\/www.agriculture-machine.com\/vi\/wp-json\/wp\/v2\/product"}],"about":[{"href":"https:\/\/www.agriculture-machine.com\/vi\/wp-json\/wp\/v2\/types\/product"}],"author":[{"embeddable":true,"href":"https:\/\/www.agriculture-machine.com\/vi\/wp-json\/wp\/v2\/users\/1"}],"replies":[{"embeddable":true,"href":"https:\/\/www.agriculture-machine.com\/vi\/wp-json\/wp\/v2\/comments?post=11750"}],"wp:featuredmedia":[{"embeddable":true,"href":"https:\/\/www.agriculture-machine.com\/vi\/wp-json\/wp\/v2\/media\/11898"}],"wp:attachment":[{"href":"https:\/\/www.agriculture-machine.com\/vi\/wp-json\/wp\/v2\/media?parent=11750"}],"wp:term":[{"taxonomy":"post_tag","embeddable":true,"href":"https:\/\/www.agriculture-machine.com\/vi\/wp-json\/wp\/v2\/tags?post=11750"},{"taxonomy":"product-type","embeddable":true,"href":"https:\/\/www.agriculture-machine.com\/vi\/wp-json\/wp\/v2\/product-type?post=11750"}],"curies":[{"name":"wp","href":"https:\/\/api.w.org\/{rel}","templated":true}]}}