{"id":1178,"date":"2018-10-20T03:23:39","date_gmt":"2018-10-19T19:23:39","guid":{"rendered":"https:\/\/www.agriculture-machine.com\/?p=1178"},"modified":"2024-09-23T11:19:36","modified_gmt":"2024-09-23T03:19:36","slug":"electric-olive-picking-machine","status":"publish","type":"product","link":"https:\/\/www.agriculture-machine.com\/vi\/electric-olive-picking-machine\/","title":{"rendered":"M\u00e1y h\u00e1i \u00f4 liu \u0111i\u1ec7n, m\u00e1y h\u00e1i tr\u00e1i c\u00e2y h\u1ea1t"},"content":{"rendered":"<p>M\u00e1y h\u00e1i \u00f4 liu \u0111i\u1ec7n \u0111\u01b0\u1ee3c thi\u1ebft k\u1ebf \u0111\u1eb7c bi\u1ec7t \u0111\u1ec3 h\u00e1i v\u00e0 thu ho\u1ea1ch c\u00e2y h\u1ea1t trong v\u01b0\u1eddn c\u00e2y. M\u00e1y c\u00f3 c\u1ea5u tr\u00fac nh\u1ecf g\u1ecdn, h\u00ecnh d\u1ea1ng \u0111\u1eb9p v\u00e0 thao t\u00e1c \u0111\u01a1n gi\u1ea3n. H\u01a1n n\u1eefa, \u1ed1ng n\u1ed9i v\u00e0 ngo\u1ea1i \u0111\u01b0\u1ee3c l\u00e0m b\u1eb1ng h\u1ee3p kim nh\u00f4m ch\u1ecbu l\u1ef1c cao v\u00e0 c\u00f3 th\u1ec3 d\u1ec5 d\u00e0ng \u0111i\u1ec1u ch\u1ec9nh, t\u1ee9c l\u00e0, 2170-3000mm.<\/p> <p>M\u00e1y h\u00e1i tr\u00e1i c\u00e2y nh\u1eb9 v\u00e0 c\u00f3 \u0111\u1ed9 b\u1ec1n t\u1ed1t, \u1ee9ng d\u1ee5ng r\u1ed9ng r\u00e3i cho c\u00e1c lo\u1ea1i h\u1ea1t nh\u01b0 \u00f4 liu, jujube, qu\u1ea3 ch\u00e0 l\u00e0, v.v.<\/p> <h2><strong><b>Lo\u1ea1i m\u1ed9t: M\u00e1y h\u00e1i tr\u00e1i c\u00e2y \u0111i\u1ec7n GL-1<\/b><\/strong><\/h2> <p>\u0110\u1ea7u c\u1ee7a m\u00e1y h\u00e1i \u00f4 liu \u0111i\u1ec7n l\u00e0 m\u1ed9t b\u1ed9 ph\u1eadn ch\u1ecbu l\u1ef1c cao, b\u1ec1n b\u1ec9. M\u00e1y h\u00e1i \u00f4 liu s\u1eed d\u1ee5ng pin 12V, ngu\u1ed3n \u0111i\u1ec7n gia \u0111\u00ecnh, m\u00e1y ph\u00e1t nh\u1ecf v\u00e0 c\u00e1c ngu\u1ed3n \u0111i\u1ec7n kh\u00e1c \u0111\u1ec1u ph\u00f9 h\u1ee3p. Vi\u1ec7c s\u1eed d\u1ee5ng thu\u1eadn ti\u1ec7n v\u00e0 th\u1ef1c t\u1ebf.<\/p> <figure id=\"attachment_3052\" aria-describedby=\"caption-attachment-3052\" style=\"width: 400px\" class=\"wp-caption aligncenter\"><img loading=\"lazy\" decoding=\"async\" class=\"wp-image-3052 size-full\" src=\"https:\/\/www.agriculture-machine.com\/wp-content\/uploads\/2018\/10\/99.jpg\" alt=\"M\u00e1y thu ho\u1ea1ch \u00f4 liu\" width=\"400\" height=\"500\" srcset=\"https:\/\/www.agriculture-machine.com\/wp-content\/uploads\/2018\/10\/99.jpg 400w, https:\/\/www.agriculture-machine.com\/wp-content\/uploads\/2018\/10\/99-216x270.jpg 216w\" sizes=\"auto, (max-width: 400px) 100vw, 400px\" \/><figcaption id=\"caption-attachment-3052\" class=\"wp-caption-text\">M\u00e1y thu ho\u1ea1ch \u00f4 liu<\/figcaption><\/figure> <h3>Th\u00f4ng s\u1ed1 k\u1ef9 thu\u1eadt c\u1ee7a m\u00e1y h\u00e1i tr\u00e1i c\u00e2y<\/h3> <table> <tbody> <tr> <td width=\"284\">M\u1eabu<\/td> <td width=\"284\">GL-1<\/td> <\/tr> <tr> <td width=\"284\">\u1eaec quy<\/td> <td width=\"284\">12V<\/td> <\/tr> <tr> <td width=\"284\">Chi\u1ec1u d\u00e0i<\/td> <td width=\"284\">2170-3000mm<\/td> <\/tr> <tr> <td width=\"284\">Chi\u1ec1u r\u1ed9ng \u0111\u1ea7u<\/td> <td width=\"284\">260mm<\/td> <\/tr> <tr> <td width=\"284\">Chi\u1ec1u d\u00e0i d\u00e2y<\/td> <td width=\"284\">12m<\/td> <\/tr> <tr> <td width=\"284\">T\u1ed1c \u0111\u1ed9<\/td> <td width=\"284\">820r\/ph\u00fat<\/td> <\/tr> <tr> <td width=\"284\">K\u00edch th\u01b0\u1edbc \u0111\u00f3ng g\u00f3i<\/td> <td width=\"284\">2170*160*260mm<\/td> <\/tr> <tr> <td width=\"284\">Tr\u1ecdng l\u01b0\u1ee3ng t\u1ecbnh \/ Tr\u1ecdng l\u01b0\u1ee3ng gross<\/td> <td width=\"284\">7.5kg\/11kg<\/td> <\/tr> <tr> <td width=\"284\">Ghi ch\u00fa<\/td> <td width=\"284\">Ng\u01b0\u1eddi mua n\u00ean t\u1ef1 mua pin<\/td> <\/tr> <\/tbody> <\/table> <h3><strong><b>C\u1ea5u tr\u00fac c\u1ee7a m\u00e1y h\u00e1i tr\u00e1i c\u00e2y<\/b><\/strong><\/h3> <ul> <li>C\u00e0o<\/li> <li>Th\u00e2n m\u00e1y \u0111\u01b0\u1ee3c b\u1ea3o v\u1ec7 b\u1eb1ng v\u1ecf<\/li> <li>Tr\u1ee5c<\/li> <li>tay c\u1ea7m<\/li> <li>\u1ed4 c\u1eafm c\u1ea7u ch\u00ec (10 Ampe)<\/li> <li>K\u1eb9p DC<\/li> <li>D\u00e2y k\u1ebft n\u1ed1i (15m)<\/li> <li>Tr\u1ee5c telescopic 2-3m<\/li> <li>Tr\u1ee5c telescopic 5 \u0111\u1ebfn 2.2m<\/li> <li>Tr\u1ee5c c\u1ed1 \u0111\u1ecbnh 2m<\/li> <\/ul> <div id='gallery-1' class='gallery galleryid-1178 gallery-columns-2 gallery-size-full'><figure class='gallery-item'> \t\t\t<div class='gallery-icon portrait'> \t\t\t\t<a href='https:\/\/www.agriculture-machine.com\/vi\/electric-olive-picking-machine\/attachment\/88-3\/'><img loading=\"lazy\" decoding=\"async\" width=\"400\" height=\"500\" src=\"https:\/\/www.agriculture-machine.com\/wp-content\/uploads\/2018\/10\/88-1.jpg\" class=\"attachment-full size-full\" alt=\"Gi\u1edbi thi\u1ec7u v\u1ec1 m\u00e1y thu ho\u1ea1ch \u00f4 liu\" aria-describedby=\"gallery-1-3051\" srcset=\"https:\/\/www.agriculture-machine.com\/wp-content\/uploads\/2018\/10\/88-1.jpg 400w, https:\/\/www.agriculture-machine.com\/wp-content\/uploads\/2018\/10\/88-1-216x270.jpg 216w\" sizes=\"auto, (max-width: 400px) 100vw, 400px\" \/><\/a> \t\t\t<\/div> \t\t\t\t<figcaption class='wp-caption-text gallery-caption' id='gallery-1-3051'> \t\t\t\tGi\u1edbi thi\u1ec7u v\u1ec1 m\u00e1y thu ho\u1ea1ch \u00f4 liu \t\t\t\t<\/figcaption><\/figure><figure class='gallery-item'> \t\t\t<div class='gallery-icon portrait'> \t\t\t\t<a href='https:\/\/www.agriculture-machine.com\/vi\/electric-olive-picking-machine\/attachment\/77-3\/'><img loading=\"lazy\" decoding=\"async\" width=\"400\" height=\"500\" src=\"https:\/\/www.agriculture-machine.com\/wp-content\/uploads\/2018\/10\/77-1.jpg\" class=\"attachment-full size-full\" alt=\"M\u00e1y thu ho\u1ea1ch \u00f4 liu-2\" aria-describedby=\"gallery-1-3050\" srcset=\"https:\/\/www.agriculture-machine.com\/wp-content\/uploads\/2018\/10\/77-1.jpg 400w, https:\/\/www.agriculture-machine.com\/wp-content\/uploads\/2018\/10\/77-1-216x270.jpg 216w\" sizes=\"auto, (max-width: 400px) 100vw, 400px\" \/><\/a> \t\t\t<\/div> \t\t\t\t<figcaption class='wp-caption-text gallery-caption' id='gallery-1-3050'> \t\t\t\tM\u00e1y thu ho\u1ea1ch \u00f4 liu-2 \t\t\t\t<\/figcaption><\/figure> \t\t<\/div>  <p class=\"translation-block\"><strong><b>\u00a0<\/b><\/strong><\/p> <p class=\"translation-block\"><strong><b>\u00a0<\/b><\/strong><\/p> <h2><strong><b>Lo\u1ea1i hai: M\u00e1y h\u00e1i tr\u00e1i c\u00e2y \u0111i\u1ec7n GL-2<\/b><\/strong><\/h2> <p>M\u00e1y h\u00e1i tr\u00e1i c\u00e2y \u0111i\u1ec7n n\u00e0y gi\u1ed1ng nh\u01b0 m\u1ed9t qu\u1ea3 b\u00f3ng c\u00f3 r\u0103ng d\u00e0i \u0111\u01b0\u1ee3c c\u1ea5p ngu\u1ed3n b\u1eb1ng pin 12V, ti\u1ebft ki\u1ec7m th\u1eddi gian lao \u0111\u1ed9ng; chi\u1ec1u d\u00e0i tr\u1ee5c l\u00e0 2500mm, v\u00e0 chi\u1ec1u r\u1ed9ng \u0111\u1ea7u l\u00e0 100mm. D\u00e2y d\u00e0i 10m gi\u00fap thu\u1eadn ti\u1ec7n trong vi\u1ec7c thu ho\u1ea1ch tr\u00e1i c\u00e2y.<\/p> <div id='gallery-2' class='gallery galleryid-1178 gallery-columns-2 gallery-size-full'><figure class='gallery-item'> \t\t\t<div class='gallery-icon portrait'> \t\t\t\t<a href='https:\/\/www.agriculture-machine.com\/vi\/electric-olive-picking-machine\/attachment\/222-2\/'><img loading=\"lazy\" decoding=\"async\" width=\"400\" height=\"500\" src=\"https:\/\/www.agriculture-machine.com\/wp-content\/uploads\/2018\/10\/222.jpg\" class=\"attachment-full size-full\" alt=\"Chi ti\u1ebft m\u00e1y thu ho\u1ea1ch \u00f4 liu\" aria-describedby=\"gallery-2-3054\" srcset=\"https:\/\/www.agriculture-machine.com\/wp-content\/uploads\/2018\/10\/222.jpg 400w, https:\/\/www.agriculture-machine.com\/wp-content\/uploads\/2018\/10\/222-216x270.jpg 216w\" sizes=\"auto, (max-width: 400px) 100vw, 400px\" \/><\/a> \t\t\t<\/div> \t\t\t\t<figcaption class='wp-caption-text gallery-caption' id='gallery-2-3054'> \t\t\t\tChi ti\u1ebft m\u00e1y thu ho\u1ea1ch \u00f4 liu \t\t\t\t<\/figcaption><\/figure><figure class='gallery-item'> \t\t\t<div class='gallery-icon portrait'> \t\t\t\t<a href='https:\/\/www.agriculture-machine.com\/vi\/electric-olive-picking-machine\/attachment\/111-2\/'><img loading=\"lazy\" decoding=\"async\" width=\"400\" height=\"500\" src=\"https:\/\/www.agriculture-machine.com\/wp-content\/uploads\/2018\/10\/111.jpg\" class=\"attachment-full size-full\" alt=\"Chi ti\u1ebft m\u00e1y thu ho\u1ea1ch \u00f4 liu-2\" srcset=\"https:\/\/www.agriculture-machine.com\/wp-content\/uploads\/2018\/10\/111.jpg 400w, https:\/\/www.agriculture-machine.com\/wp-content\/uploads\/2018\/10\/111-216x270.jpg 216w\" sizes=\"auto, (max-width: 400px) 100vw, 400px\" \/><\/a> \t\t\t<\/div><\/figure> \t\t<\/div>  <h3>Th\u00f4ng s\u1ed1 k\u1ef9 thu\u1eadt c\u1ee7a m\u00e1y h\u00e1i tr\u00e1i c\u00e2y<\/h3> <table> <tbody> <tr> <td width=\"284\">M\u1eabu<\/td> <td width=\"284\">GL-2<\/td> <\/tr> <tr> <td width=\"284\">\u1eaec quy<\/td> <td width=\"284\">12V<\/td> <\/tr> <tr> <td width=\"284\">Chi\u1ec1u d\u00e0i<\/td> <td width=\"284\">2500mm<\/td> <\/tr> <tr> <td width=\"284\">Chi\u1ec1u r\u1ed9ng \u0111\u1ea7u<\/td> <td width=\"284\">100mm<\/td> <\/tr> <tr> <td width=\"284\">Chi\u1ec1u d\u00e0i d\u00e2y<\/td> <td width=\"284\">10m<\/td> <\/tr> <tr> <td width=\"284\">T\u1ed1c \u0111\u1ed9<\/td> <td width=\"284\">1800r\/ph\u00fat<\/td> <\/tr> <tr> <td width=\"284\">K\u00edch th\u01b0\u1edbc \u0111\u00f3ng g\u00f3i<\/td> <td width=\"284\">2040*110*130mm<\/p> <p>380*255*215mm<\/td> <\/tr> <tr> <td width=\"284\">Tr\u1ecdng l\u01b0\u1ee3ng t\u1ecbnh \/ Tr\u1ecdng l\u01b0\u1ee3ng gross<\/td> <td width=\"284\">2.5kg\/ 3.35kg<\/td> <\/tr> <tr> <td width=\"284\">Ghi ch\u00fa<\/td> <td width=\"284\">Ng\u01b0\u1eddi mua n\u00ean t\u1ef1 mua pin<\/td> <\/tr> <\/tbody> <\/table> <h2><strong><b>Lo\u1ea1i ba<\/b><\/strong><strong><b>: M\u00e1y h\u00e1i tr\u00e1i c\u00e2y ch\u1ea1y x\u0103ng GL-3 <\/b><\/strong><\/h2> <p>\u0110\u00e2y l\u00e0 m\u00e1y rung \u00f4 liu hai th\u00ec, \u0111\u01b0\u1ee3c \u0111i\u1ec1u khi\u1ec3n b\u1eb1ng \u0111\u1ed9ng c\u01a1 x\u0103ng 43cc v\u1edbi dung t\u00edch b\u00ecnh nhi\u00ean li\u1ec7u 700ml. C\u00f4ng su\u1ea5t \u0111\u1ecbnh m\u1ee9c l\u00e0 1.4kw\/7500rpm v\u00e0 \u0111\u01b0\u1eddng k\u00ednh m\u00f3c l\u00e0 44mm kh\u00f4ng th\u1ec3 \u0111i\u1ec1u ch\u1ec9nh, trong khi chi\u1ec1u d\u00e0i \u1ed1ng dao \u0111\u1ed9ng t\u1eeb 150cm \u0111\u1ebfn 225cm. Hi\u1ec7u qu\u1ea3 l\u00e0m vi\u1ec7c cao v\u00e0 t\u1ef7 l\u1ec7 v\u1ee1 th\u1ea5p l\u00e0 hai \u0111\u1eb7c \u0111i\u1ec3m n\u1ed5i b\u1eadt c\u1ee7a n\u00f3.<\/p> <div id='gallery-3' class='gallery galleryid-1178 gallery-columns-2 gallery-size-full'><figure class='gallery-item'> \t\t\t<div class='gallery-icon portrait'> \t\t\t\t<a href='https:\/\/www.agriculture-machine.com\/vi\/electric-olive-picking-machine\/attachment\/44-2\/'><img loading=\"lazy\" decoding=\"async\" width=\"400\" height=\"500\" src=\"https:\/\/www.agriculture-machine.com\/wp-content\/uploads\/2018\/10\/44-1.jpg\" class=\"attachment-full size-full\" alt=\"M\u00e1y h\u00e1i tr\u00e1i c\u00e2y ch\u1ea1y x\u0103ng-1\" aria-describedby=\"gallery-3-3047\" srcset=\"https:\/\/www.agriculture-machine.com\/wp-content\/uploads\/2018\/10\/44-1.jpg 400w, https:\/\/www.agriculture-machine.com\/wp-content\/uploads\/2018\/10\/44-1-216x270.jpg 216w\" sizes=\"auto, (max-width: 400px) 100vw, 400px\" \/><\/a> \t\t\t<\/div> \t\t\t\t<figcaption class='wp-caption-text gallery-caption' id='gallery-3-3047'> \t\t\t\tM\u00e1y h\u00e1i tr\u00e1i c\u00e2y ch\u1ea1y x\u0103ng-1 \t\t\t\t<\/figcaption><\/figure><figure class='gallery-item'> \t\t\t<div class='gallery-icon portrait'> \t\t\t\t<a href='https:\/\/www.agriculture-machine.com\/vi\/electric-olive-picking-machine\/attachment\/55-3\/'><img loading=\"lazy\" decoding=\"async\" width=\"400\" height=\"500\" src=\"https:\/\/www.agriculture-machine.com\/wp-content\/uploads\/2018\/10\/55-1.jpg\" class=\"attachment-full size-full\" alt=\"M\u00e1y h\u00e1i tr\u00e1i c\u00e2y \u0111\u1ed9ng c\u01a1 x\u0103ng-2\" aria-describedby=\"gallery-3-3048\" srcset=\"https:\/\/www.agriculture-machine.com\/wp-content\/uploads\/2018\/10\/55-1.jpg 400w, https:\/\/www.agriculture-machine.com\/wp-content\/uploads\/2018\/10\/55-1-216x270.jpg 216w\" sizes=\"auto, (max-width: 400px) 100vw, 400px\" \/><\/a> \t\t\t<\/div> \t\t\t\t<figcaption class='wp-caption-text gallery-caption' id='gallery-3-3048'> \t\t\t\tM\u00e1y h\u00e1i tr\u00e1i c\u00e2y \u0111\u1ed9ng c\u01a1 x\u0103ng-2 \t\t\t\t<\/figcaption><\/figure> \t\t<\/div>  <h3>Th\u00f4ng s\u1ed1 k\u1ef9 thu\u1eadt c\u1ee7a m\u00e1y h\u00e1i tr\u00e1i c\u00e2y<\/h3> <table> <tbody> <tr> <td width=\"284\">M\u1eabu<\/td> <td width=\"284\">GL-3<\/td> <\/tr> <tr> <td width=\"284\">C\u00f4ng su\u1ea5t<\/td> <td width=\"284\">\u0110\u1ed9ng c\u01a1 x\u0103ng<\/td> <\/tr> <tr> <td width=\"284\">Lo\u1ea1i \u0111\u1ed9ng c\u01a1<\/td> <td width=\"284\">Hai th\u00ec<\/td> <\/tr> <tr> <td width=\"284\">Dung t\u00edch<\/td> <td width=\"284\">43cc<\/td> <\/tr> <tr> <td width=\"284\">C\u00f4ng su\u1ea5t \u0111\u1ea7u ra \u0111\u1ecbnh m\u1ee9c<\/td> <td width=\"284\">C\u00f4ng su\u1ea5t 1.4kw\/7500rpm<\/td> <\/tr> <tr> <td width=\"284\">Dung t\u00edch b\u00ecnh nhi\u00ean li\u1ec7u<\/td> <td width=\"284\">700ml<\/td> <\/tr> <tr> <td width=\"284\">\u0110\u01b0\u1eddng k\u00ednh m\u00f3c<\/td> <td width=\"284\">44mm<\/td> <\/tr> <tr> <td width=\"284\">Chi\u1ec1u d\u00e0i \u1ed1ng rung<\/td> <td width=\"284\">150cm-225cm<\/td> <\/tr> <tr> <td width=\"284\">\u0110\u00f3ng g\u00f3i<\/td> <td width=\"284\">360*300*240mm<\/p> <p>150*120*120mm<\/td> <\/tr> <tr> <td width=\"284\">Tr\u1ecdng l\u01b0\u1ee3ng \u0111\u00f3ng g\u00f3i<\/td> <td width=\"284\">8.0kg<\/td> <\/tr> <\/tbody> <\/table> <h3>\u01afu \u0111i\u1ec3m c\u1ee7a vi\u1ec7c h\u00e1i tr\u00e1i c\u00e2y (cho ba lo\u1ea1i)<\/h3> <ol> <li>\u1ee8ng d\u1ee5ng r\u1ed9ng r\u00e3i. M\u00e1y thu ho\u1ea1ch \u00f4 liu c\u0169ng c\u00f3 th\u1ec3 h\u00e1i qu\u1ea3 ch\u00e0 l\u00e0, jujube, h\u1ea1t \u0111i\u1ec1u, h\u1ea1t d\u1ebb, jujube v\u00e0 c\u00e1c lo\u1ea1i tr\u00e1i nh\u1ecf kh\u00e1c<\/li> <li>N\u00f3 c\u00f3 tr\u1ee5c linh ho\u1ea1t v\u00e0 d\u1ec5 \u0111i\u1ec1u ch\u1ec9nh chi\u1ec1u d\u00e0i c\u1ee7a \u0111\u1ea7u.<\/li> <li>D\u1ec5 s\u1eed d\u1ee5ng. H\u00e1i tr\u00e1i c\u00e2y b\u1eb1ng \u0111i\u1ec7n ho\u1eb7c \u0111\u1ed9ng c\u01a1 x\u0103ng v\u00e0 c\u00f3 thao t\u00e1c \u0111\u01a1n gi\u1ea3n.<\/li> <li>T\u1ef7 l\u1ec7 h\u00e1i cao. T\u1ea5t c\u1ea3 tr\u00e1i c\u00e2y \u0111\u1ec1u c\u00f3 th\u1ec3 h\u00e1i.<\/li> <li>Tr\u00e1i c\u00e2y c\u00f3 th\u1ec3 gi\u1eef nguy\u00ean kh\u00f4ng v\u1ee1 sau khi thu ho\u1ea1ch.<\/li> <\/ol> <h3>Tr\u01b0\u1eddng h\u1ee3p th\u00e0nh c\u00f4ng c\u1ee7a m\u00e1y h\u00e1i tr\u00e1i c\u00e2y<\/h3> <p>V\u1edbi d\u1ec5 s\u1eed d\u1ee5ng v\u00e0 dung l\u01b0\u1ee3ng cao, m\u00e1y l\u1eafc tr\u00e1i c\u00e2y n\u00e0y r\u1ea5t ph\u1ed5 bi\u1ebfn tr\u00ean th\u1ecb tr\u01b0\u1eddng ch\u00e2u Phi. V\u00e0o th\u00e1ng 10 n\u0103m 2018, m\u00f9a thu ho\u1ea1ch \u00f4 liu cho container 20GP \u0111\u00e3 \u0111\u01b0\u1ee3c giao \u0111\u1ebfn Lebanon. Kh\u00e1ch h\u00e0ng n\u00e0y s\u1ebd ph\u00e2n ph\u1ed1i t\u1ea5t c\u1ea3 c\u00e1c m\u00e1y cho n\u00f4ng d\u00e2n \u0111\u1ecba ph\u01b0\u01a1ng sau khi nh\u1eadn \u0111\u01b0\u1ee3c, v\u00e0 c\u00e1c chi ti\u1ebft sau \u0111\u00e2y l\u00e0 h\u00ecnh \u1ea3nh \u0111\u00f3ng g\u00f3i.<\/p> <div id='gallery-4' class='gallery galleryid-1178 gallery-columns-2 gallery-size-full'><figure class='gallery-item'> \t\t\t<div class='gallery-icon portrait'> \t\t\t\t<a href='https:\/\/www.agriculture-machine.com\/vi\/electric-olive-picking-machine\/attachment\/22-2\/'><img loading=\"lazy\" decoding=\"async\" width=\"400\" height=\"500\" src=\"https:\/\/www.agriculture-machine.com\/wp-content\/uploads\/2018\/10\/22-1.jpg\" class=\"attachment-full size-full\" alt=\"H\u00ecnh \u1ea3nh v\u1eadn chuy\u1ec3n-2\" aria-describedby=\"gallery-4-3044\" srcset=\"https:\/\/www.agriculture-machine.com\/wp-content\/uploads\/2018\/10\/22-1.jpg 400w, https:\/\/www.agriculture-machine.com\/wp-content\/uploads\/2018\/10\/22-1-216x270.jpg 216w\" sizes=\"auto, (max-width: 400px) 100vw, 400px\" \/><\/a> \t\t\t<\/div> \t\t\t\t<figcaption class='wp-caption-text gallery-caption' id='gallery-4-3044'> \t\t\t\tH\u00ecnh \u1ea3nh v\u1eadn chuy\u1ec3n-2 \t\t\t\t<\/figcaption><\/figure><figure class='gallery-item'> \t\t\t<div class='gallery-icon portrait'> \t\t\t\t<a href='https:\/\/www.agriculture-machine.com\/vi\/electric-olive-picking-machine\/attachment\/66-3\/'><img loading=\"lazy\" decoding=\"async\" width=\"400\" height=\"500\" src=\"https:\/\/www.agriculture-machine.com\/wp-content\/uploads\/2018\/10\/66-1.jpg\" class=\"attachment-full size-full\" alt=\"H\u00ecnh \u1ea3nh v\u1eadn chuy\u1ec3n-3\" aria-describedby=\"gallery-4-3049\" srcset=\"https:\/\/www.agriculture-machine.com\/wp-content\/uploads\/2018\/10\/66-1.jpg 400w, https:\/\/www.agriculture-machine.com\/wp-content\/uploads\/2018\/10\/66-1-216x270.jpg 216w\" sizes=\"auto, (max-width: 400px) 100vw, 400px\" \/><\/a> \t\t\t<\/div> \t\t\t\t<figcaption class='wp-caption-text gallery-caption' id='gallery-4-3049'> \t\t\t\tH\u00ecnh \u1ea3nh v\u1eadn chuy\u1ec3n-3 \t\t\t\t<\/figcaption><\/figure> \t\t<\/div>  <h3>C\u00e2u h\u1ecfi th\u01b0\u1eddng g\u1eb7p<\/h3> <ol> <li>S\u1ef1 kh\u00e1c bi\u1ec7t gi\u1eefa 3 lo\u1ea1i m\u00e1y h\u00e1i tr\u00e1i c\u00e2y l\u00e0 g\u00ec?<\/li> <\/ol> <p>Hai lo\u1ea1i \u0111\u1ea7u ti\u00ean l\u00e0 \u0111i\u1ec7n, v\u00e0 lo\u1ea1i cu\u1ed1i c\u00f9ng ch\u1ea1y b\u1eb1ng \u0111\u1ed9ng c\u01a1 x\u0103ng.<\/p> <ol start=\"2\"> <li>C\u00e1c lo\u1ea1i tr\u00e1i c\u00e2y n\u00e0o c\u00f3 th\u1ec3 h\u00e1i b\u1eb1ng m\u00e1y n\u00e0y?<\/li> <li>Nguy\u00ean li\u1ec7u c\u00f3 th\u1ec3 l\u00e0 \u00f4 liu, qu\u1ea3 ch\u00e0 l\u00e0, jujube, h\u1ea1t \u0111i\u1ec1u, h\u1ea1t d\u1ebb, jujube v\u00e0 c\u00e1c lo\u1ea1i tr\u00e1i nh\u1ecf kh\u00e1c<\/li> <li>T\u1ef7 l\u1ec7 h\u00e1i c\u1ee7a m\u00e1y l\u00e0 bao nhi\u00eau?<\/li> <\/ol> <p>M\u00e1y h\u00e1i tr\u00e1i c\u00e2y n\u00e0y c\u00f3 th\u1ec3 ho\u1ea1t \u0111\u1ed9ng hi\u1ec7u qu\u1ea3 cao, v\u00e0 t\u1ea5t c\u1ea3 tr\u00e1i c\u00e2y tr\u00ean c\u00e2y \u0111\u1ec1u c\u00f3 th\u1ec3 thu ho\u1ea1ch trong qu\u00e1 tr\u00ecnh v\u1eadn h\u00e0nh.<\/p> <ol start=\"5\"> <li>Tr\u00e1i c\u00e2y c\u00f3 b\u1ecb v\u1ee1 sau khi h\u00e1i kh\u00f4ng?<\/li> <\/ol> <p>Kh\u00f4ng, m\u00e1y h\u00e1i c\u00f3 th\u1ec3 thu ho\u1ea1ch to\u00e0n b\u1ed9 tr\u00e1i c\u00e2y m\u00e0 kh\u00f4ng g\u00e2y h\u01b0 h\u1ecfng tr\u00e1i c\u00e2y.<\/p>","protected":false},"excerpt":{"rendered":"<p>Electric olive picking machine is specially designed for the nut tree picking and harvesting in the orchard. Machine bears compact structure, beautiful shape and simple operation. What\u2019s more, internal and external tubes is made of high-strength aluminum alloy and can be adjusted easily, that is, 2170-3000mm. Fruit picker\u00a0is\u00a0light in weight and good in strength, widely [&hellip;]<\/p>\n","protected":false},"author":1,"featured_media":3064,"parent":0,"comment_status":"closed","ping_status":"closed","template":"","tags":[2633,2632],"product-type":[892],"class_list":["post-1178","product","type-product","status-publish","has-post-thumbnail","hentry","tag-olive","tag-picker","product-type-olive-picker"],"_links":{"self":[{"href":"https:\/\/www.agriculture-machine.com\/vi\/wp-json\/wp\/v2\/product\/1178","targetHints":{"allow":["GET"]}}],"collection":[{"href":"https:\/\/www.agriculture-machine.com\/vi\/wp-json\/wp\/v2\/product"}],"about":[{"href":"https:\/\/www.agriculture-machine.com\/vi\/wp-json\/wp\/v2\/types\/product"}],"author":[{"embeddable":true,"href":"https:\/\/www.agriculture-machine.com\/vi\/wp-json\/wp\/v2\/users\/1"}],"replies":[{"embeddable":true,"href":"https:\/\/www.agriculture-machine.com\/vi\/wp-json\/wp\/v2\/comments?post=1178"}],"wp:featuredmedia":[{"embeddable":true,"href":"https:\/\/www.agriculture-machine.com\/vi\/wp-json\/wp\/v2\/media\/3064"}],"wp:attachment":[{"href":"https:\/\/www.agriculture-machine.com\/vi\/wp-json\/wp\/v2\/media?parent=1178"}],"wp:term":[{"taxonomy":"post_tag","embeddable":true,"href":"https:\/\/www.agriculture-machine.com\/vi\/wp-json\/wp\/v2\/tags?post=1178"},{"taxonomy":"product-type","embeddable":true,"href":"https:\/\/www.agriculture-machine.com\/vi\/wp-json\/wp\/v2\/product-type?post=1178"}],"curies":[{"name":"wp","href":"https:\/\/api.w.org\/{rel}","templated":true}]}}