{"id":1190,"date":"2018-10-20T03:40:51","date_gmt":"2018-10-19T19:40:51","guid":{"rendered":"https:\/\/www.agriculture-machine.com\/?p=1190"},"modified":"2024-09-23T11:14:26","modified_gmt":"2024-09-23T03:14:26","slug":"cassava-slicer-machine","status":"publish","type":"product","link":"https:\/\/www.agriculture-machine.com\/vi\/cassava-slicer-machine\/","title":{"rendered":"M\u00e1y c\u1eaft s\u1eafn \/ m\u00e1y g\u1ecdt v\u1ecf khoai lang"},"content":{"rendered":"<p>M\u00e1y c\u1eaft s\u1eafn c\u00f3 th\u1ec3 g\u1ecdt v\u1ecf s\u1eafn r\u1ed3i c\u1eaft th\u00e0nh l\u00e1t, \u0111\u1ea1t \u0111\u01b0\u1ee3c c\u1ea3 hai ch\u1ee9c n\u0103ng g\u1ecdt v\u1ecf v\u00e0 c\u1eaft l\u00e1t c\u00f9ng l\u00fac. C\u00e1c l\u00e1t cu\u1ed1i c\u00f9ng r\u1ea5t s\u1ea1ch s\u1ebd, kh\u00f4ng c\u00f3 v\u1ecf ngo\u00e0i, v\u00e0 \u0111\u1ed9 d\u00e0y c\u00f3 th\u1ec3 \u0111i\u1ec1u ch\u1ec9nh theo y\u00eau c\u1ea7u c\u1ee7a b\u1ea1n.<\/p> <div align=\"center\"><\/div> <p>&nbsp;<\/p> <p>&nbsp;<\/p> <h2>Nguy\u00ean l\u00fd ho\u1ea1t \u0111\u1ed9ng c\u1ee7a m\u00e1y c\u1eaft khoai lang<\/h2> <ol> <li>Kho\u1ea3ng \u0111\u1ea7u ti\u00ean c\u1ee7a s\u1eafn \u0111i v\u00e0o m\u1ed9t \u1ed1ng d\u00e0i c\u00f3 l\u1ed7.<\/li> <li>H\u1ecd li\u00ean t\u1ee5c quay d\u01b0\u1edbi l\u1ef1c c\u1ee7a \u0111\u1ed9ng c\u01a1 trong v\u00e0i ph\u00fat, v\u00e0 da c\u1ee7a h\u1ecd b\u1ecb lo\u1ea1i b\u1ecf<\/li> <li>Trong qu\u00e1 tr\u00ecnh v\u1eadn h\u00e0nh, ng\u01b0\u1eddi v\u1eadn h\u00e0nh c\u00f3 th\u1ec3 che ph\u1ee7 \u0111\u1ea7u ra c\u1ee7a tr\u1ee5c \u0111\u1ec3 tr\u00e1nh m\u1ed9t s\u1ed1 s\u1eafn b\u1ecb tho\u00e1t ra s\u1edbm.<\/li> <li>Cu\u1ed1i c\u00f9ng, s\u1eafn kh\u00f4ng c\u00f2n v\u1ecf s\u1ebd \u0111\u01b0\u1ee3c g\u1ecdt b\u1eb1ng l\u01b0\u1ee1i dao s\u1eafc.<\/li> <li>N\u00ean \u0111\u1eb7t m\u1ed9t t\u00fai \u1edf \u0111\u1ea7u ra c\u1ee7a m\u00e1y \u0111\u1ec3 thu th\u1eadp c\u00e1c mi\u1ebfng s\u1eafn.<\/li> <\/ol> <figure id=\"attachment_3110\" aria-describedby=\"caption-attachment-3110\" style=\"width: 667px\" class=\"wp-caption alignnone\"><img loading=\"lazy\" decoding=\"async\" class=\"wp-image-3110\" src=\"https:\/\/www.agriculture-machine.com\/wp-content\/uploads\/2018\/10\/cassava-peeling-machine-1.jpg\" alt=\"\" width=\"667\" height=\"667\" srcset=\"https:\/\/www.agriculture-machine.com\/wp-content\/uploads\/2018\/10\/cassava-peeling-machine-1.jpg 750w, https:\/\/www.agriculture-machine.com\/wp-content\/uploads\/2018\/10\/cassava-peeling-machine-1-270x270.jpg 270w, https:\/\/www.agriculture-machine.com\/wp-content\/uploads\/2018\/10\/cassava-peeling-machine-1-540x540.jpg 540w\" sizes=\"auto, (max-width: 667px) 100vw, 667px\" \/><figcaption id=\"caption-attachment-3110\" class=\"wp-caption-text\">m\u00e1y g\u1ecdt v\u1ecf s\u1eafn<\/figcaption><\/figure> <h2>\u01afu \u0111i\u1ec3m c\u1ee7a m\u00e1y c\u1eaft khoai lang<\/h2> <ol> <li>C\u00f4ng su\u1ea5t cao. C\u00f4ng su\u1ea5t c\u1ee7a m\u00e1y l\u00e0 4 t\u1ea5n\/h.<\/li> <li>\u1ee8ng d\u1ee5ng r\u1ed9ng r\u00e3i. N\u00f3 \u0111\u01b0\u1ee3c s\u1eed d\u1ee5ng cho s\u1eafn, khoai lang v\u00e0 khoai t\u00e2y, v.v.<\/li> <li>M\u00e1y g\u1ecdt v\u1ecf s\u1eafn c\u00f3 th\u1ec3 \u0111\u01b0\u1ee3c k\u1ebft h\u1ee3p v\u1edbi \u0111\u1ed9ng c\u01a1 3kw ho\u1eb7c \u0111\u1ed9ng c\u01a1 diesel 8HP theo y\u00eau c\u1ea7u c\u1ee7a kh\u00e1ch h\u00e0ng.<\/li> <li>\u0110\u1ed9 d\u00e0y c\u1ee7a m\u00e1y c\u1eaft khoai lang c\u00f3 th\u1ec3 \u0111i\u1ec1u ch\u1ec9nh: t\u1eeb 5mm \u0111\u1ebfn 20mm.<\/li> <li>M\u00e1y c\u1eaft khoai lang c\u00f3 thao t\u00e1c d\u1ec5 d\u00e0ng, hi\u1ec7u qu\u1ea3 cao v\u00e0 ti\u00eau th\u1ee5 \u00edt n\u0103ng l\u01b0\u1ee3ng.<\/li> <li>M\u00e1y d\u1ec5 di chuy\u1ec3n nh\u1edd hai b\u00e1nh xe l\u1edbn.<\/li> <\/ol> <figure id=\"attachment_3117\" aria-describedby=\"caption-attachment-3117\" style=\"width: 634px\" class=\"wp-caption alignnone\"><img loading=\"lazy\" decoding=\"async\" class=\"wp-image-3117\" src=\"https:\/\/www.agriculture-machine.com\/wp-content\/uploads\/2018\/10\/cassava-peeling-machine-8.jpg\" alt=\"\" width=\"634\" height=\"634\" srcset=\"https:\/\/www.agriculture-machine.com\/wp-content\/uploads\/2018\/10\/cassava-peeling-machine-8.jpg 750w, https:\/\/www.agriculture-machine.com\/wp-content\/uploads\/2018\/10\/cassava-peeling-machine-8-270x270.jpg 270w, https:\/\/www.agriculture-machine.com\/wp-content\/uploads\/2018\/10\/cassava-peeling-machine-8-540x540.jpg 540w\" sizes=\"auto, (max-width: 634px) 100vw, 634px\" \/><figcaption id=\"caption-attachment-3117\" class=\"wp-caption-text\">m\u00e1y g\u1ecdt v\u1ecf s\u1eafn<\/figcaption><\/figure> <figure id=\"attachment_3118\" aria-describedby=\"caption-attachment-3118\" style=\"width: 650px\" class=\"wp-caption alignnone\"><img loading=\"lazy\" decoding=\"async\" class=\"wp-image-3118\" src=\"https:\/\/www.agriculture-machine.com\/wp-content\/uploads\/2018\/10\/cassava-peeling-machine-9.jpg\" alt=\"\" width=\"650\" height=\"650\" srcset=\"https:\/\/www.agriculture-machine.com\/wp-content\/uploads\/2018\/10\/cassava-peeling-machine-9.jpg 750w, https:\/\/www.agriculture-machine.com\/wp-content\/uploads\/2018\/10\/cassava-peeling-machine-9-270x270.jpg 270w, https:\/\/www.agriculture-machine.com\/wp-content\/uploads\/2018\/10\/cassava-peeling-machine-9-540x540.jpg 540w\" sizes=\"auto, (max-width: 650px) 100vw, 650px\" \/><figcaption id=\"caption-attachment-3118\" class=\"wp-caption-text\">m\u00e1y g\u1ecdt v\u1ecf s\u1eafn<\/figcaption><\/figure> <h2>Th\u00f4ng s\u1ed1 k\u1ef9 thu\u1eadt c\u1ee7a m\u00e1y c\u1eaft khoai lang<\/h2> <p>&nbsp;<\/p> <table> <tbody> <tr> <td width=\"284\">M\u1eabu<\/td> <td width=\"284\">SL-04<\/td> <\/tr> <tr> <td width=\"284\">C\u00f4ng su\u1ea5t<\/td> <td width=\"284\">\u0110\u1ed9ng c\u01a1 3kw ho\u1eb7c \u0111\u1ed9ng c\u01a1 diesel 8HP<\/td> <\/tr> <tr> <td width=\"284\">Dung t\u00edch<\/td> <td width=\"284\">4 t\u1ea5n\/h<\/td> <\/tr> <tr> <td width=\"284\">Tr\u1ecdng l\u01b0\u1ee3ng<\/td> <td width=\"284\">150kg<\/td> <\/tr> <tr> <td width=\"284\">K\u00edch th\u01b0\u1edbc<\/td> <td width=\"284\">1650*800*1200mm<\/td> <\/tr> <\/tbody> <\/table> <h2>Tr\u01b0\u1eddng h\u1ee3p th\u00e0nh c\u00f4ng c\u1ee7a m\u00e1y c\u1eaft khoai lang<\/h2> <p>Ba kh\u00e1ch h\u00e0ng t\u1eeb Congo \u0111\u00e3 \u0111\u1eb7t h\u00e0ng 50 b\u1ed9 m\u00e1y c\u1eaft khoai lang v\u00e0o n\u0103m 2018. H\u1ecd \u0111\u1ea7u ti\u00ean \u0111\u1ebfn th\u0103m nh\u00e0 m\u00e1y c\u1ee7a ch\u00fang t\u00f4i \u0111\u1ec3 hi\u1ec3u r\u00f5 v\u1ec1 m\u00e1y, th\u1eed nghi\u1ec7m v\u1edbi nguy\u00ean li\u1ec7u c\u1ee7a h\u1ecd. \u1ea4n t\u01b0\u1ee3ng b\u1edfi c\u00f4ng su\u1ea5t cao v\u00e0 hi\u1ec7u su\u1ea5t l\u00e0m vi\u1ec7c xu\u1ea5t s\u1eafc, h\u1ecd \u0111\u00e3 thanh to\u00e1n ngay sau khi th\u1eed nghi\u1ec7m, \u0111\u00f3 l\u00e0 l\u1ea7n h\u1ee3p t\u00e1c \u0111\u1ea7u ti\u00ean gi\u1eefa ch\u00fang t\u00f4i.<\/p> <h3>H\u00ecnh \u1ea3nh c\u1ee7a kh\u00e1ch h\u00e0ng<\/h3> <figure id=\"attachment_3115\" aria-describedby=\"caption-attachment-3115\" style=\"width: 598px\" class=\"wp-caption alignnone\"><img loading=\"lazy\" decoding=\"async\" class=\"wp-image-3115\" src=\"https:\/\/www.agriculture-machine.com\/wp-content\/uploads\/2018\/10\/cassava-peeling-machine-6.jpg\" alt=\"\" width=\"598\" height=\"598\" srcset=\"https:\/\/www.agriculture-machine.com\/wp-content\/uploads\/2018\/10\/cassava-peeling-machine-6.jpg 750w, https:\/\/www.agriculture-machine.com\/wp-content\/uploads\/2018\/10\/cassava-peeling-machine-6-270x270.jpg 270w, https:\/\/www.agriculture-machine.com\/wp-content\/uploads\/2018\/10\/cassava-peeling-machine-6-540x540.jpg 540w\" sizes=\"auto, (max-width: 598px) 100vw, 598px\" \/><figcaption id=\"caption-attachment-3115\" class=\"wp-caption-text\">m\u00e1y g\u1ecdt v\u1ecf s\u1eafn<\/figcaption><\/figure> <figure id=\"attachment_3114\" aria-describedby=\"caption-attachment-3114\" style=\"width: 592px\" class=\"wp-caption alignnone\"><img loading=\"lazy\" decoding=\"async\" class=\"wp-image-3114\" src=\"https:\/\/www.agriculture-machine.com\/wp-content\/uploads\/2018\/10\/cassava-peeling-machine-5.jpg\" alt=\"\" width=\"592\" height=\"592\" srcset=\"https:\/\/www.agriculture-machine.com\/wp-content\/uploads\/2018\/10\/cassava-peeling-machine-5.jpg 750w, https:\/\/www.agriculture-machine.com\/wp-content\/uploads\/2018\/10\/cassava-peeling-machine-5-270x270.jpg 270w, https:\/\/www.agriculture-machine.com\/wp-content\/uploads\/2018\/10\/cassava-peeling-machine-5-540x540.jpg 540w\" sizes=\"auto, (max-width: 592px) 100vw, 592px\" \/><figcaption id=\"caption-attachment-3114\" class=\"wp-caption-text\">m\u00e1y g\u1ecdt v\u1ecf s\u1eafn<\/figcaption><\/figure> <h3>H\u00ecnh \u1ea3nh giao h\u00e0ng c\u1ee7a m\u00e1y c\u1eaft khoai lang<\/h3> <figure id=\"attachment_3111\" aria-describedby=\"caption-attachment-3111\" style=\"width: 593px\" class=\"wp-caption alignnone\"><img loading=\"lazy\" decoding=\"async\" class=\"wp-image-3111\" src=\"https:\/\/www.agriculture-machine.com\/wp-content\/uploads\/2018\/10\/cassava-peeling-machine-2.jpg\" alt=\"\" width=\"593\" height=\"593\" srcset=\"https:\/\/www.agriculture-machine.com\/wp-content\/uploads\/2018\/10\/cassava-peeling-machine-2.jpg 750w, https:\/\/www.agriculture-machine.com\/wp-content\/uploads\/2018\/10\/cassava-peeling-machine-2-270x270.jpg 270w, https:\/\/www.agriculture-machine.com\/wp-content\/uploads\/2018\/10\/cassava-peeling-machine-2-540x540.jpg 540w\" sizes=\"auto, (max-width: 593px) 100vw, 593px\" \/><figcaption id=\"caption-attachment-3111\" class=\"wp-caption-text\">m\u00e1y g\u1ecdt v\u1ecf s\u1eafn<\/figcaption><\/figure> <figure id=\"attachment_3112\" aria-describedby=\"caption-attachment-3112\" style=\"width: 594px\" class=\"wp-caption alignnone\"><img loading=\"lazy\" decoding=\"async\" class=\"wp-image-3112\" src=\"https:\/\/www.agriculture-machine.com\/wp-content\/uploads\/2018\/10\/cassava-peeling-machine-3.jpg\" alt=\"\" width=\"594\" height=\"594\" srcset=\"https:\/\/www.agriculture-machine.com\/wp-content\/uploads\/2018\/10\/cassava-peeling-machine-3.jpg 750w, https:\/\/www.agriculture-machine.com\/wp-content\/uploads\/2018\/10\/cassava-peeling-machine-3-270x270.jpg 270w, https:\/\/www.agriculture-machine.com\/wp-content\/uploads\/2018\/10\/cassava-peeling-machine-3-540x540.jpg 540w\" sizes=\"auto, (max-width: 594px) 100vw, 594px\" \/><figcaption id=\"caption-attachment-3112\" class=\"wp-caption-text\">m\u00e1y g\u1ecdt v\u1ecf s\u1eafn<\/figcaption><\/figure> <figure id=\"attachment_3113\" aria-describedby=\"caption-attachment-3113\" style=\"width: 589px\" class=\"wp-caption alignnone\"><img loading=\"lazy\" decoding=\"async\" class=\"wp-image-3113\" src=\"https:\/\/www.agriculture-machine.com\/wp-content\/uploads\/2018\/10\/cassava-peeling-machine-4.jpg\" alt=\"\" width=\"589\" height=\"589\" srcset=\"https:\/\/www.agriculture-machine.com\/wp-content\/uploads\/2018\/10\/cassava-peeling-machine-4.jpg 750w, https:\/\/www.agriculture-machine.com\/wp-content\/uploads\/2018\/10\/cassava-peeling-machine-4-270x270.jpg 270w, https:\/\/www.agriculture-machine.com\/wp-content\/uploads\/2018\/10\/cassava-peeling-machine-4-540x540.jpg 540w\" sizes=\"auto, (max-width: 589px) 100vw, 589px\" \/><figcaption id=\"caption-attachment-3113\" class=\"wp-caption-text\">m\u00e1y g\u1ecdt v\u1ecf s\u1eafn<\/figcaption><\/figure> <h2>C\u00e2u h\u1ecfi th\u01b0\u1eddng g\u1eb7p<\/h2> <ol> <li>Nguy\u00ean li\u1ec7u c\u1ee7a m\u00e1y g\u1ecdt v\u1ecf khoai lang l\u00e0 g\u00ec?<\/li> <\/ol> <p>Nguy\u00ean li\u1ec7u c\u00f3 th\u1ec3 l\u00e0 s\u1eafn, khoai t\u00e2y v\u00e0 khoai lang.<\/p> <ol start=\"2\"> <li>\u0110\u1ed9 d\u00e0y c\u00f3 th\u1ec3 \u0111i\u1ec1u ch\u1ec9nh kh\u00f4ng?<\/li> <\/ol> <p>V\u00e2ng, t\u1ea5t nhi\u00ean, n\u00f3 dao \u0111\u1ed9ng t\u1eeb 5mm \u0111\u1ebfn 20mm.<\/p> <ol start=\"3\"> <li>M\u00e1y c\u00f3 th\u1ec3 ho\u00e0n to\u00e0n lo\u1ea1i b\u1ecf v\u1ecf c\u1ee7a nguy\u00ean li\u1ec7u kh\u00f4ng?<\/li> <\/ol> <p>T\u1ef7 l\u1ec7 lo\u1ea1i b\u1ecf v\u1ecf l\u00e0 95%, c\u00f3 ngh\u0129a l\u00e0 h\u1ea7u h\u1ebft v\u1ecf c\u00f3 th\u1ec3 \u0111\u01b0\u1ee3c lo\u1ea1i b\u1ecf trong tr\u1ee5c quay.<\/p> <ol start=\"4\"> <li>C\u00f3 nh\u1eefng mi\u1ebfng s\u1eafn b\u1ecb v\u1ee1 kh\u00f4ng?<\/li> <\/ol> <p>Kh\u00f4ng, t\u1ea5t c\u1ea3 c\u00e1c mi\u1ebfng c\u00f3 th\u1ec3 gi\u1eef nguy\u00ean v\u1eb9n.<\/p> <p>Kho h\u00e0ng c\u1ee7a m\u00e1y c\u1eaft khoai lang<\/p> <p>&nbsp;<\/p>","protected":false},"excerpt":{"rendered":"<p>Cassava slicing\u00a0machine\u00a0can peel cassava and then cut them\u00a0into slices, achieving\u00a0peeling and slicing\u00a0at the same time.\u00a0The final slices are very clean without outer husk, and its thickness can be adjusted according to your requirement. &nbsp; &nbsp; Working principle of sweet potato slicer The cassava\u00a0firstly goes into a long barrel with hole. They constantly rotate under the [&hellip;]<\/p>\n","protected":false},"author":1,"featured_media":3110,"parent":0,"comment_status":"closed","ping_status":"closed","template":"","tags":[2629],"product-type":[1],"class_list":["post-1190","product","type-product","status-publish","has-post-thumbnail","hentry","tag-slicer","product-type-other"],"_links":{"self":[{"href":"https:\/\/www.agriculture-machine.com\/vi\/wp-json\/wp\/v2\/product\/1190","targetHints":{"allow":["GET"]}}],"collection":[{"href":"https:\/\/www.agriculture-machine.com\/vi\/wp-json\/wp\/v2\/product"}],"about":[{"href":"https:\/\/www.agriculture-machine.com\/vi\/wp-json\/wp\/v2\/types\/product"}],"author":[{"embeddable":true,"href":"https:\/\/www.agriculture-machine.com\/vi\/wp-json\/wp\/v2\/users\/1"}],"replies":[{"embeddable":true,"href":"https:\/\/www.agriculture-machine.com\/vi\/wp-json\/wp\/v2\/comments?post=1190"}],"wp:featuredmedia":[{"embeddable":true,"href":"https:\/\/www.agriculture-machine.com\/vi\/wp-json\/wp\/v2\/media\/3110"}],"wp:attachment":[{"href":"https:\/\/www.agriculture-machine.com\/vi\/wp-json\/wp\/v2\/media?parent=1190"}],"wp:term":[{"taxonomy":"post_tag","embeddable":true,"href":"https:\/\/www.agriculture-machine.com\/vi\/wp-json\/wp\/v2\/tags?post=1190"},{"taxonomy":"product-type","embeddable":true,"href":"https:\/\/www.agriculture-machine.com\/vi\/wp-json\/wp\/v2\/product-type?post=1190"}],"curies":[{"name":"wp","href":"https:\/\/api.w.org\/{rel}","templated":true}]}}