{"id":11968,"date":"2021-11-02T16:44:10","date_gmt":"2021-11-02T08:44:10","guid":{"rendered":"https:\/\/www.agriculture-machine.com\/?p=11968"},"modified":"2024-09-18T15:58:28","modified_gmt":"2024-09-18T07:58:28","slug":"disc-plow-disc-plough-4-wheeler-disc-plow","status":"publish","type":"product","link":"https:\/\/www.agriculture-machine.com\/vi\/disc-plow-disc-plough-4-wheeler-disc-plow\/","title":{"rendered":"C\u00e0y \u0111\u0129a 4 b\u00e1nh xe"},"content":{"rendered":"<p class=\"translation-block\"><strong>c\u00e0y \u0111\u0129a<\/strong> s\u1eed d\u1ee5ng m\u1ed9t \u0111\u0129a l\u00f5m l\u00e0m ph\u1ea7n l\u00e0m vi\u1ec7c, c\u00f3 th\u1ec3 g\u1ed3m m\u1ed9t ho\u1eb7c nhi\u1ec1u \u0111\u0129a. M\u1ed7i \u0111\u0129a \u0111\u01b0\u1ee3c l\u1eafp \u0111\u1ed9c l\u1eadp tr\u00ean c\u1ed9t c\u00e0y h\u00e0n v\u00e0o d\u1ea7m nghi\u00eang ch\u00ednh. N\u00f3 ph\u00f9 h\u1ee3p cho c\u00e1c ho\u1ea1t \u0111\u1ed9ng lo\u1ea1i b\u1ecf g\u1ed1c r\u1ea1 sau c\u00e0y, chu\u1ea9n b\u1ecb \u0111\u1ea5t tr\u01b0\u1edbc gieo h\u1ea1t, \u0111\u1ea5t t\u01a1i x\u1ed1p, tr\u1ed9n \u0111\u1ea5t v\u00e0 ph\u00e2n b\u00f3n.<\/p>    <p>Disc plows are generally matched with a tractor&#8217;s three-point suspension connection. During operation, the plow blade rotates to the plow and turns the soil. They are usually used for ploughing and plowing in dry farming areas or wastelands.<\/p>    <figure class=\"wp-block-embed aligncenter is-type-video is-provider-youtube wp-block-embed-youtube wp-embed-aspect-4-3 wp-has-aspect-ratio\"><div class=\"wp-block-embed__wrapper\"> <iframe loading=\"lazy\" title=\"C\u00e0y \u0111\u0129a \/ C\u00e0y \u0111\u0129a \/ Hi\u1ec7u qu\u1ea3 cao \/ Ch\u1ea5t l\u01b0\u1ee3ng cao \/ Gi\u00e1 th\u1ea5p\" width=\"500\" height=\"375\" src=\"https:\/\/www.youtube.com\/embed\/OOuBYkUNlNE?list=PL58YSJlfYgUnj5S3_0o4aiLpAT6bvuqb0\" frameborder=\"0\" allow=\"accelerometer; autoplay; clipboard-write; encrypted-media; gyroscope; picture-in-picture; web-share\" referrerpolicy=\"strict-origin-when-cross-origin\" allowfullscreen><\/iframe> <\/div><figcaption class=\"wp-element-caption\">Video ho\u1ea1t \u0111\u1ed9ng c\u1ee7a c\u00e0y \u0111\u0129a<\/figcaption><\/figure>    <h2 class=\"wp-block-heading\" id=\"h-brief-introduction-of-the-disc-plow\">Gi\u1edbi thi\u1ec7u ng\u1eafn g\u1ecdn v\u1ec1 c\u00e0y \u0111\u0129a<\/h2>    <p class=\"translation-block\"><strong>c\u00e0y \u0111\u0129a m\u1ed9t chi\u1ec1u<\/strong> ph\u00f9 h\u1ee3p v\u1edbi k\u1ebft n\u1ed1i treo to\u00e0n ph\u1ea7n c\u1ee7a m\u00e1y k\u00e9o. C\u00f3 c\u00e1c \u01b0u \u0111i\u1ec3m kh\u00f4ng b\u1ecb r\u1ed1i r\u1eafm c\u1ecf, kh\u00f4ng b\u1ecb t\u1eafc ngh\u1ebdn, kh\u00f4ng \u0111\u1ea5t, c\u00f3 kh\u1ea3 n\u0103ng c\u1eaft th\u00e2n c\u00e2y v\u00e0 r\u1ec5, v\u00e0 \u00edt c\u1ea3n tr\u1edf c\u00f4ng vi\u1ec7c.<\/p>    <p>\u0110\u1eb7c bi\u1ec7t ph\u00f9 h\u1ee3p cho c\u00e1c ho\u1ea1t \u0111\u1ed9ng tr\u00ean \u0111\u1ea5t n\u00f4ng nghi\u1ec7p n\u01a1i c\u1ecf d\u1ea1i m\u1ecdc, th\u00e2n c\u00e2y cao, \u0111\u1ea5t kh\u00e1ng c\u1ef1 l\u1edbn, v\u00e0 c\u00f3 g\u1ea1ch v\u1ee5n trong \u0111\u1ea5t. <\/p>    <p class=\"translation-block\">C\u00e0y \u0111\u0129a kh\u00e1c v\u1edbi <a href=\"https:\/\/www.agriculture-machine.com\/vi\/heavy-disc-harrow-hydraulic-trailed-heavy-duty-harrow\/\">c\u00e0y r\u00e3nh<\/a>. C\u00e0y \u0111\u0129a ch\u1ee7 y\u1ebfu d\u00f9ng \u0111\u1ec3 c\u00e0y v\u00e0 c\u00e0y \u0111\u1ea5t ch\u01b0a canh t\u00e1c, c\u00f2n c\u00e0y r\u00e3nh d\u00f9ng \u0111\u1ec3 c\u00e0y v\u00e0 san l\u1ea5p \u0111\u1ea5t \u0111\u00e3 canh t\u00e1c.<\/p>    <figure class=\"wp-block-image aligncenter size-large\"><img loading=\"lazy\" decoding=\"async\" width=\"720\" height=\"540\" src=\"https:\/\/www.agriculture-machine.com\/wp-content\/uploads\/2021\/11\/37-720x540.jpg?v=1635840282\" alt=\"C\u00e0y \u0111\u0129a\" class=\"wp-image-11981\" title=\"C\u00e0y \u0111\u0129a\" srcset=\"https:\/\/www.agriculture-machine.com\/wp-content\/uploads\/2021\/11\/37-720x540.jpg 720w, https:\/\/www.agriculture-machine.com\/wp-content\/uploads\/2021\/11\/37-360x270.jpg 360w, https:\/\/www.agriculture-machine.com\/wp-content\/uploads\/2021\/11\/37-240x180.jpg 240w, https:\/\/www.agriculture-machine.com\/wp-content\/uploads\/2021\/11\/37-768x576.jpg 768w, https:\/\/www.agriculture-machine.com\/wp-content\/uploads\/2021\/11\/37-1536x1152.jpg 1536w, https:\/\/www.agriculture-machine.com\/wp-content\/uploads\/2021\/11\/37-2048x1536.jpg 2048w\" sizes=\"auto, (max-width: 720px) 100vw, 720px\" \/><\/figure>    <h2 class=\"wp-block-heading\" id=\"h-the-structure-of-the-disc-plow-equipment\">C\u1ea5u tr\u00fac c\u1ee7a thi\u1ebft b\u1ecb c\u00e0y \u0111\u0129a<\/h2>    <p>Bao g\u1ed3m khung m\u00e1y, \u0111i\u1ec3m k\u1ebft n\u1ed1i, v\u00e0 \u0111\u0129a.<\/p>    <p>N\u00f3 bao g\u1ed3m v\u1ecf tay tr\u00e1i, tay \u0111\u1ee1 tr\u00e1i, h\u1ed9p s\u1ed1, b\u00e1nh r\u0103ng truy\u1ec1n, v\u00f2ng m\u00f3c, c\u1ea7n \u0111i\u1ec1u khi\u1ec3n, h\u1ed9p x\u00edch, tr\u1ee5c \u0111\u0129a, v\u00e0 \u0111\u0129a. C\u1ea7n \u0111i\u1ec1u khi\u1ec3n \u0111\u01b0\u1ee3c l\u1eafp tr\u00ean h\u1ed9p s\u1ed1 v\u00e0 k\u1ebft n\u1ed1i v\u1edbi v\u00f2ng m\u00f3c.<\/p>    <figure class=\"wp-block-gallery has-nested-images columns-default is-cropped wp-block-gallery-2 is-layout-flex wp-block-gallery-is-layout-flex\"> <figure class=\"wp-block-image size-large\"><img loading=\"lazy\" decoding=\"async\" width=\"720\" height=\"480\" data-id=\"11984\" src=\"https:\/\/www.agriculture-machine.com\/wp-content\/uploads\/2021\/11\/IMG_0537-4-720x480.jpg\" alt=\"\" class=\"wp-image-11984\" srcset=\"https:\/\/www.agriculture-machine.com\/wp-content\/uploads\/2021\/11\/IMG_0537-4-720x480.jpg 720w, https:\/\/www.agriculture-machine.com\/wp-content\/uploads\/2021\/11\/IMG_0537-4-360x240.jpg 360w, https:\/\/www.agriculture-machine.com\/wp-content\/uploads\/2021\/11\/IMG_0537-4-768x512.jpg 768w, https:\/\/www.agriculture-machine.com\/wp-content\/uploads\/2021\/11\/IMG_0537-4-1536x1024.jpg 1536w, https:\/\/www.agriculture-machine.com\/wp-content\/uploads\/2021\/11\/IMG_0537-4-2048x1365.jpg 2048w\" sizes=\"auto, (max-width: 720px) 100vw, 720px\" \/><\/figure>    <figure class=\"wp-block-image size-large\"><img loading=\"lazy\" decoding=\"async\" width=\"720\" height=\"480\" data-id=\"11985\" src=\"https:\/\/www.agriculture-machine.com\/wp-content\/uploads\/2021\/11\/IMG_0543-1-720x480.jpg\" alt=\"\" class=\"wp-image-11985\" srcset=\"https:\/\/www.agriculture-machine.com\/wp-content\/uploads\/2021\/11\/IMG_0543-1-720x480.jpg 720w, https:\/\/www.agriculture-machine.com\/wp-content\/uploads\/2021\/11\/IMG_0543-1-360x240.jpg 360w, https:\/\/www.agriculture-machine.com\/wp-content\/uploads\/2021\/11\/IMG_0543-1-768x512.jpg 768w, https:\/\/www.agriculture-machine.com\/wp-content\/uploads\/2021\/11\/IMG_0543-1-1536x1024.jpg 1536w, https:\/\/www.agriculture-machine.com\/wp-content\/uploads\/2021\/11\/IMG_0543-1-2048x1365.jpg 2048w\" sizes=\"auto, (max-width: 720px) 100vw, 720px\" \/><\/figure> <figcaption class=\"blocks-gallery-caption wp-element-caption\">C\u00e0y \u0111\u0129a<\/figcaption><\/figure>    <h2 class=\"wp-block-heading\" id=\"h-the-working-principle-of-the-disc-plow-machine\">Nguy\u00ean l\u00fd ho\u1ea1t \u0111\u1ed9ng c\u1ee7a m\u00e1y c\u00e0y \u0111\u0129a<\/h2>    <p>\u0110\u0129a c\u1ee7a c\u00e0y \u0111\u0129a \u0111\u01b0\u1ee3c l\u1eafp tr\u00ean c\u00f9ng m\u1ed9t tr\u1ee5c, v\u00e0 b\u00e1nh sau \u0111\u01b0\u1ee3c l\u1eafp \u1edf b\u00ean tr\u00e1i c\u1ee7a th\u00e2n c\u00e0y, nh\u1eb1m c\u00e2n b\u1eb1ng \u00e1p l\u1ef1c b\u00ean v\u00e0 l\u00e0m cho c\u00e0y \u0111\u0129a ho\u1ea1t \u0111\u1ed9ng \u1ed5n \u0111\u1ecbnh.<\/p>    <p>\u0110\u1ec3 \u0111\u1ea3m b\u1ea3o ch\u1ea5t l\u01b0\u1ee3ng canh t\u00e1c, c\u00f3 th\u1ec3 \u0111i\u1ec1u ch\u1ec9nh v\u1ecb tr\u00ed l\u00ean xu\u1ed1ng v\u00e0 g\u00f3c l\u1ec7ch c\u1ee7a b\u00e1nh sau. C\u00e1c thanh tr\u00ean v\u00e0 d\u01b0\u1edbi c\u00f9ng c\u00e1c thanh n\u00e2ng tr\u00e1i ph\u1ea3i \u0111\u1ec1u k\u1ebft n\u1ed1i v\u1edbi m\u00e1y k\u00e9o b\u1eb1ng b\u1ea3n l\u1ec1 c\u1ea7u. Tr\u1ee5c truy\u1ec1n c\u00f4ng su\u1ea5t k\u1ebft n\u1ed1i v\u1edbi kh\u1edbp c\u1ea7u v\u00e0 tr\u1ee5c truy\u1ec1n trung t\u00e2m \u0111\u1ec3 v\u1eadn h\u00e0nh c\u00e0y \u0111\u0129a.<\/p>    <p>Khi c\u00e0y \u0111\u0129a b\u1ecb k\u00e9o v\u1ec1 ph\u00eda tr\u01b0\u1edbc b\u1edfi m\u00e1y k\u00e9o, \u0111\u0129a quay quanh tr\u1ee5c trung t\u00e2m, \u0111\u1ea5t b\u1ecb c\u1eaft xung quanh \u0111\u0129a. \u0110\u1ea5t c\u00e0y l\u00ean theo b\u1ec1 m\u1eb7t l\u00f5m c\u1ee7a \u0111\u0129a quay v\u00e0 quay sang hai b\u00ean v\u00e0 ph\u00eda sau. Sau khi c\u00e0y, \u0111\u1ec3 l\u1ea1i r\u00e3nh.<\/p>    <figure class=\"wp-block-embed aligncenter is-type-video is-provider-youtube wp-block-embed-youtube wp-embed-aspect-16-9 wp-has-aspect-ratio\"><div class=\"wp-block-embed__wrapper\"> <iframe loading=\"lazy\" title=\"C\u00f4ng vi\u1ec7c c\u00e0y \u0111\u0129a m\u1ea1nh m\u1ebd: Xem c\u00e0y \u0111\u0129a c\u1ee7a ch\u00fang t\u00f4i ho\u1ea1t \u0111\u1ed9ng to\u00e0n di\u1ec7n!#c\u00e0y\u0111\u0129a #c\u00e0y #c\u00e0y\" width=\"500\" height=\"281\" src=\"https:\/\/www.youtube.com\/embed\/XEZDM_sTW5c?feature=oembed\" frameborder=\"0\" allow=\"accelerometer; autoplay; clipboard-write; encrypted-media; gyroscope; picture-in-picture; web-share\" referrerpolicy=\"strict-origin-when-cross-origin\" allowfullscreen><\/iframe> <\/div><figcaption class=\"wp-element-caption\">Tr\u00ecnh di\u1ec5n t\u1ea1i ch\u1ed7 c\u1ee7a m\u00e1y c\u00e0y<\/figcaption><\/figure>    <h2 class=\"wp-block-heading\" id=\"h-applicable-land-for-the-disc-plough\">\u0110\u1ea5t ph\u00f9 h\u1ee3p<\/h2>    <p class=\"translation-block\"><a href=\"https:\/\/www.agriculture-machine.com\/vi\/disc-plough-disc-plow-for-sale\/\">c\u00e0y \u0111\u0129a<\/a> ph\u00f9 h\u1ee3p \u0111\u1ec3 c\u00e0y v\u00e0 c\u00e0y \u0111\u1ea5t ch\u01b0a canh t\u00e1c ho\u1eb7c \u0111\u1ea5t hoang, \u0111\u1eb7c bi\u1ec7t ph\u00f9 h\u1ee3p \u0111\u1ec3 c\u00e0y \u0111\u1ea5t tr\u1ed3ng xanh n\u0103ng su\u1ea5t cao v\u00e0 tr\u1ea3 l\u1ea1i g\u1ed1c r\u1ea1 c\u1ee7a l\u00faa v\u00e0 l\u00faa m\u00ec v\u00e0o ru\u1ed9ng.<\/p>    <p>The plow&#8217;s passing performance and soil entry performance are good. The soil turning and mulching quality can meet the technical requirements of agricultural production, the farming obstruction is small, and the operation and adjustment are convenient.<\/p>    <figure class=\"wp-block-gallery has-nested-images columns-default is-cropped wp-block-gallery-3 is-layout-flex wp-block-gallery-is-layout-flex\"> <figure class=\"wp-block-image size-large\"><img loading=\"lazy\" decoding=\"async\" width=\"720\" height=\"540\" data-id=\"16308\" src=\"https:\/\/www.agriculture-machine.com\/wp-content\/uploads\/2021\/11\/agricultural-plough-for-sale.webp\" alt=\"C\u00e0y n\u00f4ng nghi\u1ec7p \u0111\u1ec3 b\u00e1n\" class=\"wp-image-16308\" srcset=\"https:\/\/www.agriculture-machine.com\/wp-content\/uploads\/2021\/11\/agricultural-plough-for-sale.webp 720w, https:\/\/www.agriculture-machine.com\/wp-content\/uploads\/2021\/11\/agricultural-plough-for-sale-360x270.webp 360w, https:\/\/www.agriculture-machine.com\/wp-content\/uploads\/2021\/11\/agricultural-plough-for-sale-240x180.webp 240w, https:\/\/www.agriculture-machine.com\/wp-content\/uploads\/2021\/11\/agricultural-plough-for-sale-16x12.webp 16w\" sizes=\"auto, (max-width: 720px) 100vw, 720px\" \/><figcaption class=\"wp-element-caption\">C\u00e0y n\u00f4ng nghi\u1ec7p \u0111\u1ec3 b\u00e1n<\/figcaption><\/figure>    <figure class=\"wp-block-image size-large\"><img loading=\"lazy\" decoding=\"async\" width=\"720\" height=\"540\" data-id=\"16309\" src=\"https:\/\/www.agriculture-machine.com\/wp-content\/uploads\/2021\/11\/field-disc-plough.webp\" alt=\"C\u00e0y \u0111\u0129a tr\u00ean \u0111\u1ed3ng ru\u1ed9ng\" class=\"wp-image-16309\" srcset=\"https:\/\/www.agriculture-machine.com\/wp-content\/uploads\/2021\/11\/field-disc-plough.webp 720w, https:\/\/www.agriculture-machine.com\/wp-content\/uploads\/2021\/11\/field-disc-plough-360x270.webp 360w, https:\/\/www.agriculture-machine.com\/wp-content\/uploads\/2021\/11\/field-disc-plough-240x180.webp 240w, https:\/\/www.agriculture-machine.com\/wp-content\/uploads\/2021\/11\/field-disc-plough-16x12.webp 16w\" sizes=\"auto, (max-width: 720px) 100vw, 720px\" \/><figcaption class=\"wp-element-caption\">C\u00e0y \u0111\u0129a tr\u00ean \u0111\u1ed3ng ru\u1ed9ng<\/figcaption><\/figure> <\/figure>    <h2 class=\"wp-block-heading\" id=\"h-parameter-of-the-disc-plow\">Th\u00f4ng s\u1ed1 k\u1ef9 thu\u1eadt c\u00e0y \u0111\u0129a<\/h2>    <figure class=\"wp-block-table is-style-stripes\"><table><tbody><tr><td>M\u1eabu<\/td><td>1LYQ-220<\/td><td> 1LYQ- 315<\/td><td> 1LYQ- 320<\/td><td> 1LYQ- 325<\/td><td> 1LYQ- 425<\/td><td> 1LYQ- 525<\/td><td> 1LYQ- 625<\/td><\/tr><tr><td>Chi\u1ec1u r\u1ed9ng c\u1eaft (mm)<\/td><td>400<\/td><td>450<\/td><td>600<\/td><td>750<\/td><td>1000<\/td><td>1250<\/td><td>1500<\/td><\/tr><tr><td>Chi\u1ec1u s\u00e2u c\u1eaft (mm)<\/td><td>200<\/td><td>200<\/td><td>200<\/td><td>250-300<\/td><td> 250-300 <\/td><td> 250-300 <\/td><td> 250-300 <\/td><\/tr><tr><td>\u0110\u01b0\u1eddng k\u00ednh \u0111\u0129a (mm)<\/td><td>510<\/td><td>460<\/td><td>510<\/td><td>600<\/td><td> 600 <\/td><td> 600 <\/td><td> 600 <\/td><\/tr><tr><td>S\u1ed1 l\u01b0\u1ee3ng \u0111\u0129a<\/td><td>2<\/td><td>3<\/td><td>3<\/td><td>3<\/td><td>4<\/td><td>5<\/td><td>6<\/td><\/tr><tr><td>Tr\u1ecdng l\u01b0\u1ee3ng(kg)<\/td><td>140<\/td><td>160<\/td><td>190<\/td><td>420<\/td><td>490<\/td><td>565<\/td><td>640<\/td><\/tr><tr><td>C\u00f4ng su\u1ea5t m\u00e1y k\u00e9o (hp)<\/td><td>18<\/td><td>25<\/td><td>25-40<\/td><td>50<\/td><td>90<\/td><td>120<\/td><td>160<\/td><\/tr><tr><td>G\u1eafn tr\u00ean xe<\/td><td>Cat1: Treo ba \u0111i\u1ec3m <\/td><td> Cat1 <\/td><td> Cat1 <\/td><td>Cat2: Treo ba \u0111i\u1ec3m  <\/td><td> Cat2 <\/td><td> Cat2 <\/td><td> Cat2 <\/td><\/tr><\/tbody><\/table><figcaption class=\"wp-element-caption\">D\u1eef li\u1ec7u k\u1ef9 thu\u1eadt chi ti\u1ebft c\u1ee7a c\u00e0y \u0111\u0129a<\/figcaption><\/figure>    <h2 class=\"wp-block-heading\" id=\"h-advantages-of-the-disc-plow-for-sale\">\u01afu \u0111i\u1ec3m c\u1ee7a c\u00e0y \u0111\u0129a \u0111\u1ec3 b\u00e1n<\/h2>    <ul class=\"wp-block-list\"> <li>Ch\u1ea5t l\u01b0\u1ee3ng \u0111\u00e1ng tin c\u1eady. V\u1ecf \u0111\u01b0\u1ee3c l\u00e0m b\u1eb1ng th\u00e9p d\u00e0y, ch\u1eafc ch\u1eafn v\u00e0 b\u1ec1n, ph\u00f9 h\u1ee3p cho ho\u1ea1t \u0111\u1ed9ng c\u01b0\u1eddng \u0111\u1ed9 cao, kh\u00f4ng d\u1ec5 b\u1ecb l\u00e3o h\u00f3a, v\u00e0 c\u00f3 tu\u1ed5i th\u1ecd d\u00e0i.<\/li>    <li>\u0110\u0129a c\u00f4ng su\u1ea5t ph\u00f9 h\u1ee3p h\u01a1n cho c\u00e1c ru\u1ed9ng l\u00faa c\u00f3 nhi\u1ec1u r\u01a1m r\u1ea1 v\u00e0 c\u1ecf d\u1ea1i, v\u00e0 c\u00e1c ru\u1ed9ng c\u00f3 \u0111\u1ed9 \u1ea9m cao. N\u00f3 c\u00f3 hi\u1ec7u qu\u1ea3 c\u1eaft v\u00e0 l\u1eadt r\u01a1m r\u1ea1 v\u00e0 c\u1ecf d\u1ea1i, v\u00e0 c\u1ea3i thi\u1ec7n hi\u1ec7u qu\u1ea3 th\u00f4ng gi\u00f3 v\u00e0 th\u1ea5m n\u01b0\u1edbc c\u1ee7a \u0111\u1ea5t.<\/li>    <li>Trong c\u00e1c ru\u1ed9ng r\u1ea1 l\u00faa v\u00e0 c\u1ecf safflower, d\u1ec5 b\u1ecb m\u1ee5c n\u00e1t, c\u00f3 l\u1ee3i cho vi\u1ec7c t\u0103ng \u0111\u1ed9 ph\u00ec nhi\u00eau h\u1eefu c\u01a1 c\u1ee7a \u0111\u1ea5t n\u00f4ng nghi\u1ec7p. M\u00e1y c\u00f3 \u0111\u1eb7c \u0111i\u1ec3m kh\u00f4ng r\u1ed1i r\u1eafm c\u1ecf, ti\u1ebft ki\u1ec7m th\u1eddi gian canh t\u00e1c, ti\u1ebft ki\u1ec7m lao \u0111\u1ed9ng, ch\u1ea5t l\u01b0\u1ee3ng v\u1eadn h\u00e0nh cao, chi ph\u00ed th\u1ea5p.<\/li>    <li>Ph\u1ea1m vi \u1ee9ng d\u1ee5ng r\u1ed9ng v\u00e0 c\u1ea3n tr\u1edf c\u00e0y th\u1ea5p.<\/li> <\/ul>    <figure class=\"wp-block-gallery has-nested-images columns-default is-cropped wp-block-gallery-4 is-layout-flex wp-block-gallery-is-layout-flex\"> <figure class=\"wp-block-image size-large\"><img loading=\"lazy\" decoding=\"async\" width=\"720\" height=\"540\" data-id=\"16312\" src=\"https:\/\/www.agriculture-machine.com\/wp-content\/uploads\/2021\/11\/heavy-duty-disc-plough.webp\" alt=\"C\u00e0y \u0111\u0129a n\u1eb7ng\" class=\"wp-image-16312\" srcset=\"https:\/\/www.agriculture-machine.com\/wp-content\/uploads\/2021\/11\/heavy-duty-disc-plough.webp 720w, https:\/\/www.agriculture-machine.com\/wp-content\/uploads\/2021\/11\/heavy-duty-disc-plough-360x270.webp 360w, https:\/\/www.agriculture-machine.com\/wp-content\/uploads\/2021\/11\/heavy-duty-disc-plough-240x180.webp 240w, https:\/\/www.agriculture-machine.com\/wp-content\/uploads\/2021\/11\/heavy-duty-disc-plough-16x12.webp 16w\" sizes=\"auto, (max-width: 720px) 100vw, 720px\" \/><figcaption class=\"wp-element-caption\">C\u00e0y \u0111\u0129a n\u1eb7ng<\/figcaption><\/figure>    <figure class=\"wp-block-image size-large\"><img loading=\"lazy\" decoding=\"async\" width=\"720\" height=\"540\" data-id=\"16311\" src=\"https:\/\/www.agriculture-machine.com\/wp-content\/uploads\/2021\/11\/farming-equipment.webp\" alt=\"Thi\u1ebft b\u1ecb n\u00f4ng nghi\u1ec7p\" class=\"wp-image-16311\" srcset=\"https:\/\/www.agriculture-machine.com\/wp-content\/uploads\/2021\/11\/farming-equipment.webp 720w, https:\/\/www.agriculture-machine.com\/wp-content\/uploads\/2021\/11\/farming-equipment-360x270.webp 360w, https:\/\/www.agriculture-machine.com\/wp-content\/uploads\/2021\/11\/farming-equipment-240x180.webp 240w, https:\/\/www.agriculture-machine.com\/wp-content\/uploads\/2021\/11\/farming-equipment-16x12.webp 16w\" sizes=\"auto, (max-width: 720px) 100vw, 720px\" \/><figcaption class=\"wp-element-caption\">Thi\u1ebft b\u1ecb n\u00f4ng nghi\u1ec7p<\/figcaption><\/figure> <\/figure>    <h2 class=\"wp-block-heading\" id=\"h-maintenance-of-the-disc-plough\">B\u1ea3o tr\u00ec c\u00e0y \u0111\u0129a<\/h2>    <ul class=\"wp-block-list\"> <li>Ki\u1ec3m tra to\u00e0n di\u1ec7n ngo\u1ea1i h\u00ecnh c\u1ee7a m\u00e1y v\u00e0 s\u01a1n l\u1ea1i l\u1edbp s\u01a1n; b\u00f4i d\u1ea7u l\u00ean \u0111\u0129a v\u00e0 tr\u1ee5c spline \u0111\u1ec3 ch\u1ed1ng r\u1ec9 s\u00e9t.<\/li>    <li>Ki\u1ec3m tra xem h\u1ed9p truy\u1ec1n \u0111\u1ed9ng, m\u01b0\u1eddi byte, v\u00e0 v\u00f2ng bi c\u00f3 thi\u1ebfu d\u1ea7u kh\u00f4ng, v\u00e0 b\u1ed5 sung ngay n\u1ebfu c\u1ea7n.<\/li>    <li>Ki\u1ec3m tra v\u00e0 si\u1ebft ch\u1eb7t c\u00e1c bu l\u00f4ng k\u1ebft n\u1ed1i.<\/li>    <li>Ki\u1ec3m tra xem c\u00e1c b\u1ed9 ph\u1eadn d\u1ec5 h\u1ecfng nh\u01b0 bu l\u00f4ng v\u00e0 ch\u1ed1t t\u00e1ch c\u00f3 b\u1ecb h\u1ecfng kh\u00f4ng, v\u00e0 thay th\u1ebf n\u1ebfu c\u1ea7n.<\/li>    <li>Lo\u1ea1i b\u1ecf tri\u1ec7t \u0111\u1ec3 b\u00f9n \u0111\u1ea5t, b\u1ee5i b\u1ea9n, d\u1ea7u m\u1ee1 tr\u00ean thi\u1ebft b\u1ecb.<\/li>    <li>Thay d\u1ea7u b\u00f4i tr\u01a1n v\u00e0 m\u1ee1 m\u1ed9t c\u00e1ch tri\u1ec7t \u0111\u1ec3.<\/li> <\/ul>    <figure class=\"wp-block-image aligncenter size-large is-resized\" id=\"Disc-plough\"><img loading=\"lazy\" decoding=\"async\" width=\"540\" height=\"540\" src=\"https:\/\/www.agriculture-machine.com\/wp-content\/uploads\/2021\/11\/\u5706\u76d8\u72812-540x540.jpg?v=1635840878\" alt=\"C\u00e0y \u0111\u0129a m\u1ed9t chi\u1ec1u ph\u00f9 h\u1ee3p v\u1edbi k\u1ebft n\u1ed1i treo to\u00e0n ph\u1ea7n c\u1ee7a m\u00e1y k\u00e9o. Trong qu\u00e1 tr\u00ecnh v\u1eadn h\u00e0nh, l\u01b0\u1ee1i c\u00e0y quay \u0111\u1ec3 c\u00e0y v\u00e0 \u0111\u1ea3o \u0111\u1ea5t.\" class=\"wp-image-11986\" title=\"C\u00e0y \u0111\u0129a\" srcset=\"https:\/\/www.agriculture-machine.com\/wp-content\/uploads\/2021\/11\/\u5706\u76d8\u72812-540x540.jpg 540w, https:\/\/www.agriculture-machine.com\/wp-content\/uploads\/2021\/11\/\u5706\u76d8\u72812-270x270.jpg 270w, https:\/\/www.agriculture-machine.com\/wp-content\/uploads\/2021\/11\/\u5706\u76d8\u72812-768x768.jpg 768w, https:\/\/www.agriculture-machine.com\/wp-content\/uploads\/2021\/11\/\u5706\u76d8\u72812.jpg 800w\" sizes=\"auto, (max-width: 540px) 100vw, 540px\" \/><figcaption class=\"wp-element-caption\">C\u00e0y \u0111\u0129a<\/figcaption><\/figure>    <h2 class=\"wp-block-heading\">Li\u00ean h\u1ec7 v\u1edbi ch\u00fang t\u00f4i b\u1ea5t c\u1ee9 l\u00fac n\u00e0o<\/h2>    <p>Whether you&#8217;re looking for new ways to increase crop yields or want to improve your farming efficiency, our disc plows can meet your needs. If you are interested in the machine, we sincerely welcome you to contact us and look forward to cooperating with you.<\/p>","protected":false},"excerpt":{"rendered":"<p>The one-way disc plow is matched with the full suspension connection of the tractor. During operation, the plow blade rotates to plow and turn the soil. It has the advantages of not entanglement of grass, no blockage, no soil, capable of cutting crop stems and rhizomes, and less working obstruction. <\/p>","protected":false},"author":1,"featured_media":11973,"parent":0,"comment_status":"closed","ping_status":"closed","template":"","tags":[698],"product-type":[950],"class_list":["post-11968","product","type-product","status-publish","has-post-thumbnail","hentry","tag-tractor","product-type-arable-plows"],"_links":{"self":[{"href":"https:\/\/www.agriculture-machine.com\/vi\/wp-json\/wp\/v2\/product\/11968","targetHints":{"allow":["GET"]}}],"collection":[{"href":"https:\/\/www.agriculture-machine.com\/vi\/wp-json\/wp\/v2\/product"}],"about":[{"href":"https:\/\/www.agriculture-machine.com\/vi\/wp-json\/wp\/v2\/types\/product"}],"author":[{"embeddable":true,"href":"https:\/\/www.agriculture-machine.com\/vi\/wp-json\/wp\/v2\/users\/1"}],"replies":[{"embeddable":true,"href":"https:\/\/www.agriculture-machine.com\/vi\/wp-json\/wp\/v2\/comments?post=11968"}],"wp:featuredmedia":[{"embeddable":true,"href":"https:\/\/www.agriculture-machine.com\/vi\/wp-json\/wp\/v2\/media\/11973"}],"wp:attachment":[{"href":"https:\/\/www.agriculture-machine.com\/vi\/wp-json\/wp\/v2\/media?parent=11968"}],"wp:term":[{"taxonomy":"post_tag","embeddable":true,"href":"https:\/\/www.agriculture-machine.com\/vi\/wp-json\/wp\/v2\/tags?post=11968"},{"taxonomy":"product-type","embeddable":true,"href":"https:\/\/www.agriculture-machine.com\/vi\/wp-json\/wp\/v2\/product-type?post=11968"}],"curies":[{"name":"wp","href":"https:\/\/api.w.org\/{rel}","templated":true}]}}