{"id":12031,"date":"2021-11-09T17:47:22","date_gmt":"2021-11-09T09:47:22","guid":{"rendered":"https:\/\/www.agriculture-machine.com\/?p=12031"},"modified":"2024-09-23T11:22:40","modified_gmt":"2024-09-23T03:22:40","slug":"hand-held-gasoline-corn-planter","status":"publish","type":"product","link":"https:\/\/www.agriculture-machine.com\/vi\/hand-held-gasoline-corn-planter\/","title":{"rendered":"M\u00e1y tr\u1ed3ng \u0111\u1eadu ph\u1ed9ng, ng\u00f4 c\u1ea7m tay ch\u1ea1y x\u0103ng"},"content":{"rendered":"<h2 class=\"wp-block-heading\">Gi\u1edbi thi\u1ec7u ng\u1eafn g\u1ecdn v\u1ec1 m\u00e1y tr\u1ed3ng c\u1ecf c\u1ea7m tay ch\u1ea1y x\u0103ng<\/h2>    <p class=\"translation-block\">M\u00e1y tr\u1ed3ng c\u1ecf c\u1ea7m tay ch\u1ea1y x\u0103ng d\u1ef1a tr\u00ean <a href=\"https:\/\/www.agriculture-machine.com\/vi\/hand-operated-maize-corn-planter-machine-peanut-plant\/\">m\u00e1y tr\u1ed3ng c\u1ecf c\u1ea7m tay<\/a> truy\u1ec1n th\u1ed1ng c\u00f3 \u0111\u1ed9ng c\u01a1 ch\u1ea1y x\u0103ng. V\u00e0 so v\u1edbi c\u00e1c m\u00e1y ho\u00e0n to\u00e0n d\u1ef1a v\u00e0o s\u1ee9c ng\u01b0\u1eddi \u0111\u1ec3 gieo tr\u1ed3ng, n\u00f3 ti\u1ebft ki\u1ec7m th\u1eddi gian v\u00e0 c\u00f4ng s\u1ee9c.<\/p>    <p>Ngo\u00e0i ra, m\u00e1y n\u00e0y ph\u00f9 h\u1ee3p \u0111\u1ec3 gieo h\u1ea1t trong c\u00e1c c\u00e1nh \u0111\u1ed3ng kh\u00f4. B\u1ea1n c\u00f3 th\u1ec3 gieo h\u1ea1t d\u1ea1ng vi\u00ean nh\u01b0 \u0111\u1eadu, ng\u0169 c\u1ed1c, v\u00e0 h\u1ea1t rau qu\u1ea3. V\u00e0 m\u00e1y c\u00f3 \u0111\u1eb7c \u0111i\u1ec3m d\u1ec5 kh\u1edfi \u0111\u1ed9ng, nh\u1eb9, ch\u1eafc ch\u1eafn, \u00edt b\u1ee5i v\u00e0 \u00edt r\u1ed1i r\u1eafm. Ph\u00f9 h\u1ee3p v\u1edbi t\u1ea5t c\u1ea3 c\u00e1c lo\u1ea1i c\u00e2y tr\u1ed3ng tr\u00ean \u0111\u1ea5t kh\u00f4 v\u00e0 l\u00e0 tr\u1ee3 th\u1ee7 \u0111\u1eafc l\u1ef1c cho n\u00f4ng d\u00e2n trong canh t\u00e1c.<\/p>    <figure class=\"wp-block-image size-large\"><img loading=\"lazy\" decoding=\"async\" width=\"720\" height=\"540\" src=\"https:\/\/www.agriculture-machine.com\/wp-content\/uploads\/2021\/11\/IMG_20190320_141834-720x540.jpg?v=1636449682\" alt=\"\" class=\"wp-image-12035\" srcset=\"https:\/\/www.agriculture-machine.com\/wp-content\/uploads\/2021\/11\/IMG_20190320_141834-720x540.jpg 720w, https:\/\/www.agriculture-machine.com\/wp-content\/uploads\/2021\/11\/IMG_20190320_141834-360x270.jpg 360w, https:\/\/www.agriculture-machine.com\/wp-content\/uploads\/2021\/11\/IMG_20190320_141834-240x180.jpg 240w, https:\/\/www.agriculture-machine.com\/wp-content\/uploads\/2021\/11\/IMG_20190320_141834-768x576.jpg 768w, https:\/\/www.agriculture-machine.com\/wp-content\/uploads\/2021\/11\/IMG_20190320_141834-1536x1152.jpg 1536w, https:\/\/www.agriculture-machine.com\/wp-content\/uploads\/2021\/11\/IMG_20190320_141834-2048x1536.jpg 2048w\" sizes=\"auto, (max-width: 720px) 100vw, 720px\" \/><figcaption>M\u00e1y tr\u1ed3ng ng\u00f4 c\u1ea7m tay ch\u1ea1y x\u0103ng<\/figcaption><\/figure>    <h2 class=\"wp-block-heading\" id=\"h-main-functions-of-hand-held-corn-planter-with-gasoline-power\">Ch\u1ee9c n\u0103ng ch\u00ednh c\u1ee7a m\u00e1y tr\u1ed3ng ng\u00f4 c\u1ea7m tay ch\u1ea1y x\u0103ng<\/h2>    <ol class=\"wp-block-list\" type=\"1\"><li>Gieo h\u1ea1t v\u00e0o \u0111\u1ea5t.<\/li><li>B\u00f3n ph\u00e2n c\u1ea1nh h\u1ea1t gi\u1ed1ng.<\/li><li>L\u00e0m l\u1ecfng \u0111\u1ea5t khi gieo.<\/li><li>\u0110\u00e0o r\u00e3nh tr\u01b0\u1edbc khi tr\u1ed3ng.<\/li><\/ol>    <h2 class=\"wp-block-heading\">Ph\u1ea1m vi \u1ee9ng d\u1ee5ng c\u1ee7a m\u00e1y tr\u1ed3ng ng\u00f4 \u0111i sau ng\u01b0\u1eddi&nbsp;<\/h2>    <p>1. N\u00f3 c\u00f3 th\u1ec3 gieo h\u1ea1t d\u1ea1ng vi\u00ean nh\u01b0 l\u00faa m\u00ec, \u0111\u1eadu n\u00e0nh, \u0111\u1eadu \u0111\u1ecf, \u0111\u1eadu H\u00e0 Lan, ng\u00f4, \u0111\u1eadu t\u01b0\u01a1ng, \u0111\u1eadu, m\u1ea1ch nha, millet, v.v.<\/p>    <p>2. N\u00f3 c\u0169ng c\u00f3 th\u1ec3 b\u00f3n ph\u00e2n.<\/p>    <p>3. V\u00e0 ch\u00fang t\u00f4i c\u0169ng c\u00f3 th\u1ec3 \u0111i\u1ec1u ch\u1ec9nh l\u01b0\u1ee3ng gieo h\u1ea1t, l\u01b0\u1ee3ng ph\u00e2n b\u00f3n v\u00e0 \u0111\u1ed9 s\u00e2u gieo.<\/p>    <figure class=\"wp-block-image size-large\"><img loading=\"lazy\" decoding=\"async\" width=\"720\" height=\"540\" src=\"https:\/\/www.agriculture-machine.com\/wp-content\/uploads\/2021\/11\/IMG_20190320_141116-720x540.jpg?v=1636449780\" alt=\"\" class=\"wp-image-12036\" srcset=\"https:\/\/www.agriculture-machine.com\/wp-content\/uploads\/2021\/11\/IMG_20190320_141116-720x540.jpg 720w, https:\/\/www.agriculture-machine.com\/wp-content\/uploads\/2021\/11\/IMG_20190320_141116-360x270.jpg 360w, https:\/\/www.agriculture-machine.com\/wp-content\/uploads\/2021\/11\/IMG_20190320_141116-240x180.jpg 240w, https:\/\/www.agriculture-machine.com\/wp-content\/uploads\/2021\/11\/IMG_20190320_141116-768x576.jpg 768w, https:\/\/www.agriculture-machine.com\/wp-content\/uploads\/2021\/11\/IMG_20190320_141116-1536x1152.jpg 1536w, https:\/\/www.agriculture-machine.com\/wp-content\/uploads\/2021\/11\/IMG_20190320_141116-2048x1536.jpg 2048w\" sizes=\"auto, (max-width: 720px) 100vw, 720px\" \/><figcaption>M\u00e1y tr\u1ed3ng \u0111\u1eadu ph\u1ed9ng c\u1ea7m tay ch\u1ea1y x\u0103ng<\/figcaption><\/figure>    <h2 class=\"wp-block-heading\">C\u1ea5u tr\u00fac c\u1ee7a m\u00e1y tr\u1ed3ng \u0111\u1eadu c\u1ea7m tay ch\u1ea1y x\u0103ng<\/h2>    <p>Tay \u0111i\u1ec1u khi\u1ec3n t\u0103ng t\u1ed1c, phanh tay, tay \u0111\u1ea9y, h\u1ed9p gieo h\u1ea1t, \u0111\u0129a gieo h\u1ea1t ch\u00ednh x\u00e1c, l\u00f2 xo x\u00edch, l\u00f2 xo n\u00f4ng v\u00e0 s\u00e2u, b\u00e1nh xe cao su ph\u00eda sau, khung, g\u00f3c h\u1ea1t th\u1ea5p h\u01a1n, b\u00ecnh nhi\u00ean li\u1ec7u, h\u1ed9p \u0111ai, b\u00e1nh s\u1eaft ph\u00eda tr\u01b0\u1edbc.<\/p>    <figure class=\"wp-block-gallery columns-3 is-cropped wp-block-gallery-2 is-layout-flex wp-block-gallery-is-layout-flex\"><ul class=\"blocks-gallery-grid\"><li class=\"blocks-gallery-item\"><figure><img loading=\"lazy\" decoding=\"async\" width=\"720\" height=\"540\" src=\"https:\/\/www.agriculture-machine.com\/wp-content\/uploads\/2021\/11\/IMG_20190320_140522-720x540.jpg?v=1636450074\" alt=\"\" data-id=\"12044\" data-link=\"https:\/\/www.agriculture-machine.com\/?attachment_id=12044\" class=\"wp-image-12044\" srcset=\"https:\/\/www.agriculture-machine.com\/wp-content\/uploads\/2021\/11\/IMG_20190320_140522-720x540.jpg 720w, https:\/\/www.agriculture-machine.com\/wp-content\/uploads\/2021\/11\/IMG_20190320_140522-360x270.jpg 360w, https:\/\/www.agriculture-machine.com\/wp-content\/uploads\/2021\/11\/IMG_20190320_140522-240x180.jpg 240w, https:\/\/www.agriculture-machine.com\/wp-content\/uploads\/2021\/11\/IMG_20190320_140522-768x576.jpg 768w, https:\/\/www.agriculture-machine.com\/wp-content\/uploads\/2021\/11\/IMG_20190320_140522-1536x1152.jpg 1536w, https:\/\/www.agriculture-machine.com\/wp-content\/uploads\/2021\/11\/IMG_20190320_140522-2048x1536.jpg 2048w\" sizes=\"auto, (max-width: 720px) 100vw, 720px\" \/><figcaption class=\"blocks-gallery-item__caption\">rhdr<\/figcaption><\/figure><\/li><li class=\"blocks-gallery-item\"><figure><img loading=\"lazy\" decoding=\"async\" width=\"720\" height=\"540\" src=\"https:\/\/www.agriculture-machine.com\/wp-content\/uploads\/2021\/11\/IMG_20190320_140528-720x540.jpg?v=1636450106\" alt=\"\" data-id=\"12049\" data-link=\"https:\/\/www.agriculture-machine.com\/?attachment_id=12049\" class=\"wp-image-12049\" srcset=\"https:\/\/www.agriculture-machine.com\/wp-content\/uploads\/2021\/11\/IMG_20190320_140528-720x540.jpg 720w, https:\/\/www.agriculture-machine.com\/wp-content\/uploads\/2021\/11\/IMG_20190320_140528-360x270.jpg 360w, https:\/\/www.agriculture-machine.com\/wp-content\/uploads\/2021\/11\/IMG_20190320_140528-240x180.jpg 240w, https:\/\/www.agriculture-machine.com\/wp-content\/uploads\/2021\/11\/IMG_20190320_140528-768x576.jpg 768w, https:\/\/www.agriculture-machine.com\/wp-content\/uploads\/2021\/11\/IMG_20190320_140528-1536x1152.jpg 1536w, https:\/\/www.agriculture-machine.com\/wp-content\/uploads\/2021\/11\/IMG_20190320_140528-2048x1536.jpg 2048w\" sizes=\"auto, (max-width: 720px) 100vw, 720px\" \/><figcaption class=\"blocks-gallery-item__caption\">rhdr<\/figcaption><\/figure><\/li><li class=\"blocks-gallery-item\"><figure><img loading=\"lazy\" decoding=\"async\" width=\"720\" height=\"540\" src=\"https:\/\/www.agriculture-machine.com\/wp-content\/uploads\/2021\/11\/IMG_20190320_140541-720x540.jpg?v=1636450145\" alt=\"\" data-id=\"12051\" data-link=\"https:\/\/www.agriculture-machine.com\/?attachment_id=12051\" class=\"wp-image-12051\" srcset=\"https:\/\/www.agriculture-machine.com\/wp-content\/uploads\/2021\/11\/IMG_20190320_140541-720x540.jpg 720w, https:\/\/www.agriculture-machine.com\/wp-content\/uploads\/2021\/11\/IMG_20190320_140541-360x270.jpg 360w, https:\/\/www.agriculture-machine.com\/wp-content\/uploads\/2021\/11\/IMG_20190320_140541-240x180.jpg 240w, https:\/\/www.agriculture-machine.com\/wp-content\/uploads\/2021\/11\/IMG_20190320_140541-768x576.jpg 768w, https:\/\/www.agriculture-machine.com\/wp-content\/uploads\/2021\/11\/IMG_20190320_140541-1536x1152.jpg 1536w, https:\/\/www.agriculture-machine.com\/wp-content\/uploads\/2021\/11\/IMG_20190320_140541-2048x1536.jpg 2048w\" sizes=\"auto, (max-width: 720px) 100vw, 720px\" \/><figcaption class=\"blocks-gallery-item__caption\">oznor<\/figcaption><\/figure><\/li><li class=\"blocks-gallery-item\"><figure><img loading=\"lazy\" decoding=\"async\" width=\"720\" height=\"540\" src=\"https:\/\/www.agriculture-machine.com\/wp-content\/uploads\/2021\/11\/IMG_20190320_140550-720x540.jpg?v=1636450174\" alt=\"\" data-id=\"12053\" data-link=\"https:\/\/www.agriculture-machine.com\/?attachment_id=12053\" class=\"wp-image-12053\" srcset=\"https:\/\/www.agriculture-machine.com\/wp-content\/uploads\/2021\/11\/IMG_20190320_140550-720x540.jpg 720w, https:\/\/www.agriculture-machine.com\/wp-content\/uploads\/2021\/11\/IMG_20190320_140550-360x270.jpg 360w, https:\/\/www.agriculture-machine.com\/wp-content\/uploads\/2021\/11\/IMG_20190320_140550-240x180.jpg 240w, https:\/\/www.agriculture-machine.com\/wp-content\/uploads\/2021\/11\/IMG_20190320_140550-768x576.jpg 768w, https:\/\/www.agriculture-machine.com\/wp-content\/uploads\/2021\/11\/IMG_20190320_140550-1536x1152.jpg 1536w, https:\/\/www.agriculture-machine.com\/wp-content\/uploads\/2021\/11\/IMG_20190320_140550-2048x1536.jpg 2048w\" sizes=\"auto, (max-width: 720px) 100vw, 720px\" \/><figcaption class=\"blocks-gallery-item__caption\">oznor<\/figcaption><\/figure><\/li><li class=\"blocks-gallery-item\"><figure><img loading=\"lazy\" decoding=\"async\" width=\"720\" height=\"540\" src=\"https:\/\/www.agriculture-machine.com\/wp-content\/uploads\/2021\/11\/IMG_20190320_140937-1-720x540.jpg?v=1636450464\" alt=\"\" data-id=\"12054\" data-full-url=\"https:\/\/www.agriculture-machine.com\/wp-content\/uploads\/2021\/11\/IMG_20190320_140937-1-scaled.jpg?v=1636450464\" data-link=\"https:\/\/www.agriculture-machine.com\/?attachment_id=12054\" class=\"wp-image-12054\" srcset=\"https:\/\/www.agriculture-machine.com\/wp-content\/uploads\/2021\/11\/IMG_20190320_140937-1-720x540.jpg 720w, https:\/\/www.agriculture-machine.com\/wp-content\/uploads\/2021\/11\/IMG_20190320_140937-1-360x270.jpg 360w, https:\/\/www.agriculture-machine.com\/wp-content\/uploads\/2021\/11\/IMG_20190320_140937-1-240x180.jpg 240w, https:\/\/www.agriculture-machine.com\/wp-content\/uploads\/2021\/11\/IMG_20190320_140937-1-768x576.jpg 768w, https:\/\/www.agriculture-machine.com\/wp-content\/uploads\/2021\/11\/IMG_20190320_140937-1-1536x1152.jpg 1536w, https:\/\/www.agriculture-machine.com\/wp-content\/uploads\/2021\/11\/IMG_20190320_140937-1-2048x1536.jpg 2048w\" sizes=\"auto, (max-width: 720px) 100vw, 720px\" \/><figcaption class=\"blocks-gallery-item__caption\">smacap_Bright<\/figcaption><\/figure><\/li><\/ul><\/figure>    <h2 class=\"wp-block-heading\">Qu\u00e1 tr\u00ecnh l\u00e0m vi\u1ec7c c\u1ee7a m\u00e1y tr\u1ed3ng h\u1ea1t c\u1ea7m tay ch\u1ea1y x\u0103ng<\/h2>    <ol class=\"wp-block-list\" type=\"1\"><li>Tr\u01b0\u1edbc ti\u00ean, ch\u1ecdn h\u1ea1t gi\u1ed1ng b\u1ea1n c\u1ea7n. V\u00e0 \u0111\u1eb7t h\u1ea1t v\u00e0o th\u00f9ng ch\u1ee9a h\u1ea1t.<\/li><li>Sau \u0111\u00f3 kh\u1edfi \u0111\u1ed9ng m\u00e1y ch\u1ea1y x\u0103ng.<\/li><li>Ti\u1ebfp t\u1ee5c gi\u1eef tay c\u1ea7m c\u1ee7a m\u00e1y n\u00e0y. V\u00e0 c\u00f9ng l\u00fac \u0111\u00f3, \u0111i b\u1ed9 c\u00f9ng m\u00e1y v\u1edbi t\u1ed1c \u0111\u1ed9 \u0111\u1ec1u \u0111\u1eb7n.<\/li><li>Cu\u1ed1i c\u00f9ng, sau khi gieo h\u1ea1t, t\u1eaft \u0111\u1ed9ng c\u01a1 ch\u1ea1y x\u0103ng v\u00e0 b\u1ea3o qu\u1ea3n m\u00e1y \u0111\u00fang c\u00e1ch.<\/li><\/ol>    <h2 class=\"wp-block-heading\">C\u00e1c \u0111\u1eb7c \u0111i\u1ec3m c\u1ee7a m\u00e1y tr\u1ed3ng ng\u00f4 th\u1ee7 c\u00f4ng ch\u1ea1y x\u0103ng&nbsp;<\/h2>    <p>1. K\u00edch th\u01b0\u1edbc nh\u1ecf, tr\u1ecdng l\u01b0\u1ee3ng nh\u1eb9, linh ho\u1ea1t v\u00e0 d\u1ec5 v\u1eadn h\u00e0nh. Ph\u00f9 h\u1ee3p \u0111\u1ec3 s\u1eed d\u1ee5ng trong nh\u00e0 k\u00ednh, v\u01b0\u1eddn c\u00e2y, v\u01b0\u1eddn nho, s\u00e2n th\u01b0\u1ee3ng, d\u1ed1c v\u00e0 c\u00e1c m\u1ea3nh \u0111\u1ea5t nh\u1ecf.<\/p>    <p>2. Tay c\u1ea7m c\u00f3 th\u1ec3 \u0111i\u1ec1u ch\u1ec9nh chi\u1ec1u cao v\u00e0 chi\u1ec1u d\u00e0i, ph\u00f9 h\u1ee3p cho m\u1ecdi ng\u01b0\u1eddi.<\/p>    <p>3. Gieo h\u1ea1t v\u00e0 b\u00f3n ph\u00e2n c\u00f3 th\u1ec3 l\u00e0 hai h\u00e0ng, m\u1ed9t h\u00e0ng, tr\u01b0\u1edbc v\u00e0 sau khi s\u1eed d\u1ee5ng.<\/p>    <p>4. B\u1ea1n c\u00f3 th\u1ec3 tr\u1ed3ng c\u00e1c lo\u1ea1i c\u00e2y kh\u00e1c nhau b\u1eb1ng c\u00e1ch thay \u0111\u1ed5i h\u1ed9p h\u1ea1t. Ch\u1ea5t l\u01b0\u1ee3ng \u1ed5n \u0111\u1ecbnh v\u00e0 \u0111\u00e1ng tin c\u1eady.<\/p>    <p>5. C\u00f3 nhi\u1ec1u ch\u1ee9c n\u0103ng. M\u00e1y n\u00e0y c\u00f3 th\u1ec3 ho\u00e0n th\u00e0nh nhi\u1ec1u c\u00f4ng vi\u1ec7c tr\u00ean \u0111\u1ed3ng nh\u01b0 tr\u1ed3ng v\u00e0 b\u00f3n ph\u00e2n ch\u1ec9 b\u1eb1ng c\u00e1ch thay \u0111\u1ed5i d\u1ee5ng c\u1ee5 l\u00e0m vi\u1ec7c.<\/p>    <p>6. C\u1ea3 nam v\u00e0 n\u1eef \u0111\u1ec1u c\u00f3 th\u1ec3 s\u1eed d\u1ee5ng m\u00e1y n\u00e0y. Ch\u1ea5t l\u01b0\u1ee3ng \u1ed5n \u0111\u1ecbnh v\u00e0 \u0111\u00e1ng tin c\u1eady.<\/p>    <h2 class=\"wp-block-heading\">\u01afu \u0111i\u1ec3m c\u1ee7a m\u00e1y tr\u1ed3ng ng\u00f4 c\u1ea7m tay ch\u1ea1y x\u0103ng<\/h2>    <p>1. M\u00e1y kh\u00f4ng c\u00f3 truy\u1ec1n \u0111\u1ed9ng x\u00edch, v\u00e0 x\u1ebbng thay th\u1ebf cho b\u00e1nh xe. Vi\u1ec7c gieo tr\u1ed3ng ch\u00ednh x\u00e1c v\u00e0 kho\u1ea3ng c\u00e1ch c\u00e1c l\u1ed7 \u0111\u1ec1u.<\/p>    <p>2. S\u1eed d\u1ee5ng m\u00e1y n\u00e0y \u0111\u1ec3 t\u0103ng n\u0103ng su\u1ea5t. V\u00ec c\u00e1c l\u1ed7 \u0111\u01b0\u1ee3c s\u1eafp x\u1ebfp \u0111\u1ec1u, c\u00f3 th\u00f4ng gi\u00f3 t\u1ed1t v\u00e0 \u0111\u1ee7 dinh d\u01b0\u1ee1ng, c\u00f3 th\u1ec3 t\u0103ng s\u1ea3n l\u01b0\u1ee3ng t\u1eeb 10-20%.<\/p>    <p>3. M\u00e1y n\u00e0y \u0111\u01b0\u1ee3c thi\u1ebft k\u1ebf v\u1edbi b\u00e1nh xe gi\u1edbi h\u1ea1n \u0111\u1ed9 s\u00e2u c\u00f3 h\u1ea1n ch\u1ebf. \u0110i\u1ec1u ch\u1ec9nh b\u00e1nh xe gi\u1edbi h\u1ea1n \u0111\u1ed9 s\u00e2u c\u1ee7a m\u00e1y tr\u1ed3ng tr\u01b0\u1edbc khi tr\u1ed3ng, \u0111\u1ec3 \u0111\u1ed9 s\u00e2u tr\u1ed3ng c\u1ee7a m\u1ed7i h\u00e0ng l\u00e0 nh\u1ea5t qu\u00e1n.<\/p>    <p>5. M\u00e1y c\u00f3 thi\u1ebft k\u1ebf m\u1edbi l\u1ea1 v\u00e0 c\u1ea5u tr\u00fac \u0111\u01a1n gi\u1ea3n. D\u1ec5 s\u1eed d\u1ee5ng, d\u1ec5 \u0111i\u1ec1u ch\u1ec9nh, g\u1ea7n nh\u01b0 kh\u00f4ng c\u00f3 l\u1ed7i.<\/p>    <p>6. Ph\u1ea1m vi \u0111i\u1ec1u ch\u1ec9nh kho\u1ea3ng c\u00e1ch h\u00e0ng v\u00e0 kho\u1ea3ng c\u00e1ch c\u00e2y l\u1edbn. C\u00f3 th\u1ec3 \u0111\u1ea1t hi\u1ec7u qu\u1ea3 l\u00fd t\u01b0\u1edfng g\u1ea7n nh\u01b0 kh\u00f4ng c\u1ea7n t\u1ec9a c\u00e2y. C\u00f3 th\u1ec3 \u0111\u00e1p \u1ee9ng y\u00eau c\u1ea7u c\u1ee7a c\u00e1c ng\u01b0\u1eddi d\u00f9ng kh\u00e1c nhau v\u1ec1 c\u00e1c lo\u1ea1i h\u1ea1t kh\u00e1c nhau.<\/p>    <figure class=\"wp-block-image size-large\"><img loading=\"lazy\" decoding=\"async\" width=\"720\" height=\"540\" src=\"https:\/\/www.agriculture-machine.com\/wp-content\/uploads\/2021\/11\/IMG_20190320_134914-720x540.jpg?v=1636450727\" alt=\"M\u00e1y tr\u1ed3ng ng\u00f4 c\u1ea7m tay ch\u1ea1y x\u0103ng d\u1ef1a tr\u00ean m\u00e1y tr\u1ed3ng c\u1ecf c\u1ea7m tay truy\u1ec1n th\u1ed1ng c\u00f3 \u0111\u1ed9ng c\u01a1 ch\u1ea1y x\u0103ng. V\u00e0 so v\u1edbi c\u00e1c m\u00e1y ho\u00e0n to\u00e0n d\u1ef1a v\u00e0o s\u1ee9c ng\u01b0\u1eddi \u0111\u1ec3 gieo tr\u1ed3ng, n\u00f3 ti\u1ebft ki\u1ec7m th\u1eddi gian v\u00e0 c\u00f4ng s\u1ee9c. Ngo\u00e0i ra, m\u00e1y n\u00e0y ph\u00f9 h\u1ee3p \u0111\u1ec3 gieo h\u1ea1t trong c\u00e1c c\u00e1nh \u0111\u1ed3ng kh\u00f4.\" class=\"wp-image-12057\" srcset=\"https:\/\/www.agriculture-machine.com\/wp-content\/uploads\/2021\/11\/IMG_20190320_134914-720x540.jpg 720w, https:\/\/www.agriculture-machine.com\/wp-content\/uploads\/2021\/11\/IMG_20190320_134914-360x270.jpg 360w, https:\/\/www.agriculture-machine.com\/wp-content\/uploads\/2021\/11\/IMG_20190320_134914-240x180.jpg 240w, https:\/\/www.agriculture-machine.com\/wp-content\/uploads\/2021\/11\/IMG_20190320_134914-768x576.jpg 768w, https:\/\/www.agriculture-machine.com\/wp-content\/uploads\/2021\/11\/IMG_20190320_134914-1536x1152.jpg 1536w, https:\/\/www.agriculture-machine.com\/wp-content\/uploads\/2021\/11\/IMG_20190320_134914-2048x1536.jpg 2048w\" sizes=\"auto, (max-width: 720px) 100vw, 720px\" \/><figcaption>M\u00e1y tr\u1ed3ng h\u1ea1t c\u1ea7m tay ch\u1ea1y x\u0103ng<\/figcaption><\/figure>","protected":false},"excerpt":{"rendered":"<p>M\u00e1y gieo h\u1ea1t c\u1ea7m tay ch\u1ea1y x\u0103ng d\u1ef1a tr\u00ean c\u00e1c m\u00e1y gieo h\u1ea1t c\u1ea7m tay truy\u1ec1n th\u1ed1ng c\u00f3 \u0111\u1ed9ng c\u01a1 ch\u1ea1y x\u0103ng. V\u00e0 so v\u1edbi c\u00e1c m\u00e1y ho\u00e0n to\u00e0n d\u1ef1a v\u00e0o con ng\u01b0\u1eddi \u0111\u1ec3 gieo h\u1ea1t, n\u00f3 ti\u1ebft ki\u1ec7m th\u1eddi gian v\u00e0 c\u00f4ng s\u1ee9c.<br \/> Ngo\u00e0i ra, m\u00e1y n\u00e0y ph\u00f9 h\u1ee3p \u0111\u1ec3 gieo h\u1ea1t tr\u00ean c\u00e1c c\u00e1nh \u0111\u1ed3ng kh\u00f4.<\/p>","protected":false},"author":1,"featured_media":12034,"parent":0,"comment_status":"closed","ping_status":"closed","template":"","tags":[491,797,492],"product-type":[870],"class_list":["post-12031","product","type-product","status-publish","has-post-thumbnail","hentry","tag-corn","tag-peanut","tag-planter","product-type-planter"],"_links":{"self":[{"href":"https:\/\/www.agriculture-machine.com\/vi\/wp-json\/wp\/v2\/product\/12031","targetHints":{"allow":["GET"]}}],"collection":[{"href":"https:\/\/www.agriculture-machine.com\/vi\/wp-json\/wp\/v2\/product"}],"about":[{"href":"https:\/\/www.agriculture-machine.com\/vi\/wp-json\/wp\/v2\/types\/product"}],"author":[{"embeddable":true,"href":"https:\/\/www.agriculture-machine.com\/vi\/wp-json\/wp\/v2\/users\/1"}],"replies":[{"embeddable":true,"href":"https:\/\/www.agriculture-machine.com\/vi\/wp-json\/wp\/v2\/comments?post=12031"}],"wp:featuredmedia":[{"embeddable":true,"href":"https:\/\/www.agriculture-machine.com\/vi\/wp-json\/wp\/v2\/media\/12034"}],"wp:attachment":[{"href":"https:\/\/www.agriculture-machine.com\/vi\/wp-json\/wp\/v2\/media?parent=12031"}],"wp:term":[{"taxonomy":"post_tag","embeddable":true,"href":"https:\/\/www.agriculture-machine.com\/vi\/wp-json\/wp\/v2\/tags?post=12031"},{"taxonomy":"product-type","embeddable":true,"href":"https:\/\/www.agriculture-machine.com\/vi\/wp-json\/wp\/v2\/product-type?post=12031"}],"curies":[{"name":"wp","href":"https:\/\/api.w.org\/{rel}","templated":true}]}}