{"id":12065,"date":"2021-11-10T18:14:42","date_gmt":"2021-11-10T10:14:42","guid":{"rendered":"https:\/\/www.agriculture-machine.com\/?p=12065"},"modified":"2024-09-18T16:22:35","modified_gmt":"2024-09-18T08:22:35","slug":"corn-planter-4-row-corn-planter-corn-planter-tractor-supply-sweet-corn-planter","status":"publish","type":"product","link":"https:\/\/www.agriculture-machine.com\/vi\/corn-planter-4-row-corn-planter-corn-planter-tractor-supply-sweet-corn-planter\/","title":{"rendered":"M\u00e1y gieo ng\u00f4 ng\u1ecdt 4 h\u00e0ng cho thi\u1ebft b\u1ecb m\u00e1y k\u00e9o"},"content":{"rendered":"<p>Ng\u00e0y nay, m\u00e1y tr\u1ed3ng ng\u00f4 \u0111\u01b0\u1ee3c nhi\u1ec1u n\u00f4ng d\u00e2n s\u1eed d\u1ee5ng r\u1ed9ng r\u00e3i. V\u00ec c\u00e1c \u0111\u1ed3ng b\u1eb1ng, n\u00f4ng d\u00e2n c\u1ea7n tr\u1ed3ng di\u1ec7n t\u00edch l\u1edbn ng\u00f4. N\u00f4ng d\u00e2n c\u1ea7n b\u1ecf nhi\u1ec1u c\u00f4ng s\u1ee9c \u0111\u1ec3 gieo v\u00e0 b\u00f3n ph\u00e2n th\u1ee7 c\u00f4ng.<\/p>    <p class=\"translation-block\">Corn is one of the most widely planted crops in the world, and it is also the world&#8217;s most productive food crop. Therefore, the <strong>corn planter<\/strong> is a machine that can realize the mechanized planting of corn. It can complete the processes of digging, spotting, and fertilizing all at once. <\/p>    <figure class=\"wp-block-image aligncenter size-full\"><img loading=\"lazy\" decoding=\"async\" width=\"720\" height=\"540\" src=\"https:\/\/www.agriculture-machine.com\/wp-content\/uploads\/2021\/11\/corn-planter-for-sale.webp\" alt=\"M\u00e1y tr\u1ed3ng ng\u00f4 \u0111\u1ec3 b\u00e1n\" class=\"wp-image-15689\" srcset=\"https:\/\/www.agriculture-machine.com\/wp-content\/uploads\/2021\/11\/corn-planter-for-sale.webp 720w, https:\/\/www.agriculture-machine.com\/wp-content\/uploads\/2021\/11\/corn-planter-for-sale-360x270.webp 360w, https:\/\/www.agriculture-machine.com\/wp-content\/uploads\/2021\/11\/corn-planter-for-sale-240x180.webp 240w\" sizes=\"auto, (max-width: 720px) 100vw, 720px\" \/><figcaption class=\"wp-element-caption\">M\u00e1y tr\u1ed3ng ng\u00f4 \u0111\u1ec3 b\u00e1n<\/figcaption><\/figure>    <p class=\"translation-block\">M\u00e1y c\u00f3 \u0111\u1eb7c \u0111i\u1ec3m n\u1ed5i b\u1eadt l\u00e0 n\u0103ng su\u1ea5t cao, ti\u1ebft ki\u1ec7m th\u1eddi gian, lao \u0111\u1ed9ng, gieo ch\u00ednh x\u00e1c, t\u1ef7 l\u1ec7 m\u1ecdc m\u1ea7m cao v\u00e0 kho\u1ea3ng c\u00e1ch c\u00e2y \u0111\u1ec1u nhau. Ngo\u00e0i ra, <a href=\"https:\/\/www.agriculture-machine.com\/vi\/maize-peeler-and-thresher\/\"><strong><em>m\u00e1y xay x\u00e1t ng\u00f4<\/em><\/strong><\/a> c\u00f2n gi\u00fap hi\u1ec7n \u0111\u1ea1i h\u00f3a n\u00f4ng nghi\u1ec7p.<\/p>    <h2 class=\"wp-block-heading\" id=\"h-introduction-of-the-corn-planter\">Gi\u1edbi thi\u1ec7u v\u1ec1 m\u00e1y tr\u1ed3ng ng\u00f4<\/h2>    <p>M\u00e1y tr\u1ed3ng ng\u00f4 l\u00e0 m\u00e1y tr\u1ed3ng l\u1ea5y h\u1ea1t ng\u00f4 l\u00e0m \u0111\u1ed1i t\u01b0\u1ee3ng gieo. V\u00e0 m\u00e1y tr\u1ed3ng ng\u00f4 c\u00f3 th\u1ec3 ho\u00e0n th\u00e0nh hi\u1ec7u qu\u1ea3 c\u00e1c y\u00eau c\u1ea7u \u0111\u00e0o r\u00e3nh v\u00e0 gieo tr\u1ed3ng c\u1ee7a ng\u00f4. M\u00e1y n\u00e0y c\u00f3 th\u1ec3 th\u1ef1c hi\u1ec7n c\u00e1c thao t\u00e1c tr\u1ed3ng ng\u00f4 ch\u1ea5t l\u01b0\u1ee3ng cao.<\/p>    <p>Thao t\u00e1c tr\u1ed3ng c\u01a1 gi\u1edbi ch\u1ea5t l\u01b0\u1ee3ng cao kh\u00f4ng ch\u1ec9 t\u1ed1t cho s\u1ef1 n\u1ea3y m\u1ea7m v\u00e0 ph\u00e1t tri\u1ec3n c\u1ee7a h\u1ea1t gi\u1ed1ng. N\u00f3 c\u00f2n c\u00f3 l\u1ee3i h\u01a1n cho vi\u1ec7c th\u1ef1c hi\u1ec7n c\u00e1c ho\u1ea1t \u0111\u1ed9ng b\u1ea3o v\u1ec7 th\u1ef1c v\u1eadt c\u01a1 gi\u1edbi, b\u00f3n ph\u00e2n, thu ho\u1ea1ch v\u00e0 c\u00e1c ho\u1ea1t \u0111\u1ed9ng kh\u00e1c.<\/p>    <figure class=\"wp-block-image aligncenter size-large\"><img loading=\"lazy\" decoding=\"async\" width=\"720\" height=\"480\" src=\"https:\/\/www.agriculture-machine.com\/wp-content\/uploads\/2021\/11\/IMG_6381-720x480.jpg?v=1636534021\" alt=\"M\u00e1y tr\u1ed3ng ng\u00f4 l\u00e0 m\u00e1y tr\u1ed3ng l\u1ea5y h\u1ea1t gi\u1ed1ng ng\u00f4 l\u00e0m \u0111\u1ed1i t\u01b0\u1ee3ng gieo. V\u00e0 m\u00e1y tr\u1ed3ng ng\u00f4 c\u00f3 th\u1ec3 ho\u00e0n th\u00e0nh hi\u1ec7u qu\u1ea3 c\u00e1c y\u00eau c\u1ea7u \u0111\u00e0o r\u00e3nh v\u00e0 gieo tr\u1ed3ng c\u1ee7a ng\u00f4. M\u00e1y n\u00e0y c\u00f3 th\u1ec3 th\u1ef1c hi\u1ec7n c\u00e1c thao t\u00e1c tr\u1ed3ng ng\u00f4 ch\u1ea5t l\u01b0\u1ee3ng cao.\" class=\"wp-image-12069\" title=\"M\u00e1y tr\u1ed3ng ng\u00f4\" srcset=\"https:\/\/www.agriculture-machine.com\/wp-content\/uploads\/2021\/11\/IMG_6381-720x480.jpg 720w, https:\/\/www.agriculture-machine.com\/wp-content\/uploads\/2021\/11\/IMG_6381-360x240.jpg 360w, https:\/\/www.agriculture-machine.com\/wp-content\/uploads\/2021\/11\/IMG_6381-768x512.jpg 768w, https:\/\/www.agriculture-machine.com\/wp-content\/uploads\/2021\/11\/IMG_6381-1536x1024.jpg 1536w, https:\/\/www.agriculture-machine.com\/wp-content\/uploads\/2021\/11\/IMG_6381-2048x1365.jpg 2048w\" sizes=\"auto, (max-width: 720px) 100vw, 720px\" \/><figcaption class=\"wp-element-caption\">M\u00e1y tr\u1ed3ng ng\u00f4<\/figcaption><\/figure>    <h2 class=\"wp-block-heading\">C\u1ea5u tr\u00fac c\u1ee7a m\u00e1y tr\u1ed3ng ng\u00f4 4 h\u00e0ng<\/h2>    <p>C\u1ea5u tr\u00fac ch\u00ednh c\u1ee7a m\u00e1y tr\u1ed3ng ng\u00f4 g\u1ed3m c\u00f3 h\u1ed9p h\u1ea1t, m\u1edf r\u00e3nh, b\u1ed9 \u0111\u1ecbnh l\u01b0\u1ee3ng h\u1ea1t, h\u1ed9p ph\u00e2n b\u00f3n, tho\u00e1t ph\u00e2n, v\u00e0 thi\u1ebft b\u1ecb ph\u1ee7 \u0111\u1ea5t c\u00f9ng n\u00e9n ch\u1eb7t.<\/p>    <figure class=\"wp-block-gallery has-nested-images columns-default is-cropped wp-block-gallery-2 is-layout-flex wp-block-gallery-is-layout-flex\"> <figure class=\"wp-block-image size-large\"><img loading=\"lazy\" decoding=\"async\" width=\"720\" height=\"480\" data-id=\"12070\" src=\"https:\/\/www.agriculture-machine.com\/wp-content\/uploads\/2021\/11\/IMG_6392-720x480.jpg\" alt=\"M\u00e1y tr\u1ed3ng ng\u00f4 4 h\u00e0ng\" class=\"wp-image-12070\" srcset=\"https:\/\/www.agriculture-machine.com\/wp-content\/uploads\/2021\/11\/IMG_6392-720x480.jpg 720w, https:\/\/www.agriculture-machine.com\/wp-content\/uploads\/2021\/11\/IMG_6392-360x240.jpg 360w, https:\/\/www.agriculture-machine.com\/wp-content\/uploads\/2021\/11\/IMG_6392-768x512.jpg 768w, https:\/\/www.agriculture-machine.com\/wp-content\/uploads\/2021\/11\/IMG_6392-1536x1024.jpg 1536w, https:\/\/www.agriculture-machine.com\/wp-content\/uploads\/2021\/11\/IMG_6392-2048x1365.jpg 2048w\" sizes=\"auto, (max-width: 720px) 100vw, 720px\" \/><\/figure>    <figure class=\"wp-block-image size-large\"><img loading=\"lazy\" decoding=\"async\" width=\"720\" height=\"480\" data-id=\"12072\" src=\"https:\/\/www.agriculture-machine.com\/wp-content\/uploads\/2021\/11\/IMG_6393-720x480.jpg\" alt=\"M\u00e1y tr\u1ed3ng ng\u00f4 \u0111\u1ec3 b\u00e1n\" class=\"wp-image-12072\" srcset=\"https:\/\/www.agriculture-machine.com\/wp-content\/uploads\/2021\/11\/IMG_6393-720x480.jpg 720w, https:\/\/www.agriculture-machine.com\/wp-content\/uploads\/2021\/11\/IMG_6393-360x240.jpg 360w, https:\/\/www.agriculture-machine.com\/wp-content\/uploads\/2021\/11\/IMG_6393-768x512.jpg 768w, https:\/\/www.agriculture-machine.com\/wp-content\/uploads\/2021\/11\/IMG_6393-1536x1024.jpg 1536w, https:\/\/www.agriculture-machine.com\/wp-content\/uploads\/2021\/11\/IMG_6393-2048x1365.jpg 2048w\" sizes=\"auto, (max-width: 720px) 100vw, 720px\" \/><\/figure>    <figure class=\"wp-block-image size-large\"><img loading=\"lazy\" decoding=\"async\" width=\"720\" height=\"480\" data-id=\"12075\" src=\"https:\/\/www.agriculture-machine.com\/wp-content\/uploads\/2021\/11\/IMG_6394-720x480.jpg\" alt=\"M\u00e1y tr\u1ed3ng ng\u00f4\" class=\"wp-image-12075\" srcset=\"https:\/\/www.agriculture-machine.com\/wp-content\/uploads\/2021\/11\/IMG_6394-720x480.jpg 720w, https:\/\/www.agriculture-machine.com\/wp-content\/uploads\/2021\/11\/IMG_6394-360x240.jpg 360w, https:\/\/www.agriculture-machine.com\/wp-content\/uploads\/2021\/11\/IMG_6394-768x512.jpg 768w, https:\/\/www.agriculture-machine.com\/wp-content\/uploads\/2021\/11\/IMG_6394-1536x1024.jpg 1536w, https:\/\/www.agriculture-machine.com\/wp-content\/uploads\/2021\/11\/IMG_6394-2048x1365.jpg 2048w\" sizes=\"auto, (max-width: 720px) 100vw, 720px\" \/><\/figure> <figcaption class=\"blocks-gallery-caption wp-element-caption\">C\u1ea5u tr\u00fac c\u1ee7a m\u00e1y tr\u1ed3ng ng\u00f4<\/figcaption><\/figure>    <figure class=\"wp-block-gallery has-nested-images columns-default is-cropped wp-block-gallery-3 is-layout-flex wp-block-gallery-is-layout-flex\"> <figure class=\"wp-block-image size-large\"><img loading=\"lazy\" decoding=\"async\" width=\"360\" height=\"540\" data-id=\"12076\" src=\"https:\/\/www.agriculture-machine.com\/wp-content\/uploads\/2021\/11\/IMG_6414-360x540.jpg\" alt=\"Chi ti\u1ebft m\u00e1y\" class=\"wp-image-12076\" srcset=\"https:\/\/www.agriculture-machine.com\/wp-content\/uploads\/2021\/11\/IMG_6414-360x540.jpg 360w, https:\/\/www.agriculture-machine.com\/wp-content\/uploads\/2021\/11\/IMG_6414-180x270.jpg 180w, https:\/\/www.agriculture-machine.com\/wp-content\/uploads\/2021\/11\/IMG_6414-768x1152.jpg 768w, https:\/\/www.agriculture-machine.com\/wp-content\/uploads\/2021\/11\/IMG_6414-1024x1536.jpg 1024w, https:\/\/www.agriculture-machine.com\/wp-content\/uploads\/2021\/11\/IMG_6414-1365x2048.jpg 1365w, https:\/\/www.agriculture-machine.com\/wp-content\/uploads\/2021\/11\/IMG_6414-scaled.jpg 1707w\" sizes=\"auto, (max-width: 360px) 100vw, 360px\" \/><\/figure>    <figure class=\"wp-block-image size-large\"><img loading=\"lazy\" decoding=\"async\" width=\"360\" height=\"540\" data-id=\"12077\" src=\"https:\/\/www.agriculture-machine.com\/wp-content\/uploads\/2021\/11\/IMG_6415-360x540.jpg\" alt=\"Chi ti\u1ebft m\u00e1y tr\u1ed3ng ng\u00f4 tr\u00ean xe tractor\" class=\"wp-image-12077\" srcset=\"https:\/\/www.agriculture-machine.com\/wp-content\/uploads\/2021\/11\/IMG_6415-360x540.jpg 360w, https:\/\/www.agriculture-machine.com\/wp-content\/uploads\/2021\/11\/IMG_6415-180x270.jpg 180w, https:\/\/www.agriculture-machine.com\/wp-content\/uploads\/2021\/11\/IMG_6415-768x1152.jpg 768w, https:\/\/www.agriculture-machine.com\/wp-content\/uploads\/2021\/11\/IMG_6415-1024x1536.jpg 1024w, https:\/\/www.agriculture-machine.com\/wp-content\/uploads\/2021\/11\/IMG_6415-1365x2048.jpg 1365w, https:\/\/www.agriculture-machine.com\/wp-content\/uploads\/2021\/11\/IMG_6415-scaled.jpg 1707w\" sizes=\"auto, (max-width: 360px) 100vw, 360px\" \/><\/figure>    <figure class=\"wp-block-image size-large\"><img loading=\"lazy\" decoding=\"async\" width=\"360\" height=\"540\" data-id=\"12078\" src=\"https:\/\/www.agriculture-machine.com\/wp-content\/uploads\/2021\/11\/IMG_6416-360x540.jpg\" alt=\"Hi\u1ec3n th\u1ecb m\u00e1y tr\u1ed3ng ng\u00f4\" class=\"wp-image-12078\" srcset=\"https:\/\/www.agriculture-machine.com\/wp-content\/uploads\/2021\/11\/IMG_6416-360x540.jpg 360w, https:\/\/www.agriculture-machine.com\/wp-content\/uploads\/2021\/11\/IMG_6416-180x270.jpg 180w, https:\/\/www.agriculture-machine.com\/wp-content\/uploads\/2021\/11\/IMG_6416-768x1152.jpg 768w, https:\/\/www.agriculture-machine.com\/wp-content\/uploads\/2021\/11\/IMG_6416-1024x1536.jpg 1024w, https:\/\/www.agriculture-machine.com\/wp-content\/uploads\/2021\/11\/IMG_6416-1365x2048.jpg 1365w, https:\/\/www.agriculture-machine.com\/wp-content\/uploads\/2021\/11\/IMG_6416-scaled.jpg 1707w\" sizes=\"auto, (max-width: 360px) 100vw, 360px\" \/><\/figure> <figcaption class=\"blocks-gallery-caption wp-element-caption\">C\u1ea5u tr\u00fac c\u1ee7a m\u00e1y tr\u1ed3ng ng\u00f4<\/figcaption><\/figure>    <h2 class=\"wp-block-heading\">Nguy\u00ean l\u00fd ho\u1ea1t \u0111\u1ed9ng c\u1ee7a m\u00e1y tr\u1ed3ng ng\u00f4 cung c\u1ea5p b\u1edfi m\u00e1y k\u00e9o<\/h2>    <p>Trong qu\u00e1 tr\u00ecnh tr\u1ed3ng, ngu\u1ed3n n\u0103ng l\u01b0\u1ee3ng ch\u00ednh c\u1ee7a m\u00e1y tr\u1ed3ng \u0111\u1ebfn t\u1eeb tr\u1ee5c truy\u1ec1n c\u00f4ng su\u1ea5t ph\u00eda sau c\u1ee7a m\u00e1y k\u00e9o.<\/p>    <p>D\u01b0\u1edbi s\u1ef1 k\u00e9o c\u1ee7a m\u00e1y k\u00e9o, m\u1edf r\u1ed9ng m\u1edf r\u00e3nh \u0111\u1ec3 gieo v\u00e0 b\u00f3n ph\u00e2n trong ph\u1ea1m vi chi\u1ec1u s\u00e2u \u0111\u00e3 \u0111\u1ecbnh.<\/p>    <p>Do l\u1ef1c ma s\u00e1t, b\u00e1nh xe \u0111\u1ea5t li\u00ean t\u1ee5c l\u0103n v\u00e0 d\u1eabn \u0111\u1ed9ng thi\u1ebft b\u1ecb x\u1ea3 h\u1ea1t trong qu\u00e1 tr\u00ecnh ti\u1ebfn. Sau \u0111\u00f3, \u0111\u01b0a h\u1ea1t gi\u1ed1ng v\u00e0 ph\u00e2n b\u00f3n v\u00e0o r\u00e3nh qua c\u00e1c \u1ed1ng d\u1eabn kh\u00e1c nhau. Cu\u1ed1i c\u00f9ng, s\u1eed d\u1ee5ng thi\u1ebft b\u1ecb ph\u1ee7 \u0111\u1ea5t v\u00e0 thi\u1ebft b\u1ecb n\u00e9n \u0111\u1ec3 ph\u1ee7 \u0111\u1ea5t v\u00e0 n\u00e9n ch\u1eb7t.<\/p>    <h2 class=\"wp-block-heading\">Video ho\u1ea1t \u0111\u1ed9ng c\u1ee7a m\u00e1y tr\u1ed3ng ng\u00f4 ng\u1ecdt<\/h2>    <figure class=\"wp-block-embed is-type-video is-provider-youtube wp-block-embed-youtube wp-embed-aspect-16-9 wp-has-aspect-ratio\"><div class=\"wp-block-embed__wrapper\"> <iframe loading=\"lazy\" title=\"M\u00e1y tr\u1ed3ng ng\u00f4 \/ M\u00e1y tr\u1ed3ng ng\u00f4 4 h\u00e0ng \/ Cung c\u1ea5p m\u00e1y tr\u1ed3ng ng\u00f4 \/ M\u00e1y tr\u1ed3ng ng\u00f4 ng\u1ecdt \/ M\u00e1y tr\u1ed3ng ng\u00f4\" width=\"500\" height=\"281\" src=\"https:\/\/www.youtube.com\/embed\/snO8WSZ3oug?feature=oembed\" frameborder=\"0\" allow=\"accelerometer; autoplay; clipboard-write; encrypted-media; gyroscope; picture-in-picture; web-share\" referrerpolicy=\"strict-origin-when-cross-origin\" allowfullscreen><\/iframe> <\/div><figcaption class=\"wp-element-caption\">Video ho\u1ea1t \u0111\u1ed9ng c\u1ee7a m\u00e1y tr\u1ed3ng ng\u00f4<\/figcaption><\/figure>    <h2 class=\"wp-block-heading\">Th\u00f4ng s\u1ed1 c\u1ee7a thi\u1ebft b\u1ecb tr\u1ed3ng ng\u00f4<\/h2>    <figure class=\"wp-block-table is-style-stripes\"><table><tbody><tr><td>M\u1eabu<\/td><td>K\u00edch th\u01b0\u1edbc t\u1ed5ng th\u1ec3 (mm)<\/td><td>H\u00e0ng<\/td><td>Kho\u1ea3ng c\u00e1ch h\u00e0ng (mm)<\/td><td>Chi\u1ec1u s\u00e2u \u0111\u00e0o r\u00e3nh (mm)<\/td><td>B\u00f3n ph\u00e2n<br>(mm\uff09<\/td><td>Chi\u1ec1u s\u00e2u gieo (mm)<\/td><td>Tr\u1ecdng l\u01b0\u1ee3ng(kg)<\/td><td>C\u00f4ng su\u1ea5t ph\u00f9 h\u1ee3p (HP)<\/td><\/tr><tr><td>2BYSF-4<\/td><td>1620*2350*1200<\/td><td>4<\/td><td>428-570<\/td><td>60-80<\/td><td>60-80<\/td><td>30-50<\/td><td>270<\/td><td>25-40<\/td><\/tr><\/tbody><\/table><figcaption class=\"wp-element-caption\">Th\u00f4ng s\u1ed1 k\u1ef9 thu\u1eadt c\u1ee7a m\u00e1y tr\u1ed3ng ng\u00f4<\/figcaption><\/figure>    <h2 class=\"wp-block-heading\">\u01afu \u0111i\u1ec3m c\u1ee7a m\u00e1y tr\u1ed3ng ng\u00f4<\/h2>    <p>1. Ti\u1ebft ki\u1ec7m th\u1eddi gian v\u00e0 c\u00f4ng s\u1ee9c. M\u00e1y tr\u1ed3ng ng\u00f4 c\u00f3 th\u1ec3 ho\u00e0n th\u00e0nh c\u00e1c qu\u00e1 tr\u00ecnh \u0111\u00e0o r\u00e3nh, gieo h\u1ea1t v\u00e0 b\u00f3n ph\u00e2n c\u00f9ng l\u00fac.<\/p>    <p>2. Ngo\u00e0i vi\u1ec7c tr\u1ed3ng ng\u00f4, n\u00f3 c\u00f2n c\u00f3 th\u1ec3 \u0111\u01b0\u1ee3c s\u1eed d\u1ee5ng \u0111\u1ec3 tr\u1ed3ng \u0111\u1eadu, c\u00e2y m\u00eda v\u00e0 c\u00e1c lo\u1ea1i c\u00e2y tr\u1ed3ng kh\u00e1c c\u1ea7n \u0111\u01b0\u1ee3c tr\u1ed3ng.<\/p>    <p>3. M\u00e1y linh ho\u1ea1t v\u00e0 ti\u1ebft ki\u1ec7m d\u1ea7u diesel. C\u1ea5u tr\u00fac nh\u1ecf g\u1ecdn gi\u00fap quay v\u00f2ng linh ho\u1ea1t h\u01a1n. \u0110\u1ed3ng th\u1eddi, c\u00f4ng su\u1ea5t h\u1ed7 tr\u1ee3 c\u0169ng gi\u1ea3m trong thi\u1ebft k\u1ebf, gi\u00fap gi\u1ea3m l\u01b0\u1ee3ng d\u1ea7u diesel ti\u00eau th\u1ee5. Ngo\u00e0i ra, kh\u00f4ng c\u1ea7n nhi\u1ec1u c\u00f4ng su\u1ea5t \u0111\u1ec3 k\u00e9o m\u00e1y.<\/p>    <p>4. Kho\u1ea3ng c\u00e1ch h\u00e0ng v\u00e0 kho\u1ea3ng c\u00e1ch c\u00e2y c\u1ee7a m\u00e1y c\u00f3 th\u1ec3 \u0111i\u1ec1u ch\u1ec9nh. V\u00e0 chi\u1ec1u s\u00e2u gieo c\u0169ng c\u00f3 th\u1ec3 \u0111i\u1ec1u ch\u1ec9nh. N\u00f3 c\u00f3 th\u1ec3 \u0111\u00e1p \u1ee9ng y\u00eau c\u1ea7u gieo tr\u1ed3ng c\u1ee7a c\u00e1c lo\u1ea1i \u0111\u1ea5t kh\u00e1c nhau.<\/p>    <p>5. H\u1ea1t gi\u1ed1ng \u0111\u01b0\u1ee3c gieo \u0111\u1ec1u. \u0110\u1ea3m b\u1ea3o chi\u1ec1u s\u00e2u gieo \u0111\u1ed3ng nh\u1ea5t, kh\u00f4ng c\u00f3 t\u00ecnh tr\u1ea1ng s\u00e2u qu\u00e1 ho\u1eb7c n\u00f4ng qu\u00e1.<\/p>    <p>6. T\u1ef7 l\u1ec7 n\u1ea3y m\u1ea7m cao. S\u1eed d\u1ee5ng m\u00e1y tr\u1ed3ng ng\u00f4 gi\u00fap h\u1ea1t ng\u00f4 trong \u0111\u1ea5t m\u1ec1m m\u1ea1i h\u01a1n, \u0111\u1ea3m b\u1ea3o t\u1ef7 l\u1ec7 n\u1ea3y m\u1ea7m.<\/p>    <figure class=\"wp-block-image aligncenter size-full\"><img loading=\"lazy\" decoding=\"async\" width=\"720\" height=\"540\" src=\"https:\/\/www.agriculture-machine.com\/wp-content\/uploads\/2021\/11\/maize-planting-machine.webp\" alt=\"m\u00e1y gieo ng\u00f4\" class=\"wp-image-15690\" srcset=\"https:\/\/www.agriculture-machine.com\/wp-content\/uploads\/2021\/11\/maize-planting-machine.webp 720w, https:\/\/www.agriculture-machine.com\/wp-content\/uploads\/2021\/11\/maize-planting-machine-360x270.webp 360w, https:\/\/www.agriculture-machine.com\/wp-content\/uploads\/2021\/11\/maize-planting-machine-240x180.webp 240w\" sizes=\"auto, (max-width: 720px) 100vw, 720px\" \/><figcaption class=\"wp-element-caption\">m\u00e1y gieo ng\u00f4<\/figcaption><\/figure>    <h2 class=\"wp-block-heading\">L\u01b0u \u00fd c\u00e1c \u0111i\u1ec3m sau khi s\u1eed d\u1ee5ng m\u00e1y tr\u1ed3ng \u0111\u00fang c\u00e1ch<\/h2>    <h3 class=\"wp-block-heading\">Tr\u01b0\u1edbc khi tr\u1ed3ng<\/h3>    <div class=\"wp-block-group is-layout-flow wp-block-group-is-layout-flow\"> <ul class=\"wp-block-list\"> <li>B\u1ea3o tr\u00ec tr\u01b0\u1edbc khi v\u00e0o c\u00e1nh \u0111\u1ed3ng. D\u1ecdn s\u1ea1ch m\u1ea3nh v\u1ee5n trong h\u1ed9p h\u1ea1t v\u00e0 c\u1ecf r\u1ed1i, \u0111\u1ea5t tr\u00ean m\u1edf r\u1ed9ng. V\u00e0 th\u00eam d\u1ea7u b\u00f4i tr\u01a1n v\u00e0o c\u00e1c b\u1ed9 ph\u1eadn truy\u1ec1n \u0111\u1ed9ng v\u00e0 quay c\u1ee7a m\u00e1y k\u00e9o v\u00e0 m\u00e1y tr\u1ed3ng theo y\u00eau c\u1ea7u c\u1ee7a s\u00e1ch h\u01b0\u1edbng d\u1eabn. \u0110\u1eb7c bi\u1ec7t ch\u00fa \u00fd \u0111\u1ebfn b\u00f4i tr\u01a1n v\u00e0 c\u0103ng \u0111ai truy\u1ec1n \u0111\u1ed9ng. V\u00e0 si\u1ebft ch\u1eb7t c\u00e1c bu l\u00f4ng tr\u00ean m\u00e1y tr\u1ed3ng tr\u01b0\u1edbc m\u1ed7i l\u1ea7n v\u1eadn h\u00e0nh.<\/li>    <li>Khung kh\u00f4ng th\u1ec3 nghi\u00eang. Sau khi g\u1eafn m\u00e1y tr\u1ed3ng v\u00e0o m\u00e1y k\u00e9o, kh\u00f4ng \u0111\u01b0\u1ee3c nghi\u00eang. Khi l\u00e0m vi\u1ec7c, ph\u1ea7n tr\u01b0\u1edbc v\u00e0 sau c\u1ee7a khung n\u00ean c\u00e2n b\u1eb1ng.<\/li>    <li>Th\u1ef1c hi\u1ec7n c\u00e1c \u0111i\u1ec1u ch\u1ec9nh kh\u00e1c nhau. \u0110i\u1ec1u ch\u1ec9nh l\u01b0\u1ee3ng gieo v\u00e0 kho\u1ea3ng c\u00e1ch h\u00e0ng c\u1ee7a m\u1edf r\u1ed9ng theo h\u01b0\u1edbng d\u1eabn s\u1eed d\u1ee5ng.<\/li>    <li>Ch\u00fa \u00fd th\u00eam h\u1ea1t gi\u1ed1ng. H\u1ea1t gi\u1ed1ng th\u00eam v\u00e0o h\u1ed9p h\u1ea1t ph\u1ea3i kh\u00f4ng c\u00f3 t\u1ea1p ch\u1ea5t v\u00e0 h\u1ea1t x\u1ea5u. \u0110\u1ec3 \u0111\u1ea3m b\u1ea3o hi\u1ec7u qu\u1ea3 c\u1ee7a h\u1ea1t gi\u1ed1ng. Th\u1ee9 hai, l\u01b0\u1ee3ng gieo th\u00eam v\u00e0o h\u1ed9p h\u1ea1t ph\u1ea3i \u0111\u1ee7 \u0111\u1ec3 che l\u1ed1i v\u00e0o c\u1ee7a h\u1ed9p, \u0111\u1ea3m b\u1ea3o gieo tr\u1ed3ng tr\u00f4i ch\u1ea3y.<\/li>    <li>Th\u1eed nghi\u1ec7m gieo th\u1eed. \u0110\u1ec3 \u0111\u1ea3m b\u1ea3o ch\u1ea5t l\u01b0\u1ee3ng gieo tr\u1ed3ng. Tr\u01b0\u1edbc khi tr\u1ed3ng di\u1ec7n t\u00edch l\u1edbn, ch\u00fang ta ph\u1ea3i th\u1ef1c hi\u1ec7n gieo th\u1eed 20 m\u00e9t. Sau \u0111\u00f3 quan s\u00e1t \u0111i\u1ec1u ki\u1ec7n ho\u1ea1t \u0111\u1ed9ng c\u1ee7a m\u00e1y tr\u1ed3ng. Sau khi x\u00e1c nh\u1eadn ph\u00f9 h\u1ee3p v\u1edbi y\u00eau c\u1ea7u n\u00f4ng nghi\u1ec7p \u0111\u1ecba ph\u01b0\u01a1ng, m\u1edbi ti\u1ebfn h\u00e0nh tr\u1ed3ng quy m\u00f4 l\u1edbn.<\/li> <\/ul> <\/div>    <h3 class=\"wp-block-heading\">Trong qu\u00e1 tr\u00ecnh tr\u1ed3ng<\/h3>    <div class=\"wp-block-group is-layout-flow wp-block-group-is-layout-flow\"> <ul class=\"wp-block-list\"> <li>Ch\u00fa \u00fd l\u00e1i xe th\u1eb3ng \u0111\u1ec1u t\u1ed1c \u0111\u1ed9. Khi gieo h\u1ea1t, ng\u01b0\u1eddi n\u00f4ng d\u00e2n c\u1ea7n ch\u00fa \u00fd \u0111i th\u1eb3ng \u0111\u1ec1u t\u1ed1c \u0111\u1ed9. Kh\u00f4ng \u0111i nhanh ho\u1eb7c ch\u1eadm ho\u1eb7c d\u1eebng gi\u1eefa ch\u1eebng \u0111\u1ec3 tr\u00e1nh b\u1ecf s\u00f3t. \u0110\u1ec3 tr\u00e1nh t\u1eafc ngh\u1ebdn m\u1edf r\u1ed9ng, vi\u1ec7c n\u00e2ng h\u1ea1 m\u00e1y tr\u1ed3ng n\u00ean th\u1ef1c hi\u1ec7n khi \u0111ang di chuy\u1ec3n. N\u00ean n\u00e2ng m\u00e1y khi \u0111i ng\u01b0\u1ee3c ho\u1eb7c quay v\u00f2ng.<\/li>    <li>Gieo \u0111\u1ea5t tr\u01b0\u1edbc. Gieo \u0111\u1ea5t theo chi\u1ec1u ngang tr\u01b0\u1edbc, \u0111\u1ec3 kh\u00f4ng l\u00e0m \u0111\u1ea5t c\u1ee9ng v\u00e0 g\u00e2y tr\u1ed3ng qu\u00e1 n\u00f4ng.<\/li>    <li>Quan s\u00e1t th\u01b0\u1eddng xuy\u00ean. Khi gieo h\u1ea1t, lu\u00f4n ki\u1ec3m tra \u0111i\u1ec1u ki\u1ec7n ho\u1ea1t \u0111\u1ed9ng c\u1ee7a thi\u1ebft b\u1ecb \u0111\u1ecbnh l\u01b0\u1ee3ng, m\u1edf, n\u1eafp \u0111\u1eady v\u00e0 c\u01a1 ch\u1ebf truy\u1ec1n \u0111\u1ed9ng. N\u1ebfu \u0111\u1ea5t s\u00e9t, c\u1ecf r\u1ed1i ho\u1eb7c l\u1edbp ph\u1ee7 h\u1ea1t kh\u00f4ng ch\u1eb7t, h\u00e3y lo\u1ea1i b\u1ecf k\u1ecbp th\u1eddi. C\u00e1c \u0111i\u1ec1u ch\u1ec9nh, s\u1eeda ch\u1eefa, b\u00f4i tr\u01a1n ho\u1eb7c l\u00e0m s\u1ea1ch c\u1ecf r\u1ed1i ph\u1ea3i \u0111\u01b0\u1ee3c th\u1ef1c hi\u1ec7n sau khi d\u1eebng xe.<\/li>    <li>B\u1ea3o v\u1ec7 c\u00e1c b\u1ed9 ph\u1eadn c\u1ee7a m\u00e1y. Khi m\u00e1y ho\u1ea1t \u0111\u1ed9ng, tuy\u1ec7t \u0111\u1ed1i kh\u00f4ng \u0111i ng\u01b0\u1ee3c ho\u1eb7c quay v\u00f2ng g\u1eaft. Vi\u1ec7c n\u00e2ng ho\u1eb7c h\u1ea1 m\u00e1y tr\u1ed3ng ph\u1ea3i th\u1ef1c hi\u1ec7n ch\u1eadm \u0111\u1ec3 tr\u00e1nh h\u01b0 h\u1ecfng c\u00e1c b\u1ed9 ph\u1eadn.<\/li>    <li>Ch\u00fa \u00fd \u0111\u1ebfn h\u1ed9p h\u1ea1t gi\u1ed1ng. Trong qu\u00e1 tr\u00ecnh v\u1eadn h\u00e0nh, h\u1ea1t trong h\u1ed9p h\u1ea1t kh\u00f4ng \u0111\u01b0\u1ee3c \u00edt h\u01a1n 1\/5 th\u1ec3 t\u00edch h\u1ed9p. Khi v\u1eadn chuy\u1ec3n ho\u1eb7c chuy\u1ec3n \u0111\u1ed5i khu v\u1ef1c, h\u1ed9p h\u1ea1t ph\u1ea3i kh\u00f4ng ch\u1ee9a h\u1ea1t ho\u1eb7c v\u1eadt n\u1eb7ng kh\u00e1c.<\/li> <\/ul> <\/div>    <p>\u0110\u1ec3 bi\u1ebft th\u00eam th\u00f4ng tin v\u1ec1 m\u00e1y, vui l\u00f2ng li\u00ean h\u1ec7 v\u1edbi ch\u00fang t\u00f4i.<\/p>","protected":false},"excerpt":{"rendered":"<p>M\u00e1y tr\u1ed3ng ng\u00f4 l\u00e0 m\u00e1y tr\u1ed3ng l\u1ea5y h\u1ea1t gi\u1ed1ng ng\u00f4 l\u00e0m \u0111\u1ed1i t\u01b0\u1ee3ng gieo. V\u00e0 m\u00e1y tr\u1ed3ng ng\u00f4 c\u00f3 th\u1ec3 ho\u00e0n th\u00e0nh hi\u1ec7u qu\u1ea3 c\u00e1c y\u00eau c\u1ea7u \u0111\u00e0o r\u00e3nh v\u00e0 gieo tr\u1ed3ng c\u1ee7a ng\u00f4. M\u00e1y n\u00e0y c\u00f3 th\u1ec3 th\u1ef1c hi\u1ec7n c\u00e1c thao t\u00e1c tr\u1ed3ng ng\u00f4 ch\u1ea5t l\u01b0\u1ee3ng cao.<\/p>","protected":false},"author":1,"featured_media":12081,"parent":0,"comment_status":"closed","ping_status":"closed","template":"","tags":[491,492,698],"product-type":[882,870],"class_list":["post-12065","product","type-product","status-publish","has-post-thumbnail","hentry","tag-corn","tag-planter","tag-tractor","product-type-corn-planter","product-type-planter"],"_links":{"self":[{"href":"https:\/\/www.agriculture-machine.com\/vi\/wp-json\/wp\/v2\/product\/12065","targetHints":{"allow":["GET"]}}],"collection":[{"href":"https:\/\/www.agriculture-machine.com\/vi\/wp-json\/wp\/v2\/product"}],"about":[{"href":"https:\/\/www.agriculture-machine.com\/vi\/wp-json\/wp\/v2\/types\/product"}],"author":[{"embeddable":true,"href":"https:\/\/www.agriculture-machine.com\/vi\/wp-json\/wp\/v2\/users\/1"}],"replies":[{"embeddable":true,"href":"https:\/\/www.agriculture-machine.com\/vi\/wp-json\/wp\/v2\/comments?post=12065"}],"wp:featuredmedia":[{"embeddable":true,"href":"https:\/\/www.agriculture-machine.com\/vi\/wp-json\/wp\/v2\/media\/12081"}],"wp:attachment":[{"href":"https:\/\/www.agriculture-machine.com\/vi\/wp-json\/wp\/v2\/media?parent=12065"}],"wp:term":[{"taxonomy":"post_tag","embeddable":true,"href":"https:\/\/www.agriculture-machine.com\/vi\/wp-json\/wp\/v2\/tags?post=12065"},{"taxonomy":"product-type","embeddable":true,"href":"https:\/\/www.agriculture-machine.com\/vi\/wp-json\/wp\/v2\/product-type?post=12065"}],"curies":[{"name":"wp","href":"https:\/\/api.w.org\/{rel}","templated":true}]}}