{"id":1207,"date":"2018-10-22T05:52:41","date_gmt":"2018-10-21T21:52:41","guid":{"rendered":"https:\/\/www.agriculture-machine.com\/?p=1207"},"modified":"2026-02-25T17:00:43","modified_gmt":"2026-02-25T09:00:43","slug":"corn-grinder-machine","status":"publish","type":"product","link":"https:\/\/www.agriculture-machine.com\/vi\/corn-grinder-machine\/","title":{"rendered":"M\u00e1y xay ng\u00f4 | M\u00e1y xay nghi\u1ec1n"},"content":{"rendered":"<p class=\"translation-block\"><strong>M\u00e1y nghi\u1ec1n ng\u00f4<\/strong>s c\u00f3 th\u1ec3 nghi\u1ec1n ng\u0169 c\u1ed1c th\u00e0nh b\u1ed9t, \u0111\u01b0\u1ee3c s\u1eed d\u1ee5ng r\u1ed9ng r\u00e3i trong ng\u00e0nh ch\u1ebf bi\u1ebfn th\u1ef1c ph\u1ea9m. V\u1edbi s\u1ef1 ph\u00e1t tri\u1ec3n c\u1ee7a n\u00f4ng nghi\u1ec7p, s\u1ea3n l\u01b0\u1ee3ng ng\u0169 c\u1ed1c \u0111\u00e3 t\u0103ng l\u00ean \u0111\u00e1ng k\u1ec3. <\/p>    <figure class=\"wp-block-embed is-type-video is-provider-youtube wp-block-embed-youtube wp-embed-aspect-16-9 wp-has-aspect-ratio\"><div class=\"wp-block-embed__wrapper\"> <iframe loading=\"lazy\" title=\"b\u1ed9t r\u1ea5t m\u1ecbn! M\u00e1y nghi\u1ec1n h\u1ea1t ng\u00f4 b\u1eb1ng \u0111\u0129a ho\u1eb7c \u0111\u0129a \/ m\u00e1y xay ng\u00f4 \/ m\u00e1y nghi\u1ec1n b\u1eafp\" width=\"500\" height=\"281\" src=\"https:\/\/www.youtube.com\/embed\/GpSOvkaJMOE?feature=oembed\" frameborder=\"0\" allow=\"accelerometer; autoplay; clipboard-write; encrypted-media; gyroscope; picture-in-picture; web-share\" referrerpolicy=\"strict-origin-when-cross-origin\" allowfullscreen><\/iframe> <\/div><figcaption class=\"wp-element-caption\">m\u00e1y nghi\u1ec1n h\u1ea1t ng\u00f4 b\u1eb1ng \u0111\u0129a \u0111\u1ec3 l\u00e0m b\u1ed9t m\u1ef3<\/figcaption><\/figure>    <p class=\"translation-block\">V\u00e0 thi\u1ebft b\u1ecb m\u00e1y n\u00f4ng nghi\u1ec7p \u0111\u00e3 \u0111\u01b0\u1ee3c s\u1eed d\u1ee5ng r\u1ed9ng r\u00e3i. Ch\u00fang ta c\u00f3 th\u1ec3 d\u00f9ng thi\u1ebft b\u1ecb n\u00f4ng nghi\u1ec7p tr\u00ean nhi\u1ec1u lo\u1ea1i c\u00e2y tr\u1ed3ng kh\u00e1c nhau, nh\u01b0 ng\u00f4, l\u00faa m\u00ec, \u0111\u1eadu, g\u1ea1o, v.v. V\u00ed d\u1ee5 nh\u01b0 ng\u00f4, ch\u00fang ta c\u00f3 th\u1ec3 gieo h\u1ea1t ng\u00f4 v\u00e0o \u0111\u1ea5t b\u1eb1ng m\u00e1y gieo ng\u00f4. Sau khi nh\u1eadn ng\u00f4, ch\u00fang ta c\u00f3 th\u1ec3 d\u00f9ng <a href=\"https:\/\/www.agriculture-machine.com\/vi\/maize-peeler-and-thresher\/\"><strong>nh\u00e0 g\u1ecdt v\u1ecf ng\u00f4 v\u00e0 x\u00e1t th\u00f3c<\/strong><\/a> \u0111\u1ec3 x\u1eed l\u00fd ng\u00f4. Nh\u01b0 v\u1eady s\u1ebd ti\u1ebft ki\u1ec7m nhi\u1ec1u th\u1eddi gian v\u00e0 c\u00f4ng s\u1ee9c. <\/p>    <p>Ngo\u00e0i ra, \u0111\u1ec3 bi\u1ebfn ng\u00f4 th\u00e0nh b\u1ed9t ng\u00f4, ch\u00fang t\u00f4i c\u00f3 th\u1ec3 s\u1eed d\u1ee5ng m\u00e1y nghi\u1ec1n ng\u00f4. N\u00f3 ph\u00f9 h\u1ee3p cho c\u00e1c ho\u1ea1t \u0111\u1ed9ng x\u1eed l\u00fd h\u1ea1t gi\u1ed1ng, th\u1ecb tr\u01b0\u1eddng ng\u0169 c\u1ed1c v\u00e0 d\u1ea7u, si\u00eau th\u1ecb, tr\u01b0\u1eddng h\u1ecdc, vi\u1ec7n, c\u0103n-tin v\u00e0 c\u00e1c \u0111\u01a1n v\u1ecb kh\u00e1c. L\u00e0 tr\u1ee3 th\u1ee7 \u0111\u1eafc l\u1ef1c cho ng\u01b0\u1eddi d\u00f9ng. <\/p>    <h2 class=\"wp-block-heading\">T\u1ed5ng quan v\u1ec1 m\u00e1y nghi\u1ec1n ng\u00f4<\/h2>    <p class=\"translation-block\">D\u00f2ng TZ <strong>m\u00e1y nghi\u1ec1n h\u1ea1t<\/strong> do c\u00f4ng ty ch\u00fang t\u00f4i s\u1ea3n xu\u1ea5t l\u00e0 m\u1ed9t lo\u1ea1i m\u00e1y \u0111a d\u1ee5ng, v\u00e0 n\u00f3 c\u0169ng \u0111\u01b0\u1ee3c bi\u1ebft \u0111\u1ebfn v\u1edbi hi\u1ec7u qu\u1ea3 nghi\u1ec1n tuy\u1ec7t v\u1eddi. <\/p>    <p>M\u00e1y xay l\u00faa m\u00ec c\u00f3 k\u1ebft c\u1ea5u g\u1ecdn nh\u1eb9, ngo\u1ea1i h\u00ecnh \u0111\u1eb9p, tin c\u1eady khi s\u1eed d\u1ee5ng, d\u1ec5 b\u1ea3o d\u01b0\u1ee1ng v\u00e0 l\u1eafp \u0111\u1eb7t, \u0111\u01b0\u1ee3c \u00e1p d\u1ee5ng r\u1ed9ng r\u00e3i cho ng\u00f4, g\u1ea1o, b\u1eafp, \u0111\u1eadu, l\u00faa m\u00ec, v.v. <\/p>    <p>K\u00edch th\u01b0\u1edbc m\u00e0n h\u00ecnh c\u00f3 th\u1ec3 \u0111\u01b0\u1ee3c t\u00f9y ch\u1ec9nh theo y\u00eau c\u1ea7u c\u1ee7a b\u1ea1n. Sau khi x\u1eed l\u00fd, b\u1ea1n c\u00f3 th\u1ec3 thu \u0111\u01b0\u1ee3c b\u1ed9t m\u1ecbn r\u1ea5t l\u1edbn.<\/p>    <figure class=\"wp-block-gallery aligncenter has-nested-images columns-2 is-cropped wp-block-gallery-2 is-layout-flex wp-block-gallery-is-layout-flex\"> <figure class=\"wp-block-image size-large\"><img loading=\"lazy\" decoding=\"async\" width=\"360\" height=\"540\" data-id=\"1210\" src=\"https:\/\/www.agriculture-machine.com\/wp-content\/uploads\/2018\/10\/corn-grinder-machine2-360x540.jpg\" alt=\"m\u00e1y nghi\u1ec1n ng\u00f42\" class=\"wp-image-1210\" srcset=\"https:\/\/www.agriculture-machine.com\/wp-content\/uploads\/2018\/10\/corn-grinder-machine2-360x540.jpg 360w, https:\/\/www.agriculture-machine.com\/wp-content\/uploads\/2018\/10\/corn-grinder-machine2-180x270.jpg 180w, https:\/\/www.agriculture-machine.com\/wp-content\/uploads\/2018\/10\/corn-grinder-machine2.jpg 500w\" sizes=\"auto, (max-width: 360px) 100vw, 360px\" \/><figcaption class=\"wp-element-caption\">m\u00e1y nghi\u1ec1n ng\u00f42<\/figcaption><\/figure>    <figure class=\"wp-block-image size-large\"><img loading=\"lazy\" decoding=\"async\" width=\"360\" height=\"540\" data-id=\"1209\" src=\"https:\/\/www.agriculture-machine.com\/wp-content\/uploads\/2018\/10\/corn-grinder-machine1-360x540.jpg\" alt=\"m\u00e1y nghi\u1ec1n ng\u00f41\" class=\"wp-image-1209\" srcset=\"https:\/\/www.agriculture-machine.com\/wp-content\/uploads\/2018\/10\/corn-grinder-machine1-360x540.jpg 360w, https:\/\/www.agriculture-machine.com\/wp-content\/uploads\/2018\/10\/corn-grinder-machine1-180x270.jpg 180w, https:\/\/www.agriculture-machine.com\/wp-content\/uploads\/2018\/10\/corn-grinder-machine1.jpg 500w\" sizes=\"auto, (max-width: 360px) 100vw, 360px\" \/><figcaption class=\"wp-element-caption\">m\u00e1y nghi\u1ec1n ng\u00f41<\/figcaption><\/figure> <\/figure>    <h2 class=\"wp-block-heading\">Th\u00f4ng s\u1ed1 k\u1ef9 thu\u1eadt m\u00e1y nghi\u1ec1n ng\u0169 c\u1ed1c<\/h2>    <figure class=\"wp-block-table is-style-stripes\"><table><tbody><tr><td>M\u1eabu<\/td><td>9FZ-280<\/td><\/tr><tr><td>Dung t\u00edch<\/td><td>300-500kg\/h<\/td><\/tr><tr><td>Tr\u1ecdng l\u01b0\u1ee3ng<\/td><td>&nbsp;60kg<\/td><\/tr><tr><td>K\u00edch th\u01b0\u1edbc<\/td><td>530*420*440mm<\/td><\/tr><\/tbody><\/table><figcaption class=\"wp-element-caption\">d\u1eef li\u1ec7u k\u1ef9 thu\u1eadt m\u00f4 h\u00ecnh b\u00e1n ch\u1ea1y c\u1ee7a m\u00e1y nghi\u1ec1n h\u1ea1t<\/figcaption><\/figure>    <h2 class=\"wp-block-heading\">\u01afu \u0111i\u1ec3m c\u1ee7a m\u00e1y nghi\u1ec1n ng\u0169 c\u1ed1c<\/h2>    <ol class=\"wp-block-list\"> <li>B\u1ed9t m\u00ec r\u1ea5t m\u1ecbn. H\u1ea1t ng\u00f4 \u0111\u01b0\u1ee3c m\u00e1y nghi\u1ec1n h\u1ea1t ng\u00f4 x\u1eed l\u00fd r\u1ea5t m\u1ecbn.<\/li>    <li>B\u1ea1n c\u00f3 th\u1ec3 ch\u1ecdn c\u00e1c m\u00f4 h\u00ecnh v\u00e0 c\u00f4ng su\u1ea5t kh\u00e1c nhau theo y\u00eau c\u1ea7u c\u1ee7a b\u1ea1n. Ch\u00fang t\u00f4i c\u00f3 nhi\u1ec1u lo\u1ea1i m\u00e1y nh\u01b0 v\u1eady, v\u00e0 b\u1ea1n c\u00f3 nhi\u1ec1u l\u1ef1a ch\u1ecdn cho n\u00f3.<\/li>    <li>\u1ee8ng d\u1ee5ng r\u1ed9ng r\u00e3i. Nguy\u00ean li\u1ec7u th\u00f4 c\u00f3 th\u1ec3 l\u00e0 ng\u00f4, g\u1ea1o, \u0111\u1eadu, l\u00faa m\u00ec, v.v.<\/li>    <li>Hi\u1ec7u su\u1ea5t cao, hi\u1ec7u su\u1ea5t tuy\u1ec7t v\u1eddi v\u00e0 v\u1eadn h\u00e0nh d\u1ec5 d\u00e0ng.<\/li> <\/ol>    <figure class=\"wp-block-gallery has-nested-images columns-2 is-cropped wp-block-gallery-3 is-layout-flex wp-block-gallery-is-layout-flex\"> <figure class=\"wp-block-image size-large\"><img loading=\"lazy\" decoding=\"async\" width=\"500\" height=\"333\" data-id=\"1212\" src=\"https:\/\/www.agriculture-machine.com\/wp-content\/uploads\/2018\/10\/corn-grinder-machine4.jpg\" alt=\"m\u00e1y nghi\u1ec1n ng\u00f44\" class=\"wp-image-1212\" srcset=\"https:\/\/www.agriculture-machine.com\/wp-content\/uploads\/2018\/10\/corn-grinder-machine4.jpg 500w, https:\/\/www.agriculture-machine.com\/wp-content\/uploads\/2018\/10\/corn-grinder-machine4-360x240.jpg 360w\" sizes=\"auto, (max-width: 500px) 100vw, 500px\" \/><figcaption class=\"wp-element-caption\">m\u00e1y nghi\u1ec1n ng\u00f44<\/figcaption><\/figure>    <figure class=\"wp-block-image size-large\"><img loading=\"lazy\" decoding=\"async\" width=\"500\" height=\"333\" data-id=\"1211\" src=\"https:\/\/www.agriculture-machine.com\/wp-content\/uploads\/2018\/10\/corn-grinder-machine3.jpg\" alt=\"m\u00e1y nghi\u1ec1n ng\u00f43\" class=\"wp-image-1211\" srcset=\"https:\/\/www.agriculture-machine.com\/wp-content\/uploads\/2018\/10\/corn-grinder-machine3.jpg 500w, https:\/\/www.agriculture-machine.com\/wp-content\/uploads\/2018\/10\/corn-grinder-machine3-360x240.jpg 360w\" sizes=\"auto, (max-width: 500px) 100vw, 500px\" \/><figcaption class=\"wp-element-caption\">m\u00e1y nghi\u1ec1n ng\u00f43<\/figcaption><\/figure> <\/figure>    <h2 class=\"wp-block-heading\">Th\u00f4ng tin v\u1ec1 m\u00e1y nghi\u1ec1n b\u1eb1ng \u0111\u0129a<\/h2>    <ol class=\"wp-block-list\"> <li>N\u00f3 l\u00e0 m\u1ed9t m\u00e1y nghi\u1ec1n h\u1ea1t b\u1eb1ng \u0111\u0129a.<\/li>    <li>C\u1ea5u tr\u00fac b\u00ean trong.<\/li>    <li>M\u00e0n h\u00ecnh v\u00f2ng v\u00e0 \u0111\u0129a b\u1ed1 l\u00e0 hai ph\u1ea7n quan tr\u1ecdng.<\/li>    <li>Nguy\u00ean li\u1ec7u th\u00f4 g\u1ed3m \u1edbt b\u1ed9t, l\u00faa mi\u1ebfn, l\u00faa m\u00ec, h\u1ed3i sao, v.v.<\/li>    <li>N\u00f3 l\u00e0 m\u1ed9t khu v\u1ef1c th\u1eed nghi\u1ec7m nghi\u1ec1n ng\u00f4<\/li>    <li>\u0110\u1ed5 ng\u00f4 v\u00e0o l\u1ed1i v\u00e0o.<\/li>    <li>M\u00e1y \u0111ang ho\u1ea1t \u0111\u1ed9ng<\/li>    <li>N\u00f3 c\u00f3 th\u1ec3 \u0111\u01b0\u1ee3c v\u1eadn h\u00e0nh b\u1eb1ng \u0111\u1ed9ng c\u01a1.<\/li>    <li>M\u00e1y v\u1eadn h\u00e0nh \u1ed5n \u0111\u1ecbnh trong qu\u00e1 tr\u00ecnh ho\u1ea1t \u0111\u1ed9ng v\u00e0 \u0111\u01b0\u1ee3c ng\u01b0\u1eddi n\u00f4ng d\u00e2n \u1edf c\u00e1c n\u01b0\u1edbc kh\u00e1c nhau \u0111\u00e1nh gi\u00e1 cao.<\/li>    <li>B\u1ed9t ng\u00f4 cu\u1ed1i c\u00f9ng r\u1ea5t m\u1ecbn v\u00e0 c\u00f3 th\u1ec3 d\u00f9ng \u0111\u1ec3 nu\u00f4i \u0111\u1ed9ng v\u1eadt.<\/li>    <li>Dung l\u01b0\u1ee3ng c\u1ee7a n\u00f3 l\u00e0 300kg\/h, r\u1ea5t ph\u00f9 h\u1ee3p cho s\u1eed d\u1ee5ng t\u1ea1i gia \u0111\u00ecnh.<\/li>    <li>C\u00e1c m\u00e0n h\u00ecnh c\u00f3 th\u1ec3 \u0111\u01b0\u1ee3c thay \u0111\u1ed5i theo k\u00edch th\u01b0\u1edbc c\u1ee7a c\u00e1c lo\u1ea1i c\u00e2y tr\u1ed3ng kh\u00e1c nhau.<\/li> <\/ol>    <h2 class=\"wp-block-heading\"><span style=\"font-size: 24px; font-weight: bold;\">Tr\u01b0\u1eddng h\u1ee3p th\u00e0nh c\u00f4ng c\u1ee7a m\u00e1y nghi\u1ec1n h\u1ea1t<\/span><\/h2>    <figure class=\"wp-block-gallery has-nested-images columns-2 is-cropped wp-block-gallery-4 is-layout-flex wp-block-gallery-is-layout-flex\"> <figure class=\"wp-block-image size-large\"><img loading=\"lazy\" decoding=\"async\" width=\"500\" height=\"500\" data-id=\"2991\" src=\"https:\/\/www.agriculture-machine.com\/wp-content\/uploads\/2018\/07\/333.jpg\" alt=\"h\u00ecnh \u1ea3nh v\u1eadn chuy\u1ec3n\" class=\"wp-image-2991\" srcset=\"https:\/\/www.agriculture-machine.com\/wp-content\/uploads\/2018\/07\/333.jpg 500w, https:\/\/www.agriculture-machine.com\/wp-content\/uploads\/2018\/07\/333-270x270.jpg 270w\" sizes=\"auto, (max-width: 500px) 100vw, 500px\" \/><figcaption class=\"wp-element-caption\">H\u00ecnh \u1ea3nh v\u1eadn chuy\u1ec3n<\/figcaption><\/figure>    <figure class=\"wp-block-image size-large\"><img loading=\"lazy\" decoding=\"async\" width=\"500\" height=\"500\" data-id=\"2990\" src=\"https:\/\/www.agriculture-machine.com\/wp-content\/uploads\/2018\/07\/222.jpg\" alt=\"h\u00ecnh \u1ea3nh v\u1eadn chuy\u1ec3n\" class=\"wp-image-2990\" srcset=\"https:\/\/www.agriculture-machine.com\/wp-content\/uploads\/2018\/07\/222.jpg 500w, https:\/\/www.agriculture-machine.com\/wp-content\/uploads\/2018\/07\/222-270x270.jpg 270w\" sizes=\"auto, (max-width: 500px) 100vw, 500px\" \/><figcaption class=\"wp-element-caption\">h\u00ecnh \u1ea3nh v\u1eadn chuy\u1ec3n<\/figcaption><\/figure> <\/figure>    <h2 class=\"wp-block-heading\">C\u00e2u h\u1ecfi th\u01b0\u1eddng g\u1eb7p v\u1ec1 m\u00e1y nghi\u1ec1n h\u1ea1t b\u1eb1ng \u0111\u0129a<\/h2>   <div id=\"rank-math-faq\" class=\"rank-math-block\"> <div class=\"rank-math-list\"> <div id=\"faq-question-1772009959207\" class=\"rank-math-list-item\"> <h3 class=\"rank-math-question\"><strong>C\u00f4ng su\u1ea5t c\u1ee7a m\u00e1y xay l\u00faa m\u1ea1ch ma thu\u1eadt l\u00e0 bao nhi\u00eau?<\/strong><\/h3> <div class=\"rank-math-answer\">  <p>D\u00f2ng m\u00e1y n\u00e0y c\u00f3 nhi\u1ec1u c\u00f4ng su\u1ea5t kh\u00e1c nhau, v\u00e0 b\u1ea1n c\u00f3 th\u1ec3 t\u00f9y ch\u1ec9nh theo nhu c\u1ea7u.<\/p>  <\/div> <\/div> <div id=\"faq-question-1772009967837\" class=\"rank-math-list-item\"> <h3 class=\"rank-math-question\"><strong>Nguy\u00ean li\u1ec7u th\u00f4 l\u00e0 g\u00ec?<\/strong><\/h3> <div class=\"rank-math-answer\">  <p>ng\u00f4, g\u1ea1o, ng\u00f4, \u0111\u1eadu, l\u00faa m\u00ec.<\/p>  <\/div> <\/div> <div id=\"faq-question-1772009974632\" class=\"rank-math-list-item\"> <h3 class=\"rank-math-question\"><strong>K\u1ebft qu\u1ea3 nghi\u1ec1n nh\u01b0 th\u1ebf n\u00e0o?<\/strong><\/h3> <div class=\"rank-math-answer\">  <p>K\u1ebft qu\u1ea3 nghi\u1ec1n r\u1ea5t t\u1ed1t, v\u00e0 b\u1ea1n c\u00f3 th\u1ec3 thu \u0111\u01b0\u1ee3c b\u1ed9t xu\u1ea5t s\u1eafc.<\/p>  <\/div> <\/div> <\/div> <\/div>   <h2 class=\"wp-block-heading\">Li\u00ean h\u1ec7 v\u1edbi ch\u00fang t\u00f4i b\u1ea5t c\u1ee9 l\u00fac n\u00e0o<\/h2>    <p>C\u1ea3m \u01a1n b\u1ea1n \u0111\u00e3 \u0111\u1ecdc gi\u1edbi thi\u1ec7u v\u1ec1 m\u00e1y nghi\u1ec1n \u0111\u0129a. N\u1ebfu b\u1ea1n quan t\u00e2m \u0111\u1ebfn s\u1ea3n ph\u1ea9m c\u1ee7a ch\u00fang t\u00f4i ho\u1eb7c c\u00f3 b\u1ea5t k\u1ef3 c\u00e2u h\u1ecfi n\u00e0o, xin vui l\u00f2ng li\u00ean h\u1ec7 v\u1edbi ch\u00fang t\u00f4i. \u0110\u1ed9i ng\u0169 chuy\u00ean nghi\u1ec7p c\u1ee7a ch\u00fang t\u00f4i s\u1ebd s\u1eb5n s\u00e0ng cung c\u1ea5p cho b\u1ea1n th\u00f4ng tin chi ti\u1ebft v\u00e0 m\u1eddi b\u1ea1n \u0111\u1ebfn th\u0103m nh\u00e0 m\u00e1y \u0111\u1ec3 tr\u1ea3i nghi\u1ec7m c\u00f4ng ngh\u1ec7 ti\u00ean ti\u1ebfn v\u00e0 thi\u1ebft b\u1ecb ch\u1ea5t l\u01b0\u1ee3ng cao c\u1ee7a ch\u00fang t\u00f4i. Ch\u00fang t\u00f4i mong \u0111\u01b0\u1ee3c ph\u1ee5c v\u1ee5 b\u1ea1n xu\u1ea5t s\u1eafc!<\/p>","protected":false},"excerpt":{"rendered":"<p>M\u00e1y nghi\u1ec1n ng\u00f4 n\u00e0y n\u1ed5i b\u1eadt v\u1edbi thi\u1ebft k\u1ebf hi\u1ec7u qu\u1ea3 v\u00e0 \u0111a d\u1ee5ng. Kh\u00f4ng nh\u1eefng cho ra b\u1ed9t ch\u1ea5t l\u01b0\u1ee3ng cao v\u00e0 \u0111\u1ed3ng nh\u1ea5t, m\u00e0 c\u00f2n c\u00f3 c\u00e1c t\u00f9y ch\u1ecdn \u0111i\u1ec1u ch\u1ec9nh ch\u00ednh x\u00e1c v\u00e0 k\u1ebft c\u1ea5u \u0111\u00e1ng tin c\u1eady, b\u1ec1n, l\u00fd t\u01b0\u1edfng cho ch\u1ebf bi\u1ebfn ng\u0169 c\u1ed1c hi\u1ec7n \u0111\u1ea1i.<\/p>","protected":false},"author":1,"featured_media":1213,"parent":0,"comment_status":"closed","ping_status":"closed","template":"","tags":[491,924],"product-type":[898],"class_list":["post-1207","product","type-product","status-publish","has-post-thumbnail","hentry","tag-corn","tag-flour","product-type-disk-mill"],"_links":{"self":[{"href":"https:\/\/www.agriculture-machine.com\/vi\/wp-json\/wp\/v2\/product\/1207","targetHints":{"allow":["GET"]}}],"collection":[{"href":"https:\/\/www.agriculture-machine.com\/vi\/wp-json\/wp\/v2\/product"}],"about":[{"href":"https:\/\/www.agriculture-machine.com\/vi\/wp-json\/wp\/v2\/types\/product"}],"author":[{"embeddable":true,"href":"https:\/\/www.agriculture-machine.com\/vi\/wp-json\/wp\/v2\/users\/1"}],"replies":[{"embeddable":true,"href":"https:\/\/www.agriculture-machine.com\/vi\/wp-json\/wp\/v2\/comments?post=1207"}],"wp:featuredmedia":[{"embeddable":true,"href":"https:\/\/www.agriculture-machine.com\/vi\/wp-json\/wp\/v2\/media\/1213"}],"wp:attachment":[{"href":"https:\/\/www.agriculture-machine.com\/vi\/wp-json\/wp\/v2\/media?parent=1207"}],"wp:term":[{"taxonomy":"post_tag","embeddable":true,"href":"https:\/\/www.agriculture-machine.com\/vi\/wp-json\/wp\/v2\/tags?post=1207"},{"taxonomy":"product-type","embeddable":true,"href":"https:\/\/www.agriculture-machine.com\/vi\/wp-json\/wp\/v2\/product-type?post=1207"}],"curies":[{"name":"wp","href":"https:\/\/api.w.org\/{rel}","templated":true}]}}