{"id":12085,"date":"2021-11-11T17:59:48","date_gmt":"2021-11-11T09:59:48","guid":{"rendered":"https:\/\/www.agriculture-machine.com\/?p=12085"},"modified":"2024-05-22T18:10:09","modified_gmt":"2024-05-22T10:10:09","slug":"wheat-planter-wheat-seed-planter-wheat-planting-machine-automatic-wheat-planter-6rows-wheat-planter","status":"publish","type":"product","link":"https:\/\/www.agriculture-machine.com\/vi\/wheat-planter-wheat-seed-planter-wheat-planting-machine-automatic-wheat-planter-6rows-wheat-planter\/","title":{"rendered":"M\u00e1y gieo h\u1ea1t l\u00faa m\u00ec t\u1ef1 \u0111\u1ed9ng 6 h\u00e0ng"},"content":{"rendered":"<p class=\"translation-block\">M\u00e1y tr\u1ed3ng l\u00faa m\u00ec  l\u00e0 m\u1ed9t lo\u1ea1i m\u00e1y gieo h\u1ea1t gi\u1ed1ng \u0111\u1eb7c bi\u1ec7t d\u00e0nh cho gieo tr\u1ed3ng l\u00faa m\u00ec. N\u00f3 c\u00f3 th\u1ec3 gieo h\u1ea1t v\u00e0 b\u00f3n ph\u00e2n c\u00f9ng l\u00fac. N\u00f3 n\u00ean ph\u1ed1i h\u1ee3p v\u1edbi m\u00e1y k\u00e9o \u0111\u1ec3 ho\u00e0n th\u00e0nh c\u00f4ng vi\u1ec7c gieo tr\u1ed3ng l\u00faa m\u00ec t\u1ef1 \u0111\u1ed9ng.<\/p>    <p>And because farmers plant wheat mostly in plains and hills, and the planting area is large. So if people plant wheat, the efficiency is low and the labor intensity is high. Also, the effect of planting may not meet people&#8217;s expectations.<\/p>    <figure class=\"wp-block-embed aligncenter is-type-video is-provider-youtube wp-block-embed-youtube wp-embed-aspect-16-9 wp-has-aspect-ratio\"><div class=\"wp-block-embed__wrapper\"> <iframe loading=\"lazy\" title=\"C\u00e1ch m\u1ea1ng h\u00f3a N\u00f4ng nghi\u1ec7p L\u00faa m\u00ec c\u1ee7a b\u1ea1n! \ud83c\udf3e M\u00e1y gieo tr\u1ed3ng l\u00faa m\u00ec t\u1ed1i \u01b0u \u0111\u00e3 \u0111\u01b0\u1ee3c gi\u1edbi thi\u1ec7u!#wheat\" width=\"500\" height=\"281\" src=\"https:\/\/www.youtube.com\/embed\/Kssx3U4HezI?start=8&#038;feature=oembed\" frameborder=\"0\" allow=\"accelerometer; autoplay; clipboard-write; encrypted-media; gyroscope; picture-in-picture; web-share\" referrerpolicy=\"strict-origin-when-cross-origin\" allowfullscreen><\/iframe> <\/div><figcaption class=\"wp-element-caption\">Video ho\u1ea1t \u0111\u1ed9ng c\u1ee7a m\u00e1y gieo h\u1ea1t l\u00faa m\u00ec<\/figcaption><\/figure>    <p class=\"translation-block\">M\u00e1y tr\u1ed3ng l\u00faa m\u00ec c\u00f3 hi\u1ec7u qu\u1ea3 cao v\u00e0 ti\u1ebft ki\u1ec7m, ch\u1ea5t l\u01b0\u1ee3ng gieo t\u1ed1t v\u00e0 n\u0103ng su\u1ea5t cao, gi\u00fap ti\u1ebft ki\u1ec7m nhi\u1ec1u th\u1eddi gian v\u00e0 nh\u00e2n l\u1ef1c. Sau khi ho\u00e0n th\u00e0nh vi\u1ec7c tr\u1ed3ng l\u00faa c\u1ee7a b\u1ea1n, b\u1ea1n c\u00f3 th\u1ec3 ch\u1ecdn m\u00e1y xay l\u00faa v\u00e0 l\u00faa c\u1ee7a ch\u00fang t\u00f4i \u0111\u1ec3 thu ho\u1ea1ch.<\/p>    <h2 class=\"wp-block-heading\" id=\"h-brief-introduction-of-the-wheat-planter\">Gi\u1edbi thi\u1ec7u ng\u1eafn g\u1ecdn v\u1ec1 m\u00e1y tr\u1ed3ng l\u00faa m\u00ec<\/h2>    <p class=\"translation-block\"><strong>M\u00e1y tr\u1ed3ng l\u00faa m\u00ec <\/strong>l\u00e0 m\u1ed9t lo\u1ea1i thi\u1ebft b\u1ecb c\u01a1 kh\u00ed tr\u1ed3ng l\u00faa m\u00ec trong \u0111\u1ea5t th\u00f4ng qua h\u1ec7 th\u1ed1ng c\u01a1 kh\u00ed tr\u1ed3ng c\u00e2y. V\u00e0, n\u00f3 c\u00f3 \u0111\u1eb7c \u0111i\u1ec3m hi\u1ec7u su\u1ea5t chung t\u1ed1t, ph\u1ea1m vi \u1ee9ng d\u1ee5ng r\u1ed9ng, v\u00e0 gieo h\u1ea1t \u0111\u1ed3ng \u0111\u1ec1u.<\/p>    <p>M\u00e1y tr\u1ed3ng l\u00faa m\u00ec ph\u00f9 h\u1ee3p \u0111\u1ec3 v\u1eadn h\u00e0nh tr\u1ef1c ti\u1ebfp sau c\u00e0y xoay, kh\u00f4ng c\u1ea7n chu\u1ea9n b\u1ecb \u0111\u1ea5t, ti\u1ebft ki\u1ec7m th\u1eddi gian v\u00e0 c\u00f4ng s\u1ee9c. M\u1ed9t thao t\u00e1c c\u00f3 th\u1ec3 ho\u00e0n th\u00e0nh c\u00e1c c\u00f4ng vi\u1ec7c nh\u01b0 san ph\u1eb3ng, \u0111i\u1ec1u ch\u1ec9nh \u0111\u1ed9 \u1ea9m, gieo h\u1ea1t, ph\u1ee7 \u0111\u1ea5t, \u1ea5n ch\u1eb7t, v\u00e0 d\u1ef1ng c\u00e1c ranh gi\u1edbi d\u1ecdc.<\/p>    <p>M\u00e1y k\u00e9o c\u00e1c m\u00e1y tr\u1ed3ng l\u00faa m\u00ec \u0111\u1ec3 gieo tr\u1ed3ng. Theo nhu c\u1ea7u c\u1ee7a kh\u00e1ch h\u00e0ng, ch\u1ee7 y\u1ebfu c\u00f3 c\u00e1c lo\u1ea1i 12 h\u00e0ng, 14 h\u00e0ng, 16 h\u00e0ng, v\u00e0 20 h\u00e0ng. Ch\u00fang t\u00f4i c\u0169ng c\u00f3 c\u00e1c m\u1eabu kh\u00e1c \u0111\u1ec3 \u0111\u00e1p \u1ee9ng c\u00e1c nhu c\u1ea7u tr\u1ed3ng kh\u00e1c nhau. C\u00e1c ch\u1ee9c n\u0103ng kh\u00e1c nhau c\u00f3 th\u1ec3 ph\u00f9 h\u1ee3p v\u1edbi m\u00e1y tr\u1ed3ng l\u00faa m\u00ec, nh\u01b0 c\u00e0y xoay v\u00e0 b\u00f3n ph\u00e2n \u0111\u1ec3 \u0111\u00e1p \u1ee9ng c\u00e1c y\u00eau c\u1ea7u kh\u00e1c nhau c\u1ee7a b\u1ea1n.<\/p>    <figure class=\"wp-block-image aligncenter size-large\"><img loading=\"lazy\" decoding=\"async\" width=\"720\" height=\"540\" src=\"https:\/\/www.agriculture-machine.com\/wp-content\/uploads\/2021\/11\/IMG_20210325_111430-720x540.jpg?v=1636621891\" alt=\"m\u00e1y gieo l\u00faa m\u00ec\" class=\"wp-image-12093\" srcset=\"https:\/\/www.agriculture-machine.com\/wp-content\/uploads\/2021\/11\/IMG_20210325_111430-720x540.jpg 720w, https:\/\/www.agriculture-machine.com\/wp-content\/uploads\/2021\/11\/IMG_20210325_111430-360x270.jpg 360w, https:\/\/www.agriculture-machine.com\/wp-content\/uploads\/2021\/11\/IMG_20210325_111430-240x180.jpg 240w, https:\/\/www.agriculture-machine.com\/wp-content\/uploads\/2021\/11\/IMG_20210325_111430-768x576.jpg 768w, https:\/\/www.agriculture-machine.com\/wp-content\/uploads\/2021\/11\/IMG_20210325_111430-1536x1152.jpg 1536w, https:\/\/www.agriculture-machine.com\/wp-content\/uploads\/2021\/11\/IMG_20210325_111430-2048x1536.jpg 2048w\" sizes=\"auto, (max-width: 720px) 100vw, 720px\" \/><figcaption class=\"wp-element-caption\">m\u00e1y gieo l\u00faa m\u00ec<\/figcaption><\/figure>    <h2 class=\"wp-block-heading\">C\u1ea5u tr\u00fac c\u1ee7a m\u00e1y gieo h\u1ea1t l\u00faa m\u00ec<\/h2>    <p>M\u00e1y tr\u1ed3ng l\u00faa m\u00ec c\u00f3 c\u00e1c b\u1ed9 ph\u1eadn c\u1ee7a khung, h\u1ed9p h\u1ea1t, h\u1ed9p ph\u00e2n b\u00f3n, b\u1ed9 m\u1edf \u0111\u0129a, tr\u1ed1ng \u00e9p xoay, b\u1ea3ng ph\u1ee7 \u0111\u1ea5t, v\u00e0 c\u00e1c b\u1ed9 ph\u1eadn kh\u00e1c.<\/p>    <p>Ngo\u00e0i ra, khung s\u1eed d\u1ee5ng \u1ed1ng vu\u00f4ng ch\u1ea5t l\u01b0\u1ee3ng cao, v\u00e0 t\u1ea5t c\u1ea3 c\u00e1c b\u1ed9 ph\u1eadn ch\u1ee9c n\u0103ng \u0111\u01b0\u1ee3c l\u1eafp \u0111\u1eb7t tr\u00ean \u0111\u00f3. Th\u00f4ng qua c\u00e1c c\u00e1nh tay treo tr\u00ean v\u00e0 d\u01b0\u1edbi c\u1ee7a khung, m\u00e1y c\u00f3 th\u1ec3 ph\u00f9 h\u1ee3p v\u1edbi m\u00e1y k\u00e9o. D\u1ef1a v\u00e0o \u0111i\u1ec1u khi\u1ec3n n\u00e2ng c\u1ee7a m\u00e1y k\u00e9o \u0111\u1ec3 ho\u00e0n th\u00e0nh vi\u1ec7c tr\u1ed3ng v\u00e0 chuy\u1ec3n \u0111\u1ed5i khu v\u1ef1c.<\/p>    <ul class=\"wp-block-list\"> <li>Khung ch\u1ee7 y\u1ebfu l\u00e0 lo\u1ea1i d\u1ea7m \u0111\u01a1n. L\u1eafp \u0111\u1eb7t t\u1ea5t c\u1ea3 c\u00e1c b\u1ed9 ph\u1eadn ho\u1ea1t \u0111\u1ed9ng tr\u00ean \u0111\u00f3 v\u00e0 h\u1ed7 tr\u1ee3 to\u00e0n b\u1ed9 m\u00e1y.<\/li>    <li>C\u00e1c b\u1ed9 ph\u1eadn gieo h\u1ea1t. H\u1ed9p h\u1ea1t \u0111\u01b0\u1ee3c k\u1ebft n\u1ed1i v\u1edbi thi\u1ebft b\u1ecb \u0111\u1ecbnh l\u01b0\u1ee3ng h\u1ea1t c\u01a1 kh\u00ed ho\u1eb7c kh\u00ed n\u00e9n c\u00f3 th\u1ec3 \u0111\u1ea1t \u0111\u01b0\u1ee3c gieo h\u1ea1t ch\u00ednh x\u00e1c. N\u00f3 c\u0169ng \u0111\u01b0\u1ee3c k\u1ebft n\u1ed1i v\u1edbi m\u1ed9t b\u1ed9 c\u00e0o h\u1ea1t \u0111i\u1ec1u ch\u1ec9nh v\u00e0 m\u1ed9t b\u1ed9 \u0111\u1ea9y h\u1ea1t.<\/li>    <li>C\u00e1c b\u1ed9 ph\u1eadn x\u1ea3 ph\u00e2n b\u00f3n, bao g\u1ed3m h\u1ed9p x\u1ea3, thi\u1ebft b\u1ecb x\u1ea3, \u1ed1ng ph\u00e2n b\u00f3n, v\u00e0 b\u1ed9 m\u1edf ph\u00e2n b\u00f3n.<\/li>    <li>C\u00e1c b\u1ed9 ph\u1eadn l\u00e0m \u0111\u1ea5t. Bao g\u1ed3m b\u1ed9 m\u1edf r\u00e3nh, ph\u1ee7 \u0111\u1ea5t, b\u00e1nh xe \u0111\u1ecbnh h\u00ecnh, b\u00e1nh xe \u00e9p, b\u00e1nh xe \u00e9p h\u1ea1t, v\u00e0 c\u01a1 c\u1ea5u li\u00ean k\u1ebft c\u1ee7a n\u00f3, v.v.<\/li> <\/ul>    <figure class=\"wp-block-gallery has-nested-images columns-default is-cropped wp-block-gallery-2 is-layout-flex wp-block-gallery-is-layout-flex\"> <figure class=\"wp-block-image size-large\"><img loading=\"lazy\" decoding=\"async\" width=\"720\" height=\"540\" data-id=\"12098\" src=\"https:\/\/www.agriculture-machine.com\/wp-content\/uploads\/2021\/11\/IMG_20210325_105551-1-720x540.jpg\" alt=\"\" class=\"wp-image-12098\" srcset=\"https:\/\/www.agriculture-machine.com\/wp-content\/uploads\/2021\/11\/IMG_20210325_105551-1-720x540.jpg 720w, https:\/\/www.agriculture-machine.com\/wp-content\/uploads\/2021\/11\/IMG_20210325_105551-1-360x270.jpg 360w, https:\/\/www.agriculture-machine.com\/wp-content\/uploads\/2021\/11\/IMG_20210325_105551-1-240x180.jpg 240w, https:\/\/www.agriculture-machine.com\/wp-content\/uploads\/2021\/11\/IMG_20210325_105551-1-768x576.jpg 768w, https:\/\/www.agriculture-machine.com\/wp-content\/uploads\/2021\/11\/IMG_20210325_105551-1-1536x1152.jpg 1536w, https:\/\/www.agriculture-machine.com\/wp-content\/uploads\/2021\/11\/IMG_20210325_105551-1-2048x1536.jpg 2048w\" sizes=\"auto, (max-width: 720px) 100vw, 720px\" \/><\/figure>    <figure class=\"wp-block-image size-large\"><img loading=\"lazy\" decoding=\"async\" width=\"720\" height=\"540\" data-id=\"12101\" src=\"https:\/\/www.agriculture-machine.com\/wp-content\/uploads\/2021\/11\/IMG_20210325_105615-1-720x540.jpg\" alt=\"\" class=\"wp-image-12101\" srcset=\"https:\/\/www.agriculture-machine.com\/wp-content\/uploads\/2021\/11\/IMG_20210325_105615-1-720x540.jpg 720w, https:\/\/www.agriculture-machine.com\/wp-content\/uploads\/2021\/11\/IMG_20210325_105615-1-360x270.jpg 360w, https:\/\/www.agriculture-machine.com\/wp-content\/uploads\/2021\/11\/IMG_20210325_105615-1-240x180.jpg 240w, https:\/\/www.agriculture-machine.com\/wp-content\/uploads\/2021\/11\/IMG_20210325_105615-1-768x576.jpg 768w, https:\/\/www.agriculture-machine.com\/wp-content\/uploads\/2021\/11\/IMG_20210325_105615-1-1536x1152.jpg 1536w, https:\/\/www.agriculture-machine.com\/wp-content\/uploads\/2021\/11\/IMG_20210325_105615-1-2048x1536.jpg 2048w\" sizes=\"auto, (max-width: 720px) 100vw, 720px\" \/><\/figure>    <figure class=\"wp-block-image size-large\"><img loading=\"lazy\" decoding=\"async\" width=\"720\" height=\"540\" data-id=\"12103\" src=\"https:\/\/www.agriculture-machine.com\/wp-content\/uploads\/2021\/11\/IMG_20210325_111410-2-720x540.jpg\" alt=\"\" class=\"wp-image-12103\" srcset=\"https:\/\/www.agriculture-machine.com\/wp-content\/uploads\/2021\/11\/IMG_20210325_111410-2-720x540.jpg 720w, https:\/\/www.agriculture-machine.com\/wp-content\/uploads\/2021\/11\/IMG_20210325_111410-2-360x270.jpg 360w, https:\/\/www.agriculture-machine.com\/wp-content\/uploads\/2021\/11\/IMG_20210325_111410-2-240x180.jpg 240w, https:\/\/www.agriculture-machine.com\/wp-content\/uploads\/2021\/11\/IMG_20210325_111410-2-768x576.jpg 768w, https:\/\/www.agriculture-machine.com\/wp-content\/uploads\/2021\/11\/IMG_20210325_111410-2-1536x1152.jpg 1536w, https:\/\/www.agriculture-machine.com\/wp-content\/uploads\/2021\/11\/IMG_20210325_111410-2-2048x1536.jpg 2048w\" sizes=\"auto, (max-width: 720px) 100vw, 720px\" \/><\/figure> <\/figure>    <h2 class=\"wp-block-heading\">Quy tr\u00ecnh l\u00e0m vi\u1ec7c c\u1ee7a m\u00e1y tr\u1ed3ng l\u00faa m\u00ec<\/h2>    <p>M\u00e1y k\u00e9o k\u00e9o thi\u1ebft b\u1ecb gieo h\u1ea1t v\u00e0 b\u00f3n ph\u00e2n c\u1ee7a m\u00e1y tr\u1ed3ng l\u00faa m\u00ec \u0111\u1ec3 b\u00f3n ph\u00e2n v\u00e0 gieo h\u1ea1t.<\/p>    <p>Tr\u01b0\u1edbc ti\u00ean, m\u00e1y k\u00e9o k\u00e9o dao c\u1eaft \u0111\u1ea5t \u0111\u1ec3 m\u1edf \u0111\u1ea5t. V\u00e0 \u1ed1ng ph\u00e2n b\u00f3n \u0111i v\u00e0o b\u1ed9 m\u1edf \u0111\u1ec3 b\u1eaft \u0111\u1ea7u b\u00f3n ph\u00e2n v\u00e0o r\u00e3nh \u0111\u00e3 m\u1edf. Sau \u0111\u00f3, thi\u1ebft b\u1ecb gieo h\u1ea1t \u0111\u01b0\u1ee3c k\u00edch ho\u1ea1t \u0111\u1ec3 gieo v\u00e0o \u0111\u1ea5t. Cu\u1ed1i c\u00f9ng, b\u00e1nh n\u00e9n l\u00e0m l\u1ecfng \u0111\u1ea5t trong r\u00e3nh v\u00e0 n\u00e9n ch\u1eb7t \u0111\u1ec3 ho\u00e0n th\u00e0nh c\u00f4ng vi\u1ec7c tr\u1ed3ng l\u00faa m\u00ec.<\/p>    <h2 class=\"wp-block-heading\">Video ho\u1ea1t \u0111\u1ed9ng c\u1ee7a m\u00e1y tr\u1ed3ng l\u00faa m\u00ec t\u1ef1 \u0111\u1ed9ng<\/h2>    <figure class=\"wp-block-embed is-type-video is-provider-youtube wp-block-embed-youtube wp-embed-aspect-16-9 wp-has-aspect-ratio\"><div class=\"wp-block-embed__wrapper\"> <iframe loading=\"lazy\" title=\"M\u00e1y tr\u1ed3ng l\u00faa m\u00ec\/m\u00e1y gieo h\u1ea1t l\u00faa m\u00ec\/m\u00e1y tr\u1ed3ng l\u00faa m\u00ec\/m\u00e1y t\u1ef1 \u0111\u1ed9ng tr\u1ed3ng l\u00faa m\u00ec\/m\u00e1y tr\u1ed3ng l\u00faa m\u00ec 6 h\u00e0ng\" width=\"500\" height=\"281\" src=\"https:\/\/www.youtube.com\/embed\/NVatr6EXLnE?feature=oembed\" frameborder=\"0\" allow=\"accelerometer; autoplay; clipboard-write; encrypted-media; gyroscope; picture-in-picture; web-share\" referrerpolicy=\"strict-origin-when-cross-origin\" allowfullscreen><\/iframe> <\/div><figcaption class=\"wp-element-caption\">Video ho\u1ea1t \u0111\u1ed9ng c\u1ee7a m\u00e1y tr\u1ed3ng l\u00faa m\u00ec<\/figcaption><\/figure>    <h2 class=\"wp-block-heading\">Th\u00f4ng s\u1ed1 c\u1ee7a m\u00e1y<\/h2>    <figure class=\"wp-block-table is-style-stripes\"><table><tbody><tr><td>M\u1eabu<\/td><td>2BXF-9<\/td><td> 2BXF-12<\/td><td> 2BXF-14<\/td><td> 2BXF-16<\/td><td> 2BXF-20 <\/td><\/tr><tr><td>H\u00e0ng gieo h\u1ea1t<\/td><td>9<\/td><td>12<\/td><td>14<\/td><td>16<\/td><td>20<\/td><\/tr><tr><td>K\u00edch th\u01b0\u1edbc t\u1ed5ng th\u1ec3 (mm)<\/td><td>1630*1750*1100<\/td><td>1630*2250*1100<\/td><td>1630*2450*1100<\/td><td>1630*2750*1300<\/td><td>1955*3486*1550<\/td><\/tr><tr><td>Tr\u1ecdng l\u01b0\u1ee3ng(kg)<\/td><td>298<\/td><td>360<\/td><td>450<\/td><td>520<\/td><td>1200<\/td><\/tr><tr><td>Y\u00eau c\u1ea7u v\u1ec1 b\u1ed9t<\/td><td>18-30hp;<br>13.2-22kw<\/td><td>35-70hp<br>25.7-36.7kw<\/td><td>45-85hp<br>33-62.5kw<\/td><td>65-110hp<br>47.7-80.8kw<\/td><td>95-150hp<br>70-11okw<\/td><\/tr><tr><td>Kho\u1ea3ng c\u00e1ch c\u00e1c h\u00e0ng (mm) <\/td><td>160<\/td><td>150<\/td><td>160<\/td><td>150<\/td><td>150<\/td><\/tr><\/tbody><\/table><figcaption class=\"wp-element-caption\">Th\u00f4ng s\u1ed1 k\u1ef9 thu\u1eadt c\u1ee7a m\u00e1y tr\u1ed3ng l\u00faa m\u00ec<\/figcaption><\/figure>    <h2 class=\"wp-block-heading\">\u01afu \u0111i\u1ec3m c\u1ee7a thi\u1ebft b\u1ecb m\u00e1y tr\u1ed3ng l\u00faa m\u00ec<\/h2>    <ul class=\"wp-block-list\"> <li>\u0110\u1ea3m b\u1ea3o h\u1ea1t gi\u1ed1ng \u0111\u01b0\u1ee3c \u0111\u1eb7t h\u1ee3p l\u00fd nh\u1ea5t trong ru\u1ed9ng v\u00e0 l\u01b0\u1ee3ng gieo ch\u00ednh x\u00e1c.<\/li>    <li>Chi\u1ec1u s\u00e2u gieo gi\u1ed1ng gi\u1ed1ng nhau, t\u1ea1o \u0111i\u1ec1u ki\u1ec7n t\u1ed1t nh\u1ea5t cho s\u1ef1 ph\u00e1t tri\u1ec3n c\u1ee7a h\u1ea1t gi\u1ed1ng. V\u00ec v\u1eady, c\u00f3 th\u1ec3 ti\u1ebft ki\u1ec7m nhi\u1ec1u h\u1ea1t gi\u1ed1ng, gi\u1ea3m c\u00f4ng lao \u0111\u1ed9ng tr\u1ed3ng c\u00e2y con trong ru\u1ed9ng, v\u00e0 \u0111\u1ea3m b\u1ea3o n\u0103ng su\u1ea5t cao v\u00e0 \u1ed5n \u0111\u1ecbnh c\u1ee7a c\u00e2y tr\u1ed3ng.<\/li>    <li>Kho\u1ea3ng c\u00e1ch h\u00e0ng \u1ed5n \u0111\u1ecbnh, ph\u1ee7 h\u1ea1t r\u1ea5t t\u1ed1t, ti\u1ebft ki\u1ec7m h\u1ea1t gi\u1ed1ng, v\u00e0 n\u0103ng su\u1ea5t l\u00e0m vi\u1ec7c cao.<\/li>    <li>V\u1eadn h\u00e0nh tr\u01a1n tru v\u00e0 ch\u1ea5t l\u01b0\u1ee3ng gieo cao.<\/li> <\/ul>    <h2 class=\"wp-block-heading\">C\u00e1c \u0111\u1eb7c \u0111i\u1ec3m c\u1ee7a m\u00e1y tr\u1ed3ng l\u00faa m\u00ec nhi\u1ec1u h\u00e0ng<\/h2>    <ul class=\"wp-block-list\"> <li>Hai b\u1ed9 \u0111\u0129a r\u00e3nh l\u00e0 m\u1ed9t b\u1ed9 k\u1ebft n\u1ed1i, v\u00e0 m\u1ed7i \u0111\u0129a c\u00f3 th\u1ec3 ho\u1ea1t \u0111\u1ed9ng ri\u00eang l\u1ebb.<\/li>    <li>\u0110\u1ea7u tr\u00ean c\u1ee7a m\u1ed7i \u0111\u0129a \u0111\u00e0o r\u00e3nh \u0111\u01b0\u1ee3c trang b\u1ecb tay c\u1ea7m \u0111i\u1ec1u ch\u1ec9nh, thu\u1eadn ti\u1ec7n v\u00e0 nhanh ch\u00f3ng.<\/li>    <li>B\u00e1nh xe \u0111\u00e0o r\u00e3nh \u0111\u01b0\u1ee3c trang b\u1ecb b\u00e1nh xe gi\u1edbi h\u1ea1n \u0111\u1ed9 s\u00e2u \u0111\u1ec3 \u0111\u1ea3m b\u1ea3o \u0111\u1ed9 s\u00e2u nh\u1ea5t qu\u00e1n.<\/li>    <li>C\u00f3 m\u1ed9t b\u1ed9 tay c\u1ea7m \u0111i\u1ec1u ch\u1ec9nh cho b\u00e1nh xe nghi\u1ec1n \u0111\u1ea5t v\u00e0 b\u1ea3ng ph\u1ee7 \u0111\u1ea5t, thu\u1eadn ti\u1ec7n v\u00e0 nhanh ch\u00f3ng. M\u1ed7i b\u1ed9 t\u1ea5m ph\u1ee7 \u0111\u01b0\u1ee3c trang b\u1ecb m\u1ed9t b\u1ed9 l\u00f2 xo. Chi\u1ec1u r\u1ed9ng b\u1eb1ng chi\u1ec1u r\u1ed9ng c\u00e2y gi\u1ed1ng v\u00e0 kho\u1ea3ng c\u00e1ch nh\u1ecf, v\u00e0 hi\u1ec7u qu\u1ea3 ph\u1ee7 \u0111\u1ea5t v\u00e0 \u1ee9c ch\u1ebf t\u1ed1t.<\/li>    <li>D\u1ea7m m\u1edf r\u1ed9ng d\u1ec5 l\u1eafp \u0111\u1eb7t v\u00e0 s\u1eed d\u1ee5ng.<\/li> <\/ul>    <figure class=\"wp-block-gallery has-nested-images columns-default is-cropped wp-block-gallery-3 is-layout-flex wp-block-gallery-is-layout-flex\"> <figure class=\"wp-block-image size-large\"><img loading=\"lazy\" decoding=\"async\" width=\"720\" height=\"540\" data-id=\"16066\" src=\"https:\/\/www.agriculture-machine.com\/wp-content\/uploads\/2021\/11\/rice-wheat-planter.webp\" alt=\"m\u00e1y tr\u1ed3ng l\u00faa v\u00e0 g\u1ea1o\" class=\"wp-image-16066\" srcset=\"https:\/\/www.agriculture-machine.com\/wp-content\/uploads\/2021\/11\/rice-wheat-planter.webp 720w, https:\/\/www.agriculture-machine.com\/wp-content\/uploads\/2021\/11\/rice-wheat-planter-360x270.webp 360w, https:\/\/www.agriculture-machine.com\/wp-content\/uploads\/2021\/11\/rice-wheat-planter-240x180.webp 240w, https:\/\/www.agriculture-machine.com\/wp-content\/uploads\/2021\/11\/rice-wheat-planter-16x12.webp 16w\" sizes=\"auto, (max-width: 720px) 100vw, 720px\" \/><figcaption class=\"wp-element-caption\">m\u00e1y tr\u1ed3ng l\u00faa v\u00e0 g\u1ea1o<\/figcaption><\/figure>    <figure class=\"wp-block-image size-large\"><img loading=\"lazy\" decoding=\"async\" width=\"720\" height=\"540\" data-id=\"16067\" src=\"https:\/\/www.agriculture-machine.com\/wp-content\/uploads\/2021\/11\/wheat-seeds-sowing-machine.webp\" alt=\"M\u00e1y gieo h\u1ea1t l\u00faa m\u00ec\" class=\"wp-image-16067\" srcset=\"https:\/\/www.agriculture-machine.com\/wp-content\/uploads\/2021\/11\/wheat-seeds-sowing-machine.webp 720w, https:\/\/www.agriculture-machine.com\/wp-content\/uploads\/2021\/11\/wheat-seeds-sowing-machine-360x270.webp 360w, https:\/\/www.agriculture-machine.com\/wp-content\/uploads\/2021\/11\/wheat-seeds-sowing-machine-240x180.webp 240w, https:\/\/www.agriculture-machine.com\/wp-content\/uploads\/2021\/11\/wheat-seeds-sowing-machine-16x12.webp 16w\" sizes=\"auto, (max-width: 720px) 100vw, 720px\" \/><figcaption class=\"wp-element-caption\">M\u00e1y gieo h\u1ea1t l\u00faa m\u00ec<\/figcaption><\/figure> <\/figure>    <h2 class=\"wp-block-heading\">B\u1ea3o tr\u00ec m\u00e1y tr\u1ed3ng l\u00faa m\u00ec 6 h\u00e0ng<\/h2>    <p class=\"translation-block\">Vi\u1ec7c s\u1eed d\u1ee5ng <a href=\"https:\/\/en.wikipedia.org\/wiki\/Wheat\" target=\"_blank\" rel=\"noopener\">m\u00e1y tr\u1ed3ng l\u00faa m\u00ec<\/a> c\u00f3 t\u00ednh m\u00f9a v\u1ee5 cao. Vi\u1ec7c b\u1ea3o tr\u00ec thi\u1ebft b\u1ecb nh\u1eb1m duy tr\u00ec tr\u1ea1ng th\u00e1i ho\u1ea1t \u0111\u1ed9ng t\u1ed1t, gi\u1ea3m thi\u1ec3u s\u1ef1 c\u1ed1, v\u00e0 n\u00e2ng cao hi\u1ec7u qu\u1ea3 c\u00f4ng vi\u1ec7c.<\/p>    <ul class=\"wp-block-list\"> <li>Khi m\u00e1y ch\u1ea1y t\u1ed1c \u0111\u1ed9 cao tr\u00ean \u0111\u01b0\u1eddng, c\u1ea7n kh\u00f3a ch\u1ed1t n\u00e2ng c\u1ee7a m\u00e1y k\u00e9o. Tuy\u1ec7t \u0111\u1ed1i kh\u00f4ng \u0111\u01b0\u1ee3c k\u00e9o m\u00e1y khi v\u1eadn h\u00e0nh.<\/li>    <li>Ki\u1ec3m tra t\u1ea5t c\u1ea3 c\u00e1c \u1ed1c v\u00edt v\u00e0 k\u1ebft n\u1ed1i tr\u01b0\u1edbc khi tr\u1ed3ng. N\u1ebfu c\u00f3 l\u1ecfng l\u1ebbo, si\u1ebft ch\u1eb7t l\u1ea1i k\u1ecbp th\u1eddi.<\/li>    <li>Trong qu\u00e1 tr\u00ecnh v\u1eadn h\u00e0nh, ng\u01b0\u1eddi v\u1eadn h\u00e0nh ph\u1ea3i tu\u00e2n th\u1ee7 nghi\u00eam ng\u1eb7t c\u00e1c quy tr\u00ecnh v\u1eadn h\u00e0nh an to\u00e0n \u0111\u1ec3 gi\u1ea3m thi\u1ec3u hao m\u00f2n kh\u00f4ng c\u1ea7n thi\u1ebft c\u1ee7a m\u00e1y.<\/li>    <li>Sau m\u1ed7i ca l\u00e0m vi\u1ec7c, \u0111\u1ea5t tr\u00ean t\u1ea5t c\u1ea3 c\u00e1c b\u1ed9 ph\u1eadn c\u1ee7a m\u00e1y c\u1ea7n \u0111\u01b0\u1ee3c lo\u1ea1i b\u1ecf.<\/li>    <li>Th\u01b0\u1eddng xuy\u00ean ki\u1ec3m tra chuy\u1ec3n \u0111\u1ed9ng c\u1ee7a t\u1eebng c\u1eb7p quay. N\u1ebfu m\u00f2n n\u1eb7ng, c\u00e1c b\u1ed9 ph\u1eadn t\u01b0\u01a1ng \u1ee9ng c\u1ea7n \u0111\u01b0\u1ee3c thay th\u1ebf k\u1ecbp th\u1eddi. C\u00e1c b\u1ed9 ph\u1eadn b\u1ecb tr\u00f3c s\u01a1n c\u1ea7n \u0111\u01b0\u1ee3c s\u01a1n l\u1ea1i.<\/li>    <li>Sau m\u1ed7i m\u00f9a s\u1eed d\u1ee5ng, n\u00f3 c\u1ea7n \u0111\u01b0\u1ee3c l\u00e0m s\u1ea1ch v\u00e0 b\u1ea3o tr\u00ec k\u1ecbp th\u1eddi. Ch\u1eafc ch\u1eafn r\u1eeda s\u1ea1ch ph\u00e2n b\u00f3n, ki\u1ec3m tra t\u1ea5t c\u1ea3 c\u00e1c b\u1ed9 ph\u1eadn, v\u00e0 th\u00eam d\u1ea7u ch\u1ed1ng g\u1ec9. Sau \u0111\u00f3, \u0111\u1eb7t n\u00f3 v\u00e0o kho.<\/li> <\/ul>","protected":false},"excerpt":{"rendered":"<p>The wheat planter is suitable for direct operation after rotary tillage, without soil preparation, saving time and effort. And a single operation can complete operations such as leveling, combining moisture, sowing, covering, suppressing, and erecting vertical borders.<\/p>","protected":false},"author":1,"featured_media":12210,"parent":0,"comment_status":"closed","ping_status":"closed","template":"","tags":[158],"product-type":[1],"class_list":["post-12085","product","type-product","status-publish","has-post-thumbnail","hentry","tag-wheat","product-type-other"],"_links":{"self":[{"href":"https:\/\/www.agriculture-machine.com\/vi\/wp-json\/wp\/v2\/product\/12085","targetHints":{"allow":["GET"]}}],"collection":[{"href":"https:\/\/www.agriculture-machine.com\/vi\/wp-json\/wp\/v2\/product"}],"about":[{"href":"https:\/\/www.agriculture-machine.com\/vi\/wp-json\/wp\/v2\/types\/product"}],"author":[{"embeddable":true,"href":"https:\/\/www.agriculture-machine.com\/vi\/wp-json\/wp\/v2\/users\/1"}],"replies":[{"embeddable":true,"href":"https:\/\/www.agriculture-machine.com\/vi\/wp-json\/wp\/v2\/comments?post=12085"}],"wp:featuredmedia":[{"embeddable":true,"href":"https:\/\/www.agriculture-machine.com\/vi\/wp-json\/wp\/v2\/media\/12210"}],"wp:attachment":[{"href":"https:\/\/www.agriculture-machine.com\/vi\/wp-json\/wp\/v2\/media?parent=12085"}],"wp:term":[{"taxonomy":"post_tag","embeddable":true,"href":"https:\/\/www.agriculture-machine.com\/vi\/wp-json\/wp\/v2\/tags?post=12085"},{"taxonomy":"product-type","embeddable":true,"href":"https:\/\/www.agriculture-machine.com\/vi\/wp-json\/wp\/v2\/product-type?post=12085"}],"curies":[{"name":"wp","href":"https:\/\/api.w.org\/{rel}","templated":true}]}}