{"id":12112,"date":"2021-11-12T18:33:28","date_gmt":"2021-11-12T10:33:28","guid":{"rendered":"https:\/\/www.agriculture-machine.com\/?p=12112"},"modified":"2024-09-23T11:23:30","modified_gmt":"2024-09-23T03:23:30","slug":"gasoline-self-propelled-vegetable-planter-six-row-push-seeder-wholesale-gasoline-vegetable-seeder","status":"publish","type":"product","link":"https:\/\/www.agriculture-machine.com\/vi\/gasoline-self-propelled-vegetable-planter-six-row-push-seeder-wholesale-gasoline-vegetable-seeder\/","title":{"rendered":"M\u00e1y tr\u1ed3ng rau 6 h\u00e0ng t\u1ef1 h\u00e0nh ch\u1ea1y b\u1eb1ng x\u0103ng"},"content":{"rendered":"<p><\/p>    <p>V\u1edbi s\u1ef1 ph\u00e1t tri\u1ec3n c\u1ee7a canh t\u00e1c rau quy m\u00f4 l\u1edbn, nhi\u1ec1u n\u00f4ng d\u00e2n tr\u1ed3ng c\u00e1c lo\u1ea1i rau kh\u00e1c nhau tr\u00ean \u0111\u1ed3ng b\u1eb1ng, \u0111\u1ed3i n\u00fai v\u00e0 nh\u00e0 k\u00ednh. Do \u0111\u00f3, n\u00f4ng d\u00e2n ph\u1ed5 bi\u1ebfn s\u1eed d\u1ee5ng m\u00e1y tr\u1ed3ng rau t\u1ef1 h\u00e0nh. <\/p>    <p>M\u00e1y tr\u1ed3ng rau t\u1ef1 h\u00e0nh ph\u00f9 h\u1ee3p v\u1edbi \u0111\u1ed3ng b\u1eb1ng, \u0111\u1ed3i n\u00fai, v\u01b0\u1eddn c\u00e2y, nh\u00e0 k\u00ednh, c\u00e1nh \u0111\u1ed3ng rau, \u0111\u1ea5t kh\u00f4 h\u1ea1n v\u00e0 v\u00f9ng n\u00fai. V\u00e0 m\u00e1y n\u00e0y c\u00f3 th\u1ec3 tr\u1ed3ng nhi\u1ec1u lo\u1ea1i rau nh\u01b0 b\u1eafp c\u1ea3i, c\u00e0 r\u1ed1t, c\u1ee7 c\u1ea3i, rau ch\u00e2n v\u1ecbt, x\u00e0 l\u00e1ch, c\u1ea7n t\u00e2y, v.v. Ngo\u00e0i ra, m\u00e1y c\u00f2n c\u00f3 kh\u1ea3 n\u0103ng k\u00e9o b\u1eb1ng \u0111\u1ed9ng c\u01a1, nh\u1eb9 nh\u00e0ng, ti\u1ebft ki\u1ec7m nh\u00e2n l\u1ef1c. C\u1ea5u tr\u00fac c\u1ee7a m\u00e1y \u0111\u01a1n gi\u1ea3n v\u00e0 d\u1ec5 v\u1eadn h\u00e0nh. Ngo\u00e0i ra, k\u00edch th\u01b0\u1edbc nh\u1ecf g\u1ecdn, ti\u1ebft ki\u1ec7m kh\u00f4ng gian. Ch\u1ea5t l\u01b0\u1ee3ng gieo t\u1ed1t, c\u00f4ng ngh\u1ec7 gieo \u0111\u1ea1t ti\u00eau chu\u1ea9n n\u00f4ng nghi\u1ec7p.<\/p>    <h2 class=\"wp-block-heading\" id=\"h-introduction-of-the-self-propelled-vegetable-planter\">Gi\u1edbi thi\u1ec7u v\u1ec1 m\u00e1y tr\u1ed3ng rau t\u1ef1 h\u00e0nh<\/h2>    <p>M\u00e1y tr\u1ed3ng rau t\u1ef1 h\u00e0nh ph\u00f9 h\u1ee3p cho c\u00e1c khu v\u1ef1c r\u1ed9ng l\u1edbn. V\u00e0 m\u00e1y n\u00e0y c\u00f3 th\u1ec3 ho\u00e0n th\u00e0nh vi\u1ec7c \u0111\u00e0o r\u00e3nh, gieo h\u1ea1t, ph\u1ee7 \u0111\u1ea5t v\u00e0 t\u1ea1o \u00e1p l\u1ef1c n\u1ed5 trong m\u1ed9t l\u1ea7n. M\u00e1y c\u00f3 \u0111\u1ed9ng c\u01a1 ri\u00eang, d\u1ec5 v\u1eadn h\u00e0nh th\u1ee7 c\u00f4ng, hi\u1ec7u qu\u1ea3 cao. B\u00e1nh gieo h\u1ea1t l\u00e0m b\u1eb1ng v\u1eadt li\u1ec7u \u0111\u1eb7c bi\u1ec7t c\u1ee7a m\u00e1y c\u00f3 th\u1ec3 r\u01a1i h\u1ea1t ch\u00ednh x\u00e1c v\u00e0 t\u1ef7 l\u1ec7 r\u01a1i l\u00e0 100%. Hai b\u00ean c\u1ee7a m\u00e1y c\u00f3 b\u00e1nh xe cao su di \u0111\u1ed9ng, thu\u1eadn ti\u1ec7n cho m\u00e1y di chuy\u1ec3n v\u00e0o kho khi kh\u00f4ng ho\u1ea1t \u0111\u1ed9ng.<\/p>    <figure class=\"wp-block-image size-large\"><img loading=\"lazy\" decoding=\"async\" width=\"720\" height=\"540\" src=\"https:\/\/www.agriculture-machine.com\/wp-content\/uploads\/2021\/11\/\u5fae\u4fe1\u56fe\u7247_20201228103823-720x540.jpg?v=1636712471\" alt=\"\" class=\"wp-image-12116\" srcset=\"https:\/\/www.agriculture-machine.com\/wp-content\/uploads\/2021\/11\/\u5fae\u4fe1\u56fe\u7247_20201228103823-720x540.jpg 720w, https:\/\/www.agriculture-machine.com\/wp-content\/uploads\/2021\/11\/\u5fae\u4fe1\u56fe\u7247_20201228103823-360x270.jpg 360w, https:\/\/www.agriculture-machine.com\/wp-content\/uploads\/2021\/11\/\u5fae\u4fe1\u56fe\u7247_20201228103823-240x180.jpg 240w, https:\/\/www.agriculture-machine.com\/wp-content\/uploads\/2021\/11\/\u5fae\u4fe1\u56fe\u7247_20201228103823-768x576.jpg 768w, https:\/\/www.agriculture-machine.com\/wp-content\/uploads\/2021\/11\/\u5fae\u4fe1\u56fe\u7247_20201228103823.jpg 1440w\" sizes=\"auto, (max-width: 720px) 100vw, 720px\" \/><figcaption><br>M\u00e1y gieo h\u1ea1t rau 6 h\u00e0ng b\u1eb1ng x\u0103ng c\u1ea7m tay<\/figcaption><\/figure>    <h2 class=\"wp-block-heading\">C\u00e1c l\u0129nh v\u1ef1c \u00e1p d\u1ee5ng c\u1ee7a m\u00e1y gieo h\u1ea1t rau 6 h\u00e0ng \u0111\u1ea9y b\u1eb1ng kh\u00ed n\u00e9n<\/h2>    <h3 class=\"wp-block-heading\"><strong>\u0110\u1ea5t ph\u00f9 h\u1ee3p<\/strong><\/h3>    <p>n\u00fai, \u0111\u1ed3i, nh\u00e0 k\u00ednh, v\u01b0\u1eddn c\u00e2y, c\u00e1nh \u0111\u1ed3ng rau, \u0111\u1ea5t kh\u00f4 h\u1ea1n, v.v.<\/p>    <h3 class=\"wp-block-heading\"><strong>Ph\u1ea1m vi \u1ee9ng d\u1ee5ng c\u1ee7a m\u00e1y tr\u1ed3ng rau t\u1ef1 h\u00e0nh<\/strong><\/h3>    <p>C\u1ee7 c\u1ea3i \u0111\u1ecf, c\u1ea3i xo\u0103n, s\u00fap l\u01a1, c\u1ea3i mustard, c\u1ea7n t\u00e2y, rau d\u1ec1n, c\u1ea3i th\u00eca, arugula, Yu Choi, c\u1ea3i Th\u00e1i, rau ch\u00e2n v\u1ecbt, c\u1ea3i b\u1eb9, h\u00e0nh l\u00e1, ng\u00f2, Kan Kong, c\u1ea3i th\u1ea3o, c\u00e0 r\u1ed1t, c\u1ee7 c\u1ea3i \u0111\u1ecf, c\u1ee7 c\u1ea3i, c\u1ee7 c\u1ea3i tr\u1eafng, v.v.<\/p>    <h3 class=\"wp-block-heading\"><strong>C\u00e1c l\u0129nh v\u1ef1c \u00e1p d\u1ee5ng<\/strong><\/h3>    <p>n\u00f4ng nghi\u1ec7p, gieo tr\u1ed3ng n\u00f4ng nghi\u1ec7p.<\/p>    <h2 class=\"wp-block-heading\">C\u1ea5u tr\u00fac c\u1ee7a m\u00e1y \u0111\u1ea9y gieo 6 h\u00e0ng<\/h2>    <p>M\u00e1y bao g\u1ed3m khung ch\u00ednh, thi\u1ebft b\u1ecb truy\u1ec1n \u0111\u1ed9ng, thi\u1ebft b\u1ecb \u0111\u00e0o r\u00e3nh v\u00e0 thi\u1ebft b\u1ecb gieo h\u1ea1t.<\/p>    <p>1. Khung ch\u00ednh g\u1ed3m khung, b\u00e1nh xe d\u1eabn \u0111\u1ed9ng ph\u00eda tr\u01b0\u1edbc, b\u00e1nh xe d\u1eabn \u0111\u1ed9ng ph\u00eda sau, h\u1ed9p b\u00ean tr\u00e1i, h\u1ed9p b\u00ean ph\u1ea3i, t\u1ea5m \u0111\u00e1y, khung n\u00e2ng, thanh ch\u1eafn ph\u00eda tr\u01b0\u1edbc v\u00e0 tay v\u1ecbn.<\/p>    <p>2. T\u1ea5m \u0111\u00e1y gi\u1eef thi\u1ebft b\u1ecb truy\u1ec1n \u0111\u1ed9ng.<\/p>    <p>3. Khung n\u00e2ng c\u00f3 thi\u1ebft b\u1ecb gieo h\u1ea1t k\u1ebft n\u1ed1i v\u1edbi c\u00e1c h\u1ed9p b\u00ean tr\u00e1i v\u00e0 b\u00ean ph\u1ea3i b\u1eb1ng b\u1ea3n l\u1ec1.<\/p>    <p>4. T\u1ea1i v\u1ecb tr\u00ed t\u01b0\u01a1ng \u1ee9ng c\u1ee7a thi\u1ebft b\u1ecb gieo h\u1ea1t, ch\u00fang t\u00f4i l\u1eafp \u0111\u1eb7t thi\u1ebft b\u1ecb \u0111\u00e0o r\u00e3nh tr\u00ean khung. N\u00f3 c\u00f3 th\u1ec3 ki\u1ec3m so\u00e1t \u0111\u1ed9 s\u00e2u c\u1ee7a vi\u1ec7c \u0111\u00e0o r\u00e3nh khi gieo h\u1ea1t. Thu\u1eadn ti\u1ec7n \u0111\u1ec3 l\u00e0m s\u1ea1ch h\u1ea1t v\u00e0 kh\u00f4ng b\u1ecf s\u00f3t h\u1ea1t, do \u0111\u00f3 kh\u00f4ng l\u00e3ng ph\u00ed h\u1ea1t. \u0110\u1ed3ng th\u1eddi, n\u00f3 c\u00f3 th\u1ec3 linh ho\u1ea1t quay v\u00f2ng trong ru\u1ed9ng ho\u1eb7c chuy\u1ec3n \u0111\u1ed5i gi\u1eefa c\u00e1c nh\u00e0 k\u00ednh.<\/p>    <figure class=\"wp-block-gallery columns-3 is-cropped wp-block-gallery-2 is-layout-flex wp-block-gallery-is-layout-flex\"><ul class=\"blocks-gallery-grid\"><li class=\"blocks-gallery-item\"><figure><img loading=\"lazy\" decoding=\"async\" width=\"720\" height=\"540\" src=\"https:\/\/www.agriculture-machine.com\/wp-content\/uploads\/2021\/11\/\u5fae\u4fe1\u56fe\u7247_20210111140404-720x540.jpg?v=1636712551\" alt=\"\" data-id=\"12117\" data-link=\"https:\/\/www.agriculture-machine.com\/?attachment_id=12117\" class=\"wp-image-12117\" srcset=\"https:\/\/www.agriculture-machine.com\/wp-content\/uploads\/2021\/11\/\u5fae\u4fe1\u56fe\u7247_20210111140404-720x540.jpg 720w, https:\/\/www.agriculture-machine.com\/wp-content\/uploads\/2021\/11\/\u5fae\u4fe1\u56fe\u7247_20210111140404-360x270.jpg 360w, https:\/\/www.agriculture-machine.com\/wp-content\/uploads\/2021\/11\/\u5fae\u4fe1\u56fe\u7247_20210111140404-240x180.jpg 240w, https:\/\/www.agriculture-machine.com\/wp-content\/uploads\/2021\/11\/\u5fae\u4fe1\u56fe\u7247_20210111140404-768x576.jpg 768w, https:\/\/www.agriculture-machine.com\/wp-content\/uploads\/2021\/11\/\u5fae\u4fe1\u56fe\u7247_20210111140404-1536x1152.jpg 1536w, https:\/\/www.agriculture-machine.com\/wp-content\/uploads\/2021\/11\/\u5fae\u4fe1\u56fe\u7247_20210111140404-2048x1536.jpg 2048w\" sizes=\"auto, (max-width: 720px) 100vw, 720px\" \/><\/figure><\/li><li class=\"blocks-gallery-item\"><figure><img loading=\"lazy\" decoding=\"async\" width=\"405\" height=\"540\" src=\"https:\/\/www.agriculture-machine.com\/wp-content\/uploads\/2021\/11\/\u5fae\u4fe1\u56fe\u7247_20210111140314-405x540.jpg?v=1636712725\" alt=\"\" data-id=\"12118\" data-link=\"https:\/\/www.agriculture-machine.com\/?attachment_id=12118\" class=\"wp-image-12118\" srcset=\"https:\/\/www.agriculture-machine.com\/wp-content\/uploads\/2021\/11\/\u5fae\u4fe1\u56fe\u7247_20210111140314-405x540.jpg 405w, https:\/\/www.agriculture-machine.com\/wp-content\/uploads\/2021\/11\/\u5fae\u4fe1\u56fe\u7247_20210111140314-203x270.jpg 203w, https:\/\/www.agriculture-machine.com\/wp-content\/uploads\/2021\/11\/\u5fae\u4fe1\u56fe\u7247_20210111140314-768x1024.jpg 768w, https:\/\/www.agriculture-machine.com\/wp-content\/uploads\/2021\/11\/\u5fae\u4fe1\u56fe\u7247_20210111140314-1152x1536.jpg 1152w, https:\/\/www.agriculture-machine.com\/wp-content\/uploads\/2021\/11\/\u5fae\u4fe1\u56fe\u7247_20210111140314-1536x2048.jpg 1536w, https:\/\/www.agriculture-machine.com\/wp-content\/uploads\/2021\/11\/\u5fae\u4fe1\u56fe\u7247_20210111140314-scaled.jpg 1920w\" sizes=\"auto, (max-width: 405px) 100vw, 405px\" \/><\/figure><\/li><li class=\"blocks-gallery-item\"><figure><img loading=\"lazy\" decoding=\"async\" width=\"405\" height=\"540\" src=\"https:\/\/www.agriculture-machine.com\/wp-content\/uploads\/2021\/11\/\u5fae\u4fe1\u56fe\u7247_202101111403145-405x540.jpg?v=1636712766\" alt=\"\" data-id=\"12119\" data-link=\"https:\/\/www.agriculture-machine.com\/?attachment_id=12119\" class=\"wp-image-12119\" srcset=\"https:\/\/www.agriculture-machine.com\/wp-content\/uploads\/2021\/11\/\u5fae\u4fe1\u56fe\u7247_202101111403145-405x540.jpg 405w, https:\/\/www.agriculture-machine.com\/wp-content\/uploads\/2021\/11\/\u5fae\u4fe1\u56fe\u7247_202101111403145-203x270.jpg 203w, https:\/\/www.agriculture-machine.com\/wp-content\/uploads\/2021\/11\/\u5fae\u4fe1\u56fe\u7247_202101111403145-768x1024.jpg 768w, https:\/\/www.agriculture-machine.com\/wp-content\/uploads\/2021\/11\/\u5fae\u4fe1\u56fe\u7247_202101111403145-1152x1536.jpg 1152w, https:\/\/www.agriculture-machine.com\/wp-content\/uploads\/2021\/11\/\u5fae\u4fe1\u56fe\u7247_202101111403145-1536x2048.jpg 1536w, https:\/\/www.agriculture-machine.com\/wp-content\/uploads\/2021\/11\/\u5fae\u4fe1\u56fe\u7247_202101111403145-scaled.jpg 1920w\" sizes=\"auto, (max-width: 405px) 100vw, 405px\" \/><\/figure><\/li><li class=\"blocks-gallery-item\"><figure><img loading=\"lazy\" decoding=\"async\" width=\"720\" height=\"540\" src=\"https:\/\/www.agriculture-machine.com\/wp-content\/uploads\/2021\/11\/\u5fae\u4fe1\u56fe\u7247_20210111140109-720x540.jpg?v=1636712791\" alt=\"\" data-id=\"12120\" data-link=\"https:\/\/www.agriculture-machine.com\/?attachment_id=12120\" class=\"wp-image-12120\" srcset=\"https:\/\/www.agriculture-machine.com\/wp-content\/uploads\/2021\/11\/\u5fae\u4fe1\u56fe\u7247_20210111140109-720x540.jpg 720w, https:\/\/www.agriculture-machine.com\/wp-content\/uploads\/2021\/11\/\u5fae\u4fe1\u56fe\u7247_20210111140109-360x270.jpg 360w, https:\/\/www.agriculture-machine.com\/wp-content\/uploads\/2021\/11\/\u5fae\u4fe1\u56fe\u7247_20210111140109-240x180.jpg 240w, https:\/\/www.agriculture-machine.com\/wp-content\/uploads\/2021\/11\/\u5fae\u4fe1\u56fe\u7247_20210111140109-768x576.jpg 768w, https:\/\/www.agriculture-machine.com\/wp-content\/uploads\/2021\/11\/\u5fae\u4fe1\u56fe\u7247_20210111140109-1536x1152.jpg 1536w, https:\/\/www.agriculture-machine.com\/wp-content\/uploads\/2021\/11\/\u5fae\u4fe1\u56fe\u7247_20210111140109-2048x1536.jpg 2048w\" sizes=\"auto, (max-width: 720px) 100vw, 720px\" \/><\/figure><\/li><li class=\"blocks-gallery-item\"><figure><img loading=\"lazy\" decoding=\"async\" width=\"720\" height=\"540\" src=\"https:\/\/www.agriculture-machine.com\/wp-content\/uploads\/2021\/11\/\u5fae\u4fe1\u56fe\u7247_202012281038235-1-720x540.jpg?v=1636712819\" alt=\"\" data-id=\"12122\" data-link=\"https:\/\/www.agriculture-machine.com\/?attachment_id=12122\" class=\"wp-image-12122\" srcset=\"https:\/\/www.agriculture-machine.com\/wp-content\/uploads\/2021\/11\/\u5fae\u4fe1\u56fe\u7247_202012281038235-1-720x540.jpg 720w, https:\/\/www.agriculture-machine.com\/wp-content\/uploads\/2021\/11\/\u5fae\u4fe1\u56fe\u7247_202012281038235-1-360x270.jpg 360w, https:\/\/www.agriculture-machine.com\/wp-content\/uploads\/2021\/11\/\u5fae\u4fe1\u56fe\u7247_202012281038235-1-240x180.jpg 240w, https:\/\/www.agriculture-machine.com\/wp-content\/uploads\/2021\/11\/\u5fae\u4fe1\u56fe\u7247_202012281038235-1-768x576.jpg 768w, https:\/\/www.agriculture-machine.com\/wp-content\/uploads\/2021\/11\/\u5fae\u4fe1\u56fe\u7247_202012281038235-1.jpg 1440w\" sizes=\"auto, (max-width: 720px) 100vw, 720px\" \/><\/figure><\/li><li class=\"blocks-gallery-item\"><figure><img loading=\"lazy\" decoding=\"async\" width=\"249\" height=\"540\" src=\"https:\/\/www.agriculture-machine.com\/wp-content\/uploads\/2021\/11\/\u5fae\u4fe1\u56fe\u7247_202101111401094-249x540.jpg?v=1636712835\" alt=\"\" data-id=\"12123\" data-full-url=\"https:\/\/www.agriculture-machine.com\/wp-content\/uploads\/2021\/11\/\u5fae\u4fe1\u56fe\u7247_202101111401094.jpg?v=1636712835\" data-link=\"https:\/\/www.agriculture-machine.com\/?attachment_id=12123\" class=\"wp-image-12123\" srcset=\"https:\/\/www.agriculture-machine.com\/wp-content\/uploads\/2021\/11\/\u5fae\u4fe1\u56fe\u7247_202101111401094-249x540.jpg 249w, https:\/\/www.agriculture-machine.com\/wp-content\/uploads\/2021\/11\/\u5fae\u4fe1\u56fe\u7247_202101111401094-125x270.jpg 125w, https:\/\/www.agriculture-machine.com\/wp-content\/uploads\/2021\/11\/\u5fae\u4fe1\u56fe\u7247_202101111401094-768x1662.jpg 768w, https:\/\/www.agriculture-machine.com\/wp-content\/uploads\/2021\/11\/\u5fae\u4fe1\u56fe\u7247_202101111401094-710x1536.jpg 710w, https:\/\/www.agriculture-machine.com\/wp-content\/uploads\/2021\/11\/\u5fae\u4fe1\u56fe\u7247_202101111401094.jpg 887w\" sizes=\"auto, (max-width: 249px) 100vw, 249px\" \/><\/figure><\/li><\/ul><\/figure>    <h2 class=\"wp-block-heading\">Nguy\u00ean l\u00fd ho\u1ea1t \u0111\u1ed9ng c\u1ee7a m\u00e1y gieo h\u1ea1t t\u1ef1 \u0111\u1ed9ng b\u00e1n bu\u00f4n ch\u1ea1y b\u1eb1ng x\u0103ng <\/h2>    <p>Trong vi\u1ec7c ki\u1ec3m so\u00e1t ch\u00ednh x\u00e1c s\u1ed1 l\u01b0\u1ee3ng gieo h\u1ea1t th\u00f4ng qua h\u1ec7 th\u1ed1ng ki\u1ec3m so\u00e1t gieo h\u1ea1t c\u1ee7a m\u00e1y, d\u1ef1a tr\u00ean l\u01b0\u1ee3ng gieo, m\u00e1y x\u00e1c \u0111\u1ecbnh kho\u1ea3ng c\u00e1ch v\u00e0 th\u1ea3i ra c\u00e1c h\u1ea1t \u0111\u01a1n l\u1ebb t\u01b0\u01a1ng \u0111\u1ed1i \u0111\u1ec1u trong l\u1edbp \u0111\u1ea5t, t\u1ea1o m\u00f4i tr\u01b0\u1eddng c\u00e2y con t\u1ed1t h\u01a1n. Kho\u1ea3ng c\u00e1ch gi\u1eefa c\u00e1c c\u00e2y t\u1ef1 nhi\u00ean h\u1ee3p l\u00fd, gi\u1ea3m c\u00f4ng lao \u0111\u1ed9ng c\u1ea5y v\u00e0 t\u1ec9a th\u01b0a th\u1ee7 c\u00f4ng. Hi\u1ec7u qu\u1ea3 gieo h\u1ea1t h\u01a1n 15 l\u1ea7n so v\u1edbi gieo th\u1ee7 c\u00f4ng.<\/p>    <p><\/p>    <h2 class=\"wp-block-heading\">Video ho\u1ea1t \u0111\u1ed9ng c\u1ee7a m\u00e1y tr\u1ed3ng rau c\u1ea7m tay ch\u1ea1y b\u1eb1ng x\u0103ng<\/h2>    <figure class=\"wp-block-embed is-type-video is-provider-youtube wp-block-embed-youtube wp-embed-aspect-16-9 wp-has-aspect-ratio\"><div class=\"wp-block-embed__wrapper\"> <iframe loading=\"lazy\" title=\"M\u00e1y tr\u1ed3ng rau t\u1ef1 h\u00e0nh 6 h\u00e0ng \/ m\u00e1y \u0111\u1ea9y gieo h\u1ea1t t\u1ef1 h\u00e0nh ch\u1ea1y b\u1eb1ng x\u0103ng\" width=\"500\" height=\"281\" src=\"https:\/\/www.youtube.com\/embed\/xFGatr9bXmw?feature=oembed\" frameborder=\"0\" allow=\"accelerometer; autoplay; clipboard-write; encrypted-media; gyroscope; picture-in-picture; web-share\" referrerpolicy=\"strict-origin-when-cross-origin\" allowfullscreen><\/iframe> <\/div><figcaption>Video ho\u1ea1t \u0111\u1ed9ng c\u1ee7a m\u00e1y tr\u1ed3ng rau c\u1ea7m tay ch\u1ea1y b\u1eb1ng x\u0103ng <\/figcaption><\/figure>    <h2 class=\"wp-block-heading\">\u01afu \u0111i\u1ec3m c\u1ee7a m\u00e1y tr\u1ed3ng rau c\u1ea7m tay ch\u1ea1y b\u1eb1ng x\u0103ng<\/h2>    <p>Vi\u1ec7c ki\u1ec3m so\u00e1t kho\u1ea3ng c\u00e1ch gieo h\u1ea1t (kho\u1ea3ng c\u00e1ch h\u00e0ng, kho\u1ea3ng c\u00e1ch c\u00e2y, \u0111\u1ed9 s\u00e2u gieo, s\u1ed1 h\u1ea1t trong m\u1ed7i l\u1ed7) c\u00f3 th\u1ec3 \u0111i\u1ec1u ch\u1ec9nh. V\u00e0 m\u00e1y n\u00e0y c\u00f3 th\u1ec3 ho\u00e0n th\u00e0nh vi\u1ec7c \u0111\u00e0o r\u00e3nh, gieo h\u1ea1t, ph\u1ee7 \u0111\u1ea5t v\u00e0 t\u1ea1o \u00e1p l\u1ef1c n\u1ed5 trong m\u1ed9t l\u1ea7n, gi\u00fap ti\u1ebft ki\u1ec7m lao \u0111\u1ed9ng \u0111\u00e1ng k\u1ec3.<\/p>    <p class=\"translation-block\"><strong>\u0110\u1eb7c \u0111i\u1ec3m:<\/strong><\/p>    <ol class=\"wp-block-list\"><li>M\u00e1y tr\u1ed3ng t\u1ef1 \u0111\u1ed9ng ph\u00f9 h\u1ee3p cho c\u00e1c khu v\u1ef1c r\u1ed9ng l\u1edbn.<\/li><\/ol>    <p>2. Tr\u1ed3ng d\u00e0y c\u00e1c h\u1ea1t nh\u1ecf l\u00e0 t\u1ed1t h\u01a1n.<\/p>    <p>3. Vi\u1ec7c v\u1eadn h\u00e0nh \u0111\u01a1n gi\u1ea3n v\u00e0 xoay tr\u1edf linh ho\u1ea1t.<\/p>    <p>4. B\u00e1nh xe gieo h\u1ea1t l\u00e0m b\u1eb1ng nh\u00f4m kh\u00f4ng sinh ra \u0111i\u1ec7n t\u0129nh v\u00e0 kh\u00f4ng d\u00ednh h\u1ea1t. N\u00f3 c\u00f3 \u0111\u1ed9 m\u01b0\u1ee3t cao, gieo ch\u00ednh x\u00e1c v\u00e0 t\u1ef7 l\u1ec7 gieo cao.<\/p>    <p>5. Ph\u01b0\u01a1ng ph\u00e1p gieo: Lo\u1ea1i b\u00e1nh xe gieo, l\u1eafp r\u00e1p t\u1ef1 do, th\u00e1o r\u1eddi \u0111\u1ec3 t\u0103ng ho\u1eb7c gi\u1ea3m s\u1ed1 h\u00e0ng.<\/p>    <p>6. B\u00e1nh n\u00e9n \u0111\u01b0\u1ee3c thi\u1ebft k\u1ebf cho \u0111\u1ea5t kh\u00f4ng d\u00ednh \u0111\u1ec3 gi\u1ea3m l\u1ef1c c\u1ea3n, v\u00e0 vi\u1ec7c gieo h\u1ea1t b\u1eb1ng b\u00e1nh xe ph\u00eda tr\u01b0\u1edbc v\u00e0 ph\u00eda sau ti\u1ebft ki\u1ec7m c\u00f4ng s\u1ee9c h\u01a1n.<\/p>    <p>7. Hai b\u00ean \u0111\u01b0\u1ee3c trang b\u1ecb b\u00e1nh xe cao su di \u0111\u1ed9ng, thu\u1eadn ti\u1ec7n cho m\u00e1y di chuy\u1ec3n v\u00e0o kho khi kh\u00f4ng ho\u1ea1t \u0111\u1ed9ng.<\/p>    <h2 class=\"wp-block-heading\">C\u00e1ch b\u1ea3o tr\u00ec m\u00e1y tr\u1ed3ng rau t\u1ef1 h\u00e0nh ch\u1ea1y b\u1eb1ng x\u0103ng<\/h2>    <p>1. Lo\u1ea1i b\u1ecf \u0111\u1ea5t trong t\u1ea5t c\u1ea3 c\u00e1c b\u1ed9 ph\u1eadn c\u1ee7a m\u00e1y tr\u1ed3ng rau t\u1ef1 h\u00e0nh ch\u1ea1y b\u1eb1ng x\u0103ng.<\/p>    <p>2. Lo\u1ea1i b\u1ecf h\u1ea1t kh\u1ecfi h\u1ed9p ph\u00e2n b\u00f3n.<\/p>    <p>3. Ki\u1ec3m tra xem m\u00e1y tr\u1ed3ng c\u00f3 b\u1ecb h\u1ecfng ho\u1eb7c m\u00f2n c\u00e1c b\u1ed9 ph\u1eadn kh\u00f4ng, thay th\u1ebf ho\u1eb7c s\u1eeda ch\u1eefa n\u1ebfu c\u1ea7n thi\u1ebft. N\u1ebfu c\u00f3 s\u01a1n bong tr\u00f3c, s\u01a1n l\u1ea1i l\u1edbp s\u01a1n \u0111\u00f3.<\/p>    <p>4. Sau khi m\u00e1y tr\u1ed3ng \u0111\u00e3 \u0111\u01b0\u1ee3c l\u01b0u tr\u1eef l\u00e2u d\u00e0i, tr\u01b0\u1edbc khi tr\u1ed3ng v\u1ee5 ti\u1ebfp theo, b\u1ea3o tr\u00ec v\u00e0 s\u1eeda ch\u1eefa m\u00e1y tr\u01b0\u1edbc \u0111\u1ec3 gi\u1eef cho thi\u1ebft b\u1ecb trong t\u00ecnh tr\u1ea1ng k\u1ef9 thu\u1eadt t\u1ed1t.<\/p>    <figure class=\"wp-block-image size-large\"><img loading=\"lazy\" decoding=\"async\" width=\"720\" height=\"540\" src=\"https:\/\/www.agriculture-machine.com\/wp-content\/uploads\/2021\/11\/\u5fae\u4fe1\u56fe\u7247_202101111403146-720x540.jpg?v=1636713138\" alt=\"\" class=\"wp-image-12125\" srcset=\"https:\/\/www.agriculture-machine.com\/wp-content\/uploads\/2021\/11\/\u5fae\u4fe1\u56fe\u7247_202101111403146-720x540.jpg 720w, https:\/\/www.agriculture-machine.com\/wp-content\/uploads\/2021\/11\/\u5fae\u4fe1\u56fe\u7247_202101111403146-360x270.jpg 360w, https:\/\/www.agriculture-machine.com\/wp-content\/uploads\/2021\/11\/\u5fae\u4fe1\u56fe\u7247_202101111403146-240x180.jpg 240w, https:\/\/www.agriculture-machine.com\/wp-content\/uploads\/2021\/11\/\u5fae\u4fe1\u56fe\u7247_202101111403146-768x576.jpg 768w, https:\/\/www.agriculture-machine.com\/wp-content\/uploads\/2021\/11\/\u5fae\u4fe1\u56fe\u7247_202101111403146-1536x1152.jpg 1536w, https:\/\/www.agriculture-machine.com\/wp-content\/uploads\/2021\/11\/\u5fae\u4fe1\u56fe\u7247_202101111403146-2048x1536.jpg 2048w\" sizes=\"auto, (max-width: 720px) 100vw, 720px\" \/><\/figure>    <h2 class=\"wp-block-heading\">C\u00e1c bi\u1ec7n ph\u00e1p ph\u00f2ng ng\u1eeba khi s\u1eed d\u1ee5ng m\u00e1y gieo h\u1ea1t rau t\u1ef1 h\u00e0nh b\u1eb1ng x\u0103ng.<\/h2>    <ol class=\"wp-block-list\"><li>L\u01b0u tr\u1eef m\u00e1y gieo h\u1ea1t rau t\u1ef1 h\u00e0nh b\u1eb1ng x\u0103ng trong kho kh\u00f4 r\u00e1o, tho\u00e1ng m\u00e1t ho\u1eb7c nh\u00e0 kho. Tr\u00e1nh l\u01b0u tr\u1eef ngo\u00e0i tr\u1eddi.<\/li><\/ol>    <p>2. Khi l\u01b0u tr\u1eef, h\u1ed7 tr\u1ee3 gi\u00e1 \u0111\u1ee1 ch\u1eafc ch\u1eafn. V\u00e0 \u0111\u1ec7m m\u1edf r\u1ed9ng v\u00e0 n\u1eafp \u0111\u1eady b\u1eb1ng t\u1ea5m, kh\u00f4ng ti\u1ebfp x\u00fac tr\u1ef1c ti\u1ebfp v\u1edbi m\u1eb7t \u0111\u1ea5t. L\u00f2 xo n\u00e9n tr\u00ean b\u1ed9 m\u1edf r\u1ed9ng n\u00ean \u0111\u01b0\u1ee3c th\u1ea3 l\u1ecfng v\u00e0 gi\u1eef \u1edf tr\u1ea1ng th\u00e1i t\u1ef1 do.<\/p>    <p>3. Sau khi l\u00e0m s\u1ea1ch c\u00e1c b\u1ed9 ph\u1eadn l\u00e0m vi\u1ec7c c\u1ee7a \u0111\u1ea5t (nh\u01b0 m\u1edf r\u1ed9ng), b\u00f4i b\u01a1 ho\u1eb7c d\u1ea7u m\u00e1y c\u0169 \u0111\u1ec3 tr\u00e1nh r\u1ec9 s\u00e9t.<\/p>    <p>4. C\u1ea5m \u0111i\u1ec1u ch\u1ec9nh, s\u1eeda ch\u1eefa v\u00e0 b\u00f4i tr\u01a1n trong qu\u00e1 tr\u00ecnh gieo tr\u1ed3ng.<\/p>    <p>5. Ng\u01b0\u1eddi v\u1eadn h\u00e0nh n\u00ean quan s\u00e1t tr\u1ea1ng th\u00e1i ho\u1ea1t \u0111\u1ed9ng c\u1ee7a m\u00e1y tr\u1ed3ng b\u1ea5t c\u1ee9 l\u00fac n\u00e0o trong qu\u00e1 tr\u00ecnh v\u1eadn h\u00e0nh. V\u00e0 ch\u00fa \u00fd \u0111\u1eb7c bi\u1ec7t \u0111\u1ebfn vi\u1ec7c thi\u1ebft b\u1ecb ph\u00e2n ph\u1ed1i h\u1ea1t c\u00f3 gieo h\u1ea1t kh\u00f4ng, \u1ed1ng d\u1eabn h\u1ea1t c\u00f3 b\u1ecb t\u1eafc kh\u00f4ng v\u00e0 c\u00f3 \u0111\u1ee7 h\u1ea1t trong h\u1ed9p h\u1ea1t kh\u00f4ng.<\/p>    <p>6. Khi tr\u1ed3ng h\u1ea1t tr\u1ed9n thu\u1ed1c tr\u1eeb s\u00e2u, ng\u01b0\u1eddi tr\u1ed3ng n\u00ean \u0111eo d\u1ee5ng c\u1ee5 b\u1ea3o h\u1ed9 nh\u01b0 g\u0103ng tay, kh\u1ea9u trang, k\u00ednh b\u1ea3o h\u1ed9, v.v.<\/p>    <p>7. Trong qu\u00e1 tr\u00ecnh v\u1eadn h\u00e0nh, c\u1ea7n b\u1ea3o tr\u00ec m\u00e1y m\u00f3c v\u00e0 d\u1ee5ng c\u1ee5, l\u00e0m s\u1ea1ch m\u1ea3nh v\u1ee5n khi m\u00e1y d\u1eebng v\u00e0 \u1ed5n \u0111\u1ecbnh.<\/p>","protected":false},"excerpt":{"rendered":"<p>M\u00e1y tr\u1ed3ng rau t\u1ef1 h\u00e0nh ph\u00f9 h\u1ee3p cho c\u00e1c ho\u1ea1t \u0111\u1ed9ng di\u1ec7n t\u00edch l\u1edbn. V\u00e0 m\u00e1y n\u00e0y c\u00f3 th\u1ec3 ho\u00e0n th\u00e0nh vi\u1ec7c \u0111\u00e0o r\u00e3nh, gieo h\u1ea1t, ph\u1ee7 \u0111\u1ea5t v\u00e0 t\u1ea1o \u00e1p l\u1ef1c n\u1ed5 trong m\u1ed9t l\u1ea7n. M\u00e1y c\u00f3 ngu\u1ed3n n\u0103ng l\u01b0\u1ee3ng ri\u00eang, d\u1ec5 v\u1eadn h\u00e0nh th\u1ee7 c\u00f4ng v\u00e0 hi\u1ec7u qu\u1ea3 cao.<\/p>","protected":false},"author":1,"featured_media":12115,"parent":0,"comment_status":"closed","ping_status":"closed","template":"","tags":[492,484],"product-type":[885],"class_list":["post-12112","product","type-product","status-publish","has-post-thumbnail","hentry","tag-planter","tag-vegetable","product-type-vegetable-planter"],"_links":{"self":[{"href":"https:\/\/www.agriculture-machine.com\/vi\/wp-json\/wp\/v2\/product\/12112","targetHints":{"allow":["GET"]}}],"collection":[{"href":"https:\/\/www.agriculture-machine.com\/vi\/wp-json\/wp\/v2\/product"}],"about":[{"href":"https:\/\/www.agriculture-machine.com\/vi\/wp-json\/wp\/v2\/types\/product"}],"author":[{"embeddable":true,"href":"https:\/\/www.agriculture-machine.com\/vi\/wp-json\/wp\/v2\/users\/1"}],"replies":[{"embeddable":true,"href":"https:\/\/www.agriculture-machine.com\/vi\/wp-json\/wp\/v2\/comments?post=12112"}],"wp:featuredmedia":[{"embeddable":true,"href":"https:\/\/www.agriculture-machine.com\/vi\/wp-json\/wp\/v2\/media\/12115"}],"wp:attachment":[{"href":"https:\/\/www.agriculture-machine.com\/vi\/wp-json\/wp\/v2\/media?parent=12112"}],"wp:term":[{"taxonomy":"post_tag","embeddable":true,"href":"https:\/\/www.agriculture-machine.com\/vi\/wp-json\/wp\/v2\/tags?post=12112"},{"taxonomy":"product-type","embeddable":true,"href":"https:\/\/www.agriculture-machine.com\/vi\/wp-json\/wp\/v2\/product-type?post=12112"}],"curies":[{"name":"wp","href":"https:\/\/api.w.org\/{rel}","templated":true}]}}