{"id":12134,"date":"2021-11-19T15:10:56","date_gmt":"2021-11-19T07:10:56","guid":{"rendered":"https:\/\/www.agriculture-machine.com\/?p=12134"},"modified":"2026-03-20T16:15:41","modified_gmt":"2026-03-20T08:15:41","slug":"automatic-square-straw-picking-and-strapping-machine","status":"publish","type":"product","link":"https:\/\/www.agriculture-machine.com\/vi\/automatic-square-straw-picking-and-strapping-machine\/","title":{"rendered":"M\u00e1y h\u00e1i v\u00e0 bu\u1ed9c r\u01a1m vu\u00f4ng t\u1ef1 \u0111\u1ed9ng"},"content":{"rendered":"<p>M\u00e1y nh\u1eb7t v\u00e0 bu\u1ed9c r\u01a1m vu\u00f4ng t\u1ef1 \u0111\u1ed9ng c\u00f3 th\u1ec3 l\u00e0m vi\u1ec7c c\u00f9ng v\u1edbi tractor \u0111\u1ec3 ho\u00e0n th\u00e0nh vi\u1ec7c nh\u1eb7t v\u00e0 \u0111\u00f3ng b\u00f3 c\u1ecf, \u0111\u1eadu n\u00e0nh, r\u01a1m l\u00faa, l\u00faa m\u00ec, ng\u00f4, v\u00e0 c\u00e1c th\u00e2n c\u00e2y tr\u1ed3ng kh\u00e1c.<\/p>    <p>C\u00e1c b\u00f3 th\u00e0nh ph\u1ea9m nh\u1ecf, g\u1ecdn, b\u00ean trong l\u1ecfng l\u1ebbo, b\u00ean ngo\u00e0i ch\u1eb7t. Ngo\u00e0i ra, b\u00f3 c\u00f2n c\u00f3 kh\u1ea3 n\u0103ng tho\u00e1ng kh\u00ed t\u1ed1t, gi\u00fap d\u1ec5 d\u00e0ng v\u1eadn chuy\u1ec3n v\u00e0 l\u01b0u tr\u1eef. T\u1ef7 l\u1ec7 \u0111\u00f3ng b\u00f3 c\u1ee7a m\u00e1y tr\u00ean 99%.<\/p>    <figure class=\"wp-block-embed aligncenter is-type-video is-provider-youtube wp-block-embed-youtube wp-embed-aspect-16-9 wp-has-aspect-ratio\"><div class=\"wp-block-embed__wrapper\"> <iframe loading=\"lazy\" title=\"T\u00edch h\u1ee3p nh\u1eb7t v\u00e0 \u0111\u00f3ng b\u00f3 hi\u1ec7u qu\u1ea3! Baler c\u1ecf vu\u00f4ng \u0111\u1ec3 b\u00e1n\" width=\"500\" height=\"281\" src=\"https:\/\/www.youtube.com\/embed\/VuYooF-GE2I?start=54&#038;feature=oembed\" frameborder=\"0\" allow=\"accelerometer; autoplay; clipboard-write; encrypted-media; gyroscope; picture-in-picture; web-share\" referrerpolicy=\"strict-origin-when-cross-origin\" allowfullscreen><\/iframe> <\/div><figcaption class=\"wp-element-caption\">C\u1ea3nh quay m\u00e1y \u0111\u00f3ng b\u00f3 c\u1ecf hi\u1ec7u qu\u1ea3 nh\u1eb7t c\u1ecf trong m\u1ed9t c\u00e1nh \u0111\u1ed3ng r\u1ed9ng l\u1edbn.<\/figcaption><\/figure>    <p>Vi\u1ec7c ph\u1ed5 bi\u1ebfn h\u00f3a c\u1ee7a m\u00e1y n\u00e0y \u0111\u00e3 \u0111\u00f3ng vai tr\u00f2 l\u1edbn trong vi\u1ec7c gi\u1ea3i quy\u1ebft v\u1ea5n \u0111\u1ec1 t\u00e1i ch\u1ebf r\u01a1m. N\u00f3 c\u0169ng c\u1ea3i thi\u1ec7n \u0111i\u1ec1u ki\u1ec7n m\u00f4i tr\u01b0\u1eddng do \u0111\u1ed1t r\u01a1m n\u00f4ng th\u00f4n g\u00e2y ra. \u0110i\u1ec1u n\u00e0y n\u00e2ng cao ch\u1ea5t l\u01b0\u1ee3ng s\u1eed d\u1ee5ng r\u01a1m. <\/p>    <p>L\u00e0 thi\u1ebft b\u1ecb l\u00fd t\u01b0\u1edfng \u0111\u1ec3 thu gom v\u00e0 \u0111\u00f3ng b\u00f3 th\u1ee9c \u0103n xanh. K\u1ec3 t\u1eeb khi ra m\u1eaft, m\u00e1y n\u00e0y \u0111\u00e3 tr\u1edf th\u00e0nh m\u00e1y \u01b0a th\u00edch c\u1ee7a n\u00f4ng d\u00e2n. V\u00e0 l\u00e0 m\u1ed9t tr\u1ee3 th\u1ee7 \u0111\u1eafc l\u1ef1c \u0111\u1ec3 l\u00e0m gi\u00e0u.<\/p>    <p class=\"translation-block\">\u0110\u1ed1i v\u1edbi \u0111\u00f3ng b\u00f3 v\u00e0 b\u1ea3o qu\u1ea3n c\u1ecf \u1ea9m \u01b0\u1edbt, b\u1ea1n c\u00f3 th\u1ec3 s\u1eed d\u1ee5ng <strong><a href=\"https:\/\/www.agriculture-machine.com\/vi\/full-automatic-silage-baling-machine\/\">m\u00e1y \u0111\u00f3ng b\u00f3 silage<\/a><\/strong> c\u1ee7a ch\u00fang t\u00f4i.<\/p>    <figure class=\"wp-block-image aligncenter size-large\"><img loading=\"lazy\" decoding=\"async\" width=\"720\" height=\"540\" src=\"https:\/\/www.agriculture-machine.com\/wp-content\/uploads\/2021\/11\/f0a30682d1d11e67c29d2a87d5b9e75-720x540.jpg?v=1637292670\" alt=\"M\u00e1y nh\u1eb7t v\u00e0 bu\u1ed9c r\u01a1m vu\u00f4ng t\u1ef1 \u0111\u1ed9ng\" class=\"wp-image-12140\" srcset=\"https:\/\/www.agriculture-machine.com\/wp-content\/uploads\/2021\/11\/f0a30682d1d11e67c29d2a87d5b9e75-720x540.jpg 720w, https:\/\/www.agriculture-machine.com\/wp-content\/uploads\/2021\/11\/f0a30682d1d11e67c29d2a87d5b9e75-360x270.jpg 360w, https:\/\/www.agriculture-machine.com\/wp-content\/uploads\/2021\/11\/f0a30682d1d11e67c29d2a87d5b9e75-240x180.jpg 240w, https:\/\/www.agriculture-machine.com\/wp-content\/uploads\/2021\/11\/f0a30682d1d11e67c29d2a87d5b9e75-768x576.jpg 768w, https:\/\/www.agriculture-machine.com\/wp-content\/uploads\/2021\/11\/f0a30682d1d11e67c29d2a87d5b9e75-1536x1152.jpg 1536w, https:\/\/www.agriculture-machine.com\/wp-content\/uploads\/2021\/11\/f0a30682d1d11e67c29d2a87d5b9e75-2048x1536.jpg 2048w\" sizes=\"auto, (max-width: 720px) 100vw, 720px\" \/><figcaption class=\"wp-element-caption\">M\u00e1y nh\u1eb7t v\u00e0 bu\u1ed9c r\u01a1m vu\u00f4ng<\/figcaption><\/figure>    <h2 class=\"wp-block-heading\">Chi ti\u1ebft b\u00f3 c\u1ee7a m\u00e1y nh\u1eb7t r\u01a1m t\u00e1i ch\u1ebf<\/h2>    <p>M\u00e1y nh\u1eb7t v\u00e0 bu\u1ed9c r\u01a1m vu\u00f4ng t\u1ef1 \u0111\u1ed9ng n\u00e0y s\u1eed d\u1ee5ng hai b\u00f3 d\u00e2y nh\u1ef1a \u0111\u1ec3 t\u1ea1o ra t\u1ed5ng c\u1ed9ng kho\u1ea3ng 1.000 b\u00f3, ho\u00e0n th\u00e0nh 15-20 b\u00f3 m\u1ed7i gi\u1edd.<\/p>    <figure class=\"wp-block-image aligncenter size-full\"><img loading=\"lazy\" decoding=\"async\" width=\"720\" height=\"540\" src=\"https:\/\/www.agriculture-machine.com\/wp-content\/uploads\/2021\/11\/silage-harvester-baler-plastic-rope.webp\" alt=\"m\u00e1y qu\u1ea5n b\u00f3 silage b\u1eb1ng d\u00e2y nh\u1ef1a\" class=\"wp-image-15607\" srcset=\"https:\/\/www.agriculture-machine.com\/wp-content\/uploads\/2021\/11\/silage-harvester-baler-plastic-rope.webp 720w, https:\/\/www.agriculture-machine.com\/wp-content\/uploads\/2021\/11\/silage-harvester-baler-plastic-rope-360x270.webp 360w, https:\/\/www.agriculture-machine.com\/wp-content\/uploads\/2021\/11\/silage-harvester-baler-plastic-rope-240x180.webp 240w\" sizes=\"auto, (max-width: 720px) 100vw, 720px\" \/><figcaption class=\"wp-element-caption\">m\u00e1y qu\u1ea5n b\u00f3 silage b\u1eb1ng d\u00e2y nh\u1ef1a<\/figcaption><\/figure>    <p>Chi\u1ec1u r\u1ed9ng thu ho\u1ea1ch t\u1ed1i \u0111a c\u1ee7a m\u00e1y l\u00e0 2 m\u00e9t, k\u00edch th\u01b0\u1edbc b\u00f3 l\u00e0 114*40*30cm, v\u00e0 tr\u1ecdng l\u01b0\u1ee3ng c\u1ee7a m\u1ed7i b\u00f3 l\u00e0 25-35kg. N\u00f3 c\u00f3 th\u1ec3 \u0111\u01b0\u1ee3c trang b\u1ecb m\u1ed9t m\u00e1y qu\u1ea5n b\u00f3 \u0111\u01a1n gi\u1ea3n nh\u01b0 sau.<\/p>    <figure class=\"wp-block-image aligncenter size-full\"><img loading=\"lazy\" decoding=\"async\" width=\"720\" height=\"540\" src=\"https:\/\/www.agriculture-machine.com\/wp-content\/uploads\/2021\/11\/silage-bale-wrapping-machine.webp\" alt=\"m\u00e1y qu\u1ea5n b\u00f3 silage\" class=\"wp-image-15600\" srcset=\"https:\/\/www.agriculture-machine.com\/wp-content\/uploads\/2021\/11\/silage-bale-wrapping-machine.webp 720w, https:\/\/www.agriculture-machine.com\/wp-content\/uploads\/2021\/11\/silage-bale-wrapping-machine-360x270.webp 360w, https:\/\/www.agriculture-machine.com\/wp-content\/uploads\/2021\/11\/silage-bale-wrapping-machine-240x180.webp 240w\" sizes=\"auto, (max-width: 720px) 100vw, 720px\" \/><figcaption class=\"wp-element-caption\">m\u00e1y qu\u1ea5n b\u00f3 silage<\/figcaption><\/figure>    <h2 class=\"wp-block-heading\">C\u1ea5u tr\u00fac c\u1ee7a m\u00e1y nh\u1eb7t v\u00e0 bu\u1ed9c r\u01a1m vu\u00f4ng t\u1ef1 \u0111\u1ed9ng<\/h2>    <p>C\u00e1c th\u00e0nh ph\u1ea7n c\u1ee7a m\u00e1y nh\u1eb7t v\u00e0 \u0111\u00f3ng b\u00f3 r\u01a1m: M\u1ed9t d\u1ea7m k\u00e9o, m\u1ed9t m\u00e1y nh\u1eb7t, m\u1ed9t b\u0103ng t\u1ea3i v\u00edt, m\u1ed9t c\u01a1 ch\u1ebf c\u1ea5p li\u1ec7u, m\u1ed9t piston, m\u1ed9t bu\u1ed3ng \u0111\u00f3ng b\u00f3, m\u1ed9t c\u01a1 ch\u1ebf \u0111\u00f3ng b\u00f3, m\u1ed9t thi\u1ebft b\u1ecb \u0111i\u1ec1u ch\u1ec9nh m\u1eadt \u0111\u1ed9 b\u00f3, v\u00e0 m\u1ed9t h\u1ec7 th\u1ed1ng truy\u1ec1n \u0111\u1ed9ng.<\/p>    <ul class=\"wp-block-list\"> <li>Ch\u1ee9c n\u0103ng c\u1ee7a m\u00e1y nh\u1eb7t l\u00e0 nh\u1eb7t c\u00e1c d\u1ea3i c\u1ecf n\u1eb1m tr\u00ean m\u1eb7t \u0111\u1ea5t. Sau \u0111\u00f3 n\u00e2ng n\u1ec1n c\u1ea5p li\u1ec7u. M\u00e1y nh\u1eb7t s\u1eed d\u1ee5ng c\u1ea5u tr\u00fac tr\u1ee5c r\u0103ng l\u00f2 xo b\u1ed1n h\u00e0ng.<\/li>    <li>Ch\u1ee9c n\u0103ng c\u1ee7a c\u01a1 ch\u1ebf v\u1eadn chuy\u1ec3n v\u00e0 c\u1ea5p li\u1ec7u l\u00e0 thu th\u1eadp v\u1eadt li\u1ec7u t\u1eeb b\u00ean c\u1ea1nh. Sau \u0111\u00f3 \u0111\u01b0a ch\u00fang v\u00e0o bu\u1ed3ng \u0111\u00f3ng b\u00f3. N\u00f3 c\u0169ng bao g\u1ed3m m\u1ed9t b\u0103ng t\u1ea3i v\u00edt v\u00e0 m\u1ed9t c\u01a1 ch\u1ebf g\u1eafp c\u1ea5p li\u1ec7u.<\/li>    <li>Ch\u1ee9c n\u0103ng c\u1ee7a piston v\u00e0 bu\u1ed3ng \u0111\u00f3ng b\u00f3 l\u00e0 n\u00e9n v\u1eadt li\u1ec7u. Sau \u0111\u00f3 \u0111\u01b0a v\u00e0o bu\u1ed3ng \u0111\u00f3ng b\u00f3. Piston l\u00e0 c\u01a1 c\u1ea5u tay \u0111\u00f2n quay. Bu\u1ed3ng bu\u1ed9c l\u00e0 m\u1ed9t khoang h\u00ecnh ch\u1eef nh\u1eadt \u0111\u01b0\u1ee3c t\u1ea1o th\u00e0nh b\u1eb1ng c\u00e1ch h\u00e0n c\u00e1c t\u1ea5m th\u00e9p.<\/li>    <li>Ch\u1ee9c n\u0103ng c\u1ee7a b\u1ed9 \u0111i\u1ec1u ch\u1ec9nh m\u1eadt \u0111\u1ed9 b\u00f3 l\u00e0 \u0111i\u1ec1u ch\u1ec9nh \u0111\u1ed9 ch\u1eb7t c\u1ee7a b\u00f3. T\u00f9y theo lo\u1ea1i c\u1ecf v\u00e0 \u0111\u1ed9 \u1ea9m, ng\u01b0\u1eddi v\u1eadn h\u00e0nh c\u00f3 th\u1ec3 \u0111i\u1ec1u ch\u1ec9nh l\u1ef1c c\u0103ng c\u1ee7a l\u00f2 xo \u0111\u1ec3 c\u00f3 \u0111\u01b0\u1ee3c b\u00f3 ch\u1eb7t v\u1eeba ph\u1ea3i.<\/li> <\/ul>    <figure class=\"wp-block-image aligncenter size-large is-resized\"><img loading=\"lazy\" decoding=\"async\" width=\"498\" height=\"540\" src=\"https:\/\/www.agriculture-machine.com\/wp-content\/uploads\/2021\/11\/XQ_14-498x540.jpg?v=1637292715\" alt=\"\" class=\"wp-image-12141\" srcset=\"https:\/\/www.agriculture-machine.com\/wp-content\/uploads\/2021\/11\/XQ_14-498x540.jpg 498w, https:\/\/www.agriculture-machine.com\/wp-content\/uploads\/2021\/11\/XQ_14-249x270.jpg 249w, https:\/\/www.agriculture-machine.com\/wp-content\/uploads\/2021\/11\/XQ_14.jpg 750w\" sizes=\"auto, (max-width: 498px) 100vw, 498px\" \/><figcaption class=\"wp-element-caption\"> C\u1ea5u tr\u00fac c\u1ee7a m\u00e1y nh\u1eb7t v\u00e0 \u0111\u00f3ng b\u00f3 r\u01a1m vu\u00f4ng t\u1ef1 \u0111\u1ed9ng <\/figcaption><\/figure>    <h2 class=\"wp-block-heading\">Nguy\u00ean l\u00fd ho\u1ea1t \u0111\u1ed9ng c\u1ee7a m\u00e1y nh\u1eb7t v\u00e0 \u0111\u00f3ng b\u00f3 r\u01a1m<\/h2>   <div id=\"rank-math-howto\" class=\"rank-math-block\" > <div class=\"rank-math-howto-description\">  <p>Automatic square straw picking and strapping machine work through the tractor&#8217;s powder. In the process of field operations, the spring teeth of the picker pick up the ground grass strips.<\/p>  <\/div>  <div class=\"rank-math-steps\"> <div id=\"howto-step-1723021088729\" class=\"rank-math-step\"> <div class=\"rank-math-step-content\"><p>B\u0103ng t\u1ea3i v\u00edt \u0111\u1ed1i x\u1ee9ng \u0111\u1ea9y v\u1eadt li\u1ec7u t\u1eeb hai b\u00ean c\u1ee7a n\u1ec1n t\u1ea3ng v\u00e0o c\u1eeda c\u1ea5p li\u1ec7u.<\/p> <\/div> <\/div> <div id=\"howto-step-1723021129739\" class=\"rank-math-step\"> <div class=\"rank-math-step-content\"><p>C\u1ea7n g\u1eafp c\u1ea5p li\u1ec7u s\u1ebd th\u00eam r\u01a1m t\u00edch t\u1ee5 t\u1ea1i c\u1eeda c\u1ea5p li\u1ec7u v\u00e0o bu\u1ed3ng \u0111\u00f3ng b\u00f3 trong qu\u00e1 tr\u00ecnh ho\u1ea1t \u0111\u1ed9ng. D\u01b0\u1edbi t\u00e1c d\u1ee5ng n\u00e2ng c\u1ee7a piston, r\u01a1m s\u1ebd d\u1ea7n d\u1ea7n \u0111\u01b0\u1ee3c n\u00e9n ch\u1eb7t.<\/p> <\/div> <\/div> <div id=\"howto-step-1723021134530\" class=\"rank-math-step\"> <div class=\"rank-math-step-content\"><p>Khi chi\u1ec1u d\u00e0i c\u1ee7a b\u00f3 \u0111\u1ea1t \u0111\u1ebfn chi\u1ec1u d\u00e0i \u0111\u00e3 \u0111\u1eb7t. C\u01a1 ch\u1ebf m\u00f3c bu\u1ed9c b\u1eaft \u0111\u1ea7u qu\u00e1 tr\u00ecnh bu\u1ed9c. Trong qu\u00e1 tr\u00ecnh ho\u1ea1t \u0111\u1ed9ng c\u1ee7a m\u00e1y th\u1eaft n\u00fat, hai b\u00f3 d\u00e2y qu\u1ea5n quanh b\u00f3.<\/p> <\/div> <\/div> <div id=\"howto-step-1723021141074\" class=\"rank-math-step\"> <div class=\"rank-math-step-content\"><p>Sau \u0111\u00f3, c\u00e1c v\u1eadt li\u1ec7u ti\u1ebfp theo s\u1ebd \u0111\u1ea9y c\u00e1c b\u00f3 \u0111\u00e3 \u0111\u00f3ng d\u1ea7n d\u1ea7n ra kh\u1ecfi l\u1ed1i ra c\u1ee7a bu\u1ed3ng \u0111\u00f3ng b\u00f3. V\u00e0 sau \u0111\u00f3 r\u01a1i xu\u1ed1ng \u0111\u1ea5t qua t\u1ea5m \u0111\u00f3ng b\u00f3.<\/p> <\/div> <\/div> <\/div> <\/div>       <figure class=\"wp-block-embed aligncenter is-type-video is-provider-youtube wp-block-embed-youtube wp-embed-aspect-4-3 wp-has-aspect-ratio\"><div class=\"wp-block-embed__wrapper\"> <iframe loading=\"lazy\" title=\"M\u00e1y nh\u1eb7t v\u00e0 bu\u1ed9c r\u01a1m vu\u00f4ng t\u1ef1 \u0111\u1ed9ng\" width=\"500\" height=\"375\" src=\"https:\/\/www.youtube.com\/embed\/SpJXV_r_7yE?feature=oembed\" frameborder=\"0\" allow=\"accelerometer; autoplay; clipboard-write; encrypted-media; gyroscope; picture-in-picture; web-share\" referrerpolicy=\"strict-origin-when-cross-origin\" allowfullscreen><\/iframe> <\/div><figcaption class=\"wp-element-caption\">\u0110\u00f3ng b\u00f3 r\u01a1m th\u00e0nh c\u00e1c ph\u1ea7n nh\u1ecf g\u1ecdn, ng\u0103n n\u1eafp.<\/figcaption><\/figure>    <h2 class=\"wp-block-heading\">Th\u00f4ng s\u1ed1 k\u1ef9 thu\u1eadt c\u1ee7a m\u00e1y nh\u1eb7t v\u00e0 \u0111\u00f3ng b\u00f3 r\u01a1m vu\u00f4ng<\/h2>    <figure class=\"wp-block-table is-style-stripes\"><table><tbody><tr><td>M\u1eabu<\/td><td>M\u00e1y nh\u1eb7t v\u1edbi<\/td><td>Lo\u1ea1i c\u1ea5u tr\u00fac c\u1ee7a m\u00e1y nh\u1eb7t<\/td><td>Lo\u1ea1i m\u00e1y th\u1eaft n\u00fat<\/td><td>S\u1ed1 l\u01b0\u1ee3ng m\u00e1y th\u1eaft n\u00fat<\/td><td>S\u1ed1 l\u1ea7n l\u1eb7p l\u1ea1i c\u1ee7a piston \u0111\u00f3ng b\u00f3<\/td><td>K\u00edch th\u01b0\u1edbc<\/td><td>C\u00f4ng su\u1ea5t h\u1ed7 tr\u1ee3<\/td><\/tr><tr><td>9YFQ-2.2<\/td><td>2240mm<\/td><td>R\u0103ng l\u00f2 xo<\/td><td>D<\/td><td>2<\/td><td>100\/ph\u00fat<\/td><td>4150*2850*1800mm<\/td><td>\u226536.7kw<\/td><\/tr><\/tbody><\/table><figcaption class=\"wp-element-caption\">Th\u00f4ng s\u1ed1 c\u1ee7a m\u00e1y nh\u1eb7t v\u00e0 bu\u1ed9c r\u01a1m ng\u00f4 t\u1ef1 \u0111\u1ed9ng <\/figcaption><\/figure>    <figure class=\"wp-block-image aligncenter size-large is-resized\"><img loading=\"lazy\" decoding=\"async\" width=\"538\" height=\"540\" src=\"https:\/\/www.agriculture-machine.com\/wp-content\/uploads\/2021\/11\/XQ_05-538x540.jpg?v=1637292767\" alt=\"\" class=\"wp-image-12142\" srcset=\"https:\/\/www.agriculture-machine.com\/wp-content\/uploads\/2021\/11\/XQ_05-538x540.jpg 538w, https:\/\/www.agriculture-machine.com\/wp-content\/uploads\/2021\/11\/XQ_05-269x270.jpg 269w, https:\/\/www.agriculture-machine.com\/wp-content\/uploads\/2021\/11\/XQ_05.jpg 750w\" sizes=\"auto, (max-width: 538px) 100vw, 538px\" \/><figcaption class=\"wp-element-caption\"> m\u00e1y nh\u1eb7t v\u00e0 \u0111\u00f3ng b\u00f3 r\u01a1m <\/figcaption><\/figure>    <h2 class=\"wp-block-heading\">C\u00e1c \u0111\u1eb7c \u0111i\u1ec3m ch\u00ednh c\u1ee7a m\u00e1y thu ho\u1ea1ch r\u01a1m \u0111\u00f3ng b\u00f3<\/h2>    <ol class=\"wp-block-list\"> <li>Thi\u1ebft b\u1ecb th\u1eaft n\u00fat nh\u1eadp kh\u1ea9u t\u1eeb \u0110\u1ee9c (s\u1ea3n xu\u1ea5t t\u1ea1i Rasboa, \u0110\u1ee9c). M\u00e1y nh\u1eb7t v\u00e0 bu\u1ed9c r\u01a1m vu\u00f4ng t\u1ef1 \u0111\u1ed9ng c\u00f3 m\u1eadt \u0111\u1ed9 \u0111\u00f3ng b\u00f3 cao, t\u1ef7 l\u1ec7 \u0111\u00f3ng b\u00f3 l\u00ean t\u1edbi 99%.<\/li>    <li>To\u00e0n b\u1ed9 m\u00e1y s\u1eed d\u1ee5ng thi\u1ebft k\u1ebf c\u1ea5u tr\u00fac \u0111\u1ed1i x\u1ee9ng theo tr\u1ee5c d\u1ecdc: k\u00e9o trung t\u00e2m, \u1ed5n \u0111\u1ecbnh v\u1eadn h\u00e0nh t\u1ed1t, b\u00e1n k\u00ednh quay nh\u1ecf.<\/li>    <li>S\u1eed d\u1ee5ng c\u1ea5u tr\u00fac \u1ed1ng tr\u1ee5c r\u1ed7ng \u0111\u1ec3 l\u00e0m cho qu\u00e1 tr\u00ecnh c\u1ea5p li\u1ec7u c\u1ee7a c\u00e2y tr\u1ed3ng tr\u01a1n tru h\u01a1n. Kh\u00f4ng t\u00edch t\u1ee5, kh\u00f4ng r\u1ed1i.<\/li>    <li>Thi\u1ebft b\u1ecb gi\u1ea3m ch\u1ea5n bu\u1ed9c ch\u1eb7t hai b\u00ean gi\u00fap h\u00e0nh \u0111\u1ed9ng bu\u1ed9c ch\u1eb7t \u1ed5n \u0111\u1ecbnh h\u01a1n. Chu\u1ed7i hai h\u00e0ng l\u00e0m cho m\u00e1y ph\u00f9 h\u1ee3p h\u01a1n v\u1edbi c\u00e1c ho\u1ea1t \u0111\u1ed9ng \u0111\u00f3ng b\u00f3 n\u1eb7ng. L\u1ed1p xe ph\u1ea7n r\u1ed9ng gi\u00fap v\u1eadn h\u00e0nh d\u1ec5 d\u00e0ng h\u01a1n. <\/li>    <li>N\u00f3 c\u00f3 th\u1ec3 gi\u1ea3m \u0111\u00e1ng k\u1ec3 di\u1ec7n t\u00edch l\u01b0u tr\u1eef, n\u00e2ng cao kh\u1ea3 n\u0103ng v\u1eadn chuy\u1ec3n, v\u00e0 gi\u1ea3m nguy c\u01a1 ch\u00e1y.<\/li>    <li>D\u1ec5 d\u00e0ng l\u01b0u tr\u1eef. Kh\u1ed1i l\u01b0\u1ee3ng c\u1ecf \u0111\u00e3 \u0111\u00f3ng b\u00f3 nh\u1ecf h\u01a1n hai ph\u1ea7n ba so v\u1edbi c\u1ecf ch\u01b0a \u0111\u00f3ng b\u00f3, \u0111i\u1ec1u n\u00e0y c\u00f3 th\u1ec3 gi\u1ea3m \u0111\u00e1ng k\u1ec3 di\u1ec7n t\u00edch \u0111\u1ed3ng c\u1ecf.<\/li>    <li>Ti\u1ec7n l\u1ee3i cho vi\u1ec7c x\u1ebfp d\u1ee1, v\u1eadn chuy\u1ec3n. M\u00e1y c\u00f3 th\u1ec3 t\u1eadn d\u1ee5ng t\u1ed1i \u0111a kh\u1ea3 n\u0103ng v\u1eadn chuy\u1ec3n c\u1ee7a ph\u01b0\u01a1ng ti\u1ec7n. Th\u01b0\u1eddng th\u00ec, kh\u1ea3 n\u0103ng v\u1eadn chuy\u1ec3n c\u00f3 th\u1ec3 t\u0103ng g\u1ea5p 2-3 l\u1ea7n. N\u00f3 c\u0169ng gi\u00fap ti\u1ebft ki\u1ec7m h\u01a1n 50% lao \u0111\u1ed9ng v\u00e0 chi ph\u00ed v\u1eadn chuy\u1ec3n.<\/li> <\/ol>    <figure class=\"wp-block-image aligncenter size-full\"><img loading=\"lazy\" decoding=\"async\" width=\"720\" height=\"540\" src=\"https:\/\/www.agriculture-machine.com\/wp-content\/uploads\/2021\/11\/automatic-square-straw-picking-and-strapping-machine.webp\" alt=\"m\u00e1y nh\u1eb7t v\u00e0 bu\u1ed9c r\u01a1m vu\u00f4ng t\u1ef1 \u0111\u1ed9ng\" class=\"wp-image-15604\" srcset=\"https:\/\/www.agriculture-machine.com\/wp-content\/uploads\/2021\/11\/automatic-square-straw-picking-and-strapping-machine.webp 720w, https:\/\/www.agriculture-machine.com\/wp-content\/uploads\/2021\/11\/automatic-square-straw-picking-and-strapping-machine-360x270.webp 360w, https:\/\/www.agriculture-machine.com\/wp-content\/uploads\/2021\/11\/automatic-square-straw-picking-and-strapping-machine-240x180.webp 240w\" sizes=\"auto, (max-width: 720px) 100vw, 720px\" \/><figcaption class=\"wp-element-caption\">m\u00e1y nh\u1eb7t v\u00e0 bu\u1ed9c r\u01a1m vu\u00f4ng t\u1ef1 \u0111\u1ed9ng<\/figcaption><\/figure>    <figure class=\"wp-block-image aligncenter size-large\"><img loading=\"lazy\" decoding=\"async\" width=\"665\" height=\"540\" src=\"https:\/\/www.agriculture-machine.com\/wp-content\/uploads\/2021\/11\/XQ_17-665x540.jpg?v=1637292853\" alt=\"\u1ee9ng d\u1ee5ng c\u1ee7a m\u00e1y t\u00e1i ch\u1ebf m\u00e1y \u0111\u00f3ng b\u00f3 r\u01a1m\" class=\"wp-image-12144\" srcset=\"https:\/\/www.agriculture-machine.com\/wp-content\/uploads\/2021\/11\/XQ_17-665x540.jpg 665w, https:\/\/www.agriculture-machine.com\/wp-content\/uploads\/2021\/11\/XQ_17-333x270.jpg 333w, https:\/\/www.agriculture-machine.com\/wp-content\/uploads\/2021\/11\/XQ_17.jpg 750w\" sizes=\"auto, (max-width: 665px) 100vw, 665px\" \/><figcaption class=\"wp-element-caption\">\u1ee9ng d\u1ee5ng c\u1ee7a m\u00e1y t\u00e1i ch\u1ebf m\u00e1y \u0111\u00f3ng b\u00f3 r\u01a1m<\/figcaption><\/figure>    <h2 class=\"wp-block-heading\">Li\u00ean h\u1ec7 v\u1edbi ch\u00fang t\u00f4i b\u1ea5t c\u1ee9 l\u00fac n\u00e0o<\/h2>    <p>C\u1ea3m \u01a1n b\u1ea1n \u0111\u00e3 \u0111\u1ecdc b\u00e0i vi\u1ebft v\u1ec1 m\u00e1y nh\u1eb7t v\u00e0 bu\u1ed9c r\u01a1m vu\u00f4ng t\u1ef1 \u0111\u1ed9ng c\u1ee7a ch\u00fang t\u00f4i. N\u1ebfu b\u1ea1n c\u00f3 b\u1ea5t k\u1ef3 c\u00e2u h\u1ecfi ho\u1eb7c c\u1ea7n th\u00f4ng tin chi ti\u1ebft v\u1ec1 m\u00e1y n\u00e0y, vui l\u00f2ng li\u00ean h\u1ec7 v\u1edbi \u0111\u1ed9i ng\u0169 chuy\u00ean nghi\u1ec7p c\u1ee7a ch\u00fang t\u00f4i. B\u1ea1n c\u00f3 th\u1ec3 g\u1eedi y\u00eau c\u1ea7u c\u1ee5 th\u1ec3 c\u1ee7a m\u00ecnh qua m\u1eabu tin nh\u1eafn b\u00ean ph\u1ea3i. Ch\u00fang t\u00f4i hy v\u1ecdng cung c\u1ea5p cho b\u1ea1n thi\u1ebft b\u1ecb ph\u00f9 h\u1ee3p cho ch\u01b0\u01a1ng tr\u00ecnh t\u00e1i ch\u1ebf r\u01a1m c\u1ee7a b\u1ea1n.<\/p>","protected":false},"excerpt":{"rendered":"<p>M\u00e1y nh\u1eb7t v\u00e0 bu\u1ed9c r\u01a1m vu\u00f4ng t\u1ef1 \u0111\u1ed9ng c\u00f3 th\u1ec3 l\u00e0m vi\u1ec7c c\u00f9ng v\u1edbi tractor \u0111\u1ec3 ho\u00e0n th\u00e0nh vi\u1ec7c nh\u1eb7t v\u00e0 \u0111\u00f3ng b\u00f3 c\u1ecf, th\u00e2n c\u00e2y. B\u00e0i vi\u1ebft n\u00e0y m\u00f4 t\u1ea3 chi ti\u1ebft c\u1ea5u tr\u00fac, nguy\u00ean l\u00fd ho\u1ea1t \u0111\u1ed9ng v\u00e0 video c\u1ee7a m\u00e1y.<\/p>","protected":false},"author":1,"featured_media":17575,"parent":0,"comment_status":"closed","ping_status":"closed","template":"","tags":[591],"product-type":[876,908],"class_list":["post-12134","product","type-product","status-publish","has-post-thumbnail","hentry","tag-silage","product-type-silage-machine","product-type-sliage-baler"],"_links":{"self":[{"href":"https:\/\/www.agriculture-machine.com\/vi\/wp-json\/wp\/v2\/product\/12134","targetHints":{"allow":["GET"]}}],"collection":[{"href":"https:\/\/www.agriculture-machine.com\/vi\/wp-json\/wp\/v2\/product"}],"about":[{"href":"https:\/\/www.agriculture-machine.com\/vi\/wp-json\/wp\/v2\/types\/product"}],"author":[{"embeddable":true,"href":"https:\/\/www.agriculture-machine.com\/vi\/wp-json\/wp\/v2\/users\/1"}],"replies":[{"embeddable":true,"href":"https:\/\/www.agriculture-machine.com\/vi\/wp-json\/wp\/v2\/comments?post=12134"}],"wp:featuredmedia":[{"embeddable":true,"href":"https:\/\/www.agriculture-machine.com\/vi\/wp-json\/wp\/v2\/media\/17575"}],"wp:attachment":[{"href":"https:\/\/www.agriculture-machine.com\/vi\/wp-json\/wp\/v2\/media?parent=12134"}],"wp:term":[{"taxonomy":"post_tag","embeddable":true,"href":"https:\/\/www.agriculture-machine.com\/vi\/wp-json\/wp\/v2\/tags?post=12134"},{"taxonomy":"product-type","embeddable":true,"href":"https:\/\/www.agriculture-machine.com\/vi\/wp-json\/wp\/v2\/product-type?post=12134"}],"curies":[{"name":"wp","href":"https:\/\/api.w.org\/{rel}","templated":true}]}}