{"id":12170,"date":"2021-11-20T16:23:34","date_gmt":"2021-11-20T08:23:34","guid":{"rendered":"https:\/\/www.agriculture-machine.com\/?p=12170"},"modified":"2026-03-20T16:33:56","modified_gmt":"2026-03-20T08:33:56","slug":"round-straw-harvester-and-baler-machine-picking-and-bundling-machine","status":"publish","type":"product","link":"https:\/\/www.agriculture-machine.com\/vi\/round-silage-straw-harvester-and-baler-machine-picking-and-bundling-machine\/","title":{"rendered":"M\u00e1y thu ho\u1ea1ch v\u00e0 \u0111\u00f3ng g\u00f3i r\u01a1m c\u1ecf tr\u00f2n, m\u00e1y h\u00e1i v\u00e0 \u0111\u00f3ng g\u00f3i"},"content":{"rendered":"<p>M\u00e1y g\u1eb7t g straw v\u00f2ng v\u00e0 cu\u1ed9n t\u00edch h\u1ee3p nhi\u1ec1u ch\u1ee9c n\u0103ng trong m\u1ed9t \u0111\u01a1n v\u1ecb, c\u00f3 kh\u1ea3 n\u0103ng nghi\u1ec1n, thu th\u1eadp v\u00e0 bu\u1ed9c r\u01a1m tr\u00ean \u0111\u1ed3ng ru\u1ed9ng trong m\u1ed9t l\u01b0\u1ee3t, gi\u1ea3m \u0111\u00e1ng k\u1ec3 chi ph\u00ed lao \u0111\u1ed9ng v\u00e0 v\u1eadn chuy\u1ec3n. <\/p>    <p>Thi\u1ebft k\u1ebf nh\u1ecf g\u1ecdn v\u00e0 tinh gi\u1ea3n gi\u00fap v\u1eadn h\u00e0nh d\u1ec5 d\u00e0ng v\u00e0 hi\u1ec7u qu\u1ea3 cao, ph\u00f9 h\u1ee3p v\u1edbi c\u00e1c n\u00f4ng tr\u1ea1i \u1edf m\u1ecdi quy m\u00f4 v\u00e0 \u0111\u1ecba h\u00ecnh ph\u1ee9c t\u1ea1p. D\u00f9 x\u1eed l\u00fd th\u00e2n ng\u00f4, r\u01a1m l\u00faa m\u00ec, c\u1ecf alfalfa, th\u00e2n b\u00f4ng hay c\u00e1c d\u01b0 l\u01b0\u1ee3ng c\u00e2y tr\u1ed3ng kh\u00e1c, thi\u1ebft b\u1ecb n\u00e0y mang l\u1ea1i ngu\u1ed3n nguy\u00ean li\u1ec7u \u0111\u00e1ng tin c\u1eady cho n\u00f4ng d\u00e2n, c\u00e1c doanh nghi\u1ec7p ch\u0103n nu\u00f4i v\u00e0 nh\u00e0 m\u00e1y \u0111i\u1ec7n t\u1eeb r\u01a1m.<\/p>    <figure class=\"wp-block-embed aligncenter is-type-video is-provider-youtube wp-block-embed-youtube wp-embed-aspect-16-9 wp-has-aspect-ratio\"><div class=\"wp-block-embed__wrapper\"> <iframe loading=\"lazy\" title=\"M\u00e1y nghi\u1ec1n v\u00e0 \u0111\u00f3ng g\u00f3i r\u01a1m | M\u00e1y c\u1eaft c\u1ecf v\u00e0 m\u00e1y cu\u1ed9n r\u01a1m \u0111ang ho\u1ea1t \u0111\u1ed9ng t\u1ea1i hi\u1ec7n tr\u01b0\u1eddng\" width=\"500\" height=\"281\" src=\"https:\/\/www.youtube.com\/embed\/zbVtbyUgH64?feature=oembed\" frameborder=\"0\" allow=\"accelerometer; autoplay; clipboard-write; encrypted-media; gyroscope; picture-in-picture; web-share\" referrerpolicy=\"strict-origin-when-cross-origin\" allowfullscreen><\/iframe> <\/div><figcaption class=\"wp-element-caption\">video l\u00e0m vi\u1ec7c c\u1ee7a m\u00e1y g\u1eb7t g straw v\u00f2ng v\u00e0 cu\u1ed9n<\/figcaption><\/figure>    <h2 class=\"wp-block-heading\">Ph\u1ea1m vi \u00e1p d\u1ee5ng c\u1ee7a m\u00e1y g\u1eb7t g straw v\u00f2ng v\u00e0 cu\u1ed9n v\u00f2ng.<\/h2>    <p>M\u00e1y nghi\u1ec1n c\u1ecf v\u1ee5n, h\u00e1i v\u00e0 cu\u1ed9n b\u00f4ng c\u1ecf c\u00f3 ph\u1ea1m vi \u00e1p d\u1ee5ng r\u1ed9ng v\u00e0 ho\u1ea1t \u0111\u1ed9ng hi\u1ec7u qu\u1ea3 trong nhi\u1ec1u m\u00f4i tr\u01b0\u1eddng kh\u00e1c nhau:<\/p>    <ul class=\"wp-block-list\"> <li>C\u1ecf v\u1ee5n: th\u00e2n ng\u00f4, r\u01a1m l\u00faa m\u00ec, r\u01a1m g\u1ea1o, th\u00e2n b\u00f4ng, c\u1ecf sheepgrass, reed, v.v.<\/li>    <li>C\u00e1c lo\u1ea1i c\u00e2y th\u1ee9c \u0103n: c\u1ecf alfalfa, c\u1ecf ryegrass, c\u1ecf oats v\u00e0 c\u00e1c lo\u1ea1i c\u00e2y th\u1ee9c \u0103n kh\u00e1c.<\/li>    <li>C\u00e1c t\u00ecnh hu\u1ed1ng ph\u00f9 h\u1ee3p: n\u00f4ng tr\u1ea1i, \u0111\u1ed3ng c\u1ecf, khu x\u1eed l\u00fd silage, trang tr\u1ea1i ch\u0103n nu\u00f4i, c\u01a1 s\u1edf t\u00e1i ch\u1ebf r\u01a1m v\u00e0 ngu\u1ed3n cung nhi\u00ean li\u1ec7u cho nh\u00e0 m\u00e1y \u0111i\u1ec7n t\u1eeb r\u01a1m.<\/li>    <li>\u0110i\u1ec1u ki\u1ec7n v\u1eadn h\u00e0nh: x\u1eed l\u00fd r\u01a1m th\u1eb3ng \u0111\u1ee9ng v\u00e0 r\u01a1i v\u00e3i. C\u00f3 th\u1ec3 th\u1ef1c hi\u1ec7n c\u00e1c ho\u1ea1t \u0111\u1ed9ng tr\u01b0\u1edbc thu ho\u1ea1ch v\u00e0 ph\u1ee5c h\u1ed3i d\u01b0 l\u01b0\u1ee3ng sau thu ho\u1ea1ch.<\/li> <\/ul>    <figure class=\"wp-block-image aligncenter size-large is-resized\"><img loading=\"lazy\" decoding=\"async\" width=\"540\" height=\"540\" src=\"https:\/\/www.agriculture-machine.com\/wp-content\/uploads\/2021\/11\/\u5fae\u4fe1\u56fe\u7247_202105051657083-540x540.jpg?v=1637396272\" alt=\"\" class=\"wp-image-12177\" srcset=\"https:\/\/www.agriculture-machine.com\/wp-content\/uploads\/2021\/11\/\u5fae\u4fe1\u56fe\u7247_202105051657083-540x540.jpg 540w, https:\/\/www.agriculture-machine.com\/wp-content\/uploads\/2021\/11\/\u5fae\u4fe1\u56fe\u7247_202105051657083-270x270.jpg 270w, https:\/\/www.agriculture-machine.com\/wp-content\/uploads\/2021\/11\/\u5fae\u4fe1\u56fe\u7247_202105051657083-768x768.jpg 768w, https:\/\/www.agriculture-machine.com\/wp-content\/uploads\/2021\/11\/\u5fae\u4fe1\u56fe\u7247_202105051657083.jpg 800w\" sizes=\"auto, (max-width: 540px) 100vw, 540px\" \/><figcaption class=\"wp-element-caption\"> m\u00e1y nghi\u1ec1n v\u00f2ng, h\u00e1i, v\u00e0 bu\u1ed9c v\u00f2ng <\/figcaption><\/figure>    <h2 class=\"wp-block-heading\">C\u1ea5u tr\u00fac c\u1ee7a c\u01a1 ch\u1ebf nghi\u1ec1n h\u00e1i v\u00e0 \u0111\u00f3ng g\u00f3i forage<\/h2>    <p>M\u00e1y g\u1eb7t g straw v\u00f2ng n\u00e0y g\u1ed3m PTO, c\u01a1 ch\u1ebf nghi\u1ec1n, h\u00e1i, c\u01a1 ch\u1ebf cho \u0103n, c\u01a1 ch\u1ebf \u0111\u00f3ng g\u00f3i v\u00e0 c\u00e1c b\u1ed9 ph\u1eadn kh\u00e1c.<\/p>    <ul class=\"wp-block-list\"> <li>PTO: k\u1ebft n\u1ed1i v\u1edbi tractor th\u00f4ng qua tr\u1ee5c r\u00e3nh (8 then). \u0110\u1ea7u ti\u00ean, kh\u1edfi \u0111\u1ed9ng tractor. Sau \u0111\u00f3 truy\u1ec1n \u0111\u1ed9ng l\u1ef1c cho m\u00e1y qua tr\u1ee5c r\u00e3nh.<\/li>    <li>C\u01a1 ch\u1ebf nghi\u1ec1n: ph\u00e1 h\u1ee7y r\u01a1m tr\u01b0\u1edbc.<\/li>    <li>H\u00e1i: h\u00e1i l\u00ean v\u00e0 n\u00e2ng r\u01a1m \u0111\u00e3 nghi\u1ec1n l\u00ean b\u00e0n c\u1ea5p th\u1ef1c ph\u1ea9m.<\/li>    <li>C\u01a1 ch\u1ebf c\u1ea5p th\u1ee9c \u0103n: c\u1ea5p r\u01a1m v\u00e0o c\u01a1 ch\u1ebf \u0111\u00f3ng g\u00f3i.<\/li>    <li>C\u01a1 ch\u1ebf \u0111\u00f3ng g\u00f3i: piston v\u00e0 bu\u1ed3ng \u0111\u00f3ng g\u00f3i n\u00e9n v\u00e0 h\u00ecnh th\u00e0nh straw.<\/li> <\/ul>    <figure class=\"wp-block-image aligncenter size-large\"><img loading=\"lazy\" decoding=\"async\" width=\"524\" height=\"540\" src=\"https:\/\/www.agriculture-machine.com\/wp-content\/uploads\/2021\/11\/XQ_08-524x540.jpg?v=1637396324\" alt=\"\" class=\"wp-image-12178\" srcset=\"https:\/\/www.agriculture-machine.com\/wp-content\/uploads\/2021\/11\/XQ_08-524x540.jpg 524w, https:\/\/www.agriculture-machine.com\/wp-content\/uploads\/2021\/11\/XQ_08-262x270.jpg 262w, https:\/\/www.agriculture-machine.com\/wp-content\/uploads\/2021\/11\/XQ_08.jpg 750w\" sizes=\"auto, (max-width: 524px) 100vw, 524px\" \/><figcaption class=\"wp-element-caption\"> c\u1ea5u tr\u00fac c\u1ee7a m\u00e1y nghi\u1ec1n h\u00e1i v\u00e0 cu\u1ed9n forage <\/figcaption><\/figure>    <h2 class=\"wp-block-heading\">M\u00e1y ho\u1ea1t \u0111\u1ed9ng nh\u01b0 th\u1ebf n\u00e0o v\u1edbi vi\u1ec7c c\u1eaft, h\u00e1i v\u00e0 bu\u1ed9c tr\u00ean c\u1ecf \u1ee7?<\/h2>    <p>\u0110\u1ea7u ti\u00ean m\u00e1y g\u1eb7t g straw v\u00f2ng v\u00e0 cu\u1ed9n tr\u00f2n nh\u00e0o n\u1eb7n v\u00e0 nghi\u1ec1n r\u01a1m tr\u01b0\u1edbc. Sau \u0111\u00f3, v\u1eadt li\u1ec7u \u0111\u01b0\u1ee3c n\u00e9m v\u00e0o  auger d\u01b0\u1edbi l\u1ef1c qu\u00e1n t\u00ednh c\u1ee7a m\u00e1y. Auger \u0111\u1ea9y v\u1eadt li\u1ec7u v\u00e0o c\u1ed5ng c\u1ea5p.<\/p>    <p>Sau \u0111\u00f3 c\u1ea7n quay b\u00e0n c\u1ea5p th\u1ee9c \u0103n \u0111\u01b0a v\u1eadt li\u1ec7u v\u00e0o bu\u1ed3ng n\u00e9n c\u1ee7a m\u00e1y g\u1eb7t g straw v\u00f2ng v\u00e0 cu\u1ed9n. <\/p>    <p>Cu\u1ed1i c\u00f9ng, kho ch\u1ee9a \u0111\u01b0\u1ee3c m\u1edf th\u1ee7y l\u1ef1c v\u00e0 \u0111\u00f3ng g\u00f3i. Ph\u00f4ng forage \u0111\u00f3ng g\u00f3i thu\u1eadn ti\u1ec7n cho v\u1eadn chuy\u1ec3n, l\u01b0u tr\u1eef v\u00e0 x\u1eed l\u00fd ti\u1ebfp theo. <\/p>    <figure class=\"wp-block-embed is-type-video is-provider-youtube wp-block-embed-youtube wp-embed-aspect-16-9 wp-has-aspect-ratio\"><div class=\"wp-block-embed__wrapper\"> <iframe loading=\"lazy\" title=\"Cu\u1ed9n r\u01a1m hi\u1ec7u qu\u1ea3: M\u00e1y h\u00e1i v\u00f2ng v\u00e0 cu\u1ed9n \u1edf Zimbabwe ph\u1ea3n h\u1ed3i!\" width=\"500\" height=\"281\" src=\"https:\/\/www.youtube.com\/embed\/fIpf3MBS6U4?feature=oembed\" frameborder=\"0\" allow=\"accelerometer; autoplay; clipboard-write; encrypted-media; gyroscope; picture-in-picture; web-share\" referrerpolicy=\"strict-origin-when-cross-origin\" allowfullscreen><\/iframe> <\/div><figcaption class=\"wp-element-caption\">video l\u00e0m vi\u1ec7c c\u1ee7a m\u00e1y g\u1eb7t g straw v\u00f2ng v\u00e0 cu\u1ed9n tr\u00f2n<\/figcaption><\/figure>    <p>Tr\u1ee5c t\u1ea3i c\u00f4ng su\u1ea5t c\u1ee7a tractor \u0111\u01b0a c\u00f4ng su\u1ea5t v\u00e0o tr\u1ee5c v\u00e0o c\u1ee7a m\u00e1y g\u1eb7t g straw v\u00f2ng v\u00e0 cu\u1ed9n th\u00f4ng qua tr\u1ee5c Cardan. <\/p>    <p>Ti\u1ebfp theo, b\u00e1nh r\u0103ng v\u00e0 x\u00edch d\u1eabn \u0111\u1ed9ng c\u01a1 ch\u1ebf l\u0103n v\u00e0 n\u00e9n v\u00e0 c\u01a1 ch\u1ebf h\u00e1i r\u01a1m t\u01b0\u01a1ng \u1ee9ng. <\/p>    <p>Sau \u0111\u00f3 ch\u00fang t\u00f4i s\u1eed d\u1ee5ng giao di\u1ec7n \u0111\u1ea7u ra th\u1ee7y l\u1ef1c c\u1ee7a tractor \u0111\u1ec3 \u0111i\u1ec1u khi\u1ec3n s\u1ef1 m\u1edf r\u1ed9ng v\u00e0 co l\u1ea1i c\u1ee7a piston xi-lanh nh\u1eb1m th\u1ef1c hi\u1ec7n thao t\u00e1c th\u00e1o cu\u1ed9n.<\/p>    <figure class=\"wp-block-image aligncenter size-full\"><img loading=\"lazy\" decoding=\"async\" width=\"720\" height=\"540\" src=\"https:\/\/www.agriculture-machine.com\/wp-content\/uploads\/2021\/11\/straw-picking-and-crushing-baler.webp\" alt=\"m\u00e1y h\u00e1i v\u00e0 nghi\u1ec1n r\u01a1m cu\u1ed9n\" class=\"wp-image-16319\" srcset=\"https:\/\/www.agriculture-machine.com\/wp-content\/uploads\/2021\/11\/straw-picking-and-crushing-baler.webp 720w, https:\/\/www.agriculture-machine.com\/wp-content\/uploads\/2021\/11\/straw-picking-and-crushing-baler-360x270.webp 360w, https:\/\/www.agriculture-machine.com\/wp-content\/uploads\/2021\/11\/straw-picking-and-crushing-baler-240x180.webp 240w, https:\/\/www.agriculture-machine.com\/wp-content\/uploads\/2021\/11\/straw-picking-and-crushing-baler-16x12.webp 16w\" sizes=\"auto, (max-width: 720px) 100vw, 720px\" \/><figcaption class=\"wp-element-caption\">m\u00e1y h\u00e1i v\u00e0 nghi\u1ec1n r\u01a1m cu\u1ed9n<\/figcaption><\/figure>    <h2 class=\"wp-block-heading\">Th\u00f4ng s\u1ed1 c\u1ee7a m\u00e1y g\u1eb7t g straw v\u00f2ng v\u00e0 cu\u1ed9n t\u1ef1 \u0111\u1ed9ng<\/h2>    <figure class=\"wp-block-table is-style-stripes\"><table><tbody><tr><td>M\u1eabu<\/td><td>Chi\u1ec1u r\u1ed9ng ph\u1ee5c h\u1ed3i (mm)<\/td><td>Hi\u1ec7u qu\u1ea3 l\u00e0m vi\u1ec7c (acre\/ng\u00e0y)<\/td><td>C\u00f4ng su\u1ea5t (kw\/ml)<\/td><\/tr><tr><td>9YY-0.5<\/td><td>1650<\/td><td>30-50<\/td><td>&gt;50<\/td><\/tr><tr><td>9YY-0.7<\/td><td>1800<\/td><td>50-90<\/td><td>&gt;50<\/td><\/tr><\/tbody><\/table><figcaption class=\"wp-element-caption\">Th\u00f4ng s\u1ed1 c\u1ee7a m\u00e1y g\u1eb7t v\u00e0 cu\u1ed9n c\u1ecf t\u1ef1 \u0111\u1ed9ng <\/figcaption><\/figure>    <figure class=\"wp-block-image aligncenter size-full is-resized\"><img loading=\"lazy\" decoding=\"async\" width=\"720\" height=\"540\" src=\"https:\/\/www.agriculture-machine.com\/wp-content\/uploads\/2021\/11\/straw-harvester-machine-with-tractor.webp\" alt=\"m\u00e1y g\u1eb7t g straw v\u00e0 m\u00e1y cu\u1ed9n b\u00f4ng v\u1edbi tractor\" class=\"wp-image-16317\" style=\"width:720px;height:auto\" srcset=\"https:\/\/www.agriculture-machine.com\/wp-content\/uploads\/2021\/11\/straw-harvester-machine-with-tractor.webp 720w, https:\/\/www.agriculture-machine.com\/wp-content\/uploads\/2021\/11\/straw-harvester-machine-with-tractor-360x270.webp 360w, https:\/\/www.agriculture-machine.com\/wp-content\/uploads\/2021\/11\/straw-harvester-machine-with-tractor-240x180.webp 240w, https:\/\/www.agriculture-machine.com\/wp-content\/uploads\/2021\/11\/straw-harvester-machine-with-tractor-16x12.webp 16w\" sizes=\"auto, (max-width: 720px) 100vw, 720px\" \/><figcaption class=\"wp-element-caption\">m\u00e1y g\u1eb7t g straw v\u00f2ng v\u1edbi tractor<\/figcaption><\/figure>    <h2 class=\"wp-block-heading\">\u0110\u1eb7c \u0111i\u1ec3m c\u1ee7a m\u00e1y nghi\u1ec1n th\u00e2n r\u01a1m v\u00f2ng, h\u00e1i v\u00e0 bu\u1ed9c<\/h2>    <ul class=\"wp-block-list\"> <li>To\u00e0n di\u1ec7n t\u1ea5t c\u1ea3 trong m\u1ed9t: \u0111\u1ed3ng th\u1eddi x\u00e9n, thu th\u1eadp v\u00e0 bu\u1ed9c r\u01a1m, ti\u1ebft ki\u1ec7m lao \u0111\u1ed9ng v\u00e0 h\u1ee3p l\u00fd h\u00f3a quy tr\u00ecnh.<\/li>    <li>Ho\u1ea1t \u0111\u1ed9ng hi\u1ec7u qu\u1ea3 cao: x\u1eed l\u00fd 0,82\u20131,3 m\u1eabu \u0111\u1ea5t d\u01b0 l\u01b0\u1ee3ng c\u00e2y tr\u1ed3ng m\u1ed7i l\u01b0\u1ee3t, t\u0103ng n\u0103ng su\u1ea5t \u0111\u00e1ng k\u1ec3.<\/li>    <li>Cu\u1ed9n c\u00f3 th\u1ec3 \u0111i\u1ec1u ch\u1ec9nh: t\u00f9y ch\u1ec9nh linh ho\u1ea1t chi\u1ec1u d\u00e0i v\u00e0 k\u00edch th\u01b0\u1edbc cu\u1ed9n \u0111\u1ec3 \u0111\u00e1p \u1ee9ng y\u00eau c\u1ea7u v\u1eadn chuy\u1ec3n v\u00e0 l\u01b0u tr\u1eef.<\/li>    <li>T\u00ednh linh ho\u1ea1t v\u1eadn h\u00e0nh: thi\u1ebft k\u1ebf nh\u1ecf g\u1ecdn ph\u00f9 h\u1ee3p cho c\u00e1c m\u1ea3nh \u0111\u1ea5t nh\u1ecf, v\u1eadn h\u00e0nh b\u1edfi m\u1ed9t ng\u01b0\u1eddi.<\/li>    <li>Kh\u1ea3 n\u0103ng th\u00edch \u1ee9ng cao: t\u01b0\u01a1ng th\u00edch v\u1edbi c\u00e1c tractor b\u1ed1n b\u00e1nh c\u1ee1 nh\u1ecf \u0111\u1ebfn trung b\u00ecnh, cung c\u1ea5p c\u00f4ng su\u1ea5t \u1ed5n \u0111\u1ecbnh v\u00e0 ph\u1ea1m vi \u00e1p d\u1ee5ng r\u1ed9ng.<\/li>    <li>An to\u00e0n v\u00e0 \u0111\u00e1ng tin c\u1eady: \u0111\u01b0\u1ee3c trang b\u1ecb ly h\u1ee3p an to\u00e0n v\u00e0 c\u01a1 ch\u1ebf bu\u1ed3ng \u0111\u1ec3 t\u1ef1 \u0111\u1ed9ng ng\u1eaft \u0111i\u1ec7n khi qu\u00e1 t\u1ea3i \u0111\u1ec3 ng\u0103n ng\u1eeba h\u1ecfng h\u00f3c.<\/li>    <li>Ch\u1ea5t l\u01b0\u1ee3ng cu\u1ed9n t\u1ed1t: T\u1ea1o cu\u1ed9n \u0111\u1eb7c, v\u1eabn tho\u00e1ng kh\u00ed, l\u00fd t\u01b0\u1edfng cho l\u01b0u tr\u1eef, v\u1eadn chuy\u1ec3n v\u00e0 s\u1eed d\u1ee5ng sau.<\/li>    <li>B\u1ea3o tr\u00ec d\u1ec5 d\u00e0ng: c\u1ea5u tr\u00fac \u0111\u01a1n gi\u1ea3n v\u1edbi t\u1ec9 l\u1ec7 h\u1ecfng th\u1ea5p, gi\u1ea3m chi ph\u00ed b\u1ea3o tr\u00ec v\u00e0 s\u1eeda ch\u1eefa th\u00f4ng th\u01b0\u1eddng.<\/li> <\/ul>    <figure class=\"wp-block-image aligncenter size-large is-resized\"><img loading=\"lazy\" decoding=\"async\" width=\"720\" height=\"512\" src=\"https:\/\/www.agriculture-machine.com\/wp-content\/uploads\/2021\/11\/SL_04-720x512.jpg?v=1637396482\" alt=\"\" class=\"wp-image-12180\" style=\"width:536px;height:381px\" srcset=\"https:\/\/www.agriculture-machine.com\/wp-content\/uploads\/2021\/11\/SL_04-720x512.jpg 720w, https:\/\/www.agriculture-machine.com\/wp-content\/uploads\/2021\/11\/SL_04-360x256.jpg 360w, https:\/\/www.agriculture-machine.com\/wp-content\/uploads\/2021\/11\/SL_04.jpg 750w\" sizes=\"auto, (max-width: 720px) 100vw, 720px\" \/><\/figure>    <h2 class=\"wp-block-heading\">T\u1ea1i sao ch\u1ecdn m\u00e1y c\u1eaft r\u01a1m, h\u00e1i v\u00e0 bu\u1ed9c c\u1ee7a ch\u00fang t\u00f4i?<\/h2>    <p class=\"translation-block\">Cho d\u00f9 l\u00e0 \u0111\u1ec3 <a href=\"https:\/\/en.wikipedia.org\/wiki\/Straw\" target=\"_blank\" rel=\"noopener\">r\u01a1m<\/a> l\u00e0m th\u1ee9c \u0103n xanh, d\u1ef1 tr\u1eef forage cho \u0111\u1ed9ng v\u1eadt, hay ngu\u1ed3n nhi\u00ean li\u1ec7u t\u1eeb r\u01a1m, thi\u1ebft b\u1ecb c\u1ee7a ch\u00fang t\u00f4i gi\u00fap b\u1ea1n ti\u1ebft ki\u1ec7m th\u1eddi gian v\u00e0 lao \u0111\u1ed9ng \u0111\u1ed3ng th\u1eddi gi\u1ea3i quy\u1ebft c\u00e1c th\u00e1ch th\u1ee9c li\u00ean quan \u0111\u1ebfn v\u1eadn chuy\u1ec3n v\u00e0 l\u01b0u tr\u1eef r\u01a1m. <\/p>    <p class=\"translation-block\">V\u1edbi hi\u1ec7u su\u1ea5t \u1ed5n \u0111\u1ecbnh v\u00e0 ph\u1ea1m vi \u00e1p d\u1ee5ng r\u1ed9ng, n\u00f3 \u0111\u00e3 tr\u1edf th\u00e0nh l\u1ef1a ch\u1ecdn l\u00fd t\u01b0\u1edfng cho n\u00f4ng d\u00e2n v\u00e0 c\u00e1c doanh nghi\u1ec7p ch\u0103n nu\u00f4i quy m\u00f4 l\u1edbn. Ch\u00fang t\u00f4i c\u0169ng c\u00f3 <strong><em><a href=\"https:\/\/www.agriculture-machine.com\/vi\/automatic-square-straw-picking-and-strapping-machine\/\">square bale straw pickup balers<\/a><\/em><\/strong> c\u00f3 s\u1eb5n. Li\u00ean h\u1ec7 v\u1edbi ch\u00fang t\u00f4i ngay h\u00f4m nay \u0111\u1ec3 bi\u1ebft th\u00eam chi ti\u1ebft m\u00e1y v\u00e0 b\u00e1o gi\u00e1 gi\u1ea3i ph\u00e1p t\u00f9y ch\u1ec9nh!<\/p>","protected":false},"excerpt":{"rendered":"<p>M\u00e1y g\u1eb7t g straw v\u00f2ng v\u00e0 cu\u1ed9n n\u00e0y t\u00edch h\u1ee3p nghi\u1ec1n, h\u00e1i v\u00e0 \u0111\u00f3ng g\u00f3i. N\u00f3 x\u1eed l\u00fd hi\u1ec7u qu\u1ea3 ng\u00f4, l\u00faa m\u00ec, c\u1ecf kh\u00f4 v\u00e0 c\u00e1c lo\u1ea1i c\u00e2y tr\u1ed3ng kh\u00e1c, \u0111\u01b0\u1ee3c s\u1eed d\u1ee5ng r\u1ed9ng r\u00e3i tr\u00ean n\u00f4ng tr\u1ea1i, c\u00e1c trang tr\u1ea1i ch\u0103n nu\u00f4i v\u00e0 c\u01a1 s\u1edf t\u00e1i ch\u1ebf r\u01a1m.<\/p>","protected":false},"author":1,"featured_media":17579,"parent":0,"comment_status":"closed","ping_status":"closed","template":"","tags":[591,761],"product-type":[876,908],"class_list":["post-12170","product","type-product","status-publish","has-post-thumbnail","hentry","tag-silage","tag-straw","product-type-silage-machine","product-type-sliage-baler"],"_links":{"self":[{"href":"https:\/\/www.agriculture-machine.com\/vi\/wp-json\/wp\/v2\/product\/12170","targetHints":{"allow":["GET"]}}],"collection":[{"href":"https:\/\/www.agriculture-machine.com\/vi\/wp-json\/wp\/v2\/product"}],"about":[{"href":"https:\/\/www.agriculture-machine.com\/vi\/wp-json\/wp\/v2\/types\/product"}],"author":[{"embeddable":true,"href":"https:\/\/www.agriculture-machine.com\/vi\/wp-json\/wp\/v2\/users\/1"}],"replies":[{"embeddable":true,"href":"https:\/\/www.agriculture-machine.com\/vi\/wp-json\/wp\/v2\/comments?post=12170"}],"wp:featuredmedia":[{"embeddable":true,"href":"https:\/\/www.agriculture-machine.com\/vi\/wp-json\/wp\/v2\/media\/17579"}],"wp:attachment":[{"href":"https:\/\/www.agriculture-machine.com\/vi\/wp-json\/wp\/v2\/media?parent=12170"}],"wp:term":[{"taxonomy":"post_tag","embeddable":true,"href":"https:\/\/www.agriculture-machine.com\/vi\/wp-json\/wp\/v2\/tags?post=12170"},{"taxonomy":"product-type","embeddable":true,"href":"https:\/\/www.agriculture-machine.com\/vi\/wp-json\/wp\/v2\/product-type?post=12170"}],"curies":[{"name":"wp","href":"https:\/\/api.w.org\/{rel}","templated":true}]}}