{"id":1235,"date":"2018-10-22T06:37:03","date_gmt":"2018-10-21T22:37:03","guid":{"rendered":"https:\/\/www.agriculture-machine.com\/?p=1235"},"modified":"2026-02-25T16:55:39","modified_gmt":"2026-02-25T08:55:39","slug":"8-rows-rice-transplanter","status":"publish","type":"product","link":"https:\/\/www.agriculture-machine.com\/vi\/8-rows-rice-transplanter\/","title":{"rendered":"M\u00e1y c\u1ea5y l\u00faa | M\u00e1y c\u1ea5y l\u00faa"},"content":{"rendered":"<h2 class=\"wp-block-heading\">Nh\u1eadp m\u1ed9t: M\u00e1y c\u1ea5y l\u00faa 8 h\u00e0ng<\/h2>    <p>M\u00e1y c\u1ea5y l\u00faa 8 h\u00e0ng c\u00f3 \u01b0u th\u1ebf\u5bb9\u91cf l\u1edbn. Nh\u1eefng kh\u00e1ch h\u00e0ng c\u00f3 n\u00f4ng tr\u1ea1i l\u1edbn ho\u1eb7c mu\u1ed1n kinh doanh m\u00e1y c\u1ea5y c\u00f3 th\u1ec3 ch\u1ecdn m\u1eabu n\u00e0y. M\u00e1y c\u1ea5y l\u00faa ph\u00f9 h\u1ee3p v\u1edbi m\u1ecdi lo\u1ea1i \u0111\u1ea5t. Phu\u1ed9c treo c\u00f3 th\u1ec3 \u0111i\u1ec1u ch\u1ec9nh chi\u1ec1u cao c\u00e2y l\u00faa theo t\u1eebng tr\u01b0\u1eddng h\u1ee3p. <\/p>    <p>Kho\u1ea3ng c\u00e1ch gieo tr\u1ed3ng c\u00f3 th\u1ec3 \u0111i\u1ec1u ch\u1ec9nh theo y\u00eau c\u1ea7u c\u1ee7a kh\u00e1ch h\u00e0ng. Kho\u1ea3ng c\u00e1ch h\u00e0ng v\u1edbi h\u00e0ng kho\u1ea3ng 300mm v\u00e0 kho\u1ea3ng c\u00e1ch \u0111\u1ed3i \u0111\u1ebfn \u0111\u1ed3i 120-140mm. N\u00f3 \u0111\u01b0\u1ee3c d\u1eabn \u0111\u1ed9ng b\u1edfi \u0111\u1ed9ng c\u01a1 diesel 178F \u0111\u1ec3 cung c\u1ea5p nhi\u1ec1u l\u1ef1c cho m\u00e1y.<\/p>    <h2 class=\"wp-block-heading\">C\u1ea5u tr\u00fac c\u1ee7a m\u00e1y c\u1ea5y l\u00faa 8 h\u00e0ng<\/h2>    <p>M\u00e1y c\u1ea5y l\u00faa 8 c\u00f3 c\u1ea5u t\u1ea1o ch\u1ee7 y\u1ebfu g\u1ed3m kh\u1edbp \u0111a d\u1ee5ng, kh\u1edbp vu\u00f4ng, c\u00e1nh tay c\u1ea5y, kim gieo, n\u1eafp sau cho h\u1ed9p x\u00edch, \u0111ai da d\u1eabn, V-r\u00f2ng, pin c\u00f4ng c\u1ee5, b\u1ea3ng sau gieo h\u1ea1t, v\u00e0 tr\u1ee5c v\u00edt.<\/p>    <figure class=\"wp-block-gallery has-nested-images columns-1 is-cropped wp-block-gallery-2 is-layout-flex wp-block-gallery-is-layout-flex\"> <figure class=\"wp-block-image aligncenter size-large\"><img loading=\"lazy\" decoding=\"async\" width=\"523\" height=\"540\" data-id=\"2112\" src=\"https:\/\/www.agriculture-machine.com\/wp-content\/uploads\/2018\/10\/8-row-rice-transplanter2-1-523x540.jpg\" alt=\"M\u00e1y tr\u1ed3ng l\u00faa 8 h\u00e0ng2\" class=\"wp-image-2112\" srcset=\"https:\/\/www.agriculture-machine.com\/wp-content\/uploads\/2018\/10\/8-row-rice-transplanter2-1-523x540.jpg 523w, https:\/\/www.agriculture-machine.com\/wp-content\/uploads\/2018\/10\/8-row-rice-transplanter2-1-262x270.jpg 262w, https:\/\/www.agriculture-machine.com\/wp-content\/uploads\/2018\/10\/8-row-rice-transplanter2-1.jpg 750w\" sizes=\"auto, (max-width: 523px) 100vw, 523px\" \/><figcaption class=\"wp-element-caption\">M\u00e1y tr\u1ed3ng l\u00faa 8 h\u00e0ng2<\/figcaption><\/figure> <\/figure>    <h2 class=\"wp-block-heading\">\u01afu \u0111i\u1ec3m c\u1ee7a m\u00e1y c\u1ea5y c\u1ee7a ch\u00fang t\u00f4i<\/h2>    <ol class=\"wp-block-list\"> <li>8 h\u00e0ng m\u00e1y gieo l\u00faa ti\u1ebft ki\u1ec7m th\u1eddi gian lao \u0111\u1ed9ng, hai ng\u01b0\u1eddi c\u00f3 th\u1ec3 ho\u00e0n th\u00e0nh t\u1ea5t c\u1ea3 c\u00f4ng vi\u1ec7c. M\u1ed9t ng\u01b0\u1eddi l\u00e1i m\u00e1y, ng\u01b0\u1eddi kia \u0111\u1eb7t c\u00e2y l\u00faa.<\/li>    <li>M\u00e1y c\u1ea5y c\u00e2y con r\u1ea5t d\u1ec5 v\u1eadn h\u00e0nh v\u00e0 c\u00f3 tu\u1ed5i th\u1ecd d\u00e0i.<\/li>    <li>Kh\u1ea3 d\u1ee5ng cao c\u00f3 th\u1ec3 \u0111\u1ea3m b\u1ea3o \u0111\u1ea5t \u0111\u1ea7m l\u00e0m vi\u1ec7c trong ph\u1ea1m vi 15-35cm.<\/li>    <li>M\u00e1y d\u1ec5 di chuy\u1ec3n ngay c\u1ea3 khi tr\u00ean ru\u1ed9ng c\u00f3 n\u01b0\u1edbc<\/li>    <li>C\u00e1c c\u00e2y con c\u00f3 th\u1ec3 \u0111\u01b0\u1ee3c \u0111\u1eb7t th\u1eb3ng \u0111\u1ee9ng v\u00e0 c\u00f3 tr\u1eadt t\u1ef1 trong \u0111\u1ea5t.<\/li>    <li>H\u1ed9p c\u00e2y con b\u1eb1ng th\u00e9p kh\u00f4ng g\u1ec9 c\u00f3 th\u1ec3 ch\u1ecbu m\u00e0i m\u00f2n.<\/li> <\/ol>    <figure class=\"wp-block-gallery has-nested-images columns-1 is-cropped wp-block-gallery-3 is-layout-flex wp-block-gallery-is-layout-flex\"> <figure class=\"wp-block-image aligncenter size-large\"><img loading=\"lazy\" decoding=\"async\" width=\"379\" height=\"540\" data-id=\"2113\" src=\"https:\/\/www.agriculture-machine.com\/wp-content\/uploads\/2018\/10\/8-row-rice-transplanter3-1-379x540.jpg\" alt=\"8 h\u00e0ng m\u00e1y c\u1ea5y l\u00faa3\" class=\"wp-image-2113\" srcset=\"https:\/\/www.agriculture-machine.com\/wp-content\/uploads\/2018\/10\/8-row-rice-transplanter3-1-379x540.jpg 379w, https:\/\/www.agriculture-machine.com\/wp-content\/uploads\/2018\/10\/8-row-rice-transplanter3-1-190x270.jpg 190w, https:\/\/www.agriculture-machine.com\/wp-content\/uploads\/2018\/10\/8-row-rice-transplanter3-1.jpg 750w\" sizes=\"auto, (max-width: 379px) 100vw, 379px\" \/><figcaption class=\"wp-element-caption\">8 h\u00e0ng m\u00e1y c\u1ea5y l\u00faa3<\/figcaption><\/figure> <\/figure>    <h2 class=\"wp-block-heading\">Th\u00f4ng s\u1ed1 k\u1ef9 thu\u1eadt c\u1ee7a thi\u1ebft b\u1ecb n\u00e0y<\/h2>    <figure class=\"wp-block-table is-style-stripes\"><table><tbody><tr><td>M\u1eabu<\/td><td>CY-8<\/td><\/tr><tr><td>M\u00f4 h\u00ecnh \u0111\u1ed9ng c\u01a1 Diesel<\/td><td>Kh\u1edfi \u0111\u1ed9ng b\u1eb1ng tay 178F<\/td><\/tr><tr><td>C\u00f4ng su\u1ea5t \u0111\u1ed9ng c\u01a1 Diesel(KW\/HP)<\/td><td>4.05\/5.5<\/td><\/tr><tr><td>V\u00f2ng quay c\u1ee7a \u0111\u1ed9ng c\u01a1 diesel (v\u00f2ng\/ph\u00fat)<\/td><td>1800<\/td><\/tr><tr><td>S\u1ed1 h\u00e0ng c\u1ea5y<\/td><td>8<\/td><\/tr><tr><td>Kho\u1ea3ng c\u00e1ch h\u00e0ng v\u1edbi h\u00e0ng(mm)<\/td><td>238mm<\/td><\/tr><tr><td>Kho\u1ea3ng c\u00e1ch \u0111\u1ed3i \u0111\u1ed3i (mm)<\/td><td>120\/140\/160\/190mm<\/td><\/tr><tr><td>Hi\u1ec7u qu\u1ea3 c\u1ea5y<\/td><td>0.5-0.75 m\u1eabu\/ha<\/td><\/tr><tr><td>Tr\u1ecdng l\u01b0\u1ee3ng t\u1ecbnh<\/td><td>410kg<\/td><\/tr><tr><td>K\u00edch th\u01b0\u1edbc<\/td><td>2410*2165*1300mm<\/td><\/tr><tr><td>Tr\u1ecdng l\u01b0\u1ee3ng t\u1ed5ng c\u1ed9ng<\/td><td>460kg<\/td><\/tr><tr><td>K\u00edch th\u01b0\u1edbc \u0111\u00f3ng g\u00f3i<\/td><td>2810*1760*600mm<\/td><\/tr><\/tbody><\/table><figcaption class=\"wp-element-caption\">Th\u00f4ng s\u1ed1 k\u1ef9 thu\u1eadt m\u00e1y c\u1ea5y l\u00faa 8 h\u00e0ng<\/figcaption><\/figure>    <h2 class=\"wp-block-heading\">\u0110\u1eb7c \u0111i\u1ec3m c\u1ee7a m\u00e1y c\u1ea5y l\u00faa 8 h\u00e0ng<\/h2>    <ol class=\"wp-block-list\"> <li>Kh\u1ea3 n\u0103ng \u0111i\u1ec1u ch\u1ec9nh<br>Thi\u1ebft b\u1ecb th\u1ee7y l\u1ef1c c\u1ee7a m\u00e1y c\u1ea5y l\u00faa r\u1ea5t quan tr\u1ecdng v\u00e0 b\u1ecb chi ph\u1ed1i b\u1edfi \u0111i\u1ec1u ki\u1ec7n \u0111\u1ea5t. Ng\u01b0\u1eddi v\u1eadn h\u00e0nh c\u00f3 th\u1ec3 \u0111i\u1ec1u ch\u1ec9nh m\u00e1y c\u1ea5y \u0111\u1ec3 sao cho m\u00e1y \u1ed5n \u0111\u1ecbnh v\u1edbi t\u1ea7n su\u1ea5t c\u1ea5y.<\/li>    <li>\u0110\u1ed9 s\u00e2u ch\u00e8n c\u00e2y con c\u00f3 th\u1ec3 \u0111i\u1ec1u ch\u1ec9nh<br>N\u00f3i chung, kho\u1ea3ng c\u00e1ch gi\u1eefa c\u00e2y tr\u1ed3ng c\u1ea7n \u0111\u01b0\u1ee3c \u0111i\u1ec1u ch\u1ec9nh theo nhu c\u1ea7u c\u1ee7a \u0111\u1ed3ng ru\u1ed9ng. Tr\u01b0\u1edbc khi l\u00e0m vi\u1ec7c, c\u1ea7n x\u00e1c \u0111\u1ecbnh m\u1eadt \u0111\u1ed9 c\u1ea5y l\u00faa d\u1ef1a tr\u00ean m\u00f4i tr\u01b0\u1eddng tr\u1ed3ng v\u00e0 \u0111\u1eb7c t\u00ednh c\u1ee7a l\u00faa. Nh\u01b0 v\u1eady n\u0103ng su\u1ea5t l\u00faa s\u1ebd t\u1ed1t.<\/li>    <li>Hi\u1ec7u su\u1ea5t v\u01b0\u1ee3t tr\u1ed9i<br>M\u00e1y c\u1ea5y l\u00faa c\u1ee7a ch\u00fang t\u00f4i kh\u00f4ng ch\u1ec9 c\u1ea3i thi\u1ec7n n\u0103ng su\u1ea5t l\u00e0m vi\u1ec7c m\u00e0 c\u00f2n gi\u1ea3i ph\u00f3ng m\u1ed9t s\u1ed1 l\u01b0\u1ee3ng l\u1edbn lao \u0111\u1ed9ng v\u00e0 t\u1ed1i \u01b0u h\u00f3a c\u01a1 c\u1ea5u c\u00f4ng nghi\u1ec7p n\u00f4ng th\u00f4n.<\/li> <\/ol>    <figure class=\"wp-block-image alignnone size-full wp-image-2114\"><img loading=\"lazy\" decoding=\"async\" width=\"750\" height=\"853\" src=\"https:\/\/www.agriculture-machine.com\/wp-content\/uploads\/2018\/10\/8-row-rice-transplanter4-1.jpg\" alt=\"8 h\u00e0ng m\u00e1y c\u1ea5y l\u00faa4\" class=\"wp-image-2114\" srcset=\"https:\/\/www.agriculture-machine.com\/wp-content\/uploads\/2018\/10\/8-row-rice-transplanter4-1.jpg 750w, https:\/\/www.agriculture-machine.com\/wp-content\/uploads\/2018\/10\/8-row-rice-transplanter4-1-237x270.jpg 237w, https:\/\/www.agriculture-machine.com\/wp-content\/uploads\/2018\/10\/8-row-rice-transplanter4-1-475x540.jpg 475w\" sizes=\"auto, (max-width: 750px) 100vw, 750px\" \/><figcaption class=\"wp-element-caption\">M\u00e1y c\u1ea5y l\u00faa 8 h\u00e0ng <\/figcaption><\/figure>    <h2 class=\"wp-block-heading\">Nguy\u00ean l\u00fd l\u00e0m vi\u1ec7c c\u1ee7a m\u00e1y c\u1ea5y l\u00faa 8 h\u00e0ng<\/h2>    <ol class=\"wp-block-list\"> <li>Nh\u1eefng c\u00e2y con \u1edf tr\u1ea1ng th\u00e1i b\u00ecnh th\u01b0\u1eddng \u0111\u01b0\u1ee3c \u0111\u1eb7t g\u1ecdn g\u00e0ng trong h\u1ed9p v\u00e0 di chuy\u1ec3n sang hai b\u00ean.<\/li>    <li>Khi m\u00e1y c\u1ea5y ho\u1ea1t \u0111\u1ed9ng, kim c\u1ea5y xu\u1ed1ng v\u00e0 khi \u0111\u1ea1t depth, chi\u1ebfc th\u00eca tr\u1ed3ng s\u1ebd \u0111\u1ea9y c\u00e2y con ra kh\u1ecfi kim v\u00e0 \u0111\u01b0a m\u1ed9t s\u1ed1 c\u00e2y con v\u00e0o \u0111\u1ea5t.<\/li>    <li>\u0110\u1ed3ng th\u1eddi h\u1ec7 th\u1ed1ng th\u1ee7y l\u1ef1c c\u00f3 th\u1ec3 ki\u1ec3m so\u00e1t v\u1ecb tr\u00ed t\u01b0\u01a1ng \u0111\u1ed1i c\u1ee7a t\u1ea5m n\u1ed5i v\u00e0 kim c\u1ea5y \u0111\u1ec3 gi\u1eef \u0111\u1ed9 s\u00e2u ch\u00e8n nh\u1ea5t qu\u00e1n.<\/li>    <li>M\u00e1y c\u1ea5y l\u00faa l\u00e0m c\u00f9ng m\u1ed9t \u0111\u1ed9ng t\u00e1c \u0111\u1ec3 nh\u1eb7t l\u1ea1i c\u00e2y con.<\/li> <\/ol>    <h2 class=\"wp-block-heading\">Lo\u1ea1i hai: m\u00e1y c\u1ea5y 6 h\u00e0ng<\/h2>    <p>M\u00e1y gieo 6 h\u00e0ng n\u00e0y t\u01b0\u01a1ng t\u1ef1 m\u00e1y c\u1ea5y 8 h\u00e0ng, \u0111\u01b0\u1ee3c trang b\u1ecb hi\u1ec7u qu\u1ea3 cao v\u00e0 kh\u1edbp v\u1edbi \u0111\u1ed9ng c\u01a1 diesel 178F. \u0110\u1ed9 s\u00e2u c\u1ee7a m\u00e1y gieo c\u00f3 th\u1ec3 thay \u0111\u1ed5i, t\u1eeb 15cm \u0111\u1ebfn 35cm. <\/p>    <p>C\u00f3 gh\u1ebf \u0111i\u1ec1u ch\u1ec9nh tr\u00ean m\u00e1y c\u1ea5y l\u00faa, gi\u00fap ng\u01b0\u1eddi d\u00f9ng c\u1ea3m th\u1ea5y tho\u1ea3i m\u00e1i. V\u1ecf c\u00e2y c\u00f3 th\u1ec3 gi\u1eef cho c\u00e2y m\u1ecdc th\u1eb3ng v\u00e0 g\u1ecdn g\u00e0ng.<\/p>    <h2 class=\"wp-block-heading\"><span style=\"color: #000000;\">Th\u00f4ng s\u1ed1 k\u1ef9 thu\u1eadt c\u1ee7a m\u00e1y gieo 6 h\u00e0ng<\/span><\/h2>    <figure class=\"wp-block-table is-style-stripes\"><table><tbody><tr><td>M\u1eabu<\/td><td>CY-6<\/td><\/tr><tr><td>M\u00f4 h\u00ecnh \u0111\u1ed9ng c\u01a1 Diesel<\/td><td>Kh\u1edfi \u0111\u1ed9ng b\u1eb1ng tay 175F<\/td><\/tr><tr><td>C\u00f4ng su\u1ea5t \u0111\u1ed9ng c\u01a1 diesel kw\/HP<\/td><td>3.72\/5.5<\/td><\/tr><tr><td>V\u00f2ng quay c\u1ee7a \u0111\u1ed9ng c\u01a1 diesel (v\u00f2ng\/ph\u00fat)<\/td><td>2600<\/td><\/tr><tr><td>S\u1ed1 h\u00e0ng c\u1ea5y<\/td><td>6<\/td><\/tr><tr><td>Kho\u1ea3ng c\u00e1ch h\u00e0ng v\u1edbi h\u00e0ng(mm)<\/td><td>300mm<\/td><\/tr><tr><td>Kho\u1ea3ng c\u00e1ch \u0111\u1ed3i \u0111\u1ed3i (mm)<\/td><td>120\/140mm<\/td><\/tr><tr><td>Hi\u1ec7u qu\u1ea3 c\u1ea5y<\/td><td>0.35-0.5 m\u1eabu \u0111\u1ea5t\/ha<\/td><\/tr><tr><td>Tr\u1ecdng l\u01b0\u1ee3ng t\u1ecbnh<\/td><td>300kg<\/td><\/tr><tr><td>K\u00edch th\u01b0\u1edbc<\/td><td>2410*2132*1300mm<\/td><\/tr><tr><td>Tr\u1ecdng l\u01b0\u1ee3ng t\u1ed5ng c\u1ed9ng<\/td><td>360kg<\/td><\/tr><tr><td>K\u00edch th\u01b0\u1edbc \u0111\u00f3ng g\u00f3i<\/td><td>2250*1760*600mm<\/td><\/tr><\/tbody><\/table><figcaption class=\"wp-element-caption\">D\u1eef li\u1ec7u chi ti\u1ebft c\u1ee7a 6 h\u00e0ng c\u1ea5y<\/figcaption><\/figure>    <figure class=\"wp-block-image aligncenter wp-image-3004 size-full\"><img loading=\"lazy\" decoding=\"async\" width=\"500\" height=\"500\" src=\"https:\/\/www.agriculture-machine.com\/wp-content\/uploads\/2018\/10\/22.jpg\" alt=\"Hi\u1ec3n th\u1ecb m\u00e1y\" class=\"wp-image-3004\" srcset=\"https:\/\/www.agriculture-machine.com\/wp-content\/uploads\/2018\/10\/22.jpg 500w, https:\/\/www.agriculture-machine.com\/wp-content\/uploads\/2018\/10\/22-270x270.jpg 270w\" sizes=\"auto, (max-width: 500px) 100vw, 500px\" \/><figcaption class=\"wp-element-caption\">Hi\u1ec3n th\u1ecb m\u00e1y<\/figcaption><\/figure>    <figure class=\"wp-block-image aligncenter wp-image-3006 size-full\"><img loading=\"lazy\" decoding=\"async\" width=\"500\" height=\"500\" src=\"https:\/\/www.agriculture-machine.com\/wp-content\/uploads\/2018\/10\/44.jpg\" alt=\"m\u00f4 t\u1ea3 s\u1ea3n ph\u1ea9m\" class=\"wp-image-3006\" srcset=\"https:\/\/www.agriculture-machine.com\/wp-content\/uploads\/2018\/10\/44.jpg 500w, https:\/\/www.agriculture-machine.com\/wp-content\/uploads\/2018\/10\/44-270x270.jpg 270w\" sizes=\"auto, (max-width: 500px) 100vw, 500px\" \/><figcaption class=\"wp-element-caption\">M\u00f4 t\u1ea3 s\u1ea3n ph\u1ea9m<\/figcaption><\/figure>    <figure class=\"wp-block-image aligncenter wp-image-3009 size-full\"><img loading=\"lazy\" decoding=\"async\" width=\"500\" height=\"500\" src=\"https:\/\/www.agriculture-machine.com\/wp-content\/uploads\/2018\/10\/77.jpg\" alt=\"m\u00f4 t\u1ea3 s\u1ea3n ph\u1ea9m c\u1ee7a m\u00e1y c\u1ea5y l\u00faa 2\" class=\"wp-image-3009\" srcset=\"https:\/\/www.agriculture-machine.com\/wp-content\/uploads\/2018\/10\/77.jpg 500w, https:\/\/www.agriculture-machine.com\/wp-content\/uploads\/2018\/10\/77-270x270.jpg 270w\" sizes=\"auto, (max-width: 500px) 100vw, 500px\" \/><figcaption class=\"wp-element-caption\">M\u00f4 t\u1ea3 s\u1ea3n ph\u1ea9m m\u00e1y c\u1ea5y l\u00faa<\/figcaption><\/figure>    <h2 class=\"wp-block-heading\">C\u00e2u h\u1ecfi th\u01b0\u1eddng g\u1eb7p<\/h2>   <div id=\"rank-math-faq\" class=\"rank-math-block\"> <div class=\"rank-math-list\"> <div id=\"faq-question-1706172907425\" class=\"rank-math-list-item\"> <h3 class=\"rank-math-question\">Li\u1ec7u kho\u1ea3ng c\u00e1ch gi\u1eefa c\u00e2y tr\u1ed3ng v\u00e0 h\u00e0ng c\u00f3 th\u1ec3 \u0111i\u1ec1u ch\u1ec9nh \u0111\u01b0\u1ee3c kh\u00f4ng?<\/h3> <div class=\"rank-math-answer\">  <p>Kho\u1ea3ng c\u00e1ch tr\u1ed3ng c\u00f3 th\u1ec3 l\u00e0 120\/140\/160\/190mm, v\u00e0 kho\u1ea3ng c\u00e1ch h\u00e0ng l\u00e0 238mm.<\/p>  <\/div> <\/div> <div id=\"faq-question-1706172915468\" class=\"rank-math-list-item\"> <h3 class=\"rank-math-question\">Hi\u1ec7u qu\u1ea3 l\u00e0m vi\u1ec7c c\u1ee7a m\u00e1y n\u00e0y nh\u01b0 th\u1ebf n\u00e0o?<\/h3> <div class=\"rank-math-answer\">  <p>0.5-0.75 m\u1eabu\/ha.<\/p>  <\/div> <\/div> <div id=\"faq-question-1706172926072\" class=\"rank-math-list-item\"> <h3 class=\"rank-math-question\">C\u00f3 bao nhi\u00eau ng\u01b0\u1eddi c\u1ea7n khi l\u00e0m vi\u1ec7c?<\/h3> <div class=\"rank-math-answer\">  <p>\u0110\u1ed9 s\u00e2u c\u1ea5y c\u1ee7a c\u00e2y con do n\u00f4ng d\u00e2n quy\u1ebft \u0111\u1ecbnh theo y\u00eau c\u1ea7u \u0111\u1ecba ph\u01b0\u01a1ng<br \/>Ph\u01b0\u01a1ng ph\u00e1p \u0111i\u1ec1u ch\u1ec9nh:<br \/>1. Tho\u00e1t ren kim lo\u1ea1i v\u00e0 nh\u1ea5c c\u1ea7n n\u00e2ng l\u00ean.<br \/>2. V\u1eb7n rod theo chi\u1ec1u kim \u0111\u1ed3ng h\u1ed3 s\u1ebd l\u00e0m s\u00e2u h\u01a1n; v\u1eb7n ng\u01b0\u1ee3c chi\u1ec1u kim \u0111\u1ed3ng h\u1ed3 s\u1ebd n\u00f4ng h\u01a1n.<br \/>3. Khi \u0111\u1ed9 s\u00e2u gieo y\u00eau c\u1ea7u \u0111\u1ea1t \u0111\u01b0\u1ee3c, kh\u00f3a thanh v\u00edt m\u1ed9t l\u1ea7n n\u1eefa b\u1eb1ng d\u00e2y bu\u1ed9c kim lo\u1ea1i.<\/p>  <\/div> <\/div> <\/div> <\/div>   <p class=\"translation-block\">B\u1ea1n c\u00f3 th\u1ec3 m\u1edf li\u00ean k\u1ebft sau \u0111\u1ec3 xem <em><strong><a href=\"https:\/\/www.agriculture-machine.com\/vi\/walk-behind-rice-transplanter-rice-planting-machine\/\">c\u00e1c lo\u1ea1i m\u00e1y c\u1ea5y l\u00faa kh\u00e1c<\/a><\/strong><\/em>.<\/p>    <p>N\u1ebfu b\u1ea1n c\u00f3 b\u1ea5t k\u1ef3 c\u00e2u h\u1ecfi n\u00e0o ho\u1eb7c mu\u1ed1n bi\u1ebft th\u00eam chi ti\u1ebft v\u1ec1 m\u00e1y, xin li\u00ean h\u1ec7 v\u1edbi ch\u00fang t\u00f4i. Ch\u00fang t\u00f4i s\u1ebd ki\u00ean nh\u1eabn tr\u1ea3 l\u1eddi d\u1ecbch v\u1ee5 v\u00e0 cung c\u1ea5p m\u00e1y ph\u00f9 h\u1ee3p nh\u1ea5t.<\/p>","protected":false},"excerpt":{"rendered":"<p>M\u00e1y gieo c\u00e2y l\u00faa th\u1ef1c hi\u1ec7n vi\u1ec7c c\u1ea5y l\u00faa hi\u1ec7u qu\u1ea3 v\u00e0 ch\u00ednh x\u00e1c, t\u1eeb \u0111\u00f3 c\u1ea3i thi\u1ec7n n\u0103ng su\u1ea5t gieo tr\u1ed3ng l\u00faa.<\/p>","protected":false},"author":1,"featured_media":3038,"parent":0,"comment_status":"closed","ping_status":"closed","template":"","tags":[2607,151],"product-type":[914],"class_list":["post-1235","product","type-product","status-publish","has-post-thumbnail","hentry","tag-nursery","tag-transplanter","product-type-rice-transplanter"],"_links":{"self":[{"href":"https:\/\/www.agriculture-machine.com\/vi\/wp-json\/wp\/v2\/product\/1235","targetHints":{"allow":["GET"]}}],"collection":[{"href":"https:\/\/www.agriculture-machine.com\/vi\/wp-json\/wp\/v2\/product"}],"about":[{"href":"https:\/\/www.agriculture-machine.com\/vi\/wp-json\/wp\/v2\/types\/product"}],"author":[{"embeddable":true,"href":"https:\/\/www.agriculture-machine.com\/vi\/wp-json\/wp\/v2\/users\/1"}],"replies":[{"embeddable":true,"href":"https:\/\/www.agriculture-machine.com\/vi\/wp-json\/wp\/v2\/comments?post=1235"}],"wp:featuredmedia":[{"embeddable":true,"href":"https:\/\/www.agriculture-machine.com\/vi\/wp-json\/wp\/v2\/media\/3038"}],"wp:attachment":[{"href":"https:\/\/www.agriculture-machine.com\/vi\/wp-json\/wp\/v2\/media?parent=1235"}],"wp:term":[{"taxonomy":"post_tag","embeddable":true,"href":"https:\/\/www.agriculture-machine.com\/vi\/wp-json\/wp\/v2\/tags?post=1235"},{"taxonomy":"product-type","embeddable":true,"href":"https:\/\/www.agriculture-machine.com\/vi\/wp-json\/wp\/v2\/product-type?post=1235"}],"curies":[{"name":"wp","href":"https:\/\/api.w.org\/{rel}","templated":true}]}}