{"id":1248,"date":"2018-10-22T07:08:52","date_gmt":"2018-10-21T23:08:52","guid":{"rendered":"https:\/\/www.agriculture-machine.com\/?p=1248"},"modified":"2024-03-19T14:19:52","modified_gmt":"2024-03-19T06:19:52","slug":"sprayer","status":"publish","type":"product","link":"https:\/\/www.agriculture-machine.com\/vi\/sprayer\/","title":{"rendered":"M\u00e1y phun s\u01b0\u01a1ng \u0111eo l\u01b0ng \/ drone tuy\u1ec7t v\u1eddi \/ m\u00e1y phun s\u01b0\u01a1ng \u0111eo l\u01b0ng c\u1ea7m tay solo"},"content":{"rendered":"<h2>Gi\u1edbi thi\u1ec7u v\u1ec1 b\u00ecnh phun c\u1ea7m tay:<\/h2> <p class=\"translation-block\"><a href=\"https:\/\/www.agriculture-machine.com\/vi\/amazing-garden-sprayer-drones-in-agriculture-crop-spraying\/\"><strong>B\u00ecnh phun c\u1ea7m tay<\/strong><\/a> c\u00f3 nhi\u1ec1u \u0111\u1ea7u phun thay th\u1ebf cho nhi\u1ec1u \u1ee9ng d\u1ee5ng. C\u00f3 th\u1ec3 d\u00f9ng cho c\u00e2y \u0103n qu\u1ea3, c\u00e2y tr\u1ed3ng, kh\u1eed tr\u00f9ng n\u00f4ng tr\u1ea1i, v.v. v\u00e0 c\u00f3 \u0111\u1ec7m l\u01b0ng th\u00f4ng h\u01a1i b\u1ea3o v\u1ec7 l\u01b0ng kh\u1ecfi b\u1ecb t\u1ed5n th\u01b0\u01a1ng. B\u00ecnh phun c\u1ea7m tay d\u00f9ng pin n\u00e0y c\u00f3 th\u1ec3 b\u1ea3o v\u1ec7 c\u00e2y tr\u1ed3ng kh\u1ecfi s\u00e2u b\u1ec7nh, t\u0103ng n\u0103ng su\u1ea5t n\u00f4ng tr\u1ea1i v\u00e0 ti\u1ebft ki\u1ec7m th\u1eddi gian lao \u0111\u1ed9ng.<\/p> <p><center><\/center>&nbsp;<\/p> <p><center><img decoding=\"async\" style=\"width: 100%;\" src=\"https:\/\/www.agriculture-machine.com\/wp-content\/uploads\/2018\/10\/backpack-sprayer05.jpg\" alt=\"backpack-sprayer05\" \/><\/center><\/p> <h2>\u01afu \u0111i\u1ec3m c\u1ee7a b\u00ecnh phun c\u1ea7m tay<\/h2> <p class=\"translation-block\">1. This<a href=\"https:\/\/www.agriculture-machine.com\/vi\/gasoline-engine-backpack-sprayer-best-garden-sprayer-spraying-pesticide\/\"> knapsack sprayer<\/a> combined with electric and manual operation can meet the requirements of small farms.<br \/> 2.Easy operation.You can use hand and press push handle if it is out of power,It\u2019s easy to operate<br \/> 3.There is a controllable switch,which will work immediately when you turn on.<br \/> 4.The amount of water mist is adjustable<\/p> <ol start=\"5\"> <li>T\u1ef7 l\u1ec7 di\u1ec7t tr\u1eeb tr\u00ean 95%, c\u00f3 ngh\u0129a l\u00e0 ph\u1ea7n l\u1edbn c\u1ecf s\u00e2u c\u00f3 th\u1ec3 b\u1ecb ti\u00eau di\u1ec7t.<\/li> <li>Drone phun s\u01b0\u01a1ng n\u00e0y c\u00f3 tr\u1ecdng l\u01b0\u1ee3ng nh\u1eb9 gi\u00fap d\u1ec5 mang trong qu\u00e1 tr\u00ecnh v\u1eadn h\u00e0nh.<\/li> <\/ol> <p><center><img decoding=\"async\" style=\"width: 100%;\" src=\"https:\/\/www.agriculture-machine.com\/wp-content\/uploads\/2018\/10\/backpack-sprayer06.jpg\" alt=\"backpack-sprayer06\" \/><\/center><\/p> <h2>L\u00e0m th\u1ebf n\u00e0o \u0111\u1ec3 s\u1eed d\u1ee5ng b\u00ecnh phun c\u1ea7m tay?<\/h2> <p class=\"translation-block\">1.Install the <strong><a href=\"https:\/\/www.agriculture-machine.com\/vi\/gasoline-engine-backpack-sprayer-best-garden-sprayer-spraying-pesticide\/\">knapsack sprayer<\/a> <\/strong>parts correctly. Check the connection for leaking. When using, install the water spray firstly, then refill the medicine.<br \/> 2.Before filling the liquid in the tank, please be sure to turn off the switch to prevent the liquid from leaking out.<br \/> 3.The liquid should be filtered by the filter, and it can not exceed the safe water line<br \/> 4.Put the Backpack sprayer on the back, press up and down button to a certain pressure in the left hand (the number of compression is about 30 times\/min),<\/p> <p><center><img decoding=\"async\" style=\"width: 100%;\" src=\"https:\/\/www.agriculture-machine.com\/wp-content\/uploads\/2018\/10\/backpack-sprayer04.jpg\" alt=\"backpack-sprayer04\" \/><\/center><br \/> 5.B\u00e0n tay ph\u1ea3i gi\u1eef tay c\u1ea7m c\u1ee7a d\u00e0n phun \u0111\u1ec3 m\u1edf c\u00f4ng t\u1eafc v\u00e0 vung d\u00e0n phun theo c\u00e2y tr\u1ed3ng \u0111\u01b0\u1ee3c phun (ho\u1eb7c Khu v\u1ef1c). B\u1ea1n c\u00f3 th\u1ec3 \u0111i\u1ec1u ch\u1ec9nh c\u00f4ng t\u1eafc \u0111\u1ec3 phun v\u00f2i phun theo c\u00e1c h\u01b0\u1edbng kh\u00e1c nhau<br \/> 6.Khi ch\u1ea5t l\u1ecfng \u0111\u01b0\u1ee3c \u0111\u1ed5 \u0111\u1ea7y l\u1ea7n \u0111\u1ea7u ti\u00ean, bu\u1ed3ng kh\u00ed v\u00e0 d\u00e0n phun ch\u1ee9a n\u01b0\u1edbc s\u1ea1ch. \u0110\u1ed3ng th\u1eddi, n\u1ed3ng \u0111\u1ed9 ch\u1ea5t l\u1ecfng trong 2\u20133 ph\u00fat \u0111\u1ea7u ti\u00ean th\u1ea5p. Do \u0111\u00f3, c\u1ea7n ch\u00fa \u00fd phun \u0111\u1ec3 kh\u00f4ng l\u00e0m \u1ea3nh h\u01b0\u1edfng \u0111\u1ebfn hi\u1ec7u qu\u1ea3 phun<br \/> 7. Sau khi c\u00f4ng vi\u1ec7c k\u1ebft th\u00fac, ch\u1ea5t l\u1ecfng c\u00f2n l\u1ea1i trong th\u00f9ng n\u00ean \u0111\u1ed5 ra \u0111\u00fang l\u00fac, v\u00e0 sau \u0111\u00f3 hong kh\u00f4.<br \/> 8.Trong khi \u0111\u00f3, ki\u1ec3m tra xem c\u00f3 n\u01b0\u1edbc trong bu\u1ed3ng kh\u00ed hay kh\u00f4ng. Ng\u01b0\u1eddi v\u1eadn h\u00e0nh n\u00ean th\u00e1o k\u1ebft n\u1ed1i n\u01b0\u1edbc v\u00e0 x\u1ea3 n\u01b0\u1edbc t\u00edch t\u1ee5.<\/p> <p><center><img decoding=\"async\" style=\"width: 100%;\" src=\"https:\/\/www.agriculture-machine.com\/wp-content\/uploads\/2018\/10\/backpack-sprayer07.jpg\" alt=\"backpack-sprayer07\" \/><\/center><\/p> <h2>M\u1ea5t t\u1eadp trung<\/h2> <p>1.Ng\u01b0\u1eddi v\u1eadn h\u00e0nh c\u1ea7n tu\u00e2n th\u1ee7 nghi\u00eam ng\u1eb7t quy tr\u00ecnh s\u1eed d\u1ee5ng thu\u1ed1c tr\u1eeb s\u00e2u theo quy tr\u00ecnh v\u1eadn h\u00e0nh.<br \/> 2.N\u1ebfu b\u00ecnh phun c\u1ea7m tay kh\u00f4ng \u0111\u01b0\u1ee3c s\u1eed d\u1ee5ng trong m\u1ed9t th\u1eddi gian ng\u1eafn, c\u00e1c b\u1ed9 ph\u1eadn ch\u00ednh n\u00ean \u0111\u01b0\u1ee3c l\u00e0m s\u1ea1ch v\u00e0 hong kh\u00f4, r\u1ed3i c\u1ea5t \u1edf n\u01a1i tho\u00e1ng m\u00e1t v\u00e0 kh\u00f4 r\u00e1o.<br \/> 3.B\u1ea1n n\u00ean tra d\u1ea7u m\u1ee1 cho t\u1eebng b\u1ed9 ph\u1eadn kim lo\u1ea1i \u0111\u1ec3 ng\u0103n ng\u1eeba \u0103n m\u00f2n n\u1ebfu kh\u00f4ng s\u1eed d\u1ee5ng trong th\u1eddi gian d\u00e0i,<\/p> <p><center><img decoding=\"async\" style=\"width: 100%;\" src=\"https:\/\/www.agriculture-machine.com\/wp-content\/uploads\/2018\/10\/backpack-sprayer08.jpg\" alt=\"backpack-sprayer08\" \/><\/center><\/p> <h2>Th\u00f4ng s\u1ed1 b\u00ecnh phun c\u1ea7m tay<\/h2> <div class=\"table-responsive\"> <table class=\"table table-striped\"> <tbody> <tr> <td width=\"120\">T\u00ean<\/td> <td width=\"478\">B\u00ecnh phun cho n\u00f4ng nghi\u1ec7p<\/td> <\/tr> <tr> <td width=\"120\">Tr\u1ecdng l\u01b0\u1ee3ng t gross<\/td> <td width=\"478\">5.5KG<\/td> <\/tr> <tr> <td width=\"120\">K\u00edch th\u01b0\u1edbc<\/td> <td width=\"478\">K\u00edch th\u01b0\u1edbc 38*20*49cm<\/td> <\/tr> <tr> <td width=\"120\">Dung t\u00edch<\/td> <td width=\"478\">16L<\/td> <\/tr> <tr> <td width=\"120\">Ch\u1ea5t li\u1ec7u<\/td> <td width=\"478\">B\u00ecnh ch\u1ee9a PP<\/td> <\/tr> <tr> <td width=\"120\">Lo\u1ea1i ngu\u1ed3n \u0111i\u1ec7n<\/td> <td width=\"478\">\u0110i\u1ec7n\/Th\u1ee7 c\u00f4ng\/\u0110i\u1ec7n v\u00e0 Th\u1ee7 c\u00f4ng k\u1ebft h\u1ee3p 2 trong 1 1<\/td> <\/tr> <tr> <td width=\"120\">Logo<\/td> <td width=\"478\">T\u00f9y ch\u1ec9nh<\/td> <\/tr> <tr> <td width=\"120\">\u0110\u1ed9 d\u00e0i  \u1ed1ng<\/td> <td width=\"478\">\u1ed0ng PVC 1,3M<\/td> <\/tr> <tr> <td width=\"120\">Dung t\u00edch t\u00f9y ch\u1ec9nh<\/td> <td width=\"478\">Dung t\u00edch 16L\/18L\/20L<\/td> <\/tr> <tr> <td width=\"120\">\u00c1p l\u1ef1c<\/td> <td width=\"478\">0.15-0.4MPa<\/td> <\/tr> <tr> <td width=\"120\">C\u1ed5 phun (Lance)<\/td> <td width=\"478\">C\u1ed5\/phun b\u1eb1ng th\u00e9p kh\u00f4ng g\u1ec9 c\u00f3 th\u1ec3 \u0111i\u1ec1u ch\u1ec9nh<\/td> <\/tr> <tr> <td width=\"120\">M\u0169i phun<\/td> <td width=\"478\">M\u0169i phun qu\u1ea1t, m\u0169i phun 2 l\u1ed7, m\u0169i phun 1 l\u1ed7, gi\u1ed1ng nh\u01b0 t\u00fai ph\u1ee5 ki\u1ec7n c\u1ee7a b\u00ecnh phun<\/td> <\/tr> <tr> <td width=\"120\">Pin<\/td> <td width=\"478\">\u1eaec quy ch\u00ec axit 12V8AH\/10AH\/12AH<\/td> <\/tr> <tr> <td width=\"120\">B\u01a1m<\/td> <td width=\"478\">B\u01a1m t\u1ef1 \u0111\u1ed9ng\/ B\u01a1m h\u1ed3i l\u01b0u<\/td> <\/tr> <tr> <td width=\"120\">S\u1ea1c<\/td> <td width=\"478\">\u0110\u1ea7u v\u00e0o: 110V-240V AC \u00a0\u0111\u1ea7u ra: 12V1.0A<\/p> <p>\u0110\u1ea7u v\u00e0o: 110V-240V AC \u00a0\u0111\u1ea7u ra: 12V1.7A<\/td> <\/tr> <tr> <td rowspan=\"2\" width=\"120\">Th\u1eddi gian l\u00e0m vi\u1ec7c<\/td> <td width=\"478\">Sau khi s\u1ea1c 10 gi\u1edd b\u1eb1ng 12V, 8Ah pin axit ch\u00ec, n\u00f3 c\u00f3 th\u1ec3 ho\u1ea1t \u0111\u1ed9ng \u0111\u01b0\u1ee3c 4-5 gi\u1edd<\/td> <\/tr> <tr> <td width=\"478\">Sau khi s\u1ea1c 10 gi\u1edd b\u1eb1ng 12V, 10Ah pin axit ch\u00ec, n\u00f3 c\u00f3 th\u1ec3 ho\u1ea1t \u0111\u1ed9ng \u0111\u01b0\u1ee3c 6-7 gi\u1edd<\/td> <\/tr> <\/tbody> <\/table> <\/div> <p class=\"translation-block\"><img decoding=\"async\" style=\"width: 400px; float: left; margin-right: 10px;\" src=\"https:\/\/www.agriculture-machine.com\/wp-content\/uploads\/2018\/10\/backpack-sprayer01.jpg\" alt=\"backpack-sprayer01\" \/><img decoding=\"async\" style=\"width: 400px;\" src=\"https:\/\/www.agriculture-machine.com\/wp-content\/uploads\/2018\/10\/backpack-sprayer02.jpg\" alt=\"backpack-sprayer02\" \/><br \/> we also have <a href=\"https:\/\/www.agriculture-machine.com\/vi\/amazing-garden-sprayer-drones-in-agriculture-crop-spraying\/\">drone sprayer<\/a> with higher capacity that is designed by advanced technology,please click the following link about this sprayer to get more information:<br \/> <a href=\"https:\/\/www.agriculture-machine.com\/vi\/amazing-garden-sprayer-drones-in-agriculture-crop-spraying\/\">https:\/\/www.agriculture-machine.com\/agricultural-drone-sprayer-in-china\/<\/a><\/p> <h2>Tr\u01b0\u1eddng h\u1ee3p th\u00e0nh c\u00f4ng c\u1ee7a m\u00e1y phun s\u01b0\u01a1ng \u0111eo l\u01b0ng<\/h2> <p class=\"translation-block\">V\u00e0o th\u00e1ng 3 n\u0103m 2019, ch\u00fang t\u00f4i \u0111\u00e3 b\u00e1n 200 b\u1ed9<a href=\"https:\/\/www.agriculture-machine.com\/vi\/gasoline-engine-backpack-sprayer-best-garden-sprayer-spraying-pesticide\/\"><strong> b\u00ecnh phun backpack<\/strong> <\/a>| cho Ghana. Kh\u00e1ch h\u00e0ng tr\u01b0\u1edbc ti\u00ean \u0111\u1ebfn th\u0103m nh\u00e0 m\u00e1y c\u1ee7a ch\u00fang t\u00f4i \u0111\u1ec3 th\u1eed nghi\u1ec7m, sau \u0111\u00f3 \u0111\u00e0m ph\u00e1n v\u1edbi ch\u00fang t\u00f4i v\u1ec1 chi ti\u1ebft c\u1ee7a b\u00ecnh phun. Sau khi \u0111\u1ea3m b\u1ea3o ch\u1ea5t l\u01b0\u1ee3ng c\u1ee7a b\u00ecnh phun backpack c\u00f3 pin, \u00f4ng \u1ea5y \u0111\u00e3 \u0111\u1eb7t m\u1ed9t s\u1ed1 l\u01b0\u1ee3ng l\u1edbn t\u1eeb ch\u00fang t\u00f4i, v\u00e0 c\u00e1c h\u00ecnh \u1ea3nh sau \u0111\u00e2y l\u00e0 nh\u1eefng h\u00ecnh \u1ea3nh v\u1ec1 n\u00f3.<\/p> <p><img loading=\"lazy\" decoding=\"async\" class=\"alignnone size-full wp-image-4051\" src=\"https:\/\/www.agriculture-machine.com\/wp-content\/uploads\/2018\/10\/garden-sprayer-6.jpg\" alt=\"\" width=\"750\" height=\"750\" srcset=\"https:\/\/www.agriculture-machine.com\/wp-content\/uploads\/2018\/10\/garden-sprayer-6.jpg 750w, https:\/\/www.agriculture-machine.com\/wp-content\/uploads\/2018\/10\/garden-sprayer-6-270x270.jpg 270w, https:\/\/www.agriculture-machine.com\/wp-content\/uploads\/2018\/10\/garden-sprayer-6-540x540.jpg 540w\" sizes=\"auto, (max-width: 750px) 100vw, 750px\" \/><\/p> <p><img loading=\"lazy\" decoding=\"async\" class=\"alignnone size-full wp-image-4048\" src=\"https:\/\/www.agriculture-machine.com\/wp-content\/uploads\/2018\/10\/garden-sprayer-3.jpg\" alt=\"\" width=\"750\" height=\"750\" srcset=\"https:\/\/www.agriculture-machine.com\/wp-content\/uploads\/2018\/10\/garden-sprayer-3.jpg 750w, https:\/\/www.agriculture-machine.com\/wp-content\/uploads\/2018\/10\/garden-sprayer-3-270x270.jpg 270w, https:\/\/www.agriculture-machine.com\/wp-content\/uploads\/2018\/10\/garden-sprayer-3-540x540.jpg 540w\" sizes=\"auto, (max-width: 750px) 100vw, 750px\" \/><\/p> <p><img loading=\"lazy\" decoding=\"async\" class=\"alignnone size-full wp-image-4047\" src=\"https:\/\/www.agriculture-machine.com\/wp-content\/uploads\/2018\/10\/garden-sprayer-2.jpg\" alt=\"\" width=\"750\" height=\"750\" srcset=\"https:\/\/www.agriculture-machine.com\/wp-content\/uploads\/2018\/10\/garden-sprayer-2.jpg 750w, https:\/\/www.agriculture-machine.com\/wp-content\/uploads\/2018\/10\/garden-sprayer-2-270x270.jpg 270w, https:\/\/www.agriculture-machine.com\/wp-content\/uploads\/2018\/10\/garden-sprayer-2-540x540.jpg 540w\" sizes=\"auto, (max-width: 750px) 100vw, 750px\" \/><\/p>","protected":false},"excerpt":{"rendered":"<p>Introduction of backpack sprayer: Backpack sprayer has a variety of replacement nozzles for a wide range of applications.It can be used for fruit trees, crops,farm disinfection,etc. there is breathable back cushion to protect the bac of operator\u00a0from damage.\u00a0This\u00a0battery backpack sprayer can effectively the pest on the plant, improving the farm yield and saving labor time. [&hellip;]<\/p>\n","protected":false},"author":1,"featured_media":2026,"parent":0,"comment_status":"open","ping_status":"open","template":"","tags":[136],"product-type":[920,1],"class_list":["post-1248","product","type-product","status-publish","has-post-thumbnail","hentry","tag-sprayer","product-type-drone-sprayer","product-type-other"],"_links":{"self":[{"href":"https:\/\/www.agriculture-machine.com\/vi\/wp-json\/wp\/v2\/product\/1248","targetHints":{"allow":["GET"]}}],"collection":[{"href":"https:\/\/www.agriculture-machine.com\/vi\/wp-json\/wp\/v2\/product"}],"about":[{"href":"https:\/\/www.agriculture-machine.com\/vi\/wp-json\/wp\/v2\/types\/product"}],"author":[{"embeddable":true,"href":"https:\/\/www.agriculture-machine.com\/vi\/wp-json\/wp\/v2\/users\/1"}],"replies":[{"embeddable":true,"href":"https:\/\/www.agriculture-machine.com\/vi\/wp-json\/wp\/v2\/comments?post=1248"}],"wp:featuredmedia":[{"embeddable":true,"href":"https:\/\/www.agriculture-machine.com\/vi\/wp-json\/wp\/v2\/media\/2026"}],"wp:attachment":[{"href":"https:\/\/www.agriculture-machine.com\/vi\/wp-json\/wp\/v2\/media?parent=1248"}],"wp:term":[{"taxonomy":"post_tag","embeddable":true,"href":"https:\/\/www.agriculture-machine.com\/vi\/wp-json\/wp\/v2\/tags?post=1248"},{"taxonomy":"product-type","embeddable":true,"href":"https:\/\/www.agriculture-machine.com\/vi\/wp-json\/wp\/v2\/product-type?post=1248"}],"curies":[{"name":"wp","href":"https:\/\/api.w.org\/{rel}","templated":true}]}}