{"id":12579,"date":"2022-01-21T17:00:56","date_gmt":"2022-01-21T09:00:56","guid":{"rendered":"https:\/\/www.agriculture-machine.com\/?p=12579"},"modified":"2024-03-19T14:20:11","modified_gmt":"2024-03-19T06:20:11","slug":"peanut-groundnut-shell-removing-machine","status":"publish","type":"product","link":"https:\/\/www.agriculture-machine.com\/vi\/peanut-groundnut-shell-removing-machine\/","title":{"rendered":"M\u00e1y t\u00e1ch v\u1ecf \u0111\u1eadu groundnut"},"content":{"rendered":"<p>Vi\u1ec7c s\u1eed d\u1ee5ng m\u00e1y b\u00f3c v\u1ecf \u0111\u1eadu ph\u1ed9ng ng\u00e0y c\u00e0ng t\u0103ng. \u0110i\u1ec1u n\u00e0y l\u00e0 do \u0111\u1eadu ph\u1ed9ng l\u00e0 m\u1ed9t trong nh\u1eefng c\u00e2y tr\u1ed3ng d\u1ea7u. V\u00e0 m\u1ecdi ng\u01b0\u1eddi c\u00f3 th\u1ec3 \u0103n sau x\u1eed l\u00fd \u0111\u01a1n gi\u1ea3n. B\u01b0\u1edbc \u0111\u1ea7u ti\u00ean trong ch\u1ebf bi\u1ebfn \u0111\u1eadu ph\u1ed9ng l\u00e0 lo\u1ea1i b\u1ecf v\u1ecf \u0111\u1eadu.<\/p>    <figure class=\"wp-block-image aligncenter size-full\"><img loading=\"lazy\" decoding=\"async\" width=\"720\" height=\"540\" src=\"https:\/\/www.agriculture-machine.com\/wp-content\/uploads\/2022\/01\/peanut-shell-removing-machine-for-sale.webp\" alt=\"m\u00e1y b\u00f3c v\u1ecf \u0111\u1eadu ph\u1ed9ng \u0111\u1ec3 b\u00e1n\" class=\"wp-image-15636\" srcset=\"https:\/\/www.agriculture-machine.com\/wp-content\/uploads\/2022\/01\/peanut-shell-removing-machine-for-sale.webp 720w, https:\/\/www.agriculture-machine.com\/wp-content\/uploads\/2022\/01\/peanut-shell-removing-machine-for-sale-360x270.webp 360w, https:\/\/www.agriculture-machine.com\/wp-content\/uploads\/2022\/01\/peanut-shell-removing-machine-for-sale-240x180.webp 240w\" sizes=\"auto, (max-width: 720px) 100vw, 720px\" \/><figcaption class=\"wp-element-caption\">m\u00e1y b\u00f3c v\u1ecf \u0111\u1eadu ph\u1ed9ng \u0111\u1ec3 b\u00e1n<\/figcaption><\/figure>    <p class=\"translation-block\">Hi\u1ec7n nay, di\u1ec7n t\u00edch tr\u1ed3ng \u0111\u1eadu ph\u1ed9ng l\u1edbn v\u00e0 n\u0103ng su\u1ea5t cao. Do \u0111\u00f3, b\u00f3c v\u1ecf \u0111\u1eadu ph\u1ed9ng th\u1ee7 c\u00f4ng s\u1ebd ti\u00eau t\u1ed1n nhi\u1ec1u nh\u00e2n l\u1ef1c v\u00e0 th\u1eddi gian. S\u1eed d\u1ee5ng m\u00e1y b\u00f3c v\u1ecf \u0111\u1eadu ph\u1ed9ng c\u00f3 th\u1ec3 gi\u1ea3i quy\u1ebft v\u1ea5n \u0111\u1ec1 n\u00e0y. Gi\u00fap m\u1ecdi ng\u01b0\u1eddi ti\u1ebft ki\u1ec7m th\u1eddi gian v\u00e0 n\u00e2ng cao hi\u1ec7u qu\u1ea3 c\u00f4ng vi\u1ec7c. \u0110\u1eadu ph\u1ed9ng sau khi ch\u1ebf bi\u1ebfn c\u00f3 \u00edt t\u1ea1p ch\u1ea5t h\u01a1n v\u00e0 t\u1ef7 l\u1ec7 v\u1ee1 th\u1ea5p h\u01a1n. V\u00e0 m\u1ecdi ng\u01b0\u1eddi c\u00f3 th\u1ec3 \u00e9p d\u1ea7u b\u1eb1ng m\u00e1y \u00e9p d\u1ea7u tr\u1ee5c <strong><em>m\u00e1y \u00e9p d\u1ea7u tr\u1ee5c<\/em><\/strong>.<\/p>    <p class=\"translation-block\">Trong khi \u0111\u00f3, ch\u00fang t\u00f4i c\u0169ng c\u00f3 c\u00e1c lo\u1ea1i m\u00e1y b\u00f3c v\u1ecf \u0111\u1eadu ph\u1ed9ng kh\u00e1c, vui l\u00f2ng nh\u1ea5p \u0111\u1ec3 xem chi ti\u1ebft: <a href=\"https:\/\/www.agriculture-machine.com\/vi\/peanut-groundmut-sheller-removing-machine\/\"><strong><em>M\u00e1y b\u00f3c v\u1ecf \u0111\u1eadu ph\u1ed9ng | lo\u1ea1i b\u1ecf v\u1ecf l\u1ea1c<\/em><\/strong><\/a>, <a href=\"https:\/\/www.agriculture-machine.com\/vi\/peanut-groundmut-sheller-removing-machine\/\"><strong><em>M\u00e1y b\u00f3c v\u1ecf \u0111\u1eadu ph\u1ed9ng | lo\u1ea1i b\u1ecf v\u1ecf l\u1ea1c<\/em><\/strong><\/a>, v\u00e0 <a href=\"https:\/\/www.agriculture-machine.com\/vi\/peanut-sheller\/\"><strong><em>Nh\u00e0 m\u00e1y b\u00f3c v\u1ecf \u0111\u1eadu ph\u1ed9ng \/ nh\u00e0 m\u00e1y ch\u1ebf bi\u1ebfn v\u1ecf l\u1ea1c<\/em><\/strong><\/a>.<\/p>    <h2 class=\"wp-block-heading\" id=\"h-introduction-of-the-peanut-shell-removing-machine\">Gi\u1edbi thi\u1ec7u m\u00e1y b\u00f3c v\u1ecf \u0111\u1eadu ph\u1ed9ng<\/h2>    <p>M\u00e1y b\u00f3c v\u1ecf \u0111\u1eadu ph\u1ed9ng l\u00e0 thi\u1ebft b\u1ecb c\u00f3 th\u1ec3 l\u00e0m s\u1ea1ch v\u1ecf \u0111\u1eadu. Ch\u00fang t\u00f4i c\u00f3 c\u00e1c m\u1eabu m\u00e1y ho\u00e0n ch\u1ec9nh. V\u00e0 c\u00e1c m\u1eabu kh\u00e1c nhau c\u00f3 c\u00f4ng su\u1ea5t kh\u00e1c nhau. \u0110o\u1ea1n n\u00e0y n\u00f3i v\u1ec1 m\u00e1y b\u00f3c v\u1ecf \u0111\u1eadu ph\u1ed9ng TBH-200, c\u00f3 th\u1ec3 x\u1eed l\u00fd 200kg \u0111\u1eadu ph\u1ed9ng m\u1ed7i gi\u1edd.<\/p>    <p>M\u00e1y b\u00f3c v\u1ecf \u0111\u1eadu ph\u1ed9ng c\u00f3 \u01b0u \u0111i\u1ec3m nh\u1ecf g\u1ecdn, nh\u1eb9, d\u1ec5 di chuy\u1ec3n, d\u1ec5 l\u1eafp \u0111\u1eb7t, n\u0103ng su\u1ea5t cao v\u00e0 hi\u1ec7u qu\u1ea3 l\u00e0m s\u1ea1ch t\u1ed1t. V\u00ec v\u1eady, b\u1ea1n c\u0169ng c\u00f3 th\u1ec3 mang m\u00e1y n\u00e0y ra \u0111\u1ed3ng \u0111\u1ec3 l\u00e0m vi\u1ec7c. \u0110\u1ed1i v\u1edbi m\u00e1y b\u00f3c v\u1ecf \u0111\u1eadu ph\u1ed9ng TBH-200, c\u00f3 m\u1ed9t m\u00e0n h\u00ecnh. V\u00e0 ch\u00fang t\u00f4i c\u00f3 c\u00e1c m\u00e0n h\u00ecnh kh\u00e1c nhau c\u00f3 c\u00e1c khe h\u1edf kh\u00e1c nhau. Ch\u00fang t\u00f4i s\u1ebd \u0111\u1ec1 xu\u1ea5t cho b\u1ea1n m\u1ed9t m\u00e0n h\u00ecnh ph\u00f9 h\u1ee3p. V\u1ec1 ngu\u1ed3n \u0111i\u1ec7n, m\u00e1y b\u00f3c v\u1ecf \u0111\u1eadu ph\u1ed9ng c\u1ee7a ch\u00fang t\u00f4i c\u00f3 th\u1ec3 ho\u1ea1t \u0111\u1ed9ng v\u1edbi \u0111\u1ed9ng c\u01a1 \u0111i\u1ec7n ho\u1eb7c \u0111\u1ed9ng c\u01a1 x\u0103ng.<\/p>    <figure class=\"wp-block-image aligncenter size-full\"><img loading=\"lazy\" decoding=\"async\" width=\"720\" height=\"540\" src=\"https:\/\/www.agriculture-machine.com\/wp-content\/uploads\/2022\/01\/q1-1.jpg\" alt=\"\" class=\"wp-image-12585\" srcset=\"https:\/\/www.agriculture-machine.com\/wp-content\/uploads\/2022\/01\/q1-1.jpg 720w, https:\/\/www.agriculture-machine.com\/wp-content\/uploads\/2022\/01\/q1-1-360x270.jpg 360w, https:\/\/www.agriculture-machine.com\/wp-content\/uploads\/2022\/01\/q1-1-240x180.jpg 240w\" sizes=\"auto, (max-width: 720px) 100vw, 720px\" \/><figcaption class=\"wp-element-caption\"> m\u00e1y b\u00f3c v\u1ecf \u0111\u1eadu ph\u1ed9ng <\/figcaption><\/figure>    <h2 class=\"wp-block-heading\">C\u1ea5u tr\u00fac c\u1ee7a m\u00e1y b\u00f3c v\u1ecf \u0111\u1eadu ph\u1ed9ng<\/h2>    <p>M\u00e1y b\u00f3c v\u1ecf \u0111\u1eadu ph\u1ed9ng ch\u1ee7 y\u1ebfu g\u1ed3m c\u00f3 c\u1eeda v\u00e0o, s\u00e0ng, tr\u1ee5c, tr\u1ee5c quay, l\u1ed1i ra h\u1ea1t \u0111\u1eadu, qu\u1ea1t, ngu\u1ed3n \u0111i\u1ec7n (\u0111\u1ed9ng c\u01a1 \u0111i\u1ec7n, \u0111\u1ed9ng c\u01a1 x\u0103ng), v.v.<\/p>    <figure class=\"wp-block-image aligncenter size-full\"><img loading=\"lazy\" decoding=\"async\" width=\"720\" height=\"540\" src=\"https:\/\/www.agriculture-machine.com\/wp-content\/uploads\/2022\/01\/\u5728\u6587\u7ae0\u91cc720540-1.jpg\" alt=\"m\u00e1y b\u00f3c v\u1ecf \u0111\u1eadu ph\u1ed9ng\" class=\"wp-image-12589\" title=\"m\u00e1y b\u00f3c v\u1ecf \u0111\u1eadu ph\u1ed9ng\" srcset=\"https:\/\/www.agriculture-machine.com\/wp-content\/uploads\/2022\/01\/\u5728\u6587\u7ae0\u91cc720540-1.jpg 720w, https:\/\/www.agriculture-machine.com\/wp-content\/uploads\/2022\/01\/\u5728\u6587\u7ae0\u91cc720540-1-360x270.jpg 360w, https:\/\/www.agriculture-machine.com\/wp-content\/uploads\/2022\/01\/\u5728\u6587\u7ae0\u91cc720540-1-240x180.jpg 240w\" sizes=\"auto, (max-width: 720px) 100vw, 720px\" \/><figcaption class=\"wp-element-caption\"> m\u00e1y b\u00f3c v\u1ecf \u0111\u1eadu ph\u1ed9ng <\/figcaption><\/figure>    <h2 class=\"wp-block-heading\">Quy tr\u00ecnh l\u00e0m vi\u1ec7c c\u1ee7a m\u00e1y b\u00f3c v\u1ecf \u0111\u1eadu ph\u1ed9ng<\/h2>    <ol class=\"wp-block-list\"> <li>Tr\u01b0\u1edbc ti\u00ean, kh\u1edfi \u0111\u1ed9ng m\u00e1y b\u00f3c v\u1ecf \u0111\u1eadu ph\u1ed9ng. Sau \u0111\u00f3 cho \u0111\u1eadu v\u00e0o c\u1eeda v\u00e0o theo s\u1ed1 l\u01b0\u1ee3ng, \u0111\u1ec1u v\u00e0 li\u00ean t\u1ee5c.<\/li>    <li>Th\u1ee9 hai, v\u1ecf \u0111\u1eadu b\u1ecb v\u1ee1 d\u01b0\u1edbi t\u00e1c \u0111\u1ed9ng c\u1ee7a c\u00e1c c\u00fa \u0111\u00e1nh l\u1eb7p \u0111i l\u1eb7p l\u1ea1i, ma s\u00e1t v\u00e0 va ch\u1ea1m c\u1ee7a rotor.<\/li>    <li>Th\u1ee9 ba, d\u01b0\u1edbi \u00e1p l\u1ef1c gi\u00f3 quay v\u00e0 th\u1ed5i c\u1ee7a rotor, h\u1ea1t \u0111\u1eadu v\u00e0 v\u1ecf \u0111\u1eadu v\u1ee1 s\u1ebd \u0111i qua m\u1ed9t m\u00e0n h\u00ecnh.<\/li>    <li>Sau \u0111\u00f3, qu\u1ea1t quay s\u1ebd th\u1ed5i v\u1ecf \u0111\u1eadu ra kh\u1ecfi m\u00e1y b\u00f3c v\u1ecf \u0111\u1eadu. H\u1ea1t \u0111\u1eadu s\u1ebd \u0111\u01b0\u1ee3c s\u00e0ng qua s\u00e0ng rung \u0111\u1ec3 \u0111\u1ea1t m\u1ee5c \u0111\u00edch l\u00e0m s\u1ea1ch.<\/li> <\/ol>    <h2 class=\"wp-block-heading\">Video ho\u1ea1t \u0111\u1ed9ng c\u1ee7a m\u00e1y b\u00f3c v\u1ecf \u0111\u1eadu ph\u1ed9ng<\/h2>    <figure class=\"wp-block-embed is-type-video is-provider-youtube wp-block-embed-youtube wp-embed-aspect-16-9 wp-has-aspect-ratio\"><div class=\"wp-block-embed__wrapper\"> <iframe loading=\"lazy\" title=\"Video ph\u1ea3n h\u1ed3i c\u1ee7a m\u00e1y t\u00e1ch v\u1ecf \u0111\u1eadu ph\u1ed9ng \/ m\u00e1y b\u00f3c v\u1ecf \u0111\u1eadu ph\u1ed9ng\" width=\"500\" height=\"281\" src=\"https:\/\/www.youtube.com\/embed\/dxo5IU9mOk4?feature=oembed\" frameborder=\"0\" allow=\"accelerometer; autoplay; clipboard-write; encrypted-media; gyroscope; picture-in-picture; web-share\" referrerpolicy=\"strict-origin-when-cross-origin\" allowfullscreen><\/iframe> <\/div><figcaption class=\"wp-element-caption\"> Video ho\u1ea1t \u0111\u1ed9ng c\u1ee7a m\u00e1y b\u00f3c v\u1ecf \u0111\u1eadu ph\u1ed9ng <\/figcaption><\/figure>    <h2 class=\"wp-block-heading\">Th\u00f4ng s\u1ed1 k\u1ef9 thu\u1eadt c\u1ee7a m\u00e1y b\u00f3c v\u1ecf l\u1ea1c<\/h2>    <figure class=\"wp-block-table is-style-stripes\"><table><tbody><tr><td>M\u1eabu<\/td><td>TBH-200<\/td><\/tr><tr><td>C\u00f4ng su\u1ea5t<\/td><td>\u0111\u1ed9ng c\u01a1 x\u0103ng ho\u1eb7c \u0111\u1ed9ng c\u01a1 \u0111i\u1ec7n<\/td><\/tr><tr><td>Dung t\u00edch<\/td><td>200-300kg\/h<\/td><\/tr><tr><td>Tr\u1ecdng l\u01b0\u1ee3ng<\/td><td>65kg<\/td><\/tr><tr><td>K\u00edch th\u01b0\u1edbc<\/td><td>650*560*1000mm<\/td><\/tr><tr><td>MOQ<\/td><td>10 chi\u1ebfc<\/td><\/tr><\/tbody><\/table><figcaption class=\"wp-element-caption\"> Th\u00f4ng s\u1ed1 k\u1ef9 thu\u1eadt c\u1ee7a m\u00e1y b\u00f3c v\u1ecf l\u1ea1c <\/figcaption><\/figure>    <h2 class=\"wp-block-heading\">\u01afu \u0111i\u1ec3m c\u1ee7a m\u00e1y b\u00f3c v\u1ecf \u0111\u1eadu ph\u1ed9ng<\/h2>    <ol class=\"wp-block-list\"> <li>N\u0103ng su\u1ea5t cao. c\u00f4ng su\u1ea5t 200-300kg\/h. V\u00e0 b\u00f3c v\u1ecf s\u1ea1ch s\u1ebd. \u0110\u1eadu ph\u1ed9ng sau khi b\u00f3c v\u1ecf g\u1ea7n nh\u01b0 kh\u00f4ng c\u00f3 t\u1ea1p ch\u1ea5t.<\/li>    <li>T\u1ef7 l\u1ec7 t\u1ed5n th\u1ea5t th\u1ea5p v\u00e0 t\u1ef7 l\u1ec7 v\u1ee1 nh\u1ecf. C\u00f3 r\u1ea5t \u00edt h\u1ea1t \u0111\u1eadu ph\u1ed9ng b\u1ecb v\u1ee1.<\/li>    <li>C\u1ea5u tr\u00fac \u0111\u01a1n gi\u1ea3n, s\u1eed d\u1ee5ng \u0111\u00e1ng tin c\u1eady. M\u00e1y b\u00f3c v\u1ecf \u0111\u1eadu ph\u1ed9ng c\u00f3 tu\u1ed5i th\u1ecd d\u00e0i.<\/li>    <li>\u0110i\u1ec1u ch\u1ec9nh thu\u1eadn ti\u1ec7n, ti\u00eau th\u1ee5 \u0111i\u1ec7n n\u0103ng th\u1ea5p.&nbsp;<\/li> <\/ol>    <figure class=\"wp-block-image aligncenter size-full\"><img loading=\"lazy\" decoding=\"async\" width=\"720\" height=\"540\" src=\"https:\/\/www.agriculture-machine.com\/wp-content\/uploads\/2022\/01\/\u6587\u7ae0\u91cc-1.jpg\" alt=\"m\u00e1y b\u00f3c v\u1ecf \u0111\u1eadu ph\u1ed9ng\" class=\"wp-image-12590\" title=\"m\u00e1y b\u00f3c v\u1ecf \u0111\u1eadu ph\u1ed9ng\" srcset=\"https:\/\/www.agriculture-machine.com\/wp-content\/uploads\/2022\/01\/\u6587\u7ae0\u91cc-1.jpg 720w, https:\/\/www.agriculture-machine.com\/wp-content\/uploads\/2022\/01\/\u6587\u7ae0\u91cc-1-360x270.jpg 360w, https:\/\/www.agriculture-machine.com\/wp-content\/uploads\/2022\/01\/\u6587\u7ae0\u91cc-1-240x180.jpg 240w\" sizes=\"auto, (max-width: 720px) 100vw, 720px\" \/><figcaption class=\"wp-element-caption\"> m\u00e1y b\u00f3c v\u1ecf \u0111\u1eadu ph\u1ed9ng <\/figcaption><\/figure>    <h2 class=\"wp-block-heading\">C\u00e1c l\u01b0u \u00fd c\u1ee7a m\u00e1y b\u00f3c v\u1ecf l\u1ea1c<\/h2>    <p>1. Tr\u01b0\u1edbc khi s\u1eed d\u1ee5ng, ki\u1ec3m tra xem c\u00e1c \u1ed1c v\u00edt c\u00f3 ch\u1eb7t kh\u00f4ng. C\u00e1c b\u1ed9 ph\u1eadn quay c\u00f3 linh ho\u1ea1t kh\u00f4ng v\u00e0 c\u00f3 d\u1ea7u b\u00f4i tr\u01a1n trong c\u00e1c \u1ed5 tr\u1ee5c kh\u00f4ng.<\/p>    <p>2. Ch\u00fang ta n\u00ean cho \u0111\u1eadu ph\u1ed9ng \u0111\u1ec1u v\u00e0 ph\u00f9 h\u1ee3p. V\u1eadt li\u1ec7u kh\u00f4ng n\u00ean ch\u1ee9a s\u1eaft v\u1ee5n, \u0111\u00e1 v\u00e0 c\u00e1c t\u1ea1p ch\u1ea5t kh\u00e1c \u0111\u1ec3 tr\u00e1nh l\u00e0m v\u1ee1 \u0111\u1eadu ph\u1ed9ng v\u00e0 g\u00e2y ra s\u1ef1 c\u1ed1 c\u01a1 kh\u00ed.<\/p>    <p>3. Tr\u01b0\u1edbc khi l\u01b0u tr\u1eef m\u00e1y, lo\u1ea1i b\u1ecf b\u1ee5i b\u1ea9n, \u0111\u1ea5t v\u00e0 h\u1ea1t c\u00f2n l\u1ea1i tr\u00ean b\u1ec1 m\u1eb7t m\u00e1y. Sau \u0111\u00f3 s\u01a1n l\u1ea1i c\u00e1c b\u1ed9 ph\u1eadn \u0111\u00e3 s\u01a1n. Khi s\u01a1n kh\u00f4, ph\u1ee7 k\u00edn m\u00e1y v\u00e0 l\u01b0u tr\u1eef trong kho kh\u00f4 r\u00e1o. Ch\u00fang ta n\u00ean th\u00e1o d\u00e2y \u0111ai v\u00e0 treo n\u00f3 tr\u00ean t\u01b0\u1eddng trong nh\u00e0 kh\u00f4ng b\u1ecb ph\u01a1i n\u1eafng.<\/p>    <h2 class=\"wp-block-heading\">Li\u00ean h\u1ec7 v\u1edbi ch\u00fang t\u00f4i b\u1ea5t c\u1ee9 l\u00fac n\u00e0o<\/h2>    <p>N\u1ebfu b\u1ea1n quan t\u00e2m \u0111\u1ebfn m\u00e1y b\u00f3c v\u1ecf \u0111\u1eadu ph\u1ed9ng nh\u1ecf ti\u00ean ti\u1ebfn c\u1ee7a ch\u00fang t\u00f4i, vui l\u00f2ng li\u00ean h\u1ec7 v\u1edbi \u0111\u1ed9i ng\u0169 chuy\u00ean nghi\u1ec7p c\u1ee7a ch\u00fang t\u00f4i \u0111\u1ec3 bi\u1ebft th\u00eam chi ti\u1ebft. H\u01a1n n\u1eefa, ch\u00fang t\u00f4i nhi\u1ec7t li\u1ec7t ch\u00e0o \u0111\u00f3n b\u1ea1n \u0111\u1ebfn th\u0103m nh\u00e0 m\u00e1y c\u1ee7a ch\u00fang t\u00f4i v\u00e0 tr\u1ea3i nghi\u1ec7m hi\u1ec7u su\u1ea5t c\u1ee7a c\u00e1c m\u00e1y m\u00f3c c\u1ee7a ch\u00fang t\u00f4i. Ch\u00fang t\u00f4i mong mu\u1ed1n cung c\u1ea5p cho b\u1ea1n c\u00e1c s\u1ea3n ph\u1ea9m v\u00e0 d\u1ecbch v\u1ee5 ch\u1ea5t l\u01b0\u1ee3ng t\u1ed1t nh\u1ea5t!<\/p>","protected":false},"excerpt":{"rendered":"<p>M\u00e1y b\u00f3c v\u1ecf \u0111\u1eadu ph\u1ed9ng n\u00e0y l\u00e0 m\u1ed9t m\u00e1y hi\u1ec7u qu\u1ea3 v\u00e0 ti\u1ec7n l\u1ee3i d\u00e0nh cho n\u00f4ng d\u00e2n quy m\u00f4 nh\u1ecf v\u00e0 c\u00e1c nh\u00e0 m\u00e1y ch\u1ebf bi\u1ebfn. Thi\u1ebft k\u1ebf nh\u1ecf g\u1ecdn v\u00e0 hi\u1ec7u su\u1ea5t m\u1ea1nh m\u1ebd l\u00e0m cho n\u00f3 l\u00fd t\u01b0\u1edfng \u0111\u1ec3 b\u00f3c v\u1ecf \u0111\u1eadu ph\u1ed9ng. <\/p>","protected":false},"author":1,"featured_media":12584,"parent":0,"comment_status":"closed","ping_status":"closed","template":"","tags":[548,649,520,107,108,519,2450],"product-type":[895],"class_list":["post-12579","product","type-product","status-publish","has-post-thumbnail","hentry","tag-groundnut-shell-removing-machine","tag-groundnut-shelling","tag-groundnut-shelling-machine","tag-peanut-sheller","tag-peanut-sheller-machine","tag-peanut-shelling-machine","tag-peanut-shelling-machine-for-home","product-type-peanut-sheller"],"_links":{"self":[{"href":"https:\/\/www.agriculture-machine.com\/vi\/wp-json\/wp\/v2\/product\/12579","targetHints":{"allow":["GET"]}}],"collection":[{"href":"https:\/\/www.agriculture-machine.com\/vi\/wp-json\/wp\/v2\/product"}],"about":[{"href":"https:\/\/www.agriculture-machine.com\/vi\/wp-json\/wp\/v2\/types\/product"}],"author":[{"embeddable":true,"href":"https:\/\/www.agriculture-machine.com\/vi\/wp-json\/wp\/v2\/users\/1"}],"replies":[{"embeddable":true,"href":"https:\/\/www.agriculture-machine.com\/vi\/wp-json\/wp\/v2\/comments?post=12579"}],"wp:featuredmedia":[{"embeddable":true,"href":"https:\/\/www.agriculture-machine.com\/vi\/wp-json\/wp\/v2\/media\/12584"}],"wp:attachment":[{"href":"https:\/\/www.agriculture-machine.com\/vi\/wp-json\/wp\/v2\/media?parent=12579"}],"wp:term":[{"taxonomy":"post_tag","embeddable":true,"href":"https:\/\/www.agriculture-machine.com\/vi\/wp-json\/wp\/v2\/tags?post=12579"},{"taxonomy":"product-type","embeddable":true,"href":"https:\/\/www.agriculture-machine.com\/vi\/wp-json\/wp\/v2\/product-type?post=12579"}],"curies":[{"name":"wp","href":"https:\/\/api.w.org\/{rel}","templated":true}]}}